{"id":1074,"date":"2016-08-11T12:35:27","date_gmt":"2016-08-11T12:35:27","guid":{"rendered":"https:\/\/www.sprachschule-aktiv.ch\/home-3-corporate\/"},"modified":"2023-01-16T22:35:34","modified_gmt":"2023-01-16T21:35:34","slug":"home-3-corporate","status":"publish","type":"page","link":"https:\/\/www.sprachschule-aktiv.ch\/sq\/","title":{"rendered":"Home 3 &#8211; Corporate"},"content":{"rendered":"<p>[vc_row full_width=&#8221;stretch_row_content_no_spaces&#8221; equal_height=&#8221;yes&#8221; tc_enable_overlay=&#8221;true&#8221; css=&#8221;.vc_custom_1607630595444{background-position: center !important;background-repeat: no-repeat !important;background-size: cover !important;}&#8221;][vc_column][vc_single_image image=&#8221;3405&#8243; img_size=&#8221;full&#8221; alignment=&#8221;center&#8221;][\/vc_column][\/vc_row][vc_row full_width=&#8221;stretch_row&#8221; equal_height=&#8221;yes&#8221; content_placement=&#8221;middle&#8221; tc_enable_overlay=&#8221;true&#8221; css=&#8221;.vc_custom_1480401715002{padding-top: 30px !important;padding-bottom: 30px !important;}&#8221; el_class=&#8221;action-box m-b-none theme-bg-color&#8221;][vc_column width=&#8221;2\/3&#8243;][vc_column_text]<\/p>\n<h3 class=\"text-white\">Ju d\u00ebshironi q\u00eb t\u00eb m\u00ebsojn\u00eb gjermanisht n\u00eb Cyrih?<\/h3>\n<p class=\"text-white\">Join kurset tona dhe t\u00eb m\u00ebsojn\u00eb gjuh\u00eb n\u00eb shkoll\u00ebn ton\u00eb gjuh\u00ebs Sprachschule Aktiv<\/p>\n<p>[\/vc_column_text][\/vc_column][vc_column width=&#8221;1\/3&#8243; css=&#8221;.vc_custom_1481804430561{padding-top: 15px !important;}&#8221; el_class=&#8221;text-right&#8221;]\t<div class=\"vc_btn3-container vc_btn3-inline\">\n\t\t<a href=\"https:\/\/www.sprachschule-aktiv.ch\/sq\/regjistrim\/\" class=\"pgs_btn pgs_btn_style_2 pgs_btn_xl\">\n\t\t\t<span>\n\t\t\t\tRegjistrohu tani!\t\t\t<\/span>\n\t\t\t\t\t\t<i class=\"fa fa-chevron-right\"><\/i>\n\t\t\t\t\t<\/a>\n\t<\/div>\n\t[\/vc_column][\/vc_row][vc_row css=&#8221;.vc_custom_1489238430544{padding-top: 50px !important;}&#8221;][vc_column css=&#8221;.vc_custom_1489228440142{padding-right: 20px !important;}&#8221;][vc_column_text]<\/p>\n<h1>M\u00ebsojm\u00eb gjuh\u00ebn Gjermane n\u00eb Zyrih: Kurse efektive dhe t\u00eb p\u00ebrballueshme gjermane,<\/h1>\n<p>[\/vc_column_text][vc_column_text]M\u00ebsojm\u00eb Gjermanishten n\u00eb Cyrih. Kurse efektive dhe t\u00eb p\u00ebrballueshme shqiptare me fol\u00ebsit e kualifikuar dhe nativ\u00eb. Aft\u00ebsit\u00eb e gjuh\u00ebs jan\u00eb aft\u00ebsit\u00eb kryesore, pa t\u00eb cilat sot nuk menaxhon pothuajse m\u00eb nj\u00eb njeri. N\u00eb shkoll\u00ebn ton\u00eb gjuh\u00ebs n\u00eb Cyrih, ne ofrojm\u00eb nj\u00eb shum\u00ebllojshm\u00ebri t\u00eb gjer\u00eb t\u00eb gjuh\u00ebve t\u00eb p\u00ebrbashk\u00ebta dhe t\u00eb rralla.<\/p>\n<p>Ju merrni edhe nga ne ofrohen modele t\u00eb ndryshme t\u00eb \u00e7mimeve, k\u00ebshtu q\u00eb ju mund t\u00eb arrini n\u00eb shkoll\u00eb n\u00eb Cyrih q\u00ebllimet tuaja shpejt dhe n\u00eb m\u00ebnyr\u00eb efektive. Duke zgjedhur shkoll\u00ebn ton\u00eb ju merrni rreziqe. N\u00eb qoft\u00eb se ju nuk keni njohuri t\u00eb gjuh\u00ebs s\u00eb zgjedhur, nj\u00eb nga kurset tona themelore \u00ebsht\u00eb vet\u00ebm e drejt\u00eb p\u00ebr ju. N\u00ebse ju tashm\u00eb keni nj\u00eb njohuri themelore, te ne mund t\u00eb kryej\u00eb nj\u00eb prov\u00eb t\u00eb lir\u00eb vendosje me ju par\u00eb. Kjo na lejon p\u00ebr t\u00eb p\u00ebrcaktuar rrug\u00ebn m\u00eb t\u00eb mir\u00eb p\u00ebr ju.[\/vc_column_text][\/vc_column][\/vc_row][vc_row css=&#8221;.vc_custom_1489239192762{padding-bottom: 50px !important;}&#8221;][vc_column width=&#8221;1\/3&#8243; css=&#8221;.vc_custom_1489228440142{padding-right: 20px !important;}&#8221;][vc_single_image image=&#8221;631&#8243; img_size=&#8221;full&#8221; onclick=&#8221;custom_link&#8221; link=&#8221;https:\/\/www.sprachschule-aktiv.ch\/es\/contactar\/&#8221;][vc_column_text]<\/p>\n<h2>A keni ndonj\u00eb pyetje?<\/h2>\n<p>Na shkruani dhe ne do t\u00eb t\u00eb ndihmoj\u00eb![\/vc_column_text]\t<div class=\"vc_btn3-container vc_btn3-inline\">\n\t\t<a href=\"https:\/\/www.sprachschule-aktiv.ch\/sq\/kontakt\/\" class=\"pgs_btn pgs_btn_style_1 pgs_btn_md\">\n\t\t\t<span>\n\t\t\t\tShkruaj tani\t\t\t<\/span>\n\t\t\t\t\t\t<i class=\"fas fa-angle-double-right\"><\/i>\n\t\t\t\t\t<\/a>\n\t<\/div>\n\t[\/vc_column][vc_column width=&#8221;1\/3&#8243;][vc_single_image image=&#8221;632&#8243; img_size=&#8221;full&#8221; onclick=&#8221;custom_link&#8221; link=&#8221;https:\/\/www.sprachschule-aktiv.ch\/es\/inscripcion\/&#8221;][vc_column_text]<\/p>\n<h2>Ju d\u00ebshironi t\u00eb m\u00ebsoni gjermanishten?<\/h2>\n<p>Regjistrohu tani n\u00eb Sprachschule Aktiv[\/vc_column_text]\t<div class=\"vc_btn3-container vc_btn3-inline\">\n\t\t<a href=\"https:\/\/www.sprachschule-aktiv.ch\/sq\/regjistrim\/\" class=\"pgs_btn pgs_btn_style_1 pgs_btn_md\">\n\t\t\t<span>\n\t\t\t\tRegjistrohu tani n\u00eb shkoll\u00ebn ton\u00eb\t\t\t<\/span>\n\t\t\t\t\t\t<i class=\"fas fa-angle-double-right\"><\/i>\n\t\t\t\t\t<\/a>\n\t<\/div>\n\t[\/vc_column][vc_column width=&#8221;1\/3&#8243;][\/vc_column][\/vc_row][vc_row full_width=&#8221;stretch_row&#8221; css=&#8221;.vc_custom_1489334925177{padding-top: 50px !important;padding-bottom: 40px !important;background-color: #f9f9f9 !important;}&#8221;][vc_column css=&#8221;.vc_custom_1489228440142{padding-right: 20px !important;}&#8221;][vc_column_text]<\/p>\n<h2>M\u00ebsojm\u00eb Gjermanishten shpejt &#8211; kurse intensive Gjermane n\u00eb t\u00eb gjitha nivelet e Al deri n\u00eb C2<\/h2>\n<p>Kurset tona intensive gjermane jan\u00eb m\u00ebnyra m\u00eb e shpejt\u00eb p\u00ebr t\u00eb m\u00ebsuar gjuh\u00ebn tuaj t\u00eb re t\u00eb mir\u00eb. Kurset ndodhin k\u00ebtu \u00e7do dit\u00eb pune. Ne ofrojm\u00eb t\u00eb gjitha nivelet e, A1 n\u00eb C2. Koh\u00ebt e kurseve jan\u00eb gjithmon\u00eb n\u00eb m\u00ebngjes. N\u00eb pasdite ju p\u00ebrgatisin m\u00ebsime p\u00ebr ose t\u00eb drejtuar nj\u00eb turne t\u00eb qytetit p\u00ebrmes.<\/p>\n<p>Orari yn\u00eb: Kursi fillon n\u00eb t\u00eb gjitha fazat n\u00eb t\u00eb h\u00ebn\u00ebn e par\u00eb t\u00eb muajit. Duhet t\u00eb ket\u00eb nj\u00eb fest\u00eb publike, at\u00ebher\u00eb fillimi i nd\u00ebrrimeve t\u00eb mart\u00ebn.<\/p>\n<h2>Klas\u00ebt mbahen nga e h\u00ebna deri t\u00eb premten nga ora 9:00 deri n\u00eb or\u00ebn 12:00, nj\u00eb total prej 20 or\u00eb n\u00eb jav\u00eb<\/h2>\n<p>Tarifat e kursit: Ju paguani p\u00ebr nj\u00eb jav\u00eb 270 CHF<br \/>\nP\u00ebr dy jav\u00eb: 500 CHF<\/p>\n<h2>Semi-lntensivkurse n\u00eb Cyrih<\/h2>\n<p>K\u00ebto kurse jan\u00eb me interes p\u00ebr ju, n\u00ebse ju kurse intensive jan\u00eb shum\u00eb t\u00eb zellsh\u00ebm. Koh\u00ebt e kursit jan\u00eb ulur. K\u00ebto kurse, ne gjithashtu ofrojm\u00eb mbr\u00ebmje. Ato gjithashtu mund t\u00eb marrin pjes\u00eb n\u00eb profesionist\u00ebt q\u00eb punojn\u00eb n\u00eb mendje.<\/p>\n<p><strong>Ne ofrojm\u00eb datat e m\u00ebposhtme:<\/strong> Nga e h\u00ebna deri t\u00eb enjten, duke p\u00ebrfshir\u00eb: 9:30-10:30 ose 19:00 up<br \/>\n20:30<br \/>\n<strong>Cmimet jan\u00eb:<\/strong><\/p>\n<ul>\n<li>P\u00ebr 1 jav\u00eb 345 CHF<\/li>\n<li>P\u00ebr 2 jav\u00eb 530 CHF<\/li>\n<li>P\u00ebr 3 jav\u00eb: 625 CHF<\/li>\n<li>P\u00ebr 4 jav\u00eb: 740 CHF<\/li>\n<\/ul>\n<p>[\/vc_column_text][vc_column_text]Sigurisht, ne ofrojm\u00eb k\u00ebto kurse n\u00eb t\u00eb gjitha nivelet. Klasifikimi \u00ebsht\u00eb me an\u00eb t\u00eb testit ton\u00eb t\u00eb lir\u00eb vendosje ose n\u00eb shkoll\u00ebn ton\u00eb n\u00eb Cyrih ose n\u00eb internet n\u00eb sht\u00ebpin\u00eb tuaj.<\/p>\n<p>Kurse n\u00eb mbr\u00ebmje Gjermane p\u00ebr fillestar\u00eb dhe t\u00eb avancuar. Klasat mbr\u00ebmje Gjermane mbahen n\u00eb grupe t\u00eb vogla. Madh\u00ebsia e grupit \u00ebsht\u00eb shum\u00eb e r\u00ebnd\u00ebsishme p\u00ebr suksesin tuaj. Ju m\u00ebsojm\u00eb nj\u00eb gjuh\u00eb kur ju flisni at\u00eb shpesh. Grupe t\u00eb vogla t\u00eb sigurt q\u00eb ju mund t\u00eb merrni pjes\u00eb n\u00eb udh\u00ebzim sa m\u00eb shpesh t\u00eb jet\u00eb e mundur.<\/p>\n<p>M\u00ebsuesit tan\u00eb fol\u00ebs vendas fokusohen n\u00eb t\u00eb kuptuarit n\u00eb situata t\u00eb p\u00ebrditshme. Sigurisht, gjithashtu ju m\u00ebsojn\u00eb strukturat m\u00eb t\u00eb r\u00ebnd\u00ebsishme gramatikore. Pas kursit ju mund t\u00eb shprehni d\u00ebshirat tuaja n\u00eb gjuh\u00ebn dhe p\u00ebr t\u00eb kuptuar biseda.<br \/>\n[\/vc_column_text][\/vc_column][\/vc_row][vc_row full_width=&#8221;stretch_row&#8221; css=&#8221;.vc_custom_1670403659346{padding-top: 20px !important;background-position: 0 0 !important;background-repeat: no-repeat !important;}&#8221;][vc_column css=&#8221;.vc_custom_1489228440142{padding-right: 20px !important;}&#8221;][vc_column_text]<\/p>\n<h2>Durimi : Kursi zhvillohet nj\u00eb her\u00eb n\u00eb jav\u00eb. Ne m\u00ebsojm\u00eb \u00e7do nj\u00eb m\u00ebsim t\u00eb dyfisht\u00eb p\u00ebr nj\u00eb periudh\u00eb prej 12 jav\u00ebsh<\/h2>\n<p>Filloni: Ne fillim \u00e7do t\u00eb mart\u00eb e par\u00eb t\u00eb muajit (t\u00eb gjitha nivelet e \u00e7mimeve)<br \/>\nDatat: E mart\u00eb 19:00 n\u00eb 20:30 t\u00eb dark\u00ebs<br \/>\nTarifa e kursit: 280 CHF<br \/>\nShkolla jon\u00eb n\u00eb gjuh\u00ebn Gjermane n\u00eb Cyrih &#8211; P\u00ebrfitimet tuaja:<br \/>\nM\u00ebsuesit gjuh\u00ebn amtare<br \/>\nKlasa e lir\u00eb<br \/>\nGaranci para-mbrapa n\u00eb rast se ju nuk jeni t\u00eb k\u00ebnaqur pas or\u00ebs s\u00eb par\u00eb<br \/>\nM\u00ebsimet n\u00eb grupe t\u00eb vogla<br \/>\nDhoma moderne t\u00eb trajnimit<br \/>\nPa pages\u00eb vendosje detyrim prov\u00eb konsultim<br \/>\n[\/vc_column_text][\/vc_column][\/vc_row][vc_row full_width=&#8221;stretch_row&#8221; css=&#8221;.vc_custom_1489334925177{padding-top: 50px !important;padding-bottom: 40px !important;background-color: #f9f9f9 !important;}&#8221;][vc_column css=&#8221;.vc_custom_1489228440142{padding-right: 20px !important;}&#8221;][vc_column_text]<\/p>\n<h2>M\u00ebsime private Gjermane n\u00eb Cyrih<\/h2>\n<p>Rruga mbret\u00ebrore p\u00ebr t\u00eb m\u00ebsuar nj\u00eb gjuh\u00eb t\u00eb re \u00ebsht\u00eb m\u00ebsime private. M\u00ebsuesi i p\u00ebrgjigjet nevojave dhe k\u00ebrkesave. Mesuesi juaj \u00ebsht\u00eb me gjuh\u00eb amtare, q\u00eb ju t\u00eb m\u00ebsoni nga ora e par\u00eb n\u00eb t\u00eb djatht\u00eb. M\u00ebsuesit varet t\u00ebr\u00ebsisht nga d\u00ebshirat tuaja.<\/p>\n<p>M\u00ebsuesit tan\u00eb m\u00ebsojn\u00eb n\u00eb t\u00eb gjitha nivelet. Ne s\u00eb pari t\u00eb marr\u00eb nj\u00eb test vendosje n\u00eb m\u00ebnyr\u00eb q\u00eb m\u00ebsuesi mund t\u00eb klasifikoj\u00eb aft\u00ebsit\u00eb e tyre gjuh\u00ebsore aktuale. Pas k\u00ebsaj, kursi fillon. N\u00eb fund t\u00eb kursit ju do t\u00eb merrni nj\u00eb certifikat\u00eb e cila gjuh\u00eb t\u00eb kuadrit t\u00eb p\u00ebrbashk\u00ebt Europian t\u00eb Referenc\u00ebs (CEFR) orientuar.<\/p>\n<p>Datat dhe numrin e or\u00ebve t\u00eb bazuar n\u00eb nevojat tuaja<br \/>\nTarifat e kursit: Periudhat m\u00eb t\u00eb dyfisht\u00eb t\u00eb zgjedhur, m\u00eb mir\u00eb t\u00eb \u00e7mimeve.<\/p>\n<ul>\n<li>P\u00ebr 19 m\u00ebsimet ju paguani 50 CHF p\u00ebr m\u00ebsim (45 minuta)<\/li>\n<li>Nga 20 m\u00ebsime t\u00eb paguajn\u00eb 48 franga n\u00eb m\u00ebsim (45 minuta)<\/li>\n<li>Nga 30 m\u00ebsime \u00e7mimi bie n\u00eb 40 CHF p\u00ebr m\u00ebsim (45 minuta)<\/li>\n<\/ul>\n<p>[\/vc_column_text][vc_column_text]Tip Kursimeve: Libri kursin me dy persona t\u00eb tjer\u00eb s\u00eb bashku. N\u00eb k\u00ebt\u00eb rast, tarifat e kursit ndar\u00eb nga tre.<\/p>\n<p>Shkolla juaj gjuh\u00ebn Gjermane n\u00eb Cyrih &#8211; P\u00ebrfitimet tuaja:<br \/>\nM\u00ebsuesit gjuh\u00ebn amtare<br \/>\nKlasa e lir\u00eb<br \/>\nM\u00ebsimet n\u00eb grupe t\u00eb vogla<br \/>\nDhoma moderne t\u00eb trajnimit<br \/>\nPa pages\u00eb vendosja detyrim prov\u00eb konsultim[\/vc_column_text][\/vc_column][\/vc_row]<\/p>\n","protected":false},"excerpt":{"rendered":"<p>[vc_row full_width=&#8221;stretch_row_content_no_spaces&#8221; equal_height=&#8221;yes&#8221; tc_enable_overlay=&#8221;true&#8221; css=&#8221;.vc_custom_1607630595444{background-position: center !important;background-repeat: no-repeat !important;background-size: cover !important;}&#8221;][vc_column][vc_single_image image=&#8221;3405&#8243; img_size=&#8221;full&#8221; alignment=&#8221;center&#8221;][\/vc_column][\/vc_row][vc_row full_width=&#8221;stretch_row&#8221; equal_height=&#8221;yes&#8221; content_placement=&#8221;middle&#8221; tc_enable_overlay=&#8221;true&#8221; css=&#8221;.vc_custom_1480401715002{padding-top: 30px !important;padding-bottom: 30px !important;}&#8221; el_class=&#8221;action-box m-b-none theme-bg-color&#8221;][vc_column width=&#8221;2\/3&#8243;][vc_column_text] Ju d\u00ebshironi q\u00eb t\u00eb m\u00ebsojn\u00eb gjermanisht n\u00eb Cyrih? Join kurset tona dhe t\u00eb m\u00ebsojn\u00eb gjuh\u00eb n\u00eb shkoll\u00ebn ton\u00eb gjuh\u00ebs Sprachschule Aktiv [\/vc_column_text][\/vc_column][vc_column width=&#8221;1\/3&#8243; css=&#8221;.vc_custom_1481804430561{padding-top: 15px !important;}&#8221; el_class=&#8221;text-right&#8221;][\/vc_column][\/vc_row][vc_row css=&#8221;.vc_custom_1489238430544{padding-top:&hellip; <a class=\"read-more\" href=\"https:\/\/www.sprachschule-aktiv.ch\/sq\/\" title=\"Read Home 3 &#8211; Corporate\">Read more &raquo;<\/a><\/p>\n","protected":false},"author":1,"featured_media":0,"parent":0,"menu_order":5,"comment_status":"closed","ping_status":"closed","template":"templates\/page-vc_compatible.php","meta":{"footnotes":""},"class_list":["post-1074","page","type-page","status-publish","hentry"],"yoast_head":"<!-- This site is optimized with the Yoast SEO plugin v27.1.1 - https:\/\/yoast.com\/product\/yoast-seo-wordpress\/ -->\n<title>M\u00ebsojm\u00eb gjuh\u00ebn Gjermane n\u00eb Zyrih - Sprachschule Aktiv Z\u00fcrich<\/title>\n<meta name=\"description\" content=\"M\u00ebsojm\u00eb Gjermanishten n\u00eb Cyrih. Kurse efektive dhe t\u00eb p\u00ebrballueshme shqiptare me fol\u00ebsit e kualifikuar dhe nativ\u00eb. Sprachschule Aktiv Z\u00fcrich\" \/>\n<meta name=\"robots\" content=\"index, follow, max-snippet:-1, max-image-preview:large, max-video-preview:-1\" \/>\n<link rel=\"canonical\" href=\"https:\/\/www.sprachschule-aktiv.ch\/sq\/\" \/>\n<meta property=\"og:locale\" content=\"sq_AL\" \/>\n<meta property=\"og:type\" content=\"article\" \/>\n<meta property=\"og:title\" content=\"M\u00ebsojm\u00eb gjuh\u00ebn Gjermane n\u00eb Zyrih - Sprachschule Aktiv Z\u00fcrich\" \/>\n<meta property=\"og:description\" content=\"M\u00ebsojm\u00eb Gjermanishten n\u00eb Cyrih. Kurse efektive dhe t\u00eb p\u00ebrballueshme shqiptare me fol\u00ebsit e kualifikuar dhe nativ\u00eb. Sprachschule Aktiv Z\u00fcrich\" \/>\n<meta property=\"og:url\" content=\"https:\/\/www.sprachschule-aktiv.ch\/sq\/\" \/>\n<meta property=\"og:site_name\" content=\"Sprachschule Aktiv\" \/>\n<meta property=\"article:modified_time\" content=\"2023-01-16T21:35:34+00:00\" \/>\n<meta name=\"twitter:card\" content=\"summary_large_image\" \/>\n<meta name=\"twitter:label1\" content=\"Est. reading time\" \/>\n\t<meta name=\"twitter:data1\" content=\"6 minuta\" \/>\n<script type=\"application\/ld+json\" class=\"yoast-schema-graph\">{\"@context\":\"https:\/\/schema.org\",\"@graph\":[{\"@type\":\"WebPage\",\"@id\":\"https:\/\/www.sprachschule-aktiv.ch\/sq\/\",\"url\":\"https:\/\/www.sprachschule-aktiv.ch\/sq\/\",\"name\":\"M\u00ebsojm\u00eb gjuh\u00ebn Gjermane n\u00eb Zyrih - Sprachschule Aktiv Z\u00fcrich\",\"isPartOf\":{\"@id\":\"https:\/\/www.sprachschule-aktiv.ch\/#website\"},\"datePublished\":\"2016-08-11T12:35:27+00:00\",\"dateModified\":\"2023-01-16T21:35:34+00:00\",\"description\":\"M\u00ebsojm\u00eb Gjermanishten n\u00eb Cyrih. Kurse efektive dhe t\u00eb p\u00ebrballueshme shqiptare me fol\u00ebsit e kualifikuar dhe nativ\u00eb. Sprachschule Aktiv Z\u00fcrich\",\"breadcrumb\":{\"@id\":\"https:\/\/www.sprachschule-aktiv.ch\/sq\/#breadcrumb\"},\"inLanguage\":\"sq\",\"potentialAction\":[{\"@type\":\"ReadAction\",\"target\":[\"https:\/\/www.sprachschule-aktiv.ch\/sq\/\"]}]},{\"@type\":\"BreadcrumbList\",\"@id\":\"https:\/\/www.sprachschule-aktiv.ch\/sq\/#breadcrumb\",\"itemListElement\":[{\"@type\":\"ListItem\",\"position\":1,\"name\":\"Startseite\",\"item\":\"https:\/\/www.sprachschule-aktiv.ch\/sq\/\"},{\"@type\":\"ListItem\",\"position\":2,\"name\":\"Home 3 &#8211; Corporate\"}]},{\"@type\":\"WebSite\",\"@id\":\"https:\/\/www.sprachschule-aktiv.ch\/#website\",\"url\":\"https:\/\/www.sprachschule-aktiv.ch\/\",\"name\":\"Sprachschule Aktiv\",\"description\":\"\",\"potentialAction\":[{\"@type\":\"SearchAction\",\"target\":{\"@type\":\"EntryPoint\",\"urlTemplate\":\"https:\/\/www.sprachschule-aktiv.ch\/?s={search_term_string}\"},\"query-input\":{\"@type\":\"PropertyValueSpecification\",\"valueRequired\":true,\"valueName\":\"search_term_string\"}}],\"inLanguage\":\"sq\"}]}<\/script>\n<!-- \/ Yoast SEO plugin. -->","yoast_head_json":{"title":"M\u00ebsojm\u00eb gjuh\u00ebn Gjermane n\u00eb Zyrih - Sprachschule Aktiv Z\u00fcrich","description":"M\u00ebsojm\u00eb Gjermanishten n\u00eb Cyrih. Kurse efektive dhe t\u00eb p\u00ebrballueshme shqiptare me fol\u00ebsit e kualifikuar dhe nativ\u00eb. Sprachschule Aktiv Z\u00fcrich","robots":{"index":"index","follow":"follow","max-snippet":"max-snippet:-1","max-image-preview":"max-image-preview:large","max-video-preview":"max-video-preview:-1"},"canonical":"https:\/\/www.sprachschule-aktiv.ch\/sq\/","og_locale":"sq_AL","og_type":"article","og_title":"M\u00ebsojm\u00eb gjuh\u00ebn Gjermane n\u00eb Zyrih - Sprachschule Aktiv Z\u00fcrich","og_description":"M\u00ebsojm\u00eb Gjermanishten n\u00eb Cyrih. Kurse efektive dhe t\u00eb p\u00ebrballueshme shqiptare me fol\u00ebsit e kualifikuar dhe nativ\u00eb. Sprachschule Aktiv Z\u00fcrich","og_url":"https:\/\/www.sprachschule-aktiv.ch\/sq\/","og_site_name":"Sprachschule Aktiv","article_modified_time":"2023-01-16T21:35:34+00:00","twitter_card":"summary_large_image","twitter_misc":{"Est. reading time":"6 minuta"},"schema":{"@context":"https:\/\/schema.org","@graph":[{"@type":"WebPage","@id":"https:\/\/www.sprachschule-aktiv.ch\/sq\/","url":"https:\/\/www.sprachschule-aktiv.ch\/sq\/","name":"M\u00ebsojm\u00eb gjuh\u00ebn Gjermane n\u00eb Zyrih - Sprachschule Aktiv Z\u00fcrich","isPartOf":{"@id":"https:\/\/www.sprachschule-aktiv.ch\/#website"},"datePublished":"2016-08-11T12:35:27+00:00","dateModified":"2023-01-16T21:35:34+00:00","description":"M\u00ebsojm\u00eb Gjermanishten n\u00eb Cyrih. Kurse efektive dhe t\u00eb p\u00ebrballueshme shqiptare me fol\u00ebsit e kualifikuar dhe nativ\u00eb. Sprachschule Aktiv Z\u00fcrich","breadcrumb":{"@id":"https:\/\/www.sprachschule-aktiv.ch\/sq\/#breadcrumb"},"inLanguage":"sq","potentialAction":[{"@type":"ReadAction","target":["https:\/\/www.sprachschule-aktiv.ch\/sq\/"]}]},{"@type":"BreadcrumbList","@id":"https:\/\/www.sprachschule-aktiv.ch\/sq\/#breadcrumb","itemListElement":[{"@type":"ListItem","position":1,"name":"Startseite","item":"https:\/\/www.sprachschule-aktiv.ch\/sq\/"},{"@type":"ListItem","position":2,"name":"Home 3 &#8211; Corporate"}]},{"@type":"WebSite","@id":"https:\/\/www.sprachschule-aktiv.ch\/#website","url":"https:\/\/www.sprachschule-aktiv.ch\/","name":"Sprachschule Aktiv","description":"","potentialAction":[{"@type":"SearchAction","target":{"@type":"EntryPoint","urlTemplate":"https:\/\/www.sprachschule-aktiv.ch\/?s={search_term_string}"},"query-input":{"@type":"PropertyValueSpecification","valueRequired":true,"valueName":"search_term_string"}}],"inLanguage":"sq"}]}},"_links":{"self":[{"href":"https:\/\/www.sprachschule-aktiv.ch\/sq\/wp-json\/wp\/v2\/pages\/1074","targetHints":{"allow":["GET"]}}],"collection":[{"href":"https:\/\/www.sprachschule-aktiv.ch\/sq\/wp-json\/wp\/v2\/pages"}],"about":[{"href":"https:\/\/www.sprachschule-aktiv.ch\/sq\/wp-json\/wp\/v2\/types\/page"}],"author":[{"embeddable":true,"href":"https:\/\/www.sprachschule-aktiv.ch\/sq\/wp-json\/wp\/v2\/users\/1"}],"replies":[{"embeddable":true,"href":"https:\/\/www.sprachschule-aktiv.ch\/sq\/wp-json\/wp\/v2\/comments?post=1074"}],"version-history":[{"count":9,"href":"https:\/\/www.sprachschule-aktiv.ch\/sq\/wp-json\/wp\/v2\/pages\/1074\/revisions"}],"predecessor-version":[{"id":5463,"href":"https:\/\/www.sprachschule-aktiv.ch\/sq\/wp-json\/wp\/v2\/pages\/1074\/revisions\/5463"}],"wp:attachment":[{"href":"https:\/\/www.sprachschule-aktiv.ch\/sq\/wp-json\/wp\/v2\/media?parent=1074"}],"curies":[{"name":"wp","href":"https:\/\/api.w.org\/{rel}","templated":true}]}}