{"id":1107,"date":"2017-03-11T10:50:40","date_gmt":"2017-03-11T09:50:40","guid":{"rendered":"https:\/\/www.sprachschule-aktiv.ch\/anmeldeformular\/"},"modified":"2017-09-11T12:26:42","modified_gmt":"2017-09-11T10:26:42","slug":"rejestrowanie","status":"publish","type":"page","link":"https:\/\/www.sprachschule-aktiv.ch\/pl\/rejestrowanie\/","title":{"rendered":"Zapisz si\u0119!"},"content":{"rendered":"<p>[vc_row css=&#8221;.vc_custom_1489245782370{padding-top: 50px !important;padding-bottom: 30px !important;}&#8221;][vc_column][vc_column_text]<\/p>\n<h1>Rejestracja w naszej szkole j\u0119zykowej &#8211; Sprachschule Aktiv<\/h1>\n<p>Tutaj mo\u017cna do\u0142\u0105czy\u0107 do naszej szko\u0142y j\u0119zykowej. Prosz\u0119 wype\u0142ni\u0107 formularz rejestracyjny na wybrany kurs. Rejestracja w naszej szkole j\u0119zykowej.[\/vc_column_text][vc_row_inner][vc_column_inner width=&#8221;2\/3&#8243;]\n<div class=\"wpcf7 no-js\" id=\"wpcf7-f1111-o1\" lang=\"de-DE\" dir=\"ltr\" data-wpcf7-id=\"1111\">\n<div class=\"screen-reader-response\"><p role=\"status\" aria-live=\"polite\" aria-atomic=\"true\"><\/p> <ul><\/ul><\/div>\n<form action=\"\/pl\/wp-json\/wp\/v2\/pages\/1107#wpcf7-f1111-o1\" method=\"post\" class=\"wpcf7-form init wpcf7-acceptance-as-validation\" aria-label=\"Kontaktformular\" novalidate=\"novalidate\" data-status=\"init\">\n<fieldset class=\"hidden-fields-container\"><input type=\"hidden\" name=\"_wpcf7\" value=\"1111\" \/><input type=\"hidden\" name=\"_wpcf7_version\" value=\"6.1.5\" \/><input type=\"hidden\" name=\"_wpcf7_locale\" value=\"de_DE\" \/><input type=\"hidden\" name=\"_wpcf7_unit_tag\" value=\"wpcf7-f1111-o1\" \/><input type=\"hidden\" name=\"_wpcf7_container_post\" value=\"0\" \/><input type=\"hidden\" name=\"_wpcf7_posted_data_hash\" value=\"\" \/><input type=\"hidden\" name=\"_wpcf7_recaptcha_response\" value=\"\" \/>\n<\/fieldset>\n<h2>(1) Twoje dane adresowe:\n<\/h2>\n<p><label> Sp\u00f3\u0142ka<br \/>\n<span class=\"wpcf7-form-control-wrap\" data-name=\"firma\"><input size=\"40\" maxlength=\"400\" class=\"wpcf7-form-control wpcf7-text\" aria-invalid=\"false\" value=\"\" type=\"text\" name=\"firma\" \/><\/span> <\/label>\n<\/p>\n<p><label>Pierwsze imi\u0119*<br \/>\n<span class=\"wpcf7-form-control-wrap\" data-name=\"vorname\"><input size=\"40\" maxlength=\"400\" class=\"wpcf7-form-control wpcf7-text wpcf7-validates-as-required\" aria-required=\"true\" aria-invalid=\"false\" value=\"\" type=\"text\" name=\"vorname\" \/><\/span> <\/label>\n<\/p>\n<p><label> Nazwisko rodowe*<br \/>\n<span class=\"wpcf7-form-control-wrap\" data-name=\"nachname\"><input size=\"40\" maxlength=\"400\" class=\"wpcf7-form-control wpcf7-text wpcf7-validates-as-required\" aria-required=\"true\" aria-invalid=\"false\" value=\"\" type=\"text\" name=\"nachname\" \/><\/span> <\/label>\n<\/p>\n<p><label> Ulica \/ nr.*<br \/>\n<span class=\"wpcf7-form-control-wrap\" data-name=\"strasse\"><input size=\"40\" maxlength=\"400\" class=\"wpcf7-form-control wpcf7-text wpcf7-validates-as-required\" aria-required=\"true\" aria-invalid=\"false\" value=\"\" type=\"text\" name=\"strasse\" \/><\/span> <\/label>\n<\/p>\n<p><label> Kod pocztowy \/ miasto*<br \/>\n<span class=\"wpcf7-form-control-wrap\" data-name=\"plz\"><input size=\"40\" maxlength=\"400\" class=\"wpcf7-form-control wpcf7-text wpcf7-validates-as-required\" aria-required=\"true\" aria-invalid=\"false\" value=\"\" type=\"text\" name=\"plz\" \/><\/span> <\/label>\n<\/p>\n<p><label> Telefon*<br \/>\n<span class=\"wpcf7-form-control-wrap\" data-name=\"telefon\"><input size=\"40\" maxlength=\"400\" class=\"wpcf7-form-control wpcf7-tel wpcf7-validates-as-required wpcf7-text wpcf7-validates-as-tel\" aria-required=\"true\" aria-invalid=\"false\" value=\"\" type=\"tel\" name=\"telefon\" \/><\/span><\/label>\n<\/p>\n<p><label> Mail*<br \/>\n<span class=\"wpcf7-form-control-wrap\" data-name=\"email\"><input size=\"40\" maxlength=\"400\" class=\"wpcf7-form-control wpcf7-email wpcf7-validates-as-required wpcf7-text wpcf7-validates-as-email\" aria-required=\"true\" aria-invalid=\"false\" value=\"\" type=\"email\" name=\"email\" \/><\/span><\/label>\n<\/p>\n<h2>(2) informacje o kursie:\n<\/h2>\n<p><label> J\u0119zyk*<br \/>\n<span class=\"wpcf7-form-control-wrap\" data-name=\"sprache\"><input size=\"40\" maxlength=\"400\" class=\"wpcf7-form-control wpcf7-text wpcf7-validates-as-required\" aria-required=\"true\" aria-invalid=\"false\" value=\"\" type=\"text\" name=\"sprache\" \/><\/span><\/label>\n<\/p>\n<p><label> Nazwa kursu*<br \/>\n<span class=\"wpcf7-form-control-wrap\" data-name=\"kursart\"><input size=\"40\" maxlength=\"400\" class=\"wpcf7-form-control wpcf7-text wpcf7-validates-as-required\" aria-required=\"true\" aria-invalid=\"false\" value=\"\" type=\"text\" name=\"kursart\" \/><\/span><\/label>\n<\/p>\n<p><label> Poziom*<br \/>\n<span class=\"wpcf7-form-control-wrap\" data-name=\"niveau\"><input size=\"40\" maxlength=\"400\" class=\"wpcf7-form-control wpcf7-text wpcf7-validates-as-required\" aria-required=\"true\" aria-invalid=\"false\" value=\"\" type=\"text\" name=\"niveau\" \/><\/span><\/label>\n<\/p>\n<p><label> Data pocz\u0105tkowa*<br \/>\n<span class=\"wpcf7-form-control-wrap\" data-name=\"kursbeginn\"><input class=\"wpcf7-form-control wpcf7-date wpcf7-validates-as-required wpcf7-validates-as-date\" aria-required=\"true\" aria-invalid=\"false\" value=\"\" type=\"date\" name=\"kursbeginn\" \/><\/span><\/label>\n<\/p>\n<p><label> Lokalizacja przedmiotu*<br \/>\n<span class=\"wpcf7-form-control-wrap\" data-name=\"Kursort\"><input size=\"40\" maxlength=\"400\" class=\"wpcf7-form-control wpcf7-text wpcf7-validates-as-required\" aria-required=\"true\" aria-invalid=\"false\" value=\"\" type=\"text\" name=\"Kursort\" \/><\/span><\/label>\n<\/p>\n<p><label> Czas trwania kursu*<br \/>\n<span class=\"wpcf7-form-control-wrap\" data-name=\"dauer\"><input size=\"40\" maxlength=\"400\" class=\"wpcf7-form-control wpcf7-text wpcf7-validates-as-required\" aria-required=\"true\" aria-invalid=\"false\" value=\"\" type=\"text\" name=\"dauer\" \/><\/span><\/label>\n<\/p>\n<p><label> godziny \u017cyczenia<br \/>\n<span class=\"wpcf7-form-control-wrap\" data-name=\"stundenzahl\"><input size=\"40\" maxlength=\"400\" class=\"wpcf7-form-control wpcf7-text\" aria-invalid=\"false\" value=\"\" type=\"text\" name=\"stundenzahl\" \/><\/span><\/label>\n<\/p>\n<h2>(3) Zap\u0142ata:\n<\/h2>\n<p><label>Metody P\u0142atno\u015bci*<br \/>\n<span class=\"wpcf7-form-control-wrap\" data-name=\"zahlung\"><select class=\"wpcf7-form-control wpcf7-select wpcf7-validates-as-required\" aria-required=\"true\" aria-invalid=\"false\" name=\"zahlung\"><option value=\"P\u0142atno\u015b\u0107 w godzinach pracy w naszym biurze\">P\u0142atno\u015b\u0107 w godzinach pracy w naszym biurze<\/option><option value=\"Transfer pieni\u0119dzy\">Transfer pieni\u0119dzy<\/option><option value=\"P\u0142atno\u015b\u0107 kart\u0105 kredytow\u0105 jest mo\u017cliwe w naszych szko\u0142ach\">P\u0142atno\u015b\u0107 kart\u0105 kredytow\u0105 jest mo\u017cliwe w naszych szko\u0142ach<\/option><\/select><\/span><\/label>\n<\/p>\n<h2>(4) Uwagi i sugestie:\n<\/h2>\n<p><label> Uwagi*<br \/>\n<span class=\"wpcf7-form-control-wrap\" data-name=\"bemerkungen\"><textarea cols=\"40\" rows=\"10\" maxlength=\"2000\" class=\"wpcf7-form-control wpcf7-textarea\" aria-invalid=\"false\" name=\"bemerkungen\"><\/textarea><\/span><\/label>\n<\/p>\n<div style=\"\">\n\t<p><span class=\"wpcf7-form-control-wrap\" data-name=\"agb\"><span class=\"wpcf7-form-control wpcf7-acceptance\"><span class=\"wpcf7-list-item\"><input type=\"checkbox\" name=\"agb\" value=\"1\" aria-invalid=\"false\" \/><\/span><\/span><\/span> (*) Przeczyta\u0142em i akceptuj\u0119 warunki. <a href=\"https:\/\/www.sprachschule-aktiv.ch\/allgemeine-geschaftsbedingungen\/\">Link<\/a>.\n\t<\/p>\n<\/div>\n<p><input class=\"wpcf7-form-control wpcf7-submit has-spinner\" type=\"submit\" value=\"Prze\u015blij Rejestracja\" \/>\n<\/p><div class=\"wpcf7-response-output\" aria-hidden=\"true\"><\/div>\n<\/form>\n<\/div>\n[\/vc_column_inner][vc_column_inner width=&#8221;1\/3&#8243; css=&#8221;.vc_custom_1486286691342{margin-top: 15px !important;}&#8221;][vc_column_text]<\/p>\n<h3>Sprachschule Aktiv Zurych<\/h3>\n<p>[\/vc_column_text][vc_gmaps link=&#8221;#E-8_JTNDaWZyYW1lJTIwc3JjJTNEJTIyaHR0cHMlM0ElMkYlMkZ3d3cuZ29vZ2xlLmNvbSUyRm1hcHMlMkZlbWJlZCUzRnBiJTNEJTIxMW0xOCUyMTFtMTIlMjExbTMlMjExZDI3MDAuMDIyMjMyNzE4Njk0JTIxMmQ4LjUyMjg1MTUxNTc5NTgwMiUyMTNkNDcuNDExNTA3NTA5NDI3NTElMjEybTMlMjExZjAlMjEyZjAlMjEzZjAlMjEzbTIlMjExaTEwMjQlMjEyaTc2OCUyMTRmMTMuMSUyMTNtMyUyMTFtMiUyMTFzMHg0NzkwMGFmNDZkMmUwNGJkJTI1M0EweDI2ZTI1ZWU5MmU1NjUxZmIlMjEyc1NwcmFjaHNjaHVsZSUyQkFrdGl2JTJCWiUyNUMzJTI1QkNyaWNoJTIxNWUwJTIxM20yJTIxMXNlcyUyMTJzZGUlMjE0djE0ODkyMzI0NTMyMTclMjIlMjB3aWR0aCUzRCUyMjEwMCUyNSUyMiUyMGhlaWdodCUzRCUyMjE1MCUyMiUyMGZyYW1lYm9yZGVyJTNEJTIyMCUyMiUyMHN0eWxlJTNEJTIyYm9yZGVyJTNBMCUyMiUyMGFsbG93ZnVsbHNjcmVlbiUzRSUzQyUyRmlmcmFtZSUzRQ==&#8221;][vc_column_text]Sdres: Wehntalerstrasse 293, 8046 Z\u00fcrich<br \/>\nTel.: +41-43- 540 09 53<br \/>\nTel.: +41-79- 943 72 12<br \/>\nMail: <a href=\"mailto:kontakt@sprachschule-aktiv.ch\">kontakt@sprachschule-aktiv.ch<\/a><br \/>\nWeb: <a href=\"https:\/\/www.sprachschule-aktiv.ch\/pl\/\">www.sprachschule-aktiv.ch\/pl\/<\/a>[\/vc_column_text][\/vc_column_inner][\/vc_row_inner][\/vc_column][\/vc_row]<\/p>\n","protected":false},"excerpt":{"rendered":"<p>[vc_row css=&#8221;.vc_custom_1489245782370{padding-top: 50px !important;padding-bottom: 30px !important;}&#8221;][vc_column][vc_column_text] Rejestracja w naszej szkole j\u0119zykowej &#8211; Sprachschule Aktiv Tutaj mo\u017cna do\u0142\u0105czy\u0107 do naszej szko\u0142y j\u0119zykowej. Prosz\u0119 wype\u0142ni\u0107 formularz rejestracyjny na wybrany kurs. Rejestracja w naszej szkole j\u0119zykowej.[\/vc_column_text][vc_row_inner][vc_column_inner width=&#8221;2\/3&#8243;][\/vc_column_inner][vc_column_inner width=&#8221;1\/3&#8243; css=&#8221;.vc_custom_1486286691342{margin-top: 15px !important;}&#8221;][vc_column_text] Sprachschule Aktiv Zurych [\/vc_column_text][vc_gmaps link=&#8221;#E-8_JTNDaWZyYW1lJTIwc3JjJTNEJTIyaHR0cHMlM0ElMkYlMkZ3d3cuZ29vZ2xlLmNvbSUyRm1hcHMlMkZlbWJlZCUzRnBiJTNEJTIxMW0xOCUyMTFtMTIlMjExbTMlMjExZDI3MDAuMDIyMjMyNzE4Njk0JTIxMmQ4LjUyMjg1MTUxNTc5NTgwMiUyMTNkNDcuNDExNTA3NTA5NDI3NTElMjEybTMlMjExZjAlMjEyZjAlMjEzZjAlMjEzbTIlMjExaTEwMjQlMjEyaTc2OCUyMTRmMTMuMSUyMTNtMyUyMTFtMiUyMTFzMHg0NzkwMGFmNDZkMmUwNGJkJTI1M0EweDI2ZTI1ZWU5MmU1NjUxZmIlMjEyc1NwcmFjaHNjaHVsZSUyQkFrdGl2JTJCWiUyNUMzJTI1QkNyaWNoJTIxNWUwJTIxM20yJTIxMXNlcyUyMTJzZGUlMjE0djE0ODkyMzI0NTMyMTclMjIlMjB3aWR0aCUzRCUyMjEwMCUyNSUyMiUyMGhlaWdodCUzRCUyMjE1MCUyMiUyMGZyYW1lYm9yZGVyJTNEJTIyMCUyMiUyMHN0eWxlJTNEJTIyYm9yZGVyJTNBMCUyMiUyMGFsbG93ZnVsbHNjcmVlbiUzRSUzQyUyRmlmcmFtZSUzRQ==&#8221;][vc_column_text]Sdres: Wehntalerstrasse 293, 8046 Z\u00fcrich Tel.: +41-43- 540 09 53 Tel.: +41-79- 943&hellip; <a class=\"read-more\" href=\"https:\/\/www.sprachschule-aktiv.ch\/pl\/rejestrowanie\/\" title=\"Read Zapisz si\u0119!\">Read more &raquo;<\/a><\/p>\n","protected":false},"author":1,"featured_media":0,"parent":0,"menu_order":0,"comment_status":"closed","ping_status":"closed","template":"","meta":{"footnotes":""},"class_list":["post-1107","page","type-page","status-publish","hentry"],"yoast_head":"<!-- This site is optimized with the Yoast SEO plugin v27.1.1 - https:\/\/yoast.com\/product\/yoast-seo-wordpress\/ -->\n<title>Rejestracja w naszej szkole j\u0119zykowej - Sprachschule Aktiv<\/title>\n<meta name=\"description\" content=\"Zarejestruj si\u0119 na naszych kursach niemieckiego w Zurychu. W naszej szkole j\u0119zykowej oferujemy zaj\u0119cia dla wszystkich poziom\u00f3w.\" \/>\n<meta name=\"robots\" content=\"index, follow, max-snippet:-1, max-image-preview:large, max-video-preview:-1\" \/>\n<link rel=\"canonical\" href=\"https:\/\/www.sprachschule-aktiv.ch\/pl\/rejestrowanie\/\" \/>\n<meta property=\"og:locale\" content=\"pl_PL\" \/>\n<meta property=\"og:type\" content=\"article\" \/>\n<meta property=\"og:title\" content=\"Rejestracja w naszej szkole j\u0119zykowej - Sprachschule Aktiv\" \/>\n<meta property=\"og:description\" content=\"Zarejestruj si\u0119 na naszych kursach niemieckiego w Zurychu. W naszej szkole j\u0119zykowej oferujemy zaj\u0119cia dla wszystkich poziom\u00f3w.\" \/>\n<meta property=\"og:url\" content=\"https:\/\/www.sprachschule-aktiv.ch\/pl\/rejestrowanie\/\" \/>\n<meta property=\"og:site_name\" content=\"Sprachschule Aktiv\" \/>\n<meta property=\"article:modified_time\" content=\"2017-09-11T10:26:42+00:00\" \/>\n<meta name=\"twitter:card\" content=\"summary_large_image\" \/>\n<meta name=\"twitter:label1\" content=\"Szacowany czas czytania\" \/>\n\t<meta name=\"twitter:data1\" content=\"1 minuta\" \/>\n<script type=\"application\/ld+json\" class=\"yoast-schema-graph\">{\"@context\":\"https:\/\/schema.org\",\"@graph\":[{\"@type\":\"WebPage\",\"@id\":\"https:\/\/www.sprachschule-aktiv.ch\/pl\/rejestrowanie\/\",\"url\":\"https:\/\/www.sprachschule-aktiv.ch\/pl\/rejestrowanie\/\",\"name\":\"Rejestracja w naszej szkole j\u0119zykowej - Sprachschule Aktiv\",\"isPartOf\":{\"@id\":\"https:\/\/www.sprachschule-aktiv.ch\/#website\"},\"datePublished\":\"2017-03-11T09:50:40+00:00\",\"dateModified\":\"2017-09-11T10:26:42+00:00\",\"description\":\"Zarejestruj si\u0119 na naszych kursach niemieckiego w Zurychu. W naszej szkole j\u0119zykowej oferujemy zaj\u0119cia dla wszystkich poziom\u00f3w.\",\"breadcrumb\":{\"@id\":\"https:\/\/www.sprachschule-aktiv.ch\/pl\/rejestrowanie\/#breadcrumb\"},\"inLanguage\":\"pl-PL\",\"potentialAction\":[{\"@type\":\"ReadAction\",\"target\":[\"https:\/\/www.sprachschule-aktiv.ch\/pl\/rejestrowanie\/\"]}]},{\"@type\":\"BreadcrumbList\",\"@id\":\"https:\/\/www.sprachschule-aktiv.ch\/pl\/rejestrowanie\/#breadcrumb\",\"itemListElement\":[{\"@type\":\"ListItem\",\"position\":1,\"name\":\"Startseite\",\"item\":\"https:\/\/www.sprachschule-aktiv.ch\/pl\/\"},{\"@type\":\"ListItem\",\"position\":2,\"name\":\"Zapisz si\u0119!\"}]},{\"@type\":\"WebSite\",\"@id\":\"https:\/\/www.sprachschule-aktiv.ch\/#website\",\"url\":\"https:\/\/www.sprachschule-aktiv.ch\/\",\"name\":\"Sprachschule Aktiv\",\"description\":\"\",\"potentialAction\":[{\"@type\":\"SearchAction\",\"target\":{\"@type\":\"EntryPoint\",\"urlTemplate\":\"https:\/\/www.sprachschule-aktiv.ch\/?s={search_term_string}\"},\"query-input\":{\"@type\":\"PropertyValueSpecification\",\"valueRequired\":true,\"valueName\":\"search_term_string\"}}],\"inLanguage\":\"pl-PL\"}]}<\/script>\n<!-- \/ Yoast SEO plugin. -->","yoast_head_json":{"title":"Rejestracja w naszej szkole j\u0119zykowej - Sprachschule Aktiv","description":"Zarejestruj si\u0119 na naszych kursach niemieckiego w Zurychu. W naszej szkole j\u0119zykowej oferujemy zaj\u0119cia dla wszystkich poziom\u00f3w.","robots":{"index":"index","follow":"follow","max-snippet":"max-snippet:-1","max-image-preview":"max-image-preview:large","max-video-preview":"max-video-preview:-1"},"canonical":"https:\/\/www.sprachschule-aktiv.ch\/pl\/rejestrowanie\/","og_locale":"pl_PL","og_type":"article","og_title":"Rejestracja w naszej szkole j\u0119zykowej - Sprachschule Aktiv","og_description":"Zarejestruj si\u0119 na naszych kursach niemieckiego w Zurychu. W naszej szkole j\u0119zykowej oferujemy zaj\u0119cia dla wszystkich poziom\u00f3w.","og_url":"https:\/\/www.sprachschule-aktiv.ch\/pl\/rejestrowanie\/","og_site_name":"Sprachschule Aktiv","article_modified_time":"2017-09-11T10:26:42+00:00","twitter_card":"summary_large_image","twitter_misc":{"Szacowany czas czytania":"1 minuta"},"schema":{"@context":"https:\/\/schema.org","@graph":[{"@type":"WebPage","@id":"https:\/\/www.sprachschule-aktiv.ch\/pl\/rejestrowanie\/","url":"https:\/\/www.sprachschule-aktiv.ch\/pl\/rejestrowanie\/","name":"Rejestracja w naszej szkole j\u0119zykowej - Sprachschule Aktiv","isPartOf":{"@id":"https:\/\/www.sprachschule-aktiv.ch\/#website"},"datePublished":"2017-03-11T09:50:40+00:00","dateModified":"2017-09-11T10:26:42+00:00","description":"Zarejestruj si\u0119 na naszych kursach niemieckiego w Zurychu. W naszej szkole j\u0119zykowej oferujemy zaj\u0119cia dla wszystkich poziom\u00f3w.","breadcrumb":{"@id":"https:\/\/www.sprachschule-aktiv.ch\/pl\/rejestrowanie\/#breadcrumb"},"inLanguage":"pl-PL","potentialAction":[{"@type":"ReadAction","target":["https:\/\/www.sprachschule-aktiv.ch\/pl\/rejestrowanie\/"]}]},{"@type":"BreadcrumbList","@id":"https:\/\/www.sprachschule-aktiv.ch\/pl\/rejestrowanie\/#breadcrumb","itemListElement":[{"@type":"ListItem","position":1,"name":"Startseite","item":"https:\/\/www.sprachschule-aktiv.ch\/pl\/"},{"@type":"ListItem","position":2,"name":"Zapisz si\u0119!"}]},{"@type":"WebSite","@id":"https:\/\/www.sprachschule-aktiv.ch\/#website","url":"https:\/\/www.sprachschule-aktiv.ch\/","name":"Sprachschule Aktiv","description":"","potentialAction":[{"@type":"SearchAction","target":{"@type":"EntryPoint","urlTemplate":"https:\/\/www.sprachschule-aktiv.ch\/?s={search_term_string}"},"query-input":{"@type":"PropertyValueSpecification","valueRequired":true,"valueName":"search_term_string"}}],"inLanguage":"pl-PL"}]}},"_links":{"self":[{"href":"https:\/\/www.sprachschule-aktiv.ch\/pl\/wp-json\/wp\/v2\/pages\/1107","targetHints":{"allow":["GET"]}}],"collection":[{"href":"https:\/\/www.sprachschule-aktiv.ch\/pl\/wp-json\/wp\/v2\/pages"}],"about":[{"href":"https:\/\/www.sprachschule-aktiv.ch\/pl\/wp-json\/wp\/v2\/types\/page"}],"author":[{"embeddable":true,"href":"https:\/\/www.sprachschule-aktiv.ch\/pl\/wp-json\/wp\/v2\/users\/1"}],"replies":[{"embeddable":true,"href":"https:\/\/www.sprachschule-aktiv.ch\/pl\/wp-json\/wp\/v2\/comments?post=1107"}],"version-history":[{"count":0,"href":"https:\/\/www.sprachschule-aktiv.ch\/pl\/wp-json\/wp\/v2\/pages\/1107\/revisions"}],"wp:attachment":[{"href":"https:\/\/www.sprachschule-aktiv.ch\/pl\/wp-json\/wp\/v2\/media?parent=1107"}],"curies":[{"name":"wp","href":"https:\/\/api.w.org\/{rel}","templated":true}]}}