{"id":1079,"date":"2016-08-11T12:35:27","date_gmt":"2016-08-11T12:35:27","guid":{"rendered":"https:\/\/www.sprachschule-aktiv.ch\/home-3-corporate\/"},"modified":"2023-01-16T22:35:03","modified_gmt":"2023-01-16T21:35:03","slug":"home-3-corporate","status":"publish","type":"page","link":"https:\/\/www.sprachschule-aktiv.ch\/pl\/","title":{"rendered":"Home 3 &#8211; Corporate"},"content":{"rendered":"<p>[vc_row full_width=&#8221;stretch_row_content_no_spaces&#8221; equal_height=&#8221;yes&#8221; tc_enable_overlay=&#8221;true&#8221; css=&#8221;.vc_custom_1607630734431{background-position: center !important;background-repeat: no-repeat !important;background-size: cover !important;}&#8221;][vc_column][vc_single_image image=&#8221;3417&#8243; img_size=&#8221;full&#8221; alignment=&#8221;center&#8221;][\/vc_column][\/vc_row][vc_row full_width=&#8221;stretch_row&#8221; equal_height=&#8221;yes&#8221; content_placement=&#8221;middle&#8221; tc_enable_overlay=&#8221;true&#8221; css=&#8221;.vc_custom_1670403165874{padding-top: 45px !important;padding-bottom: 45px !important;}&#8221; el_class=&#8221;action-box m-b-none theme-bg-color&#8221;][vc_column width=&#8221;2\/3&#8243;][vc_column_text]<\/p>\n<h3 class=\"text-white\">Chcesz uczy\u0107 si\u0119 j\u0119zyka niemieckiego w Zurychu?<\/h3>\n<p class=\"text-white\">Do\u0142\u0105cz do naszych kurs\u00f3w i nauki j\u0119zyk\u00f3w obcych w naszej szkole j\u0119zykowej Sprachschule Aktiv<\/p>\n<p>[\/vc_column_text][\/vc_column][vc_column width=&#8221;1\/3&#8243; css=&#8221;.vc_custom_1481804430561{padding-top: 15px !important;}&#8221; el_class=&#8221;text-right&#8221;]\t<div class=\"vc_btn3-container vc_btn3-inline\">\n\t\t<a href=\"https:\/\/www.sprachschule-aktiv.ch\/pl\/rejestrowanie\/\" class=\"pgs_btn pgs_btn_style_2 pgs_btn_xl\">\n\t\t\t<span>\n\t\t\t\tZapisz si\u0119!\t\t\t<\/span>\n\t\t\t\t\t\t<i class=\"fa fa-chevron-right\"><\/i>\n\t\t\t\t\t<\/a>\n\t<\/div>\n\t[\/vc_column][\/vc_row][vc_row css=&#8221;.vc_custom_1489238430544{padding-top: 50px !important;}&#8221;][vc_column css=&#8221;.vc_custom_1489228440142{padding-right: 20px !important;}&#8221;][vc_column_text]<\/p>\n<h1>Nauka j\u0119zyka niemieckiego w Zurychu \u2013 przyst\u0119pnie, efektywnie i szybko<\/h1>\n<p>Oferujemy Panstwu przyst\u0119pne i efektywne kursy jezyka niemieckiego w najpi\u0119kniejszym miescie Szwajcarii. W naszej szkole zapewniamy Panstwu nauk\u0119 j\u0119zyka niemieckiego z nauczycielami w ojczystym j\u0119zyku. Proponujemy r\u00f3\u017cne modelle kursu, kt\u00f3re mog\u0105 Panstwo indywidualnie dopasowac do w\u0142asnych potrzeb.[\/vc_column_text][\/vc_column][\/vc_row][vc_row css=&#8221;.vc_custom_1489239192762{padding-bottom: 50px !important;}&#8221;][vc_column width=&#8221;1\/3&#8243; css=&#8221;.vc_custom_1489228440142{padding-right: 20px !important;}&#8221;][vc_single_image image=&#8221;1093&#8243; img_size=&#8221;full&#8221; onclick=&#8221;custom_link&#8221; link=&#8221;https:\/\/www.sprachschule-aktiv.ch\/es\/contactar\/&#8221;][vc_column_text]<\/p>\n<h2>Czy masz jakie\u015b pytania?<\/h2>\n<p>Napisz do nas, a my pomo\u017cemy![\/vc_column_text]\t<div class=\"vc_btn3-container vc_btn3-inline\">\n\t\t<a href=\"https:\/\/www.sprachschule-aktiv.ch\/pl\/kontakt\/\" class=\"pgs_btn pgs_btn_style_1 pgs_btn_lg\">\n\t\t\t<span>\n\t\t\t\tNapisz teraz\t\t\t<\/span>\n\t\t\t\t\t\t<i class=\"fas fa-angle-double-right\"><\/i>\n\t\t\t\t\t<\/a>\n\t<\/div>\n\t[\/vc_column][vc_column width=&#8221;1\/3&#8243;][vc_single_image image=&#8221;1094&#8243; img_size=&#8221;full&#8221; onclick=&#8221;custom_link&#8221; link=&#8221;https:\/\/www.sprachschule-aktiv.ch\/es\/inscripcion\/&#8221;][vc_column_text]<\/p>\n<h2>Chcesz uczy\u0107 si\u0119 j\u0119zyka niemieckiego?<\/h2>\n<p>Zarejestruj si\u0119 w Sprachschule Aktiv[\/vc_column_text]\t<div class=\"vc_btn3-container vc_btn3-inline\">\n\t\t<a href=\"https:\/\/www.sprachschule-aktiv.ch\/pl\/rejestrowanie\/\" class=\"pgs_btn pgs_btn_style_1 pgs_btn_lg\">\n\t\t\t<span>\n\t\t\t\tZarejestruj si\u0119 w naszej szkole\t\t\t<\/span>\n\t\t\t\t\t\t<i class=\"fas fa-angle-double-right\"><\/i>\n\t\t\t\t\t<\/a>\n\t<\/div>\n\t[\/vc_column][vc_column width=&#8221;1\/3&#8243;][\/vc_column][\/vc_row][vc_row full_width=&#8221;stretch_row&#8221; css=&#8221;.vc_custom_1489334925177{padding-top: 50px !important;padding-bottom: 40px !important;background-color: #f9f9f9 !important;}&#8221;][vc_column css=&#8221;.vc_custom_1489228440142{padding-right: 20px !important;}&#8221;][vc_column_text]<\/p>\n<h2>Intensywny kurs niemieckiego A1, A2, B1, B2, C1, C2 \u2013 nasze ceny i terminy<\/h2>\n<p>Nasza szkola oferuje kursy dla pocz\u0105tkuj\u0105cych, \u015bredniozaawansowanych i zaawansowanych na poziomach j\u0119zykowych: A1, A2, B1, B2, C1 und C2.<\/p>\n<p>\n<table id=\"tablepress-7\" class=\"tablepress tablepress-id-7 tablepress-responsive\">\n<thead>\n<tr class=\"row-1\">\n\t<th class=\"column-1\">Plan zaje\u0107<\/th><th class=\"column-2\">Termin rozpocz\u0119cia dla os\u00f3b z podstawami j\u0119zykowymi<\/th><th class=\"column-3\">Termin rozpocz\u0119cia dla pocz\u0105tkujacych<\/th><td class=\"column-4\"><\/td><td class=\"column-5\"><\/td>\n<\/tr>\n<\/thead>\n<tbody class=\"row-striping row-hover\">\n<tr class=\"row-2\">\n\t<td class=\"column-1\">od poniedzia\u0142ku do pi\u0105tku w godzinach 9:00 \u2013 12:00<\/td><td class=\"column-2\">ka\u017cdy poniedzialek, wymagany test kwalifikuj\u0105cy poziom j\u0119zykowy<\/td><td class=\"column-3\">ka\u017cdy 1. Poniedzia\u0142ek miesi\u0105ca<\/td><td class=\"column-4\"><\/td><td class=\"column-5\"><\/td>\n<\/tr>\n<tr class=\"row-3\">\n\t<td class=\"column-1\"><\/td><td class=\"column-2\"><\/td><td class=\"column-3\"><\/td><td class=\"column-4\"><\/td><td class=\"column-5\"><\/td>\n<\/tr>\n<tr class=\"row-4\">\n\t<td class=\"column-1\"><h2>Ceny:<\/h2><\/td><td class=\"column-2\"><\/td><td class=\"column-3\"><\/td><td class=\"column-4\"><\/td><td class=\"column-5\"><\/td>\n<\/tr>\n<tr class=\"row-5\">\n\t<td class=\"column-1\">1 Tydzien \u2013 345 CHF<br \/>\n2 Tygodnie \u2013 530 CHF<br \/>\n3 Tygodnie \u2013 625 CHF<br \/>\n4 Tygodnie \u2013 740 CHF (za tydzie\u0144)<\/td><td class=\"column-2\"><\/td><td class=\"column-3\"><\/td><td class=\"column-4\"><\/td><td class=\"column-5\"><\/td>\n<\/tr>\n<\/tbody>\n<\/table>\n[\/vc_column_text][\/vc_column][\/vc_row][vc_row full_width=&#8221;stretch_row&#8221; css=&#8221;.vc_custom_1670403353721{padding-top: 20px !important;background-position: 0 0 !important;background-repeat: no-repeat !important;}&#8221;][vc_column css=&#8221;.vc_custom_1489228440142{padding-right: 20px !important;}&#8221;][vc_column_text]<\/p>\n<h2>Nauczamy w ma\u0142ych grupach<\/h2>\n<p>W osi\u0105gni\u0119ciu celu decyduj\u0105c\u0105 rol\u0119 odgrywa wielko\u015b\u0107 grupy. Dlatego wa\u017cne jest dla nas, aby grupy nie liczy\u0142y wiecej ni\u017c 10 os\u00f3b. W ten spos\u00f3b maj\u0105 Pa\u0144stwo mo\u017cliwo\u015b\u0107 aktywnie uczestniczy\u0107 w zaj\u0119ciach, a tym samym intenywniej przyswaja\u0107 j\u0119zyk obcy.<\/p>\n<h2>W nauce j\u0119zyka niemieckiego towarzysz\u0105 Pa\u0144stwu sympatyczni i do\u015bwiadczeni nauczyciele<\/h2>\n<p>Nasi nauczyciele s\u0105 wykwalifikowanymi dydaktykami m\u00f3wi\u0105cymi w j\u0119zyku ojczystym. Mi\u0142a atmosfera podczas zaje\u0107 sprzyja przyjemnej nauce j\u0119zyka niemieckiego. Sympatyczna atmosfera jest wa\u017cnym czynnikiem w effektywnosci przyswajania j\u0119zyka. Mowa w j\u0119zyku obcym sprawia trudno\u015b\u0107 przede wszystkim pocz\u0105tkujacym. Dlatego atmosfera w grupie odgrywa wa\u017cn\u0105 rol\u0119 w prze\u0142amaniu bariery j\u0119zykowej. W ten spos\u00f3b m\u00f3wienie staje si\u0119 prostsze. Nasi sympatyczni nauczyciele pomog\u0105 Pa\u0144stwu prze\u0142ama\u0107 strach i w kr\u00f3tkim czasie osi\u0105gna\u0107 zadowalaj\u0105ce wyniki.[\/vc_column_text][\/vc_column][\/vc_row][vc_row full_width=&#8221;stretch_row&#8221; css=&#8221;.vc_custom_1489334925177{padding-top: 50px !important;padding-bottom: 40px !important;background-color: #f9f9f9 !important;}&#8221;][vc_column css=&#8221;.vc_custom_1489228440142{padding-right: 20px !important;}&#8221;][vc_column_text]<\/p>\n<h2>Darmowy test poziomu j\u0119zykowego oraz pr\u00f3bna lekcja<\/h2>\n<p>Je\u017celi maj\u0105 Pa\u0144stwo podstawowe umieje\u0119tnosci j\u0119zyka, nasz test poziomu j\u0119zykowego odgrywa szczeg\u00f3ln\u0105 role. Przeprowadzenie tego testu jest mo\u017cliwe zar\u00f3wno w naszej szkole jak i online w domu. Na podstawie osi\u0105gni\u0119tego wyniku przydzielamy Pa\u0144stwu odpowiedni kurs. W ten spos\u00f3b ucz\u0105 si\u0119 Pa\u0144stwo szybciej i efektywniej.<\/p>\n<p>Wyb\u00f3r kursu na przeczucie, bez okre\u015blenia poziomu j\u0119zykowego, cz\u0119sto wi\u0105\u017ce si\u0119 z brakiem zainteresowania zaj\u0119ciami, poniewa\u017c dany poziom jest dla Pa\u0144stwa zbyt \u0142atwy. Podobnie dzieje si\u0119, kiedy przeceni\u0105 Pa\u0144stwo swoje mo\u017cliwo\u015bci i wybior\u0105 kurs, kt\u00f3ry Pa\u0144stwa przeci\u0105\u017cy. Wi\u0105\u017ce si\u0119 to z obni\u017ceniem efektu nauki i cz\u0119sto prowadzi do frustracji.<br \/>\nPr\u00f3bna lekcja, ktor\u0105 oferujemy daje wspania\u0142\u0105 mo\u017cliwo\u015b\u0107 poznania nauczyciela oraz jego metody nauczania. Podczas pr\u00f3bnej lekcji warto zwr\u00f3ci\u0107 uwag\u0119 nie tylko na jako\u015b\u0107 pedagogiczn\u0105 prowadzonych zaj\u0119c, lecz tak\u017ce na sympatyczn\u0105 atmosfer\u0119. Swobodne samopoczucie na zaj\u0119ciach odgrywa wa\u017cn\u0105 rol\u0119 w efektywno\u015bci nauki j\u0119zyka.<\/p>\n<h2>Pomagamy w otrzymaniu wizy w Szwajcarii<\/h2>\n<p>Je\u017celi podejmuj\u0105 Pa\u0144stwo nauk\u0119 j\u0119zyka w naszej szkole, mog\u0105 Pa\u0144stwo ubiega\u0107 si\u0119 o wiz\u0119 studenck\u0105 na okres trwania kursu. Zwi\u0105zane z tym formalno\u015bci wymagaj\u0105 umi\u0119jetno\u015bci j\u0119zykowych. Przy podstawowej znajomo\u015bci j\u0119zyka nie jest to \u0142atwe. Dlatego pomagamy Pa\u0144stwu w za\u0142atwieniu wszystkich formalno\u015bci i procedur administracyjnych.[\/vc_column_text][\/vc_column][\/vc_row][vc_row full_width=&#8221;stretch_row&#8221; css=&#8221;.vc_custom_1489335391149{padding-top: 50px !important;padding-bottom: 30px !important;}&#8221;][vc_column css=&#8221;.vc_custom_1489228440142{padding-right: 20px !important;}&#8221;][vc_column_text]<\/p>\n<h2>Nasza szkola j\u0119zykowa znajduje sie w centrum Zurychu<\/h2>\n<p>[\/vc_column_text][vc_row_inner][vc_column_inner width=&#8221;1\/2&#8243;][vc_single_image image=&#8221;1096&#8243; img_size=&#8221;full&#8221; style=&#8221;vc_box_outline&#8221; css=&#8221;.vc_custom_1493191809744{padding-top: 15px !important;}&#8221;][\/vc_column_inner][vc_column_inner width=&#8221;1\/2&#8243;][vc_column_text]Nasza szko\u0142a mie\u015bci si\u0119 przy ulicy Wehntalstrrasse 293, w 8046 Zurychu, \u0142atwo dost\u0119pna zar\u00f3wno samochodem jak i komunikacj\u0105 miejsk\u0105.[\/vc_column_text][vc_gmaps link=&#8221;#E-8_JTNDaWZyYW1lJTIwc3JjJTNEJTIyaHR0cHMlM0ElMkYlMkZ3d3cuZ29vZ2xlLmNvbSUyRm1hcHMlMkZlbWJlZCUzRnBiJTNEJTIxMW0xOCUyMTFtMTIlMjExbTMlMjExZDI3MDAuMDIyMjMyNzE4Njk0JTIxMmQ4LjUyMjg1MTUxNTc5NTgwMiUyMTNkNDcuNDExNTA3NTA5NDI3NTElMjEybTMlMjExZjAlMjEyZjAlMjEzZjAlMjEzbTIlMjExaTEwMjQlMjEyaTc2OCUyMTRmMTMuMSUyMTNtMyUyMTFtMiUyMTFzMHg0NzkwMGFmNDZkMmUwNGJkJTI1M0EweDI2ZTI1ZWU5MmU1NjUxZmIlMjEyc1NwcmFjaHNjaHVsZSUyQkFrdGl2JTJCWiUyNUMzJTI1QkNyaWNoJTIxNWUwJTIxM20yJTIxMXNlcyUyMTJzZGUlMjE0djE0ODkyMzI0NTMyMTclMjIlMjB3aWR0aCUzRCUyMjEwMCUyNSUyMiUyMGhlaWdodCUzRCUyMjI4MCUyMiUyMGZyYW1lYm9yZGVyJTNEJTIyMCUyMiUyMHN0eWxlJTNEJTIyYm9yZGVyJTNBMCUyMiUyMGFsbG93ZnVsbHNjcmVlbiUzRSUzQyUyRmlmcmFtZSUzRQ==&#8221;][\/vc_column_inner][\/vc_row_inner][\/vc_column][\/vc_row][vc_row full_width=&#8221;stretch_row&#8221; css=&#8221;.vc_custom_1489335406405{padding-top: 50px !important;padding-bottom: 30px !important;background-color: #f9f9f9 !important;}&#8221;][vc_column css=&#8221;.vc_custom_1489228440142{padding-right: 20px !important;}&#8221;][vc_column_text]<\/p>\n<h2>Po zaj\u0119ciach organizujemy wycieczki i aktywno\u015bci w czasie wolnym<\/h2>\n<p>Nasi nauczyciele nie ucz\u0105 tylko j\u0119zyka, lecz tak\u017ce przybli\u017caj\u0105 Pa\u0144stwu niemieck\u0105 kultur\u0119 i tradycj\u0119. W tym celu organizuj\u0105 dla Pa\u0144stwa wycieczki i aktywno\u015bci.[\/vc_column_text][\/vc_column][\/vc_row]<\/p>\n","protected":false},"excerpt":{"rendered":"<p>[vc_row full_width=&#8221;stretch_row_content_no_spaces&#8221; equal_height=&#8221;yes&#8221; tc_enable_overlay=&#8221;true&#8221; css=&#8221;.vc_custom_1607630734431{background-position: center !important;background-repeat: no-repeat !important;background-size: cover !important;}&#8221;][vc_column][vc_single_image image=&#8221;3417&#8243; img_size=&#8221;full&#8221; alignment=&#8221;center&#8221;][\/vc_column][\/vc_row][vc_row full_width=&#8221;stretch_row&#8221; equal_height=&#8221;yes&#8221; content_placement=&#8221;middle&#8221; tc_enable_overlay=&#8221;true&#8221; css=&#8221;.vc_custom_1670403165874{padding-top: 45px !important;padding-bottom: 45px !important;}&#8221; el_class=&#8221;action-box m-b-none theme-bg-color&#8221;][vc_column width=&#8221;2\/3&#8243;][vc_column_text] Chcesz uczy\u0107 si\u0119 j\u0119zyka niemieckiego w Zurychu? Do\u0142\u0105cz do naszych kurs\u00f3w i nauki j\u0119zyk\u00f3w obcych w naszej szkole j\u0119zykowej Sprachschule Aktiv [\/vc_column_text][\/vc_column][vc_column width=&#8221;1\/3&#8243; css=&#8221;.vc_custom_1481804430561{padding-top: 15px !important;}&#8221; el_class=&#8221;text-right&#8221;][\/vc_column][\/vc_row][vc_row css=&#8221;.vc_custom_1489238430544{padding-top:&hellip; <a class=\"read-more\" href=\"https:\/\/www.sprachschule-aktiv.ch\/pl\/\" title=\"Read Home 3 &#8211; Corporate\">Read more &raquo;<\/a><\/p>\n","protected":false},"author":1,"featured_media":0,"parent":0,"menu_order":5,"comment_status":"closed","ping_status":"closed","template":"templates\/page-vc_compatible.php","meta":{"footnotes":""},"class_list":["post-1079","page","type-page","status-publish","hentry"],"yoast_head":"<!-- This site is optimized with the Yoast SEO plugin v27.1.1 - https:\/\/yoast.com\/product\/yoast-seo-wordpress\/ -->\n<title>Nauka j\u0119zyka niemieckiego w Zurychu - Sprachschule Aktiv<\/title>\n<meta name=\"description\" content=\"Oferujemy Panstwu przyst\u0119pne i efektywne kursy jezyka niemieckiego w najpi\u0119kniejszym miescie Szwajcarii.\" \/>\n<meta name=\"robots\" content=\"index, follow, max-snippet:-1, max-image-preview:large, max-video-preview:-1\" \/>\n<link rel=\"canonical\" href=\"https:\/\/www.sprachschule-aktiv.ch\/pl\/\" \/>\n<meta property=\"og:locale\" content=\"pl_PL\" \/>\n<meta property=\"og:type\" content=\"article\" \/>\n<meta property=\"og:title\" content=\"Nauka j\u0119zyka niemieckiego w Zurychu - Sprachschule Aktiv\" \/>\n<meta property=\"og:description\" content=\"Oferujemy Panstwu przyst\u0119pne i efektywne kursy jezyka niemieckiego w najpi\u0119kniejszym miescie Szwajcarii.\" \/>\n<meta property=\"og:url\" content=\"https:\/\/www.sprachschule-aktiv.ch\/pl\/\" \/>\n<meta property=\"og:site_name\" content=\"Sprachschule Aktiv\" \/>\n<meta property=\"article:modified_time\" content=\"2023-01-16T21:35:03+00:00\" \/>\n<meta name=\"twitter:card\" content=\"summary_large_image\" \/>\n<meta name=\"twitter:label1\" content=\"Szacowany czas czytania\" \/>\n\t<meta name=\"twitter:data1\" content=\"4 minuty\" \/>\n<script type=\"application\/ld+json\" class=\"yoast-schema-graph\">{\"@context\":\"https:\/\/schema.org\",\"@graph\":[{\"@type\":\"WebPage\",\"@id\":\"https:\/\/www.sprachschule-aktiv.ch\/pl\/\",\"url\":\"https:\/\/www.sprachschule-aktiv.ch\/pl\/\",\"name\":\"Nauka j\u0119zyka niemieckiego w Zurychu - Sprachschule Aktiv\",\"isPartOf\":{\"@id\":\"https:\/\/www.sprachschule-aktiv.ch\/#website\"},\"datePublished\":\"2016-08-11T12:35:27+00:00\",\"dateModified\":\"2023-01-16T21:35:03+00:00\",\"description\":\"Oferujemy Panstwu przyst\u0119pne i efektywne kursy jezyka niemieckiego w najpi\u0119kniejszym miescie Szwajcarii.\",\"breadcrumb\":{\"@id\":\"https:\/\/www.sprachschule-aktiv.ch\/pl\/#breadcrumb\"},\"inLanguage\":\"pl-PL\",\"potentialAction\":[{\"@type\":\"ReadAction\",\"target\":[\"https:\/\/www.sprachschule-aktiv.ch\/pl\/\"]}]},{\"@type\":\"BreadcrumbList\",\"@id\":\"https:\/\/www.sprachschule-aktiv.ch\/pl\/#breadcrumb\",\"itemListElement\":[{\"@type\":\"ListItem\",\"position\":1,\"name\":\"Startseite\",\"item\":\"https:\/\/www.sprachschule-aktiv.ch\/pl\/\"},{\"@type\":\"ListItem\",\"position\":2,\"name\":\"Home 3 &#8211; Corporate\"}]},{\"@type\":\"WebSite\",\"@id\":\"https:\/\/www.sprachschule-aktiv.ch\/#website\",\"url\":\"https:\/\/www.sprachschule-aktiv.ch\/\",\"name\":\"Sprachschule Aktiv\",\"description\":\"\",\"potentialAction\":[{\"@type\":\"SearchAction\",\"target\":{\"@type\":\"EntryPoint\",\"urlTemplate\":\"https:\/\/www.sprachschule-aktiv.ch\/?s={search_term_string}\"},\"query-input\":{\"@type\":\"PropertyValueSpecification\",\"valueRequired\":true,\"valueName\":\"search_term_string\"}}],\"inLanguage\":\"pl-PL\"}]}<\/script>\n<!-- \/ Yoast SEO plugin. -->","yoast_head_json":{"title":"Nauka j\u0119zyka niemieckiego w Zurychu - Sprachschule Aktiv","description":"Oferujemy Panstwu przyst\u0119pne i efektywne kursy jezyka niemieckiego w najpi\u0119kniejszym miescie Szwajcarii.","robots":{"index":"index","follow":"follow","max-snippet":"max-snippet:-1","max-image-preview":"max-image-preview:large","max-video-preview":"max-video-preview:-1"},"canonical":"https:\/\/www.sprachschule-aktiv.ch\/pl\/","og_locale":"pl_PL","og_type":"article","og_title":"Nauka j\u0119zyka niemieckiego w Zurychu - Sprachschule Aktiv","og_description":"Oferujemy Panstwu przyst\u0119pne i efektywne kursy jezyka niemieckiego w najpi\u0119kniejszym miescie Szwajcarii.","og_url":"https:\/\/www.sprachschule-aktiv.ch\/pl\/","og_site_name":"Sprachschule Aktiv","article_modified_time":"2023-01-16T21:35:03+00:00","twitter_card":"summary_large_image","twitter_misc":{"Szacowany czas czytania":"4 minuty"},"schema":{"@context":"https:\/\/schema.org","@graph":[{"@type":"WebPage","@id":"https:\/\/www.sprachschule-aktiv.ch\/pl\/","url":"https:\/\/www.sprachschule-aktiv.ch\/pl\/","name":"Nauka j\u0119zyka niemieckiego w Zurychu - Sprachschule Aktiv","isPartOf":{"@id":"https:\/\/www.sprachschule-aktiv.ch\/#website"},"datePublished":"2016-08-11T12:35:27+00:00","dateModified":"2023-01-16T21:35:03+00:00","description":"Oferujemy Panstwu przyst\u0119pne i efektywne kursy jezyka niemieckiego w najpi\u0119kniejszym miescie Szwajcarii.","breadcrumb":{"@id":"https:\/\/www.sprachschule-aktiv.ch\/pl\/#breadcrumb"},"inLanguage":"pl-PL","potentialAction":[{"@type":"ReadAction","target":["https:\/\/www.sprachschule-aktiv.ch\/pl\/"]}]},{"@type":"BreadcrumbList","@id":"https:\/\/www.sprachschule-aktiv.ch\/pl\/#breadcrumb","itemListElement":[{"@type":"ListItem","position":1,"name":"Startseite","item":"https:\/\/www.sprachschule-aktiv.ch\/pl\/"},{"@type":"ListItem","position":2,"name":"Home 3 &#8211; Corporate"}]},{"@type":"WebSite","@id":"https:\/\/www.sprachschule-aktiv.ch\/#website","url":"https:\/\/www.sprachschule-aktiv.ch\/","name":"Sprachschule Aktiv","description":"","potentialAction":[{"@type":"SearchAction","target":{"@type":"EntryPoint","urlTemplate":"https:\/\/www.sprachschule-aktiv.ch\/?s={search_term_string}"},"query-input":{"@type":"PropertyValueSpecification","valueRequired":true,"valueName":"search_term_string"}}],"inLanguage":"pl-PL"}]}},"_links":{"self":[{"href":"https:\/\/www.sprachschule-aktiv.ch\/pl\/wp-json\/wp\/v2\/pages\/1079","targetHints":{"allow":["GET"]}}],"collection":[{"href":"https:\/\/www.sprachschule-aktiv.ch\/pl\/wp-json\/wp\/v2\/pages"}],"about":[{"href":"https:\/\/www.sprachschule-aktiv.ch\/pl\/wp-json\/wp\/v2\/types\/page"}],"author":[{"embeddable":true,"href":"https:\/\/www.sprachschule-aktiv.ch\/pl\/wp-json\/wp\/v2\/users\/1"}],"replies":[{"embeddable":true,"href":"https:\/\/www.sprachschule-aktiv.ch\/pl\/wp-json\/wp\/v2\/comments?post=1079"}],"version-history":[{"count":5,"href":"https:\/\/www.sprachschule-aktiv.ch\/pl\/wp-json\/wp\/v2\/pages\/1079\/revisions"}],"predecessor-version":[{"id":5462,"href":"https:\/\/www.sprachschule-aktiv.ch\/pl\/wp-json\/wp\/v2\/pages\/1079\/revisions\/5462"}],"wp:attachment":[{"href":"https:\/\/www.sprachschule-aktiv.ch\/pl\/wp-json\/wp\/v2\/media?parent=1079"}],"curies":[{"name":"wp","href":"https:\/\/api.w.org\/{rel}","templated":true}]}}