{"id":733,"date":"2016-08-11T12:35:27","date_gmt":"2016-08-11T12:35:27","guid":{"rendered":"https:\/\/www.sprachschule-aktiv.ch\/home-3-corporate\/"},"modified":"2023-01-16T22:34:20","modified_gmt":"2023-01-16T21:34:20","slug":"home-3-corporate","status":"publish","type":"page","link":"https:\/\/www.sprachschule-aktiv.ch\/it\/","title":{"rendered":"Home 3 &#8211; Corporate"},"content":{"rendered":"<p>[vc_row full_width=&#8221;stretch_row_content_no_spaces&#8221; equal_height=&#8221;yes&#8221; tc_enable_overlay=&#8221;true&#8221; css=&#8221;.vc_custom_1607630998655{background-position: center !important;background-repeat: no-repeat !important;background-size: cover !important;}&#8221;][vc_column][vc_single_image image=&#8221;3461&#8243; img_size=&#8221;full&#8221; alignment=&#8221;center&#8221;][\/vc_column][\/vc_row][vc_row full_width=&#8221;stretch_row&#8221; equal_height=&#8221;yes&#8221; content_placement=&#8221;middle&#8221; tc_enable_overlay=&#8221;true&#8221; css=&#8221;.vc_custom_1670401028717{padding-top: 45px !important;padding-bottom: 45px !important;}&#8221; el_class=&#8221;action-box m-b-none theme-bg-color&#8221;][vc_column width=&#8221;2\/3&#8243;][vc_column_text]<\/p>\n<h3 class=\"text-white\">Volete imparare il tedesco a Zurigo?<\/h3>\n<p class=\"text-white\">Partecipa ai nostri corsi e imparare le lingue nella nostra scuola di lingua Sprachschule Aktiv<\/p>\n<p>[\/vc_column_text][\/vc_column][vc_column width=&#8221;1\/3&#8243; css=&#8221;.vc_custom_1481804430561{padding-top: 15px !important;}&#8221; el_class=&#8221;text-right&#8221;]\t<div class=\"vc_btn3-container vc_btn3-inline\">\n\t\t<a href=\"https:\/\/www.sprachschule-aktiv.ch\/it\/registrazione\/\" class=\"pgs_btn pgs_btn_style_2 pgs_btn_xl\">\n\t\t\t<span>\n\t\t\t\tIscriviti ora!\t\t\t<\/span>\n\t\t\t\t\t\t<i class=\"fa fa-chevron-right\"><\/i>\n\t\t\t\t\t<\/a>\n\t<\/div>\n\t[\/vc_column][\/vc_row][vc_row css=&#8221;.vc_custom_1489238430544{padding-top: 50px !important;}&#8221;][vc_column css=&#8221;.vc_custom_1489228440142{padding-right: 20px !important;}&#8221;][vc_column_text]<\/p>\n<h1>Corso di tedesco a Zurigo \u2013 Scuola di lingue per corsi di tedesco<\/h1>\n<p>Corsi di tedesco a Zurigo a tutti i livelli A1, A2, B1, B2, C1, C2. Imparare il tedesco a Zurigo in piccoli gruppi con una lezione di prova gratuita. Scuola di lingue per corsi di tedesco. Studiare e imparare il tedesco nella citt\u00e0 pi\u00f9 bella della Svizzera. Offriamo corsi di lingua efficaci e convenienti. I nostri competenti insegnanti di tedesco sono ovviamente madrelingua, in modo tale da poter subito venire a contatto con la giusta pronuncia del tedesco. Si ha la scelta di poter valutare tra diversi corsi di lingua, in modo da giungere quanto pi\u00f9 velocemente possibile al suo obiettivo di apprendimento.[\/vc_column_text][\/vc_column][\/vc_row][vc_row css=&#8221;.vc_custom_1489239192762{padding-bottom: 50px !important;}&#8221;][vc_column width=&#8221;1\/3&#8243; css=&#8221;.vc_custom_1489228440142{padding-right: 20px !important;}&#8221;][vc_single_image image=&#8221;742&#8243; img_size=&#8221;full&#8221; onclick=&#8221;custom_link&#8221; link=&#8221;https:\/\/www.sprachschule-aktiv.ch\/it\/contatto\/&#8221;][vc_column_text]<\/p>\n<h2>Avete domande?<\/h2>\n<p>Scrivici e ti aiuteremo![\/vc_column_text]\t<div class=\"vc_btn3-container vc_btn3-inline\">\n\t\t<a href=\"https:\/\/www.sprachschule-aktiv.ch\/it\/contatto\/\" class=\"pgs_btn pgs_btn_style_1 pgs_btn_lg\">\n\t\t\t<span>\n\t\t\t\tScrivi ora\t\t\t<\/span>\n\t\t\t\t\t\t<i class=\"fas fa-angle-double-right\"><\/i>\n\t\t\t\t\t<\/a>\n\t<\/div>\n\t[\/vc_column][vc_column width=&#8221;1\/3&#8243;][vc_single_image image=&#8221;743&#8243; img_size=&#8221;full&#8221; onclick=&#8221;custom_link&#8221; link=&#8221;https:\/\/www.sprachschule-aktiv.ch\/it\/registrazione\/&#8221;][vc_column_text]<\/p>\n<h2>Volete imparare il tedesco?<\/h2>\n<p>Iscriviti ora al Sprachschule Aktiv[\/vc_column_text]\t<div class=\"vc_btn3-container vc_btn3-inline\">\n\t\t<a href=\"https:\/\/www.sprachschule-aktiv.ch\/it\/registrazione\/\" class=\"pgs_btn pgs_btn_style_1 pgs_btn_lg\">\n\t\t\t<span>\n\t\t\t\tIscriviti subito alla nostra scuola\t\t\t<\/span>\n\t\t\t\t\t\t<i class=\"fas fa-angle-double-right\"><\/i>\n\t\t\t\t\t<\/a>\n\t<\/div>\n\t[\/vc_column][vc_column width=&#8221;1\/3&#8243;][\/vc_column][\/vc_row][vc_row full_width=&#8221;stretch_row&#8221; css=&#8221;.vc_custom_1489334925177{padding-top: 50px !important;padding-bottom: 40px !important;background-color: #f9f9f9 !important;}&#8221;][vc_column css=&#8221;.vc_custom_1489228440142{padding-right: 20px !important;}&#8221;][vc_column_text]<\/p>\n<h2>Corsi di tedesco A1, A2, B1, B2, C1, C2 \u2013 I nostri prezzi e i nostri incontri<\/h2>\n<p>Da noi si pu\u00f2 usufruire di <a href=\"https:\/\/www.sprachschule-aktiv.ch\/it\/corsi-intensivi-di-tedesco-a-zurigo\/\">corsi per principianti fino a corsi avanzati<\/a>. Ci sono corsi ai livelli A1, A2, B1, B2, C1 und C2. Di seguito i nostri prezzi e giorni di inizio.<\/p>\n<p>\n<table id=\"tablepress-5\" class=\"tablepress tablepress-id-5 tablepress-responsive\">\n<thead>\n<tr class=\"row-1\">\n\t<th class=\"column-1\">Piano di studio<\/th><th class=\"column-2\">Inizio del corso per avanzati<\/th><th class=\"column-3\">Inizio del corso per principianti<\/th><td class=\"column-4\"><\/td><td class=\"column-5\"><\/td>\n<\/tr>\n<\/thead>\n<tbody class=\"row-striping row-hover\">\n<tr class=\"row-2\">\n\t<td class=\"column-1\">Luned\u00ec-venerd\u00ec dalle 9:00 alle 12:00<\/td><td class=\"column-2\">Ogni luned\u00ec dopo un test d\u2019ingresso<\/td><td class=\"column-3\">Primo luned\u00ec del mese<\/td><td class=\"column-4\"><\/td><td class=\"column-5\"><\/td>\n<\/tr>\n<tr class=\"row-3\">\n\t<td class=\"column-1\"><\/td><td class=\"column-2\"><\/td><td class=\"column-3\"><\/td><td class=\"column-4\"><\/td><td class=\"column-5\"><\/td>\n<\/tr>\n<tr class=\"row-4\">\n\t<td class=\"column-1\"><h2>Prezzi:<\/h2><\/td><td class=\"column-2\"><\/td><td class=\"column-3\"><\/td><td class=\"column-4\"><\/td><td class=\"column-5\"><\/td>\n<\/tr>\n<tr class=\"row-5\">\n\t<td class=\"column-1\">1 settimana: 395 CHF<br \/>\n2 settimane: 580 CHF<br \/>\n3 settimane: 675 CHF <br \/>\n4 settimane (al mese): 790 CHF<\/td><td class=\"column-2\"><\/td><td class=\"column-3\"><\/td><td class=\"column-4\"><\/td><td class=\"column-5\"><\/td>\n<\/tr>\n<\/tbody>\n<\/table>\n<!-- #tablepress-5 from cache -->[\/vc_column_text][\/vc_column][\/vc_row][vc_row full_width=&#8221;stretch_row&#8221; css=&#8221;.vc_custom_1670401133826{padding-top: 20px !important;background-position: 0 0 !important;background-repeat: no-repeat !important;}&#8221;][vc_column css=&#8221;.vc_custom_1489228440142{padding-right: 20px !important;}&#8221;][vc_column_text]<\/p>\n<h2>Insegniamo in piccoli gruppi<\/h2>\n<p>Per un maggior apprendimento c\u2018\u00e8 una grandezza ridotta dei gruppi. Ai \u00e8 attenti al fatto che, nessuno dei nostri gruppi superi i dieci partecipanti. Cos\u00ec possono concentrarsi intensivamente alla lezione, avendo buone opportunit\u00e0 di parlare tedesco.<\/p>\n<h2>Insegnanti di tedesco competenti impartiscono le lezioni<\/h2>\n<p>Per la scelta dei professori per noi \u00e8 importante che si tratti di simpatici madrelingua. Siamo anche attenti all\u2019attitudine pedagogica e alla formazione. I qualificati insegnanti riescono senza fatica a creare un\u2019atmosfera rilassante, dove ci si trova bene. Questo \u00e8 un punto essenziale nell\u2019apprendimento di una nuova lingua. Gli studenti devono acquisire coraggio, per avere a che fare con il tedesco. Soprattutto quando sono principianti risulta spesso difficile interagire nella lezione. I nostri simpatici insegnati raccolgono le paure e in breve tempo riescono a far raggiungere ottimi risultati.[\/vc_column_text][\/vc_column][\/vc_row][vc_row full_width=&#8221;stretch_row&#8221; css=&#8221;.vc_custom_1489334925177{padding-top: 50px !important;padding-bottom: 40px !important;background-color: #f9f9f9 !important;}&#8221;][vc_column css=&#8221;.vc_custom_1489228440142{padding-right: 20px !important;}&#8221;][vc_column_text]<\/p>\n<h2>Test d\u2019ingresso e ora di prova gratuita<\/h2>\n<p>Se s ha gi\u00e0 una conoscenza base del tedesco, allora \u00e8 importante fare un test d\u2019ingresso online. Questo test pu\u00f2 essere condotto nella nostra scuola di Zurigo o semplicemente a casa. In base al risultato possiamo indicarle qual \u00e8 il corso giusto per lei. Per questo le nuove lingue vengono imparate cos\u00ec velocemente, perch\u00e9 gli studenti non vengono n\u00e9 affaticati troppo n\u00e9 troppo poco.<br \/>\nSe invece viene prenotato un corso, pu\u00f2 essere che all\u2019inizio possa annoiare perch\u00e9 ci si rende conto che gi\u00e0 si domina quel livello linguistico. Svantaggioso \u00e8 anche quando si sceglie un corso troppo difficile per le proprie conoscenze, che poi porta ad un apprendimento pi\u00f9 lento, e in alcuni casi anche a frustazione.<br \/>\nSi inizia con un\u2019ora di prova. Bisogna prestare attenzione alle qualit\u00e0 pedagogiche cos\u00ec come alla trasmissione. Ogni studente deve stare bene con il proprio insegnante.<\/p>\n<h2>Provvediamo al Visum per la Svizzera<\/h2>\n<p>Se vuole seguire un corso di tedesco da noi, pu\u00f2 ricevere un Visum studentesco. Le formalit\u00e0 burocratiche sono molte e una conoscenza base del tedesco rende il tutto pi\u00f9 complicato. Noi ci occupiamo di tutte queste formalit\u00e0 e dei corsi burocratici.[\/vc_column_text][\/vc_column][\/vc_row][vc_row full_width=&#8221;stretch_row&#8221; css=&#8221;.vc_custom_1489335391149{padding-top: 50px !important;padding-bottom: 30px !important;}&#8221;][vc_column css=&#8221;.vc_custom_1489228440142{padding-right: 20px !important;}&#8221;][vc_column_text]<\/p>\n<h2>La nostra scuola \u00e8 al centro di Zurigo<\/h2>\n<p>[\/vc_column_text][vc_row_inner][vc_column_inner width=&#8221;1\/2&#8243;][vc_single_image image=&#8221;745&#8243; img_size=&#8221;full&#8221; style=&#8221;vc_box_outline&#8221; css=&#8221;.vc_custom_1489355999189{padding-top: 15px !important;}&#8221;][\/vc_column_inner][vc_column_inner width=&#8221;1\/2&#8243;][vc_column_text]La nostra scuola si trova in Wehntalerstrasse 293, 8046 Zurigo. Con il PKW o con i mezzi pubblici si raggiunge senza difficolt\u00e0 la nostra struttura.[\/vc_column_text][vc_gmaps link=&#8221;#E-8_JTNDaWZyYW1lJTIwc3JjJTNEJTIyaHR0cHMlM0ElMkYlMkZ3d3cuZ29vZ2xlLmNvbSUyRm1hcHMlMkZlbWJlZCUzRnBiJTNEJTIxMW0xOCUyMTFtMTIlMjExbTMlMjExZDI3MDAuMDIyMjMyNzE4Njk0JTIxMmQ4LjUyMjg1MTUxNTc5NTgwMiUyMTNkNDcuNDExNTA3NTA5NDI3NTElMjEybTMlMjExZjAlMjEyZjAlMjEzZjAlMjEzbTIlMjExaTEwMjQlMjEyaTc2OCUyMTRmMTMuMSUyMTNtMyUyMTFtMiUyMTFzMHg0NzkwMGFmNDZkMmUwNGJkJTI1M0EweDI2ZTI1ZWU5MmU1NjUxZmIlMjEyc1NwcmFjaHNjaHVsZSUyQkFrdGl2JTJCWiUyNUMzJTI1QkNyaWNoJTIxNWUwJTIxM20yJTIxMXNlcyUyMTJzZGUlMjE0djE0ODkyMzI0NTMyMTclMjIlMjB3aWR0aCUzRCUyMjEwMCUyNSUyMiUyMGhlaWdodCUzRCUyMjI4MCUyMiUyMGZyYW1lYm9yZGVyJTNEJTIyMCUyMiUyMHN0eWxlJTNEJTIyYm9yZGVyJTNBMCUyMiUyMGFsbG93ZnVsbHNjcmVlbiUzRSUzQyUyRmlmcmFtZSUzRQ==&#8221;][\/vc_column_inner][\/vc_row_inner][\/vc_column][\/vc_row][vc_row full_width=&#8221;stretch_row&#8221; css=&#8221;.vc_custom_1489335406405{padding-top: 50px !important;padding-bottom: 30px !important;background-color: #f9f9f9 !important;}&#8221;][vc_column css=&#8221;.vc_custom_1489228440142{padding-right: 20px !important;}&#8221;][vc_column_text]<\/p>\n<h2>Organizziamo gite e attivit\u00e0 per il tempo libero dopo il corso di tedesco<\/h2>\n<p>I nostri professori non sono da considerarsi solo come pedagoghi, poich\u00e9 avvicinano gli studenti alla cultura e alla vita tedesca. Per questo vengono <a href=\"https:\/\/www.sprachschule-aktiv.ch\/it\/zurigo\/\">organizzate regolarmente gite e altri eventi dopo i corsi di tedesco.<\/a>[\/vc_column_text][\/vc_column][\/vc_row]<\/p>\n","protected":false},"excerpt":{"rendered":"<p>[vc_row full_width=&#8221;stretch_row_content_no_spaces&#8221; equal_height=&#8221;yes&#8221; tc_enable_overlay=&#8221;true&#8221; css=&#8221;.vc_custom_1607630998655{background-position: center !important;background-repeat: no-repeat !important;background-size: cover !important;}&#8221;][vc_column][vc_single_image image=&#8221;3461&#8243; img_size=&#8221;full&#8221; alignment=&#8221;center&#8221;][\/vc_column][\/vc_row][vc_row full_width=&#8221;stretch_row&#8221; equal_height=&#8221;yes&#8221; content_placement=&#8221;middle&#8221; tc_enable_overlay=&#8221;true&#8221; css=&#8221;.vc_custom_1670401028717{padding-top: 45px !important;padding-bottom: 45px !important;}&#8221; el_class=&#8221;action-box m-b-none theme-bg-color&#8221;][vc_column width=&#8221;2\/3&#8243;][vc_column_text] Volete imparare il tedesco a Zurigo? Partecipa ai nostri corsi e imparare le lingue nella nostra scuola di lingua Sprachschule Aktiv [\/vc_column_text][\/vc_column][vc_column width=&#8221;1\/3&#8243; css=&#8221;.vc_custom_1481804430561{padding-top: 15px !important;}&#8221; el_class=&#8221;text-right&#8221;][\/vc_column][\/vc_row][vc_row css=&#8221;.vc_custom_1489238430544{padding-top:&hellip; <a class=\"read-more\" href=\"https:\/\/www.sprachschule-aktiv.ch\/it\/\" title=\"Read Home 3 &#8211; Corporate\">Read more &raquo;<\/a><\/p>\n","protected":false},"author":1,"featured_media":0,"parent":0,"menu_order":5,"comment_status":"closed","ping_status":"closed","template":"templates\/page-vc_compatible.php","meta":{"footnotes":""},"class_list":["post-733","page","type-page","status-publish","hentry"],"yoast_head":"<!-- This site is optimized with the Yoast SEO plugin v27.1.1 - https:\/\/yoast.com\/product\/yoast-seo-wordpress\/ -->\n<title>Corso di tedesco a Zurigo \u2013 Scuola di lingue Z\u00fcrich<\/title>\n<meta name=\"description\" content=\"Corsi di tedesco a Zurigo a tutti i livelli A1, A2, B1, B2, C1, C2. Imparare il tedesco a Zurigo in piccoli gruppi con una lezione di prova gratuita.\" \/>\n<meta name=\"robots\" content=\"index, follow, max-snippet:-1, max-image-preview:large, max-video-preview:-1\" \/>\n<link rel=\"canonical\" href=\"https:\/\/www.sprachschule-aktiv.ch\/it\/\" \/>\n<meta property=\"og:locale\" content=\"it_IT\" \/>\n<meta property=\"og:type\" content=\"article\" \/>\n<meta property=\"og:title\" content=\"Corso di tedesco a Zurigo \u2013 Scuola di lingue Z\u00fcrich\" \/>\n<meta property=\"og:description\" content=\"Corsi di tedesco a Zurigo a tutti i livelli A1, A2, B1, B2, C1, C2. Imparare il tedesco a Zurigo in piccoli gruppi con una lezione di prova gratuita.\" \/>\n<meta property=\"og:url\" content=\"https:\/\/www.sprachschule-aktiv.ch\/it\/\" \/>\n<meta property=\"og:site_name\" content=\"Sprachschule Aktiv\" \/>\n<meta property=\"article:modified_time\" content=\"2023-01-16T21:34:20+00:00\" \/>\n<meta name=\"twitter:card\" content=\"summary_large_image\" \/>\n<meta name=\"twitter:label1\" content=\"Tempo di lettura stimato\" \/>\n\t<meta name=\"twitter:data1\" content=\"5 minuti\" \/>\n<script type=\"application\/ld+json\" class=\"yoast-schema-graph\">{\"@context\":\"https:\/\/schema.org\",\"@graph\":[{\"@type\":\"WebPage\",\"@id\":\"https:\/\/www.sprachschule-aktiv.ch\/it\/\",\"url\":\"https:\/\/www.sprachschule-aktiv.ch\/it\/\",\"name\":\"Corso di tedesco a Zurigo \u2013 Scuola di lingue Z\u00fcrich\",\"isPartOf\":{\"@id\":\"https:\/\/www.sprachschule-aktiv.ch\/#website\"},\"datePublished\":\"2016-08-11T12:35:27+00:00\",\"dateModified\":\"2023-01-16T21:34:20+00:00\",\"description\":\"Corsi di tedesco a Zurigo a tutti i livelli A1, A2, B1, B2, C1, C2. Imparare il tedesco a Zurigo in piccoli gruppi con una lezione di prova gratuita.\",\"breadcrumb\":{\"@id\":\"https:\/\/www.sprachschule-aktiv.ch\/it\/#breadcrumb\"},\"inLanguage\":\"it-IT\",\"potentialAction\":[{\"@type\":\"ReadAction\",\"target\":[\"https:\/\/www.sprachschule-aktiv.ch\/it\/\"]}]},{\"@type\":\"BreadcrumbList\",\"@id\":\"https:\/\/www.sprachschule-aktiv.ch\/it\/#breadcrumb\",\"itemListElement\":[{\"@type\":\"ListItem\",\"position\":1,\"name\":\"Startseite\",\"item\":\"https:\/\/www.sprachschule-aktiv.ch\/it\/\"},{\"@type\":\"ListItem\",\"position\":2,\"name\":\"Home 3 &#8211; Corporate\"}]},{\"@type\":\"WebSite\",\"@id\":\"https:\/\/www.sprachschule-aktiv.ch\/#website\",\"url\":\"https:\/\/www.sprachschule-aktiv.ch\/\",\"name\":\"Sprachschule Aktiv\",\"description\":\"\",\"potentialAction\":[{\"@type\":\"SearchAction\",\"target\":{\"@type\":\"EntryPoint\",\"urlTemplate\":\"https:\/\/www.sprachschule-aktiv.ch\/?s={search_term_string}\"},\"query-input\":{\"@type\":\"PropertyValueSpecification\",\"valueRequired\":true,\"valueName\":\"search_term_string\"}}],\"inLanguage\":\"it-IT\"}]}<\/script>\n<!-- \/ Yoast SEO plugin. -->","yoast_head_json":{"title":"Corso di tedesco a Zurigo \u2013 Scuola di lingue Z\u00fcrich","description":"Corsi di tedesco a Zurigo a tutti i livelli A1, A2, B1, B2, C1, C2. Imparare il tedesco a Zurigo in piccoli gruppi con una lezione di prova gratuita.","robots":{"index":"index","follow":"follow","max-snippet":"max-snippet:-1","max-image-preview":"max-image-preview:large","max-video-preview":"max-video-preview:-1"},"canonical":"https:\/\/www.sprachschule-aktiv.ch\/it\/","og_locale":"it_IT","og_type":"article","og_title":"Corso di tedesco a Zurigo \u2013 Scuola di lingue Z\u00fcrich","og_description":"Corsi di tedesco a Zurigo a tutti i livelli A1, A2, B1, B2, C1, C2. Imparare il tedesco a Zurigo in piccoli gruppi con una lezione di prova gratuita.","og_url":"https:\/\/www.sprachschule-aktiv.ch\/it\/","og_site_name":"Sprachschule Aktiv","article_modified_time":"2023-01-16T21:34:20+00:00","twitter_card":"summary_large_image","twitter_misc":{"Tempo di lettura stimato":"5 minuti"},"schema":{"@context":"https:\/\/schema.org","@graph":[{"@type":"WebPage","@id":"https:\/\/www.sprachschule-aktiv.ch\/it\/","url":"https:\/\/www.sprachschule-aktiv.ch\/it\/","name":"Corso di tedesco a Zurigo \u2013 Scuola di lingue Z\u00fcrich","isPartOf":{"@id":"https:\/\/www.sprachschule-aktiv.ch\/#website"},"datePublished":"2016-08-11T12:35:27+00:00","dateModified":"2023-01-16T21:34:20+00:00","description":"Corsi di tedesco a Zurigo a tutti i livelli A1, A2, B1, B2, C1, C2. Imparare il tedesco a Zurigo in piccoli gruppi con una lezione di prova gratuita.","breadcrumb":{"@id":"https:\/\/www.sprachschule-aktiv.ch\/it\/#breadcrumb"},"inLanguage":"it-IT","potentialAction":[{"@type":"ReadAction","target":["https:\/\/www.sprachschule-aktiv.ch\/it\/"]}]},{"@type":"BreadcrumbList","@id":"https:\/\/www.sprachschule-aktiv.ch\/it\/#breadcrumb","itemListElement":[{"@type":"ListItem","position":1,"name":"Startseite","item":"https:\/\/www.sprachschule-aktiv.ch\/it\/"},{"@type":"ListItem","position":2,"name":"Home 3 &#8211; Corporate"}]},{"@type":"WebSite","@id":"https:\/\/www.sprachschule-aktiv.ch\/#website","url":"https:\/\/www.sprachschule-aktiv.ch\/","name":"Sprachschule Aktiv","description":"","potentialAction":[{"@type":"SearchAction","target":{"@type":"EntryPoint","urlTemplate":"https:\/\/www.sprachschule-aktiv.ch\/?s={search_term_string}"},"query-input":{"@type":"PropertyValueSpecification","valueRequired":true,"valueName":"search_term_string"}}],"inLanguage":"it-IT"}]}},"_links":{"self":[{"href":"https:\/\/www.sprachschule-aktiv.ch\/it\/wp-json\/wp\/v2\/pages\/733","targetHints":{"allow":["GET"]}}],"collection":[{"href":"https:\/\/www.sprachschule-aktiv.ch\/it\/wp-json\/wp\/v2\/pages"}],"about":[{"href":"https:\/\/www.sprachschule-aktiv.ch\/it\/wp-json\/wp\/v2\/types\/page"}],"author":[{"embeddable":true,"href":"https:\/\/www.sprachschule-aktiv.ch\/it\/wp-json\/wp\/v2\/users\/1"}],"replies":[{"embeddable":true,"href":"https:\/\/www.sprachschule-aktiv.ch\/it\/wp-json\/wp\/v2\/comments?post=733"}],"version-history":[{"count":6,"href":"https:\/\/www.sprachschule-aktiv.ch\/it\/wp-json\/wp\/v2\/pages\/733\/revisions"}],"predecessor-version":[{"id":5460,"href":"https:\/\/www.sprachschule-aktiv.ch\/it\/wp-json\/wp\/v2\/pages\/733\/revisions\/5460"}],"wp:attachment":[{"href":"https:\/\/www.sprachschule-aktiv.ch\/it\/wp-json\/wp\/v2\/media?parent=733"}],"curies":[{"name":"wp","href":"https:\/\/api.w.org\/{rel}","templated":true}]}}