{"id":2123,"date":"2017-07-28T08:31:12","date_gmt":"2017-07-28T06:31:12","guid":{"rendered":"https:\/\/www.sprachschule-aktiv.ch\/?page_id=2123\/"},"modified":"2022-12-07T09:44:55","modified_gmt":"2022-12-07T08:44:55","slug":"corsi-intensivi-di-tedesco-a-zurigo","status":"publish","type":"page","link":"https:\/\/www.sprachschule-aktiv.ch\/it\/corsi-intensivi-di-tedesco-a-zurigo\/","title":{"rendered":"Corsi intensivi di tedesco a Zurigo"},"content":{"rendered":"<p>[vc_row css=&#8221;.vc_custom_1670402284712{margin-top: 25px !important;}&#8221;][vc_column][vc_column_text]<\/p>\n<h1>&gt;Corsi intensivi di tedesco a Zurigo A1, A2, B1, B2, C1, C2<\/h1>\n<p>Corsi di tedesco per principianti e corsi di tedesco avanzato in tutti i livelli: A1, A2, B1, B2, C1, C2.<\/p>\n<p>I corsi intensivi di tedesco sono utili in ogni ambito, per lavoro, studio o vacanze.<\/p>\n<h2>Corso intensivo di tedesco in piccoli gruppi<\/h2>\n<p>Il corso intensivo si tiene ogni giorno, dal luned\u00ec al venerd\u00ec. Per questo \u00e8 quasi impossibile che dimentichiate quello che imparate a lezione. Inoltre, a Zurigo avrete la possibilit\u00e0 di praticare la lingua anche nel tempo libero. Le lezioni si svolgono esclusivamente in piccoli gruppi, pertanto avrete spesso la possibilit\u00e0 di parlare. Inoltre non avrete tanti falsi modelli.<\/p>\n<p>Nell\u00b4apprendimento della lingua in gruppo pu\u00f2 capitare di acquisire la pronuncia sbagliata di un compagno di corso. Studiando in piccoli gruppi questo problema si presenta molto meno.[\/vc_column_text][\/vc_column][\/vc_row][vc_row full_width=&#8221;stretch_row&#8221; css=&#8221;.vc_custom_1670402370851{padding-top: 15px !important;padding-bottom: 25px !important;background-color: #f8f8f8 !important;}&#8221;][vc_column][vc_column_text]<\/p>\n<h2>Trovate il gruppo giusto grazie ad un test di livello gratuito<\/h2>\n<p>Potete imparare il tedesco partendo dal corso per principianti fino al livello avanzato. Vi offriamo corsi dal livello A fino al livello C. Ovviamente al termine del corso riceverete un certificato che attesti il vostro nuovo livello di lingua.[\/vc_column_text][vc_row_inner][vc_column_inner width=&#8221;1\/2&#8243;][vc_column_text]<iframe loading=\"lazy\" src=\"https:\/\/www.youtube.com\/embed\/OmlDX1rDL-w\" width=\"100%\" height=\"315\" frameborder=\"0\" allowfullscreen=\"allowfullscreen\"><\/iframe>[\/vc_column_text][\/vc_column_inner][vc_column_inner width=&#8221;1\/2&#8243;][vc_column_text] Per chi abbia gi\u00e0 acquisito conoscenze di base della lingua, potrebbe essere difficile valutare autonomamente il proprio livello. Per questo offriamo la possibilit\u00e0 di svolgere un test di livello gratuito. Potrete svolgerlo comodamente online a casa vostra. Se volete invece conoscere la nostra scuola, potete venire nella nostra sede di Zurigo e svolgere qui il test. In base ai risultati vi offriremo il corso pi\u00f9 adatto a voi. Cos\u00ec non perderete tempo ad apprendere contenuti che gi\u00e0 conoscete e allo stesso tempo non dovrete svolgere un corso troppo difficile per voi.[\/vc_column_text][\/vc_column_inner][\/vc_row_inner][vc_column_text]<\/p>\n<h2>Corsi intensivi con insegnanti qualificati<\/h2>\n<p>Uno dei componenti pi\u00f9 importanti per apprendere con successo la lingua \u00e8 sicuramente il docente, che ha innanzitutto il compito di trasmettere la materia d\u00b4insegnamento. Deve inoltre trasmettere il desiderio di rapportarsi con la nuova lingua. Siamo sempre attenti affinch\u00e9 l\u00b4insegnante sia cordiale e gentile. Il rapporto personale con l\u2019insegnante \u00e8 un importante fattore per il successo nell\u00b4 apprendimento. Se c\u2019\u00e8 un buon rapporto con il docente, allora frequenterete volentieri le lezioni e farete presto grossi progressi. Ovviamente siamo molto attenti anche a fornirvi insegnanti qualificati. Un\u2019idoneit\u00e0 all\u00b4insegnamento \u00e8 un requisito fondamentale per lavorare da noi. I nostri insegnanti sono il vostro successo. Per questo ci concediamo molto tempo per la loro selezione.[\/vc_column_text][\/vc_column][\/vc_row][vc_row][vc_column][vc_column_text]<\/p>\n<h2>Test di livello, Ora di prova gratuita e garanzia di rimborso<\/h2>\n<p>Per noi \u00e8 importante che voi siate soddisfatti del corso. Se non siete ancora sicuri di voler intraprendere un corso di lingua presso la nostra scuola a Zurigo, vi consigliamo di partecipare ad un\u2019ora di prova gratuita. Un ulteriore servizio che vi offriamo \u00e8 il test di livello gratuito. Cos\u00ec non perderete tempo e potremo assegnarvi al corso pi\u00f9 adatto. La prima ora di lezione viene sempre considerata come ora di prova. Se non sarete soddisfatti del servizio che vi offriamo verrete rimborsati.<\/p>\n<h2>Gli orari e i prezzi dei nostri corsi intensivi a Zurigo<\/h2>\n<p>Potete scegliere fra corsi di mattina e corsi serali. Le lezioni si svolgono tutti i giorni.<\/p>\n<p>[\/vc_column_text][vc_row_inner][vc_column_inner width=&#8221;1\/2&#8243;][vc_column_text]<img loading=\"lazy\" decoding=\"async\" class=\"alignnone size-full wp-image-4773\" src=\"https:\/\/www.sprachschule-aktiv.ch\/wp-content\/uploads\/2022\/10\/schweizer-deutsch-sprachkurse-zuerich.webp\" alt=\"Corsi intensivi di tedesco a Zurigo A1, A2, B1, B2, C1, C2\" width=\"2560\" height=\"1707\" srcset=\"https:\/\/www.sprachschule-aktiv.ch\/wp-content\/uploads\/2022\/10\/schweizer-deutsch-sprachkurse-zuerich.webp 2560w, https:\/\/www.sprachschule-aktiv.ch\/wp-content\/uploads\/2022\/10\/schweizer-deutsch-sprachkurse-zuerich-300x200.webp 300w, https:\/\/www.sprachschule-aktiv.ch\/wp-content\/uploads\/2022\/10\/schweizer-deutsch-sprachkurse-zuerich-1024x683.webp 1024w, https:\/\/www.sprachschule-aktiv.ch\/wp-content\/uploads\/2022\/10\/schweizer-deutsch-sprachkurse-zuerich-768x512.webp 768w, https:\/\/www.sprachschule-aktiv.ch\/wp-content\/uploads\/2022\/10\/schweizer-deutsch-sprachkurse-zuerich-1536x1024.webp 1536w, https:\/\/www.sprachschule-aktiv.ch\/wp-content\/uploads\/2022\/10\/schweizer-deutsch-sprachkurse-zuerich-2048x1366.webp 2048w\" sizes=\"auto, (max-width: 2560px) 100vw, 2560px\" \/>[\/vc_column_text][\/vc_column_inner][vc_column_inner width=&#8221;1\/2&#8243;][vc_column_text]<strong>Orario delle lezioni: <\/strong>dal luned\u00ec al venerd\u00ec dalle 9.00 alle 12.00<\/p>\n<p>I nostri prezzi sono scaglionati. Pi\u00f9 \u00e8 lungo il corso che prenotate, pi\u00f9 basso \u00e8 il prezzo:<\/p>\n<p>1 settimana costa 345 CHF<br \/>\n2 settimane costano solo 530 CHF<br \/>\n3 settimane costano 625 CHF<br \/>\n4 settimane: 740 CHF (al mese)<\/p>\n<p>Giorni di inizio per tutti i livelli da A1 a C2:[\/vc_column_text][\/vc_column_inner][\/vc_row_inner][\/vc_column][\/vc_row][vc_row full_width=&#8221;stretch_row&#8221; css=&#8221;.vc_custom_1670402661275{padding-top: 15px !important;padding-bottom: 25px !important;background-color: #f8f8f8 !important;}&#8221;][vc_column][vc_column_text]<\/p>\n<h2>Corso semi-intensivo di tedesco a Zurigo (4 settimane al prezzo di 300 CHF)<\/h2>\n<p>Questa offerta \u00e8 perfetta se volete imparare in fretta la lingua tedesca, ma non potete o non volete dedicargli cos\u00ec tanto tempo. Questa offerta \u00e8 ottima anche per i lavoratori.<\/p>\n<h2>Offriamo i seguenti orari di corso:<\/h2>\n<p>Da luned\u00ec a venerd\u00ec dalle 9:30 alle 11:00<\/p>\n<p>o la sera<\/p>\n<p>da luned\u00ec a venerd\u00ec dalle 19:00 alle 20:30<\/p>\n<p>Inizio del corso per principianti: ogni primo luned\u00ec del mese<\/p>\n<p>Inizio del corso per partecipanti di livello avanzato: i partecipanti che abbiano gi\u00e0 conoscenze del tedesco possono iniziare ogni luned\u00ec<\/p>\n<p>Livelli disponibili: offriamo corsi di tedesco per principianti e corsi avanzati dal livello A1 al C2.<\/p>\n<h2>Prezzi:<\/h2>\n<p>Per 2 settimane: 200 CHF<\/p>\n<p>Per 4 settimane: 300 CHF (al mese)[\/vc_column_text][\/vc_column][\/vc_row]<\/p>\n","protected":false},"excerpt":{"rendered":"<p>[vc_row css=&#8221;.vc_custom_1670402284712{margin-top: 25px !important;}&#8221;][vc_column][vc_column_text] &gt;Corsi intensivi di tedesco a Zurigo A1, A2, B1, B2, C1, C2 Corsi di tedesco per principianti e corsi di tedesco avanzato in tutti i livelli: A1, A2, B1, B2, C1, C2. I corsi intensivi di tedesco sono utili in ogni ambito, per lavoro, studio o vacanze. Corso intensivo di tedesco&hellip; <a class=\"read-more\" href=\"https:\/\/www.sprachschule-aktiv.ch\/it\/corsi-intensivi-di-tedesco-a-zurigo\/\" title=\"Read Corsi intensivi di tedesco a Zurigo\">Read more &raquo;<\/a><\/p>\n","protected":false},"author":2,"featured_media":0,"parent":0,"menu_order":0,"comment_status":"closed","ping_status":"closed","template":"","meta":{"footnotes":""},"class_list":["post-2123","page","type-page","status-publish","hentry"],"yoast_head":"<!-- This site is optimized with the Yoast SEO plugin v27.1.1 - https:\/\/yoast.com\/product\/yoast-seo-wordpress\/ -->\n<title>Corsi intensivi di tedesco a Zurigo A1, A2, B1, B2, C1, C2<\/title>\n<meta name=\"description\" content=\"Corsi intensivi di tedesco a Zurigo A1, A2, B1, B2, C1, C2. Corso intensivo in piccoli gruppi. Test di livello, Ora di prova gratuita e garanzia di rimborso\" \/>\n<meta name=\"robots\" content=\"index, follow, max-snippet:-1, max-image-preview:large, max-video-preview:-1\" \/>\n<link rel=\"canonical\" href=\"https:\/\/www.sprachschule-aktiv.ch\/it\/corsi-intensivi-di-tedesco-a-zurigo\/\" \/>\n<meta property=\"og:locale\" content=\"it_IT\" \/>\n<meta property=\"og:type\" content=\"article\" \/>\n<meta property=\"og:title\" content=\"Corsi intensivi di tedesco a Zurigo A1, A2, B1, B2, C1, C2\" \/>\n<meta property=\"og:description\" content=\"Corsi intensivi di tedesco a Zurigo A1, A2, B1, B2, C1, C2. Corso intensivo in piccoli gruppi. Test di livello, Ora di prova gratuita e garanzia di rimborso\" \/>\n<meta property=\"og:url\" content=\"https:\/\/www.sprachschule-aktiv.ch\/it\/corsi-intensivi-di-tedesco-a-zurigo\/\" \/>\n<meta property=\"og:site_name\" content=\"Sprachschule Aktiv\" \/>\n<meta property=\"article:modified_time\" content=\"2022-12-07T08:44:55+00:00\" \/>\n<meta property=\"og:image\" content=\"https:\/\/www.sprachschule-aktiv.ch\/wp-content\/uploads\/2022\/10\/schweizer-deutsch-sprachkurse-zuerich.webp\" \/>\n<meta name=\"twitter:card\" content=\"summary_large_image\" \/>\n<meta name=\"twitter:label1\" content=\"Tempo di lettura stimato\" \/>\n\t<meta name=\"twitter:data1\" content=\"5 minuti\" \/>\n<script type=\"application\/ld+json\" class=\"yoast-schema-graph\">{\"@context\":\"https:\/\/schema.org\",\"@graph\":[{\"@type\":\"WebPage\",\"@id\":\"https:\/\/www.sprachschule-aktiv.ch\/it\/corsi-intensivi-di-tedesco-a-zurigo\/\",\"url\":\"https:\/\/www.sprachschule-aktiv.ch\/it\/corsi-intensivi-di-tedesco-a-zurigo\/\",\"name\":\"Corsi intensivi di tedesco a Zurigo A1, A2, B1, B2, C1, C2\",\"isPartOf\":{\"@id\":\"https:\/\/www.sprachschule-aktiv.ch\/#website\"},\"primaryImageOfPage\":{\"@id\":\"https:\/\/www.sprachschule-aktiv.ch\/it\/corsi-intensivi-di-tedesco-a-zurigo\/#primaryimage\"},\"image\":{\"@id\":\"https:\/\/www.sprachschule-aktiv.ch\/it\/corsi-intensivi-di-tedesco-a-zurigo\/#primaryimage\"},\"thumbnailUrl\":\"https:\/\/www.sprachschule-aktiv.ch\/wp-content\/uploads\/2022\/10\/schweizer-deutsch-sprachkurse-zuerich.webp\",\"datePublished\":\"2017-07-28T06:31:12+00:00\",\"dateModified\":\"2022-12-07T08:44:55+00:00\",\"description\":\"Corsi intensivi di tedesco a Zurigo A1, A2, B1, B2, C1, C2. Corso intensivo in piccoli gruppi. Test di livello, Ora di prova gratuita e garanzia di rimborso\",\"breadcrumb\":{\"@id\":\"https:\/\/www.sprachschule-aktiv.ch\/it\/corsi-intensivi-di-tedesco-a-zurigo\/#breadcrumb\"},\"inLanguage\":\"it-IT\",\"potentialAction\":[{\"@type\":\"ReadAction\",\"target\":[\"https:\/\/www.sprachschule-aktiv.ch\/it\/corsi-intensivi-di-tedesco-a-zurigo\/\"]}]},{\"@type\":\"ImageObject\",\"inLanguage\":\"it-IT\",\"@id\":\"https:\/\/www.sprachschule-aktiv.ch\/it\/corsi-intensivi-di-tedesco-a-zurigo\/#primaryimage\",\"url\":\"https:\/\/www.sprachschule-aktiv.ch\/wp-content\/uploads\/2022\/10\/schweizer-deutsch-sprachkurse-zuerich.webp\",\"contentUrl\":\"https:\/\/www.sprachschule-aktiv.ch\/wp-content\/uploads\/2022\/10\/schweizer-deutsch-sprachkurse-zuerich.webp\"},{\"@type\":\"BreadcrumbList\",\"@id\":\"https:\/\/www.sprachschule-aktiv.ch\/it\/corsi-intensivi-di-tedesco-a-zurigo\/#breadcrumb\",\"itemListElement\":[{\"@type\":\"ListItem\",\"position\":1,\"name\":\"Startseite\",\"item\":\"https:\/\/www.sprachschule-aktiv.ch\/it\/\"},{\"@type\":\"ListItem\",\"position\":2,\"name\":\"Corsi intensivi di tedesco a Zurigo\"}]},{\"@type\":\"WebSite\",\"@id\":\"https:\/\/www.sprachschule-aktiv.ch\/#website\",\"url\":\"https:\/\/www.sprachschule-aktiv.ch\/\",\"name\":\"Sprachschule Aktiv\",\"description\":\"\",\"potentialAction\":[{\"@type\":\"SearchAction\",\"target\":{\"@type\":\"EntryPoint\",\"urlTemplate\":\"https:\/\/www.sprachschule-aktiv.ch\/?s={search_term_string}\"},\"query-input\":{\"@type\":\"PropertyValueSpecification\",\"valueRequired\":true,\"valueName\":\"search_term_string\"}}],\"inLanguage\":\"it-IT\"}]}<\/script>\n<!-- \/ Yoast SEO plugin. -->","yoast_head_json":{"title":"Corsi intensivi di tedesco a Zurigo A1, A2, B1, B2, C1, C2","description":"Corsi intensivi di tedesco a Zurigo A1, A2, B1, B2, C1, C2. Corso intensivo in piccoli gruppi. Test di livello, Ora di prova gratuita e garanzia di rimborso","robots":{"index":"index","follow":"follow","max-snippet":"max-snippet:-1","max-image-preview":"max-image-preview:large","max-video-preview":"max-video-preview:-1"},"canonical":"https:\/\/www.sprachschule-aktiv.ch\/it\/corsi-intensivi-di-tedesco-a-zurigo\/","og_locale":"it_IT","og_type":"article","og_title":"Corsi intensivi di tedesco a Zurigo A1, A2, B1, B2, C1, C2","og_description":"Corsi intensivi di tedesco a Zurigo A1, A2, B1, B2, C1, C2. Corso intensivo in piccoli gruppi. Test di livello, Ora di prova gratuita e garanzia di rimborso","og_url":"https:\/\/www.sprachschule-aktiv.ch\/it\/corsi-intensivi-di-tedesco-a-zurigo\/","og_site_name":"Sprachschule Aktiv","article_modified_time":"2022-12-07T08:44:55+00:00","og_image":[{"url":"https:\/\/www.sprachschule-aktiv.ch\/wp-content\/uploads\/2022\/10\/schweizer-deutsch-sprachkurse-zuerich.webp","type":"","width":"","height":""}],"twitter_card":"summary_large_image","twitter_misc":{"Tempo di lettura stimato":"5 minuti"},"schema":{"@context":"https:\/\/schema.org","@graph":[{"@type":"WebPage","@id":"https:\/\/www.sprachschule-aktiv.ch\/it\/corsi-intensivi-di-tedesco-a-zurigo\/","url":"https:\/\/www.sprachschule-aktiv.ch\/it\/corsi-intensivi-di-tedesco-a-zurigo\/","name":"Corsi intensivi di tedesco a Zurigo A1, A2, B1, B2, C1, C2","isPartOf":{"@id":"https:\/\/www.sprachschule-aktiv.ch\/#website"},"primaryImageOfPage":{"@id":"https:\/\/www.sprachschule-aktiv.ch\/it\/corsi-intensivi-di-tedesco-a-zurigo\/#primaryimage"},"image":{"@id":"https:\/\/www.sprachschule-aktiv.ch\/it\/corsi-intensivi-di-tedesco-a-zurigo\/#primaryimage"},"thumbnailUrl":"https:\/\/www.sprachschule-aktiv.ch\/wp-content\/uploads\/2022\/10\/schweizer-deutsch-sprachkurse-zuerich.webp","datePublished":"2017-07-28T06:31:12+00:00","dateModified":"2022-12-07T08:44:55+00:00","description":"Corsi intensivi di tedesco a Zurigo A1, A2, B1, B2, C1, C2. Corso intensivo in piccoli gruppi. Test di livello, Ora di prova gratuita e garanzia di rimborso","breadcrumb":{"@id":"https:\/\/www.sprachschule-aktiv.ch\/it\/corsi-intensivi-di-tedesco-a-zurigo\/#breadcrumb"},"inLanguage":"it-IT","potentialAction":[{"@type":"ReadAction","target":["https:\/\/www.sprachschule-aktiv.ch\/it\/corsi-intensivi-di-tedesco-a-zurigo\/"]}]},{"@type":"ImageObject","inLanguage":"it-IT","@id":"https:\/\/www.sprachschule-aktiv.ch\/it\/corsi-intensivi-di-tedesco-a-zurigo\/#primaryimage","url":"https:\/\/www.sprachschule-aktiv.ch\/wp-content\/uploads\/2022\/10\/schweizer-deutsch-sprachkurse-zuerich.webp","contentUrl":"https:\/\/www.sprachschule-aktiv.ch\/wp-content\/uploads\/2022\/10\/schweizer-deutsch-sprachkurse-zuerich.webp"},{"@type":"BreadcrumbList","@id":"https:\/\/www.sprachschule-aktiv.ch\/it\/corsi-intensivi-di-tedesco-a-zurigo\/#breadcrumb","itemListElement":[{"@type":"ListItem","position":1,"name":"Startseite","item":"https:\/\/www.sprachschule-aktiv.ch\/it\/"},{"@type":"ListItem","position":2,"name":"Corsi intensivi di tedesco a Zurigo"}]},{"@type":"WebSite","@id":"https:\/\/www.sprachschule-aktiv.ch\/#website","url":"https:\/\/www.sprachschule-aktiv.ch\/","name":"Sprachschule Aktiv","description":"","potentialAction":[{"@type":"SearchAction","target":{"@type":"EntryPoint","urlTemplate":"https:\/\/www.sprachschule-aktiv.ch\/?s={search_term_string}"},"query-input":{"@type":"PropertyValueSpecification","valueRequired":true,"valueName":"search_term_string"}}],"inLanguage":"it-IT"}]}},"_links":{"self":[{"href":"https:\/\/www.sprachschule-aktiv.ch\/it\/wp-json\/wp\/v2\/pages\/2123","targetHints":{"allow":["GET"]}}],"collection":[{"href":"https:\/\/www.sprachschule-aktiv.ch\/it\/wp-json\/wp\/v2\/pages"}],"about":[{"href":"https:\/\/www.sprachschule-aktiv.ch\/it\/wp-json\/wp\/v2\/types\/page"}],"author":[{"embeddable":true,"href":"https:\/\/www.sprachschule-aktiv.ch\/it\/wp-json\/wp\/v2\/users\/2"}],"replies":[{"embeddable":true,"href":"https:\/\/www.sprachschule-aktiv.ch\/it\/wp-json\/wp\/v2\/comments?post=2123"}],"version-history":[{"count":3,"href":"https:\/\/www.sprachschule-aktiv.ch\/it\/wp-json\/wp\/v2\/pages\/2123\/revisions"}],"predecessor-version":[{"id":5266,"href":"https:\/\/www.sprachschule-aktiv.ch\/it\/wp-json\/wp\/v2\/pages\/2123\/revisions\/5266"}],"wp:attachment":[{"href":"https:\/\/www.sprachschule-aktiv.ch\/it\/wp-json\/wp\/v2\/media?parent=2123"}],"curies":[{"name":"wp","href":"https:\/\/api.w.org\/{rel}","templated":true}]}}