{"id":2120,"date":"2017-07-28T08:23:20","date_gmt":"2017-07-28T06:23:20","guid":{"rendered":"https:\/\/www.sprachschule-aktiv.ch\/?page_id=2120\/"},"modified":"2023-10-10T09:48:38","modified_gmt":"2023-10-10T07:48:38","slug":"testdaf-a-zurigo","status":"publish","type":"page","link":"https:\/\/www.sprachschule-aktiv.ch\/it\/testdaf-a-zurigo\/","title":{"rendered":"TestDaF a Zurigo"},"content":{"rendered":"<p>[vc_row css=&#8221;.vc_custom_1670401323915{margin-top: 25px !important;}&#8221;][vc_column][vc_column_text]<\/p>\n<h1>Preparazione per il TestDaF a Zurigo<\/h1>\n<p>Per proseguire gli studi presso l\u00b4universit\u00e0 di Zurigo o presso una delle altre universit\u00e0 qui presenti, \u00e8 assolutamente necessario attestare di avere una solida conoscenza della lingua tedesca. Per questo \u00e8 necessario svolgere il TestDaF (Test Deutsch als Fremdsprache).[\/vc_column_text][vc_row_inner][vc_column_inner width=&#8221;1\/2&#8243;][vc_column_text]<iframe loading=\"lazy\" src=\"https:\/\/www.youtube.com\/embed\/OmlDX1rDL-w\" width=\"100%\" height=\"315\" frameborder=\"0\" allowfullscreen=\"allowfullscreen\"><\/iframe>[\/vc_column_text][\/vc_column_inner][vc_column_inner width=&#8221;1\/2&#8243;][vc_column_text]I livelli linguistici presentati nel quadro comune europeo di riferimento sono sei (A1, A2, B1, B2, C1 e C2). Per sostenere l\u00b4esame TestDaF, le vostre conoscenze linguistiche devono corrispondere ad un livello compreso tra il B1 e il C1. Dal momento che questo test risulta impegnativo anche per chi ha una buona conoscenza della lingua, vi consigliamo di partecipare a uno dei corsi di preparazione offerti dalla Sprachschule \u2013 Aktiv di Zurigo.[\/vc_column_text][\/vc_column_inner][\/vc_row_inner][\/vc_column][\/vc_row][vc_row full_width=&#8221;stretch_row&#8221; css=&#8221;.vc_custom_1670401440987{padding-top: 15px !important;padding-bottom: 25px !important;background-color: #f8f8f8 !important;}&#8221;][vc_column][vc_column_text]<\/p>\n<h2>TestDaF Zurigo \u2013 Corsi di preparazione \u2013 Corsi per l\u00b4esame TestDaF \u2013 Informatevi adesso!<\/h2>\n<p>Per superare il TestDaF con successo \u00e8 importante poter svolgere spesso delle simulazioni di esame. Per questo gran parte del lavoro di preparazione consiste nello svolgimento di modelli di esame. Inoltre faremo esercizi preparatori per tutte le parti del test: ascolto, lettura, parlato e scritto. Cos\u00ec saprete esattamente cosa aspettarvi all\u00b4esame e sarete pronti a svolgere il test.<\/p>\n<h2>Quali requisiti dovete possedere per il TestDaF<\/h2>\n<p>[\/vc_column_text][vc_row_inner][vc_column_inner width=&#8221;1\/2&#8243;][vc_column_text]<img loading=\"lazy\" decoding=\"async\" class=\"alignnone size-full wp-image-5085\" src=\"https:\/\/www.sprachschule-aktiv.ch\/wp-content\/uploads\/2022\/11\/daenisch-intensivkurse-anfaenger-und-fortgeschrittene.jpg\" alt=\"Preparazione per il TestDaF a Zurigo\" width=\"700\" height=\"467\" srcset=\"https:\/\/www.sprachschule-aktiv.ch\/wp-content\/uploads\/2022\/11\/daenisch-intensivkurse-anfaenger-und-fortgeschrittene.jpg 700w, https:\/\/www.sprachschule-aktiv.ch\/wp-content\/uploads\/2022\/11\/daenisch-intensivkurse-anfaenger-und-fortgeschrittene-300x200.jpg 300w\" sizes=\"auto, (max-width: 700px) 100vw, 700px\" \/>[\/vc_column_text][\/vc_column_inner][vc_column_inner width=&#8221;1\/2&#8243;][vc_column_text]Per svolgere con successo il corso di preparazione, dovreste gi\u00e0 possedere una buona conoscenza linguistica; \u00e8 necessario infatti possedere un livello B2. Conoscenze di livello intermedio non sono in genere sufficienti per seguire una lezione universitaria. E\u00b4 molto meglio possedere un livello avanzato. Per sapere se il vostro livello corrisponde a quello richiesto, potete svolgere gratis il test di livello che trovate nel nostro sito internet. In alternativa potete svolgere il test anche nella nostra scuola di lingue di Zurigo.[\/vc_column_text][\/vc_column_inner][\/vc_row_inner][\/vc_column][\/vc_row][vc_row][vc_column][vc_column_text]<\/p>\n<h2>Il TestDaF si svolge cos\u00ec<\/h2>\n<p>Il TestDaF presenta una struttura standard. E\u00b4 costituito da quattro parti di differente lunghezza:<\/p>\n<p>Comprensione scritta: questo test ha una durata di 60 minuti.<\/p>\n<p>Comprensione orale: questo test ha una durata di 40 minuti.<\/p>\n<p>Espressione scritta: questo test ha una durata di 60 minuti.<\/p>\n<p>Espressione orale: questa parte \u00e8 costituita da un esame individuale da svolgersi al computer. Il test ha una durata di 35 minuti.<\/p>\n<p>Il test ha lo scopo principale di valutare se avete raggiunto i requisiti linguistici richiesti da un\u00b4universit\u00e0 di lingua tedesca, dove vi sar\u00e0 richiesto di leggere testi specialistici e dove dovrete seguire e comprendere le lezioni. Per questo motivo \u00e8 importante la comprensione scritta e orale. Inoltre dovrete essere pronti a sostenere una conversazione riguardante argomenti specialistici. Per questo motivo \u00e8 necessario allenare la propria capacit\u00e0 di espressione scritta e orale. Studiare ostinatamente le regole grammaticali non vi porter\u00e0 a raggiungere il vostro obiettivo. E\u00b4 importante anche possedere avanzate capacit\u00e0 comunicative. Solo se conoscete bene come viene strutturato il test potete avere buone possibilit\u00e0 di superarlo.<\/p>\n<h2>Informazioni specifiche sul corso<\/h2>\n<p>Il corso in Zurigo si svolge in quattro settimane. Molto importante \u00e8 la coesione del gruppo. Per noi \u00e8 importante che ogni gruppo non contenga pi\u00f9 di nove partecipanti.<\/p>\n<p>Ogni settimana si svolgono 20 ore di lezione da 45 minuti. Le lezioni si tengono dal luned\u00ec al venerd\u00ec dalle 09:00 alle 12:00.<\/p>\n<p><strong>Il costo<\/strong> del corso \u00e8 di 499 euro (per 4 settimane)<\/p>\n<p><strong>L\u00b4inizio<\/strong> del corso \u00e8 il primo luned\u00ec del mese. Nel caso in cui luned\u00ec fosse un giorno festivo, il corso inizier\u00e0 di marted\u00ec\u00b4.<\/p>\n<p>E\u00b4 necessaria una buona padronanza della lingua (livello B2). Vi consigliamo di svolgere prima un test di livello.[\/vc_column_text][\/vc_column][\/vc_row]<\/p>\n","protected":false},"excerpt":{"rendered":"<p>[vc_row css=&#8221;.vc_custom_1670401323915{margin-top: 25px !important;}&#8221;][vc_column][vc_column_text] Preparazione per il TestDaF a Zurigo Per proseguire gli studi presso l\u00b4universit\u00e0 di Zurigo o presso una delle altre universit\u00e0 qui presenti, \u00e8 assolutamente necessario attestare di avere una solida conoscenza della lingua tedesca. Per questo \u00e8 necessario svolgere il TestDaF (Test Deutsch als Fremdsprache).[\/vc_column_text][vc_row_inner][vc_column_inner width=&#8221;1\/2&#8243;][vc_column_text][\/vc_column_text][\/vc_column_inner][vc_column_inner width=&#8221;1\/2&#8243;][vc_column_text]I livelli linguistici presentati nel&hellip; <a class=\"read-more\" href=\"https:\/\/www.sprachschule-aktiv.ch\/it\/testdaf-a-zurigo\/\" title=\"Read TestDaF a Zurigo\">Read more &raquo;<\/a><\/p>\n","protected":false},"author":2,"featured_media":0,"parent":0,"menu_order":0,"comment_status":"closed","ping_status":"closed","template":"","meta":{"footnotes":""},"class_list":["post-2120","page","type-page","status-publish","hentry"],"yoast_head":"<!-- This site is optimized with the Yoast SEO plugin v27.1.1 - https:\/\/yoast.com\/product\/yoast-seo-wordpress\/ -->\n<title>Preparazione per il TestDaF a Zurigo - Corsi per l\u00b4esame<\/title>\n<meta name=\"description\" content=\"Preparazione per il TestDaF a Zurigo: TestDaF Zurigo \u2013 Corsi di preparazione \u2013 Corsi per l\u00b4esame TestDaF \u2013 Informatevi adesso!\" \/>\n<meta name=\"robots\" content=\"index, follow, max-snippet:-1, max-image-preview:large, max-video-preview:-1\" \/>\n<link rel=\"canonical\" href=\"https:\/\/www.sprachschule-aktiv.ch\/it\/testdaf-a-zurigo\/\" \/>\n<meta property=\"og:locale\" content=\"it_IT\" \/>\n<meta property=\"og:type\" content=\"article\" \/>\n<meta property=\"og:title\" content=\"Preparazione per il TestDaF a Zurigo - Corsi per l\u00b4esame\" \/>\n<meta property=\"og:description\" content=\"Preparazione per il TestDaF a Zurigo: TestDaF Zurigo \u2013 Corsi di preparazione \u2013 Corsi per l\u00b4esame TestDaF \u2013 Informatevi adesso!\" \/>\n<meta property=\"og:url\" content=\"https:\/\/www.sprachschule-aktiv.ch\/it\/testdaf-a-zurigo\/\" \/>\n<meta property=\"og:site_name\" content=\"Sprachschule Aktiv\" \/>\n<meta property=\"article:modified_time\" content=\"2023-10-10T07:48:38+00:00\" \/>\n<meta property=\"og:image\" content=\"https:\/\/www.sprachschule-aktiv.ch\/wp-content\/uploads\/2022\/11\/daenisch-intensivkurse-anfaenger-und-fortgeschrittene.jpg\" \/>\n<meta name=\"twitter:card\" content=\"summary_large_image\" \/>\n<meta name=\"twitter:label1\" content=\"Tempo di lettura stimato\" \/>\n\t<meta name=\"twitter:data1\" content=\"4 minuti\" \/>\n<script type=\"application\/ld+json\" class=\"yoast-schema-graph\">{\"@context\":\"https:\/\/schema.org\",\"@graph\":[{\"@type\":\"WebPage\",\"@id\":\"https:\/\/www.sprachschule-aktiv.ch\/it\/testdaf-a-zurigo\/\",\"url\":\"https:\/\/www.sprachschule-aktiv.ch\/it\/testdaf-a-zurigo\/\",\"name\":\"Preparazione per il TestDaF a Zurigo - Corsi per l\u00b4esame\",\"isPartOf\":{\"@id\":\"https:\/\/www.sprachschule-aktiv.ch\/#website\"},\"primaryImageOfPage\":{\"@id\":\"https:\/\/www.sprachschule-aktiv.ch\/it\/testdaf-a-zurigo\/#primaryimage\"},\"image\":{\"@id\":\"https:\/\/www.sprachschule-aktiv.ch\/it\/testdaf-a-zurigo\/#primaryimage\"},\"thumbnailUrl\":\"https:\/\/www.sprachschule-aktiv.ch\/wp-content\/uploads\/2022\/11\/daenisch-intensivkurse-anfaenger-und-fortgeschrittene.jpg\",\"datePublished\":\"2017-07-28T06:23:20+00:00\",\"dateModified\":\"2023-10-10T07:48:38+00:00\",\"description\":\"Preparazione per il TestDaF a Zurigo: TestDaF Zurigo \u2013 Corsi di preparazione \u2013 Corsi per l\u00b4esame TestDaF \u2013 Informatevi adesso!\",\"breadcrumb\":{\"@id\":\"https:\/\/www.sprachschule-aktiv.ch\/it\/testdaf-a-zurigo\/#breadcrumb\"},\"inLanguage\":\"it-IT\",\"potentialAction\":[{\"@type\":\"ReadAction\",\"target\":[\"https:\/\/www.sprachschule-aktiv.ch\/it\/testdaf-a-zurigo\/\"]}]},{\"@type\":\"ImageObject\",\"inLanguage\":\"it-IT\",\"@id\":\"https:\/\/www.sprachschule-aktiv.ch\/it\/testdaf-a-zurigo\/#primaryimage\",\"url\":\"https:\/\/www.sprachschule-aktiv.ch\/wp-content\/uploads\/2022\/11\/daenisch-intensivkurse-anfaenger-und-fortgeschrittene.jpg\",\"contentUrl\":\"https:\/\/www.sprachschule-aktiv.ch\/wp-content\/uploads\/2022\/11\/daenisch-intensivkurse-anfaenger-und-fortgeschrittene.jpg\"},{\"@type\":\"BreadcrumbList\",\"@id\":\"https:\/\/www.sprachschule-aktiv.ch\/it\/testdaf-a-zurigo\/#breadcrumb\",\"itemListElement\":[{\"@type\":\"ListItem\",\"position\":1,\"name\":\"Startseite\",\"item\":\"https:\/\/www.sprachschule-aktiv.ch\/it\/\"},{\"@type\":\"ListItem\",\"position\":2,\"name\":\"TestDaF a Zurigo\"}]},{\"@type\":\"WebSite\",\"@id\":\"https:\/\/www.sprachschule-aktiv.ch\/#website\",\"url\":\"https:\/\/www.sprachschule-aktiv.ch\/\",\"name\":\"Sprachschule Aktiv\",\"description\":\"\",\"potentialAction\":[{\"@type\":\"SearchAction\",\"target\":{\"@type\":\"EntryPoint\",\"urlTemplate\":\"https:\/\/www.sprachschule-aktiv.ch\/?s={search_term_string}\"},\"query-input\":{\"@type\":\"PropertyValueSpecification\",\"valueRequired\":true,\"valueName\":\"search_term_string\"}}],\"inLanguage\":\"it-IT\"}]}<\/script>\n<!-- \/ Yoast SEO plugin. -->","yoast_head_json":{"title":"Preparazione per il TestDaF a Zurigo - Corsi per l\u00b4esame","description":"Preparazione per il TestDaF a Zurigo: TestDaF Zurigo \u2013 Corsi di preparazione \u2013 Corsi per l\u00b4esame TestDaF \u2013 Informatevi adesso!","robots":{"index":"index","follow":"follow","max-snippet":"max-snippet:-1","max-image-preview":"max-image-preview:large","max-video-preview":"max-video-preview:-1"},"canonical":"https:\/\/www.sprachschule-aktiv.ch\/it\/testdaf-a-zurigo\/","og_locale":"it_IT","og_type":"article","og_title":"Preparazione per il TestDaF a Zurigo - Corsi per l\u00b4esame","og_description":"Preparazione per il TestDaF a Zurigo: TestDaF Zurigo \u2013 Corsi di preparazione \u2013 Corsi per l\u00b4esame TestDaF \u2013 Informatevi adesso!","og_url":"https:\/\/www.sprachschule-aktiv.ch\/it\/testdaf-a-zurigo\/","og_site_name":"Sprachschule Aktiv","article_modified_time":"2023-10-10T07:48:38+00:00","og_image":[{"url":"https:\/\/www.sprachschule-aktiv.ch\/wp-content\/uploads\/2022\/11\/daenisch-intensivkurse-anfaenger-und-fortgeschrittene.jpg","type":"","width":"","height":""}],"twitter_card":"summary_large_image","twitter_misc":{"Tempo di lettura stimato":"4 minuti"},"schema":{"@context":"https:\/\/schema.org","@graph":[{"@type":"WebPage","@id":"https:\/\/www.sprachschule-aktiv.ch\/it\/testdaf-a-zurigo\/","url":"https:\/\/www.sprachschule-aktiv.ch\/it\/testdaf-a-zurigo\/","name":"Preparazione per il TestDaF a Zurigo - Corsi per l\u00b4esame","isPartOf":{"@id":"https:\/\/www.sprachschule-aktiv.ch\/#website"},"primaryImageOfPage":{"@id":"https:\/\/www.sprachschule-aktiv.ch\/it\/testdaf-a-zurigo\/#primaryimage"},"image":{"@id":"https:\/\/www.sprachschule-aktiv.ch\/it\/testdaf-a-zurigo\/#primaryimage"},"thumbnailUrl":"https:\/\/www.sprachschule-aktiv.ch\/wp-content\/uploads\/2022\/11\/daenisch-intensivkurse-anfaenger-und-fortgeschrittene.jpg","datePublished":"2017-07-28T06:23:20+00:00","dateModified":"2023-10-10T07:48:38+00:00","description":"Preparazione per il TestDaF a Zurigo: TestDaF Zurigo \u2013 Corsi di preparazione \u2013 Corsi per l\u00b4esame TestDaF \u2013 Informatevi adesso!","breadcrumb":{"@id":"https:\/\/www.sprachschule-aktiv.ch\/it\/testdaf-a-zurigo\/#breadcrumb"},"inLanguage":"it-IT","potentialAction":[{"@type":"ReadAction","target":["https:\/\/www.sprachschule-aktiv.ch\/it\/testdaf-a-zurigo\/"]}]},{"@type":"ImageObject","inLanguage":"it-IT","@id":"https:\/\/www.sprachschule-aktiv.ch\/it\/testdaf-a-zurigo\/#primaryimage","url":"https:\/\/www.sprachschule-aktiv.ch\/wp-content\/uploads\/2022\/11\/daenisch-intensivkurse-anfaenger-und-fortgeschrittene.jpg","contentUrl":"https:\/\/www.sprachschule-aktiv.ch\/wp-content\/uploads\/2022\/11\/daenisch-intensivkurse-anfaenger-und-fortgeschrittene.jpg"},{"@type":"BreadcrumbList","@id":"https:\/\/www.sprachschule-aktiv.ch\/it\/testdaf-a-zurigo\/#breadcrumb","itemListElement":[{"@type":"ListItem","position":1,"name":"Startseite","item":"https:\/\/www.sprachschule-aktiv.ch\/it\/"},{"@type":"ListItem","position":2,"name":"TestDaF a Zurigo"}]},{"@type":"WebSite","@id":"https:\/\/www.sprachschule-aktiv.ch\/#website","url":"https:\/\/www.sprachschule-aktiv.ch\/","name":"Sprachschule Aktiv","description":"","potentialAction":[{"@type":"SearchAction","target":{"@type":"EntryPoint","urlTemplate":"https:\/\/www.sprachschule-aktiv.ch\/?s={search_term_string}"},"query-input":{"@type":"PropertyValueSpecification","valueRequired":true,"valueName":"search_term_string"}}],"inLanguage":"it-IT"}]}},"_links":{"self":[{"href":"https:\/\/www.sprachschule-aktiv.ch\/it\/wp-json\/wp\/v2\/pages\/2120","targetHints":{"allow":["GET"]}}],"collection":[{"href":"https:\/\/www.sprachschule-aktiv.ch\/it\/wp-json\/wp\/v2\/pages"}],"about":[{"href":"https:\/\/www.sprachschule-aktiv.ch\/it\/wp-json\/wp\/v2\/types\/page"}],"author":[{"embeddable":true,"href":"https:\/\/www.sprachschule-aktiv.ch\/it\/wp-json\/wp\/v2\/users\/2"}],"replies":[{"embeddable":true,"href":"https:\/\/www.sprachschule-aktiv.ch\/it\/wp-json\/wp\/v2\/comments?post=2120"}],"version-history":[{"count":4,"href":"https:\/\/www.sprachschule-aktiv.ch\/it\/wp-json\/wp\/v2\/pages\/2120\/revisions"}],"predecessor-version":[{"id":5891,"href":"https:\/\/www.sprachschule-aktiv.ch\/it\/wp-json\/wp\/v2\/pages\/2120\/revisions\/5891"}],"wp:attachment":[{"href":"https:\/\/www.sprachschule-aktiv.ch\/it\/wp-json\/wp\/v2\/media?parent=2120"}],"curies":[{"name":"wp","href":"https:\/\/api.w.org\/{rel}","templated":true}]}}