{"id":2114,"date":"2017-07-28T07:36:39","date_gmt":"2017-07-28T05:36:39","guid":{"rendered":"https:\/\/www.sprachschule-aktiv.ch\/?page_id=2114\/"},"modified":"2022-12-07T10:49:12","modified_gmt":"2022-12-07T09:49:12","slug":"zurigo","status":"publish","type":"page","link":"https:\/\/www.sprachschule-aktiv.ch\/it\/zurigo\/","title":{"rendered":"Zurigo"},"content":{"rendered":"<p>[vc_row css=&#8221;.vc_custom_1670401180415{margin-top: 25px !important;}&#8221;][vc_column][vc_column_text]<\/p>\n<h1>Attivit\u00e0 per il tempo libero a Zurigo dopo il vostro corso di tedesco<\/h1>\n<p>Vivere la lingua tedesca! Attivit\u00e0 per il tempo libero a Zurigo dopo il vostro corso di tedesco: gite, Stammtisch, tandem linguistici e molto altro ancora![\/vc_column_text][vc_row_inner][vc_column_inner width=&#8221;1\/2&#8243;][vc_column_text]<iframe loading=\"lazy\" src=\"https:\/\/www.youtube.com\/embed\/OmlDX1rDL-w\" width=\"100%\" height=\"315\" frameborder=\"0\" allowfullscreen=\"allowfullscreen\"><\/iframe>[\/vc_column_text][\/vc_column_inner][vc_column_inner width=&#8221;1\/2&#8243;][vc_column_text]<\/p>\n<h2>TROVATE QUI LE DATE DI INIZIO DEI NOSTRI CORSI DI TEDESCO!<\/h2>\n<p>Nella nostra scuola di lingue a Zurigo non imparerete solo il tedesco, ma anche a vivere al meglio la citt\u00e0. Per questo organizziamo regolarmente diverse attivit\u00e0. Se volete, potete partecipare ad una colazione, ad un picnic, ad una gita insieme o a molte altre attivit\u00e0.[\/vc_column_text][\/vc_column_inner][\/vc_row_inner][\/vc_column][\/vc_row][vc_row full_width=&#8221;stretch_row&#8221; css=&#8221;.vc_custom_1670401273948{padding-top: 15px !important;padding-bottom: 25px !important;background-color: #f8f8f8 !important;}&#8221;][vc_column][vc_column_text]<\/p>\n<h2>Qui una piccola scelta di luoghi di interesse che potrete visitare da soli o in gruppo:<\/h2>\n<p><strong>Grossm\u00fcnster: <\/strong>questa chiesa evangelica \u00e8 una delle pi\u00f9 importanti e significative della citt\u00e0. Spiccano in particolare le due torri che sono considerate l\u2019emblema della citt\u00e0. La chiesa si trova nella citt\u00e0 vecchia ed \u00e8 quindi molto facile da trovare.<\/p>\n<p><strong>Niederdorf: <\/strong>Niederdorf \u00e8 un quartiere nel centro storico di Zurigo. Qui troverete un gran numero di bar, cinema, club e altri locali per il tempo libero. Non ci sono particolari luoghi di interesse da visitare.<\/p>\n<p><strong>Zoo di Zurigo: <\/strong>lo zoo si trova nel quartiere di Fluntern. In un\u00b4area di 27 ettari potrete ammirare circa 375 specie animali, che vengono tenuti in un ambiente il pi\u00f9 possibile simile al loro habitat. Se avete intenzione di raggiungere lo zoo con i mezzi pubblici, potete prendere comodamente il tram dal centro della citt\u00e0. Nello zoo potrete ammirare in particolare animali provenienti da Sudamerica, Asia e Africa.<\/p>\n<p>A hungry elephant reaching for food with its trunk.<\/p>\n<p><strong>Prime Tower: <\/strong>questo grattacielo completato nel 2011 \u00e8 stato l\u2019edificio pi\u00f9 alto della Svizzera fino al 2015. E\u00b4 alto 126 metri ed \u00e8 composto da 36 piani. Se volete trascorrere un po\u00b4 di tempo alla Prime Tower, potete salire al secondo piano dove troverete un bar e un ristorante.<\/p>\n<p><strong>Osservatorio Urania:<\/strong> L\u2019osservatorio si trova nel quartiere di Lindenhof e offre la possibilit\u00e0 di visitarlo. La torre permette non solo una magnifica visuale delle stelle, ma anche di ammirare Zurigo dall\u00b4alto.<\/p>\n<p><strong>Bellevue: <\/strong>Bellevue \u00e8 una piazza nel centro di Zurigo e si trova al sud del centro storico della citt\u00e0. Nelle vicinanze si trovano il teatro dell\u00b4opera di Zurigo e il lago di Zurigo dove potrete passeggiare lungo la riva.<\/p>\n<p><strong>Belvoir Park: <\/strong>Questo parco \u00e8 uno dei pi\u00f9 antichi giardini all\u00b4inglese di Zurigo. Da qui il visitatore pu\u00f2 godere di una bellissima vista della citt\u00e0, del lago e delle montagne nei dintorni. Vale la pena di visitarlo soprattutto per ammirare la grande variet\u00e0 di iris qui presenti.<\/p>\n<p><strong>Uetliberg: <\/strong>si tratta della montagna pi\u00f9 vicina alla citt\u00e0 di Zurigo. Essendo libera dal traffico automobilistico \u00e8 possibile percorrerla con la ferrovia dell\u00b4Uetilberg (Uetilbergbahn), che fa parte della linea S10. Questa \u00e8 la pi\u00f9 ripida ferrovia a scartamento normale d\u00b4Europa. Vi porter\u00e0 dalla stazione centrale fino a dieci minuti dalla cima del monte.<\/p>\n<p><strong>Rietberg Museum: <\/strong>questo museo, che si trova nel quartiere di Enge, contiene collezioni d\u00b4arte provenienti da Asia, Africa, America e Oceania. Il museo \u00e8 il terzo pi\u00f9 grande di Zurigo e viene visitato ogni anno da 90000 persone.<\/p>\n<p><strong>Limmatquai: <\/strong>questa strada percorre il centro storico di Zurigo lungo la sponda del fiume Limmat. Qui si trovano alcune interessanti attrazioni come l\u2019antico duomo (Grossm\u00fcnster), molte Zunfth\u00e4user e la Wasserkirche.<\/p>\n<p><strong>Parco Z\u00fcrichhorn: <\/strong>in questo parco i visitatori possono trovare un gran numero di sculture di artisti famosi. Merita una visita anche il museo Heidi-Weber. A sud del parco troverete lo stabilimento balneare Tiefenbrunnen.<\/p>\n<p><strong>Lindenhofplatz:<\/strong>\u00a0Questa piazza, situata nel quartiere omonimo, \u00e8 una delle pi\u00f9 importanti del centro storico di Zurigo. Da qui il visitatore pu\u00f2 godere di una bellissima visuale sulla citt\u00e0. Chi ama giocare a scacchi, potr\u00e0 farlo con la grande scacchiera presente sul pavimento della piazza.<\/p>\n<p><strong>Fraum\u00fcnster: <\/strong>il Fraum\u00fcnster era in passato un monastero di suore benedettine. L\u2019ex chiesa del convento \u00e8 diventata oggi un emblema della citt\u00e0. La sua fondazione risale alla met\u00e0 del IX secolo e avvenne ad opera di uno dei nipoti di Carlo Magno.<\/p>\n<p><strong>FIFA World Footballmuseum:<\/strong>\u00a0Per concludere vi proponiamo qualcosa che piacer\u00e0 a tutti gli amanti del calcio. Qui potrete imparare qualcosa di nuovo sul vostro sporto preferito e divertirvi visitando la mostra interattiva.[\/vc_column_text][\/vc_column][\/vc_row]<\/p>\n","protected":false},"excerpt":{"rendered":"<p>[vc_row css=&#8221;.vc_custom_1670401180415{margin-top: 25px !important;}&#8221;][vc_column][vc_column_text] Attivit\u00e0 per il tempo libero a Zurigo dopo il vostro corso di tedesco Vivere la lingua tedesca! Attivit\u00e0 per il tempo libero a Zurigo dopo il vostro corso di tedesco: gite, Stammtisch, tandem linguistici e molto altro ancora![\/vc_column_text][vc_row_inner][vc_column_inner width=&#8221;1\/2&#8243;][vc_column_text][\/vc_column_text][\/vc_column_inner][vc_column_inner width=&#8221;1\/2&#8243;][vc_column_text] TROVATE QUI LE DATE DI INIZIO DEI NOSTRI CORSI DI TEDESCO!&hellip; <a class=\"read-more\" href=\"https:\/\/www.sprachschule-aktiv.ch\/it\/zurigo\/\" title=\"Read Zurigo\">Read more &raquo;<\/a><\/p>\n","protected":false},"author":2,"featured_media":0,"parent":0,"menu_order":0,"comment_status":"closed","ping_status":"closed","template":"","meta":{"footnotes":""},"class_list":["post-2114","page","type-page","status-publish","hentry"],"yoast_head":"<!-- This site is optimized with the Yoast SEO plugin v27.1.1 - https:\/\/yoast.com\/product\/yoast-seo-wordpress\/ -->\n<title>Attivit\u00e0 per il tempo libero a Zurigo dopo il vostro corso<\/title>\n<meta name=\"description\" content=\"Vivere la lingua tedesca! Attivit\u00e0 per il tempo libero a Zurigo dopo il vostro corso di tedesco: gite, Stammtisch, tandem linguistici e molto altro ancora!\" \/>\n<meta name=\"robots\" content=\"index, follow, max-snippet:-1, max-image-preview:large, max-video-preview:-1\" \/>\n<link rel=\"canonical\" href=\"https:\/\/www.sprachschule-aktiv.ch\/it\/zurigo\/\" \/>\n<meta property=\"og:locale\" content=\"it_IT\" \/>\n<meta property=\"og:type\" content=\"article\" \/>\n<meta property=\"og:title\" content=\"Attivit\u00e0 per il tempo libero a Zurigo dopo il vostro corso\" \/>\n<meta property=\"og:description\" content=\"Vivere la lingua tedesca! Attivit\u00e0 per il tempo libero a Zurigo dopo il vostro corso di tedesco: gite, Stammtisch, tandem linguistici e molto altro ancora!\" \/>\n<meta property=\"og:url\" content=\"https:\/\/www.sprachschule-aktiv.ch\/it\/zurigo\/\" \/>\n<meta property=\"og:site_name\" content=\"Sprachschule Aktiv\" \/>\n<meta property=\"article:modified_time\" content=\"2022-12-07T09:49:12+00:00\" \/>\n<meta name=\"twitter:card\" content=\"summary_large_image\" \/>\n<meta name=\"twitter:label1\" content=\"Tempo di lettura stimato\" \/>\n\t<meta name=\"twitter:data1\" content=\"4 minuti\" \/>\n<script type=\"application\/ld+json\" class=\"yoast-schema-graph\">{\"@context\":\"https:\/\/schema.org\",\"@graph\":[{\"@type\":\"WebPage\",\"@id\":\"https:\/\/www.sprachschule-aktiv.ch\/it\/zurigo\/\",\"url\":\"https:\/\/www.sprachschule-aktiv.ch\/it\/zurigo\/\",\"name\":\"Attivit\u00e0 per il tempo libero a Zurigo dopo il vostro corso\",\"isPartOf\":{\"@id\":\"https:\/\/www.sprachschule-aktiv.ch\/#website\"},\"datePublished\":\"2017-07-28T05:36:39+00:00\",\"dateModified\":\"2022-12-07T09:49:12+00:00\",\"description\":\"Vivere la lingua tedesca! Attivit\u00e0 per il tempo libero a Zurigo dopo il vostro corso di tedesco: gite, Stammtisch, tandem linguistici e molto altro ancora!\",\"breadcrumb\":{\"@id\":\"https:\/\/www.sprachschule-aktiv.ch\/it\/zurigo\/#breadcrumb\"},\"inLanguage\":\"it-IT\",\"potentialAction\":[{\"@type\":\"ReadAction\",\"target\":[\"https:\/\/www.sprachschule-aktiv.ch\/it\/zurigo\/\"]}]},{\"@type\":\"BreadcrumbList\",\"@id\":\"https:\/\/www.sprachschule-aktiv.ch\/it\/zurigo\/#breadcrumb\",\"itemListElement\":[{\"@type\":\"ListItem\",\"position\":1,\"name\":\"Startseite\",\"item\":\"https:\/\/www.sprachschule-aktiv.ch\/it\/\"},{\"@type\":\"ListItem\",\"position\":2,\"name\":\"Zurigo\"}]},{\"@type\":\"WebSite\",\"@id\":\"https:\/\/www.sprachschule-aktiv.ch\/#website\",\"url\":\"https:\/\/www.sprachschule-aktiv.ch\/\",\"name\":\"Sprachschule Aktiv\",\"description\":\"\",\"potentialAction\":[{\"@type\":\"SearchAction\",\"target\":{\"@type\":\"EntryPoint\",\"urlTemplate\":\"https:\/\/www.sprachschule-aktiv.ch\/?s={search_term_string}\"},\"query-input\":{\"@type\":\"PropertyValueSpecification\",\"valueRequired\":true,\"valueName\":\"search_term_string\"}}],\"inLanguage\":\"it-IT\"}]}<\/script>\n<!-- \/ Yoast SEO plugin. -->","yoast_head_json":{"title":"Attivit\u00e0 per il tempo libero a Zurigo dopo il vostro corso","description":"Vivere la lingua tedesca! Attivit\u00e0 per il tempo libero a Zurigo dopo il vostro corso di tedesco: gite, Stammtisch, tandem linguistici e molto altro ancora!","robots":{"index":"index","follow":"follow","max-snippet":"max-snippet:-1","max-image-preview":"max-image-preview:large","max-video-preview":"max-video-preview:-1"},"canonical":"https:\/\/www.sprachschule-aktiv.ch\/it\/zurigo\/","og_locale":"it_IT","og_type":"article","og_title":"Attivit\u00e0 per il tempo libero a Zurigo dopo il vostro corso","og_description":"Vivere la lingua tedesca! Attivit\u00e0 per il tempo libero a Zurigo dopo il vostro corso di tedesco: gite, Stammtisch, tandem linguistici e molto altro ancora!","og_url":"https:\/\/www.sprachschule-aktiv.ch\/it\/zurigo\/","og_site_name":"Sprachschule Aktiv","article_modified_time":"2022-12-07T09:49:12+00:00","twitter_card":"summary_large_image","twitter_misc":{"Tempo di lettura stimato":"4 minuti"},"schema":{"@context":"https:\/\/schema.org","@graph":[{"@type":"WebPage","@id":"https:\/\/www.sprachschule-aktiv.ch\/it\/zurigo\/","url":"https:\/\/www.sprachschule-aktiv.ch\/it\/zurigo\/","name":"Attivit\u00e0 per il tempo libero a Zurigo dopo il vostro corso","isPartOf":{"@id":"https:\/\/www.sprachschule-aktiv.ch\/#website"},"datePublished":"2017-07-28T05:36:39+00:00","dateModified":"2022-12-07T09:49:12+00:00","description":"Vivere la lingua tedesca! Attivit\u00e0 per il tempo libero a Zurigo dopo il vostro corso di tedesco: gite, Stammtisch, tandem linguistici e molto altro ancora!","breadcrumb":{"@id":"https:\/\/www.sprachschule-aktiv.ch\/it\/zurigo\/#breadcrumb"},"inLanguage":"it-IT","potentialAction":[{"@type":"ReadAction","target":["https:\/\/www.sprachschule-aktiv.ch\/it\/zurigo\/"]}]},{"@type":"BreadcrumbList","@id":"https:\/\/www.sprachschule-aktiv.ch\/it\/zurigo\/#breadcrumb","itemListElement":[{"@type":"ListItem","position":1,"name":"Startseite","item":"https:\/\/www.sprachschule-aktiv.ch\/it\/"},{"@type":"ListItem","position":2,"name":"Zurigo"}]},{"@type":"WebSite","@id":"https:\/\/www.sprachschule-aktiv.ch\/#website","url":"https:\/\/www.sprachschule-aktiv.ch\/","name":"Sprachschule Aktiv","description":"","potentialAction":[{"@type":"SearchAction","target":{"@type":"EntryPoint","urlTemplate":"https:\/\/www.sprachschule-aktiv.ch\/?s={search_term_string}"},"query-input":{"@type":"PropertyValueSpecification","valueRequired":true,"valueName":"search_term_string"}}],"inLanguage":"it-IT"}]}},"_links":{"self":[{"href":"https:\/\/www.sprachschule-aktiv.ch\/it\/wp-json\/wp\/v2\/pages\/2114","targetHints":{"allow":["GET"]}}],"collection":[{"href":"https:\/\/www.sprachschule-aktiv.ch\/it\/wp-json\/wp\/v2\/pages"}],"about":[{"href":"https:\/\/www.sprachschule-aktiv.ch\/it\/wp-json\/wp\/v2\/types\/page"}],"author":[{"embeddable":true,"href":"https:\/\/www.sprachschule-aktiv.ch\/it\/wp-json\/wp\/v2\/users\/2"}],"replies":[{"embeddable":true,"href":"https:\/\/www.sprachschule-aktiv.ch\/it\/wp-json\/wp\/v2\/comments?post=2114"}],"version-history":[{"count":2,"href":"https:\/\/www.sprachschule-aktiv.ch\/it\/wp-json\/wp\/v2\/pages\/2114\/revisions"}],"predecessor-version":[{"id":5255,"href":"https:\/\/www.sprachschule-aktiv.ch\/it\/wp-json\/wp\/v2\/pages\/2114\/revisions\/5255"}],"wp:attachment":[{"href":"https:\/\/www.sprachschule-aktiv.ch\/it\/wp-json\/wp\/v2\/media?parent=2114"}],"curies":[{"name":"wp","href":"https:\/\/api.w.org\/{rel}","templated":true}]}}