{"id":2107,"date":"2017-07-28T07:02:35","date_gmt":"2017-07-28T05:02:35","guid":{"rendered":"https:\/\/www.sprachschule-aktiv.ch\/?page_id=2107\/"},"modified":"2022-12-07T09:33:27","modified_gmt":"2022-12-07T08:33:27","slug":"scuola-di-lingua-tedesca","status":"publish","type":"page","link":"https:\/\/www.sprachschule-aktiv.ch\/it\/scuola-di-lingua-tedesca\/","title":{"rendered":"La nostra scuola di tedesco a Zurigo"},"content":{"rendered":"<p>[vc_row css=&#8221;.vc_custom_1670401844119{margin-top: 25px !important;}&#8221;][vc_column][vc_column_text]<\/p>\n<h1>Chi siamo \u2013 La nostra scuola di tedesco a Zurigo<\/h1>\n<p>Chi siamo: i nostri insegnanti di lingua, lavori, vantaggi, metodo \u2013 la nostra scuola di lingue a Zurigo \u00e8 molto di pi\u00f9 di un luogo dove imparare una nuova lingua. \u00c8 il punto di incontro di diverse culture. I nostri insegnanti vi insegnano la lingua e allo stesso tempo vi permettono di conoscere e avvicinarvi ad altri stili di vita. Frequentare uno dei nostri corsi di lingua \u00e8 come fare una breve vacanza in Spagna, Italia, Francia o in uno dei tanti altri paesi, tanti quante sono le lingue che potete apprendere nella nostra scuola.<\/p>\n<h2>Chi siamo \u2013 Informazioni importanti sulla nostra scuola di lingue \u2013 Scopritele ora!<\/h2>\n<p>I nostri insegnanti di tedesco a Zurigo[\/vc_column_text][vc_row_inner][vc_column_inner width=&#8221;1\/2&#8243;][vc_column_text]<iframe loading=\"lazy\" src=\"https:\/\/www.youtube.com\/embed\/OmlDX1rDL-w\" width=\"100%\" height=\"315\" frameborder=\"0\" allowfullscreen=\"allowfullscreen\"><\/iframe>[\/vc_column_text][\/vc_column_inner][vc_column_inner width=&#8221;1\/2&#8243;][vc_column_text]La parte pi\u00f9 importante della nostra scuola di lingue sono i nostri insegnanti. Per i nostri corsi scegliamo sempre insegnanti madrelingua, importanti per una corretta acquisizione della lingua, affinch\u00e9 possiate apprendere una pronuncia corretta e senza accenti. I nostri insegnanti sono motivati a fornirvi la migliore formazione possibile. Per fare questo si avvalgono dei pi\u00f9 attuali metodi di insegnamento. Fin dalla prima lezione vi sentirete a vostro agio e ben accolti. E questo \u00e8 importantissimo per apprendere con successo la lingua.[\/vc_column_text][\/vc_column_inner][\/vc_row_inner][\/vc_column][\/vc_row][vc_row full_width=&#8221;stretch_row&#8221; css=&#8221;.vc_custom_1670401943107{padding-top: 15px !important;padding-bottom: 25px !important;background-color: #f8f8f8 !important;}&#8221;][vc_column][vc_column_text]<\/p>\n<h2>I nostri vantaggi<\/h2>\n<p>Se decidete di frequentare un corso di tedesco presso la nostra scuola, ci occuperemo di soddisfarvi a pieno. Non correte alcun rischio. La prima ora di lezione vale sempre come giorno di prova. Potrete valutare il nostro insegnamento e conoscere l\u00b4ambiente. Se pensate che il corso o l\u00b4insegnante non faccia per voi, ditecelo e vi rimborseremo senza problemi. Vi offriamo questa garanzia perch\u00e9 \u00e8 importante che siate sempre soddisfatti.<\/p>\n<p>Comincerete il corso sempre con un test di ingresso gratuito, che potete svolgere a Zurigo presso la nostra scuola o online direttamente a casa vostra. Cos\u00ec non perderete tempo e potrete iniziare subito a frequentare il corso giusto per voi. La nostra scuola \u00e8 dotata di aule ampie e confortevoli per farvi sentire a vostro agio fin dal primo giorno. Inoltre organizziamo regolarmente gite e Stammtisch. Anche qui la lingua viene messa in primo piano. Per le aziende di Zurigo e dintorni organizziamo anche dei corsi di formazione interna.<\/p>\n<h2>I nostri corsi<\/h2>\n<p>Da noi potrete partecipare al corso pi\u00f9 adatto alle vostre esigenze. Le lezioni di svolgono la sera, preferibilmente in piccoli gruppi. Cos\u00ec imparerete la lingua immersi in un\u2019atmosfera rilassata, circondati da persone simpatiche e amichevoli. <a href=\"https:\/\/www.sprachschule-aktiv.ch\/it\/corsi-intensivi-di-tedesco-a-zurigo\/\">Trovate tutti i nostri corsi di lingua <u>qui!<\/u><\/a><\/p>\n<p>Se avete un po\u2018 di tempo a disposizione, potete iscrivervi ad uno dei nostri corsi intensivi a Zurigo. Studierete la lingua in classe tutte le mattine e il pomeriggio potrete ripassare la lezione o visitare Zurigo.<\/p>\n<p>I corsi semi-intensivi si tengono ogni giorno, ma le lezioni sono pi\u00f9 brevi. Questa opzione \u00e8 ottima anche per i lavoratori, che possono seguire il corso anche la sera.<\/p>\n<p>Se avete bisogno di progredire velocemente, vi consigliamo le lezioni private. Gli orari sono flessibili, e l\u2019insegnate viene direttamente da voi. Durante le lezioni private l\u2019insegnate si dedicher\u00e0 completamente a voi. Non ci saranno distrazioni da parte di altri studenti e cos\u00ec imparerete la lingua velocemente e in modo approfondito.<br \/>\n[\/vc_column_text][\/vc_column][\/vc_row][vc_row][vc_column][vc_column_text]<\/p>\n<h2>I nostri certificati di lingua<\/h2>\n<p>Se state studiando la lingua per il lavoro o per proseguire i vostri studi, avrete bisogno di un certificato. Vi offriamo certificati di lingua dal livello A1 fino al C2. Questi sono ovviamente riconosciuti dal quadro comune di riferimento europeo per le lingue.<\/p>\n<p>Le nostre offerte di lavoro come insegnante di lingua a Zurigo \u2013 Offerte di lavoro e lavoro come insegnante di lingua<\/p>\n<p>Se siete insegnanti di lingua tedesca, inglese, spagnola o di un\u2019altra lingua, allora dovremmo conoscerci. Siamo impazienti di ricevere le vostre candidature. Inviate il vostro curriculum vitae per email e vi inviteremo appena possibile per un colloquio.[\/vc_column_text][\/vc_column][\/vc_row]<\/p>\n","protected":false},"excerpt":{"rendered":"<p>[vc_row css=&#8221;.vc_custom_1670401844119{margin-top: 25px !important;}&#8221;][vc_column][vc_column_text] Chi siamo \u2013 La nostra scuola di tedesco a Zurigo Chi siamo: i nostri insegnanti di lingua, lavori, vantaggi, metodo \u2013 la nostra scuola di lingue a Zurigo \u00e8 molto di pi\u00f9 di un luogo dove imparare una nuova lingua. \u00c8 il punto di incontro di diverse culture. I nostri insegnanti&hellip; <a class=\"read-more\" href=\"https:\/\/www.sprachschule-aktiv.ch\/it\/scuola-di-lingua-tedesca\/\" title=\"Read La nostra scuola di tedesco a Zurigo\">Read more &raquo;<\/a><\/p>\n","protected":false},"author":2,"featured_media":0,"parent":0,"menu_order":0,"comment_status":"closed","ping_status":"closed","template":"","meta":{"footnotes":""},"class_list":["post-2107","page","type-page","status-publish","hentry"],"yoast_head":"<!-- This site is optimized with the Yoast SEO plugin v27.1.1 - https:\/\/yoast.com\/product\/yoast-seo-wordpress\/ -->\n<title>La nostra scuola di tedesco a Zurigo - Chi siamo<\/title>\n<meta name=\"description\" content=\"Chi siamo: i nostri insegnanti di lingua, vantaggi, metodo. La nostra scuola di lingue a Zurigo \u00e8 molto di pi\u00f9 di un luogo dove imparare una nuova lingua\" \/>\n<meta name=\"robots\" content=\"index, follow, max-snippet:-1, max-image-preview:large, max-video-preview:-1\" \/>\n<link rel=\"canonical\" href=\"https:\/\/www.sprachschule-aktiv.ch\/it\/scuola-di-lingua-tedesca\/\" \/>\n<meta property=\"og:locale\" content=\"it_IT\" \/>\n<meta property=\"og:type\" content=\"article\" \/>\n<meta property=\"og:title\" content=\"La nostra scuola di tedesco a Zurigo - Chi siamo\" \/>\n<meta property=\"og:description\" content=\"Chi siamo: i nostri insegnanti di lingua, vantaggi, metodo. La nostra scuola di lingue a Zurigo \u00e8 molto di pi\u00f9 di un luogo dove imparare una nuova lingua\" \/>\n<meta property=\"og:url\" content=\"https:\/\/www.sprachschule-aktiv.ch\/it\/scuola-di-lingua-tedesca\/\" \/>\n<meta property=\"og:site_name\" content=\"Sprachschule Aktiv\" \/>\n<meta property=\"article:modified_time\" content=\"2022-12-07T08:33:27+00:00\" \/>\n<meta name=\"twitter:card\" content=\"summary_large_image\" \/>\n<meta name=\"twitter:label1\" content=\"Tempo di lettura stimato\" \/>\n\t<meta name=\"twitter:data1\" content=\"4 minuti\" \/>\n<script type=\"application\/ld+json\" class=\"yoast-schema-graph\">{\"@context\":\"https:\/\/schema.org\",\"@graph\":[{\"@type\":\"WebPage\",\"@id\":\"https:\/\/www.sprachschule-aktiv.ch\/it\/scuola-di-lingua-tedesca\/\",\"url\":\"https:\/\/www.sprachschule-aktiv.ch\/it\/scuola-di-lingua-tedesca\/\",\"name\":\"La nostra scuola di tedesco a Zurigo - Chi siamo\",\"isPartOf\":{\"@id\":\"https:\/\/www.sprachschule-aktiv.ch\/#website\"},\"datePublished\":\"2017-07-28T05:02:35+00:00\",\"dateModified\":\"2022-12-07T08:33:27+00:00\",\"description\":\"Chi siamo: i nostri insegnanti di lingua, vantaggi, metodo. La nostra scuola di lingue a Zurigo \u00e8 molto di pi\u00f9 di un luogo dove imparare una nuova lingua\",\"breadcrumb\":{\"@id\":\"https:\/\/www.sprachschule-aktiv.ch\/it\/scuola-di-lingua-tedesca\/#breadcrumb\"},\"inLanguage\":\"it-IT\",\"potentialAction\":[{\"@type\":\"ReadAction\",\"target\":[\"https:\/\/www.sprachschule-aktiv.ch\/it\/scuola-di-lingua-tedesca\/\"]}]},{\"@type\":\"BreadcrumbList\",\"@id\":\"https:\/\/www.sprachschule-aktiv.ch\/it\/scuola-di-lingua-tedesca\/#breadcrumb\",\"itemListElement\":[{\"@type\":\"ListItem\",\"position\":1,\"name\":\"Startseite\",\"item\":\"https:\/\/www.sprachschule-aktiv.ch\/it\/\"},{\"@type\":\"ListItem\",\"position\":2,\"name\":\"La nostra scuola di tedesco a Zurigo\"}]},{\"@type\":\"WebSite\",\"@id\":\"https:\/\/www.sprachschule-aktiv.ch\/#website\",\"url\":\"https:\/\/www.sprachschule-aktiv.ch\/\",\"name\":\"Sprachschule Aktiv\",\"description\":\"\",\"potentialAction\":[{\"@type\":\"SearchAction\",\"target\":{\"@type\":\"EntryPoint\",\"urlTemplate\":\"https:\/\/www.sprachschule-aktiv.ch\/?s={search_term_string}\"},\"query-input\":{\"@type\":\"PropertyValueSpecification\",\"valueRequired\":true,\"valueName\":\"search_term_string\"}}],\"inLanguage\":\"it-IT\"}]}<\/script>\n<!-- \/ Yoast SEO plugin. -->","yoast_head_json":{"title":"La nostra scuola di tedesco a Zurigo - Chi siamo","description":"Chi siamo: i nostri insegnanti di lingua, vantaggi, metodo. La nostra scuola di lingue a Zurigo \u00e8 molto di pi\u00f9 di un luogo dove imparare una nuova lingua","robots":{"index":"index","follow":"follow","max-snippet":"max-snippet:-1","max-image-preview":"max-image-preview:large","max-video-preview":"max-video-preview:-1"},"canonical":"https:\/\/www.sprachschule-aktiv.ch\/it\/scuola-di-lingua-tedesca\/","og_locale":"it_IT","og_type":"article","og_title":"La nostra scuola di tedesco a Zurigo - Chi siamo","og_description":"Chi siamo: i nostri insegnanti di lingua, vantaggi, metodo. La nostra scuola di lingue a Zurigo \u00e8 molto di pi\u00f9 di un luogo dove imparare una nuova lingua","og_url":"https:\/\/www.sprachschule-aktiv.ch\/it\/scuola-di-lingua-tedesca\/","og_site_name":"Sprachschule Aktiv","article_modified_time":"2022-12-07T08:33:27+00:00","twitter_card":"summary_large_image","twitter_misc":{"Tempo di lettura stimato":"4 minuti"},"schema":{"@context":"https:\/\/schema.org","@graph":[{"@type":"WebPage","@id":"https:\/\/www.sprachschule-aktiv.ch\/it\/scuola-di-lingua-tedesca\/","url":"https:\/\/www.sprachschule-aktiv.ch\/it\/scuola-di-lingua-tedesca\/","name":"La nostra scuola di tedesco a Zurigo - Chi siamo","isPartOf":{"@id":"https:\/\/www.sprachschule-aktiv.ch\/#website"},"datePublished":"2017-07-28T05:02:35+00:00","dateModified":"2022-12-07T08:33:27+00:00","description":"Chi siamo: i nostri insegnanti di lingua, vantaggi, metodo. La nostra scuola di lingue a Zurigo \u00e8 molto di pi\u00f9 di un luogo dove imparare una nuova lingua","breadcrumb":{"@id":"https:\/\/www.sprachschule-aktiv.ch\/it\/scuola-di-lingua-tedesca\/#breadcrumb"},"inLanguage":"it-IT","potentialAction":[{"@type":"ReadAction","target":["https:\/\/www.sprachschule-aktiv.ch\/it\/scuola-di-lingua-tedesca\/"]}]},{"@type":"BreadcrumbList","@id":"https:\/\/www.sprachschule-aktiv.ch\/it\/scuola-di-lingua-tedesca\/#breadcrumb","itemListElement":[{"@type":"ListItem","position":1,"name":"Startseite","item":"https:\/\/www.sprachschule-aktiv.ch\/it\/"},{"@type":"ListItem","position":2,"name":"La nostra scuola di tedesco a Zurigo"}]},{"@type":"WebSite","@id":"https:\/\/www.sprachschule-aktiv.ch\/#website","url":"https:\/\/www.sprachschule-aktiv.ch\/","name":"Sprachschule Aktiv","description":"","potentialAction":[{"@type":"SearchAction","target":{"@type":"EntryPoint","urlTemplate":"https:\/\/www.sprachschule-aktiv.ch\/?s={search_term_string}"},"query-input":{"@type":"PropertyValueSpecification","valueRequired":true,"valueName":"search_term_string"}}],"inLanguage":"it-IT"}]}},"_links":{"self":[{"href":"https:\/\/www.sprachschule-aktiv.ch\/it\/wp-json\/wp\/v2\/pages\/2107","targetHints":{"allow":["GET"]}}],"collection":[{"href":"https:\/\/www.sprachschule-aktiv.ch\/it\/wp-json\/wp\/v2\/pages"}],"about":[{"href":"https:\/\/www.sprachschule-aktiv.ch\/it\/wp-json\/wp\/v2\/types\/page"}],"author":[{"embeddable":true,"href":"https:\/\/www.sprachschule-aktiv.ch\/it\/wp-json\/wp\/v2\/users\/2"}],"replies":[{"embeddable":true,"href":"https:\/\/www.sprachschule-aktiv.ch\/it\/wp-json\/wp\/v2\/comments?post=2107"}],"version-history":[{"count":2,"href":"https:\/\/www.sprachschule-aktiv.ch\/it\/wp-json\/wp\/v2\/pages\/2107\/revisions"}],"predecessor-version":[{"id":5262,"href":"https:\/\/www.sprachschule-aktiv.ch\/it\/wp-json\/wp\/v2\/pages\/2107\/revisions\/5262"}],"wp:attachment":[{"href":"https:\/\/www.sprachschule-aktiv.ch\/it\/wp-json\/wp\/v2\/media?parent=2107"}],"curies":[{"name":"wp","href":"https:\/\/api.w.org\/{rel}","templated":true}]}}