{"id":2401,"date":"2016-08-11T12:35:27","date_gmt":"2016-08-11T12:35:27","guid":{"rendered":"https:\/\/www.sprachschule-aktiv.ch\/home-3-corporate\/"},"modified":"2023-01-16T22:27:16","modified_gmt":"2023-01-16T21:27:16","slug":"apprendre-lallemand-a-zurich-ecole-de-langue-pour-les-cours-dallemand","status":"publish","type":"page","link":"https:\/\/www.sprachschule-aktiv.ch\/fr\/","title":{"rendered":"Cours d&#8217;allemand \u00e0 Zurich &#8211; Ecole de langue pour les cours d&#8217;allemand"},"content":{"rendered":"<p>[vc_row full_width=&#8221;stretch_row_content_no_spaces&#8221; equal_height=&#8221;yes&#8221; tc_enable_overlay=&#8221;true&#8221; css=&#8221;.vc_custom_1607631578935{background-position: center !important;background-repeat: no-repeat !important;background-size: cover !important;}&#8221;][vc_column][vc_single_image image=&#8221;3550&#8243; img_size=&#8221;full&#8221;][\/vc_column][\/vc_row][vc_row full_width=&#8221;stretch_row&#8221; equal_height=&#8221;yes&#8221; content_placement=&#8221;middle&#8221; tc_enable_overlay=&#8221;true&#8221; css=&#8221;.vc_custom_1670398915679{padding-top: 50px !important;padding-bottom: 50px !important;}&#8221; el_class=&#8221;action-box m-b-none theme-bg-color&#8221;][vc_column width=&#8221;2\/3&#8243;][vc_column_text]<\/p>\n<h3 class=\"text-white\">Voulez-vous apprendre l&#8217;allemand \u00e0 Zurich?<\/h3>\n<p class=\"text-white\">Apprenez l\u2019Allemand dans une des plus belles villes de Suisse. Nous vous offrons des cours de langues \u00e0 prix raisonnable.<\/p>\n<p>[\/vc_column_text][\/vc_column][vc_column width=&#8221;1\/3&#8243; css=&#8221;.vc_custom_1481804430561{padding-top: 15px !important;}&#8221; el_class=&#8221;text-right&#8221;]\t<div class=\"vc_btn3-container vc_btn3-inline\">\n\t\t<a href=\"https:\/\/www.sprachschule-aktiv.ch\/fr\/inscrivez-vous\/\" class=\"pgs_btn pgs_btn_style_2 pgs_btn_xl\">\n\t\t\t<span>\n\t\t\t\tInscrivez-vous !\t\t\t<\/span>\n\t\t\t\t\t\t<i class=\"fa fa-chevron-right\"><\/i>\n\t\t\t\t\t<\/a>\n\t<\/div>\n\t[\/vc_column][\/vc_row][vc_row css=&#8221;.vc_custom_1489238430544{padding-top: 50px !important;}&#8221;][vc_column css=&#8221;.vc_custom_1489228440142{padding-right: 20px !important;}&#8221;][vc_column_text]<\/p>\n<h1>Apprendre l&#8217;allemand \u00e0 Zurich &#8211; Ecole de langue pour les cours d&#8217;allemand<\/h1>\n<p>Apprenez l\u2019Allemand dans une des plus belles villes de Suisse. Nous vous offrons des cours de langues \u00e0 prix raisonnable. L\u2019allemand est bien \u00e9videmment la langue maternelle de nos professeurs passionn\u00e9s ce qui vous permettra d\u2019apprendre l\u2019allemand avec une prononciation parfaite. Vous avez le choix entre diff\u00e9rentes offres de cours qui sauront satisfaire vos attentes.[\/vc_column_text][\/vc_column][\/vc_row][vc_row css=&#8221;.vc_custom_1489239192762{padding-bottom: 50px !important;}&#8221;][vc_column width=&#8221;1\/3&#8243; css=&#8221;.vc_custom_1489228440142{padding-right: 20px !important;}&#8221;][vc_single_image image=&#8221;2423&#8243; img_size=&#8221;full&#8221; onclick=&#8221;custom_link&#8221; link=&#8221;https:\/\/www.sprachschule-aktiv.ch\/fr\/contact\/&#8221;][vc_column_text]<\/p>\n<h2>Avez-vous des doutes?<\/h2>\n<p>\u00c9crivez-nous et nous vous aiderons![\/vc_column_text]\t<div class=\"vc_btn3-container vc_btn3-inline\">\n\t\t<a href=\"https:\/\/www.sprachschule-aktiv.ch\/fr\/contact\/\" class=\"pgs_btn pgs_btn_style_1 pgs_btn_xl\">\n\t\t\t<span>\n\t\t\t\t\u00c9crivez-nous !\t\t\t<\/span>\n\t\t\t\t\t\t<i class=\"fas fa-angle-double-right\"><\/i>\n\t\t\t\t\t<\/a>\n\t<\/div>\n\t[\/vc_column][vc_column width=&#8221;1\/3&#8243;][vc_single_image image=&#8221;2424&#8243; img_size=&#8221;full&#8221; onclick=&#8221;custom_link&#8221; link=&#8221;https:\/\/www.sprachschule-aktiv.ch\/fr\/inscrivez-vous\/&#8221;][vc_column_text]<\/p>\n<h2>Apprendre l&#8217;allemand<\/h2>\n<p>Inscrivez-vous sur Sprachschule Aktiv[\/vc_column_text]\t<div class=\"vc_btn3-container vc_btn3-inline\">\n\t\t<a href=\"https:\/\/www.sprachschule-aktiv.ch\/fr\/inscrivez-vous\/\" class=\"pgs_btn pgs_btn_style_1 pgs_btn_xl\">\n\t\t\t<span>\n\t\t\t\tInscrivez-vous \u00e0 notre \u00e9cole\t\t\t<\/span>\n\t\t\t\t\t\t<i class=\"fas fa-angle-double-right\"><\/i>\n\t\t\t\t\t<\/a>\n\t<\/div>\n\t[\/vc_column][vc_column width=&#8221;1\/3&#8243;][\/vc_column][\/vc_row][vc_row full_width=&#8221;stretch_row&#8221; css=&#8221;.vc_custom_1489334925177{padding-top: 50px !important;padding-bottom: 40px !important;background-color: #f9f9f9 !important;}&#8221;][vc_column css=&#8221;.vc_custom_1489228440142{padding-right: 20px !important;}&#8221;][vc_column_text]<\/p>\n<h2>Cours d\u2019Allemand Intensif A1, A2, B1, B2, C1, C2-Nos prix et dates<\/h2>\n<p>Vous pouvez suivre des cours d\u2019Allemand aussi bien pour d\u00e9butants que pour confirm\u00e9s. Nous enseignons les niveaux A1, A2, B1, B2, C1 and C2. Nos prix et dates de d\u00e9but des cours :<\/p>\n<p>\n<table id=\"tablepress-51\" class=\"tablepress tablepress-id-51 tablepress-responsive\">\n<thead>\n<tr class=\"row-1\">\n\t<th class=\"column-1\">Horaires<\/th><th class=\"column-2\">D\u00e9but des cours si connaissances pr\u00e9alables <\/th><th class=\"column-3\">D\u00e9but des cours pour d\u00e9butants<\/th><td class=\"column-4\"><\/td><td class=\"column-5\"><\/td>\n<\/tr>\n<\/thead>\n<tbody class=\"row-striping row-hover\">\n<tr class=\"row-2\">\n\t<td class=\"column-1\">Lundi \u00e0 Vendredi de 9h \u00e0 12h<\/td><td class=\"column-2\">Chaque lundi apr\u00e8s un test de niveau de langues<\/td><td class=\"column-3\">Chaque premier lundi du mois<\/td><td class=\"column-4\"><\/td><td class=\"column-5\"><\/td>\n<\/tr>\n<tr class=\"row-3\">\n\t<td class=\"column-1\"><\/td><td class=\"column-2\"><\/td><td class=\"column-3\"><\/td><td class=\"column-4\"><\/td><td class=\"column-5\"><\/td>\n<\/tr>\n<tr class=\"row-4\">\n\t<td class=\"column-1\"><h2>Prix:<\/h2><\/td><td class=\"column-2\"><\/td><td class=\"column-3\"><\/td><td class=\"column-4\"><\/td><td class=\"column-5\"><\/td>\n<\/tr>\n<tr class=\"row-5\">\n\t<td class=\"column-1\">1 semaine co\u00fbte 395 CHF\t<br \/>\n2 semaines co\u00fbtent seulement 580 CHF<br \/>\n3 semaines co\u00fbtent 675 CHF<br \/>\n4 semaines : 790 CHF (par mois)<\/td><td class=\"column-2\"><\/td><td class=\"column-3\"><\/td><td class=\"column-4\"><\/td><td class=\"column-5\"><\/td>\n<\/tr>\n<\/tbody>\n<\/table>\n<!-- #tablepress-51 from cache -->[\/vc_column_text][\/vc_column][\/vc_row][vc_row full_width=&#8221;stretch_row&#8221; css=&#8221;.vc_custom_1670398799625{padding-top: 20px !important;background-position: 0 0 !important;background-repeat: no-repeat !important;}&#8221;][vc_column css=&#8221;.vc_custom_1489228440142{padding-right: 20px !important;}&#8221;][vc_column_text]<\/p>\n<h2>Nous enseignons en petits groupes<\/h2>\n<p>La taille du groupe est d\u00e9terminante afin que l\u2019apprentissage de la langue soit un succ\u00e8s. Nous pr\u00eatons attention \u00e0 ce qu\u2019il n\u2019y ait pas plus de dix participants par groupe. Ainsi vous aurez de nombreuses opportunit\u00e9s de parler allemand en participant facilement et activement en classe.<\/p>\n<h2>Nos professeurs d\u2019allemand passionn\u00e9s se concentrent sur votre apprentissage<\/h2>\n<p>Nos professeurs sont tous allemands de langue maternelle et sauront vous montrer leurs aptitudes p\u00e9dagogiques.<\/p>\n<p>Nos professeurs certifi\u00e9s savent cr\u00e9er une atmosph\u00e8re conviviale o\u00f9 vous vous sentirez imm\u00e9diatement \u00e0 l\u2019aise. C\u2019est un point tr\u00e8s important lorsque l\u2019on apprend une nouvelle langue. Parler l\u2019Allemand requiert du courage. Plus pr\u00e9cis\u00e9ment, lorsque vous \u00eates d\u00e9butants il est plus compliqu\u00e9 de prendre part au cours. Nos professeurs passionn\u00e9s vont vous donner du courage et vous atteindrez rapidement vos objectifs.[\/vc_column_text][\/vc_column][\/vc_row][vc_row full_width=&#8221;stretch_row&#8221; css=&#8221;.vc_custom_1489334925177{padding-top: 50px !important;padding-bottom: 40px !important;background-color: #f9f9f9 !important;}&#8221;][vc_column css=&#8221;.vc_custom_1489228440142{padding-right: 20px !important;}&#8221;][vc_column_text]<\/p>\n<h2>Tests de niveaux de langue et heure d\u2019essai<\/h2>\n<p>Si vous avez des connaissances pr\u00e9alables en Allemand ce test est tr\u00e8s important pour vous. Vous pouvez faire ce test directement \u00e0 notre \u00e9cole de langue de Zurich ou bien en ligne.<br \/>\nAinsi nous vous placerons dans le cours indiqu\u00e9 par les r\u00e9sultats. En \u00e9tant dans le groupe ad\u00e9quat, vous apprendrez beaucoup plus rapidement la langue.<\/p>\n<p>Lorsque vous choisissez vous-m\u00eame un cours, vous risquez de vous ennuyer car vous connaissez d\u00e9j\u00e0 les bases ; de m\u00eame que surestimer ses capacit\u00e9s en choisissant un cours trop compliqu\u00e9 n\u2019est pas favorable \u00e0 votre apprentissage. Non seulement cela ralentirait vos progr\u00e8s mais cela augmenterait votre frustration.<\/p>\n<h2>Vous commencez avec une heure d\u2019essai<\/h2>\n<p>Apr\u00e8s l\u2019heure d\u2019essai, vous pourrez voir comment vous vous sentirez par rapport \u00e0 votre professeur. Ne pr\u00eatez pas seulement attention aux qualit\u00e9s p\u00e9dagogiques mais \u00e9galement au charisme. Vous devez vous sentir \u00e0 l\u2019aise avec le professeur.<\/p>\n<h2>Nous vous donnons un visa pour la Suisse<\/h2>\n<p>Vous pourrez postuler \u00e0 votre visa \u00e9tudiant sur place lorsque vous d\u00e9butez vos cours au sein de l\u2019\u00e9cole. Il y a beaucoup de formalit\u00e9s et la barri\u00e8re de la langue peut rendre le processus complexe. Ainsi nous vous aiderons dans vos proc\u00e9dures administratives[\/vc_column_text][\/vc_column][\/vc_row][vc_row full_width=&#8221;stretch_row&#8221; css=&#8221;.vc_custom_1489335391149{padding-top: 50px !important;padding-bottom: 30px !important;}&#8221;][vc_column css=&#8221;.vc_custom_1489228440142{padding-right: 20px !important;}&#8221;][vc_column_text]<\/p>\n<h2>Notre \u00e9cole de langue est situ\u00e9e dans le centre de Zurich<\/h2>\n<p>[\/vc_column_text][vc_row_inner][vc_column_inner width=&#8221;1\/2&#8243;][vc_single_image image=&#8221;2426&#8243; img_size=&#8221;full&#8221; style=&#8221;vc_box_outline&#8221; css=&#8221;.vc_custom_1509517464539{padding-top: 15px !important;}&#8221;][\/vc_column_inner][vc_column_inner width=&#8221;1\/2&#8243;][vc_column_text]Vous trouverez notre Ecole au 293 Wehntalerstrasse 8046 Zurich. Nos salles de cours sont ais\u00e9ment accessibles en voiture ou transports en commun.[\/vc_column_text][vc_gmaps link=&#8221;#E-8_JTNDaWZyYW1lJTIwc3JjJTNEJTIyaHR0cHMlM0ElMkYlMkZ3d3cuZ29vZ2xlLmNvbSUyRm1hcHMlMkZlbWJlZCUzRnBiJTNEJTIxMW0xOCUyMTFtMTIlMjExbTMlMjExZDI3MDAuMDIyMjMyNzE4Njk0JTIxMmQ4LjUyMjg1MTUxNTc5NTgwMiUyMTNkNDcuNDExNTA3NTA5NDI3NTElMjEybTMlMjExZjAlMjEyZjAlMjEzZjAlMjEzbTIlMjExaTEwMjQlMjEyaTc2OCUyMTRmMTMuMSUyMTNtMyUyMTFtMiUyMTFzMHg0NzkwMGFmNDZkMmUwNGJkJTI1M0EweDI2ZTI1ZWU5MmU1NjUxZmIlMjEyc1NwcmFjaHNjaHVsZSUyQkFrdGl2JTJCWiUyNUMzJTI1QkNyaWNoJTIxNWUwJTIxM20yJTIxMXNlcyUyMTJzZGUlMjE0djE0ODkyMzI0NTMyMTclMjIlMjB3aWR0aCUzRCUyMjEwMCUyNSUyMiUyMGhlaWdodCUzRCUyMjI4MCUyMiUyMGZyYW1lYm9yZGVyJTNEJTIyMCUyMiUyMHN0eWxlJTNEJTIyYm9yZGVyJTNBMCUyMiUyMGFsbG93ZnVsbHNjcmVlbiUzRSUzQyUyRmlmcmFtZSUzRQ==&#8221;][\/vc_column_inner][\/vc_row_inner][\/vc_column][\/vc_row][vc_row full_width=&#8221;stretch_row&#8221; css=&#8221;.vc_custom_1489335406405{padding-top: 50px !important;padding-bottom: 30px !important;background-color: #f9f9f9 !important;}&#8221;][vc_column css=&#8221;.vc_custom_1489228440142{padding-right: 20px !important;}&#8221;][vc_column_text]<\/p>\n<h2>En plus des cours d\u2019Allemand, nous organisons des excursions et activit\u00e9s<\/h2>\n<p>Nos professeurs vous enseignent \u00e9galement la culture allemande et son style de vie. Ils organisent r\u00e9guli\u00e8rement des excursions et des activit\u00e9s.[\/vc_column_text][\/vc_column][\/vc_row]<\/p>\n","protected":false},"excerpt":{"rendered":"<p>[vc_row full_width=&#8221;stretch_row_content_no_spaces&#8221; equal_height=&#8221;yes&#8221; tc_enable_overlay=&#8221;true&#8221; css=&#8221;.vc_custom_1607631578935{background-position: center !important;background-repeat: no-repeat !important;background-size: cover !important;}&#8221;][vc_column][vc_single_image image=&#8221;3550&#8243; img_size=&#8221;full&#8221;][\/vc_column][\/vc_row][vc_row full_width=&#8221;stretch_row&#8221; equal_height=&#8221;yes&#8221; content_placement=&#8221;middle&#8221; tc_enable_overlay=&#8221;true&#8221; css=&#8221;.vc_custom_1670398915679{padding-top: 50px !important;padding-bottom: 50px !important;}&#8221; el_class=&#8221;action-box m-b-none theme-bg-color&#8221;][vc_column width=&#8221;2\/3&#8243;][vc_column_text] Voulez-vous apprendre l&#8217;allemand \u00e0 Zurich? Apprenez l\u2019Allemand dans une des plus belles villes de Suisse. Nous vous offrons des cours de langues \u00e0 prix raisonnable. [\/vc_column_text][\/vc_column][vc_column width=&#8221;1\/3&#8243; css=&#8221;.vc_custom_1481804430561{padding-top: 15px&hellip; <a class=\"read-more\" href=\"https:\/\/www.sprachschule-aktiv.ch\/fr\/\" title=\"Read Cours d&#8217;allemand \u00e0 Zurich &#8211; Ecole de langue pour les cours d&#8217;allemand\">Read more &raquo;<\/a><\/p>\n","protected":false},"author":1,"featured_media":0,"parent":0,"menu_order":5,"comment_status":"closed","ping_status":"closed","template":"templates\/page-vc_compatible.php","meta":{"footnotes":""},"class_list":["post-2401","page","type-page","status-publish","hentry"],"yoast_head":"<!-- This site is optimized with the Yoast SEO plugin v27.1.1 - https:\/\/yoast.com\/product\/yoast-seo-wordpress\/ -->\n<title>Cours d&#039;allemand \u00e0 Zurich - \u00e9cole de langue pour l&#039;allemand<\/title>\n<meta name=\"description\" content=\"Apprendre l&#039;allemand \u00e0 Zurich - \u00e9cole de langue pour les cours d&#039;allemand pour d\u00e9butants et avanc\u00e9s A1 \u00e0 C2. Cours intensifs et cours particuliers\" \/>\n<meta name=\"robots\" content=\"index, follow, max-snippet:-1, max-image-preview:large, max-video-preview:-1\" \/>\n<link rel=\"canonical\" href=\"https:\/\/www.sprachschule-aktiv.ch\/fr\/\" \/>\n<meta property=\"og:locale\" content=\"fr_FR\" \/>\n<meta property=\"og:type\" content=\"article\" \/>\n<meta property=\"og:title\" content=\"Cours d&#039;allemand \u00e0 Zurich - \u00e9cole de langue pour l&#039;allemand\" \/>\n<meta property=\"og:description\" content=\"Apprendre l&#039;allemand \u00e0 Zurich - \u00e9cole de langue pour les cours d&#039;allemand pour d\u00e9butants et avanc\u00e9s A1 \u00e0 C2. Cours intensifs et cours particuliers\" \/>\n<meta property=\"og:url\" content=\"https:\/\/www.sprachschule-aktiv.ch\/fr\/\" \/>\n<meta property=\"og:site_name\" content=\"Sprachschule Aktiv\" \/>\n<meta property=\"article:modified_time\" content=\"2023-01-16T21:27:16+00:00\" \/>\n<meta name=\"twitter:card\" content=\"summary_large_image\" \/>\n<meta name=\"twitter:label1\" content=\"Dur\u00e9e de lecture estim\u00e9e\" \/>\n\t<meta name=\"twitter:data1\" content=\"5 minutes\" \/>\n<script type=\"application\/ld+json\" class=\"yoast-schema-graph\">{\"@context\":\"https:\/\/schema.org\",\"@graph\":[{\"@type\":\"WebPage\",\"@id\":\"https:\/\/www.sprachschule-aktiv.ch\/fr\/\",\"url\":\"https:\/\/www.sprachschule-aktiv.ch\/fr\/\",\"name\":\"Cours d'allemand \u00e0 Zurich - \u00e9cole de langue pour l'allemand\",\"isPartOf\":{\"@id\":\"https:\/\/www.sprachschule-aktiv.ch\/#website\"},\"datePublished\":\"2016-08-11T12:35:27+00:00\",\"dateModified\":\"2023-01-16T21:27:16+00:00\",\"description\":\"Apprendre l'allemand \u00e0 Zurich - \u00e9cole de langue pour les cours d'allemand pour d\u00e9butants et avanc\u00e9s A1 \u00e0 C2. Cours intensifs et cours particuliers\",\"breadcrumb\":{\"@id\":\"https:\/\/www.sprachschule-aktiv.ch\/fr\/#breadcrumb\"},\"inLanguage\":\"fr-FR\",\"potentialAction\":[{\"@type\":\"ReadAction\",\"target\":[\"https:\/\/www.sprachschule-aktiv.ch\/fr\/\"]}]},{\"@type\":\"BreadcrumbList\",\"@id\":\"https:\/\/www.sprachschule-aktiv.ch\/fr\/#breadcrumb\",\"itemListElement\":[{\"@type\":\"ListItem\",\"position\":1,\"name\":\"Startseite\",\"item\":\"https:\/\/www.sprachschule-aktiv.ch\/fr\/\"},{\"@type\":\"ListItem\",\"position\":2,\"name\":\"Cours d&#8217;allemand \u00e0 Zurich &#8211; Ecole de langue pour les cours d&#8217;allemand\"}]},{\"@type\":\"WebSite\",\"@id\":\"https:\/\/www.sprachschule-aktiv.ch\/#website\",\"url\":\"https:\/\/www.sprachschule-aktiv.ch\/\",\"name\":\"Sprachschule Aktiv\",\"description\":\"\",\"potentialAction\":[{\"@type\":\"SearchAction\",\"target\":{\"@type\":\"EntryPoint\",\"urlTemplate\":\"https:\/\/www.sprachschule-aktiv.ch\/?s={search_term_string}\"},\"query-input\":{\"@type\":\"PropertyValueSpecification\",\"valueRequired\":true,\"valueName\":\"search_term_string\"}}],\"inLanguage\":\"fr-FR\"}]}<\/script>\n<!-- \/ Yoast SEO plugin. -->","yoast_head_json":{"title":"Cours d'allemand \u00e0 Zurich - \u00e9cole de langue pour l'allemand","description":"Apprendre l'allemand \u00e0 Zurich - \u00e9cole de langue pour les cours d'allemand pour d\u00e9butants et avanc\u00e9s A1 \u00e0 C2. Cours intensifs et cours particuliers","robots":{"index":"index","follow":"follow","max-snippet":"max-snippet:-1","max-image-preview":"max-image-preview:large","max-video-preview":"max-video-preview:-1"},"canonical":"https:\/\/www.sprachschule-aktiv.ch\/fr\/","og_locale":"fr_FR","og_type":"article","og_title":"Cours d'allemand \u00e0 Zurich - \u00e9cole de langue pour l'allemand","og_description":"Apprendre l'allemand \u00e0 Zurich - \u00e9cole de langue pour les cours d'allemand pour d\u00e9butants et avanc\u00e9s A1 \u00e0 C2. Cours intensifs et cours particuliers","og_url":"https:\/\/www.sprachschule-aktiv.ch\/fr\/","og_site_name":"Sprachschule Aktiv","article_modified_time":"2023-01-16T21:27:16+00:00","twitter_card":"summary_large_image","twitter_misc":{"Dur\u00e9e de lecture estim\u00e9e":"5 minutes"},"schema":{"@context":"https:\/\/schema.org","@graph":[{"@type":"WebPage","@id":"https:\/\/www.sprachschule-aktiv.ch\/fr\/","url":"https:\/\/www.sprachschule-aktiv.ch\/fr\/","name":"Cours d'allemand \u00e0 Zurich - \u00e9cole de langue pour l'allemand","isPartOf":{"@id":"https:\/\/www.sprachschule-aktiv.ch\/#website"},"datePublished":"2016-08-11T12:35:27+00:00","dateModified":"2023-01-16T21:27:16+00:00","description":"Apprendre l'allemand \u00e0 Zurich - \u00e9cole de langue pour les cours d'allemand pour d\u00e9butants et avanc\u00e9s A1 \u00e0 C2. Cours intensifs et cours particuliers","breadcrumb":{"@id":"https:\/\/www.sprachschule-aktiv.ch\/fr\/#breadcrumb"},"inLanguage":"fr-FR","potentialAction":[{"@type":"ReadAction","target":["https:\/\/www.sprachschule-aktiv.ch\/fr\/"]}]},{"@type":"BreadcrumbList","@id":"https:\/\/www.sprachschule-aktiv.ch\/fr\/#breadcrumb","itemListElement":[{"@type":"ListItem","position":1,"name":"Startseite","item":"https:\/\/www.sprachschule-aktiv.ch\/fr\/"},{"@type":"ListItem","position":2,"name":"Cours d&#8217;allemand \u00e0 Zurich &#8211; Ecole de langue pour les cours d&#8217;allemand"}]},{"@type":"WebSite","@id":"https:\/\/www.sprachschule-aktiv.ch\/#website","url":"https:\/\/www.sprachschule-aktiv.ch\/","name":"Sprachschule Aktiv","description":"","potentialAction":[{"@type":"SearchAction","target":{"@type":"EntryPoint","urlTemplate":"https:\/\/www.sprachschule-aktiv.ch\/?s={search_term_string}"},"query-input":{"@type":"PropertyValueSpecification","valueRequired":true,"valueName":"search_term_string"}}],"inLanguage":"fr-FR"}]}},"_links":{"self":[{"href":"https:\/\/www.sprachschule-aktiv.ch\/fr\/wp-json\/wp\/v2\/pages\/2401","targetHints":{"allow":["GET"]}}],"collection":[{"href":"https:\/\/www.sprachschule-aktiv.ch\/fr\/wp-json\/wp\/v2\/pages"}],"about":[{"href":"https:\/\/www.sprachschule-aktiv.ch\/fr\/wp-json\/wp\/v2\/types\/page"}],"author":[{"embeddable":true,"href":"https:\/\/www.sprachschule-aktiv.ch\/fr\/wp-json\/wp\/v2\/users\/1"}],"replies":[{"embeddable":true,"href":"https:\/\/www.sprachschule-aktiv.ch\/fr\/wp-json\/wp\/v2\/comments?post=2401"}],"version-history":[{"count":17,"href":"https:\/\/www.sprachschule-aktiv.ch\/fr\/wp-json\/wp\/v2\/pages\/2401\/revisions"}],"predecessor-version":[{"id":5456,"href":"https:\/\/www.sprachschule-aktiv.ch\/fr\/wp-json\/wp\/v2\/pages\/2401\/revisions\/5456"}],"wp:attachment":[{"href":"https:\/\/www.sprachschule-aktiv.ch\/fr\/wp-json\/wp\/v2\/media?parent=2401"}],"curies":[{"name":"wp","href":"https:\/\/api.w.org\/{rel}","templated":true}]}}