{"id":621,"date":"2016-08-11T12:35:27","date_gmt":"2016-08-11T12:35:27","guid":{"rendered":"https:\/\/www.sprachschule-aktiv.ch\/home-3-corporate\/"},"modified":"2023-01-16T22:26:53","modified_gmt":"2023-01-16T21:26:53","slug":"home-3-corporate","status":"publish","type":"page","link":"https:\/\/www.sprachschule-aktiv.ch\/es\/","title":{"rendered":"Home 3 &#8211; Corporate"},"content":{"rendered":"<p>[vc_row full_width=&#8221;stretch_row_content_no_spaces&#8221; equal_height=&#8221;yes&#8221; tc_enable_overlay=&#8221;true&#8221; css=&#8221;.vc_custom_1607631711343{background-position: center !important;background-repeat: no-repeat !important;background-size: cover !important;}&#8221;][vc_column][vc_single_image image=&#8221;3572&#8243; img_size=&#8221;full&#8221;][\/vc_column][\/vc_row][vc_row full_width=&#8221;stretch_row&#8221; equal_height=&#8221;yes&#8221; content_placement=&#8221;middle&#8221; tc_enable_overlay=&#8221;true&#8221; css=&#8221;.vc_custom_1480401715002{padding-top: 30px !important;padding-bottom: 30px !important;}&#8221; el_class=&#8221;action-box m-b-none theme-bg-color&#8221;][vc_column width=&#8221;2\/3&#8243;][vc_column_text]<\/p>\n<h3 class=\"text-white\">\u00bfQui\u00e9res aprender alem\u00e1n en Z\u00farich?<\/h3>\n<p class=\"text-white\">Inscr\u00edbete en nuestros cursos y aprende idiomas en nuestra escuela de idiomas Sprachschule Aktiv<\/p>\n<p>[\/vc_column_text][\/vc_column][vc_column width=&#8221;1\/3&#8243; css=&#8221;.vc_custom_1481804430561{padding-top: 15px !important;}&#8221; el_class=&#8221;text-right&#8221;]\t<div class=\"vc_btn3-container vc_btn3-inline\">\n\t\t<a href=\"https:\/\/www.sprachschule-aktiv.ch\/es\/inscripcion\/\" class=\"pgs_btn pgs_btn_style_2 pgs_btn_xl\">\n\t\t\t<span>\n\t\t\t\t\u00a1Inscr\u00edbete ahora!\t\t\t<\/span>\n\t\t\t\t\t\t<i class=\"fa fa-chevron-right\"><\/i>\n\t\t\t\t\t<\/a>\n\t<\/div>\n\t[\/vc_column][\/vc_row][vc_row css=&#8221;.vc_custom_1489238430544{padding-top: 50px !important;}&#8221;][vc_column css=&#8221;.vc_custom_1489228440142{padding-right: 20px !important;}&#8221;][vc_column_text]<\/p>\n<h1>Curso de alem\u00e1n en Z\u00farich &#8211; A1, A2, B1, B2, C1, C2<\/h1>\n<h2>Aprender alem\u00e1n en Z\u00farich en la escuela &#8220;Sprachschule Aktiv&#8221; &#8211; con certificados reconocidos<\/h2>\n<p>[\/vc_column_text][vc_row_inner][vc_column_inner width=&#8221;1\/2&#8243;][vc_column_text]<iframe loading=\"lazy\" title=\"YouTube video player\" src=\"https:\/\/www.youtube.com\/embed\/JOvJI8b4z_E\" width=\"100%\" height=\"315\" frameborder=\"0\" allowfullscreen=\"allowfullscreen\"><\/iframe>[\/vc_column_text][\/vc_column_inner][vc_column_inner width=&#8221;1\/2&#8243;][vc_column_text]Aprender alem\u00e1n en Z\u00farich en la escuela de alem\u00e1n Sprachschule Aktiv. Le ofrecemos cursos de alem\u00e1n econ\u00f3micos y efectivos. Nuestros profesores son nativos y amenos lo que facilita el aprendizaje de la pronunciaci\u00f3n desde el primer d\u00eda de clase. Usted tiene la posibilidad de elegir entre las diferentes modalidades de cursos que se adapten a sus necesidades y metas.[\/vc_column_text]\t<div class=\"vc_btn3-container vc_btn3-inline\">\n\t\t<a href=\"https:\/\/www.sprachschule-aktiv.ch\/es\/contactar\/\" class=\"pgs_btn pgs_btn_style_1 pgs_btn_xl\">\n\t\t\t<span>\n\t\t\t\tContacta con nosotros\t\t\t<\/span>\n\t\t\t\t\t\t<i class=\"fas fa-angle-double-right\"><\/i>\n\t\t\t\t\t<\/a>\n\t<\/div>\n\t[\/vc_column_inner][\/vc_row_inner][\/vc_column][\/vc_row][vc_row css=&#8221;.vc_custom_1670396397239{margin-top: 30px !important;padding-bottom: 50px !important;}&#8221;][vc_column width=&#8221;1\/3&#8243; css=&#8221;.vc_custom_1489228440142{padding-right: 20px !important;}&#8221;][vc_single_image image=&#8221;631&#8243; img_size=&#8221;full&#8221; onclick=&#8221;custom_link&#8221; link=&#8221;https:\/\/www.sprachschule-aktiv.ch\/es\/contactar\/&#8221;][vc_column_text]<\/p>\n<h2>\u00bfTienes alguna duda?<\/h2>\n<p>\u00a1Escr\u00edbenos y te ayudaremos!<br \/>\n[\/vc_column_text]\t<div class=\"vc_btn3-container vc_btn3-inline\">\n\t\t<a href=\"https:\/\/www.sprachschule-aktiv.ch\/es\/contactar\/\" class=\"pgs_btn pgs_btn_style_1 pgs_btn_xl\">\n\t\t\t<span>\n\t\t\t\tEscr\u00edbenos ahora\t\t\t<\/span>\n\t\t\t\t\t\t<i class=\"fas fa-angle-double-right\"><\/i>\n\t\t\t\t\t<\/a>\n\t<\/div>\n\t[\/vc_column][vc_column width=&#8221;1\/3&#8243;][vc_single_image image=&#8221;632&#8243; img_size=&#8221;full&#8221; onclick=&#8221;custom_link&#8221; link=&#8221;https:\/\/www.sprachschule-aktiv.ch\/es\/inscripcion\/&#8221;][vc_column_text]<\/p>\n<h2>\u00bfQui\u00e9res aprender alem\u00e1n?<\/h2>\n<p>Inscr\u00edbete ahora en Sprachschule Aktiv[\/vc_column_text]\t<div class=\"vc_btn3-container vc_btn3-inline\">\n\t\t<a href=\"https:\/\/www.sprachschule-aktiv.ch\/es\/inscripcion\/\" class=\"pgs_btn pgs_btn_style_1 pgs_btn_xl\">\n\t\t\t<span>\n\t\t\t\tQuiero inscribirme\t\t\t<\/span>\n\t\t\t\t\t\t<i class=\"fas fa-angle-double-right\"><\/i>\n\t\t\t\t\t<\/a>\n\t<\/div>\n\t[\/vc_column][vc_column width=&#8221;1\/3&#8243;][\/vc_column][\/vc_row][vc_row full_width=&#8221;stretch_row&#8221; css=&#8221;.vc_custom_1489334925177{padding-top: 50px !important;padding-bottom: 40px !important;background-color: #f9f9f9 !important;}&#8221;][vc_column css=&#8221;.vc_custom_1489228440142{padding-right: 20px !important;}&#8221;][vc_column_text]<\/p>\n<h2>Cursos de alem\u00e1n Intensivos A1, A2, B1, B2, C1, C2 \u2013 Nuestros precios y fechas de de inicio<\/h2>\n<p>Ofrecemos cursos Inicial y Avanzado en los niveles A1, A2, B1, B2, C1, C2. Nuestros precios y fechas de inicio.<\/p>\n<p>\n<table id=\"tablepress-1\" class=\"tablepress tablepress-id-1 tablepress-responsive\">\n<thead>\n<tr class=\"row-1\">\n\t<th class=\"column-1\">Horario<\/th><th class=\"column-2\">Fecha de inicio nivel Intermedio<\/th><th class=\"column-3\">Fecha de inicio nivel Principiante<\/th><td class=\"column-4\"><\/td><td class=\"column-5\"><\/td>\n<\/tr>\n<\/thead>\n<tbody class=\"row-striping row-hover\">\n<tr class=\"row-2\">\n\t<td class=\"column-1\">De lunes a viernes de 09:00 a 12:00 am.<\/td><td class=\"column-2\">Cada lunes \/ Con Test de nivelaci\u00f3n si lo desea.<\/td><td class=\"column-3\">Cada primer lunes del mes.<\/td><td class=\"column-4\"><\/td><td class=\"column-5\"><\/td>\n<\/tr>\n<tr class=\"row-3\">\n\t<td class=\"column-1\"><\/td><td class=\"column-2\"><\/td><td class=\"column-3\"><\/td><td class=\"column-4\"><\/td><td class=\"column-5\"><\/td>\n<\/tr>\n<tr class=\"row-4\">\n\t<td class=\"column-1\"><h2>Precios:<\/h2><\/td><td class=\"column-2\"><\/td><td class=\"column-3\"><\/td><td class=\"column-4\"><\/td><td class=\"column-5\"><\/td>\n<\/tr>\n<tr class=\"row-5\">\n\t<td class=\"column-1\">1 Semana: 395 CHF\t<br \/>\n2 Semanas: 580 CHF\t<br \/>\n3 Semanas: 675 CHF\t<br \/>\n4 Semanas: 790 CHF<\/td><td class=\"column-2\"><\/td><td class=\"column-3\"><\/td><td class=\"column-4\"><\/td><td class=\"column-5\"><\/td>\n<\/tr>\n<\/tbody>\n<\/table>\n[\/vc_column_text][\/vc_column][\/vc_row][vc_row full_width=&#8221;stretch_row&#8221; css=&#8221;.vc_custom_1670396573768{padding-top: 20px !important;background-position: 0 0 !important;background-repeat: no-repeat !important;}&#8221;][vc_column css=&#8221;.vc_custom_1489228440142{padding-right: 20px !important;}&#8221;][vc_column_text]<\/p>\n<h2>Clases en grupos reducidos<\/h2>\n<p>El \u00e9xito del aprendizaje se basa en la cantidad de participantes por curso. Siempre tomamos en cuenta que nuestros cursos no excedan de 10 participantes por grupos. Esto le permitir\u00e1 una participaci\u00f3n m\u00e1s activa y la oportunidad de conversar en alem\u00e1n durante las clases.<\/p>\n<h2>Profesores nativos y amenos imparten las clases de alem\u00e1n<\/h2>\n<p>Nuestros profesores son nativos y amenos, con estudios en pedagog\u00eda y formaci\u00f3n como profesores de idiomas.<\/p>\n<p>Los profesores cualificados imparten las clases de manera amena, en un ambiente amistoso, esto es un punto importante al aprender un nuevo idioma. Para muchos, al inicio del aprendizaje, es un poco dif\u00edcil participar en las clases por eso nuestro profesores le ayudar\u00e1n a vencer las barreras del nuevo idioma para que en poco tiempo logre sus metas planteadas.[\/vc_column_text][\/vc_column][\/vc_row][vc_row full_width=&#8221;stretch_row&#8221; css=&#8221;.vc_custom_1489334925177{padding-top: 50px !important;padding-bottom: 40px !important;background-color: #f9f9f9 !important;}&#8221;][vc_column css=&#8221;.vc_custom_1489228440142{padding-right: 20px !important;}&#8221;][vc_row_inner][vc_column_inner width=&#8221;1\/2&#8243;][vc_column_text]<\/p>\n<h2>Test de nivelaci\u00f3n y clase de prueba sin costo adicional<\/h2>\n<p>[\/vc_column_text][vc_column_text]Tiene conocimientos b\u00e1sicos de alem\u00e1n, entonces nuestro Test de nivelaci\u00f3n es importante para usted. Puede realizarlo en nuestra escuela de idiomas en Zurich o desde su casa online. Al obtener el resultado del Test podemos indicarle el curso exacto que m\u00e1s se adapte a su nivel seg\u00fan sus conociemientos del idioma. De est\u00e1 manera no estar\u00e1 en un grupo que exiga poco o demasiado de usted.<\/p>\n<p>Si escoge un curso de idiomas al azar puede ser que luego se sienta aburrido porque ya domina la lengua. O si elige un curso que est\u00e9 sobre su nivel eso no solo dificultar\u00e1 el aprendizaje sino tambi\u00e9n causar\u00e1 frustraci\u00f3n. Comience con una clase de prueba, observe no solo la pedagog\u00eda del profesor sino tambi\u00e9n el ambiente ameno de la clase, usted debe sentirse a gusto en el grupo.[\/vc_column_text][\/vc_column_inner][vc_column_inner width=&#8221;1\/2&#8243;][vc_column_text]<img loading=\"lazy\" decoding=\"async\" class=\"size-full wp-image-4728\" src=\"https:\/\/www.sprachschule-aktiv.ch\/wp-content\/uploads\/2022\/10\/cursos-de-aleman-en-zurich.webp\" alt=\"Cursos de alem\u00e1n en Z\u00farich \" width=\"770\" height=\"723\" srcset=\"https:\/\/www.sprachschule-aktiv.ch\/wp-content\/uploads\/2022\/10\/cursos-de-aleman-en-zurich.webp 770w, https:\/\/www.sprachschule-aktiv.ch\/wp-content\/uploads\/2022\/10\/cursos-de-aleman-en-zurich-300x282.webp 300w, https:\/\/www.sprachschule-aktiv.ch\/wp-content\/uploads\/2022\/10\/cursos-de-aleman-en-zurich-768x721.webp 768w\" sizes=\"auto, (max-width: 770px) 100vw, 770px\" \/>[\/vc_column_text][\/vc_column_inner][\/vc_row_inner][vc_column_text]<\/p>\n<h2>\u00bfNecesita una visa para Suiza?<\/h2>\n<p>Si est\u00e1 inscrito en uno de nuestros cursos de alem\u00e1n, entonces puede solicitar una visa de estudio. El papeleo y las formalidades de la solicitud no es f\u00e1cil por eso nosotros nos ocupamos del tr\u00e1mite burocr\u00e1tico.\u00a0Aprender alem\u00e1n en Z\u00farich, econ\u00f3mico, efectivo y r\u00e1pido.[\/vc_column_text][\/vc_column][\/vc_row][vc_row full_width=&#8221;stretch_row&#8221; css=&#8221;.vc_custom_1489335391149{padding-top: 50px !important;padding-bottom: 30px !important;}&#8221;][vc_column css=&#8221;.vc_custom_1489228440142{padding-right: 20px !important;}&#8221;][vc_column_text]<\/p>\n<h2>Nuestra escuela de idiomas est\u00e1 en el centro de Z\u00farich<\/h2>\n<p>[\/vc_column_text][vc_row_inner][vc_column_inner width=&#8221;1\/2&#8243;][vc_single_image image=&#8221;629&#8243; img_size=&#8221;full&#8221; style=&#8221;vc_box_outline&#8221; css=&#8221;.vc_custom_1489335867321{padding-top: 15px !important;}&#8221;][\/vc_column_inner][vc_column_inner width=&#8221;1\/2&#8243;][vc_column_text]Nos encontramos en la Wehntalerstrasse 293 8046 Z\u00farich, de f\u00e1cil acceso en auto o en transporte p\u00fablico.[\/vc_column_text][vc_gmaps link=&#8221;#E-8_JTNDaWZyYW1lJTIwc3JjJTNEJTIyaHR0cHMlM0ElMkYlMkZ3d3cuZ29vZ2xlLmNvbSUyRm1hcHMlMkZlbWJlZCUzRnBiJTNEJTIxMW0xOCUyMTFtMTIlMjExbTMlMjExZDI3MDAuMDIyMjMyNzE4Njk0JTIxMmQ4LjUyMjg1MTUxNTc5NTgwMiUyMTNkNDcuNDExNTA3NTA5NDI3NTElMjEybTMlMjExZjAlMjEyZjAlMjEzZjAlMjEzbTIlMjExaTEwMjQlMjEyaTc2OCUyMTRmMTMuMSUyMTNtMyUyMTFtMiUyMTFzMHg0NzkwMGFmNDZkMmUwNGJkJTI1M0EweDI2ZTI1ZWU5MmU1NjUxZmIlMjEyc1NwcmFjaHNjaHVsZSUyQkFrdGl2JTJCWiUyNUMzJTI1QkNyaWNoJTIxNWUwJTIxM20yJTIxMXNlcyUyMTJzZGUlMjE0djE0ODkyMzI0NTMyMTclMjIlMjB3aWR0aCUzRCUyMjEwMCUyNSUyMiUyMGhlaWdodCUzRCUyMjI4MCUyMiUyMGZyYW1lYm9yZGVyJTNEJTIyMCUyMiUyMHN0eWxlJTNEJTIyYm9yZGVyJTNBMCUyMiUyMGFsbG93ZnVsbHNjcmVlbiUzRSUzQyUyRmlmcmFtZSUzRQ==&#8221;][\/vc_column_inner][\/vc_row_inner][\/vc_column][\/vc_row][vc_row full_width=&#8221;stretch_row&#8221; css=&#8221;.vc_custom_1489335406405{padding-top: 50px !important;padding-bottom: 30px !important;background-color: #f9f9f9 !important;}&#8221;][vc_column css=&#8221;.vc_custom_1489228440142{padding-right: 20px !important;}&#8221;][vc_column_text]<\/p>\n<h2>Organizamos visitas guiadas y excursiones al finalizar los cursos de alem\u00e1n<\/h2>\n<p>Nuestro profesores no solo dominan la pedagog\u00eda sino tambi\u00e9n la cultura y estilo de vida alem\u00e1n. Por ese motivo organizamos regularmente paseos, excursiones y otras actividades al finalizar los cursos de alem\u00e1n.[\/vc_column_text][\/vc_column][\/vc_row]<\/p>\n","protected":false},"excerpt":{"rendered":"<p>[vc_row full_width=&#8221;stretch_row_content_no_spaces&#8221; equal_height=&#8221;yes&#8221; tc_enable_overlay=&#8221;true&#8221; css=&#8221;.vc_custom_1607631711343{background-position: center !important;background-repeat: no-repeat !important;background-size: cover !important;}&#8221;][vc_column][vc_single_image image=&#8221;3572&#8243; img_size=&#8221;full&#8221;][\/vc_column][\/vc_row][vc_row full_width=&#8221;stretch_row&#8221; equal_height=&#8221;yes&#8221; content_placement=&#8221;middle&#8221; tc_enable_overlay=&#8221;true&#8221; css=&#8221;.vc_custom_1480401715002{padding-top: 30px !important;padding-bottom: 30px !important;}&#8221; el_class=&#8221;action-box m-b-none theme-bg-color&#8221;][vc_column width=&#8221;2\/3&#8243;][vc_column_text] \u00bfQui\u00e9res aprender alem\u00e1n en Z\u00farich? Inscr\u00edbete en nuestros cursos y aprende idiomas en nuestra escuela de idiomas Sprachschule Aktiv [\/vc_column_text][\/vc_column][vc_column width=&#8221;1\/3&#8243; css=&#8221;.vc_custom_1481804430561{padding-top: 15px !important;}&#8221; el_class=&#8221;text-right&#8221;][\/vc_column][\/vc_row][vc_row css=&#8221;.vc_custom_1489238430544{padding-top: 50px !important;}&#8221;][vc_column css=&#8221;.vc_custom_1489228440142{padding-right:&hellip; <a class=\"read-more\" href=\"https:\/\/www.sprachschule-aktiv.ch\/es\/\" title=\"Read Home 3 &#8211; Corporate\">Read more &raquo;<\/a><\/p>\n","protected":false},"author":1,"featured_media":0,"parent":0,"menu_order":5,"comment_status":"closed","ping_status":"closed","template":"templates\/page-vc_compatible.php","meta":{"footnotes":""},"class_list":["post-621","page","type-page","status-publish","hentry"],"yoast_head":"<!-- This site is optimized with the Yoast SEO plugin v27.1.1 - https:\/\/yoast.com\/product\/yoast-seo-wordpress\/ -->\n<title>Curso de alem\u00e1n en Z\u00farich - A1, A2, B1, B2, C1, C2<\/title>\n<meta name=\"description\" content=\"Aprender alem\u00e1n de forma sencilla y econ\u00f3mica en nuestra escuela alem\u00e1n en Z\u00farich. Cursos intensivos, nocturnos, online o privados.\" \/>\n<meta name=\"robots\" content=\"index, follow, max-snippet:-1, max-image-preview:large, max-video-preview:-1\" \/>\n<link rel=\"canonical\" href=\"https:\/\/www.sprachschule-aktiv.ch\/es\/\" \/>\n<meta property=\"og:locale\" content=\"es_ES\" \/>\n<meta property=\"og:type\" content=\"article\" \/>\n<meta property=\"og:title\" content=\"Curso de alem\u00e1n en Z\u00farich - A1, A2, B1, B2, C1, C2\" \/>\n<meta property=\"og:description\" content=\"Aprender alem\u00e1n de forma sencilla y econ\u00f3mica en nuestra escuela alem\u00e1n en Z\u00farich. Cursos intensivos, nocturnos, online o privados.\" \/>\n<meta property=\"og:url\" content=\"https:\/\/www.sprachschule-aktiv.ch\/es\/\" \/>\n<meta property=\"og:site_name\" content=\"Sprachschule Aktiv\" \/>\n<meta property=\"article:modified_time\" content=\"2023-01-16T21:26:53+00:00\" \/>\n<meta property=\"og:image\" content=\"https:\/\/www.sprachschule-aktiv.ch\/wp-content\/uploads\/2022\/10\/cursos-de-aleman-en-zurich.webp\" \/>\n<meta name=\"twitter:card\" content=\"summary_large_image\" \/>\n<meta name=\"twitter:label1\" content=\"Tiempo de lectura\" \/>\n\t<meta name=\"twitter:data1\" content=\"5 minutos\" \/>\n<script type=\"application\/ld+json\" class=\"yoast-schema-graph\">{\"@context\":\"https:\/\/schema.org\",\"@graph\":[{\"@type\":\"WebPage\",\"@id\":\"https:\/\/www.sprachschule-aktiv.ch\/es\/\",\"url\":\"https:\/\/www.sprachschule-aktiv.ch\/es\/\",\"name\":\"Curso de alem\u00e1n en Z\u00farich - A1, A2, B1, B2, C1, C2\",\"isPartOf\":{\"@id\":\"https:\/\/www.sprachschule-aktiv.ch\/#website\"},\"primaryImageOfPage\":{\"@id\":\"https:\/\/www.sprachschule-aktiv.ch\/es\/#primaryimage\"},\"image\":{\"@id\":\"https:\/\/www.sprachschule-aktiv.ch\/es\/#primaryimage\"},\"thumbnailUrl\":\"https:\/\/www.sprachschule-aktiv.ch\/wp-content\/uploads\/2022\/10\/cursos-de-aleman-en-zurich.webp\",\"datePublished\":\"2016-08-11T12:35:27+00:00\",\"dateModified\":\"2023-01-16T21:26:53+00:00\",\"description\":\"Aprender alem\u00e1n de forma sencilla y econ\u00f3mica en nuestra escuela alem\u00e1n en Z\u00farich. Cursos intensivos, nocturnos, online o privados.\",\"breadcrumb\":{\"@id\":\"https:\/\/www.sprachschule-aktiv.ch\/es\/#breadcrumb\"},\"inLanguage\":\"es\",\"potentialAction\":[{\"@type\":\"ReadAction\",\"target\":[\"https:\/\/www.sprachschule-aktiv.ch\/es\/\"]}]},{\"@type\":\"ImageObject\",\"inLanguage\":\"es\",\"@id\":\"https:\/\/www.sprachschule-aktiv.ch\/es\/#primaryimage\",\"url\":\"https:\/\/www.sprachschule-aktiv.ch\/wp-content\/uploads\/2022\/10\/cursos-de-aleman-en-zurich.webp\",\"contentUrl\":\"https:\/\/www.sprachschule-aktiv.ch\/wp-content\/uploads\/2022\/10\/cursos-de-aleman-en-zurich.webp\"},{\"@type\":\"BreadcrumbList\",\"@id\":\"https:\/\/www.sprachschule-aktiv.ch\/es\/#breadcrumb\",\"itemListElement\":[{\"@type\":\"ListItem\",\"position\":1,\"name\":\"Startseite\",\"item\":\"https:\/\/www.sprachschule-aktiv.ch\/es\/\"},{\"@type\":\"ListItem\",\"position\":2,\"name\":\"Home 3 &#8211; Corporate\"}]},{\"@type\":\"WebSite\",\"@id\":\"https:\/\/www.sprachschule-aktiv.ch\/#website\",\"url\":\"https:\/\/www.sprachschule-aktiv.ch\/\",\"name\":\"Sprachschule Aktiv\",\"description\":\"\",\"potentialAction\":[{\"@type\":\"SearchAction\",\"target\":{\"@type\":\"EntryPoint\",\"urlTemplate\":\"https:\/\/www.sprachschule-aktiv.ch\/?s={search_term_string}\"},\"query-input\":{\"@type\":\"PropertyValueSpecification\",\"valueRequired\":true,\"valueName\":\"search_term_string\"}}],\"inLanguage\":\"es\"}]}<\/script>\n<!-- \/ Yoast SEO plugin. -->","yoast_head_json":{"title":"Curso de alem\u00e1n en Z\u00farich - A1, A2, B1, B2, C1, C2","description":"Aprender alem\u00e1n de forma sencilla y econ\u00f3mica en nuestra escuela alem\u00e1n en Z\u00farich. Cursos intensivos, nocturnos, online o privados.","robots":{"index":"index","follow":"follow","max-snippet":"max-snippet:-1","max-image-preview":"max-image-preview:large","max-video-preview":"max-video-preview:-1"},"canonical":"https:\/\/www.sprachschule-aktiv.ch\/es\/","og_locale":"es_ES","og_type":"article","og_title":"Curso de alem\u00e1n en Z\u00farich - A1, A2, B1, B2, C1, C2","og_description":"Aprender alem\u00e1n de forma sencilla y econ\u00f3mica en nuestra escuela alem\u00e1n en Z\u00farich. Cursos intensivos, nocturnos, online o privados.","og_url":"https:\/\/www.sprachschule-aktiv.ch\/es\/","og_site_name":"Sprachschule Aktiv","article_modified_time":"2023-01-16T21:26:53+00:00","og_image":[{"url":"https:\/\/www.sprachschule-aktiv.ch\/wp-content\/uploads\/2022\/10\/cursos-de-aleman-en-zurich.webp","type":"","width":"","height":""}],"twitter_card":"summary_large_image","twitter_misc":{"Tiempo de lectura":"5 minutos"},"schema":{"@context":"https:\/\/schema.org","@graph":[{"@type":"WebPage","@id":"https:\/\/www.sprachschule-aktiv.ch\/es\/","url":"https:\/\/www.sprachschule-aktiv.ch\/es\/","name":"Curso de alem\u00e1n en Z\u00farich - A1, A2, B1, B2, C1, C2","isPartOf":{"@id":"https:\/\/www.sprachschule-aktiv.ch\/#website"},"primaryImageOfPage":{"@id":"https:\/\/www.sprachschule-aktiv.ch\/es\/#primaryimage"},"image":{"@id":"https:\/\/www.sprachschule-aktiv.ch\/es\/#primaryimage"},"thumbnailUrl":"https:\/\/www.sprachschule-aktiv.ch\/wp-content\/uploads\/2022\/10\/cursos-de-aleman-en-zurich.webp","datePublished":"2016-08-11T12:35:27+00:00","dateModified":"2023-01-16T21:26:53+00:00","description":"Aprender alem\u00e1n de forma sencilla y econ\u00f3mica en nuestra escuela alem\u00e1n en Z\u00farich. Cursos intensivos, nocturnos, online o privados.","breadcrumb":{"@id":"https:\/\/www.sprachschule-aktiv.ch\/es\/#breadcrumb"},"inLanguage":"es","potentialAction":[{"@type":"ReadAction","target":["https:\/\/www.sprachschule-aktiv.ch\/es\/"]}]},{"@type":"ImageObject","inLanguage":"es","@id":"https:\/\/www.sprachschule-aktiv.ch\/es\/#primaryimage","url":"https:\/\/www.sprachschule-aktiv.ch\/wp-content\/uploads\/2022\/10\/cursos-de-aleman-en-zurich.webp","contentUrl":"https:\/\/www.sprachschule-aktiv.ch\/wp-content\/uploads\/2022\/10\/cursos-de-aleman-en-zurich.webp"},{"@type":"BreadcrumbList","@id":"https:\/\/www.sprachschule-aktiv.ch\/es\/#breadcrumb","itemListElement":[{"@type":"ListItem","position":1,"name":"Startseite","item":"https:\/\/www.sprachschule-aktiv.ch\/es\/"},{"@type":"ListItem","position":2,"name":"Home 3 &#8211; Corporate"}]},{"@type":"WebSite","@id":"https:\/\/www.sprachschule-aktiv.ch\/#website","url":"https:\/\/www.sprachschule-aktiv.ch\/","name":"Sprachschule Aktiv","description":"","potentialAction":[{"@type":"SearchAction","target":{"@type":"EntryPoint","urlTemplate":"https:\/\/www.sprachschule-aktiv.ch\/?s={search_term_string}"},"query-input":{"@type":"PropertyValueSpecification","valueRequired":true,"valueName":"search_term_string"}}],"inLanguage":"es"}]}},"_links":{"self":[{"href":"https:\/\/www.sprachschule-aktiv.ch\/es\/wp-json\/wp\/v2\/pages\/621","targetHints":{"allow":["GET"]}}],"collection":[{"href":"https:\/\/www.sprachschule-aktiv.ch\/es\/wp-json\/wp\/v2\/pages"}],"about":[{"href":"https:\/\/www.sprachschule-aktiv.ch\/es\/wp-json\/wp\/v2\/types\/page"}],"author":[{"embeddable":true,"href":"https:\/\/www.sprachschule-aktiv.ch\/es\/wp-json\/wp\/v2\/users\/1"}],"replies":[{"embeddable":true,"href":"https:\/\/www.sprachschule-aktiv.ch\/es\/wp-json\/wp\/v2\/comments?post=621"}],"version-history":[{"count":7,"href":"https:\/\/www.sprachschule-aktiv.ch\/es\/wp-json\/wp\/v2\/pages\/621\/revisions"}],"predecessor-version":[{"id":5455,"href":"https:\/\/www.sprachschule-aktiv.ch\/es\/wp-json\/wp\/v2\/pages\/621\/revisions\/5455"}],"wp:attachment":[{"href":"https:\/\/www.sprachschule-aktiv.ch\/es\/wp-json\/wp\/v2\/media?parent=621"}],"curies":[{"name":"wp","href":"https:\/\/api.w.org\/{rel}","templated":true}]}}