{"id":88,"date":"2022-01-15T07:25:09","date_gmt":"2022-01-15T06:25:09","guid":{"rendered":"https:\/\/www.sprachschule-aktiv.ch\/deutsch-lernen-in-der-schweiz\/?page_id=88"},"modified":"2022-05-25T05:24:17","modified_gmt":"2022-05-25T03:24:17","slug":"die-sprachniveaus-a1-a2-b1-b2-c1-und-c2-was-bedeutet-das","status":"publish","type":"page","link":"https:\/\/www.sprachschule-aktiv.ch\/deutsch-lernen-in-der-schweiz\/die-sprachniveaus-a1-a2-b1-b2-c1-und-c2-was-bedeutet-das\/","title":{"rendered":"Die Sprachniveaus A1, A2, B1, B2, C1 und C2 \u2013 was bedeutet das?"},"content":{"rendered":"<h2>Die Sprachniveaus f\u00fcr Deutsch von A1 bis C2 \u2013 Bedeutung<\/h2>\n<p>Wer Deutsch lernen und sich f\u00fcr einen Sprachkurs anmelden m\u00f6chte, st\u00f6sst unweigerlich auf die Bezeichnungen A1, A2, B1, B2, C1 und C2. Doch was bedeutet das?<\/p>\n<p>Im Gemeinsamen Europ\u00e4ischen Referenzrahmen f\u00fcr Sprachen (GER) wurden alle Sprachen in diese <strong>6 Niveaustufen<\/strong> eingeteilt, um den Sprachunterricht einheitlicher und \u00fcbersichtlicher zu gestalten. Sehr viele Sprachschulen und andere Bildungsinstitute orientieren sich inzwischen am GER. Dies bietet dem Lerner den Vorteil, dass er auch an verschiedenen Orten Deutschkurse besuchen und trotzdem kontinuierlich weiterlernen kann.<\/p>\n<p><strong><a href=\"https:\/\/www.sprachschule-aktiv.ch\/deutsch-lernen-in-der-schweiz\/deutsch-einstufungstest\/\">GRATIS DEUTSCH EINSTUFUNGSTEST ONLINE &#8211; JETZT KOSTENLOS TESTEN!<\/a><\/strong><\/p>\n<h2>Die Niveaustufen A1 und A2 f\u00fcr Deutsch als Fremdsprache<\/h2>\n<p>Die Niveaustufen A1 und A2 eignen sich f\u00fcr Anf\u00e4nger ohne und mit Vorkenntnissen. Starten Sie neu, Deutsch zu lernen, sollten Sie einen Sprachkurs auf dem Niveau A1 besuchen. Hier lernen Sie, Fragen zu Ihrer Person zu beantworten, andere Personen kennenzulernen und auch allt\u00e4gliche Situationen wie zum Beispiel das Einkaufen zu meistern.<\/p>\n<p>Auf der Stufe A2 vertiefen Sie das in dem A1-Kurs Gelernte. Sie k\u00f6nnen danach Informationen \u00fcber Ihre Ausbildung oder Ihre Arbeit geben, mit anderen Personen Aktionen planen oder auch allt\u00e4gliche Dinge wie Zugfahrkarten oder Tickets kaufen erledigen.<\/p>\n<a href=\"https:\/\/www.sprachschule-aktiv.ch\/deutsch-lernen-in-der-schweiz\/deutschkurse\/\"><img loading=\"lazy\" decoding=\"async\" class=\"alignnone wp-image-90 size-medium\" src=\"https:\/\/www.sprachschule-aktiv.ch\/deutsch-lernen-in-der-schweiz\/wp-content\/uploads\/2022\/01\/deutschkurse-in-der-schweiz-251x300.jpg\" alt=\"Unsere Deutschkurse in der Schweiz\" width=\"251\" height=\"300\" srcset=\"https:\/\/www.sprachschule-aktiv.ch\/deutsch-lernen-in-der-schweiz\/wp-content\/uploads\/2022\/01\/deutschkurse-in-der-schweiz-251x300.jpg 251w, https:\/\/www.sprachschule-aktiv.ch\/deutsch-lernen-in-der-schweiz\/wp-content\/uploads\/2022\/01\/deutschkurse-in-der-schweiz.jpg 300w\" sizes=\"auto, (max-width: 251px) 100vw, 251px\" \/><\/a>\n<h2>Die Sprachniveaus Deutsch B1 und B2<\/h2>\n<p>Deutschkurse auf den Sprachniveaus B1 und B2 richten sich an fortgeschrittene Lerner. Nach dem Niveau B1 haben Sie die Grundgrammatik abgeschlossen und sind in der Lage, am Alltagsleben ohne gr\u00f6ssere Probleme teilzunehmen. Sie k\u00f6nnen auch einfache Texte verstehen und wiedergeben.<\/p>\n<p>Mit dem Sprachniveau B2 erhalten Sie die F\u00e4higkeit, auch abstraktere und l\u00e4ngere Texte zu verstehen. Auch eine Diskussion in Ihrem eigenen Fachgebiet ist nach Abschluss der Niveaustufe m\u00f6glich. In der Grammatik werden wichtige Themen wiederholt und vertieft.<\/p>\n<a href=\"https:\/\/www.sprachschule-aktiv.ch\/deutsch-lernen-in-der-schweiz\/kontakt\/\"><img loading=\"lazy\" decoding=\"async\" class=\"alignnone wp-image-972 size-full\" title=\"Schnelle Anfrage - Deutschkurs Z\u00fcrich\" src=\"https:\/\/www.sprachschule-aktiv.ch\/wp-content\/uploads\/2017\/03\/boton-schnelle-anfrage.png\" alt=\"Schnelle Anfrage - Deutschkurs Z\u00fcrich\" width=\"220\" height=\"65\" \/><\/a>\n<h2>Die Niveaus C1 und C2<\/h2>\n<p>Mit Kursen auf den Niveaus C1 und C2 erreichen Sie fast muttersprachliche Kenntnisse. Auf C1 lernen Sie, auch anspruchsvollere Texte zu verstehen, die nicht aus Ihrem Fachgebiet sind. Beim Sprechen m\u00fcssen Sie nicht mehr nach W\u00f6rtern suchen und k\u00f6nnen sich auch zu komplexeren Sachverhalten \u00e4ussern. Grammatikalisch werden Ihnen zu bereits bekannten Konstruktionen Alternativen gezeigt.<\/p>\n<p>Wenn Sie das Niveaus C2 absolviert haben, sprechen Sie wie ein Muttersprachler. Selbst schwierige Texte stellen kein Problem mehr f\u00fcr Sie dar. Sie k\u00f6nnen allen Gespr\u00e4chssituationen folgen und sich fliessend unterhalten.<\/p>\n<img loading=\"lazy\" decoding=\"async\" class=\"alignnone size-medium wp-image-106\" src=\"https:\/\/www.sprachschule-aktiv.ch\/deutsch-lernen-in-der-schweiz\/wp-content\/uploads\/2022\/01\/die-sprachniveaus-a1-a2-b1-b2-c1-und-c2-was-bedeutet-das-300x282.jpg\" alt=\"Die Sprachniveaus f\u00fcr Deutsch A1, A2, B1, B2, C1 und C2 \u2013 was bedeutet das?\" width=\"300\" height=\"282\" srcset=\"https:\/\/www.sprachschule-aktiv.ch\/deutsch-lernen-in-der-schweiz\/wp-content\/uploads\/2022\/01\/die-sprachniveaus-a1-a2-b1-b2-c1-und-c2-was-bedeutet-das-300x282.jpg 300w, https:\/\/www.sprachschule-aktiv.ch\/deutsch-lernen-in-der-schweiz\/wp-content\/uploads\/2022\/01\/die-sprachniveaus-a1-a2-b1-b2-c1-und-c2-was-bedeutet-das-768x721.jpg 768w, https:\/\/www.sprachschule-aktiv.ch\/deutsch-lernen-in-der-schweiz\/wp-content\/uploads\/2022\/01\/die-sprachniveaus-a1-a2-b1-b2-c1-und-c2-was-bedeutet-das.jpg 770w\" sizes=\"auto, (max-width: 300px) 100vw, 300px\" \/>\n<h2>Sie m\u00f6chten Ihr aktuelles Sprachniveau wissen?<\/h2>\n<p>Im Gemeinsamen Europ\u00e4ischen Referenzrahmen f\u00fcr Sprachen ist genau definiert, was ein Lerner auf jeder Niveaustufen k\u00f6nnen sollte. Im Internet finden Sie zus\u00e4tzlich kurze Zusammenfassungen der wichtigsten Punkte f\u00fcr jedes Sprachniveau. Doch beides ist sehr theoretisch.<\/p>\n<p><strong>Um Ihnen bei der Ermittlung Ihres aktuellen Sprachniveau zu helfen, haben wir einen <a href=\"https:\/\/www.sprachschule-aktiv.ch\/deutsch-lernen-in-der-schweiz\/deutsch-einstufungstest\/\" rel=\"noopener\">Einstufungstest Deutsch<\/a> konzipiert<\/strong>, der Ihnen schnell und unkompliziert Auskunft gibt. Bei diesem Test beginnen Sie zun\u00e4chst mit dem Niveau A1. Sollten 60 Prozent oder mehr Ihrer Antworten korrekt gewesen sein, gehen Sie zum n\u00e4chsten Level \u00fcber. Dies machen Sie solange, bis Sie bei einer Niveaustufe nicht mehr 60 Prozent erreichen. Dies ist dann die Stufe, auf der Sie Ihren n\u00e4chsten Kurs besuchen sollten.<br \/>\n<iframe loading=\"lazy\" title=\"YouTube video player\" src=\"https:\/\/www.youtube.com\/embed\/JOvJI8b4z_E\" width=\"560\" height=\"315\" frameborder=\"0\" allowfullscreen=\"allowfullscreen\"><\/iframe><\/p>\n","protected":false},"excerpt":{"rendered":"<p>Die Sprachniveaus f\u00fcr Deutsch von A1 bis C2 \u2013 Bedeutung Wer Deutsch lernen und sich f\u00fcr einen Sprachkurs anmelden m\u00f6chte, st\u00f6sst unweigerlich auf die Bezeichnungen A1, A2, B1, B2, C1 und C2. Doch was bedeutet das? Im Gemeinsamen Europ\u00e4ischen Referenzrahmen f\u00fcr Sprachen (GER) wurden alle Sprachen in diese 6 Niveaustufen eingeteilt, um den Sprachunterricht einheitlicher&hellip; <a class=\"read-more\" href=\"https:\/\/www.sprachschule-aktiv.ch\/deutsch-lernen-in-der-schweiz\/die-sprachniveaus-a1-a2-b1-b2-c1-und-c2-was-bedeutet-das\/\" title=\"Read Die Sprachniveaus A1, A2, B1, B2, C1 und C2 \u2013 was bedeutet das?\">Read more &raquo;<\/a><\/p>\n","protected":false},"author":2,"featured_media":0,"parent":0,"menu_order":0,"comment_status":"closed","ping_status":"closed","template":"","meta":{"footnotes":""},"class_list":["post-88","page","type-page","status-publish","hentry"],"yoast_head":"<!-- This site is optimized with the Yoast SEO plugin v27.1.1 - https:\/\/yoast.com\/product\/yoast-seo-wordpress\/ -->\n<title>Die Sprachniveaus Deutsch A1 bis C2 \u2013 was bedeutet das?<\/title>\n<meta name=\"description\" content=\"Was bedeuten die K\u00fcrzel A1, A2, B1, B2, C1, C2? Eine kurze Erkl\u00e4rung zu den jeweiligen Niveaustufen \u2714\ufe0f Mit GRATIS Einstufungstest!\" \/>\n<meta name=\"robots\" content=\"index, follow, max-snippet:-1, max-image-preview:large, max-video-preview:-1\" \/>\n<link rel=\"canonical\" href=\"https:\/\/www.sprachschule-aktiv.ch\/deutsch-lernen-in-der-schweiz\/die-sprachniveaus-a1-a2-b1-b2-c1-und-c2-was-bedeutet-das\/\" \/>\n<meta property=\"og:locale\" content=\"de_DE\" \/>\n<meta property=\"og:type\" content=\"article\" \/>\n<meta property=\"og:title\" content=\"Die Sprachniveaus Deutsch A1 bis C2 \u2013 was bedeutet das?\" \/>\n<meta property=\"og:description\" content=\"Was bedeuten die K\u00fcrzel A1, A2, B1, B2, C1, C2? Eine kurze Erkl\u00e4rung zu den jeweiligen Niveaustufen \u2714\ufe0f Mit GRATIS Einstufungstest!\" \/>\n<meta property=\"og:url\" content=\"https:\/\/www.sprachschule-aktiv.ch\/deutsch-lernen-in-der-schweiz\/die-sprachniveaus-a1-a2-b1-b2-c1-und-c2-was-bedeutet-das\/\" \/>\n<meta property=\"og:site_name\" content=\"Deutsch lernen in der schweiz\" \/>\n<meta property=\"article:modified_time\" content=\"2022-05-25T03:24:17+00:00\" \/>\n<meta property=\"og:image\" content=\"https:\/\/www.sprachschule-aktiv.ch\/deutsch-lernen-in-der-schweiz\/wp-content\/uploads\/2022\/01\/deutschkurse-in-der-schweiz-251x300.jpg\" \/>\n<meta name=\"twitter:card\" content=\"summary_large_image\" \/>\n<meta name=\"twitter:label1\" content=\"Gesch\u00e4tzte Lesezeit\" \/>\n\t<meta name=\"twitter:data1\" content=\"3\u00a0Minuten\" \/>\n<script type=\"application\/ld+json\" class=\"yoast-schema-graph\">{\"@context\":\"https:\/\/schema.org\",\"@graph\":[{\"@type\":\"WebPage\",\"@id\":\"https:\/\/www.sprachschule-aktiv.ch\/deutsch-lernen-in-der-schweiz\/die-sprachniveaus-a1-a2-b1-b2-c1-und-c2-was-bedeutet-das\/\",\"url\":\"https:\/\/www.sprachschule-aktiv.ch\/deutsch-lernen-in-der-schweiz\/die-sprachniveaus-a1-a2-b1-b2-c1-und-c2-was-bedeutet-das\/\",\"name\":\"Die Sprachniveaus Deutsch A1 bis C2 \u2013 was bedeutet das?\",\"isPartOf\":{\"@id\":\"https:\/\/www.sprachschule-aktiv.ch\/deutsch-lernen-in-der-schweiz\/#website\"},\"primaryImageOfPage\":{\"@id\":\"https:\/\/www.sprachschule-aktiv.ch\/deutsch-lernen-in-der-schweiz\/die-sprachniveaus-a1-a2-b1-b2-c1-und-c2-was-bedeutet-das\/#primaryimage\"},\"image\":{\"@id\":\"https:\/\/www.sprachschule-aktiv.ch\/deutsch-lernen-in-der-schweiz\/die-sprachniveaus-a1-a2-b1-b2-c1-und-c2-was-bedeutet-das\/#primaryimage\"},\"thumbnailUrl\":\"https:\/\/www.sprachschule-aktiv.ch\/deutsch-lernen-in-der-schweiz\/wp-content\/uploads\/2022\/01\/deutschkurse-in-der-schweiz-251x300.jpg\",\"datePublished\":\"2022-01-15T06:25:09+00:00\",\"dateModified\":\"2022-05-25T03:24:17+00:00\",\"description\":\"Was bedeuten die K\u00fcrzel A1, A2, B1, B2, C1, C2? Eine kurze Erkl\u00e4rung zu den jeweiligen Niveaustufen \u2714\ufe0f Mit GRATIS Einstufungstest!\",\"breadcrumb\":{\"@id\":\"https:\/\/www.sprachschule-aktiv.ch\/deutsch-lernen-in-der-schweiz\/die-sprachniveaus-a1-a2-b1-b2-c1-und-c2-was-bedeutet-das\/#breadcrumb\"},\"inLanguage\":\"de\",\"potentialAction\":[{\"@type\":\"ReadAction\",\"target\":[\"https:\/\/www.sprachschule-aktiv.ch\/deutsch-lernen-in-der-schweiz\/die-sprachniveaus-a1-a2-b1-b2-c1-und-c2-was-bedeutet-das\/\"]}]},{\"@type\":\"ImageObject\",\"inLanguage\":\"de\",\"@id\":\"https:\/\/www.sprachschule-aktiv.ch\/deutsch-lernen-in-der-schweiz\/die-sprachniveaus-a1-a2-b1-b2-c1-und-c2-was-bedeutet-das\/#primaryimage\",\"url\":\"https:\/\/www.sprachschule-aktiv.ch\/deutsch-lernen-in-der-schweiz\/wp-content\/uploads\/2022\/01\/deutschkurse-in-der-schweiz.jpg\",\"contentUrl\":\"https:\/\/www.sprachschule-aktiv.ch\/deutsch-lernen-in-der-schweiz\/wp-content\/uploads\/2022\/01\/deutschkurse-in-der-schweiz.jpg\",\"width\":300,\"height\":358,\"caption\":\"Unsere Deutschkurse in der Schweiz\"},{\"@type\":\"BreadcrumbList\",\"@id\":\"https:\/\/www.sprachschule-aktiv.ch\/deutsch-lernen-in-der-schweiz\/die-sprachniveaus-a1-a2-b1-b2-c1-und-c2-was-bedeutet-das\/#breadcrumb\",\"itemListElement\":[{\"@type\":\"ListItem\",\"position\":1,\"name\":\"Startseite\",\"item\":\"https:\/\/www.sprachschule-aktiv.ch\/deutsch-lernen-in-der-schweiz\/\"},{\"@type\":\"ListItem\",\"position\":2,\"name\":\"Die Sprachniveaus A1, A2, B1, B2, C1 und C2 \u2013 was bedeutet das?\"}]},{\"@type\":\"WebSite\",\"@id\":\"https:\/\/www.sprachschule-aktiv.ch\/deutsch-lernen-in-der-schweiz\/#website\",\"url\":\"https:\/\/www.sprachschule-aktiv.ch\/deutsch-lernen-in-der-schweiz\/\",\"name\":\"Deutsch lernen in der schweiz\",\"description\":\"\",\"potentialAction\":[{\"@type\":\"SearchAction\",\"target\":{\"@type\":\"EntryPoint\",\"urlTemplate\":\"https:\/\/www.sprachschule-aktiv.ch\/deutsch-lernen-in-der-schweiz\/?s={search_term_string}\"},\"query-input\":{\"@type\":\"PropertyValueSpecification\",\"valueRequired\":true,\"valueName\":\"search_term_string\"}}],\"inLanguage\":\"de\"}]}<\/script>\n<!-- \/ Yoast SEO plugin. -->","yoast_head_json":{"title":"Die Sprachniveaus Deutsch A1 bis C2 \u2013 was bedeutet das?","description":"Was bedeuten die K\u00fcrzel A1, A2, B1, B2, C1, C2? Eine kurze Erkl\u00e4rung zu den jeweiligen Niveaustufen \u2714\ufe0f Mit GRATIS Einstufungstest!","robots":{"index":"index","follow":"follow","max-snippet":"max-snippet:-1","max-image-preview":"max-image-preview:large","max-video-preview":"max-video-preview:-1"},"canonical":"https:\/\/www.sprachschule-aktiv.ch\/deutsch-lernen-in-der-schweiz\/die-sprachniveaus-a1-a2-b1-b2-c1-und-c2-was-bedeutet-das\/","og_locale":"de_DE","og_type":"article","og_title":"Die Sprachniveaus Deutsch A1 bis C2 \u2013 was bedeutet das?","og_description":"Was bedeuten die K\u00fcrzel A1, A2, B1, B2, C1, C2? Eine kurze Erkl\u00e4rung zu den jeweiligen Niveaustufen \u2714\ufe0f Mit GRATIS Einstufungstest!","og_url":"https:\/\/www.sprachschule-aktiv.ch\/deutsch-lernen-in-der-schweiz\/die-sprachniveaus-a1-a2-b1-b2-c1-und-c2-was-bedeutet-das\/","og_site_name":"Deutsch lernen in der schweiz","article_modified_time":"2022-05-25T03:24:17+00:00","og_image":[{"url":"https:\/\/www.sprachschule-aktiv.ch\/deutsch-lernen-in-der-schweiz\/wp-content\/uploads\/2022\/01\/deutschkurse-in-der-schweiz-251x300.jpg","type":"","width":"","height":""}],"twitter_card":"summary_large_image","twitter_misc":{"Gesch\u00e4tzte Lesezeit":"3\u00a0Minuten"},"schema":{"@context":"https:\/\/schema.org","@graph":[{"@type":"WebPage","@id":"https:\/\/www.sprachschule-aktiv.ch\/deutsch-lernen-in-der-schweiz\/die-sprachniveaus-a1-a2-b1-b2-c1-und-c2-was-bedeutet-das\/","url":"https:\/\/www.sprachschule-aktiv.ch\/deutsch-lernen-in-der-schweiz\/die-sprachniveaus-a1-a2-b1-b2-c1-und-c2-was-bedeutet-das\/","name":"Die Sprachniveaus Deutsch A1 bis C2 \u2013 was bedeutet das?","isPartOf":{"@id":"https:\/\/www.sprachschule-aktiv.ch\/deutsch-lernen-in-der-schweiz\/#website"},"primaryImageOfPage":{"@id":"https:\/\/www.sprachschule-aktiv.ch\/deutsch-lernen-in-der-schweiz\/die-sprachniveaus-a1-a2-b1-b2-c1-und-c2-was-bedeutet-das\/#primaryimage"},"image":{"@id":"https:\/\/www.sprachschule-aktiv.ch\/deutsch-lernen-in-der-schweiz\/die-sprachniveaus-a1-a2-b1-b2-c1-und-c2-was-bedeutet-das\/#primaryimage"},"thumbnailUrl":"https:\/\/www.sprachschule-aktiv.ch\/deutsch-lernen-in-der-schweiz\/wp-content\/uploads\/2022\/01\/deutschkurse-in-der-schweiz-251x300.jpg","datePublished":"2022-01-15T06:25:09+00:00","dateModified":"2022-05-25T03:24:17+00:00","description":"Was bedeuten die K\u00fcrzel A1, A2, B1, B2, C1, C2? Eine kurze Erkl\u00e4rung zu den jeweiligen Niveaustufen \u2714\ufe0f Mit GRATIS Einstufungstest!","breadcrumb":{"@id":"https:\/\/www.sprachschule-aktiv.ch\/deutsch-lernen-in-der-schweiz\/die-sprachniveaus-a1-a2-b1-b2-c1-und-c2-was-bedeutet-das\/#breadcrumb"},"inLanguage":"de","potentialAction":[{"@type":"ReadAction","target":["https:\/\/www.sprachschule-aktiv.ch\/deutsch-lernen-in-der-schweiz\/die-sprachniveaus-a1-a2-b1-b2-c1-und-c2-was-bedeutet-das\/"]}]},{"@type":"ImageObject","inLanguage":"de","@id":"https:\/\/www.sprachschule-aktiv.ch\/deutsch-lernen-in-der-schweiz\/die-sprachniveaus-a1-a2-b1-b2-c1-und-c2-was-bedeutet-das\/#primaryimage","url":"https:\/\/www.sprachschule-aktiv.ch\/deutsch-lernen-in-der-schweiz\/wp-content\/uploads\/2022\/01\/deutschkurse-in-der-schweiz.jpg","contentUrl":"https:\/\/www.sprachschule-aktiv.ch\/deutsch-lernen-in-der-schweiz\/wp-content\/uploads\/2022\/01\/deutschkurse-in-der-schweiz.jpg","width":300,"height":358,"caption":"Unsere Deutschkurse in der Schweiz"},{"@type":"BreadcrumbList","@id":"https:\/\/www.sprachschule-aktiv.ch\/deutsch-lernen-in-der-schweiz\/die-sprachniveaus-a1-a2-b1-b2-c1-und-c2-was-bedeutet-das\/#breadcrumb","itemListElement":[{"@type":"ListItem","position":1,"name":"Startseite","item":"https:\/\/www.sprachschule-aktiv.ch\/deutsch-lernen-in-der-schweiz\/"},{"@type":"ListItem","position":2,"name":"Die Sprachniveaus A1, A2, B1, B2, C1 und C2 \u2013 was bedeutet das?"}]},{"@type":"WebSite","@id":"https:\/\/www.sprachschule-aktiv.ch\/deutsch-lernen-in-der-schweiz\/#website","url":"https:\/\/www.sprachschule-aktiv.ch\/deutsch-lernen-in-der-schweiz\/","name":"Deutsch lernen in der schweiz","description":"","potentialAction":[{"@type":"SearchAction","target":{"@type":"EntryPoint","urlTemplate":"https:\/\/www.sprachschule-aktiv.ch\/deutsch-lernen-in-der-schweiz\/?s={search_term_string}"},"query-input":{"@type":"PropertyValueSpecification","valueRequired":true,"valueName":"search_term_string"}}],"inLanguage":"de"}]}},"_links":{"self":[{"href":"https:\/\/www.sprachschule-aktiv.ch\/deutsch-lernen-in-der-schweiz\/wp-json\/wp\/v2\/pages\/88","targetHints":{"allow":["GET"]}}],"collection":[{"href":"https:\/\/www.sprachschule-aktiv.ch\/deutsch-lernen-in-der-schweiz\/wp-json\/wp\/v2\/pages"}],"about":[{"href":"https:\/\/www.sprachschule-aktiv.ch\/deutsch-lernen-in-der-schweiz\/wp-json\/wp\/v2\/types\/page"}],"author":[{"embeddable":true,"href":"https:\/\/www.sprachschule-aktiv.ch\/deutsch-lernen-in-der-schweiz\/wp-json\/wp\/v2\/users\/2"}],"replies":[{"embeddable":true,"href":"https:\/\/www.sprachschule-aktiv.ch\/deutsch-lernen-in-der-schweiz\/wp-json\/wp\/v2\/comments?post=88"}],"version-history":[{"count":8,"href":"https:\/\/www.sprachschule-aktiv.ch\/deutsch-lernen-in-der-schweiz\/wp-json\/wp\/v2\/pages\/88\/revisions"}],"predecessor-version":[{"id":313,"href":"https:\/\/www.sprachschule-aktiv.ch\/deutsch-lernen-in-der-schweiz\/wp-json\/wp\/v2\/pages\/88\/revisions\/313"}],"wp:attachment":[{"href":"https:\/\/www.sprachschule-aktiv.ch\/deutsch-lernen-in-der-schweiz\/wp-json\/wp\/v2\/media?parent=88"}],"curies":[{"name":"wp","href":"https:\/\/api.w.org\/{rel}","templated":true}]}}