{"id":764,"date":"2024-03-10T17:27:09","date_gmt":"2024-03-10T16:27:09","guid":{"rendered":"https:\/\/www.sprachschule-aktiv.ch\/deutsch-lernen-in-der-schweiz\/?page_id=764"},"modified":"2024-03-10T17:34:29","modified_gmt":"2024-03-10T16:34:29","slug":"oesd-deutschpruefungen","status":"publish","type":"page","link":"https:\/\/www.sprachschule-aktiv.ch\/deutsch-lernen-in-der-schweiz\/oesd-deutschpruefungen\/","title":{"rendered":"\u00d6SD Deutschpr\u00fcfungen"},"content":{"rendered":"<p>[vc_row css=&#8221;.vc_custom_1709881145711{margin-top: 40px !important;}&#8221;][vc_column][vc_column_text]<\/p>\n<h1>Nachweis Ihrer Deutschkenntnisse mit \u00d6SD-Pr\u00fcfungen: Ihre T\u00fcr zur sprachlichen Kompetenz!<\/h1>\n<p>[\/vc_column_text][vc_column_text]Bereit, Ihre Deutschkenntnisse auf die n\u00e4chste Ebene zu heben? Unsere hochwertigen \u00d6SD-Pr\u00fcfungen und effizienten Vorbereitungskurse unterst\u00fctzen Sie bei der Erreichung Ihrer Ziele.[\/vc_column_text][vc_row_inner][vc_column_inner width=&#8221;1\/2&#8243;][vc_single_image image=&#8221;765&#8243; img_size=&#8221;full&#8221;][\/vc_column_inner][vc_column_inner width=&#8221;1\/2&#8243;][vc_column_text]Die \u00d6SD-Pr\u00fcfungen genie\u00dfen weltweite Anerkennung und bieten eine verl\u00e4ssliche Beurteilung Ihrer Deutschkenntnisse. Ganz gleich, ob Sie Ihre Sprachf\u00e4higkeiten f\u00fcr das Studium, den Beruf oder die pers\u00f6nliche Entwicklung verbessern m\u00f6chten, unsere Deutschpr\u00fcfungen erm\u00f6glichen eine pr\u00e4zise Standortbestimmung Ihrer Kompetenzen.<\/p>\n<p>Unsere Vorbereitungskurse werden von erfahrenen Lehrkr\u00e4ften geleitet, die Sie durch den Pr\u00fcfungsprozess begleiten und Ihnen die erforderlichen F\u00e4higkeiten vermitteln, um erfolgreich zu sein. Dank eines ma\u00dfgeschneiderten Lehrplans und praxisorientierter \u00dcbungen unterst\u00fctzen wir Sie effektiv dabei, Ihre Sprachkompetenz zu steigern.[\/vc_column_text][\/vc_column_inner][\/vc_row_inner][\/vc_column][\/vc_row][vc_row full_width=&#8221;stretch_row&#8221; css=&#8221;.vc_custom_1709883164894{margin-top: 30px !important;margin-bottom: 30px !important;padding-top: 35px !important;padding-bottom: 35px !important;background-color: #f8f8f8 !important;}&#8221;][vc_column][vc_column_text]<\/p>\n<h2>Warum sollten Sie sich f\u00fcr unsere \u00d6SD-Pr\u00fcfungen und Vorbereitungskurse entscheiden?<\/h2>\n<p>[\/vc_column_text][vc_tta_accordion style=&#8221;pgs_accordion_style_3&#8243; active_section=&#8221;&#8221; collapsible_all=&#8221;true&#8221; title_tag=&#8221;h3&#8243; css=&#8221;.vc_custom_1709881623963{margin-bottom: 30px !important;}&#8221;][vc_tta_section title=&#8221;Internationale Anerkennung&#8221; tab_id=&#8221;1709881245973-0cad9d4b-59bb&#8221;][vc_column_text]Die \u00d6SD-Pr\u00fcfungen genie\u00dfen weltweite Anerkennung und bieten Ihnen die M\u00f6glichkeit, Ihre Deutschkenntnisse f\u00fcr vielf\u00e4ltige Zwecke nachzuweisen.[\/vc_column_text][\/vc_tta_section][vc_tta_section title=&#8221;Kompetente Lehrkr\u00e4fte&#8221; tab_id=&#8221;1709881245985-342f48dc-76cf&#8221;][vc_column_text]Unsere Lehrkr\u00e4fte sind hochqualifiziert und bringen eine langj\u00e4hrige Erfahrung in der Vorbereitung von Sch\u00fclern auf \u00d6SD-Pr\u00fcfungen mit.[\/vc_column_text][\/vc_tta_section][vc_tta_section title=&#8221;Ma\u00dfgeschneiderte Betreuung&#8221; tab_id=&#8221;1709881460299-6349d5ae-3fad&#8221;][vc_column_text]Unsere Vorbereitungskurse werden individuell auf Ihre Bed\u00fcrfnisse und Ziele zugeschnitten, um Ihnen den bestm\u00f6glichen Lernerfolg zu garantieren.[\/vc_column_text][\/vc_tta_section][vc_tta_section title=&#8221;Effiziente Lernmethoden&#8221; tab_id=&#8221;1709881485253-6fdbc2c1-2f4d&#8221;][vc_column_text]Wir vertrauen auf erprobte Lernmethoden und praxisorientierte \u00dcbungen, um Ihnen dabei zu helfen, Ihre Deutschkenntnisse schnell und effektiv zu verbessern.[\/vc_column_text][\/vc_tta_section][\/vc_tta_accordion][vc_column_text css=&#8221;.vc_custom_1710087977894{margin-top: 20px !important;}&#8221;]Starten Sie noch heute Ihre Reise zu verbesserten Deutschkenntnissen mit unseren \u00d6SD-Pr\u00fcfungen und Vorbereitungskursen.<\/p>\n<p>Unsere \u00d6SD-Pr\u00fcfungen werden in Zusammenarbeit mit unserem Partner, der Sprachen Akademie, durchgef\u00fchrt. Weitere Informationen zur Anmeldung und Durchf\u00fchrung der Deutschpr\u00fcfungen A1 bis C2 finden Sie auf der Website der Sprachen Akademie.[\/vc_column_text]\t<div class=\"vc_btn3-container vc_btn3-inline\">\n\t\t<a href=\"https:\/\/sprachenakademie.ch\/oesd-pruefungszentrum\/\" target=\"_blank\" class=\"pgs_btn pgs_btn_style_1 pgs_btn_xl\">\n\t\t\t<span>\n\t\t\t\tKontaktieren Sie uns jetzt, um mehr zu erfahren und sich anzumelden\t\t\t<\/span>\n\t\t\t\t\t<\/a>\n\t<\/div>\n\t[\/vc_column][\/vc_row][vc_row][vc_column][vc_column_text]<\/p>\n<h2>Preisliste f\u00fcr \u00d6SD Pr\u00fcfungen an der Sprachen Akademie<\/h2>\n<p>[\/vc_column_text][\/vc_column][\/vc_row][vc_row][vc_column width=&#8221;1\/2&#8243; css=&#8221;.vc_custom_1709882279477{border-right-width: 5px !important;padding-top: 15px !important;padding-right: 15px !important;padding-bottom: 15px !important;padding-left: 15px !important;background-color: #f8f8f8 !important;border-right-color: #ffffff !important;border-right-style: solid !important;}&#8221;][vc_row_inner css=&#8221;.vc_custom_1709882230135{padding-top: 25px !important;}&#8221;][vc_column_inner][vc_column_text]<\/p>\n<p style=\"text-align: center;\"><strong>ZA1 Pr\u00fcfung &#8211; 250 CHF<\/strong><\/p>\n<p style=\"text-align: center;\">ZA1 schriftliche Pr\u00fcfung &#8211; 160 CHF<\/p>\n<p style=\"text-align: center;\">ZA1 m\u00fcndliche Pr\u00fcfung &#8211; 120 CHF<\/p>\n<p>[\/vc_column_text]\t<div class=\"vc_btn3-container vc_btn3-center\">\n\t\t<a href=\"https:\/\/www.sprachschule-aktiv.ch\/anmeldeformular\/\" class=\"pgs_btn pgs_btn_style_1 pgs_btn_lg\">\n\t\t\t<span>\n\t\t\t\tJetzt anmelden!\t\t\t<\/span>\n\t\t\t\t\t\t<i class=\"fas fa-angle-double-right\"><\/i>\n\t\t\t\t\t<\/a>\n\t<\/div>\n\t[\/vc_column_inner][\/vc_row_inner][\/vc_column][vc_column width=&#8221;1\/2&#8243; css=&#8221;.vc_custom_1709882264906{padding-top: 15px !important;padding-right: 15px !important;padding-bottom: 15px !important;padding-left: 15px !important;background-color: #f8f8f8 !important;}&#8221;][vc_row_inner css=&#8221;.vc_custom_1709882237270{padding-top: 25px !important;}&#8221;][vc_column_inner][vc_column_text]<\/p>\n<p style=\"text-align: center;\"><strong>ZA2 Pr\u00fcfung &#8211; 250 CHF<\/strong><\/p>\n<p style=\"text-align: center;\">ZA2 schriftliche Pr\u00fcfung- 160 CHF<\/p>\n<p style=\"text-align: center;\">ZA2 m\u00fcndliche Pr\u00fcfung &#8211; 120 CHF<\/p>\n<p>[\/vc_column_text]\t<div class=\"vc_btn3-container vc_btn3-center\">\n\t\t<a href=\"https:\/\/www.sprachschule-aktiv.ch\/anmeldeformular\/\" class=\"pgs_btn pgs_btn_style_1 pgs_btn_lg\">\n\t\t\t<span>\n\t\t\t\tJetzt anmelden!\t\t\t<\/span>\n\t\t\t\t\t\t<i class=\"fas fa-angle-double-right\"><\/i>\n\t\t\t\t\t<\/a>\n\t<\/div>\n\t[\/vc_column_inner][\/vc_row_inner][\/vc_column][\/vc_row][vc_row css=&#8221;.vc_custom_1709882209993{margin-top: 30px !important;}&#8221;][vc_column width=&#8221;1\/2&#8243; css=&#8221;.vc_custom_1709882312795{border-right-width: 5px !important;padding-top: 15px !important;padding-right: 15px !important;padding-bottom: 15px !important;padding-left: 15px !important;background-color: #f8f8f8 !important;border-right-color: #ffffff !important;border-right-style: solid !important;}&#8221;][vc_row_inner css=&#8221;.vc_custom_1709882244202{padding-top: 25px !important;}&#8221;][vc_column_inner][vc_column_text]<\/p>\n<p style=\"text-align: center;\"><strong>ZB1 Pr\u00fcfung &#8211; 350 CHF<\/strong><\/p>\n<p style=\"text-align: center;\">ZB1 schriftliche Pr\u00fcfung &#8211; 250 CHF<\/p>\n<p style=\"text-align: center;\">ZB1 m\u00fcndliche Pr\u00fcfung &#8211; 130 CHF<\/p>\n<p style=\"text-align: center;\">ZB1 Lesen, H\u00f6ren, Schreiben &#8211; jeweils 95 CHF<\/p>\n<p>[\/vc_column_text]\t<div class=\"vc_btn3-container vc_btn3-center\">\n\t\t<a href=\"https:\/\/www.sprachschule-aktiv.ch\/anmeldeformular\/\" class=\"pgs_btn pgs_btn_style_1 pgs_btn_lg\">\n\t\t\t<span>\n\t\t\t\tJetzt anmelden!\t\t\t<\/span>\n\t\t\t\t\t\t<i class=\"fas fa-angle-double-right\"><\/i>\n\t\t\t\t\t<\/a>\n\t<\/div>\n\t[\/vc_column_inner][\/vc_row_inner][\/vc_column][vc_column width=&#8221;1\/2&#8243; css=&#8221;.vc_custom_1709882332553{padding-top: 15px !important;padding-right: 15px !important;padding-bottom: 15px !important;padding-left: 15px !important;background-color: #f8f8f8 !important;}&#8221;][vc_row_inner css=&#8221;.vc_custom_1709882251102{padding-top: 25px !important;}&#8221;][vc_column_inner][vc_column_text]<\/p>\n<p style=\"text-align: center;\"><strong>ZB2 Pr\u00fcfung &#8211; 350 CHF<\/strong><\/p>\n<p style=\"text-align: center;\">ZB2 schriftliche Pr\u00fcfung &#8211; 250 CHF<\/p>\n<p style=\"text-align: center;\">ZB2 m\u00fcndliche Pr\u00fcfung &#8211; 130 CHF<\/p>\n<p>[\/vc_column_text]\t<div class=\"vc_btn3-container vc_btn3-center\">\n\t\t<a href=\"https:\/\/www.sprachschule-aktiv.ch\/anmeldeformular\/\" class=\"pgs_btn pgs_btn_style_1 pgs_btn_lg\">\n\t\t\t<span>\n\t\t\t\tJetzt anmelden!\t\t\t<\/span>\n\t\t\t\t\t\t<i class=\"fas fa-angle-double-right\"><\/i>\n\t\t\t\t\t<\/a>\n\t<\/div>\n\t[\/vc_column_inner][\/vc_row_inner][\/vc_column][\/vc_row][vc_row css=&#8221;.vc_custom_1709882506758{margin-top: 30px !important;margin-bottom: 40px !important;}&#8221;][vc_column width=&#8221;1\/2&#8243; css=&#8221;.vc_custom_1709882312795{border-right-width: 5px !important;padding-top: 15px !important;padding-right: 15px !important;padding-bottom: 15px !important;padding-left: 15px !important;background-color: #f8f8f8 !important;border-right-color: #ffffff !important;border-right-style: solid !important;}&#8221;][vc_row_inner css=&#8221;.vc_custom_1709882244202{padding-top: 25px !important;}&#8221;][vc_column_inner][vc_column_text]<\/p>\n<p style=\"text-align: center;\"><strong>ZC1 Pr\u00fcfung &#8211; 450 CHF<\/strong><\/p>\n<p style=\"text-align: center;\">ZC1 schriftliche Pr\u00fcfung &#8211; 280 CHF<\/p>\n<p style=\"text-align: center;\">ZC1 m\u00fcndliche Pr\u00fcfung &#8211; 210 CHF<\/p>\n<p>[\/vc_column_text]\t<div class=\"vc_btn3-container vc_btn3-center\">\n\t\t<a href=\"https:\/\/www.sprachschule-aktiv.ch\/anmeldeformular\/\" class=\"pgs_btn pgs_btn_style_1 pgs_btn_lg\">\n\t\t\t<span>\n\t\t\t\tJetzt anmelden!\t\t\t<\/span>\n\t\t\t\t\t\t<i class=\"fas fa-angle-double-right\"><\/i>\n\t\t\t\t\t<\/a>\n\t<\/div>\n\t[\/vc_column_inner][\/vc_row_inner][\/vc_column][vc_column width=&#8221;1\/2&#8243; css=&#8221;.vc_custom_1709882332553{padding-top: 15px !important;padding-right: 15px !important;padding-bottom: 15px !important;padding-left: 15px !important;background-color: #f8f8f8 !important;}&#8221;][vc_row_inner css=&#8221;.vc_custom_1709882251102{padding-top: 25px !important;}&#8221;][vc_column_inner][vc_column_text]<\/p>\n<p style=\"text-align: center;\"><strong>ZC2 Pr\u00fcfung &#8211; 450 CHF<\/strong><\/p>\n<p style=\"text-align: center;\">ZC2 schriftliche Pr\u00fcfung &#8211; 280 CHF<\/p>\n<p style=\"text-align: center;\">ZC2 m\u00fcndliche Pr\u00fcfung &#8211; 210 CHF<\/p>\n<p style=\"text-align: center;\">ZC2 Schreiben, Lesen, H\u00f6ren &#8211; jeweils 105 CHF<\/p>\n<p>[\/vc_column_text]\t<div class=\"vc_btn3-container vc_btn3-center\">\n\t\t<a href=\"https:\/\/www.sprachschule-aktiv.ch\/anmeldeformular\/\" class=\"pgs_btn pgs_btn_style_1 pgs_btn_lg\">\n\t\t\t<span>\n\t\t\t\tJetzt anmelden!\t\t\t<\/span>\n\t\t\t\t\t\t<i class=\"fas fa-angle-double-right\"><\/i>\n\t\t\t\t\t<\/a>\n\t<\/div>\n\t[\/vc_column_inner][\/vc_row_inner][\/vc_column][\/vc_row]<\/p>\n","protected":false},"excerpt":{"rendered":"<p>[vc_row css=&#8221;.vc_custom_1709881145711{margin-top: 40px !important;}&#8221;][vc_column][vc_column_text] Nachweis Ihrer Deutschkenntnisse mit \u00d6SD-Pr\u00fcfungen: Ihre T\u00fcr zur sprachlichen Kompetenz! [\/vc_column_text][vc_column_text]Bereit, Ihre Deutschkenntnisse auf die n\u00e4chste Ebene zu heben? Unsere hochwertigen \u00d6SD-Pr\u00fcfungen und effizienten Vorbereitungskurse unterst\u00fctzen Sie bei der Erreichung Ihrer Ziele.[\/vc_column_text][vc_row_inner][vc_column_inner width=&#8221;1\/2&#8243;][vc_single_image image=&#8221;765&#8243; img_size=&#8221;full&#8221;][\/vc_column_inner][vc_column_inner width=&#8221;1\/2&#8243;][vc_column_text]Die \u00d6SD-Pr\u00fcfungen genie\u00dfen weltweite Anerkennung und bieten eine verl\u00e4ssliche Beurteilung Ihrer Deutschkenntnisse. Ganz gleich, ob Sie&hellip; <a class=\"read-more\" href=\"https:\/\/www.sprachschule-aktiv.ch\/deutsch-lernen-in-der-schweiz\/oesd-deutschpruefungen\/\" title=\"Read \u00d6SD Deutschpr\u00fcfungen\">Read more &raquo;<\/a><\/p>\n","protected":false},"author":1,"featured_media":0,"parent":0,"menu_order":0,"comment_status":"closed","ping_status":"closed","template":"","meta":{"footnotes":""},"class_list":["post-764","page","type-page","status-publish","hentry"],"yoast_head":"<!-- This site is optimized with the Yoast SEO plugin v27.1.1 - https:\/\/yoast.com\/product\/yoast-seo-wordpress\/ -->\n<title>Deutsch lernen in Z\u00fcrich: \u00d6SD-Pr\u00fcfungen und Vorbereitungskurse<\/title>\n<meta name=\"description\" content=\"Bessern Sie Ihr Deutsch in Z\u00fcrich! Entdecken Sie unsere \u00d6SD-Pr\u00fcfungen &amp; Kurse. Anmeldung f\u00fcr A1 bis C2 auf unserer Website.\" \/>\n<meta name=\"robots\" content=\"index, follow, max-snippet:-1, max-image-preview:large, max-video-preview:-1\" \/>\n<link rel=\"canonical\" href=\"https:\/\/www.sprachschule-aktiv.ch\/deutsch-lernen-in-der-schweiz\/oesd-deutschpruefungen\/\" \/>\n<meta property=\"og:locale\" content=\"de_DE\" \/>\n<meta property=\"og:type\" content=\"article\" \/>\n<meta property=\"og:title\" content=\"Deutsch lernen in Z\u00fcrich: \u00d6SD-Pr\u00fcfungen und Vorbereitungskurse\" \/>\n<meta property=\"og:description\" content=\"Bessern Sie Ihr Deutsch in Z\u00fcrich! Entdecken Sie unsere \u00d6SD-Pr\u00fcfungen &amp; Kurse. Anmeldung f\u00fcr A1 bis C2 auf unserer Website.\" \/>\n<meta property=\"og:url\" content=\"https:\/\/www.sprachschule-aktiv.ch\/deutsch-lernen-in-der-schweiz\/oesd-deutschpruefungen\/\" \/>\n<meta property=\"og:site_name\" content=\"Deutsch lernen in der schweiz\" \/>\n<meta property=\"article:modified_time\" content=\"2024-03-10T16:34:29+00:00\" \/>\n<meta name=\"twitter:card\" content=\"summary_large_image\" \/>\n<meta name=\"twitter:label1\" content=\"Gesch\u00e4tzte Lesezeit\" \/>\n\t<meta name=\"twitter:data1\" content=\"4\u00a0Minuten\" \/>\n<script type=\"application\/ld+json\" class=\"yoast-schema-graph\">{\"@context\":\"https:\/\/schema.org\",\"@graph\":[{\"@type\":\"WebPage\",\"@id\":\"https:\/\/www.sprachschule-aktiv.ch\/deutsch-lernen-in-der-schweiz\/oesd-deutschpruefungen\/\",\"url\":\"https:\/\/www.sprachschule-aktiv.ch\/deutsch-lernen-in-der-schweiz\/oesd-deutschpruefungen\/\",\"name\":\"Deutsch lernen in Z\u00fcrich: \u00d6SD-Pr\u00fcfungen und Vorbereitungskurse\",\"isPartOf\":{\"@id\":\"https:\/\/www.sprachschule-aktiv.ch\/deutsch-lernen-in-der-schweiz\/#website\"},\"datePublished\":\"2024-03-10T16:27:09+00:00\",\"dateModified\":\"2024-03-10T16:34:29+00:00\",\"description\":\"Bessern Sie Ihr Deutsch in Z\u00fcrich! Entdecken Sie unsere \u00d6SD-Pr\u00fcfungen & Kurse. Anmeldung f\u00fcr A1 bis C2 auf unserer Website.\",\"breadcrumb\":{\"@id\":\"https:\/\/www.sprachschule-aktiv.ch\/deutsch-lernen-in-der-schweiz\/oesd-deutschpruefungen\/#breadcrumb\"},\"inLanguage\":\"de\",\"potentialAction\":[{\"@type\":\"ReadAction\",\"target\":[\"https:\/\/www.sprachschule-aktiv.ch\/deutsch-lernen-in-der-schweiz\/oesd-deutschpruefungen\/\"]}]},{\"@type\":\"BreadcrumbList\",\"@id\":\"https:\/\/www.sprachschule-aktiv.ch\/deutsch-lernen-in-der-schweiz\/oesd-deutschpruefungen\/#breadcrumb\",\"itemListElement\":[{\"@type\":\"ListItem\",\"position\":1,\"name\":\"Startseite\",\"item\":\"https:\/\/www.sprachschule-aktiv.ch\/deutsch-lernen-in-der-schweiz\/\"},{\"@type\":\"ListItem\",\"position\":2,\"name\":\"\u00d6SD Deutschpr\u00fcfungen\"}]},{\"@type\":\"WebSite\",\"@id\":\"https:\/\/www.sprachschule-aktiv.ch\/deutsch-lernen-in-der-schweiz\/#website\",\"url\":\"https:\/\/www.sprachschule-aktiv.ch\/deutsch-lernen-in-der-schweiz\/\",\"name\":\"Deutsch lernen in der schweiz\",\"description\":\"\",\"potentialAction\":[{\"@type\":\"SearchAction\",\"target\":{\"@type\":\"EntryPoint\",\"urlTemplate\":\"https:\/\/www.sprachschule-aktiv.ch\/deutsch-lernen-in-der-schweiz\/?s={search_term_string}\"},\"query-input\":{\"@type\":\"PropertyValueSpecification\",\"valueRequired\":true,\"valueName\":\"search_term_string\"}}],\"inLanguage\":\"de\"}]}<\/script>\n<!-- \/ Yoast SEO plugin. -->","yoast_head_json":{"title":"Deutsch lernen in Z\u00fcrich: \u00d6SD-Pr\u00fcfungen und Vorbereitungskurse","description":"Bessern Sie Ihr Deutsch in Z\u00fcrich! Entdecken Sie unsere \u00d6SD-Pr\u00fcfungen & Kurse. Anmeldung f\u00fcr A1 bis C2 auf unserer Website.","robots":{"index":"index","follow":"follow","max-snippet":"max-snippet:-1","max-image-preview":"max-image-preview:large","max-video-preview":"max-video-preview:-1"},"canonical":"https:\/\/www.sprachschule-aktiv.ch\/deutsch-lernen-in-der-schweiz\/oesd-deutschpruefungen\/","og_locale":"de_DE","og_type":"article","og_title":"Deutsch lernen in Z\u00fcrich: \u00d6SD-Pr\u00fcfungen und Vorbereitungskurse","og_description":"Bessern Sie Ihr Deutsch in Z\u00fcrich! Entdecken Sie unsere \u00d6SD-Pr\u00fcfungen & Kurse. Anmeldung f\u00fcr A1 bis C2 auf unserer Website.","og_url":"https:\/\/www.sprachschule-aktiv.ch\/deutsch-lernen-in-der-schweiz\/oesd-deutschpruefungen\/","og_site_name":"Deutsch lernen in der schweiz","article_modified_time":"2024-03-10T16:34:29+00:00","twitter_card":"summary_large_image","twitter_misc":{"Gesch\u00e4tzte Lesezeit":"4\u00a0Minuten"},"schema":{"@context":"https:\/\/schema.org","@graph":[{"@type":"WebPage","@id":"https:\/\/www.sprachschule-aktiv.ch\/deutsch-lernen-in-der-schweiz\/oesd-deutschpruefungen\/","url":"https:\/\/www.sprachschule-aktiv.ch\/deutsch-lernen-in-der-schweiz\/oesd-deutschpruefungen\/","name":"Deutsch lernen in Z\u00fcrich: \u00d6SD-Pr\u00fcfungen und Vorbereitungskurse","isPartOf":{"@id":"https:\/\/www.sprachschule-aktiv.ch\/deutsch-lernen-in-der-schweiz\/#website"},"datePublished":"2024-03-10T16:27:09+00:00","dateModified":"2024-03-10T16:34:29+00:00","description":"Bessern Sie Ihr Deutsch in Z\u00fcrich! Entdecken Sie unsere \u00d6SD-Pr\u00fcfungen & Kurse. Anmeldung f\u00fcr A1 bis C2 auf unserer Website.","breadcrumb":{"@id":"https:\/\/www.sprachschule-aktiv.ch\/deutsch-lernen-in-der-schweiz\/oesd-deutschpruefungen\/#breadcrumb"},"inLanguage":"de","potentialAction":[{"@type":"ReadAction","target":["https:\/\/www.sprachschule-aktiv.ch\/deutsch-lernen-in-der-schweiz\/oesd-deutschpruefungen\/"]}]},{"@type":"BreadcrumbList","@id":"https:\/\/www.sprachschule-aktiv.ch\/deutsch-lernen-in-der-schweiz\/oesd-deutschpruefungen\/#breadcrumb","itemListElement":[{"@type":"ListItem","position":1,"name":"Startseite","item":"https:\/\/www.sprachschule-aktiv.ch\/deutsch-lernen-in-der-schweiz\/"},{"@type":"ListItem","position":2,"name":"\u00d6SD Deutschpr\u00fcfungen"}]},{"@type":"WebSite","@id":"https:\/\/www.sprachschule-aktiv.ch\/deutsch-lernen-in-der-schweiz\/#website","url":"https:\/\/www.sprachschule-aktiv.ch\/deutsch-lernen-in-der-schweiz\/","name":"Deutsch lernen in der schweiz","description":"","potentialAction":[{"@type":"SearchAction","target":{"@type":"EntryPoint","urlTemplate":"https:\/\/www.sprachschule-aktiv.ch\/deutsch-lernen-in-der-schweiz\/?s={search_term_string}"},"query-input":{"@type":"PropertyValueSpecification","valueRequired":true,"valueName":"search_term_string"}}],"inLanguage":"de"}]}},"_links":{"self":[{"href":"https:\/\/www.sprachschule-aktiv.ch\/deutsch-lernen-in-der-schweiz\/wp-json\/wp\/v2\/pages\/764","targetHints":{"allow":["GET"]}}],"collection":[{"href":"https:\/\/www.sprachschule-aktiv.ch\/deutsch-lernen-in-der-schweiz\/wp-json\/wp\/v2\/pages"}],"about":[{"href":"https:\/\/www.sprachschule-aktiv.ch\/deutsch-lernen-in-der-schweiz\/wp-json\/wp\/v2\/types\/page"}],"author":[{"embeddable":true,"href":"https:\/\/www.sprachschule-aktiv.ch\/deutsch-lernen-in-der-schweiz\/wp-json\/wp\/v2\/users\/1"}],"replies":[{"embeddable":true,"href":"https:\/\/www.sprachschule-aktiv.ch\/deutsch-lernen-in-der-schweiz\/wp-json\/wp\/v2\/comments?post=764"}],"version-history":[{"count":5,"href":"https:\/\/www.sprachschule-aktiv.ch\/deutsch-lernen-in-der-schweiz\/wp-json\/wp\/v2\/pages\/764\/revisions"}],"predecessor-version":[{"id":771,"href":"https:\/\/www.sprachschule-aktiv.ch\/deutsch-lernen-in-der-schweiz\/wp-json\/wp\/v2\/pages\/764\/revisions\/771"}],"wp:attachment":[{"href":"https:\/\/www.sprachschule-aktiv.ch\/deutsch-lernen-in-der-schweiz\/wp-json\/wp\/v2\/media?parent=764"}],"curies":[{"name":"wp","href":"https:\/\/api.w.org\/{rel}","templated":true}]}}