{"id":396,"date":"2022-06-08T06:19:52","date_gmt":"2022-06-08T04:19:52","guid":{"rendered":"https:\/\/www.sprachschule-aktiv.ch\/deutsch-lernen-in-der-schweiz\/?page_id=396"},"modified":"2025-04-11T19:55:41","modified_gmt":"2025-04-11T17:55:41","slug":"deutsch-lernen-in-lugano","status":"publish","type":"page","link":"https:\/\/www.sprachschule-aktiv.ch\/deutsch-lernen-in-der-schweiz\/deutsch-lernen-in-lugano\/","title":{"rendered":"Deutsch lernen in Lugano &#8211; Deutschkurse &#8211; Sprachschule"},"content":{"rendered":"<p>Deutsch lernen in Lugano mit Muttersprachlern. Deutschkurse von A1 bis C2. Die Sprachschule Aktiv Lugano bietet Ihnen eine kostenlose Probestunde an.<\/p>\n<p>Die Sprachschule Aktiv in Lugano bietet Ihnen Deutschkurse in allen Niveaustufen an. Sie haben die Wahl zwischen Einzelunterricht, Intensivkursen und Unterricht am Abend. Ganz gleich, f\u00fcr welche Zwecke Sie gerne Deutsch lernen wollen, Sie finden in der Sprachschule Aktiv bestimmt den richtigen Kurs.<\/p>\n<img loading=\"lazy\" decoding=\"async\" class=\"alignnone wp-image-397 size-full\" src=\"https:\/\/www.sprachschule-aktiv.ch\/deutsch-lernen-in-der-schweiz\/wp-content\/uploads\/2022\/06\/deutsch-lernen-in-lugano.webp\" alt=\"Deutsch lernen in Lugano - Deutschkurse in der Schweiz\" width=\"500\" height=\"351\" srcset=\"https:\/\/www.sprachschule-aktiv.ch\/deutsch-lernen-in-der-schweiz\/wp-content\/uploads\/2022\/06\/deutsch-lernen-in-lugano.webp 500w, https:\/\/www.sprachschule-aktiv.ch\/deutsch-lernen-in-der-schweiz\/wp-content\/uploads\/2022\/06\/deutsch-lernen-in-lugano-300x211.webp 300w\" sizes=\"auto, (max-width: 500px) 100vw, 500px\" \/>\n<h2>Starten Sie einen Deutschkurs in Lugano auf Ihrem aktuellen Niveau<\/h2>\n<p>Die Sprachschule Aktiv in Lugano holt Sie genau an dem Punkt ab, an dem Sie sich sprachlich aktuell befinden. Falls Sie noch keinerlei Sprachkenntnisse haben, beginnen Sie mit einem Kurs der Stufe A1. Langsam lernen Sie die Grundz\u00fcge der deutschen Sprache. Haben Sie schon Grundkenntnisse, beginnen Sie mit einer h\u00f6heren Stufe. Wir bieten Ihnen Kurse vom Anf\u00e4nger bis zur perfekten Beherrschung der deutschen Sprache. Die Sprachschule Aktiv in Lugano orientiert sich dabei am gemeinsamen europ\u00e4ischen Referenzrahmen f\u00fcr Sprachen.<br \/>\nFalls Sie Ihr aktuelles Niveau nicht wissen, finden Sie auf unserer Internetseite einen <a href=\"https:\/\/www.sprachschule-aktiv.ch\/deutsch-lernen-in-der-schweiz\/deutsch-einstufungstest\/\">Einstufungstest<\/a>. Innerhalb weniger Minuten wissen Sie Ihr Niveau und k\u00f6nnen den richtigen Kurs ausw\u00e4hlen.<\/p>\n<a href=\"https:\/\/www.sprachschule-aktiv.ch\/deutsch-lernen-in-der-schweiz\/kontakt\/\"><img loading=\"lazy\" decoding=\"async\" class=\"alignnone wp-image-972 size-full\" title=\"Schnelle Anfrage - Deutschkurs Z\u00fcrich\" src=\"https:\/\/www.sprachschule-aktiv.ch\/wp-content\/uploads\/2017\/03\/boton-schnelle-anfrage.png\" alt=\"Schnelle Anfrage - Deutschkurs Z\u00fcrich\" width=\"220\" height=\"65\" \/><\/a>\n<h2>Der klassische Abendkurs der Sprachschule Aktiv in Lugano<\/h2>\n<p>Der Abendkurs ist wohl der Klassiker unter den Sprachkursen. Sie kommen einmal in der Woche in die Kursr\u00e4ume in Lugano oder treffen sich mit der Lerngruppe im Internet. Bei nur zwei Stunden pro Woche sind die Fortschritte nicht besonders gross, doch nach ein paar Monaten k\u00f6nnen Sie sich schon gut auf Deutsch unterhalten. Ein Abendkurs ist f\u00fcr Sie geeignet, wenn Sie die Deutschkenntnisse nicht sofort ben\u00f6tigen.<br \/>\n<strong>Dauer:<\/strong> 12 Wochen<br \/>\n<strong>Kosten:<\/strong> Abendkurs: 350 CHF + 50 CHF Kursmaterial<br \/>\n<strong>Starttermine:<\/strong> am ersten Dienstag im Monat<br \/>\n<strong>Termine:<\/strong> jeden Dienstag von 19:00 bis 20:30 Uhr<\/p>\n<a href=\"https:\/\/www.sprachschule-aktiv.ch\/deutsch-lernen-in-der-schweiz\/anmeldung\/\"><img loading=\"lazy\" decoding=\"async\" class=\"alignnone size-full wp-image-233\" src=\"https:\/\/www.sprachschule-aktiv.ch\/deutsch-lernen-in-der-schweiz\/wp-content\/uploads\/2022\/04\/jetzt-deutschkurs-buchen.webp\" alt=\"Jetzt Deutschkurs buchen\" width=\"239\" height=\"62\" \/><\/a>\n<h2>Mit einem Intensivkurs der Sprachschule Aktiv in Lugano schnelle Erfolge erzielen<\/h2>\n<p>Ein Abendkurs reicht zwar oft aus, doch wenn Sie demn\u00e4chst mit einem Studium in der Schweiz beginnen m\u00f6chten, ist ein Intensivkurs die bessere Wahl. Nicht nur angehende Studenten, sondern auch Berufst\u00e4tige entscheiden sich oft f\u00fcr einen Intensivkurs. Wer in zwei Monaten eine Filiale der Firma in Lugano leiten soll, jedoch kaum Deutsch spricht, muss schnelle Fortschritte machen.<br \/>\nBei einem Intensivkurs findet der Unterricht von Montag bis Freitag zwischen 9:00 Uhr und 12:00 Uhr statt. Auch hier haben Sie die Wahl zwischen Pr\u00e4senzunterricht in Lugano oder einem Onlinekurs.<br \/>\nIm Rahmen der Intensivkurse bereiten wir Sie auch auf die Telc-Pr\u00fcfung oder auf den TestDaF vor.<br \/>\n<strong>Kosten:<\/strong><br \/>\nIntensivkurs Deutsch 4 Wochen: 790 CHF<br \/>\nIntensivkurs Deutsch 3 Wochen: 675 CHF<br \/>\nIntensivkurs Deutsch 2 Wochen: 580 CHF<br \/>\nIntensivkurs Deutsch 1 Woche: 395 CHF<br \/>\nIntensivkurs Fremdsprache 4 Wochen: 990 CHF<br \/>\nIntensivkurs Fremdsprache 3 Wochen: 750 CHF<br \/>\nIntensivkurs Fremdsprache 2 Wochen: 580 CHF<br \/>\nIntensivkurs Fremdsprache 1 Woche: 370 CHF<br \/>\n<strong>Beginn:<\/strong> am ersten Montag im Monat<br \/>\n<strong>Termine:<\/strong> Montag bis Freitag von 9:00 bis 12:00 Uhr<\/p>\n<a href=\"https:\/\/www.sprachschule-aktiv.ch\/deutsch-lernen-in-der-schweiz\/anmeldung\/\"><img loading=\"lazy\" decoding=\"async\" class=\"alignnone size-full wp-image-233\" src=\"https:\/\/www.sprachschule-aktiv.ch\/deutsch-lernen-in-der-schweiz\/wp-content\/uploads\/2022\/04\/jetzt-deutschkurs-buchen.webp\" alt=\"Jetzt Deutschkurs buchen\" width=\"239\" height=\"62\" \/><\/a>\n<h2>Privatunterricht Deutsch in Lugano &#8211; Einzelunterricht vor Ort und Online<\/h2>\n<p>Mit einem Privatlehrer sind Sie unabh\u00e4ngig von festen Unterrichtszeiten. Sie entscheiden, wann und wie oft der Unterricht stattfindet. Die Lehrkraft orientiert sich beim Unterricht genau an Ihren W\u00fcnschen. Die etwas h\u00f6heren Kosten relativieren sich schnell, da Sie durch die intensive Betreuung rasche Fortschritte machen<br \/>\n<strong>Kosten:<\/strong><br \/>\nBis 19 Unterrichtsstunden: 60 CHF<br \/>\nAb 20 Unterrichtsstunden: 58 CHF<br \/>\nAb 30 Unterrichtsstunden: 50 CHF<\/p>\n<a href=\"https:\/\/www.sprachschule-aktiv.ch\/deutsch-lernen-in-der-schweiz\/anmeldung\/\"><img loading=\"lazy\" decoding=\"async\" class=\"alignnone size-full wp-image-233\" src=\"https:\/\/www.sprachschule-aktiv.ch\/deutsch-lernen-in-der-schweiz\/wp-content\/uploads\/2022\/04\/jetzt-deutschkurs-buchen.webp\" alt=\"Jetzt Deutschkurs buchen\" width=\"239\" height=\"62\" \/><\/a>\n<h2>Unsere Lehrkr\u00e4fte \u00fcberzeugen durch Kompetenz und Hilfsbereitschaft<\/h2>\n<p>Selbstverst\u00e4ndlich sind unsere Lehrkr\u00e4fte Muttersprachler mit einer p\u00e4dagogischen Hochschulausbildung. Bei der Auswahl achten wir darauf, dass es sich um freundliche Menschen handelt, bei denen der Unterricht Spass macht.<\/p>\n<p><iframe loading=\"lazy\" title=\"YouTube video player\" src=\"https:\/\/www.youtube.com\/embed\/JOvJI8b4z_E\" width=\"560\" height=\"315\" frameborder=\"0\" allowfullscreen=\"allowfullscreen\"><\/iframe><\/p>\n<h2>Melden Sie sich zu einer Probestunde an<\/h2>\n<p>Jeden Deutschkurs der Sprachschule Aktiv in Lugano k\u00f6nnen Sie unverbindlich testen. Die erste Stunde ist eine Probestunde, nach der Sie vom Kurs zur\u00fccktreten k\u00f6nnen, wenn Sie mit dem Kurs oder mit der Leistung der Lehrkraft nicht zufrieden waren. Sollten Sie bereits Geld f\u00fcr den Deutschkurs bezahlt haben, erstatten wir Ihnen den Betrag selbstverst\u00e4ndlich umgehend zur\u00fcck.<\/p>\n","protected":false},"excerpt":{"rendered":"<p>Deutsch lernen in Lugano mit Muttersprachlern. Deutschkurse von A1 bis C2. Die Sprachschule Aktiv Lugano bietet Ihnen eine kostenlose Probestunde an. Die Sprachschule Aktiv in Lugano bietet Ihnen Deutschkurse in allen Niveaustufen an. Sie haben die Wahl zwischen Einzelunterricht, Intensivkursen und Unterricht am Abend. Ganz gleich, f\u00fcr welche Zwecke Sie gerne Deutsch lernen wollen, Sie&hellip; <a class=\"read-more\" href=\"https:\/\/www.sprachschule-aktiv.ch\/deutsch-lernen-in-der-schweiz\/deutsch-lernen-in-lugano\/\" title=\"Read Deutsch lernen in Lugano &#8211; Deutschkurse &#8211; Sprachschule\">Read more &raquo;<\/a><\/p>\n","protected":false},"author":2,"featured_media":0,"parent":0,"menu_order":0,"comment_status":"closed","ping_status":"closed","template":"","meta":{"footnotes":""},"class_list":["post-396","page","type-page","status-publish","hentry"],"yoast_head":"<!-- This site is optimized with the Yoast SEO plugin v27.1.1 - https:\/\/yoast.com\/product\/yoast-seo-wordpress\/ -->\n<title>Deutsch lernen in Lugano - Sprachschule Aktiv<\/title>\n<meta name=\"description\" content=\"Deutsch lernen in Lugano in Privat-, Abend-, Online- oder Intensivkursen. Deutschkurse von A1 bis C2 mit kostenloser Einstufung!\" \/>\n<meta name=\"robots\" content=\"index, follow, max-snippet:-1, max-image-preview:large, max-video-preview:-1\" \/>\n<link rel=\"canonical\" href=\"https:\/\/www.sprachschule-aktiv.ch\/deutsch-lernen-in-der-schweiz\/deutsch-lernen-in-lugano\/\" \/>\n<meta property=\"og:locale\" content=\"de_DE\" \/>\n<meta property=\"og:type\" content=\"article\" \/>\n<meta property=\"og:title\" content=\"Deutsch lernen in Lugano - Sprachschule Aktiv\" \/>\n<meta property=\"og:description\" content=\"Deutsch lernen in Lugano in Privat-, Abend-, Online- oder Intensivkursen. Deutschkurse von A1 bis C2 mit kostenloser Einstufung!\" \/>\n<meta property=\"og:url\" content=\"https:\/\/www.sprachschule-aktiv.ch\/deutsch-lernen-in-der-schweiz\/deutsch-lernen-in-lugano\/\" \/>\n<meta property=\"og:site_name\" content=\"Deutsch lernen in der schweiz\" \/>\n<meta property=\"article:modified_time\" content=\"2025-04-11T17:55:41+00:00\" \/>\n<meta property=\"og:image\" content=\"https:\/\/www.sprachschule-aktiv.ch\/deutsch-lernen-in-der-schweiz\/wp-content\/uploads\/2022\/06\/deutsch-lernen-in-lugano.webp\" \/>\n\t<meta property=\"og:image:width\" content=\"500\" \/>\n\t<meta property=\"og:image:height\" content=\"351\" \/>\n\t<meta property=\"og:image:type\" content=\"image\/webp\" \/>\n<meta name=\"twitter:card\" content=\"summary_large_image\" \/>\n<meta name=\"twitter:label1\" content=\"Gesch\u00e4tzte Lesezeit\" \/>\n\t<meta name=\"twitter:data1\" content=\"5\u00a0Minuten\" \/>\n<script type=\"application\/ld+json\" class=\"yoast-schema-graph\">{\"@context\":\"https:\/\/schema.org\",\"@graph\":[{\"@type\":\"WebPage\",\"@id\":\"https:\/\/www.sprachschule-aktiv.ch\/deutsch-lernen-in-der-schweiz\/deutsch-lernen-in-lugano\/\",\"url\":\"https:\/\/www.sprachschule-aktiv.ch\/deutsch-lernen-in-der-schweiz\/deutsch-lernen-in-lugano\/\",\"name\":\"Deutsch lernen in Lugano - Sprachschule Aktiv\",\"isPartOf\":{\"@id\":\"https:\/\/www.sprachschule-aktiv.ch\/deutsch-lernen-in-der-schweiz\/#website\"},\"primaryImageOfPage\":{\"@id\":\"https:\/\/www.sprachschule-aktiv.ch\/deutsch-lernen-in-der-schweiz\/deutsch-lernen-in-lugano\/#primaryimage\"},\"image\":{\"@id\":\"https:\/\/www.sprachschule-aktiv.ch\/deutsch-lernen-in-der-schweiz\/deutsch-lernen-in-lugano\/#primaryimage\"},\"thumbnailUrl\":\"https:\/\/www.sprachschule-aktiv.ch\/deutsch-lernen-in-der-schweiz\/wp-content\/uploads\/2022\/06\/deutsch-lernen-in-lugano.webp\",\"datePublished\":\"2022-06-08T04:19:52+00:00\",\"dateModified\":\"2025-04-11T17:55:41+00:00\",\"description\":\"Deutsch lernen in Lugano in Privat-, Abend-, Online- oder Intensivkursen. Deutschkurse von A1 bis C2 mit kostenloser Einstufung!\",\"breadcrumb\":{\"@id\":\"https:\/\/www.sprachschule-aktiv.ch\/deutsch-lernen-in-der-schweiz\/deutsch-lernen-in-lugano\/#breadcrumb\"},\"inLanguage\":\"de\",\"potentialAction\":[{\"@type\":\"ReadAction\",\"target\":[\"https:\/\/www.sprachschule-aktiv.ch\/deutsch-lernen-in-der-schweiz\/deutsch-lernen-in-lugano\/\"]}]},{\"@type\":\"ImageObject\",\"inLanguage\":\"de\",\"@id\":\"https:\/\/www.sprachschule-aktiv.ch\/deutsch-lernen-in-der-schweiz\/deutsch-lernen-in-lugano\/#primaryimage\",\"url\":\"https:\/\/www.sprachschule-aktiv.ch\/deutsch-lernen-in-der-schweiz\/wp-content\/uploads\/2022\/06\/deutsch-lernen-in-lugano.webp\",\"contentUrl\":\"https:\/\/www.sprachschule-aktiv.ch\/deutsch-lernen-in-der-schweiz\/wp-content\/uploads\/2022\/06\/deutsch-lernen-in-lugano.webp\",\"width\":500,\"height\":351,\"caption\":\"Deutsch lernen in Lugano - Deutschkurse in der Schweiz\"},{\"@type\":\"BreadcrumbList\",\"@id\":\"https:\/\/www.sprachschule-aktiv.ch\/deutsch-lernen-in-der-schweiz\/deutsch-lernen-in-lugano\/#breadcrumb\",\"itemListElement\":[{\"@type\":\"ListItem\",\"position\":1,\"name\":\"Startseite\",\"item\":\"https:\/\/www.sprachschule-aktiv.ch\/deutsch-lernen-in-der-schweiz\/\"},{\"@type\":\"ListItem\",\"position\":2,\"name\":\"Deutsch lernen in Lugano &#8211; Deutschkurse &#8211; Sprachschule\"}]},{\"@type\":\"WebSite\",\"@id\":\"https:\/\/www.sprachschule-aktiv.ch\/deutsch-lernen-in-der-schweiz\/#website\",\"url\":\"https:\/\/www.sprachschule-aktiv.ch\/deutsch-lernen-in-der-schweiz\/\",\"name\":\"Deutsch lernen in der schweiz\",\"description\":\"\",\"potentialAction\":[{\"@type\":\"SearchAction\",\"target\":{\"@type\":\"EntryPoint\",\"urlTemplate\":\"https:\/\/www.sprachschule-aktiv.ch\/deutsch-lernen-in-der-schweiz\/?s={search_term_string}\"},\"query-input\":{\"@type\":\"PropertyValueSpecification\",\"valueRequired\":true,\"valueName\":\"search_term_string\"}}],\"inLanguage\":\"de\"}]}<\/script>\n<!-- \/ Yoast SEO plugin. -->","yoast_head_json":{"title":"Deutsch lernen in Lugano - Sprachschule Aktiv","description":"Deutsch lernen in Lugano in Privat-, Abend-, Online- oder Intensivkursen. Deutschkurse von A1 bis C2 mit kostenloser Einstufung!","robots":{"index":"index","follow":"follow","max-snippet":"max-snippet:-1","max-image-preview":"max-image-preview:large","max-video-preview":"max-video-preview:-1"},"canonical":"https:\/\/www.sprachschule-aktiv.ch\/deutsch-lernen-in-der-schweiz\/deutsch-lernen-in-lugano\/","og_locale":"de_DE","og_type":"article","og_title":"Deutsch lernen in Lugano - Sprachschule Aktiv","og_description":"Deutsch lernen in Lugano in Privat-, Abend-, Online- oder Intensivkursen. Deutschkurse von A1 bis C2 mit kostenloser Einstufung!","og_url":"https:\/\/www.sprachschule-aktiv.ch\/deutsch-lernen-in-der-schweiz\/deutsch-lernen-in-lugano\/","og_site_name":"Deutsch lernen in der schweiz","article_modified_time":"2025-04-11T17:55:41+00:00","og_image":[{"width":500,"height":351,"url":"https:\/\/www.sprachschule-aktiv.ch\/deutsch-lernen-in-der-schweiz\/wp-content\/uploads\/2022\/06\/deutsch-lernen-in-lugano.webp","type":"image\/webp"}],"twitter_card":"summary_large_image","twitter_misc":{"Gesch\u00e4tzte Lesezeit":"5\u00a0Minuten"},"schema":{"@context":"https:\/\/schema.org","@graph":[{"@type":"WebPage","@id":"https:\/\/www.sprachschule-aktiv.ch\/deutsch-lernen-in-der-schweiz\/deutsch-lernen-in-lugano\/","url":"https:\/\/www.sprachschule-aktiv.ch\/deutsch-lernen-in-der-schweiz\/deutsch-lernen-in-lugano\/","name":"Deutsch lernen in Lugano - Sprachschule Aktiv","isPartOf":{"@id":"https:\/\/www.sprachschule-aktiv.ch\/deutsch-lernen-in-der-schweiz\/#website"},"primaryImageOfPage":{"@id":"https:\/\/www.sprachschule-aktiv.ch\/deutsch-lernen-in-der-schweiz\/deutsch-lernen-in-lugano\/#primaryimage"},"image":{"@id":"https:\/\/www.sprachschule-aktiv.ch\/deutsch-lernen-in-der-schweiz\/deutsch-lernen-in-lugano\/#primaryimage"},"thumbnailUrl":"https:\/\/www.sprachschule-aktiv.ch\/deutsch-lernen-in-der-schweiz\/wp-content\/uploads\/2022\/06\/deutsch-lernen-in-lugano.webp","datePublished":"2022-06-08T04:19:52+00:00","dateModified":"2025-04-11T17:55:41+00:00","description":"Deutsch lernen in Lugano in Privat-, Abend-, Online- oder Intensivkursen. Deutschkurse von A1 bis C2 mit kostenloser Einstufung!","breadcrumb":{"@id":"https:\/\/www.sprachschule-aktiv.ch\/deutsch-lernen-in-der-schweiz\/deutsch-lernen-in-lugano\/#breadcrumb"},"inLanguage":"de","potentialAction":[{"@type":"ReadAction","target":["https:\/\/www.sprachschule-aktiv.ch\/deutsch-lernen-in-der-schweiz\/deutsch-lernen-in-lugano\/"]}]},{"@type":"ImageObject","inLanguage":"de","@id":"https:\/\/www.sprachschule-aktiv.ch\/deutsch-lernen-in-der-schweiz\/deutsch-lernen-in-lugano\/#primaryimage","url":"https:\/\/www.sprachschule-aktiv.ch\/deutsch-lernen-in-der-schweiz\/wp-content\/uploads\/2022\/06\/deutsch-lernen-in-lugano.webp","contentUrl":"https:\/\/www.sprachschule-aktiv.ch\/deutsch-lernen-in-der-schweiz\/wp-content\/uploads\/2022\/06\/deutsch-lernen-in-lugano.webp","width":500,"height":351,"caption":"Deutsch lernen in Lugano - Deutschkurse in der Schweiz"},{"@type":"BreadcrumbList","@id":"https:\/\/www.sprachschule-aktiv.ch\/deutsch-lernen-in-der-schweiz\/deutsch-lernen-in-lugano\/#breadcrumb","itemListElement":[{"@type":"ListItem","position":1,"name":"Startseite","item":"https:\/\/www.sprachschule-aktiv.ch\/deutsch-lernen-in-der-schweiz\/"},{"@type":"ListItem","position":2,"name":"Deutsch lernen in Lugano &#8211; Deutschkurse &#8211; Sprachschule"}]},{"@type":"WebSite","@id":"https:\/\/www.sprachschule-aktiv.ch\/deutsch-lernen-in-der-schweiz\/#website","url":"https:\/\/www.sprachschule-aktiv.ch\/deutsch-lernen-in-der-schweiz\/","name":"Deutsch lernen in der schweiz","description":"","potentialAction":[{"@type":"SearchAction","target":{"@type":"EntryPoint","urlTemplate":"https:\/\/www.sprachschule-aktiv.ch\/deutsch-lernen-in-der-schweiz\/?s={search_term_string}"},"query-input":{"@type":"PropertyValueSpecification","valueRequired":true,"valueName":"search_term_string"}}],"inLanguage":"de"}]}},"_links":{"self":[{"href":"https:\/\/www.sprachschule-aktiv.ch\/deutsch-lernen-in-der-schweiz\/wp-json\/wp\/v2\/pages\/396","targetHints":{"allow":["GET"]}}],"collection":[{"href":"https:\/\/www.sprachschule-aktiv.ch\/deutsch-lernen-in-der-schweiz\/wp-json\/wp\/v2\/pages"}],"about":[{"href":"https:\/\/www.sprachschule-aktiv.ch\/deutsch-lernen-in-der-schweiz\/wp-json\/wp\/v2\/types\/page"}],"author":[{"embeddable":true,"href":"https:\/\/www.sprachschule-aktiv.ch\/deutsch-lernen-in-der-schweiz\/wp-json\/wp\/v2\/users\/2"}],"replies":[{"embeddable":true,"href":"https:\/\/www.sprachschule-aktiv.ch\/deutsch-lernen-in-der-schweiz\/wp-json\/wp\/v2\/comments?post=396"}],"version-history":[{"count":2,"href":"https:\/\/www.sprachschule-aktiv.ch\/deutsch-lernen-in-der-schweiz\/wp-json\/wp\/v2\/pages\/396\/revisions"}],"predecessor-version":[{"id":782,"href":"https:\/\/www.sprachschule-aktiv.ch\/deutsch-lernen-in-der-schweiz\/wp-json\/wp\/v2\/pages\/396\/revisions\/782"}],"wp:attachment":[{"href":"https:\/\/www.sprachschule-aktiv.ch\/deutsch-lernen-in-der-schweiz\/wp-json\/wp\/v2\/media?parent=396"}],"curies":[{"name":"wp","href":"https:\/\/api.w.org\/{rel}","templated":true}]}}