{"id":387,"date":"2022-06-07T07:07:32","date_gmt":"2022-06-07T05:07:32","guid":{"rendered":"https:\/\/www.sprachschule-aktiv.ch\/deutsch-lernen-in-der-schweiz\/?page_id=387"},"modified":"2025-04-11T19:56:30","modified_gmt":"2025-04-11T17:56:30","slug":"deutsch-lernen-in-st-gallen","status":"publish","type":"page","link":"https:\/\/www.sprachschule-aktiv.ch\/deutsch-lernen-in-der-schweiz\/deutsch-lernen-in-st-gallen\/","title":{"rendered":"Deutsch lernen in St. Gallen &#8211; Sprachschule f\u00fcr Deutschkurse"},"content":{"rendered":"<p>Deutsch lernen in St. Gallen mit kostenloser Probestunde! Sprachschule f\u00fcr Deutschkurse f\u00fcr alle Niveaus von A1 bis C2.<\/p>\n<p>Deutsch lernen in St. Gallen ist eine gute Idee, denn Deutschkenntnisse sind f\u00fcr das Leben in der Schweiz unverzichtbar. Die Sprachschule Aktiv in St. Gallen bietet Ihnen verschiedene Kurse zu g\u00fcnstigen Preisen an. Sie haben die Wahl zwischen klassischen Abendkursen, schnellen Intensivkursen oder individuellem Privatunterricht.<\/p>\n<img loading=\"lazy\" decoding=\"async\" class=\"alignnone wp-image-391 size-large\" src=\"https:\/\/www.sprachschule-aktiv.ch\/deutsch-lernen-in-der-schweiz\/wp-content\/uploads\/2022\/06\/deutschkurs-st-galle-1024x576.webp\" alt=\"Deutschkurse in St. Gallen\" width=\"1024\" height=\"576\" srcset=\"https:\/\/www.sprachschule-aktiv.ch\/deutsch-lernen-in-der-schweiz\/wp-content\/uploads\/2022\/06\/deutschkurs-st-galle-1024x576.webp 1024w, https:\/\/www.sprachschule-aktiv.ch\/deutsch-lernen-in-der-schweiz\/wp-content\/uploads\/2022\/06\/deutschkurs-st-galle-300x169.webp 300w, https:\/\/www.sprachschule-aktiv.ch\/deutsch-lernen-in-der-schweiz\/wp-content\/uploads\/2022\/06\/deutschkurs-st-galle-768x432.webp 768w, https:\/\/www.sprachschule-aktiv.ch\/deutsch-lernen-in-der-schweiz\/wp-content\/uploads\/2022\/06\/deutschkurs-st-galle.webp 1280w\" sizes=\"auto, (max-width: 1024px) 100vw, 1024px\" \/>\n<h2>Deutschkurs in St. Gallen &#8211; Anf\u00e4nger und Fortgeschrittene sind willkommen<\/h2>\n<p>Die Sprachschule Aktiv in St. Gallen zeichnet sich durch ein breites Spektrum an unterschiedlichen Kursen aus. Diese stehen sowohl Anf\u00e4ngern als auch Fortgeschrittenen offen. Die Anf\u00e4ngerkurse sind mit A1 bezeichnet, diese k\u00f6nnen Sie ohne Vorkenntnisse besuchen. Fortgeschrittene nehmen an den Kursen A2 bis C2 teil. Die Kursinhalte sind im gemeinsamen Referenzrahmen f\u00fcr Fremdsprachen festgelegt. Der Wechsel von einer anderen Sprachschule ist kein Problem,<br \/>\nSollten Sie Ihre Sprachkenntnisse auf anderem Weg erworben haben, empfehlen wir Ihnen unseren Einstufungstest. Dieser liegt f\u00fcr Deutsch und einigen weiteren Sprachen auf unserer Internetseite vor. Sie m\u00fcssen also nicht unsere R\u00e4ume aufsuchen, sondern k\u00f6nnen den Test einfach zu Hause durchf\u00fchren.<\/p>\n<a href=\"https:\/\/www.sprachschule-aktiv.ch\/deutsch-lernen-in-der-schweiz\/kontakt\/\"><img loading=\"lazy\" decoding=\"async\" class=\"alignnone wp-image-972 size-full\" title=\"Schnelle Anfrage - Deutschkurs Z\u00fcrich\" src=\"https:\/\/www.sprachschule-aktiv.ch\/wp-content\/uploads\/2017\/03\/boton-schnelle-anfrage.png\" alt=\"Schnelle Anfrage - Deutschkurs Z\u00fcrich\" width=\"220\" height=\"65\" \/><\/a>\n<h2>Deutsch-Abendkurse in St. Gallen<\/h2>\n<p>F\u00fcr Sprachinteressierte, welche die Deutschkenntnisse nicht sofort ben\u00f6tigen, ist ein Abendkurs optimal. Dieser findet einmal in der Woche wahlweise in St. Gallen oder im Internet statt. Sie treffen sich in einer kleinen Gruppe von maximal zehn Teilnehmern. Durch die kleine Gruppe haben Sie oft Gelegenheit, sich am Unterricht zu beteiligen und Deutsch zu sprechen.<br \/>\n<strong>Der Preis f\u00fcr einen Deutsch-Abendkurs:<\/strong> Abendkurs: 350 CHF + 50 CHF Kursmaterial<br \/>\n<strong>Kursdauer:<\/strong> Bei einem Abend in der Woche 12 Wochen<br \/>\n<strong>Beginn:<\/strong> am ersten Montag im Monat<br \/>\n<strong>Termine:<\/strong> jeden Montag von 19:00 bis 20:30 Uhr<\/p>\n<a href=\"https:\/\/www.sprachschule-aktiv.ch\/deutsch-lernen-in-der-schweiz\/anmeldung\/\"><img loading=\"lazy\" decoding=\"async\" class=\"alignnone size-full wp-image-233\" src=\"https:\/\/www.sprachschule-aktiv.ch\/deutsch-lernen-in-der-schweiz\/wp-content\/uploads\/2022\/04\/jetzt-deutschkurs-buchen.webp\" alt=\"Jetzt Deutschkurs buchen\" width=\"239\" height=\"62\" \/><\/a>\n<h2>Deutsch-Intensivkurse in St. Gallen<\/h2>\n<p>Unsere Intensivkurse sind f\u00fcr Teilnehmer gedacht, die Deutschkenntnisse f\u00fcr das Studium oder die Berufsaus\u00fcbung ben\u00f6tigen. Sie haben von Montag bis Freitag am Vormittag Unterricht. Je nach Zielsetzung besch\u00e4ftigen Sie sich mehrere Wochen oder Monate mit der Sprache und erzielen schon nach kurzer Zeit bedeutende Fortschritte. W\u00e4hrend des Kurses bereiten wir Sie auch auf die Telc-Pr\u00fcfung vor.<br \/>\n<strong>Die Kosten f\u00fcr einen Intensivkurs in St. Gallen:<\/strong><br \/>\nIntensivkurs Deutsch 4 Wochen: 790 CHF<br \/>\nIntensivkurs Deutsch 3 Wochen: 675 CHF<br \/>\nIntensivkurs Deutsch 2 Wochen: 580 CHF<br \/>\nIntensivkurs Deutsch 1 Woche: 395 CHF<br \/>\nIntensivkurs Fremdsprache 4 Wochen: 990 CHF<br \/>\nIntensivkurs Fremdsprache 3 Wochen: 750 CHF<br \/>\nIntensivkurs Fremdsprache 2 Wochen: 580 CHF<br \/>\nIntensivkurs Fremdsprache 1 Woche: 370 CHF<br \/>\n<strong>Beginn:<\/strong> am ersten Montag im Monat<br \/>\n<strong>Termine:<\/strong> Montag bis Freitag von 9:00 bis 12:00 Uhr<\/p>\n<a href=\"https:\/\/www.sprachschule-aktiv.ch\/deutsch-lernen-in-der-schweiz\/anmeldung\/\"><img loading=\"lazy\" decoding=\"async\" class=\"alignnone size-full wp-image-233\" src=\"https:\/\/www.sprachschule-aktiv.ch\/deutsch-lernen-in-der-schweiz\/wp-content\/uploads\/2022\/04\/jetzt-deutschkurs-buchen.webp\" alt=\"Jetzt Deutschkurs buchen\" width=\"239\" height=\"62\" \/><\/a>\n<h2>Deutsch-Privatunterricht in St. Gallen<\/h2>\n<p>Privatunterricht k\u00f6nnen Sie einmal oder mehrmals in der Woche buchen. Unsere Lehrkr\u00e4fte kommen zu Ihnen nach Hause oder treffen sich mit Ihnen online im virtuellen Klassenzimmer. Sie bestimmen die Unterrichtsinhalte und die Lerngeschwindigkeit. Je mehr Stunden Sie buchen, desto g\u00fcnstiger wird der Kurs.<br \/>\nDie Kosten f\u00fcr Deutsch-Privatunterricht in St. Gallen<br \/>\nBis 10 Stunden: 60 CHF\/Stunde<br \/>\nAb 20 Stunden: 58 CHF\/Stunde<br \/>\nAb 30 Stunden: 50 CHF\/Stunde<\/p>\n<a href=\"https:\/\/www.sprachschule-aktiv.ch\/deutsch-lernen-in-der-schweiz\/anmeldung\/\"><img loading=\"lazy\" decoding=\"async\" class=\"alignnone size-full wp-image-233\" src=\"https:\/\/www.sprachschule-aktiv.ch\/deutsch-lernen-in-der-schweiz\/wp-content\/uploads\/2022\/04\/jetzt-deutschkurs-buchen.webp\" alt=\"Jetzt Deutschkurs buchen\" width=\"239\" height=\"62\" \/><\/a>\n<h2>Den Unterricht in St. Gallen erteilen Muttersprachler mit p\u00e4dagogischer Hochschulausbildung<\/h2>\n<p>Die Anspr\u00fcche an unsere Lehrkr\u00e4fte sind sehr hoch. Nur wer eine p\u00e4dagogische Hochschulausbildung nachweisen kann und Muttersprachler ist, bekommt eine Anstellung bei der Sprachschule Aktiv in St. Gallen. Selbstverst\u00e4ndlich sind unsere Lehrkr\u00e4fte freundlich und helfen Ihnen bei allen Problemen weiter.<\/p>\n<h2>Lassen Sie sich von unserem Service und Support \u00fcberzeugen<\/h2>\n<p>Bei dem Erlernen Ihrer Sprache unterst\u00fctzen Sie unsere Lehrkr\u00e4fte und Mitarbeiter nach Kr\u00e4ften. Falls Sie noch nicht sicher sind, ob Sie einen Deutschkurs in St. Gallen besuchen sollen, melden Sie sich doch einfach ohne Risiko zu einer Probestunde an. Sie k\u00f6nnen sich nach der ersten Stunde wieder abmelden, wenn Sie mit dem Kurs nicht zufrieden sein sollten. Selbstverst\u00e4ndlich erstatten wir Ihnen das Geld f\u00fcr bereits bezahlte Stunden zur\u00fcck.<\/p>\n<p><iframe loading=\"lazy\" title=\"YouTube video player\" src=\"https:\/\/www.youtube.com\/embed\/JOvJI8b4z_E\" width=\"560\" height=\"315\" frameborder=\"0\" allowfullscreen=\"allowfullscreen\"><\/iframe><\/p>\n","protected":false},"excerpt":{"rendered":"<p>Deutsch lernen in St. Gallen mit kostenloser Probestunde! Sprachschule f\u00fcr Deutschkurse f\u00fcr alle Niveaus von A1 bis C2. Deutsch lernen in St. Gallen ist eine gute Idee, denn Deutschkenntnisse sind f\u00fcr das Leben in der Schweiz unverzichtbar. Die Sprachschule Aktiv in St. Gallen bietet Ihnen verschiedene Kurse zu g\u00fcnstigen Preisen an. Sie haben die Wahl&hellip; <a class=\"read-more\" href=\"https:\/\/www.sprachschule-aktiv.ch\/deutsch-lernen-in-der-schweiz\/deutsch-lernen-in-st-gallen\/\" title=\"Read Deutsch lernen in St. Gallen &#8211; Sprachschule f\u00fcr Deutschkurse\">Read more &raquo;<\/a><\/p>\n","protected":false},"author":2,"featured_media":0,"parent":0,"menu_order":0,"comment_status":"closed","ping_status":"closed","template":"","meta":{"footnotes":""},"class_list":["post-387","page","type-page","status-publish","hentry"],"yoast_head":"<!-- This site is optimized with the Yoast SEO plugin v27.1.1 - https:\/\/yoast.com\/product\/yoast-seo-wordpress\/ -->\n<title>Deutsch lernen in St. Gallen - Sprachschule - Deutschkurse<\/title>\n<meta name=\"description\" content=\"Deutsch lernen in St. Gallen in der Sprachschule Aktiv. Deutschkurse von A1 bis C2 vor Ort oder Online. Auch telc Vorbereitungskurse!\" \/>\n<meta name=\"robots\" content=\"index, follow, max-snippet:-1, max-image-preview:large, max-video-preview:-1\" \/>\n<link rel=\"canonical\" href=\"https:\/\/www.sprachschule-aktiv.ch\/deutsch-lernen-in-der-schweiz\/deutsch-lernen-in-st-gallen\/\" \/>\n<meta property=\"og:locale\" content=\"de_DE\" \/>\n<meta property=\"og:type\" content=\"article\" \/>\n<meta property=\"og:title\" content=\"Deutsch lernen in St. Gallen - Sprachschule - Deutschkurse\" \/>\n<meta property=\"og:description\" content=\"Deutsch lernen in St. Gallen in der Sprachschule Aktiv. Deutschkurse von A1 bis C2 vor Ort oder Online. Auch telc Vorbereitungskurse!\" \/>\n<meta property=\"og:url\" content=\"https:\/\/www.sprachschule-aktiv.ch\/deutsch-lernen-in-der-schweiz\/deutsch-lernen-in-st-gallen\/\" \/>\n<meta property=\"og:site_name\" content=\"Deutsch lernen in der schweiz\" \/>\n<meta property=\"article:modified_time\" content=\"2025-04-11T17:56:30+00:00\" \/>\n<meta property=\"og:image\" content=\"https:\/\/www.sprachschule-aktiv.ch\/deutsch-lernen-in-der-schweiz\/wp-content\/uploads\/2022\/06\/deutschkurs-st-galle.webp\" \/>\n\t<meta property=\"og:image:width\" content=\"1280\" \/>\n\t<meta property=\"og:image:height\" content=\"720\" \/>\n\t<meta property=\"og:image:type\" content=\"image\/webp\" \/>\n<meta name=\"twitter:card\" content=\"summary_large_image\" \/>\n<meta name=\"twitter:label1\" content=\"Gesch\u00e4tzte Lesezeit\" \/>\n\t<meta name=\"twitter:data1\" content=\"5\u00a0Minuten\" \/>\n<script type=\"application\/ld+json\" class=\"yoast-schema-graph\">{\"@context\":\"https:\/\/schema.org\",\"@graph\":[{\"@type\":\"WebPage\",\"@id\":\"https:\/\/www.sprachschule-aktiv.ch\/deutsch-lernen-in-der-schweiz\/deutsch-lernen-in-st-gallen\/\",\"url\":\"https:\/\/www.sprachschule-aktiv.ch\/deutsch-lernen-in-der-schweiz\/deutsch-lernen-in-st-gallen\/\",\"name\":\"Deutsch lernen in St. Gallen - Sprachschule - Deutschkurse\",\"isPartOf\":{\"@id\":\"https:\/\/www.sprachschule-aktiv.ch\/deutsch-lernen-in-der-schweiz\/#website\"},\"primaryImageOfPage\":{\"@id\":\"https:\/\/www.sprachschule-aktiv.ch\/deutsch-lernen-in-der-schweiz\/deutsch-lernen-in-st-gallen\/#primaryimage\"},\"image\":{\"@id\":\"https:\/\/www.sprachschule-aktiv.ch\/deutsch-lernen-in-der-schweiz\/deutsch-lernen-in-st-gallen\/#primaryimage\"},\"thumbnailUrl\":\"https:\/\/www.sprachschule-aktiv.ch\/deutsch-lernen-in-der-schweiz\/wp-content\/uploads\/2022\/06\/deutschkurs-st-galle-1024x576.webp\",\"datePublished\":\"2022-06-07T05:07:32+00:00\",\"dateModified\":\"2025-04-11T17:56:30+00:00\",\"description\":\"Deutsch lernen in St. Gallen in der Sprachschule Aktiv. Deutschkurse von A1 bis C2 vor Ort oder Online. Auch telc Vorbereitungskurse!\",\"breadcrumb\":{\"@id\":\"https:\/\/www.sprachschule-aktiv.ch\/deutsch-lernen-in-der-schweiz\/deutsch-lernen-in-st-gallen\/#breadcrumb\"},\"inLanguage\":\"de\",\"potentialAction\":[{\"@type\":\"ReadAction\",\"target\":[\"https:\/\/www.sprachschule-aktiv.ch\/deutsch-lernen-in-der-schweiz\/deutsch-lernen-in-st-gallen\/\"]}]},{\"@type\":\"ImageObject\",\"inLanguage\":\"de\",\"@id\":\"https:\/\/www.sprachschule-aktiv.ch\/deutsch-lernen-in-der-schweiz\/deutsch-lernen-in-st-gallen\/#primaryimage\",\"url\":\"https:\/\/www.sprachschule-aktiv.ch\/deutsch-lernen-in-der-schweiz\/wp-content\/uploads\/2022\/06\/deutschkurs-st-galle-1024x576.webp\",\"contentUrl\":\"https:\/\/www.sprachschule-aktiv.ch\/deutsch-lernen-in-der-schweiz\/wp-content\/uploads\/2022\/06\/deutschkurs-st-galle-1024x576.webp\"},{\"@type\":\"BreadcrumbList\",\"@id\":\"https:\/\/www.sprachschule-aktiv.ch\/deutsch-lernen-in-der-schweiz\/deutsch-lernen-in-st-gallen\/#breadcrumb\",\"itemListElement\":[{\"@type\":\"ListItem\",\"position\":1,\"name\":\"Startseite\",\"item\":\"https:\/\/www.sprachschule-aktiv.ch\/deutsch-lernen-in-der-schweiz\/\"},{\"@type\":\"ListItem\",\"position\":2,\"name\":\"Deutsch lernen in St. Gallen &#8211; Sprachschule f\u00fcr Deutschkurse\"}]},{\"@type\":\"WebSite\",\"@id\":\"https:\/\/www.sprachschule-aktiv.ch\/deutsch-lernen-in-der-schweiz\/#website\",\"url\":\"https:\/\/www.sprachschule-aktiv.ch\/deutsch-lernen-in-der-schweiz\/\",\"name\":\"Deutsch lernen in der schweiz\",\"description\":\"\",\"potentialAction\":[{\"@type\":\"SearchAction\",\"target\":{\"@type\":\"EntryPoint\",\"urlTemplate\":\"https:\/\/www.sprachschule-aktiv.ch\/deutsch-lernen-in-der-schweiz\/?s={search_term_string}\"},\"query-input\":{\"@type\":\"PropertyValueSpecification\",\"valueRequired\":true,\"valueName\":\"search_term_string\"}}],\"inLanguage\":\"de\"}]}<\/script>\n<!-- \/ Yoast SEO plugin. -->","yoast_head_json":{"title":"Deutsch lernen in St. Gallen - Sprachschule - Deutschkurse","description":"Deutsch lernen in St. Gallen in der Sprachschule Aktiv. Deutschkurse von A1 bis C2 vor Ort oder Online. Auch telc Vorbereitungskurse!","robots":{"index":"index","follow":"follow","max-snippet":"max-snippet:-1","max-image-preview":"max-image-preview:large","max-video-preview":"max-video-preview:-1"},"canonical":"https:\/\/www.sprachschule-aktiv.ch\/deutsch-lernen-in-der-schweiz\/deutsch-lernen-in-st-gallen\/","og_locale":"de_DE","og_type":"article","og_title":"Deutsch lernen in St. Gallen - Sprachschule - Deutschkurse","og_description":"Deutsch lernen in St. Gallen in der Sprachschule Aktiv. Deutschkurse von A1 bis C2 vor Ort oder Online. Auch telc Vorbereitungskurse!","og_url":"https:\/\/www.sprachschule-aktiv.ch\/deutsch-lernen-in-der-schweiz\/deutsch-lernen-in-st-gallen\/","og_site_name":"Deutsch lernen in der schweiz","article_modified_time":"2025-04-11T17:56:30+00:00","og_image":[{"width":1280,"height":720,"url":"https:\/\/www.sprachschule-aktiv.ch\/deutsch-lernen-in-der-schweiz\/wp-content\/uploads\/2022\/06\/deutschkurs-st-galle.webp","type":"image\/webp"}],"twitter_card":"summary_large_image","twitter_misc":{"Gesch\u00e4tzte Lesezeit":"5\u00a0Minuten"},"schema":{"@context":"https:\/\/schema.org","@graph":[{"@type":"WebPage","@id":"https:\/\/www.sprachschule-aktiv.ch\/deutsch-lernen-in-der-schweiz\/deutsch-lernen-in-st-gallen\/","url":"https:\/\/www.sprachschule-aktiv.ch\/deutsch-lernen-in-der-schweiz\/deutsch-lernen-in-st-gallen\/","name":"Deutsch lernen in St. Gallen - Sprachschule - Deutschkurse","isPartOf":{"@id":"https:\/\/www.sprachschule-aktiv.ch\/deutsch-lernen-in-der-schweiz\/#website"},"primaryImageOfPage":{"@id":"https:\/\/www.sprachschule-aktiv.ch\/deutsch-lernen-in-der-schweiz\/deutsch-lernen-in-st-gallen\/#primaryimage"},"image":{"@id":"https:\/\/www.sprachschule-aktiv.ch\/deutsch-lernen-in-der-schweiz\/deutsch-lernen-in-st-gallen\/#primaryimage"},"thumbnailUrl":"https:\/\/www.sprachschule-aktiv.ch\/deutsch-lernen-in-der-schweiz\/wp-content\/uploads\/2022\/06\/deutschkurs-st-galle-1024x576.webp","datePublished":"2022-06-07T05:07:32+00:00","dateModified":"2025-04-11T17:56:30+00:00","description":"Deutsch lernen in St. Gallen in der Sprachschule Aktiv. Deutschkurse von A1 bis C2 vor Ort oder Online. Auch telc Vorbereitungskurse!","breadcrumb":{"@id":"https:\/\/www.sprachschule-aktiv.ch\/deutsch-lernen-in-der-schweiz\/deutsch-lernen-in-st-gallen\/#breadcrumb"},"inLanguage":"de","potentialAction":[{"@type":"ReadAction","target":["https:\/\/www.sprachschule-aktiv.ch\/deutsch-lernen-in-der-schweiz\/deutsch-lernen-in-st-gallen\/"]}]},{"@type":"ImageObject","inLanguage":"de","@id":"https:\/\/www.sprachschule-aktiv.ch\/deutsch-lernen-in-der-schweiz\/deutsch-lernen-in-st-gallen\/#primaryimage","url":"https:\/\/www.sprachschule-aktiv.ch\/deutsch-lernen-in-der-schweiz\/wp-content\/uploads\/2022\/06\/deutschkurs-st-galle-1024x576.webp","contentUrl":"https:\/\/www.sprachschule-aktiv.ch\/deutsch-lernen-in-der-schweiz\/wp-content\/uploads\/2022\/06\/deutschkurs-st-galle-1024x576.webp"},{"@type":"BreadcrumbList","@id":"https:\/\/www.sprachschule-aktiv.ch\/deutsch-lernen-in-der-schweiz\/deutsch-lernen-in-st-gallen\/#breadcrumb","itemListElement":[{"@type":"ListItem","position":1,"name":"Startseite","item":"https:\/\/www.sprachschule-aktiv.ch\/deutsch-lernen-in-der-schweiz\/"},{"@type":"ListItem","position":2,"name":"Deutsch lernen in St. Gallen &#8211; Sprachschule f\u00fcr Deutschkurse"}]},{"@type":"WebSite","@id":"https:\/\/www.sprachschule-aktiv.ch\/deutsch-lernen-in-der-schweiz\/#website","url":"https:\/\/www.sprachschule-aktiv.ch\/deutsch-lernen-in-der-schweiz\/","name":"Deutsch lernen in der schweiz","description":"","potentialAction":[{"@type":"SearchAction","target":{"@type":"EntryPoint","urlTemplate":"https:\/\/www.sprachschule-aktiv.ch\/deutsch-lernen-in-der-schweiz\/?s={search_term_string}"},"query-input":{"@type":"PropertyValueSpecification","valueRequired":true,"valueName":"search_term_string"}}],"inLanguage":"de"}]}},"_links":{"self":[{"href":"https:\/\/www.sprachschule-aktiv.ch\/deutsch-lernen-in-der-schweiz\/wp-json\/wp\/v2\/pages\/387","targetHints":{"allow":["GET"]}}],"collection":[{"href":"https:\/\/www.sprachschule-aktiv.ch\/deutsch-lernen-in-der-schweiz\/wp-json\/wp\/v2\/pages"}],"about":[{"href":"https:\/\/www.sprachschule-aktiv.ch\/deutsch-lernen-in-der-schweiz\/wp-json\/wp\/v2\/types\/page"}],"author":[{"embeddable":true,"href":"https:\/\/www.sprachschule-aktiv.ch\/deutsch-lernen-in-der-schweiz\/wp-json\/wp\/v2\/users\/2"}],"replies":[{"embeddable":true,"href":"https:\/\/www.sprachschule-aktiv.ch\/deutsch-lernen-in-der-schweiz\/wp-json\/wp\/v2\/comments?post=387"}],"version-history":[{"count":2,"href":"https:\/\/www.sprachschule-aktiv.ch\/deutsch-lernen-in-der-schweiz\/wp-json\/wp\/v2\/pages\/387\/revisions"}],"predecessor-version":[{"id":784,"href":"https:\/\/www.sprachschule-aktiv.ch\/deutsch-lernen-in-der-schweiz\/wp-json\/wp\/v2\/pages\/387\/revisions\/784"}],"wp:attachment":[{"href":"https:\/\/www.sprachschule-aktiv.ch\/deutsch-lernen-in-der-schweiz\/wp-json\/wp\/v2\/media?parent=387"}],"curies":[{"name":"wp","href":"https:\/\/api.w.org\/{rel}","templated":true}]}}