{"id":382,"date":"2022-06-06T06:48:26","date_gmt":"2022-06-06T04:48:26","guid":{"rendered":"https:\/\/www.sprachschule-aktiv.ch\/deutsch-lernen-in-der-schweiz\/?page_id=382"},"modified":"2025-04-11T19:56:05","modified_gmt":"2025-04-11T17:56:05","slug":"deutsch-lernen-in-luzern","status":"publish","type":"page","link":"https:\/\/www.sprachschule-aktiv.ch\/deutsch-lernen-in-der-schweiz\/deutsch-lernen-in-luzern\/","title":{"rendered":"Deutsch lernen in Luzern &#8211; Deutschkurs A1 A2 B1 B2 C1 C2"},"content":{"rendered":"<p>Deutsch lernen in Luzern ist kein Problem mit dem richtigen Sprachkurs. Wir von der Sprachschule Aktiv in Luzern unterst\u00fctzen Sie mit verschiedenen Angeboten. Sie haben die Wahl zwischen Einzelunterricht, Abend- und Intensivkursen. Deutschkurse f\u00fcr alle Sprachniveaus von A1 bis C2.<\/p>\n<img loading=\"lazy\" decoding=\"async\" class=\"alignnone wp-image-383 size-full\" src=\"https:\/\/www.sprachschule-aktiv.ch\/deutsch-lernen-in-der-schweiz\/wp-content\/uploads\/2022\/06\/deutschkurse-in-luzern.webp\" alt=\"Deutschkurse in Luzern - A1 bis C2\" width=\"500\" height=\"351\" srcset=\"https:\/\/www.sprachschule-aktiv.ch\/deutsch-lernen-in-der-schweiz\/wp-content\/uploads\/2022\/06\/deutschkurse-in-luzern.webp 500w, https:\/\/www.sprachschule-aktiv.ch\/deutsch-lernen-in-der-schweiz\/wp-content\/uploads\/2022\/06\/deutschkurse-in-luzern-300x211.webp 300w\" sizes=\"auto, (max-width: 500px) 100vw, 500px\" \/>\n<h2>Deutsch lernen in Luzern &#8211; Deutschkurse f\u00fcr Anf\u00e4nger und Fortgeschrittene<\/h2>\n<p>Mit der Sprachschule Aktiv in Luzern lernen Sie Deutsch bis zum gew\u00fcnschten Niveau. Der Europ\u00e4ische Referenzrahmen f\u00fcr Fremdsprachen teilt die Sprachf\u00e4higkeit in 6 Stufen ein. Als Anf\u00e4nger beginnen sie mit der Stufe A1, nach erfolgreicher Absolvierung setzen Sie die Ausbildung mit der Stufe A2 fort. Wenn Sie es w\u00fcnschen, erreichen Sie die Stufe C2, was die perfekte Sprachbeherrschung bedeutet.<br \/>\nFalls Sie von einer anderen Sprachschule zur Sprachschule Aktiv in Luzern wechseln, ist die richtige Einstufung kein Problem. Sollte das nicht der Fall sein, nutzen Sie einfach unseren Einstufungstest auf der Internetseite. Der Test dauert nur wenige Minuten und schon wissen Sie welcher Kurs der Richtige f\u00fcr Sie ist.<\/p>\n<a href=\"https:\/\/www.sprachschule-aktiv.ch\/deutsch-lernen-in-der-schweiz\/kontakt\/\"><img loading=\"lazy\" decoding=\"async\" class=\"alignnone wp-image-972 size-full\" title=\"Schnelle Anfrage - Deutschkurs Z\u00fcrich\" src=\"https:\/\/www.sprachschule-aktiv.ch\/wp-content\/uploads\/2017\/03\/boton-schnelle-anfrage.png\" alt=\"Schnelle Anfrage - Deutschkurs Z\u00fcrich\" width=\"220\" height=\"65\" \/><\/a>\n<h2>Unsere Deutschkurse in Luzern finden in kleinen Gruppen statt<\/h2>\n<p>Bei einem Sprachkurs ist die richtige Betreuung sehr wichtig, deshalb betr\u00e4gt bei uns die Gruppenst\u00e4rke maximal 10 Teilnehmer. Sie haben w\u00e4hrend des Unterrichts in Luzern h\u00e4ufig Gelegenheit sich zu melden und sich am Unterricht zu beteiligen. Sie machen sehr schnelle Fortschritte und k\u00f6nnen sich bald auf Deutsch unterhalten.<\/p>\n<h2>Mit Abendkursen langsam und sicher zum Erfolg<\/h2>\n<p>Unsere Abendkurse sind der klassische Weg, um eine Sprache zu erlernen. Die Gruppe trifft sich einmal in der Woche in einer entspannten Atmosph\u00e4re. W\u00e4hrend der Gruppenkurse bleibt gen\u00fcgend Zeit, sich pers\u00f6nlich kennenzulernen und Freundschaften zu kn\u00fcpfen. Diese Kurse sind vor allen Dingen f\u00fcr Lernende gedacht, welche die Sprache f\u00fcr den n\u00e4chsten Urlaub ben\u00f6tigen.<\/p>\n<p><strong>Start:<\/strong> am ersten Donnerstag im Monat<br \/>\n<strong>Kosten:<\/strong> Abendkurs: 350 CHF + 50 CHF Kursmaterial<br \/>\n<strong>Dauer:<\/strong> 12 Wochen<br \/>\n<strong>Termine:<\/strong> jeden Donnerstag von 19:00 bis 20:30 Uhr<\/p>\n<a href=\"https:\/\/www.sprachschule-aktiv.ch\/deutsch-lernen-in-der-schweiz\/anmeldung\/\"><img loading=\"lazy\" decoding=\"async\" class=\"alignnone size-full wp-image-233\" src=\"https:\/\/www.sprachschule-aktiv.ch\/deutsch-lernen-in-der-schweiz\/wp-content\/uploads\/2022\/04\/jetzt-deutschkurs-buchen.webp\" alt=\"Jetzt Deutschkurs buchen\" width=\"239\" height=\"62\" \/><\/a>\n<h2>Mit Deutsch Intensivkursen in Luzern machen Sie schnelle Fortschritte<\/h2>\n<p>Ein Intensivkurs ist die richtige Wahl, wenn Sie die Sprache aus beruflichen Gr\u00fcnden lernen wollen. Da die Kurse von Montag bis Freitag in der Zeit zwischen 9:00 Uhr und 12:00 Uhr stattfinden, ist eine regelm\u00e4ssige Berufsaus\u00fcbung w\u00e4hrend dieser Zeit nicht m\u00f6glich und auch nicht sinnvoll. Sie sollen sich w\u00e4hrend dieser Zeit vollkommen auf das Erlernen der deutschen Sprache konzentrieren. Im Rahmen der Intensivkurse k\u00f6nnen Sie sich auch auf Deutschzertifikate, wie den Telc-Test oder den TestDaF vorbereiten.<\/p>\n<p><strong>Beginn:<\/strong> am ersten Montag im Monat<br \/>\n<strong>Termine:<\/strong> Montag bis Freitag von 9:00 bis 12:00 Uhr<br \/>\n<strong>Dauer:<\/strong> 1 bis 4 Wochen<br \/>\n<strong>Kosten:<\/strong><br \/>\nIntensivkurs Deutsch 4 Wochen: 790 CHF<br \/>\nIntensivkurs Deutsch 3 Wochen: 675 CHF<br \/>\nIntensivkurs Deutsch 2 Wochen: 580 CHF<br \/>\nIntensivkurs Deutsch 1 Woche: 395 CHF<br \/>\nIntensivkurs Fremdsprache 4 Wochen: 990 CHF<br \/>\nIntensivkurs Fremdsprache 3 Wochen: 750 CHF<br \/>\nIntensivkurs Fremdsprache 2 Wochen: 580 CHF<br \/>\nIntensivkurs Fremdsprache 1 Woche: 370 CHF<\/p>\n<a href=\"https:\/\/www.sprachschule-aktiv.ch\/deutsch-lernen-in-der-schweiz\/anmeldung\/\"><img loading=\"lazy\" decoding=\"async\" class=\"alignnone size-full wp-image-233\" src=\"https:\/\/www.sprachschule-aktiv.ch\/deutsch-lernen-in-der-schweiz\/wp-content\/uploads\/2022\/04\/jetzt-deutschkurs-buchen.webp\" alt=\"Jetzt Deutschkurs buchen\" width=\"239\" height=\"62\" \/><\/a>\n<h2>Ein Privatunterricht in Luzern bietet die beste Betreuung<\/h2>\n<p>Die Sprachschule Aktiv in Luzern hat eine grosse Kartei an Deutschlehrer, die Ihnen gerne Privatunterricht geben. Sie m\u00fcssen sich beim Privatunterricht mit keinem anderen Sch\u00fcler abstimmen. Die Unterrichtsinhalte, die H\u00e4ufigkeit des Unterrichts und die Zeiten bestimmen Sie. Die Lehrkraft kommt entweder zu Ihnen nach Hause oder trifft Sie im virtuellen Klassenzimmer im Internet.<br \/>\nDie H\u00f6he der Kosten k\u00f6nnen Sie selbst steuern. Je mehr Stunden Sie buchen, desto g\u00fcnstiger wird der Kurs f\u00fcr Sie.<\/p>\n<p><strong>Privatunterricht &#8211; Kosten pro Stunde:<\/strong><\/p>\n<p>Bis 19 Stunden: 60 CHF<br \/>\nAb 20 Stunden: 58 CHF<br \/>\nAb 30 Stunden: 50 CHF<\/p>\n<a href=\"https:\/\/www.sprachschule-aktiv.ch\/deutsch-lernen-in-der-schweiz\/anmeldung\/\"><img loading=\"lazy\" decoding=\"async\" class=\"alignnone size-full wp-image-233\" src=\"https:\/\/www.sprachschule-aktiv.ch\/deutsch-lernen-in-der-schweiz\/wp-content\/uploads\/2022\/04\/jetzt-deutschkurs-buchen.webp\" alt=\"Jetzt Deutschkurs buchen\" width=\"239\" height=\"62\" \/><\/a>\n<h2>Den Unterricht in Luzern erteilen nur Muttersprachler<\/h2>\n<p>Den Deutschunterricht in Luzern erteilen auf allen Niveaustufen nur Muttersprachler ohne Akzent. Sie haben eine p\u00e4dagogische Ausbildung, sind freundlich und hilfsbereit.<\/p>\n<h2>Testen Sie unsere Deutschkurse in Luzern unverbindlich<\/h2>\n<p>Sie k\u00f6nnen jeden Deutschkurs zun\u00e4chst in einer Probestunde testen. Sollten Sie mit dem Kurs nicht zufrieden sein, melden Sie sich einfach ab und Sie erhalten Ihr Geld zur\u00fcck.<\/p>\n<p><iframe loading=\"lazy\" title=\"YouTube video player\" src=\"https:\/\/www.youtube.com\/embed\/JOvJI8b4z_E\" width=\"560\" height=\"315\" frameborder=\"0\" allowfullscreen=\"allowfullscreen\"><\/iframe><\/p>\n","protected":false},"excerpt":{"rendered":"<p>Deutsch lernen in Luzern ist kein Problem mit dem richtigen Sprachkurs. Wir von der Sprachschule Aktiv in Luzern unterst\u00fctzen Sie mit verschiedenen Angeboten. Sie haben die Wahl zwischen Einzelunterricht, Abend- und Intensivkursen. Deutschkurse f\u00fcr alle Sprachniveaus von A1 bis C2. Deutsch lernen in Luzern &#8211; Deutschkurse f\u00fcr Anf\u00e4nger und Fortgeschrittene Mit der Sprachschule Aktiv in&hellip; <a class=\"read-more\" href=\"https:\/\/www.sprachschule-aktiv.ch\/deutsch-lernen-in-der-schweiz\/deutsch-lernen-in-luzern\/\" title=\"Read Deutsch lernen in Luzern &#8211; Deutschkurs A1 A2 B1 B2 C1 C2\">Read more &raquo;<\/a><\/p>\n","protected":false},"author":2,"featured_media":0,"parent":0,"menu_order":0,"comment_status":"closed","ping_status":"closed","template":"","meta":{"footnotes":""},"class_list":["post-382","page","type-page","status-publish","hentry"],"yoast_head":"<!-- This site is optimized with the Yoast SEO plugin v27.1.1 - https:\/\/yoast.com\/product\/yoast-seo-wordpress\/ -->\n<title>Deutsch lernen in Luzern - Deutschkurs A1 A2 B1 B2 C1 C2<\/title>\n<meta name=\"description\" content=\"Deutsch lernen in Luzern in Privat-, Online-, Abend- &amp; Intensivkursen mit gratis Probestunde &amp; Einstufung. Deutschkurs von A1 bis C2.\" \/>\n<meta name=\"robots\" content=\"index, follow, max-snippet:-1, max-image-preview:large, max-video-preview:-1\" \/>\n<link rel=\"canonical\" href=\"https:\/\/www.sprachschule-aktiv.ch\/deutsch-lernen-in-der-schweiz\/deutsch-lernen-in-luzern\/\" \/>\n<meta property=\"og:locale\" content=\"de_DE\" \/>\n<meta property=\"og:type\" content=\"article\" \/>\n<meta property=\"og:title\" content=\"Deutsch lernen in Luzern - Deutschkurs A1 A2 B1 B2 C1 C2\" \/>\n<meta property=\"og:description\" content=\"Deutsch lernen in Luzern in Privat-, Online-, Abend- &amp; Intensivkursen mit gratis Probestunde &amp; Einstufung. Deutschkurs von A1 bis C2.\" \/>\n<meta property=\"og:url\" content=\"https:\/\/www.sprachschule-aktiv.ch\/deutsch-lernen-in-der-schweiz\/deutsch-lernen-in-luzern\/\" \/>\n<meta property=\"og:site_name\" content=\"Deutsch lernen in der schweiz\" \/>\n<meta property=\"article:modified_time\" content=\"2025-04-11T17:56:05+00:00\" \/>\n<meta property=\"og:image\" content=\"https:\/\/www.sprachschule-aktiv.ch\/deutsch-lernen-in-der-schweiz\/wp-content\/uploads\/2022\/06\/deutschkurse-in-luzern.webp\" \/>\n\t<meta property=\"og:image:width\" content=\"500\" \/>\n\t<meta property=\"og:image:height\" content=\"351\" \/>\n\t<meta property=\"og:image:type\" content=\"image\/webp\" \/>\n<meta name=\"twitter:card\" content=\"summary_large_image\" \/>\n<meta name=\"twitter:label1\" content=\"Gesch\u00e4tzte Lesezeit\" \/>\n\t<meta name=\"twitter:data1\" content=\"5\u00a0Minuten\" \/>\n<script type=\"application\/ld+json\" class=\"yoast-schema-graph\">{\"@context\":\"https:\/\/schema.org\",\"@graph\":[{\"@type\":\"WebPage\",\"@id\":\"https:\/\/www.sprachschule-aktiv.ch\/deutsch-lernen-in-der-schweiz\/deutsch-lernen-in-luzern\/\",\"url\":\"https:\/\/www.sprachschule-aktiv.ch\/deutsch-lernen-in-der-schweiz\/deutsch-lernen-in-luzern\/\",\"name\":\"Deutsch lernen in Luzern - Deutschkurs A1 A2 B1 B2 C1 C2\",\"isPartOf\":{\"@id\":\"https:\/\/www.sprachschule-aktiv.ch\/deutsch-lernen-in-der-schweiz\/#website\"},\"primaryImageOfPage\":{\"@id\":\"https:\/\/www.sprachschule-aktiv.ch\/deutsch-lernen-in-der-schweiz\/deutsch-lernen-in-luzern\/#primaryimage\"},\"image\":{\"@id\":\"https:\/\/www.sprachschule-aktiv.ch\/deutsch-lernen-in-der-schweiz\/deutsch-lernen-in-luzern\/#primaryimage\"},\"thumbnailUrl\":\"https:\/\/www.sprachschule-aktiv.ch\/deutsch-lernen-in-der-schweiz\/wp-content\/uploads\/2022\/06\/deutschkurse-in-luzern.webp\",\"datePublished\":\"2022-06-06T04:48:26+00:00\",\"dateModified\":\"2025-04-11T17:56:05+00:00\",\"description\":\"Deutsch lernen in Luzern in Privat-, Online-, Abend- & Intensivkursen mit gratis Probestunde & Einstufung. Deutschkurs von A1 bis C2.\",\"breadcrumb\":{\"@id\":\"https:\/\/www.sprachschule-aktiv.ch\/deutsch-lernen-in-der-schweiz\/deutsch-lernen-in-luzern\/#breadcrumb\"},\"inLanguage\":\"de\",\"potentialAction\":[{\"@type\":\"ReadAction\",\"target\":[\"https:\/\/www.sprachschule-aktiv.ch\/deutsch-lernen-in-der-schweiz\/deutsch-lernen-in-luzern\/\"]}]},{\"@type\":\"ImageObject\",\"inLanguage\":\"de\",\"@id\":\"https:\/\/www.sprachschule-aktiv.ch\/deutsch-lernen-in-der-schweiz\/deutsch-lernen-in-luzern\/#primaryimage\",\"url\":\"https:\/\/www.sprachschule-aktiv.ch\/deutsch-lernen-in-der-schweiz\/wp-content\/uploads\/2022\/06\/deutschkurse-in-luzern.webp\",\"contentUrl\":\"https:\/\/www.sprachschule-aktiv.ch\/deutsch-lernen-in-der-schweiz\/wp-content\/uploads\/2022\/06\/deutschkurse-in-luzern.webp\",\"width\":500,\"height\":351,\"caption\":\"Deutschkurse in Luzern - A1 bis C2\"},{\"@type\":\"BreadcrumbList\",\"@id\":\"https:\/\/www.sprachschule-aktiv.ch\/deutsch-lernen-in-der-schweiz\/deutsch-lernen-in-luzern\/#breadcrumb\",\"itemListElement\":[{\"@type\":\"ListItem\",\"position\":1,\"name\":\"Startseite\",\"item\":\"https:\/\/www.sprachschule-aktiv.ch\/deutsch-lernen-in-der-schweiz\/\"},{\"@type\":\"ListItem\",\"position\":2,\"name\":\"Deutsch lernen in Luzern &#8211; Deutschkurs A1 A2 B1 B2 C1 C2\"}]},{\"@type\":\"WebSite\",\"@id\":\"https:\/\/www.sprachschule-aktiv.ch\/deutsch-lernen-in-der-schweiz\/#website\",\"url\":\"https:\/\/www.sprachschule-aktiv.ch\/deutsch-lernen-in-der-schweiz\/\",\"name\":\"Deutsch lernen in der schweiz\",\"description\":\"\",\"potentialAction\":[{\"@type\":\"SearchAction\",\"target\":{\"@type\":\"EntryPoint\",\"urlTemplate\":\"https:\/\/www.sprachschule-aktiv.ch\/deutsch-lernen-in-der-schweiz\/?s={search_term_string}\"},\"query-input\":{\"@type\":\"PropertyValueSpecification\",\"valueRequired\":true,\"valueName\":\"search_term_string\"}}],\"inLanguage\":\"de\"}]}<\/script>\n<!-- \/ Yoast SEO plugin. -->","yoast_head_json":{"title":"Deutsch lernen in Luzern - Deutschkurs A1 A2 B1 B2 C1 C2","description":"Deutsch lernen in Luzern in Privat-, Online-, Abend- & Intensivkursen mit gratis Probestunde & Einstufung. Deutschkurs von A1 bis C2.","robots":{"index":"index","follow":"follow","max-snippet":"max-snippet:-1","max-image-preview":"max-image-preview:large","max-video-preview":"max-video-preview:-1"},"canonical":"https:\/\/www.sprachschule-aktiv.ch\/deutsch-lernen-in-der-schweiz\/deutsch-lernen-in-luzern\/","og_locale":"de_DE","og_type":"article","og_title":"Deutsch lernen in Luzern - Deutschkurs A1 A2 B1 B2 C1 C2","og_description":"Deutsch lernen in Luzern in Privat-, Online-, Abend- & Intensivkursen mit gratis Probestunde & Einstufung. Deutschkurs von A1 bis C2.","og_url":"https:\/\/www.sprachschule-aktiv.ch\/deutsch-lernen-in-der-schweiz\/deutsch-lernen-in-luzern\/","og_site_name":"Deutsch lernen in der schweiz","article_modified_time":"2025-04-11T17:56:05+00:00","og_image":[{"width":500,"height":351,"url":"https:\/\/www.sprachschule-aktiv.ch\/deutsch-lernen-in-der-schweiz\/wp-content\/uploads\/2022\/06\/deutschkurse-in-luzern.webp","type":"image\/webp"}],"twitter_card":"summary_large_image","twitter_misc":{"Gesch\u00e4tzte Lesezeit":"5\u00a0Minuten"},"schema":{"@context":"https:\/\/schema.org","@graph":[{"@type":"WebPage","@id":"https:\/\/www.sprachschule-aktiv.ch\/deutsch-lernen-in-der-schweiz\/deutsch-lernen-in-luzern\/","url":"https:\/\/www.sprachschule-aktiv.ch\/deutsch-lernen-in-der-schweiz\/deutsch-lernen-in-luzern\/","name":"Deutsch lernen in Luzern - Deutschkurs A1 A2 B1 B2 C1 C2","isPartOf":{"@id":"https:\/\/www.sprachschule-aktiv.ch\/deutsch-lernen-in-der-schweiz\/#website"},"primaryImageOfPage":{"@id":"https:\/\/www.sprachschule-aktiv.ch\/deutsch-lernen-in-der-schweiz\/deutsch-lernen-in-luzern\/#primaryimage"},"image":{"@id":"https:\/\/www.sprachschule-aktiv.ch\/deutsch-lernen-in-der-schweiz\/deutsch-lernen-in-luzern\/#primaryimage"},"thumbnailUrl":"https:\/\/www.sprachschule-aktiv.ch\/deutsch-lernen-in-der-schweiz\/wp-content\/uploads\/2022\/06\/deutschkurse-in-luzern.webp","datePublished":"2022-06-06T04:48:26+00:00","dateModified":"2025-04-11T17:56:05+00:00","description":"Deutsch lernen in Luzern in Privat-, Online-, Abend- & Intensivkursen mit gratis Probestunde & Einstufung. Deutschkurs von A1 bis C2.","breadcrumb":{"@id":"https:\/\/www.sprachschule-aktiv.ch\/deutsch-lernen-in-der-schweiz\/deutsch-lernen-in-luzern\/#breadcrumb"},"inLanguage":"de","potentialAction":[{"@type":"ReadAction","target":["https:\/\/www.sprachschule-aktiv.ch\/deutsch-lernen-in-der-schweiz\/deutsch-lernen-in-luzern\/"]}]},{"@type":"ImageObject","inLanguage":"de","@id":"https:\/\/www.sprachschule-aktiv.ch\/deutsch-lernen-in-der-schweiz\/deutsch-lernen-in-luzern\/#primaryimage","url":"https:\/\/www.sprachschule-aktiv.ch\/deutsch-lernen-in-der-schweiz\/wp-content\/uploads\/2022\/06\/deutschkurse-in-luzern.webp","contentUrl":"https:\/\/www.sprachschule-aktiv.ch\/deutsch-lernen-in-der-schweiz\/wp-content\/uploads\/2022\/06\/deutschkurse-in-luzern.webp","width":500,"height":351,"caption":"Deutschkurse in Luzern - A1 bis C2"},{"@type":"BreadcrumbList","@id":"https:\/\/www.sprachschule-aktiv.ch\/deutsch-lernen-in-der-schweiz\/deutsch-lernen-in-luzern\/#breadcrumb","itemListElement":[{"@type":"ListItem","position":1,"name":"Startseite","item":"https:\/\/www.sprachschule-aktiv.ch\/deutsch-lernen-in-der-schweiz\/"},{"@type":"ListItem","position":2,"name":"Deutsch lernen in Luzern &#8211; Deutschkurs A1 A2 B1 B2 C1 C2"}]},{"@type":"WebSite","@id":"https:\/\/www.sprachschule-aktiv.ch\/deutsch-lernen-in-der-schweiz\/#website","url":"https:\/\/www.sprachschule-aktiv.ch\/deutsch-lernen-in-der-schweiz\/","name":"Deutsch lernen in der schweiz","description":"","potentialAction":[{"@type":"SearchAction","target":{"@type":"EntryPoint","urlTemplate":"https:\/\/www.sprachschule-aktiv.ch\/deutsch-lernen-in-der-schweiz\/?s={search_term_string}"},"query-input":{"@type":"PropertyValueSpecification","valueRequired":true,"valueName":"search_term_string"}}],"inLanguage":"de"}]}},"_links":{"self":[{"href":"https:\/\/www.sprachschule-aktiv.ch\/deutsch-lernen-in-der-schweiz\/wp-json\/wp\/v2\/pages\/382","targetHints":{"allow":["GET"]}}],"collection":[{"href":"https:\/\/www.sprachschule-aktiv.ch\/deutsch-lernen-in-der-schweiz\/wp-json\/wp\/v2\/pages"}],"about":[{"href":"https:\/\/www.sprachschule-aktiv.ch\/deutsch-lernen-in-der-schweiz\/wp-json\/wp\/v2\/types\/page"}],"author":[{"embeddable":true,"href":"https:\/\/www.sprachschule-aktiv.ch\/deutsch-lernen-in-der-schweiz\/wp-json\/wp\/v2\/users\/2"}],"replies":[{"embeddable":true,"href":"https:\/\/www.sprachschule-aktiv.ch\/deutsch-lernen-in-der-schweiz\/wp-json\/wp\/v2\/comments?post=382"}],"version-history":[{"count":2,"href":"https:\/\/www.sprachschule-aktiv.ch\/deutsch-lernen-in-der-schweiz\/wp-json\/wp\/v2\/pages\/382\/revisions"}],"predecessor-version":[{"id":783,"href":"https:\/\/www.sprachschule-aktiv.ch\/deutsch-lernen-in-der-schweiz\/wp-json\/wp\/v2\/pages\/382\/revisions\/783"}],"wp:attachment":[{"href":"https:\/\/www.sprachschule-aktiv.ch\/deutsch-lernen-in-der-schweiz\/wp-json\/wp\/v2\/media?parent=382"}],"curies":[{"name":"wp","href":"https:\/\/api.w.org\/{rel}","templated":true}]}}