{"id":38,"date":"2021-11-29T08:58:09","date_gmt":"2021-11-29T07:58:09","guid":{"rendered":"https:\/\/www.sprachschule-aktiv.ch\/deutsch-lernen-in-der-schweiz\/?page_id=38"},"modified":"2023-04-08T09:57:15","modified_gmt":"2023-04-08T07:57:15","slug":"kontakt","status":"publish","type":"page","link":"https:\/\/www.sprachschule-aktiv.ch\/deutsch-lernen-in-der-schweiz\/kontakt\/","title":{"rendered":"Deutsch lernen in der Schweiz \u2013 Kontaktieren Sie uns"},"content":{"rendered":"<p>[vc_row css=&#8221;.vc_custom_1489245782370{padding-top: 50px !important;padding-bottom: 30px !important;}&#8221;][vc_column][vc_column_text]Kontaktieren Sie uns. Lage, \u00d6ffnungszeiten, Standorte und Kontakt der Sprachschule Aktiv Z\u00fcrich. Bitte nehmen Sie mit uns Kontakt \u00fcber unser Kontaktformular auf:[\/vc_column_text][vc_row_inner][vc_column_inner width=&#8221;2\/3&#8243;]\n<div class=\"wpcf7 no-js\" id=\"wpcf7-f37-o1\" lang=\"de-DE\" dir=\"ltr\" data-wpcf7-id=\"37\">\n<div class=\"screen-reader-response\"><p role=\"status\" aria-live=\"polite\" aria-atomic=\"true\"><\/p> <ul><\/ul><\/div>\n<form action=\"\/deutsch-lernen-in-der-schweiz\/wp-json\/wp\/v2\/pages\/38#wpcf7-f37-o1\" method=\"post\" class=\"wpcf7-form init wpcf7-acceptance-as-validation\" aria-label=\"Kontaktformular\" novalidate=\"novalidate\" data-status=\"init\">\n<fieldset class=\"hidden-fields-container\"><input type=\"hidden\" name=\"_wpcf7\" value=\"37\" \/><input type=\"hidden\" name=\"_wpcf7_version\" value=\"6.1.5\" \/><input type=\"hidden\" name=\"_wpcf7_locale\" value=\"de_DE\" \/><input type=\"hidden\" name=\"_wpcf7_unit_tag\" value=\"wpcf7-f37-o1\" \/><input type=\"hidden\" name=\"_wpcf7_container_post\" value=\"0\" \/><input type=\"hidden\" name=\"_wpcf7_posted_data_hash\" value=\"\" \/><input type=\"hidden\" name=\"_wpcf7_recaptcha_response\" value=\"\" \/>\n<\/fieldset>\n<h2>Ihre Adressangaben:\n<\/h2>\n<p><label> Firma<br \/>\n<span class=\"wpcf7-form-control-wrap\" data-name=\"firma\"><input size=\"40\" maxlength=\"400\" class=\"wpcf7-form-control wpcf7-text\" aria-invalid=\"false\" value=\"\" type=\"text\" name=\"firma\" \/><\/span> <\/label>\n<\/p>\n<p><label>Vorname*<br \/>\n<span class=\"wpcf7-form-control-wrap\" data-name=\"vorname\"><input size=\"40\" maxlength=\"400\" class=\"wpcf7-form-control wpcf7-text wpcf7-validates-as-required\" aria-required=\"true\" aria-invalid=\"false\" value=\"\" type=\"text\" name=\"vorname\" \/><\/span> <\/label>\n<\/p>\n<p><label> Nachname*<br \/>\n<span class=\"wpcf7-form-control-wrap\" data-name=\"nachname\"><input size=\"40\" maxlength=\"400\" class=\"wpcf7-form-control wpcf7-text wpcf7-validates-as-required\" aria-required=\"true\" aria-invalid=\"false\" value=\"\" type=\"text\" name=\"nachname\" \/><\/span> <\/label>\n<\/p>\n<p><label> Telefon*<br \/>\n<span class=\"wpcf7-form-control-wrap\" data-name=\"telefon\"><input size=\"40\" maxlength=\"400\" class=\"wpcf7-form-control wpcf7-tel wpcf7-validates-as-required wpcf7-text wpcf7-validates-as-tel\" aria-required=\"true\" aria-invalid=\"false\" value=\"\" type=\"tel\" name=\"telefon\" \/><\/span><\/label>\n<\/p>\n<p><label> E-Mail*<br \/>\n<span class=\"wpcf7-form-control-wrap\" data-name=\"email\"><input size=\"40\" maxlength=\"400\" class=\"wpcf7-form-control wpcf7-email wpcf7-validates-as-required wpcf7-text wpcf7-validates-as-email\" aria-required=\"true\" aria-invalid=\"false\" value=\"\" type=\"email\" name=\"email\" \/><\/span><\/label>\n<\/p>\n<p><label> Ihre Anfrage<br \/>\n<span class=\"wpcf7-form-control-wrap\" data-name=\"IhreAnfrage\"><textarea cols=\"40\" rows=\"10\" maxlength=\"2000\" class=\"wpcf7-form-control wpcf7-textarea\" aria-invalid=\"false\" name=\"IhreAnfrage\"><\/textarea><\/span><\/label>\n<\/p>\n<div style=\"\">\n\t<p><span class=\"wpcf7-form-control-wrap\" data-name=\"agb\"><span class=\"wpcf7-form-control wpcf7-acceptance\"><span class=\"wpcf7-list-item\"><input type=\"checkbox\" name=\"agb\" value=\"1\" checked=\"checked\" aria-invalid=\"false\" \/><\/span><\/span><\/span> (*) Ich habe die <a href=\"https:\/\/www.sprachschule-aktiv.ch\/deutsch-lernen-in-der-schweiz\/allgemeine-geschaeftsbedingungen\/\" target=\"_blank\">Allgemeinen Gesch\u00e4ftsbedingungen<\/a> akzeptiert und habe die Hinweise zum <a href=\"https:\/\/www.sprachschule-aktiv.ch\/deutsch-lernen-in-der-schweiz\/datenschutzerklaerung\/\">Datenschutz<\/a> zur Kenntnis genommen.\n\t<\/p>\n<\/div>\n<p><b>Wichtige Information \u2013 Nutzung Ihrer Daten aus diesem Formular<\/b><br \/>\nWichtige Hinweise zum Datenschutz: Ich habe zur Kenntnis genommen, dass ich das Recht auf Auskunft, Korrektur, L\u00f6schung oder Anonymisierung meiner Daten habe. Ihre pers\u00f6nlichen Daten werden in unserer hausinternen Datenbank gespeichert und dienen ausschlie\u00dflich der Bearbeitung Ihrer Anfrage bzw. Anmeldung. Wir geben Ihre pers\u00f6nlichen Daten grunds\u00e4tzlich nicht ohne Ihre Einwilligung an Dritte weiter, sofern dies nicht zur Vertragsdurchf\u00fchrung notwendig ist oder Sie uns dazu auffordern. Weitere Informationen entnehmen Sie bitte unserer <a href=\"https:\/\/www.sprachschule-aktiv.ch\/deutsch-lernen-in-der-schweiz\/datenschutzerklaerung\/\">Datenschutzerkl\u00e4rung<\/a>.\n<\/p>\n<p><input class=\"wpcf7-form-control wpcf7-submit has-spinner\" type=\"submit\" value=\"Abschicken\" \/>\n<\/p><div class=\"wpcf7-response-output\" aria-hidden=\"true\"><\/div>\n<\/form>\n<\/div>\n[\/vc_column_inner][vc_column_inner width=&#8221;1\/3&#8243; css=&#8221;.vc_custom_1486286691342{margin-top: 15px !important;}&#8221;][vc_column_text]<\/p>\n<h3>Sprachschule Aktiv Z\u00fcrich<\/h3>\n<p>[\/vc_column_text][vc_gmaps link=&#8221;#E-8_JTNDaWZyYW1lJTIwc3JjJTNEJTIyaHR0cHMlM0ElMkYlMkZ3d3cuZ29vZ2xlLmNvbSUyRm1hcHMlMkZlbWJlZCUzRnBiJTNEJTIxMW0xOCUyMTFtMTIlMjExbTMlMjExZDI3MDAuMDI2NTcxNTMzNzAyNyUyMTJkOC41MjI5MTYyMTU5NjgzNzIlMjEzZDQ3LjQxMTQyMjg3OTE3MjI2NCUyMTJtMyUyMTFmMCUyMTJmMCUyMTNmMCUyMTNtMiUyMTFpMTAyNCUyMTJpNzY4JTIxNGYxMy4xJTIxM20zJTIxMW0yJTIxMXMweDQ3OTAwYWY0NmQzMDcxNGQlMjUzQTB4YzRlNWNmZTljY2Q0YzkwMCUyMTJzU3ByYWNoc2NodWxlJTI1MjBBa3RpdiUyMTVlMCUyMTNtMiUyMTFzZGUlMjEyc2RlJTIxNHYxNTk3MzI3MDM5OTE3JTIxNW0yJTIxMXNkZSUyMTJzZGUlMjIlMjB3aWR0aCUzRCUyMjEwMCUyNSUyMiUyMGhlaWdodCUzRCUyMjE1MCUyMiUyMGZyYW1lYm9yZGVyJTNEJTIyMCUyMiUyMHN0eWxlJTNEJTIyYm9yZGVyJTNBMCUzQiUyMiUyMGFsbG93ZnVsbHNjcmVlbiUzRCUyMiUyMiUyMGFyaWEtaGlkZGVuJTNEJTIyZmFsc2UlMjIlMjB0YWJpbmRleCUzRCUyMjAlMjIlM0UlM0MlMkZpZnJhbWUlM0U=&#8221;][vc_column_text]Adresse: Wehntalerstrasse 291, 8046 Z\u00fcrich<\/p>\n<p>Tel.: +41-43- 540 09 53<br \/>\nE-Mail: <a href=\"mailto:kontakt@sprachschule-aktiv.ch\">kontakt@sprachschule-aktiv.ch<\/a><br \/>\nInternet: <a href=\"https:\/\/www.sprachschule-aktiv.ch\/\">www.sprachschule-aktiv.ch<\/a>[\/vc_column_text][vc_separator][vc_column_text css=&#8221;.vc_custom_1597327189560{margin-top: 20px !important;}&#8221;]<\/p>\n<h3>Sprachschule Aktiv Winterthur<\/h3>\n<p>[\/vc_column_text][vc_gmaps link=&#8221;#E-8_JTNDaWZyYW1lJTIwc3JjJTNEJTIyaHR0cHMlM0ElMkYlMkZ3d3cuZ29vZ2xlLmNvbSUyRm1hcHMlMkZlbWJlZCUzRnBiJTNEJTIxMW0xOCUyMTFtMTIlMjExbTMlMjExZDI2OTUuNTYwNjg3MzU0MTM3NCUyMTJkOC43MjMzNzAzMTU5NzA3ODglMjEzZDQ3LjQ5ODQ3MDk3OTE3NzYlMjEybTMlMjExZjAlMjEyZjAlMjEzZjAlMjEzbTIlMjExaTEwMjQlMjEyaTc2OCUyMTRmMTMuMSUyMTNtMyUyMTFtMiUyMTFzMHg0NzlhOTk3OGEwMWI1MDFkJTI1M0EweGQ2NTU2N2MzOWFlMDQ4MjklMjEyc0d5bWl2b3JiZXJlaXR1bmclMjUyMFdpbnRlcnRodXIlMjUyMC0lMjUyME5hY2hoaWxmZSUyNTIwQWthZGVtaWUlMjUyMGluJTI1MjBXaW50ZXJ0aHVyJTIxNWUwJTIxM20yJTIxMXNkZSUyMTJzZGUlMjE0djE1OTczMjcyNTUzMzElMjE1bTIlMjExc2RlJTIxMnNkZSUyMiUyMHdpZHRoJTNEJTIyMTAwJTI1JTIyJTIwaGVpZ2h0JTNEJTIyMTUwJTIyJTIwZnJhbWVib3JkZXIlM0QlMjIwJTIyJTIwc3R5bGUlM0QlMjJib3JkZXIlM0EwJTNCJTIyJTIwYWxsb3dmdWxsc2NyZWVuJTNEJTIyJTIyJTIwYXJpYS1oaWRkZW4lM0QlMjJmYWxzZSUyMiUyMHRhYmluZGV4JTNEJTIyMCUyMiUzRSUzQyUyRmlmcmFtZSUzRQ==&#8221;][vc_column_text]Adresse: Technikumstrasse 84, 8400 Winterthur<br \/>\nTel.: 043 540 09 53<br \/>\nE-Mail: <a href=\"mailto:kontakt@sprachschule-aktiv.ch\">kontakt@sprachschule-aktiv.ch<\/a><br \/>\nInternet: <a href=\"https:\/\/www.sprachschule-aktiv-winterthur.ch\/\">www.sprachschule-aktiv-winterthur.ch<\/a>[\/vc_column_text][vc_separator][vc_column_text css=&#8221;.vc_custom_1680940493935{margin-top: 20px !important;}&#8221;]<\/p>\n<h3>Sprachschule Aktiv Basel<\/h3>\n<p>[\/vc_column_text][vc_gmaps link=&#8221;#E-8_JTNDaWZyYW1lJTIwc3JjJTNEJTIyaHR0cHMlM0ElMkYlMkZ3d3cuZ29vZ2xlLmNvbSUyRm1hcHMlMkZlbWJlZCUzRnBiJTNEJTIxMW0xNCUyMTFtOCUyMTFtMyUyMTFkNTM4Ni4wMTAyNDg5NTI1NjIlMjEyZDcuNTg5NTAxJTIxM2Q0Ny41NDgyMjklMjEzbTIlMjExaTEwMjQlMjEyaTc2OCUyMTRmMTMuMSUyMTNtMyUyMTFtMiUyMTFzMHg0NzkxYjk1NmU2MTcwN2VmJTI1M0EweDQyMDk4MGUxZmNkMzNiYzclMjEyc1NwcmFjaHNjaHVsZSUyNTIwQWt0aXYlMjUyMEJhc2VsJTIxNWUwJTIxM20yJTIxMXNkZSUyMTJzZGUlMjE0djE2ODA5NDA1NzU2MzYlMjE1bTIlMjExc2RlJTIxMnNkZSUyMiUyMHdpZHRoJTNEJTIyMTAwJTI1JTIyJTIwaGVpZ2h0JTNEJTIyMTUwJTIyJTIwc3R5bGUlM0QlMjJib3JkZXIlM0EwJTNCJTIyJTIwYWxsb3dmdWxsc2NyZWVuJTNEJTIyJTIyJTIwbG9hZGluZyUzRCUyMmxhenklMjIlMjByZWZlcnJlcnBvbGljeSUzRCUyMm5vLXJlZmVycmVyLXdoZW4tZG93bmdyYWRlJTIyJTNFJTNDJTJGaWZyYW1lJTNF&#8221;][vc_column_text]Adresse: Centralbahnplatz 8 4051 Basel<br \/>\nTel.: 043 540 09 53<br \/>\nE-Mail: <a href=\"mailto:kontakt@sprachschule-aktiv.ch\">kontakt@sprachschule-aktiv.ch<\/a><br \/>\nInternet: <a href=\"https:\/\/www.sprachschule-aktiv-basel.ch\/\">www.sprachschule-aktiv-basel.ch<\/a>[\/vc_column_text][vc_separator][vc_column_text css=&#8221;.vc_custom_1597327414214{margin-top: 20px !important;}&#8221;]<\/p>\n<h3>Nachhilfe Akademie<\/h3>\n<p>[\/vc_column_text][vc_gmaps link=&#8221;#E-8_JTNDaWZyYW1lJTIwc3JjJTNEJTIyaHR0cHMlM0ElMkYlMkZ3d3cuZ29vZ2xlLmNvbSUyRm1hcHMlMkZlbWJlZCUzRnBiJTNEJTIxMW0xOCUyMTFtMTIlMjExbTMlMjExZDQzMjM5Ljk0MjUzMTYzODQ4JTIxMmQ4LjU0MjU0NTQ4OTU2MTc0MSUyMTNkNDcuMzYzMjI5MDk1NjU3MTElMjEybTMlMjExZjAlMjEyZjAlMjEzZjAlMjEzbTIlMjExaTEwMjQlMjEyaTc2OCUyMTRmMTMuMSUyMTNtMyUyMTFtMiUyMTFzMHg0NzlhYTc1M2EwOGI3NThiJTI1M0EweDFhZTM2MDUwNTJjMGZmNTQlMjEyc0R1Zm91cnN0cmFzc2UlMjUyMDIyJTI1MkMlMjUyMDgwMDglMjUyMFolMjVDMyUyNUJDcmljaCUyNTJDJTI1MjBTY2h3ZWl6JTIxNWUwJTIxM20yJTIxMXNkZSUyMTJzZGUlMjE0djE1OTczMjY4MzMwODQlMjE1bTIlMjExc2RlJTIxMnNkZSUyMiUyMHdpZHRoJTNEJTIyMTAwJTI1JTIyJTIwaGVpZ2h0JTNEJTIyMTUwJTIyJTIwZnJhbWVib3JkZXIlM0QlMjIwJTIyJTIwc3R5bGUlM0QlMjJib3JkZXIlM0EwJTNCJTIyJTIwYWxsb3dmdWxsc2NyZWVuJTNEJTIyJTIyJTIwYXJpYS1oaWRkZW4lM0QlMjJmYWxzZSUyMiUyMHRhYmluZGV4JTNEJTIyMCUyMiUzRSUzQyUyRmlmcmFtZSUzRQ==&#8221;][vc_column_text]Adresse: Dufourstrasse 22, 8008 Z\u00fcrich<br \/>\nTel.: 043 540 09 53<br \/>\nE-Mail: <a href=\"mailto:kontakt@sprachschule-aktiv.ch\">kontakt@sprachschule-aktiv.ch<\/a><br \/>\nInternet: <a href=\"https:\/\/nachhilfeakademie.ch\/\">https:\/\/nachhilfeakademie.ch\/<\/a>[\/vc_column_text][\/vc_column_inner][\/vc_row_inner][\/vc_column][\/vc_row]<\/p>\n","protected":false},"excerpt":{"rendered":"<p>[vc_row css=&#8221;.vc_custom_1489245782370{padding-top: 50px !important;padding-bottom: 30px !important;}&#8221;][vc_column][vc_column_text]Kontaktieren Sie uns. Lage, \u00d6ffnungszeiten, Standorte und Kontakt der Sprachschule Aktiv Z\u00fcrich. Bitte nehmen Sie mit uns Kontakt \u00fcber unser Kontaktformular auf:[\/vc_column_text][vc_row_inner][vc_column_inner width=&#8221;2\/3&#8243;][\/vc_column_inner][vc_column_inner width=&#8221;1\/3&#8243; css=&#8221;.vc_custom_1486286691342{margin-top: 15px !important;}&#8221;][vc_column_text] Sprachschule Aktiv Z\u00fcrich [\/vc_column_text][vc_gmaps link=&#8221;#E-8_JTNDaWZyYW1lJTIwc3JjJTNEJTIyaHR0cHMlM0ElMkYlMkZ3d3cuZ29vZ2xlLmNvbSUyRm1hcHMlMkZlbWJlZCUzRnBiJTNEJTIxMW0xOCUyMTFtMTIlMjExbTMlMjExZDI3MDAuMDI2NTcxNTMzNzAyNyUyMTJkOC41MjI5MTYyMTU5NjgzNzIlMjEzZDQ3LjQxMTQyMjg3OTE3MjI2NCUyMTJtMyUyMTFmMCUyMTJmMCUyMTNmMCUyMTNtMiUyMTFpMTAyNCUyMTJpNzY4JTIxNGYxMy4xJTIxM20zJTIxMW0yJTIxMXMweDQ3OTAwYWY0NmQzMDcxNGQlMjUzQTB4YzRlNWNmZTljY2Q0YzkwMCUyMTJzU3ByYWNoc2NodWxlJTI1MjBBa3RpdiUyMTVlMCUyMTNtMiUyMTFzZGUlMjEyc2RlJTIxNHYxNTk3MzI3MDM5OTE3JTIxNW0yJTIxMXNkZSUyMTJzZGUlMjIlMjB3aWR0aCUzRCUyMjEwMCUyNSUyMiUyMGhlaWdodCUzRCUyMjE1MCUyMiUyMGZyYW1lYm9yZGVyJTNEJTIyMCUyMiUyMHN0eWxlJTNEJTIyYm9yZGVyJTNBMCUzQiUyMiUyMGFsbG93ZnVsbHNjcmVlbiUzRCUyMiUyMiUyMGFyaWEtaGlkZGVuJTNEJTIyZmFsc2UlMjIlMjB0YWJpbmRleCUzRCUyMjAlMjIlM0UlM0MlMkZpZnJhbWUlM0U=&#8221;][vc_column_text]Adresse: Wehntalerstrasse 291, 8046 Z\u00fcrich Tel.: +41-43- 540 09 53 E-Mail: kontakt@sprachschule-aktiv.ch Internet: www.sprachschule-aktiv.ch[\/vc_column_text][vc_separator][vc_column_text css=&#8221;.vc_custom_1597327189560{margin-top: 20px !important;}&#8221;] Sprachschule Aktiv&hellip; <a class=\"read-more\" href=\"https:\/\/www.sprachschule-aktiv.ch\/deutsch-lernen-in-der-schweiz\/kontakt\/\" title=\"Read Deutsch lernen in der Schweiz \u2013 Kontaktieren Sie uns\">Read more &raquo;<\/a><\/p>\n","protected":false},"author":1,"featured_media":0,"parent":0,"menu_order":0,"comment_status":"closed","ping_status":"closed","template":"","meta":{"footnotes":""},"class_list":["post-38","page","type-page","status-publish","hentry"],"yoast_head":"<!-- This site is optimized with the Yoast SEO plugin v27.1.1 - https:\/\/yoast.com\/product\/yoast-seo-wordpress\/ -->\n<title>Kontakt - Deutsch lernen in der Schweiz - Kontaktieren Sie uns!<\/title>\n<meta name=\"description\" content=\"Kontakt der Sprachschule Aktiv in der Schweiz\u2013 Kontaktieren Sie uns. Lage, \u00d6ffnungszeiten, Standorte und Kontakt.\" \/>\n<meta name=\"robots\" content=\"index, follow, max-snippet:-1, max-image-preview:large, max-video-preview:-1\" \/>\n<link rel=\"canonical\" href=\"https:\/\/www.sprachschule-aktiv.ch\/deutsch-lernen-in-der-schweiz\/kontakt\/\" \/>\n<meta property=\"og:locale\" content=\"de_DE\" \/>\n<meta property=\"og:type\" content=\"article\" \/>\n<meta property=\"og:title\" content=\"Kontakt - Deutsch lernen in der Schweiz - Kontaktieren Sie uns!\" \/>\n<meta property=\"og:description\" content=\"Kontakt der Sprachschule Aktiv in der Schweiz\u2013 Kontaktieren Sie uns. Lage, \u00d6ffnungszeiten, Standorte und Kontakt.\" \/>\n<meta property=\"og:url\" content=\"https:\/\/www.sprachschule-aktiv.ch\/deutsch-lernen-in-der-schweiz\/kontakt\/\" \/>\n<meta property=\"og:site_name\" content=\"Deutsch lernen in der schweiz\" \/>\n<meta property=\"article:modified_time\" content=\"2023-04-08T07:57:15+00:00\" \/>\n<meta name=\"twitter:card\" content=\"summary_large_image\" \/>\n<meta name=\"twitter:label1\" content=\"Gesch\u00e4tzte Lesezeit\" \/>\n\t<meta name=\"twitter:data1\" content=\"2\u00a0Minuten\" \/>\n<script type=\"application\/ld+json\" class=\"yoast-schema-graph\">{\"@context\":\"https:\/\/schema.org\",\"@graph\":[{\"@type\":\"WebPage\",\"@id\":\"https:\/\/www.sprachschule-aktiv.ch\/deutsch-lernen-in-der-schweiz\/kontakt\/\",\"url\":\"https:\/\/www.sprachschule-aktiv.ch\/deutsch-lernen-in-der-schweiz\/kontakt\/\",\"name\":\"Kontakt - Deutsch lernen in der Schweiz - Kontaktieren Sie uns!\",\"isPartOf\":{\"@id\":\"https:\/\/www.sprachschule-aktiv.ch\/deutsch-lernen-in-der-schweiz\/#website\"},\"datePublished\":\"2021-11-29T07:58:09+00:00\",\"dateModified\":\"2023-04-08T07:57:15+00:00\",\"description\":\"Kontakt der Sprachschule Aktiv in der Schweiz\u2013 Kontaktieren Sie uns. Lage, \u00d6ffnungszeiten, Standorte und Kontakt.\",\"breadcrumb\":{\"@id\":\"https:\/\/www.sprachschule-aktiv.ch\/deutsch-lernen-in-der-schweiz\/kontakt\/#breadcrumb\"},\"inLanguage\":\"de\",\"potentialAction\":[{\"@type\":\"ReadAction\",\"target\":[\"https:\/\/www.sprachschule-aktiv.ch\/deutsch-lernen-in-der-schweiz\/kontakt\/\"]}]},{\"@type\":\"BreadcrumbList\",\"@id\":\"https:\/\/www.sprachschule-aktiv.ch\/deutsch-lernen-in-der-schweiz\/kontakt\/#breadcrumb\",\"itemListElement\":[{\"@type\":\"ListItem\",\"position\":1,\"name\":\"Startseite\",\"item\":\"https:\/\/www.sprachschule-aktiv.ch\/deutsch-lernen-in-der-schweiz\/\"},{\"@type\":\"ListItem\",\"position\":2,\"name\":\"Deutsch lernen in der Schweiz \u2013 Kontaktieren Sie uns\"}]},{\"@type\":\"WebSite\",\"@id\":\"https:\/\/www.sprachschule-aktiv.ch\/deutsch-lernen-in-der-schweiz\/#website\",\"url\":\"https:\/\/www.sprachschule-aktiv.ch\/deutsch-lernen-in-der-schweiz\/\",\"name\":\"Deutsch lernen in der schweiz\",\"description\":\"\",\"potentialAction\":[{\"@type\":\"SearchAction\",\"target\":{\"@type\":\"EntryPoint\",\"urlTemplate\":\"https:\/\/www.sprachschule-aktiv.ch\/deutsch-lernen-in-der-schweiz\/?s={search_term_string}\"},\"query-input\":{\"@type\":\"PropertyValueSpecification\",\"valueRequired\":true,\"valueName\":\"search_term_string\"}}],\"inLanguage\":\"de\"}]}<\/script>\n<!-- \/ Yoast SEO plugin. -->","yoast_head_json":{"title":"Kontakt - Deutsch lernen in der Schweiz - Kontaktieren Sie uns!","description":"Kontakt der Sprachschule Aktiv in der Schweiz\u2013 Kontaktieren Sie uns. Lage, \u00d6ffnungszeiten, Standorte und Kontakt.","robots":{"index":"index","follow":"follow","max-snippet":"max-snippet:-1","max-image-preview":"max-image-preview:large","max-video-preview":"max-video-preview:-1"},"canonical":"https:\/\/www.sprachschule-aktiv.ch\/deutsch-lernen-in-der-schweiz\/kontakt\/","og_locale":"de_DE","og_type":"article","og_title":"Kontakt - Deutsch lernen in der Schweiz - Kontaktieren Sie uns!","og_description":"Kontakt der Sprachschule Aktiv in der Schweiz\u2013 Kontaktieren Sie uns. Lage, \u00d6ffnungszeiten, Standorte und Kontakt.","og_url":"https:\/\/www.sprachschule-aktiv.ch\/deutsch-lernen-in-der-schweiz\/kontakt\/","og_site_name":"Deutsch lernen in der schweiz","article_modified_time":"2023-04-08T07:57:15+00:00","twitter_card":"summary_large_image","twitter_misc":{"Gesch\u00e4tzte Lesezeit":"2\u00a0Minuten"},"schema":{"@context":"https:\/\/schema.org","@graph":[{"@type":"WebPage","@id":"https:\/\/www.sprachschule-aktiv.ch\/deutsch-lernen-in-der-schweiz\/kontakt\/","url":"https:\/\/www.sprachschule-aktiv.ch\/deutsch-lernen-in-der-schweiz\/kontakt\/","name":"Kontakt - Deutsch lernen in der Schweiz - Kontaktieren Sie uns!","isPartOf":{"@id":"https:\/\/www.sprachschule-aktiv.ch\/deutsch-lernen-in-der-schweiz\/#website"},"datePublished":"2021-11-29T07:58:09+00:00","dateModified":"2023-04-08T07:57:15+00:00","description":"Kontakt der Sprachschule Aktiv in der Schweiz\u2013 Kontaktieren Sie uns. Lage, \u00d6ffnungszeiten, Standorte und Kontakt.","breadcrumb":{"@id":"https:\/\/www.sprachschule-aktiv.ch\/deutsch-lernen-in-der-schweiz\/kontakt\/#breadcrumb"},"inLanguage":"de","potentialAction":[{"@type":"ReadAction","target":["https:\/\/www.sprachschule-aktiv.ch\/deutsch-lernen-in-der-schweiz\/kontakt\/"]}]},{"@type":"BreadcrumbList","@id":"https:\/\/www.sprachschule-aktiv.ch\/deutsch-lernen-in-der-schweiz\/kontakt\/#breadcrumb","itemListElement":[{"@type":"ListItem","position":1,"name":"Startseite","item":"https:\/\/www.sprachschule-aktiv.ch\/deutsch-lernen-in-der-schweiz\/"},{"@type":"ListItem","position":2,"name":"Deutsch lernen in der Schweiz \u2013 Kontaktieren Sie uns"}]},{"@type":"WebSite","@id":"https:\/\/www.sprachschule-aktiv.ch\/deutsch-lernen-in-der-schweiz\/#website","url":"https:\/\/www.sprachschule-aktiv.ch\/deutsch-lernen-in-der-schweiz\/","name":"Deutsch lernen in der schweiz","description":"","potentialAction":[{"@type":"SearchAction","target":{"@type":"EntryPoint","urlTemplate":"https:\/\/www.sprachschule-aktiv.ch\/deutsch-lernen-in-der-schweiz\/?s={search_term_string}"},"query-input":{"@type":"PropertyValueSpecification","valueRequired":true,"valueName":"search_term_string"}}],"inLanguage":"de"}]}},"_links":{"self":[{"href":"https:\/\/www.sprachschule-aktiv.ch\/deutsch-lernen-in-der-schweiz\/wp-json\/wp\/v2\/pages\/38","targetHints":{"allow":["GET"]}}],"collection":[{"href":"https:\/\/www.sprachschule-aktiv.ch\/deutsch-lernen-in-der-schweiz\/wp-json\/wp\/v2\/pages"}],"about":[{"href":"https:\/\/www.sprachschule-aktiv.ch\/deutsch-lernen-in-der-schweiz\/wp-json\/wp\/v2\/types\/page"}],"author":[{"embeddable":true,"href":"https:\/\/www.sprachschule-aktiv.ch\/deutsch-lernen-in-der-schweiz\/wp-json\/wp\/v2\/users\/1"}],"replies":[{"embeddable":true,"href":"https:\/\/www.sprachschule-aktiv.ch\/deutsch-lernen-in-der-schweiz\/wp-json\/wp\/v2\/comments?post=38"}],"version-history":[{"count":5,"href":"https:\/\/www.sprachschule-aktiv.ch\/deutsch-lernen-in-der-schweiz\/wp-json\/wp\/v2\/pages\/38\/revisions"}],"predecessor-version":[{"id":738,"href":"https:\/\/www.sprachschule-aktiv.ch\/deutsch-lernen-in-der-schweiz\/wp-json\/wp\/v2\/pages\/38\/revisions\/738"}],"wp:attachment":[{"href":"https:\/\/www.sprachschule-aktiv.ch\/deutsch-lernen-in-der-schweiz\/wp-json\/wp\/v2\/media?parent=38"}],"curies":[{"name":"wp","href":"https:\/\/api.w.org\/{rel}","templated":true}]}}