{"id":379,"date":"2022-06-05T05:45:14","date_gmt":"2022-06-05T03:45:14","guid":{"rendered":"https:\/\/www.sprachschule-aktiv.ch\/deutsch-lernen-in-der-schweiz\/?page_id=379"},"modified":"2025-04-11T20:00:07","modified_gmt":"2025-04-11T18:00:07","slug":"deutschkurse-in-lausanne","status":"publish","type":"page","link":"https:\/\/www.sprachschule-aktiv.ch\/deutsch-lernen-in-der-schweiz\/deutschkurse-in-lausanne\/","title":{"rendered":"Deutschkurse in Lausanne &#8211; Privat-, Abend-, Online-, Intensivkurse"},"content":{"rendered":"<p>Wenn Sie einen Deutschkurs in Lausanne suchen, sollten Sie dem Angebot der Sprachschule Aktiv Beachtung schenken. Wir bieten Ihnen nicht nur Pr\u00e4senzunterricht an, sondern f\u00fchren s\u00e4mtliche Kurse wahlweise auch \u00fcber das Internet durch.<\/p>\n<img loading=\"lazy\" decoding=\"async\" class=\"alignnone wp-image-380 size-full\" src=\"https:\/\/www.sprachschule-aktiv.ch\/deutsch-lernen-in-der-schweiz\/wp-content\/uploads\/2022\/06\/deutschkurse-in-lausanne.gif\" alt=\"Deutschkurse in Lausanne - A1 bis C2\" width=\"700\" height=\"467\" \/>\n<h2>Lernen Sie in Lausanne Deutsch als Anf\u00e4nger und Fortgeschrittener<\/h2>\n<p>In der Sprachschule Aktiv in Lausanne k\u00f6nnen Sie als Anf\u00e4nger und Fortgeschrittener beginnen. Sollten Sie noch keine Grundkenntnisse besitzen, beginnen Sie mit der Niveaustufe A1. Selbstverst\u00e4ndlich stehen Ihnen auch alle anderen Stufen bis zu C2 zur Verf\u00fcgung. Wir orientieren uns dabei am gemeinsamen europ\u00e4ischen Referenzrahmen f\u00fcr Fremdsprachen. Das macht den Wechsel zwischen verschiedenen Sprachschulen einfach. Falls Sie ihre Kenntnisse auf anderem Weg erworben haben, ist die Einstufung oft nicht einfach. In dem Fall nutzen Sie unseren <a href=\"https:\/\/www.sprachschule-aktiv.ch\/deutsch-lernen-in-der-schweiz\/deutsch-einstufungstest\/\">kostenlosen Einstufungstest<\/a>. Sie finden diesen auf unserer Internetseite.<\/p>\n<a href=\"https:\/\/www.sprachschule-aktiv.ch\/deutsch-lernen-in-der-schweiz\/kontakt\/\"><img loading=\"lazy\" decoding=\"async\" class=\"alignnone wp-image-972 size-full\" title=\"Schnelle Anfrage - Deutschkurs Z\u00fcrich\" src=\"https:\/\/www.sprachschule-aktiv.ch\/wp-content\/uploads\/2017\/03\/boton-schnelle-anfrage.png\" alt=\"Schnelle Anfrage - Deutschkurs Z\u00fcrich\" width=\"220\" height=\"65\" \/><\/a>\n<h2>Der Unterricht in Lausanne findet in kleinen Gruppen statt<\/h2>\n<p>F\u00fcr den Lernerfolg ist es wichtig, dass Sie Deutsch so oft wie m\u00f6glich sprechen. Wir achten deshalb auf eine Gruppenst\u00e4rke von h\u00f6chstens zehn Teilnehmern. Sie haben somit keine M\u00f6glichkeit, in der Menge zu verschwinden. Die Teilnehmer lernen sich schnell kennen und bald verschwindet die Scheu vor der Gruppe zu sprechen.<\/p>\n<h2>Deutsch Abendunterricht in Lausanne<\/h2>\n<p>Der klassische Abendunterricht findet ein- oder zweimal in der Woche in unseren Kursr\u00e4umen in Lausanne oder \u00fcber das Internet statt. Unsere Lehrer bereiten den Stoff gr\u00fcndlich vor, sodass Sie ohne Stress schnelle Fortschritte machen. W\u00e4hrend des Unterrichts bleibt noch gen\u00fcgend Zeit, die anderen Teilnehmer kennenzulernen und Freundschaften zu schliessen.<br \/>\n<strong>Die Kosten:<\/strong><br \/>\n<strong>Bei einer Kursdauer von 12 Wochen:<\/strong> 350 CHF + 50 CHF Kursmaterial<br \/>\n<strong>Kurszeiten:<\/strong> Mittwoch von 19:00 Uhr bis 20:30 Uhr<br \/>\n<strong>Beginn:<\/strong> am ersten Mittwoch im Monat<\/p>\n<a href=\"https:\/\/www.sprachschule-aktiv.ch\/deutsch-lernen-in-der-schweiz\/anmeldung\/\"><img loading=\"lazy\" decoding=\"async\" class=\"alignnone size-full wp-image-233\" src=\"https:\/\/www.sprachschule-aktiv.ch\/deutsch-lernen-in-der-schweiz\/wp-content\/uploads\/2022\/04\/jetzt-deutschkurs-buchen.webp\" alt=\"Jetzt Deutschkurs buchen\" width=\"239\" height=\"62\" \/><\/a>\n<h2>Deutsch Intensivkurse in Lausanne f\u00fcr schnelle Fortschritte<\/h2>\n<p>Wenn Sie Deutsch f\u00fcr den Beruf ben\u00f6tigen, ist ein Abendkurs meist keine Option. Wir empfehlen Ihnen einen Intensivkurs. Der Unterricht findet von Montag bis Freitag statt. Sie besch\u00e4ftigen sich mehrere Wochen oder Monate intensiv mit der deutschen Sprache. Schon nach kurzer Zeit k\u00f6nnen Sie einfache Unterhaltungen auf Deutsch f\u00fchren.<br \/>\n<strong>Start:<\/strong> am ersten Montag im Monat<br \/>\n<strong>Termine:<\/strong> Montag bis Freitag von 9:00 bis 12:00 Uhr<br \/>\n<strong>Kosten:<\/strong><br \/>\nIntensivkurs Deutsch 4 Wochen: 790 CHF<br \/>\nIntensivkurs Deutsch 3 Wochen: 675 CHF<br \/>\nIntensivkurs Deutsch 2 Wochen: 580 CHF<br \/>\nIntensivkurs Deutsch 1 Woche: 395 CHF<br \/>\nIntensivkurs Fremdsprache 4 Wochen: 990 CHF<br \/>\nIntensivkurs Fremdsprache 3 Wochen: 750 CHF<br \/>\nIntensivkurs Fremdsprache 2 Wochen: 580 CHF<br \/>\nIntensivkurs Fremdsprache 1 Woche: 370 CHF<\/p>\n<a href=\"https:\/\/www.sprachschule-aktiv.ch\/deutsch-lernen-in-der-schweiz\/anmeldung\/\"><img loading=\"lazy\" decoding=\"async\" class=\"alignnone size-full wp-image-233\" src=\"https:\/\/www.sprachschule-aktiv.ch\/deutsch-lernen-in-der-schweiz\/wp-content\/uploads\/2022\/04\/jetzt-deutschkurs-buchen.webp\" alt=\"Jetzt Deutschkurs buchen\" width=\"239\" height=\"62\" \/><\/a>\n<h2>Vorbereitungskurse f\u00fcr Telc-Pr\u00fcfung und TestDaF<\/h2>\n<p><strong>Starttermine:<\/strong> am ersten Montag im Monat<br \/>\n<strong>Termine:<\/strong> Montag bis Freitag von 9:00 bis 12:00 Uhr<br \/>\n<strong>Preise:<\/strong><br \/>\nEine Woche: 245 CHF<br \/>\nZwei Wochen: 430 CHF<br \/>\nDrei Wochen: 525 CHF<br \/>\nVier Wochen: 640 CHF<\/p>\n<a href=\"https:\/\/www.sprachschule-aktiv.ch\/deutsch-lernen-in-der-schweiz\/anmeldung\/\"><img loading=\"lazy\" decoding=\"async\" class=\"alignnone size-full wp-image-233\" src=\"https:\/\/www.sprachschule-aktiv.ch\/deutsch-lernen-in-der-schweiz\/wp-content\/uploads\/2022\/04\/jetzt-deutschkurs-buchen.webp\" alt=\"Jetzt Deutschkurs buchen\" width=\"239\" height=\"62\" \/><\/a>\n<h2>Deutsch Privatunterricht in Lausanne &#8211; bei Ihnen zu Hause oder Online<\/h2>\n<p>Ein Privatunterricht bietet Ihnen die meisten Freiheiten ihren Unterricht nach eigenen W\u00fcnschen zu gestalten. Das beginnt schon mit der Auswahl des passenden Termins, den Sie mit Ihrer Lehrkraft unabh\u00e4ngig von der Sprachschule Aktiv ausmachen. Sie k\u00f6nnen ein- oder mehrmals in der Woche eine Stunde buchen. Die Inhalte orientieren sich an Ihren Zielen. Ein Intensivkurs ist besonders f\u00fcr Teilnehmer geeignet, die aufgrund wechselnder Arbeitszeiten an einem regul\u00e4ren Kurs nicht teilnehmen k\u00f6nnen.<br \/>\nDie Kosten f\u00fcr unseren Privatunterricht richtet sich nach der Anzahl gebuchter Stunden.<br \/>\nBis 19 Stunden zahlen Sie 60 CHF<br \/>\nAb 20 Stunden zahlen Sie 58 CHF<br \/>\nAb 30 Stunden zahlen Sie 50 CHF<\/p>\n<a href=\"https:\/\/www.sprachschule-aktiv.ch\/deutsch-lernen-in-der-schweiz\/anmeldung\/\"><img loading=\"lazy\" decoding=\"async\" class=\"alignnone size-full wp-image-233\" src=\"https:\/\/www.sprachschule-aktiv.ch\/deutsch-lernen-in-der-schweiz\/wp-content\/uploads\/2022\/04\/jetzt-deutschkurs-buchen.webp\" alt=\"Jetzt Deutschkurs buchen\" width=\"239\" height=\"62\" \/><\/a>\n<h2>Unterschiede zwischen Pr\u00e4senzunterricht und Onlineunterricht<\/h2>\n<p>Pr\u00e4senzunterricht und Onlineunterricht sind gleichwertig und haben auch denselben Preis. Nach der Anmeldung erhalten Sie Ihre Zugangsdaten, mit denen Sie sich im virtuellen Klassenzimmer einloggen. Sie ben\u00f6tigen einen Internetanschluss, einen Computer oder Laptop, eine Webcam und ein Mikrofon.<\/p>\n<p><iframe loading=\"lazy\" title=\"YouTube video player\" src=\"https:\/\/www.youtube.com\/embed\/JOvJI8b4z_E\" width=\"560\" height=\"315\" frameborder=\"0\" allowfullscreen=\"allowfullscreen\"><\/iframe><\/p>\n<p>Den Unterricht erteilen internetaffine Muttersprachler<br \/>\nUnsere Lehrkr\u00e4fte sind nicht nur Muttersprachler mit p\u00e4dagogischer Ausbildung, sie k\u00f6nnen Ihnen auch bei der Technik weiterhelfen. Dar\u00fcber hinaus sind es freundliche und sympathische Pers\u00f6nlichkeiten.<\/p>\n<h2>Testen Sie unsere Kurse unverbindlich<\/h2>\n<p>Falls Sie noch nicht sicher sind, nehmen Sie doch an einem kostenlosen Probeunterricht teil. Sollten Sie mit dem Kurs nicht zufrieden sein, erhalten Sie umgehend Ihr Geld zur\u00fcck.<\/p>\n","protected":false},"excerpt":{"rendered":"<p>Wenn Sie einen Deutschkurs in Lausanne suchen, sollten Sie dem Angebot der Sprachschule Aktiv Beachtung schenken. Wir bieten Ihnen nicht nur Pr\u00e4senzunterricht an, sondern f\u00fchren s\u00e4mtliche Kurse wahlweise auch \u00fcber das Internet durch. Lernen Sie in Lausanne Deutsch als Anf\u00e4nger und Fortgeschrittener In der Sprachschule Aktiv in Lausanne k\u00f6nnen Sie als Anf\u00e4nger und Fortgeschrittener beginnen.&hellip; <a class=\"read-more\" href=\"https:\/\/www.sprachschule-aktiv.ch\/deutsch-lernen-in-der-schweiz\/deutschkurse-in-lausanne\/\" title=\"Read Deutschkurse in Lausanne &#8211; Privat-, Abend-, Online-, Intensivkurse\">Read more &raquo;<\/a><\/p>\n","protected":false},"author":2,"featured_media":0,"parent":0,"menu_order":0,"comment_status":"closed","ping_status":"closed","template":"","meta":{"footnotes":""},"class_list":["post-379","page","type-page","status-publish","hentry"],"yoast_head":"<!-- This site is optimized with the Yoast SEO plugin v27.1.1 - https:\/\/yoast.com\/product\/yoast-seo-wordpress\/ -->\n<title>Deutschkurse in Lausanne A1 bis C2 - Sprachschule Aktiv<\/title>\n<meta name=\"description\" content=\"Deutschkurse in Lausanne A1, A2, B1, B2, C1, C2. Deutsch lernen in Kleingruppen in Privat-, Abend-, Online- &amp; Intensivkursen.\" \/>\n<meta name=\"robots\" content=\"index, follow, max-snippet:-1, max-image-preview:large, max-video-preview:-1\" \/>\n<link rel=\"canonical\" href=\"https:\/\/www.sprachschule-aktiv.ch\/deutsch-lernen-in-der-schweiz\/deutschkurse-in-lausanne\/\" \/>\n<meta property=\"og:locale\" content=\"de_DE\" \/>\n<meta property=\"og:type\" content=\"article\" \/>\n<meta property=\"og:title\" content=\"Deutschkurse in Lausanne A1 bis C2 - Sprachschule Aktiv\" \/>\n<meta property=\"og:description\" content=\"Deutschkurse in Lausanne A1, A2, B1, B2, C1, C2. Deutsch lernen in Kleingruppen in Privat-, Abend-, Online- &amp; Intensivkursen.\" \/>\n<meta property=\"og:url\" content=\"https:\/\/www.sprachschule-aktiv.ch\/deutsch-lernen-in-der-schweiz\/deutschkurse-in-lausanne\/\" \/>\n<meta property=\"og:site_name\" content=\"Deutsch lernen in der schweiz\" \/>\n<meta property=\"article:modified_time\" content=\"2025-04-11T18:00:07+00:00\" \/>\n<meta property=\"og:image\" content=\"https:\/\/www.sprachschule-aktiv.ch\/deutsch-lernen-in-der-schweiz\/wp-content\/uploads\/2022\/06\/deutschkurse-in-lausanne.gif\" \/>\n\t<meta property=\"og:image:width\" content=\"700\" \/>\n\t<meta property=\"og:image:height\" content=\"467\" \/>\n\t<meta property=\"og:image:type\" content=\"image\/gif\" \/>\n<meta name=\"twitter:card\" content=\"summary_large_image\" \/>\n<meta name=\"twitter:label1\" content=\"Gesch\u00e4tzte Lesezeit\" \/>\n\t<meta name=\"twitter:data1\" content=\"5\u00a0Minuten\" \/>\n<script type=\"application\/ld+json\" class=\"yoast-schema-graph\">{\"@context\":\"https:\/\/schema.org\",\"@graph\":[{\"@type\":\"WebPage\",\"@id\":\"https:\/\/www.sprachschule-aktiv.ch\/deutsch-lernen-in-der-schweiz\/deutschkurse-in-lausanne\/\",\"url\":\"https:\/\/www.sprachschule-aktiv.ch\/deutsch-lernen-in-der-schweiz\/deutschkurse-in-lausanne\/\",\"name\":\"Deutschkurse in Lausanne A1 bis C2 - Sprachschule Aktiv\",\"isPartOf\":{\"@id\":\"https:\/\/www.sprachschule-aktiv.ch\/deutsch-lernen-in-der-schweiz\/#website\"},\"primaryImageOfPage\":{\"@id\":\"https:\/\/www.sprachschule-aktiv.ch\/deutsch-lernen-in-der-schweiz\/deutschkurse-in-lausanne\/#primaryimage\"},\"image\":{\"@id\":\"https:\/\/www.sprachschule-aktiv.ch\/deutsch-lernen-in-der-schweiz\/deutschkurse-in-lausanne\/#primaryimage\"},\"thumbnailUrl\":\"https:\/\/www.sprachschule-aktiv.ch\/deutsch-lernen-in-der-schweiz\/wp-content\/uploads\/2022\/06\/deutschkurse-in-lausanne.gif\",\"datePublished\":\"2022-06-05T03:45:14+00:00\",\"dateModified\":\"2025-04-11T18:00:07+00:00\",\"description\":\"Deutschkurse in Lausanne A1, A2, B1, B2, C1, C2. Deutsch lernen in Kleingruppen in Privat-, Abend-, Online- & Intensivkursen.\",\"breadcrumb\":{\"@id\":\"https:\/\/www.sprachschule-aktiv.ch\/deutsch-lernen-in-der-schweiz\/deutschkurse-in-lausanne\/#breadcrumb\"},\"inLanguage\":\"de\",\"potentialAction\":[{\"@type\":\"ReadAction\",\"target\":[\"https:\/\/www.sprachschule-aktiv.ch\/deutsch-lernen-in-der-schweiz\/deutschkurse-in-lausanne\/\"]}]},{\"@type\":\"ImageObject\",\"inLanguage\":\"de\",\"@id\":\"https:\/\/www.sprachschule-aktiv.ch\/deutsch-lernen-in-der-schweiz\/deutschkurse-in-lausanne\/#primaryimage\",\"url\":\"https:\/\/www.sprachschule-aktiv.ch\/deutsch-lernen-in-der-schweiz\/wp-content\/uploads\/2022\/06\/deutschkurse-in-lausanne.gif\",\"contentUrl\":\"https:\/\/www.sprachschule-aktiv.ch\/deutsch-lernen-in-der-schweiz\/wp-content\/uploads\/2022\/06\/deutschkurse-in-lausanne.gif\",\"width\":700,\"height\":467,\"caption\":\"Deutschkurse in Lausanne - A1 bis C2\"},{\"@type\":\"BreadcrumbList\",\"@id\":\"https:\/\/www.sprachschule-aktiv.ch\/deutsch-lernen-in-der-schweiz\/deutschkurse-in-lausanne\/#breadcrumb\",\"itemListElement\":[{\"@type\":\"ListItem\",\"position\":1,\"name\":\"Startseite\",\"item\":\"https:\/\/www.sprachschule-aktiv.ch\/deutsch-lernen-in-der-schweiz\/\"},{\"@type\":\"ListItem\",\"position\":2,\"name\":\"Deutschkurse in Lausanne &#8211; Privat-, Abend-, Online-, Intensivkurse\"}]},{\"@type\":\"WebSite\",\"@id\":\"https:\/\/www.sprachschule-aktiv.ch\/deutsch-lernen-in-der-schweiz\/#website\",\"url\":\"https:\/\/www.sprachschule-aktiv.ch\/deutsch-lernen-in-der-schweiz\/\",\"name\":\"Deutsch lernen in der schweiz\",\"description\":\"\",\"potentialAction\":[{\"@type\":\"SearchAction\",\"target\":{\"@type\":\"EntryPoint\",\"urlTemplate\":\"https:\/\/www.sprachschule-aktiv.ch\/deutsch-lernen-in-der-schweiz\/?s={search_term_string}\"},\"query-input\":{\"@type\":\"PropertyValueSpecification\",\"valueRequired\":true,\"valueName\":\"search_term_string\"}}],\"inLanguage\":\"de\"}]}<\/script>\n<!-- \/ Yoast SEO plugin. -->","yoast_head_json":{"title":"Deutschkurse in Lausanne A1 bis C2 - Sprachschule Aktiv","description":"Deutschkurse in Lausanne A1, A2, B1, B2, C1, C2. Deutsch lernen in Kleingruppen in Privat-, Abend-, Online- & Intensivkursen.","robots":{"index":"index","follow":"follow","max-snippet":"max-snippet:-1","max-image-preview":"max-image-preview:large","max-video-preview":"max-video-preview:-1"},"canonical":"https:\/\/www.sprachschule-aktiv.ch\/deutsch-lernen-in-der-schweiz\/deutschkurse-in-lausanne\/","og_locale":"de_DE","og_type":"article","og_title":"Deutschkurse in Lausanne A1 bis C2 - Sprachschule Aktiv","og_description":"Deutschkurse in Lausanne A1, A2, B1, B2, C1, C2. Deutsch lernen in Kleingruppen in Privat-, Abend-, Online- & Intensivkursen.","og_url":"https:\/\/www.sprachschule-aktiv.ch\/deutsch-lernen-in-der-schweiz\/deutschkurse-in-lausanne\/","og_site_name":"Deutsch lernen in der schweiz","article_modified_time":"2025-04-11T18:00:07+00:00","og_image":[{"width":700,"height":467,"url":"https:\/\/www.sprachschule-aktiv.ch\/deutsch-lernen-in-der-schweiz\/wp-content\/uploads\/2022\/06\/deutschkurse-in-lausanne.gif","type":"image\/gif"}],"twitter_card":"summary_large_image","twitter_misc":{"Gesch\u00e4tzte Lesezeit":"5\u00a0Minuten"},"schema":{"@context":"https:\/\/schema.org","@graph":[{"@type":"WebPage","@id":"https:\/\/www.sprachschule-aktiv.ch\/deutsch-lernen-in-der-schweiz\/deutschkurse-in-lausanne\/","url":"https:\/\/www.sprachschule-aktiv.ch\/deutsch-lernen-in-der-schweiz\/deutschkurse-in-lausanne\/","name":"Deutschkurse in Lausanne A1 bis C2 - Sprachschule Aktiv","isPartOf":{"@id":"https:\/\/www.sprachschule-aktiv.ch\/deutsch-lernen-in-der-schweiz\/#website"},"primaryImageOfPage":{"@id":"https:\/\/www.sprachschule-aktiv.ch\/deutsch-lernen-in-der-schweiz\/deutschkurse-in-lausanne\/#primaryimage"},"image":{"@id":"https:\/\/www.sprachschule-aktiv.ch\/deutsch-lernen-in-der-schweiz\/deutschkurse-in-lausanne\/#primaryimage"},"thumbnailUrl":"https:\/\/www.sprachschule-aktiv.ch\/deutsch-lernen-in-der-schweiz\/wp-content\/uploads\/2022\/06\/deutschkurse-in-lausanne.gif","datePublished":"2022-06-05T03:45:14+00:00","dateModified":"2025-04-11T18:00:07+00:00","description":"Deutschkurse in Lausanne A1, A2, B1, B2, C1, C2. Deutsch lernen in Kleingruppen in Privat-, Abend-, Online- & Intensivkursen.","breadcrumb":{"@id":"https:\/\/www.sprachschule-aktiv.ch\/deutsch-lernen-in-der-schweiz\/deutschkurse-in-lausanne\/#breadcrumb"},"inLanguage":"de","potentialAction":[{"@type":"ReadAction","target":["https:\/\/www.sprachschule-aktiv.ch\/deutsch-lernen-in-der-schweiz\/deutschkurse-in-lausanne\/"]}]},{"@type":"ImageObject","inLanguage":"de","@id":"https:\/\/www.sprachschule-aktiv.ch\/deutsch-lernen-in-der-schweiz\/deutschkurse-in-lausanne\/#primaryimage","url":"https:\/\/www.sprachschule-aktiv.ch\/deutsch-lernen-in-der-schweiz\/wp-content\/uploads\/2022\/06\/deutschkurse-in-lausanne.gif","contentUrl":"https:\/\/www.sprachschule-aktiv.ch\/deutsch-lernen-in-der-schweiz\/wp-content\/uploads\/2022\/06\/deutschkurse-in-lausanne.gif","width":700,"height":467,"caption":"Deutschkurse in Lausanne - A1 bis C2"},{"@type":"BreadcrumbList","@id":"https:\/\/www.sprachschule-aktiv.ch\/deutsch-lernen-in-der-schweiz\/deutschkurse-in-lausanne\/#breadcrumb","itemListElement":[{"@type":"ListItem","position":1,"name":"Startseite","item":"https:\/\/www.sprachschule-aktiv.ch\/deutsch-lernen-in-der-schweiz\/"},{"@type":"ListItem","position":2,"name":"Deutschkurse in Lausanne &#8211; Privat-, Abend-, Online-, Intensivkurse"}]},{"@type":"WebSite","@id":"https:\/\/www.sprachschule-aktiv.ch\/deutsch-lernen-in-der-schweiz\/#website","url":"https:\/\/www.sprachschule-aktiv.ch\/deutsch-lernen-in-der-schweiz\/","name":"Deutsch lernen in der schweiz","description":"","potentialAction":[{"@type":"SearchAction","target":{"@type":"EntryPoint","urlTemplate":"https:\/\/www.sprachschule-aktiv.ch\/deutsch-lernen-in-der-schweiz\/?s={search_term_string}"},"query-input":{"@type":"PropertyValueSpecification","valueRequired":true,"valueName":"search_term_string"}}],"inLanguage":"de"}]}},"_links":{"self":[{"href":"https:\/\/www.sprachschule-aktiv.ch\/deutsch-lernen-in-der-schweiz\/wp-json\/wp\/v2\/pages\/379","targetHints":{"allow":["GET"]}}],"collection":[{"href":"https:\/\/www.sprachschule-aktiv.ch\/deutsch-lernen-in-der-schweiz\/wp-json\/wp\/v2\/pages"}],"about":[{"href":"https:\/\/www.sprachschule-aktiv.ch\/deutsch-lernen-in-der-schweiz\/wp-json\/wp\/v2\/types\/page"}],"author":[{"embeddable":true,"href":"https:\/\/www.sprachschule-aktiv.ch\/deutsch-lernen-in-der-schweiz\/wp-json\/wp\/v2\/users\/2"}],"replies":[{"embeddable":true,"href":"https:\/\/www.sprachschule-aktiv.ch\/deutsch-lernen-in-der-schweiz\/wp-json\/wp\/v2\/comments?post=379"}],"version-history":[{"count":2,"href":"https:\/\/www.sprachschule-aktiv.ch\/deutsch-lernen-in-der-schweiz\/wp-json\/wp\/v2\/pages\/379\/revisions"}],"predecessor-version":[{"id":791,"href":"https:\/\/www.sprachschule-aktiv.ch\/deutsch-lernen-in-der-schweiz\/wp-json\/wp\/v2\/pages\/379\/revisions\/791"}],"wp:attachment":[{"href":"https:\/\/www.sprachschule-aktiv.ch\/deutsch-lernen-in-der-schweiz\/wp-json\/wp\/v2\/media?parent=379"}],"curies":[{"name":"wp","href":"https:\/\/api.w.org\/{rel}","templated":true}]}}