{"id":375,"date":"2022-06-04T07:10:25","date_gmt":"2022-06-04T05:10:25","guid":{"rendered":"https:\/\/www.sprachschule-aktiv.ch\/deutsch-lernen-in-der-schweiz\/?page_id=375"},"modified":"2025-04-11T19:53:12","modified_gmt":"2025-04-11T17:53:12","slug":"deutschkurs-in-bern","status":"publish","type":"page","link":"https:\/\/www.sprachschule-aktiv.ch\/deutsch-lernen-in-der-schweiz\/deutschkurs-in-bern\/","title":{"rendered":"Deutschkurs in Bern &#8211; vor Ort oder Online"},"content":{"rendered":"<p>Einen Deutschkurs zu besuchen ist eine gute Entscheidung, denn nur mit fundierten Deutschkenntnissen k\u00f6nnen Sie mit den Menschen in Bern besser kommunizieren und haben gr\u00f6\u00dfere berufliche Aufstiegschancen. Die Sprachschule Aktiv in Bern bietet Ihnen Deutschkurse vor Ort in Bern oder \u00fcber das Internet an.<\/p>\n<img loading=\"lazy\" decoding=\"async\" class=\"alignnone wp-image-376 size-full\" src=\"https:\/\/www.sprachschule-aktiv.ch\/deutsch-lernen-in-der-schweiz\/wp-content\/uploads\/2022\/06\/deutschkurse-in-bern.gif\" alt=\"Deutschkurse in Bern - A1, A2, B1, B2, C1, C2\" width=\"700\" height=\"467\" \/>\n<h2>Das sind die Voraussetzungen f\u00fcr einen Online-Sprachkurs<\/h2>\n<p>Ein Online-Sprachkurs hat den Vorteil, dass Sie Ihre Wohnung nicht verlassen m\u00fcssen. Sie schalten einfach Ihren Computer ein oder \u00f6ffnen Ihr Laptop und nehmen am Unterricht teil.<br \/>\nDie technischen Voraussetzungen sind gering und in den meisten F\u00e4llen im Haus oder in der Wohnung vorhanden. Sie ben\u00f6tigen einen guten Internetanschluss. Falls Sie damit Filme \u00fcber das Netz streamen, ist auch die Teilnahme an einem Deutschkurs kein Problem. Als Endger\u00e4t empfehlen wir einen Computer oder ein Laptop. F\u00fcr Ihren Computer m\u00fcssen Sie eventuell noch ein Mikrofon und eine Webcam kaufen. Beim Laptop sind diese Ger\u00e4te schon installiert. Eine Teilnahme am Deutschkurs ist auch mit einem Tablet oder einem Handy m\u00f6glich, achten Sie aber darauf, dass Sie bei einem kleinen Bildschirm eventuell nicht mehr alle Details mitbekommen.<\/p>\n<a href=\"https:\/\/www.sprachschule-aktiv.ch\/deutsch-lernen-in-der-schweiz\/kontakt\/\"><img loading=\"lazy\" decoding=\"async\" class=\"alignnone wp-image-972 size-full\" title=\"Schnelle Anfrage - Deutschkurs Z\u00fcrich\" src=\"https:\/\/www.sprachschule-aktiv.ch\/wp-content\/uploads\/2017\/03\/boton-schnelle-anfrage.png\" alt=\"Schnelle Anfrage - Deutschkurs Z\u00fcrich\" width=\"220\" height=\"65\" \/><\/a>\n<h2>Unsere Deutschkurse in Bern finden auf allen Niveaustufen statt &#8211; A1 bis C2<\/h2>\n<p>Wir unterrichten Anf\u00e4nger und Fortgeschrittene. Die Kurse sind entsprechend dem gemeinsamen europ\u00e4ischen Referenzrahmen f\u00fcr Sprachen in die Stufen A1 bis C2 eingeteilt. Als Anf\u00e4nger beginnen Sie mit der Stufe A1 und k\u00f6nnen Ihre Ausbildung bis zur Stufe C2 fortsetzen.<br \/>\nFalls Sie Ihr aktuelles Niveau nicht wissen, nehmen Sie an einem <a href=\"https:\/\/www.sprachschule-aktiv.ch\/deutsch-lernen-in-der-schweiz\/deutsch-einstufungstest\/\">kostenlosen Einstufungstest<\/a> \u00fcber das Internet teil.<\/p>\n<h2>Deutsch Abendkurse in Bern<\/h2>\n<p>Die Abendkurse finden mit einer Teilnehmerzahl von h\u00f6chstens zehn Personen statt. Die Gruppe trifft sich im Internet oder in unseren Kursr\u00e4umen. Durch die kleine Gruppenst\u00e4rke haben Sie oft Gelegenheit, Deutsch zu lernen.<br \/>\n<strong>Kosten:<\/strong> 350 CHF + 50 CHF Kursmaterial<br \/>\n<strong>Beginn:<\/strong> am ersten Montag im Monat<br \/>\n<strong>Dauer:<\/strong> 12 Wochen, bei zwei Stunden Unterricht pro Woche<br \/>\n<strong>Termine:<\/strong> jeden Montag von 19:00 bis 20:30 Uhr<\/p>\n<a href=\"https:\/\/www.sprachschule-aktiv.ch\/deutsch-lernen-in-der-schweiz\/anmeldung\/\"><img loading=\"lazy\" decoding=\"async\" class=\"alignnone size-full wp-image-233\" src=\"https:\/\/www.sprachschule-aktiv.ch\/deutsch-lernen-in-der-schweiz\/wp-content\/uploads\/2022\/04\/jetzt-deutschkurs-buchen.webp\" alt=\"Jetzt Deutschkurs buchen\" width=\"239\" height=\"62\" \/><\/a>\n<h2>Die Deutsch Intensivkurse in Bern<\/h2>\n<p>Einen Intensivkurs w\u00e4hlen Sie, wenn Sie schnelle Fortschritte machen wollen. Der Kurs findet von Montag bis Freitag von 9:00 Uhr bis 12:00 Uhr statt. Falls Sie an einer Sprachpr\u00fcfung (telc-Test oder TestDaF) teilnehmen wollen, erhalten Sie in diesen Kursen eine gute Vorbereitung.<br \/>\n<strong>Beginn:<\/strong> am ersten Montag im Monat<br \/>\n<strong>Termine:<\/strong> Montag bis Freitag von 9:00 bis 12:00 Uhr<br \/>\n<strong>Preise:<\/strong><\/p>\n<p>Intensivkurs Deutsch 4 Wochen: 790 CHF<br \/>\nIntensivkurs Deutsch 3 Wochen: 675 CHF<br \/>\nIntensivkurs Deutsch 2 Wochen: 580 CHF<br \/>\nIntensivkurs Deutsch 1 Woche: 395 CHF<br \/>\nIntensivkurs Fremdsprache 4 Wochen: 990 CHF<br \/>\nIntensivkurs Fremdsprache 3 Wochen: 750 CHF<br \/>\nIntensivkurs Fremdsprache 2 Wochen: 580 CHF<br \/>\nIntensivkurs Fremdsprache 1 Woche: 370 CHF<br \/>\n&nbsp;<\/p>\n<a href=\"https:\/\/www.sprachschule-aktiv.ch\/deutsch-lernen-in-der-schweiz\/anmeldung\/\"><img loading=\"lazy\" decoding=\"async\" class=\"alignnone size-full wp-image-233\" src=\"https:\/\/www.sprachschule-aktiv.ch\/deutsch-lernen-in-der-schweiz\/wp-content\/uploads\/2022\/04\/jetzt-deutschkurs-buchen.webp\" alt=\"Jetzt Deutschkurs buchen\" width=\"239\" height=\"62\" \/><\/a>\n<h2>Deutsch Privatunterricht in Bern<\/h2>\n<p>Der Privatunterricht ist eine der besten Lernm\u00f6glichkeiten f\u00fcr eine Sprache. Durch den direkten Kontakt mit einer muttersprachlichen Lehrkraft machen Sie schnelle Fortschritte. Sie bestimmen die Uhrzeit und die Lehrinhalte. Je mehr Stunden Sie buchen, desto g\u00fcnstiger sind die Preise.<br \/>\n<strong>Kosten:<\/strong><br \/>\nBis 19 Stunden: 60 CHF pro Stunde<br \/>\nAb 20 Stunden: 58 CHF<br \/>\nAb 30 Stunden: 50 CHF<\/p>\n<a href=\"https:\/\/www.sprachschule-aktiv.ch\/deutsch-lernen-in-der-schweiz\/anmeldung\/\"><img loading=\"lazy\" decoding=\"async\" class=\"alignnone size-full wp-image-233\" src=\"https:\/\/www.sprachschule-aktiv.ch\/deutsch-lernen-in-der-schweiz\/wp-content\/uploads\/2022\/04\/jetzt-deutschkurs-buchen.webp\" alt=\"Jetzt Deutschkurs buchen\" width=\"239\" height=\"62\" \/><\/a>\n<h2>In Bern unterrichten freundliche Muttersprachler<\/h2>\n<p>Die Deutschkurse in Bern geben nur deutsche Muttersprachler, welche die Sprache akzentfrei sprechen. Sie haben eine p\u00e4dagogische Ausbildung und ein freundliches Wesen.<\/p>\n<h2>Testen Sie unsere Deutschkurse in Bern<\/h2>\n<p>Alle unsere Deutschkurse k\u00f6nnen Sie zun\u00e4chst testen. Melden Sie sich zum passenden Kurs an, die erste Stunde ist immer eine Probestunde. Falls Sie mit der Leistung der Lehrkraft nicht zufrieden sein sollten, erhalten Sie umgehend bereits bezahlte Kursgeb\u00fchren zur\u00fcck.<\/p>\n<h2>Melden Sie sich noch heute zu einem Deutschkurs in Bern an<\/h2>\n<p>Falls Sie noch Fragen haben, hilft Ihnen unser Supportteam gerne weiter. Nutzen Sie f\u00fcr Fragen und einer Kursanmeldung das Formular auf unserer Internetseite.<\/p>\n<p><iframe loading=\"lazy\" title=\"YouTube video player\" src=\"https:\/\/www.youtube.com\/embed\/JOvJI8b4z_E\" width=\"560\" height=\"315\" frameborder=\"0\" allowfullscreen=\"allowfullscreen\"><\/iframe><\/p>\n","protected":false},"excerpt":{"rendered":"<p>Einen Deutschkurs zu besuchen ist eine gute Entscheidung, denn nur mit fundierten Deutschkenntnissen k\u00f6nnen Sie mit den Menschen in Bern besser kommunizieren und haben gr\u00f6\u00dfere berufliche Aufstiegschancen. Die Sprachschule Aktiv in Bern bietet Ihnen Deutschkurse vor Ort in Bern oder \u00fcber das Internet an. Das sind die Voraussetzungen f\u00fcr einen Online-Sprachkurs Ein Online-Sprachkurs hat den&hellip; <a class=\"read-more\" href=\"https:\/\/www.sprachschule-aktiv.ch\/deutsch-lernen-in-der-schweiz\/deutschkurs-in-bern\/\" title=\"Read Deutschkurs in Bern &#8211; vor Ort oder Online\">Read more &raquo;<\/a><\/p>\n","protected":false},"author":2,"featured_media":0,"parent":0,"menu_order":0,"comment_status":"closed","ping_status":"closed","template":"","meta":{"footnotes":""},"class_list":["post-375","page","type-page","status-publish","hentry"],"yoast_head":"<!-- This site is optimized with the Yoast SEO plugin v27.1.1 - https:\/\/yoast.com\/product\/yoast-seo-wordpress\/ -->\n<title>Deutschkurse in Bern - vor Ort oder Online<\/title>\n<meta name=\"description\" content=\"Deutsch lernen in Bern in Intensiv-, Privat-, Abend- &amp; Onlinekurse. Sprachschule f\u00fcr Deutschkurse f\u00fcr A1, A2, B1, B2, C1, C2.\" \/>\n<meta name=\"robots\" content=\"index, follow, max-snippet:-1, max-image-preview:large, max-video-preview:-1\" \/>\n<link rel=\"canonical\" href=\"https:\/\/www.sprachschule-aktiv.ch\/deutsch-lernen-in-der-schweiz\/deutschkurs-in-bern\/\" \/>\n<meta property=\"og:locale\" content=\"de_DE\" \/>\n<meta property=\"og:type\" content=\"article\" \/>\n<meta property=\"og:title\" content=\"Deutschkurse in Bern - vor Ort oder Online\" \/>\n<meta property=\"og:description\" content=\"Deutsch lernen in Bern in Intensiv-, Privat-, Abend- &amp; Onlinekurse. Sprachschule f\u00fcr Deutschkurse f\u00fcr A1, A2, B1, B2, C1, C2.\" \/>\n<meta property=\"og:url\" content=\"https:\/\/www.sprachschule-aktiv.ch\/deutsch-lernen-in-der-schweiz\/deutschkurs-in-bern\/\" \/>\n<meta property=\"og:site_name\" content=\"Deutsch lernen in der schweiz\" \/>\n<meta property=\"article:modified_time\" content=\"2025-04-11T17:53:12+00:00\" \/>\n<meta property=\"og:image\" content=\"https:\/\/www.sprachschule-aktiv.ch\/deutsch-lernen-in-der-schweiz\/wp-content\/uploads\/2022\/06\/deutschkurse-in-bern.gif\" \/>\n\t<meta property=\"og:image:width\" content=\"700\" \/>\n\t<meta property=\"og:image:height\" content=\"467\" \/>\n\t<meta property=\"og:image:type\" content=\"image\/gif\" \/>\n<meta name=\"twitter:card\" content=\"summary_large_image\" \/>\n<meta name=\"twitter:label1\" content=\"Gesch\u00e4tzte Lesezeit\" \/>\n\t<meta name=\"twitter:data1\" content=\"5\u00a0Minuten\" \/>\n<script type=\"application\/ld+json\" class=\"yoast-schema-graph\">{\"@context\":\"https:\/\/schema.org\",\"@graph\":[{\"@type\":\"WebPage\",\"@id\":\"https:\/\/www.sprachschule-aktiv.ch\/deutsch-lernen-in-der-schweiz\/deutschkurs-in-bern\/\",\"url\":\"https:\/\/www.sprachschule-aktiv.ch\/deutsch-lernen-in-der-schweiz\/deutschkurs-in-bern\/\",\"name\":\"Deutschkurse in Bern - vor Ort oder Online\",\"isPartOf\":{\"@id\":\"https:\/\/www.sprachschule-aktiv.ch\/deutsch-lernen-in-der-schweiz\/#website\"},\"primaryImageOfPage\":{\"@id\":\"https:\/\/www.sprachschule-aktiv.ch\/deutsch-lernen-in-der-schweiz\/deutschkurs-in-bern\/#primaryimage\"},\"image\":{\"@id\":\"https:\/\/www.sprachschule-aktiv.ch\/deutsch-lernen-in-der-schweiz\/deutschkurs-in-bern\/#primaryimage\"},\"thumbnailUrl\":\"https:\/\/www.sprachschule-aktiv.ch\/deutsch-lernen-in-der-schweiz\/wp-content\/uploads\/2022\/06\/deutschkurse-in-bern.gif\",\"datePublished\":\"2022-06-04T05:10:25+00:00\",\"dateModified\":\"2025-04-11T17:53:12+00:00\",\"description\":\"Deutsch lernen in Bern in Intensiv-, Privat-, Abend- & Onlinekurse. Sprachschule f\u00fcr Deutschkurse f\u00fcr A1, A2, B1, B2, C1, C2.\",\"breadcrumb\":{\"@id\":\"https:\/\/www.sprachschule-aktiv.ch\/deutsch-lernen-in-der-schweiz\/deutschkurs-in-bern\/#breadcrumb\"},\"inLanguage\":\"de\",\"potentialAction\":[{\"@type\":\"ReadAction\",\"target\":[\"https:\/\/www.sprachschule-aktiv.ch\/deutsch-lernen-in-der-schweiz\/deutschkurs-in-bern\/\"]}]},{\"@type\":\"ImageObject\",\"inLanguage\":\"de\",\"@id\":\"https:\/\/www.sprachschule-aktiv.ch\/deutsch-lernen-in-der-schweiz\/deutschkurs-in-bern\/#primaryimage\",\"url\":\"https:\/\/www.sprachschule-aktiv.ch\/deutsch-lernen-in-der-schweiz\/wp-content\/uploads\/2022\/06\/deutschkurse-in-bern.gif\",\"contentUrl\":\"https:\/\/www.sprachschule-aktiv.ch\/deutsch-lernen-in-der-schweiz\/wp-content\/uploads\/2022\/06\/deutschkurse-in-bern.gif\",\"width\":700,\"height\":467,\"caption\":\"Deutschkurse in Bern - A1, A2, B1, B2, C1, C2\"},{\"@type\":\"BreadcrumbList\",\"@id\":\"https:\/\/www.sprachschule-aktiv.ch\/deutsch-lernen-in-der-schweiz\/deutschkurs-in-bern\/#breadcrumb\",\"itemListElement\":[{\"@type\":\"ListItem\",\"position\":1,\"name\":\"Startseite\",\"item\":\"https:\/\/www.sprachschule-aktiv.ch\/deutsch-lernen-in-der-schweiz\/\"},{\"@type\":\"ListItem\",\"position\":2,\"name\":\"Deutschkurs in Bern &#8211; vor Ort oder Online\"}]},{\"@type\":\"WebSite\",\"@id\":\"https:\/\/www.sprachschule-aktiv.ch\/deutsch-lernen-in-der-schweiz\/#website\",\"url\":\"https:\/\/www.sprachschule-aktiv.ch\/deutsch-lernen-in-der-schweiz\/\",\"name\":\"Deutsch lernen in der schweiz\",\"description\":\"\",\"potentialAction\":[{\"@type\":\"SearchAction\",\"target\":{\"@type\":\"EntryPoint\",\"urlTemplate\":\"https:\/\/www.sprachschule-aktiv.ch\/deutsch-lernen-in-der-schweiz\/?s={search_term_string}\"},\"query-input\":{\"@type\":\"PropertyValueSpecification\",\"valueRequired\":true,\"valueName\":\"search_term_string\"}}],\"inLanguage\":\"de\"}]}<\/script>\n<!-- \/ Yoast SEO plugin. -->","yoast_head_json":{"title":"Deutschkurse in Bern - vor Ort oder Online","description":"Deutsch lernen in Bern in Intensiv-, Privat-, Abend- & Onlinekurse. Sprachschule f\u00fcr Deutschkurse f\u00fcr A1, A2, B1, B2, C1, C2.","robots":{"index":"index","follow":"follow","max-snippet":"max-snippet:-1","max-image-preview":"max-image-preview:large","max-video-preview":"max-video-preview:-1"},"canonical":"https:\/\/www.sprachschule-aktiv.ch\/deutsch-lernen-in-der-schweiz\/deutschkurs-in-bern\/","og_locale":"de_DE","og_type":"article","og_title":"Deutschkurse in Bern - vor Ort oder Online","og_description":"Deutsch lernen in Bern in Intensiv-, Privat-, Abend- & Onlinekurse. Sprachschule f\u00fcr Deutschkurse f\u00fcr A1, A2, B1, B2, C1, C2.","og_url":"https:\/\/www.sprachschule-aktiv.ch\/deutsch-lernen-in-der-schweiz\/deutschkurs-in-bern\/","og_site_name":"Deutsch lernen in der schweiz","article_modified_time":"2025-04-11T17:53:12+00:00","og_image":[{"width":700,"height":467,"url":"https:\/\/www.sprachschule-aktiv.ch\/deutsch-lernen-in-der-schweiz\/wp-content\/uploads\/2022\/06\/deutschkurse-in-bern.gif","type":"image\/gif"}],"twitter_card":"summary_large_image","twitter_misc":{"Gesch\u00e4tzte Lesezeit":"5\u00a0Minuten"},"schema":{"@context":"https:\/\/schema.org","@graph":[{"@type":"WebPage","@id":"https:\/\/www.sprachschule-aktiv.ch\/deutsch-lernen-in-der-schweiz\/deutschkurs-in-bern\/","url":"https:\/\/www.sprachschule-aktiv.ch\/deutsch-lernen-in-der-schweiz\/deutschkurs-in-bern\/","name":"Deutschkurse in Bern - vor Ort oder Online","isPartOf":{"@id":"https:\/\/www.sprachschule-aktiv.ch\/deutsch-lernen-in-der-schweiz\/#website"},"primaryImageOfPage":{"@id":"https:\/\/www.sprachschule-aktiv.ch\/deutsch-lernen-in-der-schweiz\/deutschkurs-in-bern\/#primaryimage"},"image":{"@id":"https:\/\/www.sprachschule-aktiv.ch\/deutsch-lernen-in-der-schweiz\/deutschkurs-in-bern\/#primaryimage"},"thumbnailUrl":"https:\/\/www.sprachschule-aktiv.ch\/deutsch-lernen-in-der-schweiz\/wp-content\/uploads\/2022\/06\/deutschkurse-in-bern.gif","datePublished":"2022-06-04T05:10:25+00:00","dateModified":"2025-04-11T17:53:12+00:00","description":"Deutsch lernen in Bern in Intensiv-, Privat-, Abend- & Onlinekurse. Sprachschule f\u00fcr Deutschkurse f\u00fcr A1, A2, B1, B2, C1, C2.","breadcrumb":{"@id":"https:\/\/www.sprachschule-aktiv.ch\/deutsch-lernen-in-der-schweiz\/deutschkurs-in-bern\/#breadcrumb"},"inLanguage":"de","potentialAction":[{"@type":"ReadAction","target":["https:\/\/www.sprachschule-aktiv.ch\/deutsch-lernen-in-der-schweiz\/deutschkurs-in-bern\/"]}]},{"@type":"ImageObject","inLanguage":"de","@id":"https:\/\/www.sprachschule-aktiv.ch\/deutsch-lernen-in-der-schweiz\/deutschkurs-in-bern\/#primaryimage","url":"https:\/\/www.sprachschule-aktiv.ch\/deutsch-lernen-in-der-schweiz\/wp-content\/uploads\/2022\/06\/deutschkurse-in-bern.gif","contentUrl":"https:\/\/www.sprachschule-aktiv.ch\/deutsch-lernen-in-der-schweiz\/wp-content\/uploads\/2022\/06\/deutschkurse-in-bern.gif","width":700,"height":467,"caption":"Deutschkurse in Bern - A1, A2, B1, B2, C1, C2"},{"@type":"BreadcrumbList","@id":"https:\/\/www.sprachschule-aktiv.ch\/deutsch-lernen-in-der-schweiz\/deutschkurs-in-bern\/#breadcrumb","itemListElement":[{"@type":"ListItem","position":1,"name":"Startseite","item":"https:\/\/www.sprachschule-aktiv.ch\/deutsch-lernen-in-der-schweiz\/"},{"@type":"ListItem","position":2,"name":"Deutschkurs in Bern &#8211; vor Ort oder Online"}]},{"@type":"WebSite","@id":"https:\/\/www.sprachschule-aktiv.ch\/deutsch-lernen-in-der-schweiz\/#website","url":"https:\/\/www.sprachschule-aktiv.ch\/deutsch-lernen-in-der-schweiz\/","name":"Deutsch lernen in der schweiz","description":"","potentialAction":[{"@type":"SearchAction","target":{"@type":"EntryPoint","urlTemplate":"https:\/\/www.sprachschule-aktiv.ch\/deutsch-lernen-in-der-schweiz\/?s={search_term_string}"},"query-input":{"@type":"PropertyValueSpecification","valueRequired":true,"valueName":"search_term_string"}}],"inLanguage":"de"}]}},"_links":{"self":[{"href":"https:\/\/www.sprachschule-aktiv.ch\/deutsch-lernen-in-der-schweiz\/wp-json\/wp\/v2\/pages\/375","targetHints":{"allow":["GET"]}}],"collection":[{"href":"https:\/\/www.sprachschule-aktiv.ch\/deutsch-lernen-in-der-schweiz\/wp-json\/wp\/v2\/pages"}],"about":[{"href":"https:\/\/www.sprachschule-aktiv.ch\/deutsch-lernen-in-der-schweiz\/wp-json\/wp\/v2\/types\/page"}],"author":[{"embeddable":true,"href":"https:\/\/www.sprachschule-aktiv.ch\/deutsch-lernen-in-der-schweiz\/wp-json\/wp\/v2\/users\/2"}],"replies":[{"embeddable":true,"href":"https:\/\/www.sprachschule-aktiv.ch\/deutsch-lernen-in-der-schweiz\/wp-json\/wp\/v2\/comments?post=375"}],"version-history":[{"count":3,"href":"https:\/\/www.sprachschule-aktiv.ch\/deutsch-lernen-in-der-schweiz\/wp-json\/wp\/v2\/pages\/375\/revisions"}],"predecessor-version":[{"id":780,"href":"https:\/\/www.sprachschule-aktiv.ch\/deutsch-lernen-in-der-schweiz\/wp-json\/wp\/v2\/pages\/375\/revisions\/780"}],"wp:attachment":[{"href":"https:\/\/www.sprachschule-aktiv.ch\/deutsch-lernen-in-der-schweiz\/wp-json\/wp\/v2\/media?parent=375"}],"curies":[{"name":"wp","href":"https:\/\/api.w.org\/{rel}","templated":true}]}}