{"id":371,"date":"2022-06-04T06:35:44","date_gmt":"2022-06-04T04:35:44","guid":{"rendered":"https:\/\/www.sprachschule-aktiv.ch\/deutsch-lernen-in-der-schweiz\/?page_id=371"},"modified":"2022-06-04T06:36:01","modified_gmt":"2022-06-04T04:36:01","slug":"deutsch-abendkurse","status":"publish","type":"page","link":"https:\/\/www.sprachschule-aktiv.ch\/deutsch-lernen-in-der-schweiz\/deutsch-abendkurse\/","title":{"rendered":"Deutsch Abendkurse in der Schweiz &#8211; f\u00fcr Anf\u00e4nger &#038; Fortgeschrittene"},"content":{"rendered":"<p>Ein Abendkurs einmal oder zweimal in der Woche ist der klassische Weg eine Sprache zu lernen. Die Gruppe trifft sich in unseren Kursr\u00e4umen oder \u00fcber das Internet und lernt die deutsche Sprache in entspannter Atmosph\u00e4re. Die Teilnehmer machen stetige Fortschritte und schon nach wenigen Stunden beherrschen sie die Grundlagen, die sie dann noch weiter ausbauen m\u00fcssen. <strong>Deutsch Abendkurse in der Schweiz f\u00fcr Anf\u00e4nger und Fortgeschrittene mit gratis Probestunde!<\/strong><\/p>\n<img loading=\"lazy\" decoding=\"async\" class=\"alignnone wp-image-372 size-full\" src=\"https:\/\/www.sprachschule-aktiv.ch\/deutsch-lernen-in-der-schweiz\/wp-content\/uploads\/2022\/06\/deutsch-abendkurse-in-der-schweiz-fuer-anfaenger-fortgeschrittene.webp\" alt=\"Deutsch Abendkurse in der Schweiz - f\u00fcr Anf\u00e4nger &amp; Fortgeschrittene\" width=\"500\" height=\"351\" srcset=\"https:\/\/www.sprachschule-aktiv.ch\/deutsch-lernen-in-der-schweiz\/wp-content\/uploads\/2022\/06\/deutsch-abendkurse-in-der-schweiz-fuer-anfaenger-fortgeschrittene.webp 500w, https:\/\/www.sprachschule-aktiv.ch\/deutsch-lernen-in-der-schweiz\/wp-content\/uploads\/2022\/06\/deutsch-abendkurse-in-der-schweiz-fuer-anfaenger-fortgeschrittene-300x211.webp 300w\" sizes=\"auto, (max-width: 500px) 100vw, 500px\" \/>\n<h2>Abendkurs in der Schweiz von A1 bis C2<\/h2>\n<p>Die Sprachschule Aktiv bietet Ihnen Abendkurse auf allen Niveaustufen an. Anf\u00e4nger ohne Vorkenntnisse starten in den Kursen mit der Niveaustufe A1. Diese und alle anderen Stufen orientieren sich am gemeinsamen europ\u00e4ischen Referenzrahmen f\u00fcr Sprachen. Insgesamt gibt es sechs Stufen von A1 bis C2. Wenn Sie diese komplett absolvieren, beherrschen Sie Deutsch fast wie ein Muttersprachler.<br \/>\nDer europ\u00e4ische Referenzrahmen macht es Ihnen leicht, den Anbieter zu wechseln, wenn beide Schulen diesen Referenzrahmen verwenden. Sollte das nicht der Fall sein, ist das ebenfalls kein Problem. Wir stufen Sie gerne unverbindlich ein. Nutzen Sie dazu den <a href=\"https:\/\/www.sprachschule-aktiv.ch\/deutsch-lernen-in-der-schweiz\/deutsch-einstufungstest\/\">kostenlosen Test<\/a> auf unserer Internetseite.<\/p>\n<a href=\"https:\/\/www.sprachschule-aktiv.ch\/deutsch-lernen-in-der-schweiz\/kontakt\/\"><img loading=\"lazy\" decoding=\"async\" class=\"alignnone wp-image-972 size-full\" title=\"Schnelle Anfrage - Deutschkurs Z\u00fcrich\" src=\"https:\/\/www.sprachschule-aktiv.ch\/wp-content\/uploads\/2017\/03\/boton-schnelle-anfrage.png\" alt=\"Schnelle Anfrage - Deutschkurs Z\u00fcrich\" width=\"220\" height=\"65\" \/><\/a>\n<h2>Die Abendkurse finden in kleinen Gruppen statt<\/h2>\n<p>Die Gruppengr\u00f6sse ist f\u00fcr den Lernerfolg sehr wichtig. Das ist ein grosses Problem in der Schule, denn dort gibt es h\u00e4ufig 25 Sch\u00fcler und mehr. Unsere Gruppen bestehen aus h\u00f6chstens 7 Teilnehmern. Jeder hat Gelegenheit, die deutsche Sprache oft zu \u00fcben. Die Lehrkraft k\u00fcmmert sich um jeden Sch\u00fcler und arbeitet an dessen speziellen Problemen.<\/p>\n<h2>Die Lehrkr\u00e4fte sind f\u00fcr den Erfolg entscheidend<\/h2>\n<p>Uns ist sehr wohl bewusst, dass der Erfolg eines Deutschkurses von der Lehrkraft abh\u00e4ngt. Ist diese kompetent, freundlich und engagiert, dann macht der Unterricht Spass, andernfalls ist jede Stunde eine Qual. Deshalb durchlaufen unserer Lehrkr\u00e4fte ein mehrstufiges Auswahlverfahren. Wichtig ist, dass es sich um Muttersprachler handelt, welche die deutsche Sprache akzentfrei sprechen. Die Lehrkr\u00e4fte haben ausserdem eine p\u00e4dagogische Hochschulausbildung. In einem l\u00e4ngeren Gespr\u00e4ch achten wir besonders auf die menschlichen Qualit\u00e4ten. Ist die Lehrkraft freundlich und bleibt sie auch in stressigen Situationen gelassen, hat er oder sie gute Chancen auf die Stelle.<\/p>\n<h2>Die Kosten eines Deutsch Abendkurses in der Schweiz &#8211; vor Ort oder Online<\/h2>\n<p><strong>Dauer:<\/strong> 12 Wochen, eine Doppelstunde in der Woche<br \/>\n<strong>Starttermine:<\/strong> am ersten Dienstag im Monat<br \/>\n<strong>Termine:<\/strong> jeden Dienstag von 19:00 bis 20:30 Uhr<br \/>\n<strong>Preis:<\/strong> 280 CHF<\/p>\n<a href=\"https:\/\/www.sprachschule-aktiv.ch\/deutsch-lernen-in-der-schweiz\/anmeldung\/\"><img loading=\"lazy\" decoding=\"async\" class=\"alignnone size-full wp-image-233\" src=\"https:\/\/www.sprachschule-aktiv.ch\/deutsch-lernen-in-der-schweiz\/wp-content\/uploads\/2022\/04\/jetzt-deutschkurs-buchen.webp\" alt=\"Jetzt Deutschkurs buchen\" width=\"239\" height=\"62\" \/><\/a>\n<h2>Die Teilnahme an einem Deutschkurs ist ohne Risiko<\/h2>\n<p>Ein Sprachkurs ist eine lohnende Investition in Ihre Zukunft. Sie sollen jedoch auch sicher sein, dass der Sprachkurs h\u00e4lt, was er verspricht. Wir bieten Ihnen deshalb eine Geld-zur\u00fcck-Garantie an, wenn Sie mit dem Kurs nicht zufrieden sein sollten. Das funktioniert einfach und unkompliziert. Sie melden sich einfach zum gew\u00fcnschten Kurs an und besuchen die erste Stunde. Sind Sie mit dem Konzept und der Lehrkraft zufrieden, setzen Sie den Kurs fort. Ansonsten sagen Sie uns Bescheid. Wir melden Sie vom Kurs ab und erstatten Ihnen Ihr Geld zur\u00fcck.<br \/>\nSollte w\u00e4hrend des Kurses ein Problem auftreten, kl\u00e4ren Sie das am besten zuvor mit der Lehrkraft. F\u00fchrt das zu keinem Ergebnis, wenden Sie sich an unsere Mitarbeiter, die Ihnen gerne weiterhelfen.<\/p>\n<h2>Melden Sie sich noch heute zum Deutschkurs Ihrer Wahl an<\/h2>\n<p>Auf unserer Internetseite finden Sie ein Anmeldeformular. Sie k\u00f6nnen uns nat\u00fcrlich einfach anrufen und sich zun\u00e4chst beraten lassen. Wir freuen uns darauf, Sie im n\u00e4chsten Kurs begr\u00fcssen zu k\u00f6nnen.<\/p>\n<p><iframe loading=\"lazy\" title=\"YouTube video player\" src=\"https:\/\/www.youtube.com\/embed\/JOvJI8b4z_E\" width=\"560\" height=\"315\" frameborder=\"0\" allowfullscreen=\"allowfullscreen\"><\/iframe><\/p>\n","protected":false},"excerpt":{"rendered":"<p>Ein Abendkurs einmal oder zweimal in der Woche ist der klassische Weg eine Sprache zu lernen. Die Gruppe trifft sich in unseren Kursr\u00e4umen oder \u00fcber das Internet und lernt die deutsche Sprache in entspannter Atmosph\u00e4re. Die Teilnehmer machen stetige Fortschritte und schon nach wenigen Stunden beherrschen sie die Grundlagen, die sie dann noch weiter ausbauen&hellip; <a class=\"read-more\" href=\"https:\/\/www.sprachschule-aktiv.ch\/deutsch-lernen-in-der-schweiz\/deutsch-abendkurse\/\" title=\"Read Deutsch Abendkurse in der Schweiz &#8211; f\u00fcr Anf\u00e4nger &#038; Fortgeschrittene\">Read more &raquo;<\/a><\/p>\n","protected":false},"author":2,"featured_media":0,"parent":0,"menu_order":0,"comment_status":"closed","ping_status":"closed","template":"","meta":{"footnotes":""},"class_list":["post-371","page","type-page","status-publish","hentry"],"yoast_head":"<!-- This site is optimized with the Yoast SEO plugin v27.1.1 - https:\/\/yoast.com\/product\/yoast-seo-wordpress\/ -->\n<title>Deutsch Abendkurse in der Schweiz - A1 bis C2<\/title>\n<meta name=\"description\" content=\"Deutsch Abendkurse in der Schweiz f\u00fcr Anf\u00e4nger &amp; Fortgeschrittene mit gratis Probestunde! Kursdauer 12 Wochen\/90 Min. pro Woche.\" \/>\n<meta name=\"robots\" content=\"index, follow, max-snippet:-1, max-image-preview:large, max-video-preview:-1\" \/>\n<link rel=\"canonical\" href=\"https:\/\/www.sprachschule-aktiv.ch\/deutsch-lernen-in-der-schweiz\/deutsch-abendkurse\/\" \/>\n<meta property=\"og:locale\" content=\"de_DE\" \/>\n<meta property=\"og:type\" content=\"article\" \/>\n<meta property=\"og:title\" content=\"Deutsch Abendkurse in der Schweiz - A1 bis C2\" \/>\n<meta property=\"og:description\" content=\"Deutsch Abendkurse in der Schweiz f\u00fcr Anf\u00e4nger &amp; Fortgeschrittene mit gratis Probestunde! Kursdauer 12 Wochen\/90 Min. pro Woche.\" \/>\n<meta property=\"og:url\" content=\"https:\/\/www.sprachschule-aktiv.ch\/deutsch-lernen-in-der-schweiz\/deutsch-abendkurse\/\" \/>\n<meta property=\"og:site_name\" content=\"Deutsch lernen in der schweiz\" \/>\n<meta property=\"article:modified_time\" content=\"2022-06-04T04:36:01+00:00\" \/>\n<meta property=\"og:image\" content=\"https:\/\/www.sprachschule-aktiv.ch\/deutsch-lernen-in-der-schweiz\/wp-content\/uploads\/2022\/06\/deutsch-abendkurse-in-der-schweiz-fuer-anfaenger-fortgeschrittene.webp\" \/>\n<meta name=\"twitter:card\" content=\"summary_large_image\" \/>\n<meta name=\"twitter:label1\" content=\"Gesch\u00e4tzte Lesezeit\" \/>\n\t<meta name=\"twitter:data1\" content=\"3\u00a0Minuten\" \/>\n<script type=\"application\/ld+json\" class=\"yoast-schema-graph\">{\"@context\":\"https:\/\/schema.org\",\"@graph\":[{\"@type\":\"WebPage\",\"@id\":\"https:\/\/www.sprachschule-aktiv.ch\/deutsch-lernen-in-der-schweiz\/deutsch-abendkurse\/\",\"url\":\"https:\/\/www.sprachschule-aktiv.ch\/deutsch-lernen-in-der-schweiz\/deutsch-abendkurse\/\",\"name\":\"Deutsch Abendkurse in der Schweiz - A1 bis C2\",\"isPartOf\":{\"@id\":\"https:\/\/www.sprachschule-aktiv.ch\/deutsch-lernen-in-der-schweiz\/#website\"},\"primaryImageOfPage\":{\"@id\":\"https:\/\/www.sprachschule-aktiv.ch\/deutsch-lernen-in-der-schweiz\/deutsch-abendkurse\/#primaryimage\"},\"image\":{\"@id\":\"https:\/\/www.sprachschule-aktiv.ch\/deutsch-lernen-in-der-schweiz\/deutsch-abendkurse\/#primaryimage\"},\"thumbnailUrl\":\"https:\/\/www.sprachschule-aktiv.ch\/deutsch-lernen-in-der-schweiz\/wp-content\/uploads\/2022\/06\/deutsch-abendkurse-in-der-schweiz-fuer-anfaenger-fortgeschrittene.webp\",\"datePublished\":\"2022-06-04T04:35:44+00:00\",\"dateModified\":\"2022-06-04T04:36:01+00:00\",\"description\":\"Deutsch Abendkurse in der Schweiz f\u00fcr Anf\u00e4nger & Fortgeschrittene mit gratis Probestunde! Kursdauer 12 Wochen\/90 Min. pro Woche.\",\"breadcrumb\":{\"@id\":\"https:\/\/www.sprachschule-aktiv.ch\/deutsch-lernen-in-der-schweiz\/deutsch-abendkurse\/#breadcrumb\"},\"inLanguage\":\"de\",\"potentialAction\":[{\"@type\":\"ReadAction\",\"target\":[\"https:\/\/www.sprachschule-aktiv.ch\/deutsch-lernen-in-der-schweiz\/deutsch-abendkurse\/\"]}]},{\"@type\":\"ImageObject\",\"inLanguage\":\"de\",\"@id\":\"https:\/\/www.sprachschule-aktiv.ch\/deutsch-lernen-in-der-schweiz\/deutsch-abendkurse\/#primaryimage\",\"url\":\"https:\/\/www.sprachschule-aktiv.ch\/deutsch-lernen-in-der-schweiz\/wp-content\/uploads\/2022\/06\/deutsch-abendkurse-in-der-schweiz-fuer-anfaenger-fortgeschrittene.webp\",\"contentUrl\":\"https:\/\/www.sprachschule-aktiv.ch\/deutsch-lernen-in-der-schweiz\/wp-content\/uploads\/2022\/06\/deutsch-abendkurse-in-der-schweiz-fuer-anfaenger-fortgeschrittene.webp\",\"width\":500,\"height\":351,\"caption\":\"Deutsch Abendkurse in der Schweiz - f\u00fcr Anf\u00e4nger & Fortgeschrittene\"},{\"@type\":\"BreadcrumbList\",\"@id\":\"https:\/\/www.sprachschule-aktiv.ch\/deutsch-lernen-in-der-schweiz\/deutsch-abendkurse\/#breadcrumb\",\"itemListElement\":[{\"@type\":\"ListItem\",\"position\":1,\"name\":\"Startseite\",\"item\":\"https:\/\/www.sprachschule-aktiv.ch\/deutsch-lernen-in-der-schweiz\/\"},{\"@type\":\"ListItem\",\"position\":2,\"name\":\"Deutsch Abendkurse in der Schweiz &#8211; f\u00fcr Anf\u00e4nger &#038; Fortgeschrittene\"}]},{\"@type\":\"WebSite\",\"@id\":\"https:\/\/www.sprachschule-aktiv.ch\/deutsch-lernen-in-der-schweiz\/#website\",\"url\":\"https:\/\/www.sprachschule-aktiv.ch\/deutsch-lernen-in-der-schweiz\/\",\"name\":\"Deutsch lernen in der schweiz\",\"description\":\"\",\"potentialAction\":[{\"@type\":\"SearchAction\",\"target\":{\"@type\":\"EntryPoint\",\"urlTemplate\":\"https:\/\/www.sprachschule-aktiv.ch\/deutsch-lernen-in-der-schweiz\/?s={search_term_string}\"},\"query-input\":{\"@type\":\"PropertyValueSpecification\",\"valueRequired\":true,\"valueName\":\"search_term_string\"}}],\"inLanguage\":\"de\"}]}<\/script>\n<!-- \/ Yoast SEO plugin. -->","yoast_head_json":{"title":"Deutsch Abendkurse in der Schweiz - A1 bis C2","description":"Deutsch Abendkurse in der Schweiz f\u00fcr Anf\u00e4nger & Fortgeschrittene mit gratis Probestunde! Kursdauer 12 Wochen\/90 Min. pro Woche.","robots":{"index":"index","follow":"follow","max-snippet":"max-snippet:-1","max-image-preview":"max-image-preview:large","max-video-preview":"max-video-preview:-1"},"canonical":"https:\/\/www.sprachschule-aktiv.ch\/deutsch-lernen-in-der-schweiz\/deutsch-abendkurse\/","og_locale":"de_DE","og_type":"article","og_title":"Deutsch Abendkurse in der Schweiz - A1 bis C2","og_description":"Deutsch Abendkurse in der Schweiz f\u00fcr Anf\u00e4nger & Fortgeschrittene mit gratis Probestunde! Kursdauer 12 Wochen\/90 Min. pro Woche.","og_url":"https:\/\/www.sprachschule-aktiv.ch\/deutsch-lernen-in-der-schweiz\/deutsch-abendkurse\/","og_site_name":"Deutsch lernen in der schweiz","article_modified_time":"2022-06-04T04:36:01+00:00","og_image":[{"url":"https:\/\/www.sprachschule-aktiv.ch\/deutsch-lernen-in-der-schweiz\/wp-content\/uploads\/2022\/06\/deutsch-abendkurse-in-der-schweiz-fuer-anfaenger-fortgeschrittene.webp","type":"","width":"","height":""}],"twitter_card":"summary_large_image","twitter_misc":{"Gesch\u00e4tzte Lesezeit":"3\u00a0Minuten"},"schema":{"@context":"https:\/\/schema.org","@graph":[{"@type":"WebPage","@id":"https:\/\/www.sprachschule-aktiv.ch\/deutsch-lernen-in-der-schweiz\/deutsch-abendkurse\/","url":"https:\/\/www.sprachschule-aktiv.ch\/deutsch-lernen-in-der-schweiz\/deutsch-abendkurse\/","name":"Deutsch Abendkurse in der Schweiz - A1 bis C2","isPartOf":{"@id":"https:\/\/www.sprachschule-aktiv.ch\/deutsch-lernen-in-der-schweiz\/#website"},"primaryImageOfPage":{"@id":"https:\/\/www.sprachschule-aktiv.ch\/deutsch-lernen-in-der-schweiz\/deutsch-abendkurse\/#primaryimage"},"image":{"@id":"https:\/\/www.sprachschule-aktiv.ch\/deutsch-lernen-in-der-schweiz\/deutsch-abendkurse\/#primaryimage"},"thumbnailUrl":"https:\/\/www.sprachschule-aktiv.ch\/deutsch-lernen-in-der-schweiz\/wp-content\/uploads\/2022\/06\/deutsch-abendkurse-in-der-schweiz-fuer-anfaenger-fortgeschrittene.webp","datePublished":"2022-06-04T04:35:44+00:00","dateModified":"2022-06-04T04:36:01+00:00","description":"Deutsch Abendkurse in der Schweiz f\u00fcr Anf\u00e4nger & Fortgeschrittene mit gratis Probestunde! Kursdauer 12 Wochen\/90 Min. pro Woche.","breadcrumb":{"@id":"https:\/\/www.sprachschule-aktiv.ch\/deutsch-lernen-in-der-schweiz\/deutsch-abendkurse\/#breadcrumb"},"inLanguage":"de","potentialAction":[{"@type":"ReadAction","target":["https:\/\/www.sprachschule-aktiv.ch\/deutsch-lernen-in-der-schweiz\/deutsch-abendkurse\/"]}]},{"@type":"ImageObject","inLanguage":"de","@id":"https:\/\/www.sprachschule-aktiv.ch\/deutsch-lernen-in-der-schweiz\/deutsch-abendkurse\/#primaryimage","url":"https:\/\/www.sprachschule-aktiv.ch\/deutsch-lernen-in-der-schweiz\/wp-content\/uploads\/2022\/06\/deutsch-abendkurse-in-der-schweiz-fuer-anfaenger-fortgeschrittene.webp","contentUrl":"https:\/\/www.sprachschule-aktiv.ch\/deutsch-lernen-in-der-schweiz\/wp-content\/uploads\/2022\/06\/deutsch-abendkurse-in-der-schweiz-fuer-anfaenger-fortgeschrittene.webp","width":500,"height":351,"caption":"Deutsch Abendkurse in der Schweiz - f\u00fcr Anf\u00e4nger & Fortgeschrittene"},{"@type":"BreadcrumbList","@id":"https:\/\/www.sprachschule-aktiv.ch\/deutsch-lernen-in-der-schweiz\/deutsch-abendkurse\/#breadcrumb","itemListElement":[{"@type":"ListItem","position":1,"name":"Startseite","item":"https:\/\/www.sprachschule-aktiv.ch\/deutsch-lernen-in-der-schweiz\/"},{"@type":"ListItem","position":2,"name":"Deutsch Abendkurse in der Schweiz &#8211; f\u00fcr Anf\u00e4nger &#038; Fortgeschrittene"}]},{"@type":"WebSite","@id":"https:\/\/www.sprachschule-aktiv.ch\/deutsch-lernen-in-der-schweiz\/#website","url":"https:\/\/www.sprachschule-aktiv.ch\/deutsch-lernen-in-der-schweiz\/","name":"Deutsch lernen in der schweiz","description":"","potentialAction":[{"@type":"SearchAction","target":{"@type":"EntryPoint","urlTemplate":"https:\/\/www.sprachschule-aktiv.ch\/deutsch-lernen-in-der-schweiz\/?s={search_term_string}"},"query-input":{"@type":"PropertyValueSpecification","valueRequired":true,"valueName":"search_term_string"}}],"inLanguage":"de"}]}},"_links":{"self":[{"href":"https:\/\/www.sprachschule-aktiv.ch\/deutsch-lernen-in-der-schweiz\/wp-json\/wp\/v2\/pages\/371","targetHints":{"allow":["GET"]}}],"collection":[{"href":"https:\/\/www.sprachschule-aktiv.ch\/deutsch-lernen-in-der-schweiz\/wp-json\/wp\/v2\/pages"}],"about":[{"href":"https:\/\/www.sprachschule-aktiv.ch\/deutsch-lernen-in-der-schweiz\/wp-json\/wp\/v2\/types\/page"}],"author":[{"embeddable":true,"href":"https:\/\/www.sprachschule-aktiv.ch\/deutsch-lernen-in-der-schweiz\/wp-json\/wp\/v2\/users\/2"}],"replies":[{"embeddable":true,"href":"https:\/\/www.sprachschule-aktiv.ch\/deutsch-lernen-in-der-schweiz\/wp-json\/wp\/v2\/comments?post=371"}],"version-history":[{"count":1,"href":"https:\/\/www.sprachschule-aktiv.ch\/deutsch-lernen-in-der-schweiz\/wp-json\/wp\/v2\/pages\/371\/revisions"}],"predecessor-version":[{"id":373,"href":"https:\/\/www.sprachschule-aktiv.ch\/deutsch-lernen-in-der-schweiz\/wp-json\/wp\/v2\/pages\/371\/revisions\/373"}],"wp:attachment":[{"href":"https:\/\/www.sprachschule-aktiv.ch\/deutsch-lernen-in-der-schweiz\/wp-json\/wp\/v2\/media?parent=371"}],"curies":[{"name":"wp","href":"https:\/\/api.w.org\/{rel}","templated":true}]}}