{"id":367,"date":"2022-06-02T06:27:59","date_gmt":"2022-06-02T04:27:59","guid":{"rendered":"https:\/\/www.sprachschule-aktiv.ch\/deutsch-lernen-in-der-schweiz\/?page_id=367"},"modified":"2022-06-02T06:27:59","modified_gmt":"2022-06-02T04:27:59","slug":"deutsch-privatunterricht","status":"publish","type":"page","link":"https:\/\/www.sprachschule-aktiv.ch\/deutsch-lernen-in-der-schweiz\/deutsch-privatunterricht\/","title":{"rendered":"Deutsch Privatunterricht in der Schweiz &#8211; vor Ort und online"},"content":{"rendered":"<p>Privatunterricht ist die effektivste Methode, eine Sprache zu erlernen. Der etwas h\u00f6here Preis relativiert sich durch die schnelleren Fortschritte. Die Sprachschule Aktiv hat eine umfangreiche Kartei von qualifizierten Sprachlehrern in der Schweiz. Deutsch lernen vor Ort bei Ihnen zu Hause, im B\u00fcro oder Online!<\/p>\n<img loading=\"lazy\" decoding=\"async\" class=\"alignnone wp-image-368 size-full\" src=\"https:\/\/www.sprachschule-aktiv.ch\/deutsch-lernen-in-der-schweiz\/wp-content\/uploads\/2022\/06\/deutsch-privatunterricht-in-der-schweiz.webp\" alt=\"Deutsch Privatunterricht in der Schweiz \" width=\"1160\" height=\"580\" srcset=\"https:\/\/www.sprachschule-aktiv.ch\/deutsch-lernen-in-der-schweiz\/wp-content\/uploads\/2022\/06\/deutsch-privatunterricht-in-der-schweiz.webp 1160w, https:\/\/www.sprachschule-aktiv.ch\/deutsch-lernen-in-der-schweiz\/wp-content\/uploads\/2022\/06\/deutsch-privatunterricht-in-der-schweiz-300x150.webp 300w, https:\/\/www.sprachschule-aktiv.ch\/deutsch-lernen-in-der-schweiz\/wp-content\/uploads\/2022\/06\/deutsch-privatunterricht-in-der-schweiz-1024x512.webp 1024w, https:\/\/www.sprachschule-aktiv.ch\/deutsch-lernen-in-der-schweiz\/wp-content\/uploads\/2022\/06\/deutsch-privatunterricht-in-der-schweiz-768x384.webp 768w\" sizes=\"auto, (max-width: 1160px) 100vw, 1160px\" \/>\n<h2>Privatunterricht in der Schweiz \u00fcber das Internet oder zu Hause<\/h2>\n<p>Beim klassischen Privatunterricht kommt die Lehrkraft zu Ihnen. Sie haben keine Mitsch\u00fcler, die Sie ablenken und der Dozent korrigiert ihre Fehler sofort. Noch bequemer ist der Unterricht \u00fcber das Internet. Die Preise sind mit dem Unterricht vor Ort identisch, es besteht auch fast kein Unterschied. Sie treffen Ihre Lehrkraft im virtuellen Klassenzimmer zum vereinbarten Zeitpunkt. Als Equipment ben\u00f6tigen Sie einen Computer, ein Laptop oder ein Tablet. Eine Internetverbindung, wie sie in den meisten H\u00e4usern Standard ist, reicht f\u00fcr einen Onlineunterricht aus. Daneben sind ein Mikrofon und eine Webcam wichtig.<\/p>\n<a href=\"https:\/\/www.sprachschule-aktiv.ch\/deutsch-lernen-in-der-schweiz\/kontakt\/\"><img loading=\"lazy\" decoding=\"async\" class=\"alignnone wp-image-972 size-full\" title=\"Schnelle Anfrage - Deutschkurs Z\u00fcrich\" src=\"https:\/\/www.sprachschule-aktiv.ch\/wp-content\/uploads\/2017\/03\/boton-schnelle-anfrage.png\" alt=\"Schnelle Anfrage - Deutschkurs Z\u00fcrich\" width=\"220\" height=\"65\" \/><\/a>\n<h2>Privatunterricht in der Schweiz orientiert sich an Ihren Bed\u00fcrfnissen<\/h2>\n<p>Jeder Sprachlernende hat andere Ziele. Vielleicht ben\u00f6tigen Sie die Sprache aus beruflichen Gr\u00fcnden, f\u00fcr die Aufnahme eines Studiums, um mit den Menschen besser in Kontakt zu treten oder einfach aus Interesse. Der Sprachkurs orientiert sich genau an Ihren Zielen. Falls Sie bestimmte F\u00e4higkeiten ben\u00f6tigen, sagen Sie das der Lehrkraft, sodass Sie diese schwerpunktm\u00e4ssig \u00fcben.<br \/>\nDie Sprachkurse finden auf allen Niveaustufen statt. Um Zeit zu sparen, sollten Sie an unserem <a href=\"https:\/\/www.sprachschule-aktiv.ch\/deutsch-lernen-in-der-schweiz\/deutsch-einstufungstest\/\">gratis Einstufungstest<\/a> teilnehmen. Diesen f\u00fchren Sie einfach \u00fcber unsere Internetseite durch.<\/p>\n<h2>Privatunterricht in der Schweiz durch engagierte Lehrkr\u00e4fte<\/h2>\n<p>Unsere Privatlehrer sind selbstverst\u00e4ndlich Muttersprachler mit einer p\u00e4dagogischen Ausbildung. Sie sind sehr freundlich und zuvorkommend und helfen Ihnen bei allen Problemen weiter. Sie bringen Ihnen nicht nur die deutsche Sprache bei, sondern lehren Sie auch viele Dinge \u00fcber Land und Leute.<\/p>\n<h2>Die Preise f\u00fcr Privatunterricht in Deutsch<\/h2>\n<p>Einen Privatunterricht in der Schweiz sollten Sie gut planen. Je mehr Stunden Sie belegen, desto g\u00fcnstiger wird der Kurs.<br \/>\nSie zahlen<br \/>\nBis 19 Stunden: 60 CHF<br \/>\nAb 20 Stunden: 58 CHF<br \/>\nAb 30 Stunden: 50 CHF<br \/>\nJede Kursstunde dauert 45 Minuten.<br \/>\nBei h\u00f6chstens drei Teilnehmern erh\u00f6hen sich die Preise nicht. Das macht den Deutschkurs in der Schweiz noch attraktiver, denn Sie k\u00f6nnen einfach zwei Freunde zum Deutschkurs mitnehmen und die Kosten durch drei Teilen.<\/p>\n<a href=\"https:\/\/www.sprachschule-aktiv.ch\/deutsch-lernen-in-der-schweiz\/anmeldung\/\"><img loading=\"lazy\" decoding=\"async\" class=\"alignnone size-full wp-image-233\" src=\"https:\/\/www.sprachschule-aktiv.ch\/deutsch-lernen-in-der-schweiz\/wp-content\/uploads\/2022\/04\/jetzt-deutschkurs-buchen.webp\" alt=\"Jetzt Deutschkurs buchen\" width=\"239\" height=\"62\" \/><\/a>\n<h2>Privatunterricht in Deutsch in der Schweiz ohne Risiko<\/h2>\n<p>Unsere Deutschkurse sind vollkommen ohne Risiko f\u00fcr Sie. Nach der Kursanmeldung ist die erste Stunde eine Probestunde. Sie haben 45 Minuten Zeit um die Lehrkraft zu testen. Sollten Sie nicht zufrieden sein, melden Sie sich einfach vom Kurs ab und Sie erhalten Ihr Geld zur\u00fcck. Falls Sie zwar gerne einen Deutschkurs in der Schweiz besuchen m\u00f6chten, nur eine andere Lehrkraft w\u00fcnschen, ist das ebenfalls kein Problem. Wir suchen Ihnen gerne einen anderen Dozenten.<br \/>\nW\u00e4hrend des gesamten Kurses k\u00fcmmert sich unser Support intensiv um Ihre Probleme. Sprechen Sie uns einfach an oder kl\u00e4ren Sie auftretende Probleme mit der Lehrkraft.<\/p>\n<p><iframe loading=\"lazy\" title=\"YouTube video player\" src=\"https:\/\/www.youtube.com\/embed\/JOvJI8b4z_E\" width=\"560\" height=\"315\" frameborder=\"0\" allowfullscreen=\"allowfullscreen\"><\/iframe><\/p>\n<h2>Melden Sie sich noch heute zu einem Privatunterricht in der Schweiz an<\/h2>\n<p>Jetzt ist der beste Zeitpunkt, um mit einem Deutschkurs in der Schweiz zu beginnen. Sie finden auf unserer Internetseite ein Anmeldeformular. F\u00fcllen Sie das bitte aus und schicken es an uns. Ein Mitarbeiter setzt sich umgehend mit Ihnen in Verbindung.<\/p>\n","protected":false},"excerpt":{"rendered":"<p>Privatunterricht ist die effektivste Methode, eine Sprache zu erlernen. Der etwas h\u00f6here Preis relativiert sich durch die schnelleren Fortschritte. Die Sprachschule Aktiv hat eine umfangreiche Kartei von qualifizierten Sprachlehrern in der Schweiz. Deutsch lernen vor Ort bei Ihnen zu Hause, im B\u00fcro oder Online! Privatunterricht in der Schweiz \u00fcber das Internet oder zu Hause Beim&hellip; <a class=\"read-more\" href=\"https:\/\/www.sprachschule-aktiv.ch\/deutsch-lernen-in-der-schweiz\/deutsch-privatunterricht\/\" title=\"Read Deutsch Privatunterricht in der Schweiz &#8211; vor Ort und online\">Read more &raquo;<\/a><\/p>\n","protected":false},"author":2,"featured_media":0,"parent":0,"menu_order":0,"comment_status":"closed","ping_status":"closed","template":"","meta":{"footnotes":""},"class_list":["post-367","page","type-page","status-publish","hentry"],"yoast_head":"<!-- This site is optimized with the Yoast SEO plugin v27.1.1 - https:\/\/yoast.com\/product\/yoast-seo-wordpress\/ -->\n<title>Deutsch Privatunterricht in der Schweiz - vor Ort &amp; online<\/title>\n<meta name=\"description\" content=\"Deutsch Einzelunterricht in der Schweiz bei Ihnen zu Hause, im B\u00fcro oder Online. Privatunterricht mit gratis Probestunde &amp; Einstufung!\" \/>\n<meta name=\"robots\" content=\"index, follow, max-snippet:-1, max-image-preview:large, max-video-preview:-1\" \/>\n<link rel=\"canonical\" href=\"https:\/\/www.sprachschule-aktiv.ch\/deutsch-lernen-in-der-schweiz\/deutsch-privatunterricht\/\" \/>\n<meta property=\"og:locale\" content=\"de_DE\" \/>\n<meta property=\"og:type\" content=\"article\" \/>\n<meta property=\"og:title\" content=\"Deutsch Privatunterricht in der Schweiz - vor Ort &amp; online\" \/>\n<meta property=\"og:description\" content=\"Deutsch Einzelunterricht in der Schweiz bei Ihnen zu Hause, im B\u00fcro oder Online. Privatunterricht mit gratis Probestunde &amp; Einstufung!\" \/>\n<meta property=\"og:url\" content=\"https:\/\/www.sprachschule-aktiv.ch\/deutsch-lernen-in-der-schweiz\/deutsch-privatunterricht\/\" \/>\n<meta property=\"og:site_name\" content=\"Deutsch lernen in der schweiz\" \/>\n<meta property=\"og:image\" content=\"https:\/\/www.sprachschule-aktiv.ch\/deutsch-lernen-in-der-schweiz\/wp-content\/uploads\/2022\/06\/deutsch-privatunterricht-in-der-schweiz.webp\" \/>\n<meta name=\"twitter:card\" content=\"summary_large_image\" \/>\n<meta name=\"twitter:label1\" content=\"Gesch\u00e4tzte Lesezeit\" \/>\n\t<meta name=\"twitter:data1\" content=\"3\u00a0Minuten\" \/>\n<script type=\"application\/ld+json\" class=\"yoast-schema-graph\">{\"@context\":\"https:\/\/schema.org\",\"@graph\":[{\"@type\":\"WebPage\",\"@id\":\"https:\/\/www.sprachschule-aktiv.ch\/deutsch-lernen-in-der-schweiz\/deutsch-privatunterricht\/\",\"url\":\"https:\/\/www.sprachschule-aktiv.ch\/deutsch-lernen-in-der-schweiz\/deutsch-privatunterricht\/\",\"name\":\"Deutsch Privatunterricht in der Schweiz - vor Ort & online\",\"isPartOf\":{\"@id\":\"https:\/\/www.sprachschule-aktiv.ch\/deutsch-lernen-in-der-schweiz\/#website\"},\"primaryImageOfPage\":{\"@id\":\"https:\/\/www.sprachschule-aktiv.ch\/deutsch-lernen-in-der-schweiz\/deutsch-privatunterricht\/#primaryimage\"},\"image\":{\"@id\":\"https:\/\/www.sprachschule-aktiv.ch\/deutsch-lernen-in-der-schweiz\/deutsch-privatunterricht\/#primaryimage\"},\"thumbnailUrl\":\"https:\/\/www.sprachschule-aktiv.ch\/deutsch-lernen-in-der-schweiz\/wp-content\/uploads\/2022\/06\/deutsch-privatunterricht-in-der-schweiz.webp\",\"datePublished\":\"2022-06-02T04:27:59+00:00\",\"description\":\"Deutsch Einzelunterricht in der Schweiz bei Ihnen zu Hause, im B\u00fcro oder Online. Privatunterricht mit gratis Probestunde & Einstufung!\",\"breadcrumb\":{\"@id\":\"https:\/\/www.sprachschule-aktiv.ch\/deutsch-lernen-in-der-schweiz\/deutsch-privatunterricht\/#breadcrumb\"},\"inLanguage\":\"de\",\"potentialAction\":[{\"@type\":\"ReadAction\",\"target\":[\"https:\/\/www.sprachschule-aktiv.ch\/deutsch-lernen-in-der-schweiz\/deutsch-privatunterricht\/\"]}]},{\"@type\":\"ImageObject\",\"inLanguage\":\"de\",\"@id\":\"https:\/\/www.sprachschule-aktiv.ch\/deutsch-lernen-in-der-schweiz\/deutsch-privatunterricht\/#primaryimage\",\"url\":\"https:\/\/www.sprachschule-aktiv.ch\/deutsch-lernen-in-der-schweiz\/wp-content\/uploads\/2022\/06\/deutsch-privatunterricht-in-der-schweiz.webp\",\"contentUrl\":\"https:\/\/www.sprachschule-aktiv.ch\/deutsch-lernen-in-der-schweiz\/wp-content\/uploads\/2022\/06\/deutsch-privatunterricht-in-der-schweiz.webp\",\"width\":1160,\"height\":580,\"caption\":\"Deutsch Privatunterricht in der Schweiz\"},{\"@type\":\"BreadcrumbList\",\"@id\":\"https:\/\/www.sprachschule-aktiv.ch\/deutsch-lernen-in-der-schweiz\/deutsch-privatunterricht\/#breadcrumb\",\"itemListElement\":[{\"@type\":\"ListItem\",\"position\":1,\"name\":\"Startseite\",\"item\":\"https:\/\/www.sprachschule-aktiv.ch\/deutsch-lernen-in-der-schweiz\/\"},{\"@type\":\"ListItem\",\"position\":2,\"name\":\"Deutsch Privatunterricht in der Schweiz &#8211; vor Ort und online\"}]},{\"@type\":\"WebSite\",\"@id\":\"https:\/\/www.sprachschule-aktiv.ch\/deutsch-lernen-in-der-schweiz\/#website\",\"url\":\"https:\/\/www.sprachschule-aktiv.ch\/deutsch-lernen-in-der-schweiz\/\",\"name\":\"Deutsch lernen in der schweiz\",\"description\":\"\",\"potentialAction\":[{\"@type\":\"SearchAction\",\"target\":{\"@type\":\"EntryPoint\",\"urlTemplate\":\"https:\/\/www.sprachschule-aktiv.ch\/deutsch-lernen-in-der-schweiz\/?s={search_term_string}\"},\"query-input\":{\"@type\":\"PropertyValueSpecification\",\"valueRequired\":true,\"valueName\":\"search_term_string\"}}],\"inLanguage\":\"de\"}]}<\/script>\n<!-- \/ Yoast SEO plugin. -->","yoast_head_json":{"title":"Deutsch Privatunterricht in der Schweiz - vor Ort & online","description":"Deutsch Einzelunterricht in der Schweiz bei Ihnen zu Hause, im B\u00fcro oder Online. Privatunterricht mit gratis Probestunde & Einstufung!","robots":{"index":"index","follow":"follow","max-snippet":"max-snippet:-1","max-image-preview":"max-image-preview:large","max-video-preview":"max-video-preview:-1"},"canonical":"https:\/\/www.sprachschule-aktiv.ch\/deutsch-lernen-in-der-schweiz\/deutsch-privatunterricht\/","og_locale":"de_DE","og_type":"article","og_title":"Deutsch Privatunterricht in der Schweiz - vor Ort & online","og_description":"Deutsch Einzelunterricht in der Schweiz bei Ihnen zu Hause, im B\u00fcro oder Online. Privatunterricht mit gratis Probestunde & Einstufung!","og_url":"https:\/\/www.sprachschule-aktiv.ch\/deutsch-lernen-in-der-schweiz\/deutsch-privatunterricht\/","og_site_name":"Deutsch lernen in der schweiz","og_image":[{"url":"https:\/\/www.sprachschule-aktiv.ch\/deutsch-lernen-in-der-schweiz\/wp-content\/uploads\/2022\/06\/deutsch-privatunterricht-in-der-schweiz.webp","type":"","width":"","height":""}],"twitter_card":"summary_large_image","twitter_misc":{"Gesch\u00e4tzte Lesezeit":"3\u00a0Minuten"},"schema":{"@context":"https:\/\/schema.org","@graph":[{"@type":"WebPage","@id":"https:\/\/www.sprachschule-aktiv.ch\/deutsch-lernen-in-der-schweiz\/deutsch-privatunterricht\/","url":"https:\/\/www.sprachschule-aktiv.ch\/deutsch-lernen-in-der-schweiz\/deutsch-privatunterricht\/","name":"Deutsch Privatunterricht in der Schweiz - vor Ort & online","isPartOf":{"@id":"https:\/\/www.sprachschule-aktiv.ch\/deutsch-lernen-in-der-schweiz\/#website"},"primaryImageOfPage":{"@id":"https:\/\/www.sprachschule-aktiv.ch\/deutsch-lernen-in-der-schweiz\/deutsch-privatunterricht\/#primaryimage"},"image":{"@id":"https:\/\/www.sprachschule-aktiv.ch\/deutsch-lernen-in-der-schweiz\/deutsch-privatunterricht\/#primaryimage"},"thumbnailUrl":"https:\/\/www.sprachschule-aktiv.ch\/deutsch-lernen-in-der-schweiz\/wp-content\/uploads\/2022\/06\/deutsch-privatunterricht-in-der-schweiz.webp","datePublished":"2022-06-02T04:27:59+00:00","description":"Deutsch Einzelunterricht in der Schweiz bei Ihnen zu Hause, im B\u00fcro oder Online. Privatunterricht mit gratis Probestunde & Einstufung!","breadcrumb":{"@id":"https:\/\/www.sprachschule-aktiv.ch\/deutsch-lernen-in-der-schweiz\/deutsch-privatunterricht\/#breadcrumb"},"inLanguage":"de","potentialAction":[{"@type":"ReadAction","target":["https:\/\/www.sprachschule-aktiv.ch\/deutsch-lernen-in-der-schweiz\/deutsch-privatunterricht\/"]}]},{"@type":"ImageObject","inLanguage":"de","@id":"https:\/\/www.sprachschule-aktiv.ch\/deutsch-lernen-in-der-schweiz\/deutsch-privatunterricht\/#primaryimage","url":"https:\/\/www.sprachschule-aktiv.ch\/deutsch-lernen-in-der-schweiz\/wp-content\/uploads\/2022\/06\/deutsch-privatunterricht-in-der-schweiz.webp","contentUrl":"https:\/\/www.sprachschule-aktiv.ch\/deutsch-lernen-in-der-schweiz\/wp-content\/uploads\/2022\/06\/deutsch-privatunterricht-in-der-schweiz.webp","width":1160,"height":580,"caption":"Deutsch Privatunterricht in der Schweiz"},{"@type":"BreadcrumbList","@id":"https:\/\/www.sprachschule-aktiv.ch\/deutsch-lernen-in-der-schweiz\/deutsch-privatunterricht\/#breadcrumb","itemListElement":[{"@type":"ListItem","position":1,"name":"Startseite","item":"https:\/\/www.sprachschule-aktiv.ch\/deutsch-lernen-in-der-schweiz\/"},{"@type":"ListItem","position":2,"name":"Deutsch Privatunterricht in der Schweiz &#8211; vor Ort und online"}]},{"@type":"WebSite","@id":"https:\/\/www.sprachschule-aktiv.ch\/deutsch-lernen-in-der-schweiz\/#website","url":"https:\/\/www.sprachschule-aktiv.ch\/deutsch-lernen-in-der-schweiz\/","name":"Deutsch lernen in der schweiz","description":"","potentialAction":[{"@type":"SearchAction","target":{"@type":"EntryPoint","urlTemplate":"https:\/\/www.sprachschule-aktiv.ch\/deutsch-lernen-in-der-schweiz\/?s={search_term_string}"},"query-input":{"@type":"PropertyValueSpecification","valueRequired":true,"valueName":"search_term_string"}}],"inLanguage":"de"}]}},"_links":{"self":[{"href":"https:\/\/www.sprachschule-aktiv.ch\/deutsch-lernen-in-der-schweiz\/wp-json\/wp\/v2\/pages\/367","targetHints":{"allow":["GET"]}}],"collection":[{"href":"https:\/\/www.sprachschule-aktiv.ch\/deutsch-lernen-in-der-schweiz\/wp-json\/wp\/v2\/pages"}],"about":[{"href":"https:\/\/www.sprachschule-aktiv.ch\/deutsch-lernen-in-der-schweiz\/wp-json\/wp\/v2\/types\/page"}],"author":[{"embeddable":true,"href":"https:\/\/www.sprachschule-aktiv.ch\/deutsch-lernen-in-der-schweiz\/wp-json\/wp\/v2\/users\/2"}],"replies":[{"embeddable":true,"href":"https:\/\/www.sprachschule-aktiv.ch\/deutsch-lernen-in-der-schweiz\/wp-json\/wp\/v2\/comments?post=367"}],"version-history":[{"count":1,"href":"https:\/\/www.sprachschule-aktiv.ch\/deutsch-lernen-in-der-schweiz\/wp-json\/wp\/v2\/pages\/367\/revisions"}],"predecessor-version":[{"id":369,"href":"https:\/\/www.sprachschule-aktiv.ch\/deutsch-lernen-in-der-schweiz\/wp-json\/wp\/v2\/pages\/367\/revisions\/369"}],"wp:attachment":[{"href":"https:\/\/www.sprachschule-aktiv.ch\/deutsch-lernen-in-der-schweiz\/wp-json\/wp\/v2\/media?parent=367"}],"curies":[{"name":"wp","href":"https:\/\/api.w.org\/{rel}","templated":true}]}}