{"id":333,"date":"2022-05-30T06:04:22","date_gmt":"2022-05-30T04:04:22","guid":{"rendered":"https:\/\/www.sprachschule-aktiv.ch\/deutsch-lernen-in-der-schweiz\/?page_id=333"},"modified":"2023-02-13T16:58:17","modified_gmt":"2023-02-13T15:58:17","slug":"deutschkurse-online-a1-a2-b1-b2-c1-c2","status":"publish","type":"page","link":"https:\/\/www.sprachschule-aktiv.ch\/deutsch-lernen-in-der-schweiz\/deutschkurse-online-a1-a2-b1-b2-c1-c2\/","title":{"rendered":"Deutschkurse Online &#8211; A1, A2, B1, B2, C1, C2"},"content":{"rendered":"<p>Wer Deutsch lernen will hat verschiedene M\u00f6glichkeiten zur Auswahl. Es gibt Gruppenkurse, Intensivkurse und Einzelunterricht. Neben Pr\u00e4senzunterricht in unseren Gruppenr\u00e4umen bietet die Sprachschule Aktiv Deutschkurse online an. Das Angebot unterscheidet sich nicht von unseren Pr\u00e4senzkursen.<br \/>\n<iframe loading=\"lazy\" title=\"YouTube video player\" src=\"https:\/\/www.youtube.com\/embed\/hhADw5XAIcQ\" width=\"560\" height=\"315\" frameborder=\"0\" allowfullscreen=\"allowfullscreen\"><\/iframe><\/p>\n<h2>Die Vorteile von Deutschkursen online<\/h2>\n<p>Diese Kurse sind vor allem f\u00fcr technikaffine Deutschlerner gedacht, die gerne viel Zeit vor dem Computer verbringen. Sie sparen sich Anfahrtszeit und Fahrtkosten. Zwar sind sie bei Gruppenkursen auch an eine bestimmte Zeit gebunden, doch diese ist leicht einzuhalten, da sie sich einfach vor dem Laptop sitzen, den virtuellen Unterrichtsraum betreten und sofort beginnen k\u00f6nnen.<\/p>\n<img loading=\"lazy\" decoding=\"async\" class=\"alignnone wp-image-334 size-medium\" src=\"https:\/\/www.sprachschule-aktiv.ch\/deutsch-lernen-in-der-schweiz\/wp-content\/uploads\/2022\/05\/deutschkurse-online-300x200.webp\" alt=\"Deutschkurse Online - A1, A2, B1, B2, C1, C2\" width=\"300\" height=\"200\" srcset=\"https:\/\/www.sprachschule-aktiv.ch\/deutsch-lernen-in-der-schweiz\/wp-content\/uploads\/2022\/05\/deutschkurse-online-300x200.webp 300w, https:\/\/www.sprachschule-aktiv.ch\/deutsch-lernen-in-der-schweiz\/wp-content\/uploads\/2022\/05\/deutschkurse-online-1024x682.webp 1024w, https:\/\/www.sprachschule-aktiv.ch\/deutsch-lernen-in-der-schweiz\/wp-content\/uploads\/2022\/05\/deutschkurse-online-768x512.webp 768w, https:\/\/www.sprachschule-aktiv.ch\/deutsch-lernen-in-der-schweiz\/wp-content\/uploads\/2022\/05\/deutschkurse-online-1536x1024.webp 1536w, https:\/\/www.sprachschule-aktiv.ch\/deutsch-lernen-in-der-schweiz\/wp-content\/uploads\/2022\/05\/deutschkurse-online.webp 2000w\" sizes=\"auto, (max-width: 300px) 100vw, 300px\" \/>\n<h2>Die Voraussetzungen f\u00fcr die Teilnahme an online Deutschkursen<\/h2>\n<p>Die technischen Voraussetzungen sind niedrig, normalerweise haben Sie diese ohnehin zu Hause. Sie ben\u00f6tigen einen schnellen Internetanschluss, der zum Streamen von Filmen ausreicht. Als Endger\u00e4t empfehlen wir einen Desktop-Computer oder ein Laptop. Ein Tablet ist auch geeignet, selbst mit einem Handy k\u00f6nnen Sie teilnehmen, obwohl das wegen des kleinen Bildschirms nicht optimal ist. Sie kommunizieren mit der Lehrkraft \u00fcber ein Mikrofon und einer Webcam. Laptops haben diese meist, bei Desktop-Computer m\u00fcssen Sie ein paar Franken investieren.<\/p>\n<a href=\"https:\/\/www.sprachschule-aktiv.ch\/deutsch-lernen-in-der-schweiz\/kontakt\/\"><img loading=\"lazy\" decoding=\"async\" class=\"alignnone wp-image-972 size-full\" title=\"Schnelle Anfrage - Deutschkurs Z\u00fcrich\" src=\"https:\/\/www.sprachschule-aktiv.ch\/wp-content\/uploads\/2017\/03\/boton-schnelle-anfrage.png\" alt=\"Schnelle Anfrage - Deutschkurs Z\u00fcrich\" width=\"220\" height=\"65\" \/><\/a>\n<h2>Deutschkurse online bis zu allen Niveaustufen<\/h2>\n<p>Unsere Deutschkurse k\u00f6nnen Sie bis zur h\u00f6chsten Niveaustufe besuchen. Als Anf\u00e4nger starten Sie mit einem Kurs der Stufe A1. Diese und die restlichen Stufen bis zu C2 orientieren sich am gemeinsamen Referenzrahmen f\u00fcr Fremdsprachen.<br \/>\nSelbstverst\u00e4ndlich sind auch Quereinsteiger willkommen. Sollten Sie Ihre Sprachkenntnisse ebenfalls an einer Sprachschule erworben haben, die den gemeinsamen europ\u00e4ischen Referenzrahmen benutzt, ist der Wechsel kein Problem. Andernfalls stufen wir Sie mit einem kostenlosen Test ein. Diesen finden Sie auf unserer Internetseite.<\/p>\n<h2>W\u00e4hlen Sie den passenden Deutschkurs online<\/h2>\n<p>Unser Angebot entspricht den Pr\u00e4senzkursen. Falls Sie zum Deutschlernen lange Zeit haben, w\u00e4hlen Sie einen Gruppenunterricht. Dieser findet ein- oder zweimal in der Woche zu einem bestimmten Termin statt. Bei einer kleinen Gruppengr\u00f6sse machen Sie schnelle Fortschritte. Loggen Sie sich mit Ihren Zugangsdaten einfach in das virtuelle Klassenzimmer ein.<br \/>\nF\u00fcr Sprachlernende, die schnellere Fortschritte w\u00fcnschen, bietet sich ein Intensivkurs an. Der Unterricht findet von Montag bis Freitag zwischen 9: Uhr und 12:00 Uhr statt. Durch den t\u00e4glichen Unterricht ist die Vergessenskurve gering.<br \/>\nFalls Sie eine unregelm\u00e4ssige Arbeitszeit haben und deshalb nicht an Gruppenunterricht teilnehmen k\u00f6nnen, ist Einzelunterricht optimal. Auch hier treffen Sie Ihre Lehrkraft im virtuellen Klassenzimmer.<\/p>\n<h2>Online Deutsch Intensivkurs &#8211; Preise und Beginn<\/h2>\n<p><strong>Kursdauer:<\/strong> 1 bis 4 Wochen<br \/>\n<strong>Starttermine:<\/strong> am ersten Montag im Monat<br \/>\n<strong>Termine:<\/strong> Montag bis Freitag von 9:00 bis 12:00 Uhr<br \/>\nPreise:<\/p>\n<p>1 Woche kostet 245 CHF<\/p>\n<p>2 Wochen kosten: 430 CHF<\/p>\n<p>3 Wochen kosten: 525 CHF<\/p>\n<p>4 Wochen kosten: 640 CHF<br \/>\n<a href=\"https:\/\/www.sprachschule-aktiv.ch\/deutsch-lernen-in-der-schweiz\/anmeldung\/\"><img loading=\"lazy\" decoding=\"async\" class=\"alignnone size-full wp-image-233\" src=\"https:\/\/www.sprachschule-aktiv.ch\/deutsch-lernen-in-der-schweiz\/wp-content\/uploads\/2022\/04\/jetzt-deutschkurs-buchen.webp\" alt=\"Jetzt Deutschkurs buchen\" width=\"239\" height=\"62\" \/><\/a><\/p>\n<h2>Online Deutsch Privatunterricht<\/h2>\n<p><strong>Beginn:<\/strong> wie gew\u00fcnscht<br \/>\n<strong>Termine:<\/strong> wie gew\u00fcnscht<br \/>\n<strong>Kosten:<\/strong><\/p>\n<p>Bis 19 Stunden zahlen Sie 60 CHF pro Unterrichtsstunde<\/p>\n<p>Ab 20 Stunden zahlen Sie 58 CHF pro Stunde<\/p>\n<p>Ab 30 Stunden zahlen Sie nur 50 CHF pro Unterrichtseinheit<\/p>\n<a href=\"https:\/\/www.sprachschule-aktiv.ch\/deutsch-lernen-in-der-schweiz\/anmeldung\/\"><img loading=\"lazy\" decoding=\"async\" class=\"alignnone size-full wp-image-233\" src=\"https:\/\/www.sprachschule-aktiv.ch\/deutsch-lernen-in-der-schweiz\/wp-content\/uploads\/2022\/04\/jetzt-deutschkurs-buchen.webp\" alt=\"Jetzt Deutschkurs buchen\" width=\"239\" height=\"62\" \/><\/a>\n<h2>Die Lehrkr\u00e4fte f\u00fcr den Deutsch Onlinekurs sind internetaffine Muttersprachler<\/h2>\n<p>Selbstverst\u00e4ndlich unterrichten in unseren Deutschkursen nur Muttersprachler, welche Ihnen die deutsche Sprache akzentfrei beibringen. Sie haben eine p\u00e4dagogische Ausbildung, sind freundlich und hilfsbereit. Ihre Lehrer beherrschen nicht nur die deutsche Sprache perfekt, sie kennen sich auch mit dem Internet aus, sodass sie Ihnen bei technischen Problemen weiterhelfen k\u00f6nnen.<\/p>\n<h2>Auch an unseren Onlinekursen nehmen Sie ohne Risiko teil<\/h2>\n<p>Bei allen unseren Deutsch Onlinekursen gilt die Geld-zur\u00fcck-Garantie. Entscheiden Sie nach der ersten Stunde, ob Sie den Kurs fortsetzen m\u00f6chten. Sind Sie mit dem Kurs nicht zufrieden, erhalten Sie das Geld f\u00fcr bereits bezahlte Kursstunden zur\u00fcckerstattet. Selbstverst\u00e4ndlich ist unser Support auch w\u00e4hrend des laufenden Kurses immer f\u00fcr Sie zu sprechen.<br \/>\nTesten Sie uns und melden Sie sich zu einem Deutschkurs online an.<\/p>\n","protected":false},"excerpt":{"rendered":"<p>Wer Deutsch lernen will hat verschiedene M\u00f6glichkeiten zur Auswahl. Es gibt Gruppenkurse, Intensivkurse und Einzelunterricht. Neben Pr\u00e4senzunterricht in unseren Gruppenr\u00e4umen bietet die Sprachschule Aktiv Deutschkurse online an. Das Angebot unterscheidet sich nicht von unseren Pr\u00e4senzkursen. Die Vorteile von Deutschkursen online Diese Kurse sind vor allem f\u00fcr technikaffine Deutschlerner gedacht, die gerne viel Zeit vor dem&hellip; <a class=\"read-more\" href=\"https:\/\/www.sprachschule-aktiv.ch\/deutsch-lernen-in-der-schweiz\/deutschkurse-online-a1-a2-b1-b2-c1-c2\/\" title=\"Read Deutschkurse Online &#8211; A1, A2, B1, B2, C1, C2\">Read more &raquo;<\/a><\/p>\n","protected":false},"author":2,"featured_media":0,"parent":0,"menu_order":0,"comment_status":"closed","ping_status":"closed","template":"","meta":{"footnotes":""},"class_list":["post-333","page","type-page","status-publish","hentry"],"yoast_head":"<!-- This site is optimized with the Yoast SEO plugin v27.1.1 - https:\/\/yoast.com\/product\/yoast-seo-wordpress\/ -->\n<title>Deutschkurse Online - A1, A2, B1, B2, C1, C2<\/title>\n<meta name=\"description\" content=\"Online Deutsch lernen in Privat- oder Intensivkursen von A1 bis C2. Deutschkurs Online mit gratis Probestunde und Einstufung!\" \/>\n<meta name=\"robots\" content=\"index, follow, max-snippet:-1, max-image-preview:large, max-video-preview:-1\" \/>\n<link rel=\"canonical\" href=\"https:\/\/www.sprachschule-aktiv.ch\/deutsch-lernen-in-der-schweiz\/deutschkurse-online-a1-a2-b1-b2-c1-c2\/\" \/>\n<meta property=\"og:locale\" content=\"de_DE\" \/>\n<meta property=\"og:type\" content=\"article\" \/>\n<meta property=\"og:title\" content=\"Deutschkurse Online - A1, A2, B1, B2, C1, C2\" \/>\n<meta property=\"og:description\" content=\"Online Deutsch lernen in Privat- oder Intensivkursen von A1 bis C2. Deutschkurs Online mit gratis Probestunde und Einstufung!\" \/>\n<meta property=\"og:url\" content=\"https:\/\/www.sprachschule-aktiv.ch\/deutsch-lernen-in-der-schweiz\/deutschkurse-online-a1-a2-b1-b2-c1-c2\/\" \/>\n<meta property=\"og:site_name\" content=\"Deutsch lernen in der schweiz\" \/>\n<meta property=\"article:modified_time\" content=\"2023-02-13T15:58:17+00:00\" \/>\n<meta property=\"og:image\" content=\"https:\/\/www.sprachschule-aktiv.ch\/deutsch-lernen-in-der-schweiz\/wp-content\/uploads\/2022\/05\/deutschkurse-online-300x200.webp\" \/>\n<meta name=\"twitter:card\" content=\"summary_large_image\" \/>\n<meta name=\"twitter:label1\" content=\"Gesch\u00e4tzte Lesezeit\" \/>\n\t<meta name=\"twitter:data1\" content=\"3\u00a0Minuten\" \/>\n<script type=\"application\/ld+json\" class=\"yoast-schema-graph\">{\"@context\":\"https:\/\/schema.org\",\"@graph\":[{\"@type\":\"WebPage\",\"@id\":\"https:\/\/www.sprachschule-aktiv.ch\/deutsch-lernen-in-der-schweiz\/deutschkurse-online-a1-a2-b1-b2-c1-c2\/\",\"url\":\"https:\/\/www.sprachschule-aktiv.ch\/deutsch-lernen-in-der-schweiz\/deutschkurse-online-a1-a2-b1-b2-c1-c2\/\",\"name\":\"Deutschkurse Online - A1, A2, B1, B2, C1, C2\",\"isPartOf\":{\"@id\":\"https:\/\/www.sprachschule-aktiv.ch\/deutsch-lernen-in-der-schweiz\/#website\"},\"primaryImageOfPage\":{\"@id\":\"https:\/\/www.sprachschule-aktiv.ch\/deutsch-lernen-in-der-schweiz\/deutschkurse-online-a1-a2-b1-b2-c1-c2\/#primaryimage\"},\"image\":{\"@id\":\"https:\/\/www.sprachschule-aktiv.ch\/deutsch-lernen-in-der-schweiz\/deutschkurse-online-a1-a2-b1-b2-c1-c2\/#primaryimage\"},\"thumbnailUrl\":\"https:\/\/www.sprachschule-aktiv.ch\/deutsch-lernen-in-der-schweiz\/wp-content\/uploads\/2022\/05\/deutschkurse-online-300x200.webp\",\"datePublished\":\"2022-05-30T04:04:22+00:00\",\"dateModified\":\"2023-02-13T15:58:17+00:00\",\"description\":\"Online Deutsch lernen in Privat- oder Intensivkursen von A1 bis C2. Deutschkurs Online mit gratis Probestunde und Einstufung!\",\"breadcrumb\":{\"@id\":\"https:\/\/www.sprachschule-aktiv.ch\/deutsch-lernen-in-der-schweiz\/deutschkurse-online-a1-a2-b1-b2-c1-c2\/#breadcrumb\"},\"inLanguage\":\"de\",\"potentialAction\":[{\"@type\":\"ReadAction\",\"target\":[\"https:\/\/www.sprachschule-aktiv.ch\/deutsch-lernen-in-der-schweiz\/deutschkurse-online-a1-a2-b1-b2-c1-c2\/\"]}]},{\"@type\":\"ImageObject\",\"inLanguage\":\"de\",\"@id\":\"https:\/\/www.sprachschule-aktiv.ch\/deutsch-lernen-in-der-schweiz\/deutschkurse-online-a1-a2-b1-b2-c1-c2\/#primaryimage\",\"url\":\"https:\/\/www.sprachschule-aktiv.ch\/deutsch-lernen-in-der-schweiz\/wp-content\/uploads\/2022\/05\/deutschkurse-online-300x200.webp\",\"contentUrl\":\"https:\/\/www.sprachschule-aktiv.ch\/deutsch-lernen-in-der-schweiz\/wp-content\/uploads\/2022\/05\/deutschkurse-online-300x200.webp\"},{\"@type\":\"BreadcrumbList\",\"@id\":\"https:\/\/www.sprachschule-aktiv.ch\/deutsch-lernen-in-der-schweiz\/deutschkurse-online-a1-a2-b1-b2-c1-c2\/#breadcrumb\",\"itemListElement\":[{\"@type\":\"ListItem\",\"position\":1,\"name\":\"Startseite\",\"item\":\"https:\/\/www.sprachschule-aktiv.ch\/deutsch-lernen-in-der-schweiz\/\"},{\"@type\":\"ListItem\",\"position\":2,\"name\":\"Deutschkurse Online &#8211; A1, A2, B1, B2, C1, C2\"}]},{\"@type\":\"WebSite\",\"@id\":\"https:\/\/www.sprachschule-aktiv.ch\/deutsch-lernen-in-der-schweiz\/#website\",\"url\":\"https:\/\/www.sprachschule-aktiv.ch\/deutsch-lernen-in-der-schweiz\/\",\"name\":\"Deutsch lernen in der schweiz\",\"description\":\"\",\"potentialAction\":[{\"@type\":\"SearchAction\",\"target\":{\"@type\":\"EntryPoint\",\"urlTemplate\":\"https:\/\/www.sprachschule-aktiv.ch\/deutsch-lernen-in-der-schweiz\/?s={search_term_string}\"},\"query-input\":{\"@type\":\"PropertyValueSpecification\",\"valueRequired\":true,\"valueName\":\"search_term_string\"}}],\"inLanguage\":\"de\"}]}<\/script>\n<!-- \/ Yoast SEO plugin. -->","yoast_head_json":{"title":"Deutschkurse Online - A1, A2, B1, B2, C1, C2","description":"Online Deutsch lernen in Privat- oder Intensivkursen von A1 bis C2. Deutschkurs Online mit gratis Probestunde und Einstufung!","robots":{"index":"index","follow":"follow","max-snippet":"max-snippet:-1","max-image-preview":"max-image-preview:large","max-video-preview":"max-video-preview:-1"},"canonical":"https:\/\/www.sprachschule-aktiv.ch\/deutsch-lernen-in-der-schweiz\/deutschkurse-online-a1-a2-b1-b2-c1-c2\/","og_locale":"de_DE","og_type":"article","og_title":"Deutschkurse Online - A1, A2, B1, B2, C1, C2","og_description":"Online Deutsch lernen in Privat- oder Intensivkursen von A1 bis C2. Deutschkurs Online mit gratis Probestunde und Einstufung!","og_url":"https:\/\/www.sprachschule-aktiv.ch\/deutsch-lernen-in-der-schweiz\/deutschkurse-online-a1-a2-b1-b2-c1-c2\/","og_site_name":"Deutsch lernen in der schweiz","article_modified_time":"2023-02-13T15:58:17+00:00","og_image":[{"url":"https:\/\/www.sprachschule-aktiv.ch\/deutsch-lernen-in-der-schweiz\/wp-content\/uploads\/2022\/05\/deutschkurse-online-300x200.webp","type":"","width":"","height":""}],"twitter_card":"summary_large_image","twitter_misc":{"Gesch\u00e4tzte Lesezeit":"3\u00a0Minuten"},"schema":{"@context":"https:\/\/schema.org","@graph":[{"@type":"WebPage","@id":"https:\/\/www.sprachschule-aktiv.ch\/deutsch-lernen-in-der-schweiz\/deutschkurse-online-a1-a2-b1-b2-c1-c2\/","url":"https:\/\/www.sprachschule-aktiv.ch\/deutsch-lernen-in-der-schweiz\/deutschkurse-online-a1-a2-b1-b2-c1-c2\/","name":"Deutschkurse Online - A1, A2, B1, B2, C1, C2","isPartOf":{"@id":"https:\/\/www.sprachschule-aktiv.ch\/deutsch-lernen-in-der-schweiz\/#website"},"primaryImageOfPage":{"@id":"https:\/\/www.sprachschule-aktiv.ch\/deutsch-lernen-in-der-schweiz\/deutschkurse-online-a1-a2-b1-b2-c1-c2\/#primaryimage"},"image":{"@id":"https:\/\/www.sprachschule-aktiv.ch\/deutsch-lernen-in-der-schweiz\/deutschkurse-online-a1-a2-b1-b2-c1-c2\/#primaryimage"},"thumbnailUrl":"https:\/\/www.sprachschule-aktiv.ch\/deutsch-lernen-in-der-schweiz\/wp-content\/uploads\/2022\/05\/deutschkurse-online-300x200.webp","datePublished":"2022-05-30T04:04:22+00:00","dateModified":"2023-02-13T15:58:17+00:00","description":"Online Deutsch lernen in Privat- oder Intensivkursen von A1 bis C2. Deutschkurs Online mit gratis Probestunde und Einstufung!","breadcrumb":{"@id":"https:\/\/www.sprachschule-aktiv.ch\/deutsch-lernen-in-der-schweiz\/deutschkurse-online-a1-a2-b1-b2-c1-c2\/#breadcrumb"},"inLanguage":"de","potentialAction":[{"@type":"ReadAction","target":["https:\/\/www.sprachschule-aktiv.ch\/deutsch-lernen-in-der-schweiz\/deutschkurse-online-a1-a2-b1-b2-c1-c2\/"]}]},{"@type":"ImageObject","inLanguage":"de","@id":"https:\/\/www.sprachschule-aktiv.ch\/deutsch-lernen-in-der-schweiz\/deutschkurse-online-a1-a2-b1-b2-c1-c2\/#primaryimage","url":"https:\/\/www.sprachschule-aktiv.ch\/deutsch-lernen-in-der-schweiz\/wp-content\/uploads\/2022\/05\/deutschkurse-online-300x200.webp","contentUrl":"https:\/\/www.sprachschule-aktiv.ch\/deutsch-lernen-in-der-schweiz\/wp-content\/uploads\/2022\/05\/deutschkurse-online-300x200.webp"},{"@type":"BreadcrumbList","@id":"https:\/\/www.sprachschule-aktiv.ch\/deutsch-lernen-in-der-schweiz\/deutschkurse-online-a1-a2-b1-b2-c1-c2\/#breadcrumb","itemListElement":[{"@type":"ListItem","position":1,"name":"Startseite","item":"https:\/\/www.sprachschule-aktiv.ch\/deutsch-lernen-in-der-schweiz\/"},{"@type":"ListItem","position":2,"name":"Deutschkurse Online &#8211; A1, A2, B1, B2, C1, C2"}]},{"@type":"WebSite","@id":"https:\/\/www.sprachschule-aktiv.ch\/deutsch-lernen-in-der-schweiz\/#website","url":"https:\/\/www.sprachschule-aktiv.ch\/deutsch-lernen-in-der-schweiz\/","name":"Deutsch lernen in der schweiz","description":"","potentialAction":[{"@type":"SearchAction","target":{"@type":"EntryPoint","urlTemplate":"https:\/\/www.sprachschule-aktiv.ch\/deutsch-lernen-in-der-schweiz\/?s={search_term_string}"},"query-input":{"@type":"PropertyValueSpecification","valueRequired":true,"valueName":"search_term_string"}}],"inLanguage":"de"}]}},"_links":{"self":[{"href":"https:\/\/www.sprachschule-aktiv.ch\/deutsch-lernen-in-der-schweiz\/wp-json\/wp\/v2\/pages\/333","targetHints":{"allow":["GET"]}}],"collection":[{"href":"https:\/\/www.sprachschule-aktiv.ch\/deutsch-lernen-in-der-schweiz\/wp-json\/wp\/v2\/pages"}],"about":[{"href":"https:\/\/www.sprachschule-aktiv.ch\/deutsch-lernen-in-der-schweiz\/wp-json\/wp\/v2\/types\/page"}],"author":[{"embeddable":true,"href":"https:\/\/www.sprachschule-aktiv.ch\/deutsch-lernen-in-der-schweiz\/wp-json\/wp\/v2\/users\/2"}],"replies":[{"embeddable":true,"href":"https:\/\/www.sprachschule-aktiv.ch\/deutsch-lernen-in-der-schweiz\/wp-json\/wp\/v2\/comments?post=333"}],"version-history":[{"count":2,"href":"https:\/\/www.sprachschule-aktiv.ch\/deutsch-lernen-in-der-schweiz\/wp-json\/wp\/v2\/pages\/333\/revisions"}],"predecessor-version":[{"id":733,"href":"https:\/\/www.sprachschule-aktiv.ch\/deutsch-lernen-in-der-schweiz\/wp-json\/wp\/v2\/pages\/333\/revisions\/733"}],"wp:attachment":[{"href":"https:\/\/www.sprachschule-aktiv.ch\/deutsch-lernen-in-der-schweiz\/wp-json\/wp\/v2\/media?parent=333"}],"curies":[{"name":"wp","href":"https:\/\/api.w.org\/{rel}","templated":true}]}}