{"id":253,"date":"2022-05-01T07:04:15","date_gmt":"2022-05-01T05:04:15","guid":{"rendered":"https:\/\/www.sprachschule-aktiv.ch\/deutsch-lernen-in-der-schweiz\/?page_id=253"},"modified":"2025-04-11T19:58:07","modified_gmt":"2025-04-11T17:58:07","slug":"freiburg","status":"publish","type":"page","link":"https:\/\/www.sprachschule-aktiv.ch\/deutsch-lernen-in-der-schweiz\/freiburg\/","title":{"rendered":"Deutsch lernen in Freiburg &#8211; vor Ort oder Online &#8211; Sprachschule"},"content":{"rendered":"<p>F\u00fcr Sprachinteressierte bietet die Sprachschule Aktiv mehrere Deutschkurse in Freiburg (vor Ort oder Online) an. Diese orientieren sich an Ihren W\u00fcnschen und f\u00fchren Sie mit unterschiedlichen Geschwindigkeiten zum Ziel.<\/p>\n<img loading=\"lazy\" decoding=\"async\" class=\"alignnone wp-image-254 size-full\" src=\"https:\/\/www.sprachschule-aktiv.ch\/deutsch-lernen-in-der-schweiz\/wp-content\/uploads\/2022\/05\/deutsch-lernen-in-freiburg.webp\" alt=\"Deutsch lernen in Freiburg - Sprachschule Aktiv\" width=\"770\" height=\"723\" srcset=\"https:\/\/www.sprachschule-aktiv.ch\/deutsch-lernen-in-der-schweiz\/wp-content\/uploads\/2022\/05\/deutsch-lernen-in-freiburg.webp 770w, https:\/\/www.sprachschule-aktiv.ch\/deutsch-lernen-in-der-schweiz\/wp-content\/uploads\/2022\/05\/deutsch-lernen-in-freiburg-300x282.webp 300w, https:\/\/www.sprachschule-aktiv.ch\/deutsch-lernen-in-der-schweiz\/wp-content\/uploads\/2022\/05\/deutsch-lernen-in-freiburg-768x721.webp 768w\" sizes=\"auto, (max-width: 770px) 100vw, 770px\" \/>\n<h2>Deutsch lernen in Freiburg &#8211; f\u00fcr Anf\u00e4nger und Fortgeschrittene<\/h2>\n<p>In der Sprachschule Aktiv in Freiburg bieten wir Ihnen Deutschkurse f\u00fcr Anf\u00e4nger und Fortgeschrittene an. Sie beginnen mit der Stufe A1, setzen Ihre Studien mit den Kursen A2, B1, B2, C1 und C2 fort. Nach jedem Kurs erhalten Sie ein Zertifikat von der Sprachschule Aktiv. Wahlweise k\u00f6nnen Sie auch an staatlich anerkannten Pr\u00fcfungen teilnehmen.<br \/>\nBeim Aufbau unserer Kurse orientieren wir uns am gemeinsamen Referenzrahmen f\u00fcr Sprachen. Dadurch f\u00e4llt ein Wechsel von einer Sprachschule zur anderen leicht.<br \/>\nVor der Einschreibung sollten Sie unseren <a href=\"https:\/\/www.sprachschule-aktiv.ch\/einstufungstest\/\">kostenlosen Einstufungstest<\/a> nutzen. Dadurch sind Sie von Anfang an im richtigen Kurs.<\/p>\n<a href=\"https:\/\/www.sprachschule-aktiv.ch\/deutsch-lernen-in-der-schweiz\/kontakt\/\"><img loading=\"lazy\" decoding=\"async\" class=\"alignnone wp-image-972 size-full\" title=\"Schnelle Anfrage - Deutschkurs Z\u00fcrich\" src=\"https:\/\/www.sprachschule-aktiv.ch\/wp-content\/uploads\/2017\/03\/boton-schnelle-anfrage.png\" alt=\"Schnelle Anfrage - Deutschkurs Z\u00fcrich\" width=\"220\" height=\"65\" \/><\/a>\n<h2>Die Deutsch Abendkurse in Freiburg<\/h2>\n<p>Sie treffen sich ein- oder zweimal in der Woche und lernen in einer kleinen Gruppe von maximal zehn Teilnehmern Deutsch. Sie haben die Wahl zwischen Unterricht in unseren Kursr\u00e4umen in Freiburg oder im virtuellen Kursraum im Internet.<\/p>\n<p><strong> Beginn:<\/strong> am ersten Montag im Monat<br \/>\n<strong>Termine:<\/strong> jeden Montag von 19:00 bis 20:30 Uhr.<br \/>\n<strong>Kosten:<\/strong> 350 CHF + 50 CHF Kursmaterial<br \/>\nDer Kurs dauert 12 Wochen.<\/p>\n<a href=\"https:\/\/www.sprachschule-aktiv.ch\/deutsch-lernen-in-der-schweiz\/anmeldung\/\"><img loading=\"lazy\" decoding=\"async\" class=\"alignnone size-full wp-image-233\" src=\"https:\/\/www.sprachschule-aktiv.ch\/deutsch-lernen-in-der-schweiz\/wp-content\/uploads\/2022\/04\/jetzt-deutschkurs-buchen.webp\" alt=\"Jetzt Deutschkurs buchen\" width=\"239\" height=\"62\" \/><\/a>\n<h2>Deutsch Intensivkurse in Freiburg &#8211; A1, A2, B1, B2, C1, C2<\/h2>\n<p>Unsere Intensivkurse f\u00fchren Sie schnell an die deutsche Sprache heran. Auch hier findet der Unterricht in kleinen Gruppen statt. Sie treffen sich in unseren Kursr\u00e4umen in Freiburg oder im Internet von Montag bis Freitag von 9:00 Uhr bis 12:00 Uhr. Wenn Sie schnelle Fortschritte w\u00fcnschen, sind diese Kurse optimal. Wir bereiten Sie im Rahmen der Intensivkurse auf die telc-Pr\u00fcfung oder auf den Test Deutsch als Fremdsprache vor.<\/p>\n<p><strong>Start:<\/strong> am ersten Montag im Monat<\/p>\n<p><strong>Termine:<\/strong> Montag bis Freitag von 9:00 bis 12:00 Uhr.<\/p>\n<p><strong>Preise:<\/strong><br \/>\nIntensivkurs Deutsch 4 Wochen: 790 CHF<br \/>\nIntensivkurs Deutsch 3 Wochen: 675 CHF<br \/>\nIntensivkurs Deutsch 2 Wochen: 580 CHF<br \/>\nIntensivkurs Deutsch 1 Woche: 395 CHF<br \/>\nIntensivkurs Fremdsprache 4 Wochen: 990 CHF<br \/>\nIntensivkurs Fremdsprache 3 Wochen: 750 CHF<br \/>\nIntensivkurs Fremdsprache 2 Wochen: 580 CHF<br \/>\nIntensivkurs Fremdsprache 1 Woche: 370 CHF<\/p>\n<a href=\"https:\/\/www.sprachschule-aktiv.ch\/deutsch-lernen-in-der-schweiz\/anmeldung\/\"><img loading=\"lazy\" decoding=\"async\" class=\"alignnone size-full wp-image-233\" src=\"https:\/\/www.sprachschule-aktiv.ch\/deutsch-lernen-in-der-schweiz\/wp-content\/uploads\/2022\/04\/jetzt-deutschkurs-buchen.webp\" alt=\"Jetzt Deutschkurs buchen\" width=\"239\" height=\"62\" \/><\/a>\n<h2>Telc-Vorbereitungskurse in Freiburg &#8211; vor Ort und Online<\/h2>\n<p><strong>Starttermin:<\/strong> immer am ersten Montag im Monat<br \/>\n<strong>Dauer des Kurses:<\/strong> vier Wochen<br \/>\n<strong>Kosten:<\/strong> 640 CHF (f\u00fcr vier Wochen)<\/p>\n<a href=\"https:\/\/www.sprachschule-aktiv.ch\/deutsch-lernen-in-der-schweiz\/anmeldung\/\"><img loading=\"lazy\" decoding=\"async\" class=\"alignnone size-full wp-image-233\" src=\"https:\/\/www.sprachschule-aktiv.ch\/deutsch-lernen-in-der-schweiz\/wp-content\/uploads\/2022\/04\/jetzt-deutschkurs-buchen.webp\" alt=\"Jetzt Deutschkurs buchen\" width=\"239\" height=\"62\" \/><\/a>\n<h2>Deutsch Privatunterricht in Freiburg<\/h2>\n<p>Falls Sie unregelm\u00e4ssige Arbeitszeiten haben oder aus einem anderen Grund nicht an unseren Gruppenkursen teilnehmen k\u00f6nnen, vermitteln wir Ihnen gerne einen Privatlehrer. Sie entscheiden, wann und wie h\u00e4ufig der Unterricht stattfindet. Die Lehrkraft kommt entweder zu Ihnen nach Hause oder trifft Sie im Internet.<br \/>\nEine gute Planung ist von Vorteil, denn je mehr Stunden Sie buchen, desto g\u00fcnstiger ist der Stundenpreis.<br \/>\nPreise:<br \/>\nBis 19 Stunden: 60 CHF pro Stunde<br \/>\nAb 20 Stunden: 58 CHF pro Stunde<br \/>\nAb 30 Stunden: 50 CHF pro Stunde<\/p>\n<a href=\"https:\/\/www.sprachschule-aktiv.ch\/deutsch-lernen-in-der-schweiz\/anmeldung\/\"><img loading=\"lazy\" decoding=\"async\" class=\"alignnone size-full wp-image-233\" src=\"https:\/\/www.sprachschule-aktiv.ch\/deutsch-lernen-in-der-schweiz\/wp-content\/uploads\/2022\/04\/jetzt-deutschkurs-buchen.webp\" alt=\"Jetzt Deutschkurs buchen\" width=\"239\" height=\"62\" \/><\/a>\n<h2>Unsere Lehrkr\u00e4fte sind sympathische Muttersprachler<\/h2>\n<p>Bei der Auswahl unserer Lehrkr\u00e4fte achten wir auf einen gleichbleibend hohen Standard, denn diese sind f\u00fcr Ihren Lernerfolg entscheidend. Das wichtigste Kriterium ist eine perfekte Sprachbeherrschung. Hier kommen nur Muttersprachler mit einer p\u00e4dagogischen Ausbildung in Frage. Beim Vorstellungsgespr\u00e4ch pr\u00fcfen wir, ob es sich um freundliche Pers\u00f6nlichkeiten handelt, die geduldig sind und gut mit Menschen umgehen k\u00f6nnen.<\/p>\n<h2>Sie k\u00f6nnen s\u00e4mtliche Deutschkurse testen<\/h2>\n<p>Ob ein Deutschkurs Ihren Erwartungen entspricht, stellen Sie meist erst fest, wenn der Kurs schon begonnen hat. Jetzt ist es schwer, sich wieder abzumelden. Die Sprachschule Aktiv in Freiburg geht einen anderen Weg. Die erste Stunde ist eine Probestunde. Sind Sie nicht vollkommen zufrieden, k\u00f6nnen Sie sich wieder abmelden und Sie erhalten Geld f\u00fcr bereits bezahlte Kursstunden zur\u00fcck.<br \/>\nF\u00fcr weitere Fragen nutzen Sie das Kontaktformular auf unserer Internetseite oder rufen Sie uns einfach an.<br \/>\n<iframe loading=\"lazy\" title=\"YouTube video player\" src=\"https:\/\/www.youtube.com\/embed\/JOvJI8b4z_E\" width=\"560\" height=\"315\" frameborder=\"0\" allowfullscreen=\"allowfullscreen\"><\/iframe><\/p>\n","protected":false},"excerpt":{"rendered":"<p>F\u00fcr Sprachinteressierte bietet die Sprachschule Aktiv mehrere Deutschkurse in Freiburg (vor Ort oder Online) an. Diese orientieren sich an Ihren W\u00fcnschen und f\u00fchren Sie mit unterschiedlichen Geschwindigkeiten zum Ziel. Deutsch lernen in Freiburg &#8211; f\u00fcr Anf\u00e4nger und Fortgeschrittene In der Sprachschule Aktiv in Freiburg bieten wir Ihnen Deutschkurse f\u00fcr Anf\u00e4nger und Fortgeschrittene an. Sie beginnen&hellip; <a class=\"read-more\" href=\"https:\/\/www.sprachschule-aktiv.ch\/deutsch-lernen-in-der-schweiz\/freiburg\/\" title=\"Read Deutsch lernen in Freiburg &#8211; vor Ort oder Online &#8211; Sprachschule\">Read more &raquo;<\/a><\/p>\n","protected":false},"author":2,"featured_media":0,"parent":0,"menu_order":0,"comment_status":"closed","ping_status":"closed","template":"","meta":{"footnotes":""},"class_list":["post-253","page","type-page","status-publish","hentry"],"yoast_head":"<!-- This site is optimized with the Yoast SEO plugin v27.1.1 - https:\/\/yoast.com\/product\/yoast-seo-wordpress\/ -->\n<title>Deutschkurs in Freiburg - vor Ort oder Online<\/title>\n<meta name=\"description\" content=\"Deutschkurse in Freiburg f\u00fcr Anf\u00e4nger &amp; Fortgeschrittene von A1 bis C2. Deutsch Intensivkurse, Privatunterricht, telc &amp; Abendkurse.\" \/>\n<meta name=\"robots\" content=\"index, follow, max-snippet:-1, max-image-preview:large, max-video-preview:-1\" \/>\n<link rel=\"canonical\" href=\"https:\/\/www.sprachschule-aktiv.ch\/deutsch-lernen-in-der-schweiz\/freiburg\/\" \/>\n<meta property=\"og:locale\" content=\"de_DE\" \/>\n<meta property=\"og:type\" content=\"article\" \/>\n<meta property=\"og:title\" content=\"Deutschkurs in Freiburg - vor Ort oder Online\" \/>\n<meta property=\"og:description\" content=\"Deutschkurse in Freiburg f\u00fcr Anf\u00e4nger &amp; Fortgeschrittene von A1 bis C2. Deutsch Intensivkurse, Privatunterricht, telc &amp; Abendkurse.\" \/>\n<meta property=\"og:url\" content=\"https:\/\/www.sprachschule-aktiv.ch\/deutsch-lernen-in-der-schweiz\/freiburg\/\" \/>\n<meta property=\"og:site_name\" content=\"Deutsch lernen in der schweiz\" \/>\n<meta property=\"article:modified_time\" content=\"2025-04-11T17:58:07+00:00\" \/>\n<meta property=\"og:image\" content=\"https:\/\/www.sprachschule-aktiv.ch\/deutsch-lernen-in-der-schweiz\/wp-content\/uploads\/2022\/05\/deutsch-lernen-in-freiburg.webp\" \/>\n\t<meta property=\"og:image:width\" content=\"770\" \/>\n\t<meta property=\"og:image:height\" content=\"723\" \/>\n\t<meta property=\"og:image:type\" content=\"image\/webp\" \/>\n<meta name=\"twitter:card\" content=\"summary_large_image\" \/>\n<meta name=\"twitter:label1\" content=\"Gesch\u00e4tzte Lesezeit\" \/>\n\t<meta name=\"twitter:data1\" content=\"5\u00a0Minuten\" \/>\n<script type=\"application\/ld+json\" class=\"yoast-schema-graph\">{\"@context\":\"https:\/\/schema.org\",\"@graph\":[{\"@type\":\"WebPage\",\"@id\":\"https:\/\/www.sprachschule-aktiv.ch\/deutsch-lernen-in-der-schweiz\/freiburg\/\",\"url\":\"https:\/\/www.sprachschule-aktiv.ch\/deutsch-lernen-in-der-schweiz\/freiburg\/\",\"name\":\"Deutschkurs in Freiburg - vor Ort oder Online\",\"isPartOf\":{\"@id\":\"https:\/\/www.sprachschule-aktiv.ch\/deutsch-lernen-in-der-schweiz\/#website\"},\"primaryImageOfPage\":{\"@id\":\"https:\/\/www.sprachschule-aktiv.ch\/deutsch-lernen-in-der-schweiz\/freiburg\/#primaryimage\"},\"image\":{\"@id\":\"https:\/\/www.sprachschule-aktiv.ch\/deutsch-lernen-in-der-schweiz\/freiburg\/#primaryimage\"},\"thumbnailUrl\":\"https:\/\/www.sprachschule-aktiv.ch\/deutsch-lernen-in-der-schweiz\/wp-content\/uploads\/2022\/05\/deutsch-lernen-in-freiburg.webp\",\"datePublished\":\"2022-05-01T05:04:15+00:00\",\"dateModified\":\"2025-04-11T17:58:07+00:00\",\"description\":\"Deutschkurse in Freiburg f\u00fcr Anf\u00e4nger & Fortgeschrittene von A1 bis C2. Deutsch Intensivkurse, Privatunterricht, telc & Abendkurse.\",\"breadcrumb\":{\"@id\":\"https:\/\/www.sprachschule-aktiv.ch\/deutsch-lernen-in-der-schweiz\/freiburg\/#breadcrumb\"},\"inLanguage\":\"de\",\"potentialAction\":[{\"@type\":\"ReadAction\",\"target\":[\"https:\/\/www.sprachschule-aktiv.ch\/deutsch-lernen-in-der-schweiz\/freiburg\/\"]}]},{\"@type\":\"ImageObject\",\"inLanguage\":\"de\",\"@id\":\"https:\/\/www.sprachschule-aktiv.ch\/deutsch-lernen-in-der-schweiz\/freiburg\/#primaryimage\",\"url\":\"https:\/\/www.sprachschule-aktiv.ch\/deutsch-lernen-in-der-schweiz\/wp-content\/uploads\/2022\/05\/deutsch-lernen-in-freiburg.webp\",\"contentUrl\":\"https:\/\/www.sprachschule-aktiv.ch\/deutsch-lernen-in-der-schweiz\/wp-content\/uploads\/2022\/05\/deutsch-lernen-in-freiburg.webp\",\"width\":770,\"height\":723,\"caption\":\"Deutsch lernen in Freiburg - Sprachschule Aktiv\"},{\"@type\":\"BreadcrumbList\",\"@id\":\"https:\/\/www.sprachschule-aktiv.ch\/deutsch-lernen-in-der-schweiz\/freiburg\/#breadcrumb\",\"itemListElement\":[{\"@type\":\"ListItem\",\"position\":1,\"name\":\"Startseite\",\"item\":\"https:\/\/www.sprachschule-aktiv.ch\/deutsch-lernen-in-der-schweiz\/\"},{\"@type\":\"ListItem\",\"position\":2,\"name\":\"Deutsch lernen in Freiburg &#8211; vor Ort oder Online &#8211; Sprachschule\"}]},{\"@type\":\"WebSite\",\"@id\":\"https:\/\/www.sprachschule-aktiv.ch\/deutsch-lernen-in-der-schweiz\/#website\",\"url\":\"https:\/\/www.sprachschule-aktiv.ch\/deutsch-lernen-in-der-schweiz\/\",\"name\":\"Deutsch lernen in der schweiz\",\"description\":\"\",\"potentialAction\":[{\"@type\":\"SearchAction\",\"target\":{\"@type\":\"EntryPoint\",\"urlTemplate\":\"https:\/\/www.sprachschule-aktiv.ch\/deutsch-lernen-in-der-schweiz\/?s={search_term_string}\"},\"query-input\":{\"@type\":\"PropertyValueSpecification\",\"valueRequired\":true,\"valueName\":\"search_term_string\"}}],\"inLanguage\":\"de\"}]}<\/script>\n<!-- \/ Yoast SEO plugin. -->","yoast_head_json":{"title":"Deutschkurs in Freiburg - vor Ort oder Online","description":"Deutschkurse in Freiburg f\u00fcr Anf\u00e4nger & Fortgeschrittene von A1 bis C2. Deutsch Intensivkurse, Privatunterricht, telc & Abendkurse.","robots":{"index":"index","follow":"follow","max-snippet":"max-snippet:-1","max-image-preview":"max-image-preview:large","max-video-preview":"max-video-preview:-1"},"canonical":"https:\/\/www.sprachschule-aktiv.ch\/deutsch-lernen-in-der-schweiz\/freiburg\/","og_locale":"de_DE","og_type":"article","og_title":"Deutschkurs in Freiburg - vor Ort oder Online","og_description":"Deutschkurse in Freiburg f\u00fcr Anf\u00e4nger & Fortgeschrittene von A1 bis C2. Deutsch Intensivkurse, Privatunterricht, telc & Abendkurse.","og_url":"https:\/\/www.sprachschule-aktiv.ch\/deutsch-lernen-in-der-schweiz\/freiburg\/","og_site_name":"Deutsch lernen in der schweiz","article_modified_time":"2025-04-11T17:58:07+00:00","og_image":[{"width":770,"height":723,"url":"https:\/\/www.sprachschule-aktiv.ch\/deutsch-lernen-in-der-schweiz\/wp-content\/uploads\/2022\/05\/deutsch-lernen-in-freiburg.webp","type":"image\/webp"}],"twitter_card":"summary_large_image","twitter_misc":{"Gesch\u00e4tzte Lesezeit":"5\u00a0Minuten"},"schema":{"@context":"https:\/\/schema.org","@graph":[{"@type":"WebPage","@id":"https:\/\/www.sprachschule-aktiv.ch\/deutsch-lernen-in-der-schweiz\/freiburg\/","url":"https:\/\/www.sprachschule-aktiv.ch\/deutsch-lernen-in-der-schweiz\/freiburg\/","name":"Deutschkurs in Freiburg - vor Ort oder Online","isPartOf":{"@id":"https:\/\/www.sprachschule-aktiv.ch\/deutsch-lernen-in-der-schweiz\/#website"},"primaryImageOfPage":{"@id":"https:\/\/www.sprachschule-aktiv.ch\/deutsch-lernen-in-der-schweiz\/freiburg\/#primaryimage"},"image":{"@id":"https:\/\/www.sprachschule-aktiv.ch\/deutsch-lernen-in-der-schweiz\/freiburg\/#primaryimage"},"thumbnailUrl":"https:\/\/www.sprachschule-aktiv.ch\/deutsch-lernen-in-der-schweiz\/wp-content\/uploads\/2022\/05\/deutsch-lernen-in-freiburg.webp","datePublished":"2022-05-01T05:04:15+00:00","dateModified":"2025-04-11T17:58:07+00:00","description":"Deutschkurse in Freiburg f\u00fcr Anf\u00e4nger & Fortgeschrittene von A1 bis C2. Deutsch Intensivkurse, Privatunterricht, telc & Abendkurse.","breadcrumb":{"@id":"https:\/\/www.sprachschule-aktiv.ch\/deutsch-lernen-in-der-schweiz\/freiburg\/#breadcrumb"},"inLanguage":"de","potentialAction":[{"@type":"ReadAction","target":["https:\/\/www.sprachschule-aktiv.ch\/deutsch-lernen-in-der-schweiz\/freiburg\/"]}]},{"@type":"ImageObject","inLanguage":"de","@id":"https:\/\/www.sprachschule-aktiv.ch\/deutsch-lernen-in-der-schweiz\/freiburg\/#primaryimage","url":"https:\/\/www.sprachschule-aktiv.ch\/deutsch-lernen-in-der-schweiz\/wp-content\/uploads\/2022\/05\/deutsch-lernen-in-freiburg.webp","contentUrl":"https:\/\/www.sprachschule-aktiv.ch\/deutsch-lernen-in-der-schweiz\/wp-content\/uploads\/2022\/05\/deutsch-lernen-in-freiburg.webp","width":770,"height":723,"caption":"Deutsch lernen in Freiburg - Sprachschule Aktiv"},{"@type":"BreadcrumbList","@id":"https:\/\/www.sprachschule-aktiv.ch\/deutsch-lernen-in-der-schweiz\/freiburg\/#breadcrumb","itemListElement":[{"@type":"ListItem","position":1,"name":"Startseite","item":"https:\/\/www.sprachschule-aktiv.ch\/deutsch-lernen-in-der-schweiz\/"},{"@type":"ListItem","position":2,"name":"Deutsch lernen in Freiburg &#8211; vor Ort oder Online &#8211; Sprachschule"}]},{"@type":"WebSite","@id":"https:\/\/www.sprachschule-aktiv.ch\/deutsch-lernen-in-der-schweiz\/#website","url":"https:\/\/www.sprachschule-aktiv.ch\/deutsch-lernen-in-der-schweiz\/","name":"Deutsch lernen in der schweiz","description":"","potentialAction":[{"@type":"SearchAction","target":{"@type":"EntryPoint","urlTemplate":"https:\/\/www.sprachschule-aktiv.ch\/deutsch-lernen-in-der-schweiz\/?s={search_term_string}"},"query-input":{"@type":"PropertyValueSpecification","valueRequired":true,"valueName":"search_term_string"}}],"inLanguage":"de"}]}},"_links":{"self":[{"href":"https:\/\/www.sprachschule-aktiv.ch\/deutsch-lernen-in-der-schweiz\/wp-json\/wp\/v2\/pages\/253","targetHints":{"allow":["GET"]}}],"collection":[{"href":"https:\/\/www.sprachschule-aktiv.ch\/deutsch-lernen-in-der-schweiz\/wp-json\/wp\/v2\/pages"}],"about":[{"href":"https:\/\/www.sprachschule-aktiv.ch\/deutsch-lernen-in-der-schweiz\/wp-json\/wp\/v2\/types\/page"}],"author":[{"embeddable":true,"href":"https:\/\/www.sprachschule-aktiv.ch\/deutsch-lernen-in-der-schweiz\/wp-json\/wp\/v2\/users\/2"}],"replies":[{"embeddable":true,"href":"https:\/\/www.sprachschule-aktiv.ch\/deutsch-lernen-in-der-schweiz\/wp-json\/wp\/v2\/comments?post=253"}],"version-history":[{"count":2,"href":"https:\/\/www.sprachschule-aktiv.ch\/deutsch-lernen-in-der-schweiz\/wp-json\/wp\/v2\/pages\/253\/revisions"}],"predecessor-version":[{"id":788,"href":"https:\/\/www.sprachschule-aktiv.ch\/deutsch-lernen-in-der-schweiz\/wp-json\/wp\/v2\/pages\/253\/revisions\/788"}],"wp:attachment":[{"href":"https:\/\/www.sprachschule-aktiv.ch\/deutsch-lernen-in-der-schweiz\/wp-json\/wp\/v2\/media?parent=253"}],"curies":[{"name":"wp","href":"https:\/\/api.w.org\/{rel}","templated":true}]}}