{"id":216,"date":"2022-03-27T07:16:21","date_gmt":"2022-03-27T05:16:21","guid":{"rendered":"https:\/\/www.sprachschule-aktiv.ch\/deutsch-lernen-in-der-schweiz\/?page_id=216"},"modified":"2022-04-04T07:12:11","modified_gmt":"2022-04-04T05:12:11","slug":"deutschkurs-zuerich","status":"publish","type":"page","link":"https:\/\/www.sprachschule-aktiv.ch\/deutsch-lernen-in-der-schweiz\/deutschkurs-zuerich\/","title":{"rendered":"Deutschkurs in Z\u00fcrich &#8211; in der Sprachschule oder Online"},"content":{"rendered":"<p>Manche glauben, Deutsch sei eine schwere Sprache. Das ist aber nicht richtig, denn mit einem guten Lehrer beherrschen Sie die Grammatik schnell. Unsere Deutsch-Sprachschule in Z\u00fcrich bietet ihren Kursteilnehmern eine breite Palette an Deutschkursen, die alle von gut ausgebildeten Lehrerinnen und Lehrer geleitet werden. Sie schliessen jeden Kurs mit einer Bescheinigung ab, die Ihnen bei Bewerbungen grosse Dienste leistet.<\/p>\n<h2>Deutsch lernen in Z\u00fcrich von A1 bis C2<\/h2>\n<p>In unserem umfangreichen Kursprogramm finden Sie Deutschkurse f\u00fcr Anf\u00e4nger und Fortgeschrittene. Unsere Lehrkr\u00e4fte konzipieren den Unterricht entsprechend den Vorgaben des gemeinsamen Referenzrahmens f\u00fcr Sprachen. Die Kurse der Stufe A1 sind f\u00fcr Anf\u00e4nger ohne Vorkenntnisse gedacht. Viele unserer Teilnehmer sprechen schon ein wenig Deutsch und starten in einem h\u00f6heren Kurs.<br \/>\nNicht immer ist die Zuordnung einfach. In diesem Fall nehmen Sie an einem <a href=\"https:\/\/www.sprachschule-aktiv.ch\/deutsch-lernen-in-der-schweiz\/deutsch-einstufungstest\/\">kostenlosen Einstufungstest<\/a> teil. Dieser ist \u00fcber unsere Internetseite erreichbar oder Sie besuchen uns in Z\u00fcrich.<br \/>\nUnsere Deutschkurse f\u00fchren Sie von der Grundstufe \u00fcber die Mittelstufe B1 und B2 zur perfekten Beherrschung der deutschen Sprache in den Stufen C1 und C2.<\/p>\n<img loading=\"lazy\" decoding=\"async\" class=\"alignnone wp-image-218 size-full\" src=\"https:\/\/www.sprachschule-aktiv.ch\/deutsch-lernen-in-der-schweiz\/wp-content\/uploads\/2022\/03\/deutschkurs-zuerich.gif\" alt=\"Deutschkurs in Z\u00fcrich - A1, A2, B1, B2, C1, C2\" width=\"700\" height=\"467\" \/>\n<h2>Unsere Deutschkurse in Z\u00fcrich &#8211; Kursauswahl<\/h2>\n<p>\u00dcbersicht unserer Deutschkurse in Z\u00fcrich mit Preisen und Anfangsterminen.<\/p>\n<a href=\"https:\/\/www.sprachschule-aktiv.ch\/deutsch-lernen-in-der-schweiz\/kontakt\/\"><img loading=\"lazy\" decoding=\"async\" class=\"alignnone wp-image-972 size-full\" title=\"Schnelle Anfrage - Deutschkurs Z\u00fcrich\" src=\"https:\/\/www.sprachschule-aktiv.ch\/wp-content\/uploads\/2017\/03\/boton-schnelle-anfrage.png\" alt=\"Schnelle Anfrage - Deutschkurs Z\u00fcrich\" width=\"220\" height=\"65\" \/><\/a>\n<h2>Deutsch Intensivkurs in Z\u00fcrich \u2013 A1, A2, B1, B2, C1, C2<\/h2>\n<p><strong>Starttermin:<\/strong> am ersten Montag im Monat.<br \/>\n<strong>Termine:<\/strong> Montag bis Freitag von 9:00 bis 12:00 Uhr<br \/>\n<strong>Kosten:<\/strong><\/p>\n<p>1 Woche:\u00a0 245 CHF<br \/>\n2 Wochen: 430 CHF<br \/>\n3 Wochen: 525 CHF<br \/>\n4 Wochen: 640 CHF<\/p>\n<a href=\"https:\/\/www.sprachschule-aktiv.ch\/deutsch-lernen-in-der-schweiz\/anmeldung\/\"><img loading=\"lazy\" decoding=\"async\" class=\"alignnone wp-image-221 size-medium\" src=\"https:\/\/www.sprachschule-aktiv.ch\/deutsch-lernen-in-der-schweiz\/wp-content\/uploads\/2022\/03\/anmeldung-deutschkurs-300x79.webp\" alt=\"Anmeldung Deutschkurs\" width=\"300\" height=\"79\" srcset=\"https:\/\/www.sprachschule-aktiv.ch\/deutsch-lernen-in-der-schweiz\/wp-content\/uploads\/2022\/03\/anmeldung-deutschkurs-300x79.webp 300w, https:\/\/www.sprachschule-aktiv.ch\/deutsch-lernen-in-der-schweiz\/wp-content\/uploads\/2022\/03\/anmeldung-deutschkurs.webp 313w\" sizes=\"auto, (max-width: 300px) 100vw, 300px\" \/><\/a>\n<p><iframe loading=\"lazy\" title=\"YouTube video player\" src=\"https:\/\/www.youtube.com\/embed\/JOvJI8b4z_E\" width=\"560\" height=\"315\" frameborder=\"0\" allowfullscreen=\"allowfullscreen\"><\/iframe><\/p>\n<h2>Abendkurs Deutsch in Z\u00fcrich &#8211; f\u00fcr Anf\u00e4nger und Fortgeschrittene<\/h2>\n<p><strong>Beginn:<\/strong> am ersten Dienstag im Monat<br \/>\n<strong>Dauer:<\/strong> 12 Wochen<br \/>\n<strong>Kurstermine:<\/strong> jeden Dienstag von 19:00 bis 20:30 Uhr<br \/>\n<strong>Preis Abendkurs:<\/strong> 280 CHF<\/p>\n<a href=\"https:\/\/www.sprachschule-aktiv.ch\/deutsch-lernen-in-der-schweiz\/anmeldung\/\"><img loading=\"lazy\" decoding=\"async\" class=\"alignnone size-medium wp-image-221\" src=\"https:\/\/www.sprachschule-aktiv.ch\/deutsch-lernen-in-der-schweiz\/wp-content\/uploads\/2022\/03\/anmeldung-deutschkurs-300x79.webp\" alt=\"Anmeldung Deutschkurs\" width=\"300\" height=\"79\" srcset=\"https:\/\/www.sprachschule-aktiv.ch\/deutsch-lernen-in-der-schweiz\/wp-content\/uploads\/2022\/03\/anmeldung-deutschkurs-300x79.webp 300w, https:\/\/www.sprachschule-aktiv.ch\/deutsch-lernen-in-der-schweiz\/wp-content\/uploads\/2022\/03\/anmeldung-deutschkurs.webp 313w\" sizes=\"auto, (max-width: 300px) 100vw, 300px\" \/><\/a>\n<h2>Deutsch Privatunterricht in Z\u00fcrich &#8211; bei Ihnen zu Hause oder in unserer Sprachschule<\/h2>\n<p><strong>Start:<\/strong> wie gew\u00fcnscht<br \/>\n<strong>Termine:<\/strong> wie gew\u00fcnscht<br \/>\n<strong>Preise:<\/strong><\/p>\n<p>Ab 1 bis 19 Stunden zahlen Sie 60 CHF pro Lektion<br \/>\nAb 20 Stunden zahlen Sie 58 CHF pro Lektion<br \/>\nAb 30 Unterrichtsstunden zahlen Sie 50 CHF pro Lektion<\/p>\n<a href=\"https:\/\/www.sprachschule-aktiv.ch\/deutsch-lernen-in-der-schweiz\/anmeldung\/\"><img loading=\"lazy\" decoding=\"async\" class=\"alignnone size-medium wp-image-221\" src=\"https:\/\/www.sprachschule-aktiv.ch\/deutsch-lernen-in-der-schweiz\/wp-content\/uploads\/2022\/03\/anmeldung-deutschkurs-300x79.webp\" alt=\"Anmeldung Deutschkurs\" width=\"300\" height=\"79\" srcset=\"https:\/\/www.sprachschule-aktiv.ch\/deutsch-lernen-in-der-schweiz\/wp-content\/uploads\/2022\/03\/anmeldung-deutschkurs-300x79.webp 300w, https:\/\/www.sprachschule-aktiv.ch\/deutsch-lernen-in-der-schweiz\/wp-content\/uploads\/2022\/03\/anmeldung-deutschkurs.webp 313w\" sizes=\"auto, (max-width: 300px) 100vw, 300px\" \/><\/a>\n<h2>telc Pr\u00fcfungsvorbereitungskurse in Z\u00fcrich von A1 bis C2<\/h2>\n<p><strong>Kursbeginn:<\/strong> am ersten Montag im Monat<br \/>\n<strong>Kursdauer:<\/strong> 4 Wochen<br \/>\n<strong>Termine:<\/strong> Montag bis Freitag von 9:00 bis 12:00 Uhr<br \/>\n<strong>Kosten f\u00fcr 4 Wochen:<\/strong> 640 CHF<\/p>\n<a href=\"https:\/\/www.sprachschule-aktiv.ch\/deutsch-lernen-in-der-schweiz\/anmeldung\/\"><img loading=\"lazy\" decoding=\"async\" class=\"alignnone size-medium wp-image-221\" src=\"https:\/\/www.sprachschule-aktiv.ch\/deutsch-lernen-in-der-schweiz\/wp-content\/uploads\/2022\/03\/anmeldung-deutschkurs-300x79.webp\" alt=\"Anmeldung Deutschkurs\" width=\"300\" height=\"79\" srcset=\"https:\/\/www.sprachschule-aktiv.ch\/deutsch-lernen-in-der-schweiz\/wp-content\/uploads\/2022\/03\/anmeldung-deutschkurs-300x79.webp 300w, https:\/\/www.sprachschule-aktiv.ch\/deutsch-lernen-in-der-schweiz\/wp-content\/uploads\/2022\/03\/anmeldung-deutschkurs.webp 313w\" sizes=\"auto, (max-width: 300px) 100vw, 300px\" \/><\/a>\n<h2>Deutsch lernen in Z\u00fcrich mit einem Abendkurs<\/h2>\n<p>In einem Abendkurs sitzen Teilnehmer, welche die Sprache langsam lernen wollen, also nicht unter Zeitdruck stehen. Dementsprechend ist die Lernatmosph\u00e4re entspannt und es bleibt gen\u00fcgend Zeit f\u00fcr Gespr\u00e4che zwischen den Kursteilnehmern. Trotzdem machen Sie auch in einem Abendkurs gute Fortschritte. Die Gruppenst\u00e4rke ist gering, sodass Sie oft Gelegenheit haben, Deutsch zu sprechen. Sie haben die Wahl zwischen Kursen in unseren R\u00e4umen in Z\u00fcrich oder \u00fcber das Internet im virtuellen Klassenzimmer.<\/p>\n<h2>Deutsch lernen in Z\u00fcrich mit einem Intensivkurs<\/h2>\n<p>Ein Intensivkurs findet von Montag bis Freitag von 9:00 Uhr bis 12:00 Uhr statt. Vor allem Berufst\u00e4tige und angehende Studenten nehmen an den Kursen teil. Die t\u00e4gliche Besch\u00e4ftigung mit der Sprache in Verbindung mit kleinen Gruppen erm\u00f6glicht einen raschen Lernfortschritt. Die Konzentration der Teilnehmer ist hoch und die Kurse sehr effektiv.<\/p>\n<h2>Deutsch lernen in Z\u00fcrich mit Privatunterricht<\/h2>\n<p>Selbst wenn Sie \u00fcber das Internet an einem Gruppenkurs teilnehmen, sind Sie an bestimmte Kurszeiten gebunden. Diese einzuhalten ist nicht immer leicht. Falls Sie verhindert sind, entgehen Ihnen wertvolle Unterrichtsstunden. Mit einem Privatunterricht haben Sie diese Probleme nicht. Sie legen mit Ihrer Lehrkraft zusammen die Unterrichtsstunden fest. Sollten Sie den Termin nicht wahrnehmen k\u00f6nnen, sagen Sie ihn rechtzeitig ab und vereinbaren einen neuen. Privatunterricht hat noch andere Vorteile: Die Lehrkraft konzentriert sich nur auf Sie, sodass Sie besonders schnelle Fortschritte machen. Ausserdem ist der Unterricht genau auf Ihre Bed\u00fcrfnisse abgestimmt.<\/p>\n<h2>Den Deutschunterricht in Z\u00fcrich erteilen nur Muttersprachler<\/h2>\n<p>Unsere Lehrkr\u00e4fte sind immer Muttersprachler, sodass Sie Deutsch von Anfang an akzentfrei lernen. Wichtig ist uns ausserdem eine p\u00e4dagogische Hochschulausbildung und eine freundliche, sympathische Pers\u00f6nlichkeit. Darauf achten wir bei der Auswertung der schriftlichen Unterlagen und beim Einstellungsgespr\u00e4ch<\/p>\n<h2>Teilnahme am Deutschunterricht in Z\u00fcrich ohne Risiko<\/h2>\n<p>Sie haben bei allen Kursen nach der ersten Stunde die M\u00f6glichkeit, von der Teilnahme zur\u00fcckzutreten. Sagen Sie uns einfach Bescheid, falls Sie davon Gebrauch machen wollen. Sollten Sie bereits Kursgeb\u00fchren bezahlt haben, erstatten wir Ihnen diese umgehend auf das angegebene Konto zur\u00fcck.<br \/>\nDeutsch lernen in Z\u00fcrich ist eine gute Idee. Melden Sie sich noch heute zum Kurs Ihrer Wahl bei der Sprachschule Aktiv an.<\/p>\n","protected":false},"excerpt":{"rendered":"<p>Manche glauben, Deutsch sei eine schwere Sprache. Das ist aber nicht richtig, denn mit einem guten Lehrer beherrschen Sie die Grammatik schnell. Unsere Deutsch-Sprachschule in Z\u00fcrich bietet ihren Kursteilnehmern eine breite Palette an Deutschkursen, die alle von gut ausgebildeten Lehrerinnen und Lehrer geleitet werden. Sie schliessen jeden Kurs mit einer Bescheinigung ab, die Ihnen bei&hellip; <a class=\"read-more\" href=\"https:\/\/www.sprachschule-aktiv.ch\/deutsch-lernen-in-der-schweiz\/deutschkurs-zuerich\/\" title=\"Read Deutschkurs in Z\u00fcrich &#8211; in der Sprachschule oder Online\">Read more &raquo;<\/a><\/p>\n","protected":false},"author":2,"featured_media":0,"parent":0,"menu_order":0,"comment_status":"closed","ping_status":"closed","template":"","meta":{"footnotes":""},"class_list":["post-216","page","type-page","status-publish","hentry"],"yoast_head":"<!-- This site is optimized with the Yoast SEO plugin v27.1.1 - https:\/\/yoast.com\/product\/yoast-seo-wordpress\/ -->\n<title>Deutschkurs in Z\u00fcrich - in der Sprachschule oder Online<\/title>\n<meta name=\"description\" content=\"Deutschkurse in Z\u00fcrich f\u00fcr A1, A2, B1, B2, C1, C2. Preisg\u00fcnstige Deutsch Intensivkurse vor Ort oder Online. Effektiv Deutsch lernen!\" \/>\n<meta name=\"robots\" content=\"index, follow, max-snippet:-1, max-image-preview:large, max-video-preview:-1\" \/>\n<link rel=\"canonical\" href=\"https:\/\/www.sprachschule-aktiv.ch\/deutsch-lernen-in-der-schweiz\/deutschkurs-zuerich\/\" \/>\n<meta property=\"og:locale\" content=\"de_DE\" \/>\n<meta property=\"og:type\" content=\"article\" \/>\n<meta property=\"og:title\" content=\"Deutschkurs in Z\u00fcrich - in der Sprachschule oder Online\" \/>\n<meta property=\"og:description\" content=\"Deutschkurse in Z\u00fcrich f\u00fcr A1, A2, B1, B2, C1, C2. Preisg\u00fcnstige Deutsch Intensivkurse vor Ort oder Online. Effektiv Deutsch lernen!\" \/>\n<meta property=\"og:url\" content=\"https:\/\/www.sprachschule-aktiv.ch\/deutsch-lernen-in-der-schweiz\/deutschkurs-zuerich\/\" \/>\n<meta property=\"og:site_name\" content=\"Deutsch lernen in der schweiz\" \/>\n<meta property=\"article:modified_time\" content=\"2022-04-04T05:12:11+00:00\" \/>\n<meta property=\"og:image\" content=\"https:\/\/www.sprachschule-aktiv.ch\/deutsch-lernen-in-der-schweiz\/wp-content\/uploads\/2022\/03\/deutschkurs-zuerich.gif\" \/>\n<meta name=\"twitter:card\" content=\"summary_large_image\" \/>\n<meta name=\"twitter:label1\" content=\"Gesch\u00e4tzte Lesezeit\" \/>\n\t<meta name=\"twitter:data1\" content=\"4\u00a0Minuten\" \/>\n<script type=\"application\/ld+json\" class=\"yoast-schema-graph\">{\"@context\":\"https:\/\/schema.org\",\"@graph\":[{\"@type\":\"WebPage\",\"@id\":\"https:\/\/www.sprachschule-aktiv.ch\/deutsch-lernen-in-der-schweiz\/deutschkurs-zuerich\/\",\"url\":\"https:\/\/www.sprachschule-aktiv.ch\/deutsch-lernen-in-der-schweiz\/deutschkurs-zuerich\/\",\"name\":\"Deutschkurs in Z\u00fcrich - in der Sprachschule oder Online\",\"isPartOf\":{\"@id\":\"https:\/\/www.sprachschule-aktiv.ch\/deutsch-lernen-in-der-schweiz\/#website\"},\"primaryImageOfPage\":{\"@id\":\"https:\/\/www.sprachschule-aktiv.ch\/deutsch-lernen-in-der-schweiz\/deutschkurs-zuerich\/#primaryimage\"},\"image\":{\"@id\":\"https:\/\/www.sprachschule-aktiv.ch\/deutsch-lernen-in-der-schweiz\/deutschkurs-zuerich\/#primaryimage\"},\"thumbnailUrl\":\"https:\/\/www.sprachschule-aktiv.ch\/deutsch-lernen-in-der-schweiz\/wp-content\/uploads\/2022\/03\/deutschkurs-zuerich.gif\",\"datePublished\":\"2022-03-27T05:16:21+00:00\",\"dateModified\":\"2022-04-04T05:12:11+00:00\",\"description\":\"Deutschkurse in Z\u00fcrich f\u00fcr A1, A2, B1, B2, C1, C2. Preisg\u00fcnstige Deutsch Intensivkurse vor Ort oder Online. Effektiv Deutsch lernen!\",\"breadcrumb\":{\"@id\":\"https:\/\/www.sprachschule-aktiv.ch\/deutsch-lernen-in-der-schweiz\/deutschkurs-zuerich\/#breadcrumb\"},\"inLanguage\":\"de\",\"potentialAction\":[{\"@type\":\"ReadAction\",\"target\":[\"https:\/\/www.sprachschule-aktiv.ch\/deutsch-lernen-in-der-schweiz\/deutschkurs-zuerich\/\"]}]},{\"@type\":\"ImageObject\",\"inLanguage\":\"de\",\"@id\":\"https:\/\/www.sprachschule-aktiv.ch\/deutsch-lernen-in-der-schweiz\/deutschkurs-zuerich\/#primaryimage\",\"url\":\"https:\/\/www.sprachschule-aktiv.ch\/deutsch-lernen-in-der-schweiz\/wp-content\/uploads\/2022\/03\/deutschkurs-zuerich.gif\",\"contentUrl\":\"https:\/\/www.sprachschule-aktiv.ch\/deutsch-lernen-in-der-schweiz\/wp-content\/uploads\/2022\/03\/deutschkurs-zuerich.gif\",\"width\":700,\"height\":467,\"caption\":\"Deutschkurs in Z\u00fcrich - A1, A2, B1, B2, C1, C2\"},{\"@type\":\"BreadcrumbList\",\"@id\":\"https:\/\/www.sprachschule-aktiv.ch\/deutsch-lernen-in-der-schweiz\/deutschkurs-zuerich\/#breadcrumb\",\"itemListElement\":[{\"@type\":\"ListItem\",\"position\":1,\"name\":\"Startseite\",\"item\":\"https:\/\/www.sprachschule-aktiv.ch\/deutsch-lernen-in-der-schweiz\/\"},{\"@type\":\"ListItem\",\"position\":2,\"name\":\"Deutschkurs in Z\u00fcrich &#8211; in der Sprachschule oder Online\"}]},{\"@type\":\"WebSite\",\"@id\":\"https:\/\/www.sprachschule-aktiv.ch\/deutsch-lernen-in-der-schweiz\/#website\",\"url\":\"https:\/\/www.sprachschule-aktiv.ch\/deutsch-lernen-in-der-schweiz\/\",\"name\":\"Deutsch lernen in der schweiz\",\"description\":\"\",\"potentialAction\":[{\"@type\":\"SearchAction\",\"target\":{\"@type\":\"EntryPoint\",\"urlTemplate\":\"https:\/\/www.sprachschule-aktiv.ch\/deutsch-lernen-in-der-schweiz\/?s={search_term_string}\"},\"query-input\":{\"@type\":\"PropertyValueSpecification\",\"valueRequired\":true,\"valueName\":\"search_term_string\"}}],\"inLanguage\":\"de\"}]}<\/script>\n<!-- \/ Yoast SEO plugin. -->","yoast_head_json":{"title":"Deutschkurs in Z\u00fcrich - in der Sprachschule oder Online","description":"Deutschkurse in Z\u00fcrich f\u00fcr A1, A2, B1, B2, C1, C2. Preisg\u00fcnstige Deutsch Intensivkurse vor Ort oder Online. Effektiv Deutsch lernen!","robots":{"index":"index","follow":"follow","max-snippet":"max-snippet:-1","max-image-preview":"max-image-preview:large","max-video-preview":"max-video-preview:-1"},"canonical":"https:\/\/www.sprachschule-aktiv.ch\/deutsch-lernen-in-der-schweiz\/deutschkurs-zuerich\/","og_locale":"de_DE","og_type":"article","og_title":"Deutschkurs in Z\u00fcrich - in der Sprachschule oder Online","og_description":"Deutschkurse in Z\u00fcrich f\u00fcr A1, A2, B1, B2, C1, C2. Preisg\u00fcnstige Deutsch Intensivkurse vor Ort oder Online. Effektiv Deutsch lernen!","og_url":"https:\/\/www.sprachschule-aktiv.ch\/deutsch-lernen-in-der-schweiz\/deutschkurs-zuerich\/","og_site_name":"Deutsch lernen in der schweiz","article_modified_time":"2022-04-04T05:12:11+00:00","og_image":[{"url":"https:\/\/www.sprachschule-aktiv.ch\/deutsch-lernen-in-der-schweiz\/wp-content\/uploads\/2022\/03\/deutschkurs-zuerich.gif","type":"","width":"","height":""}],"twitter_card":"summary_large_image","twitter_misc":{"Gesch\u00e4tzte Lesezeit":"4\u00a0Minuten"},"schema":{"@context":"https:\/\/schema.org","@graph":[{"@type":"WebPage","@id":"https:\/\/www.sprachschule-aktiv.ch\/deutsch-lernen-in-der-schweiz\/deutschkurs-zuerich\/","url":"https:\/\/www.sprachschule-aktiv.ch\/deutsch-lernen-in-der-schweiz\/deutschkurs-zuerich\/","name":"Deutschkurs in Z\u00fcrich - in der Sprachschule oder Online","isPartOf":{"@id":"https:\/\/www.sprachschule-aktiv.ch\/deutsch-lernen-in-der-schweiz\/#website"},"primaryImageOfPage":{"@id":"https:\/\/www.sprachschule-aktiv.ch\/deutsch-lernen-in-der-schweiz\/deutschkurs-zuerich\/#primaryimage"},"image":{"@id":"https:\/\/www.sprachschule-aktiv.ch\/deutsch-lernen-in-der-schweiz\/deutschkurs-zuerich\/#primaryimage"},"thumbnailUrl":"https:\/\/www.sprachschule-aktiv.ch\/deutsch-lernen-in-der-schweiz\/wp-content\/uploads\/2022\/03\/deutschkurs-zuerich.gif","datePublished":"2022-03-27T05:16:21+00:00","dateModified":"2022-04-04T05:12:11+00:00","description":"Deutschkurse in Z\u00fcrich f\u00fcr A1, A2, B1, B2, C1, C2. Preisg\u00fcnstige Deutsch Intensivkurse vor Ort oder Online. Effektiv Deutsch lernen!","breadcrumb":{"@id":"https:\/\/www.sprachschule-aktiv.ch\/deutsch-lernen-in-der-schweiz\/deutschkurs-zuerich\/#breadcrumb"},"inLanguage":"de","potentialAction":[{"@type":"ReadAction","target":["https:\/\/www.sprachschule-aktiv.ch\/deutsch-lernen-in-der-schweiz\/deutschkurs-zuerich\/"]}]},{"@type":"ImageObject","inLanguage":"de","@id":"https:\/\/www.sprachschule-aktiv.ch\/deutsch-lernen-in-der-schweiz\/deutschkurs-zuerich\/#primaryimage","url":"https:\/\/www.sprachschule-aktiv.ch\/deutsch-lernen-in-der-schweiz\/wp-content\/uploads\/2022\/03\/deutschkurs-zuerich.gif","contentUrl":"https:\/\/www.sprachschule-aktiv.ch\/deutsch-lernen-in-der-schweiz\/wp-content\/uploads\/2022\/03\/deutschkurs-zuerich.gif","width":700,"height":467,"caption":"Deutschkurs in Z\u00fcrich - A1, A2, B1, B2, C1, C2"},{"@type":"BreadcrumbList","@id":"https:\/\/www.sprachschule-aktiv.ch\/deutsch-lernen-in-der-schweiz\/deutschkurs-zuerich\/#breadcrumb","itemListElement":[{"@type":"ListItem","position":1,"name":"Startseite","item":"https:\/\/www.sprachschule-aktiv.ch\/deutsch-lernen-in-der-schweiz\/"},{"@type":"ListItem","position":2,"name":"Deutschkurs in Z\u00fcrich &#8211; in der Sprachschule oder Online"}]},{"@type":"WebSite","@id":"https:\/\/www.sprachschule-aktiv.ch\/deutsch-lernen-in-der-schweiz\/#website","url":"https:\/\/www.sprachschule-aktiv.ch\/deutsch-lernen-in-der-schweiz\/","name":"Deutsch lernen in der schweiz","description":"","potentialAction":[{"@type":"SearchAction","target":{"@type":"EntryPoint","urlTemplate":"https:\/\/www.sprachschule-aktiv.ch\/deutsch-lernen-in-der-schweiz\/?s={search_term_string}"},"query-input":{"@type":"PropertyValueSpecification","valueRequired":true,"valueName":"search_term_string"}}],"inLanguage":"de"}]}},"_links":{"self":[{"href":"https:\/\/www.sprachschule-aktiv.ch\/deutsch-lernen-in-der-schweiz\/wp-json\/wp\/v2\/pages\/216","targetHints":{"allow":["GET"]}}],"collection":[{"href":"https:\/\/www.sprachschule-aktiv.ch\/deutsch-lernen-in-der-schweiz\/wp-json\/wp\/v2\/pages"}],"about":[{"href":"https:\/\/www.sprachschule-aktiv.ch\/deutsch-lernen-in-der-schweiz\/wp-json\/wp\/v2\/types\/page"}],"author":[{"embeddable":true,"href":"https:\/\/www.sprachschule-aktiv.ch\/deutsch-lernen-in-der-schweiz\/wp-json\/wp\/v2\/users\/2"}],"replies":[{"embeddable":true,"href":"https:\/\/www.sprachschule-aktiv.ch\/deutsch-lernen-in-der-schweiz\/wp-json\/wp\/v2\/comments?post=216"}],"version-history":[{"count":6,"href":"https:\/\/www.sprachschule-aktiv.ch\/deutsch-lernen-in-der-schweiz\/wp-json\/wp\/v2\/pages\/216\/revisions"}],"predecessor-version":[{"id":226,"href":"https:\/\/www.sprachschule-aktiv.ch\/deutsch-lernen-in-der-schweiz\/wp-json\/wp\/v2\/pages\/216\/revisions\/226"}],"wp:attachment":[{"href":"https:\/\/www.sprachschule-aktiv.ch\/deutsch-lernen-in-der-schweiz\/wp-json\/wp\/v2\/media?parent=216"}],"curies":[{"name":"wp","href":"https:\/\/api.w.org\/{rel}","templated":true}]}}