{"id":196,"date":"2022-02-21T07:15:38","date_gmt":"2022-02-21T06:15:38","guid":{"rendered":"https:\/\/www.sprachschule-aktiv.ch\/deutsch-lernen-in-der-schweiz\/?page_id=196"},"modified":"2022-02-21T07:15:38","modified_gmt":"2022-02-21T06:15:38","slug":"schweizer-feste-und-traditionen","status":"publish","type":"page","link":"https:\/\/www.sprachschule-aktiv.ch\/deutsch-lernen-in-der-schweiz\/schweizer-feste-und-traditionen\/","title":{"rendered":"Schweizer Feste und Traditionen &#8211; Tipps &#038; Empfehlungen"},"content":{"rendered":"<p>In der Schweiz sind noch viele Traditionen lebendig, die mit diversen Festen gefeiert werden. Wenn Sie Ihr Studium oder Ihren Deutschkurs in der Schweiz absolvieren m\u00f6chten, werden Ihnen einige davon begegnen. Damit Sie ausgelassen mitfeiern k\u00f6nnen und auch die Hintergr\u00fcnde dazu kennen, m\u00f6chten wir Ihnen hier einige Schweizer Feste und Traditionen vorstellen.<\/p>\n<h2>Feste, die im Fr\u00fchling gefeiert werden<\/h2>\n<p>Viele Feste, die in der Schweiz im Fr\u00fchling gefeiert werden, beziehen sich auf das Osterfest. Ostern ist sehr bedeutend und wird in jeder Region auf einzigartige Weise begangen. So finden mancherorts zum Beispiel am Gr\u00fcndonnerstag und am Karfreitag Osterprozessionen statt. Anderswo wird die Tradition der \u201ePleureuses\u201c, der Klageweiber, gepflegt, bei der schwarz gekleidete Frauen einem M\u00e4dchen, der Jungfrau Maria, durch die Strassen der Stadt folgen. Dabei ert\u00f6nen liturgische Ges\u00e4nge und Gebete.<\/p>\n<p>Am Ostersonntag suchen die Schweizer Kinder bunt bemalte Ostereier und Schokoladehasen, welche zuvor vom \u201eOsterhasen\u201c im Haus oder im Garten versteckt wurden. Danach geht es in der deutschen Schweiz zum \u201eEiert\u00fctsche\u201c. Bei diesem Brauch schl\u00e4gt man zwei Ostereier aneinander. Sieger ist das Ei, das von beiden die h\u00e4rtere Schale hat.<\/p>\n<img loading=\"lazy\" decoding=\"async\" class=\"alignnone size-medium wp-image-197\" src=\"https:\/\/www.sprachschule-aktiv.ch\/deutsch-lernen-in-der-schweiz\/wp-content\/uploads\/2022\/02\/schweizer-feste-und-traditionen-300x205.jpg\" alt=\"Schweizer Feste und Traditionen\" width=\"300\" height=\"205\" srcset=\"https:\/\/www.sprachschule-aktiv.ch\/deutsch-lernen-in-der-schweiz\/wp-content\/uploads\/2022\/02\/schweizer-feste-und-traditionen-300x205.jpg 300w, https:\/\/www.sprachschule-aktiv.ch\/deutsch-lernen-in-der-schweiz\/wp-content\/uploads\/2022\/02\/schweizer-feste-und-traditionen.jpg 600w\" sizes=\"auto, (max-width: 300px) 100vw, 300px\" \/>\n<h2>Das \u201eSechsel\u00e4uten\u201c<\/h2>\n<p>Das \u201eSechsel\u00e4uten\u201c wird speziell in Z\u00fcrich gefeiert. Am dritten Montag im April findet ein Umzug statt, bei dem historische Kost\u00fcme getragen werden. Nach diesem Umzug wird ein gro\u00dfer k\u00fcnstlicher Schneemann, der B\u00f6\u00f6gg, in Brand gesteckt. Je schneller dieser Schneemann verbrennt, desto w\u00e4rmer und l\u00e4nger wird der Sommer.<\/p>\n<h2>Br\u00e4uche und Feste im Sommer<\/h2>\n<p>Im Sommer wird vor allem der Bundesfeiertag im August und der Eidgen\u00f6ssische Dank-, Buss- und Bettag im September gefeiert.<\/p>\n<h2>Der Bundesfeiertag am 1. August<\/h2>\n<p>Am 1. August wird im ganzen Land der Bundesfeiertag gefeiert. Dann kann man nach Einbruch der Dunkelheit auf den Bergen H\u00f6henfeuer sehen und \u00fcberall das Feuerwerk bewundern.<\/p>\n<h2>Der Eidgen\u00f6ssischer Dank-, Buss- und Bettag<\/h2>\n<p>Der Eidgen\u00f6ssische Dank-, Buss- und Bettag wird ebenfalls in der gesamten Schweiz gefeiert, mit Ausnahme von Genf. W\u00e4hrend in allen anderen Kantonen dieser Feiertag auf den dritten Sonntag im September f\u00e4llt, ist es in Genf der Donnerstag nach dem ersten Sonntag im September.<\/p>\n<h2>Was im Herbst gefeiert wird<\/h2>\n<p>Die meisten Herbstfeste stehen im Zusammenhang mit Ernte und Weinlese.<\/p>\n<h2>Die Winzerfeste<\/h2>\n<p>Winzerfeste werden vor allem in den Weinbauregionen gefeiert. Dabei kann man bereits den jungen Wein kosten und die Spezialit\u00e4ten der Region probieren.<\/p>\n<p>Das Sennenchilbi oder \u00c4lplerchilbi<\/p>\n<p>In der Zentralschweiz finden die Erntedankfeste unter dem Namen Sennen- oder \u00c4lplerchilbi statt. Am dritten Sonntag im Oktober kommen die Sennen in der Mitte des Dorfes zusammen. Dort werden dann zur Belustigung \u00c4lplerspr\u00fcche zum Besten gegeben und die lokalen Politiker sowie bekannte Personen humoristisch kommentiert.<\/p>\n<h2>Traditionen und Feste im Winter<\/h2>\n<p>Auch im Winter werden Feste gefeiert und Traditionen begangen.<\/p>\n<h2>Advent und Weihnachten<\/h2>\n<p>Als wichtigste Tradition ist die Zeit vor und zu Weihnachten zu nennen. Kinder z\u00e4hlen mithilfe ihres Adventskalenders die Tage bis Weihnachten. An jedem der vier Sonntage vor dem Fest wird eine weitere Kerze auf dem Adventskranz entz\u00fcndet. An vielen Orten gibt es M\u00e4rkte, auf denen man Spezialit\u00e4ten essen und Kleinigkeiten f\u00fcr Weihnachten besorgen kann.<\/p>\n<p>Es finden auch viele kulturelle Veranstaltungen wie Weihnachtskonzerte oder das traditionelle Weihnachtssingen statt.<\/p>\n<h2>Die Schweizer Fasnacht<\/h2>\n<p>Im Januar und Februar wird in der ganzen Schweiz Fasnacht gefeiert, allerdings zu unterschiedlichen Zeitpunkten. Die Fasnacht zeigt das Winterende an, die b\u00f6sen \u201eWintergeister\u201c werden mit Fackeln, Musik und angsteinfl\u00f6ssenden Masken aus dem Ort vertrieben.<br \/>\n<iframe loading=\"lazy\" title=\"YouTube video player\" src=\"https:\/\/www.youtube.com\/embed\/54-5aCU96MM\" width=\"560\" height=\"315\" frameborder=\"0\" allowfullscreen=\"allowfullscreen\"><\/iframe><\/p>\n","protected":false},"excerpt":{"rendered":"<p>In der Schweiz sind noch viele Traditionen lebendig, die mit diversen Festen gefeiert werden. Wenn Sie Ihr Studium oder Ihren Deutschkurs in der Schweiz absolvieren m\u00f6chten, werden Ihnen einige davon begegnen. Damit Sie ausgelassen mitfeiern k\u00f6nnen und auch die Hintergr\u00fcnde dazu kennen, m\u00f6chten wir Ihnen hier einige Schweizer Feste und Traditionen vorstellen. Feste, die im&hellip; <a class=\"read-more\" href=\"https:\/\/www.sprachschule-aktiv.ch\/deutsch-lernen-in-der-schweiz\/schweizer-feste-und-traditionen\/\" title=\"Read Schweizer Feste und Traditionen &#8211; Tipps &#038; Empfehlungen\">Read more &raquo;<\/a><\/p>\n","protected":false},"author":2,"featured_media":0,"parent":0,"menu_order":0,"comment_status":"closed","ping_status":"closed","template":"","meta":{"footnotes":""},"class_list":["post-196","page","type-page","status-publish","hentry"],"yoast_head":"<!-- This site is optimized with the Yoast SEO plugin v27.1.1 - https:\/\/yoast.com\/product\/yoast-seo-wordpress\/ -->\n<title>Schweizer Feste und Traditionen \u2013 rund ums Jahr<\/title>\n<meta name=\"description\" content=\"\u00dcberblick \u00fcber die wichtigsten Schweizer Feste. Interessante Br\u00e4uche und Traditionen werden zusammengefasst und erkl\u00e4rt. Wo man am besten mitfeiern kann.\" \/>\n<meta name=\"robots\" content=\"index, follow, max-snippet:-1, max-image-preview:large, max-video-preview:-1\" \/>\n<link rel=\"canonical\" href=\"https:\/\/www.sprachschule-aktiv.ch\/deutsch-lernen-in-der-schweiz\/schweizer-feste-und-traditionen\/\" \/>\n<meta property=\"og:locale\" content=\"de_DE\" \/>\n<meta property=\"og:type\" content=\"article\" \/>\n<meta property=\"og:title\" content=\"Schweizer Feste und Traditionen \u2013 rund ums Jahr\" \/>\n<meta property=\"og:description\" content=\"\u00dcberblick \u00fcber die wichtigsten Schweizer Feste. Interessante Br\u00e4uche und Traditionen werden zusammengefasst und erkl\u00e4rt. Wo man am besten mitfeiern kann.\" \/>\n<meta property=\"og:url\" content=\"https:\/\/www.sprachschule-aktiv.ch\/deutsch-lernen-in-der-schweiz\/schweizer-feste-und-traditionen\/\" \/>\n<meta property=\"og:site_name\" content=\"Deutsch lernen in der schweiz\" \/>\n<meta property=\"og:image\" content=\"https:\/\/www.sprachschule-aktiv.ch\/deutsch-lernen-in-der-schweiz\/wp-content\/uploads\/2022\/02\/schweizer-feste-und-traditionen-300x205.jpg\" \/>\n<meta name=\"twitter:card\" content=\"summary_large_image\" \/>\n<meta name=\"twitter:label1\" content=\"Gesch\u00e4tzte Lesezeit\" \/>\n\t<meta name=\"twitter:data1\" content=\"3\u00a0Minuten\" \/>\n<script type=\"application\/ld+json\" class=\"yoast-schema-graph\">{\"@context\":\"https:\/\/schema.org\",\"@graph\":[{\"@type\":\"WebPage\",\"@id\":\"https:\/\/www.sprachschule-aktiv.ch\/deutsch-lernen-in-der-schweiz\/schweizer-feste-und-traditionen\/\",\"url\":\"https:\/\/www.sprachschule-aktiv.ch\/deutsch-lernen-in-der-schweiz\/schweizer-feste-und-traditionen\/\",\"name\":\"Schweizer Feste und Traditionen \u2013 rund ums Jahr\",\"isPartOf\":{\"@id\":\"https:\/\/www.sprachschule-aktiv.ch\/deutsch-lernen-in-der-schweiz\/#website\"},\"primaryImageOfPage\":{\"@id\":\"https:\/\/www.sprachschule-aktiv.ch\/deutsch-lernen-in-der-schweiz\/schweizer-feste-und-traditionen\/#primaryimage\"},\"image\":{\"@id\":\"https:\/\/www.sprachschule-aktiv.ch\/deutsch-lernen-in-der-schweiz\/schweizer-feste-und-traditionen\/#primaryimage\"},\"thumbnailUrl\":\"https:\/\/www.sprachschule-aktiv.ch\/deutsch-lernen-in-der-schweiz\/wp-content\/uploads\/2022\/02\/schweizer-feste-und-traditionen-300x205.jpg\",\"datePublished\":\"2022-02-21T06:15:38+00:00\",\"description\":\"\u00dcberblick \u00fcber die wichtigsten Schweizer Feste. Interessante Br\u00e4uche und Traditionen werden zusammengefasst und erkl\u00e4rt. Wo man am besten mitfeiern kann.\",\"breadcrumb\":{\"@id\":\"https:\/\/www.sprachschule-aktiv.ch\/deutsch-lernen-in-der-schweiz\/schweizer-feste-und-traditionen\/#breadcrumb\"},\"inLanguage\":\"de\",\"potentialAction\":[{\"@type\":\"ReadAction\",\"target\":[\"https:\/\/www.sprachschule-aktiv.ch\/deutsch-lernen-in-der-schweiz\/schweizer-feste-und-traditionen\/\"]}]},{\"@type\":\"ImageObject\",\"inLanguage\":\"de\",\"@id\":\"https:\/\/www.sprachschule-aktiv.ch\/deutsch-lernen-in-der-schweiz\/schweizer-feste-und-traditionen\/#primaryimage\",\"url\":\"https:\/\/www.sprachschule-aktiv.ch\/deutsch-lernen-in-der-schweiz\/wp-content\/uploads\/2022\/02\/schweizer-feste-und-traditionen.jpg\",\"contentUrl\":\"https:\/\/www.sprachschule-aktiv.ch\/deutsch-lernen-in-der-schweiz\/wp-content\/uploads\/2022\/02\/schweizer-feste-und-traditionen.jpg\",\"width\":600,\"height\":409,\"caption\":\"Schweizer Feste und Traditionen\"},{\"@type\":\"BreadcrumbList\",\"@id\":\"https:\/\/www.sprachschule-aktiv.ch\/deutsch-lernen-in-der-schweiz\/schweizer-feste-und-traditionen\/#breadcrumb\",\"itemListElement\":[{\"@type\":\"ListItem\",\"position\":1,\"name\":\"Startseite\",\"item\":\"https:\/\/www.sprachschule-aktiv.ch\/deutsch-lernen-in-der-schweiz\/\"},{\"@type\":\"ListItem\",\"position\":2,\"name\":\"Schweizer Feste und Traditionen &#8211; Tipps &#038; Empfehlungen\"}]},{\"@type\":\"WebSite\",\"@id\":\"https:\/\/www.sprachschule-aktiv.ch\/deutsch-lernen-in-der-schweiz\/#website\",\"url\":\"https:\/\/www.sprachschule-aktiv.ch\/deutsch-lernen-in-der-schweiz\/\",\"name\":\"Deutsch lernen in der schweiz\",\"description\":\"\",\"potentialAction\":[{\"@type\":\"SearchAction\",\"target\":{\"@type\":\"EntryPoint\",\"urlTemplate\":\"https:\/\/www.sprachschule-aktiv.ch\/deutsch-lernen-in-der-schweiz\/?s={search_term_string}\"},\"query-input\":{\"@type\":\"PropertyValueSpecification\",\"valueRequired\":true,\"valueName\":\"search_term_string\"}}],\"inLanguage\":\"de\"}]}<\/script>\n<!-- \/ Yoast SEO plugin. -->","yoast_head_json":{"title":"Schweizer Feste und Traditionen \u2013 rund ums Jahr","description":"\u00dcberblick \u00fcber die wichtigsten Schweizer Feste. Interessante Br\u00e4uche und Traditionen werden zusammengefasst und erkl\u00e4rt. Wo man am besten mitfeiern kann.","robots":{"index":"index","follow":"follow","max-snippet":"max-snippet:-1","max-image-preview":"max-image-preview:large","max-video-preview":"max-video-preview:-1"},"canonical":"https:\/\/www.sprachschule-aktiv.ch\/deutsch-lernen-in-der-schweiz\/schweizer-feste-und-traditionen\/","og_locale":"de_DE","og_type":"article","og_title":"Schweizer Feste und Traditionen \u2013 rund ums Jahr","og_description":"\u00dcberblick \u00fcber die wichtigsten Schweizer Feste. Interessante Br\u00e4uche und Traditionen werden zusammengefasst und erkl\u00e4rt. Wo man am besten mitfeiern kann.","og_url":"https:\/\/www.sprachschule-aktiv.ch\/deutsch-lernen-in-der-schweiz\/schweizer-feste-und-traditionen\/","og_site_name":"Deutsch lernen in der schweiz","og_image":[{"url":"https:\/\/www.sprachschule-aktiv.ch\/deutsch-lernen-in-der-schweiz\/wp-content\/uploads\/2022\/02\/schweizer-feste-und-traditionen-300x205.jpg","type":"","width":"","height":""}],"twitter_card":"summary_large_image","twitter_misc":{"Gesch\u00e4tzte Lesezeit":"3\u00a0Minuten"},"schema":{"@context":"https:\/\/schema.org","@graph":[{"@type":"WebPage","@id":"https:\/\/www.sprachschule-aktiv.ch\/deutsch-lernen-in-der-schweiz\/schweizer-feste-und-traditionen\/","url":"https:\/\/www.sprachschule-aktiv.ch\/deutsch-lernen-in-der-schweiz\/schweizer-feste-und-traditionen\/","name":"Schweizer Feste und Traditionen \u2013 rund ums Jahr","isPartOf":{"@id":"https:\/\/www.sprachschule-aktiv.ch\/deutsch-lernen-in-der-schweiz\/#website"},"primaryImageOfPage":{"@id":"https:\/\/www.sprachschule-aktiv.ch\/deutsch-lernen-in-der-schweiz\/schweizer-feste-und-traditionen\/#primaryimage"},"image":{"@id":"https:\/\/www.sprachschule-aktiv.ch\/deutsch-lernen-in-der-schweiz\/schweizer-feste-und-traditionen\/#primaryimage"},"thumbnailUrl":"https:\/\/www.sprachschule-aktiv.ch\/deutsch-lernen-in-der-schweiz\/wp-content\/uploads\/2022\/02\/schweizer-feste-und-traditionen-300x205.jpg","datePublished":"2022-02-21T06:15:38+00:00","description":"\u00dcberblick \u00fcber die wichtigsten Schweizer Feste. Interessante Br\u00e4uche und Traditionen werden zusammengefasst und erkl\u00e4rt. Wo man am besten mitfeiern kann.","breadcrumb":{"@id":"https:\/\/www.sprachschule-aktiv.ch\/deutsch-lernen-in-der-schweiz\/schweizer-feste-und-traditionen\/#breadcrumb"},"inLanguage":"de","potentialAction":[{"@type":"ReadAction","target":["https:\/\/www.sprachschule-aktiv.ch\/deutsch-lernen-in-der-schweiz\/schweizer-feste-und-traditionen\/"]}]},{"@type":"ImageObject","inLanguage":"de","@id":"https:\/\/www.sprachschule-aktiv.ch\/deutsch-lernen-in-der-schweiz\/schweizer-feste-und-traditionen\/#primaryimage","url":"https:\/\/www.sprachschule-aktiv.ch\/deutsch-lernen-in-der-schweiz\/wp-content\/uploads\/2022\/02\/schweizer-feste-und-traditionen.jpg","contentUrl":"https:\/\/www.sprachschule-aktiv.ch\/deutsch-lernen-in-der-schweiz\/wp-content\/uploads\/2022\/02\/schweizer-feste-und-traditionen.jpg","width":600,"height":409,"caption":"Schweizer Feste und Traditionen"},{"@type":"BreadcrumbList","@id":"https:\/\/www.sprachschule-aktiv.ch\/deutsch-lernen-in-der-schweiz\/schweizer-feste-und-traditionen\/#breadcrumb","itemListElement":[{"@type":"ListItem","position":1,"name":"Startseite","item":"https:\/\/www.sprachschule-aktiv.ch\/deutsch-lernen-in-der-schweiz\/"},{"@type":"ListItem","position":2,"name":"Schweizer Feste und Traditionen &#8211; Tipps &#038; Empfehlungen"}]},{"@type":"WebSite","@id":"https:\/\/www.sprachschule-aktiv.ch\/deutsch-lernen-in-der-schweiz\/#website","url":"https:\/\/www.sprachschule-aktiv.ch\/deutsch-lernen-in-der-schweiz\/","name":"Deutsch lernen in der schweiz","description":"","potentialAction":[{"@type":"SearchAction","target":{"@type":"EntryPoint","urlTemplate":"https:\/\/www.sprachschule-aktiv.ch\/deutsch-lernen-in-der-schweiz\/?s={search_term_string}"},"query-input":{"@type":"PropertyValueSpecification","valueRequired":true,"valueName":"search_term_string"}}],"inLanguage":"de"}]}},"_links":{"self":[{"href":"https:\/\/www.sprachschule-aktiv.ch\/deutsch-lernen-in-der-schweiz\/wp-json\/wp\/v2\/pages\/196","targetHints":{"allow":["GET"]}}],"collection":[{"href":"https:\/\/www.sprachschule-aktiv.ch\/deutsch-lernen-in-der-schweiz\/wp-json\/wp\/v2\/pages"}],"about":[{"href":"https:\/\/www.sprachschule-aktiv.ch\/deutsch-lernen-in-der-schweiz\/wp-json\/wp\/v2\/types\/page"}],"author":[{"embeddable":true,"href":"https:\/\/www.sprachschule-aktiv.ch\/deutsch-lernen-in-der-schweiz\/wp-json\/wp\/v2\/users\/2"}],"replies":[{"embeddable":true,"href":"https:\/\/www.sprachschule-aktiv.ch\/deutsch-lernen-in-der-schweiz\/wp-json\/wp\/v2\/comments?post=196"}],"version-history":[{"count":1,"href":"https:\/\/www.sprachschule-aktiv.ch\/deutsch-lernen-in-der-schweiz\/wp-json\/wp\/v2\/pages\/196\/revisions"}],"predecessor-version":[{"id":198,"href":"https:\/\/www.sprachschule-aktiv.ch\/deutsch-lernen-in-der-schweiz\/wp-json\/wp\/v2\/pages\/196\/revisions\/198"}],"wp:attachment":[{"href":"https:\/\/www.sprachschule-aktiv.ch\/deutsch-lernen-in-der-schweiz\/wp-json\/wp\/v2\/media?parent=196"}],"curies":[{"name":"wp","href":"https:\/\/api.w.org\/{rel}","templated":true}]}}