{"id":186,"date":"2022-02-18T06:04:57","date_gmt":"2022-02-18T05:04:57","guid":{"rendered":"https:\/\/www.sprachschule-aktiv.ch\/deutsch-lernen-in-der-schweiz\/?page_id=186"},"modified":"2022-02-18T06:05:32","modified_gmt":"2022-02-18T05:05:32","slug":"in-der-schweiz-als-auslaendischer-student-ein-konto-eroeffnen","status":"publish","type":"page","link":"https:\/\/www.sprachschule-aktiv.ch\/deutsch-lernen-in-der-schweiz\/in-der-schweiz-als-auslaendischer-student-ein-konto-eroeffnen\/","title":{"rendered":"In der Schweiz als ausl\u00e4ndischer Student ein Konto er\u00f6ffnen"},"content":{"rendered":"<p><strong>Wenn Sie sich f\u00fcr einen Deutschkurs oder auch ein Studium in der Schweiz entschieden haben, ben\u00f6tigen Sie in Ihrem neuen Umfeld selbstverst\u00e4ndlich auch ein Konto.<\/strong> Damit Sie als internationaler Student\u00a0 nicht immer Geb\u00fchren zahlen m\u00fcssen, wenn Sie etwas \u00fcberweisen m\u00f6chten, empfiehlt es sich, in der Schweiz selbst ein Konto zu er\u00f6ffnen. Denn so wichtige Aufwendungen wie Miete oder auch die Studiengeb\u00fchren werden in der Regel nicht bar bezahlt.<\/p>\n<img loading=\"lazy\" decoding=\"async\" class=\"alignnone size-medium wp-image-187\" src=\"https:\/\/www.sprachschule-aktiv.ch\/deutsch-lernen-in-der-schweiz\/wp-content\/uploads\/2022\/02\/in-der-schweiz-als-auslaendischer-student-ein-konto-eroeffnen-300x282.jpg\" alt=\"In der Schweiz als ausl\u00e4ndischer Student ein Konto er\u00f6ffnen\" width=\"300\" height=\"282\" srcset=\"https:\/\/www.sprachschule-aktiv.ch\/deutsch-lernen-in-der-schweiz\/wp-content\/uploads\/2022\/02\/in-der-schweiz-als-auslaendischer-student-ein-konto-eroeffnen-300x282.jpg 300w, https:\/\/www.sprachschule-aktiv.ch\/deutsch-lernen-in-der-schweiz\/wp-content\/uploads\/2022\/02\/in-der-schweiz-als-auslaendischer-student-ein-konto-eroeffnen-768x721.jpg 768w, https:\/\/www.sprachschule-aktiv.ch\/deutsch-lernen-in-der-schweiz\/wp-content\/uploads\/2022\/02\/in-der-schweiz-als-auslaendischer-student-ein-konto-eroeffnen.jpg 770w\" sizes=\"auto, (max-width: 300px) 100vw, 300px\" \/>\n<h2>Ein Konto \u2013 viele M\u00f6glichkeiten, um zu bezahlen<\/h2>\n<p>Mit einem Privat- oder Girokonto\u00a0 k\u00f6nnen Sie ganz einfach Ihre Ausgaben begleichen.<\/p>\n<p>Mit einem Dauerauftrag \u00fcberweist Ihre Bank regelm\u00e4\u00dfig an einem von Ihnen bestimmten Termin einen Geldbetrag, der immer gleich bleibt. Dies ist zum Beispiel bei der Miete der Fall. F\u00fcr Sie entf\u00e4llt so die Pflicht, jeden Monat aufs Neue an die Bezahlung zu denken.<\/p>\n<a href=\"https:\/\/www.sprachschule-aktiv.ch\/deutsch-lernen-in-der-schweiz\/kontakt\/\"><img loading=\"lazy\" decoding=\"async\" class=\"alignnone wp-image-972 size-full\" title=\"Schnelle Anfrage - Deutschkurs Z\u00fcrich\" src=\"https:\/\/www.sprachschule-aktiv.ch\/wp-content\/uploads\/2017\/03\/boton-schnelle-anfrage.png\" alt=\"Schnelle Anfrage - Deutschkurs Z\u00fcrich\" width=\"220\" height=\"65\" \/><\/a>\n<p>Viele Firmen wie zum Beispiel Telefonanbieter bitten Sie, einem Lastschriftverfahren zuzustimmen. Das heisst, dass Sie der Firma erlauben, den jeweiligen Betrag von Ihrem Konto abzubuchen. Dies ist dann von Vorteil, wenn Sie regelm\u00e4\u00dfig f\u00fcr einen Service bezahlen m\u00fcssen, bei dem aber der Betrag nicht immer gleich hoch ist.<\/p>\n<p>Haben Sie ein Konto bei einer Schweizer Bank er\u00f6ffnet, haben Sie selbstverst\u00e4ndlich auch die M\u00f6glichkeit, Ihre Transaktionen durch Onlinebanking abzuwickeln. Dies ist inzwischen g\u00e4ngige Praxis. Auch Ihre Kontounterlagen liegen beim Onlinebanking in elektronischer Form vor.<\/p>\n<p>In der Regel erhalten Sie bei der Er\u00f6ffnung eines Kontos auch eine EC-Karte, mit der Sie entweder bargeldlos bezahlen oder an einem ATM Geld abheben k\u00f6nnen.<\/p>\n<a href=\"https:\/\/www.sprachschule-aktiv.ch\/deutsch-lernen-in-der-schweiz\/deutschkurse\/\"><img loading=\"lazy\" decoding=\"async\" class=\"alignnone wp-image-90 size-medium\" src=\"https:\/\/www.sprachschule-aktiv.ch\/deutsch-lernen-in-der-schweiz\/wp-content\/uploads\/2022\/01\/deutschkurse-in-der-schweiz-251x300.jpg\" alt=\"Unsere Deutschkurse in der Schweiz\" width=\"251\" height=\"300\" srcset=\"https:\/\/www.sprachschule-aktiv.ch\/deutsch-lernen-in-der-schweiz\/wp-content\/uploads\/2022\/01\/deutschkurse-in-der-schweiz-251x300.jpg 251w, https:\/\/www.sprachschule-aktiv.ch\/deutsch-lernen-in-der-schweiz\/wp-content\/uploads\/2022\/01\/deutschkurse-in-der-schweiz.jpg 300w\" sizes=\"auto, (max-width: 251px) 100vw, 251px\" \/><\/a>\n<h2>Was ist bei der Er\u00f6ffnung eines Kontos wichtig?<\/h2>\n<p>Internationale Studenten, die ein Konto in der Schweiz er\u00f6ffnen m\u00f6chten, sollten auf ein paar Details achten. Sehen Sie sich zun\u00e4chst die Kontof\u00fchrungsgeb\u00fchren an, die je nach Bank unterschiedlich hoch sein k\u00f6nnen. Achten Sie auch auf die H\u00f6he der Zinsen, die ebenfalls je nach Kreditinstitut variieren k\u00f6nnen. Pr\u00fcfen Sie zudem, ob das Konto gegebenenfalls \u00fcber einen \u00dcberziehungsrahmen verf\u00fcgt und wenn ja, in welcher H\u00f6he.<\/p>\n<p>Viele Banken bieten f\u00fcr Studenten sogenannte Bankpackages an, die zus\u00e4tzliche Leistungen wie Handyvertr\u00e4ge oder Krankenversicherungen beinhalten. Diese k\u00f6nnen g\u00fcnstiger als die Einzelleistungen sein. Vor allem aber gilt: Vergleichen Sie die Angebote genau, eventuell auch auf Online-Plattformen, bevor Sie sich f\u00fcr eines entscheiden.<br \/>\n<iframe loading=\"lazy\" title=\"YouTube video player\" src=\"https:\/\/www.youtube.com\/embed\/JOvJI8b4z_E\" width=\"560\" height=\"315\" frameborder=\"0\" allowfullscreen=\"allowfullscreen\"><\/iframe><\/p>\n","protected":false},"excerpt":{"rendered":"<p>Wenn Sie sich f\u00fcr einen Deutschkurs oder auch ein Studium in der Schweiz entschieden haben, ben\u00f6tigen Sie in Ihrem neuen Umfeld selbstverst\u00e4ndlich auch ein Konto. Damit Sie als internationaler Student\u00a0 nicht immer Geb\u00fchren zahlen m\u00fcssen, wenn Sie etwas \u00fcberweisen m\u00f6chten, empfiehlt es sich, in der Schweiz selbst ein Konto zu er\u00f6ffnen. Denn so wichtige Aufwendungen&hellip; <a class=\"read-more\" href=\"https:\/\/www.sprachschule-aktiv.ch\/deutsch-lernen-in-der-schweiz\/in-der-schweiz-als-auslaendischer-student-ein-konto-eroeffnen\/\" title=\"Read In der Schweiz als ausl\u00e4ndischer Student ein Konto er\u00f6ffnen\">Read more &raquo;<\/a><\/p>\n","protected":false},"author":2,"featured_media":0,"parent":0,"menu_order":0,"comment_status":"closed","ping_status":"closed","template":"","meta":{"footnotes":""},"class_list":["post-186","page","type-page","status-publish","hentry"],"yoast_head":"<!-- This site is optimized with the Yoast SEO plugin v27.1.1 - https:\/\/yoast.com\/product\/yoast-seo-wordpress\/ -->\n<title>In der Schweiz als ausl\u00e4ndischer Student ein Konto er\u00f6ffnen<\/title>\n<meta name=\"description\" content=\"Tipps &amp; Infos rund um das Thema Kontoer\u00f6ffnung in der Schweiz. Vorteile &amp; Nachteile \u00fcber die verschiedenen Bezahlm\u00f6glichkeiten.\" \/>\n<meta name=\"robots\" content=\"index, follow, max-snippet:-1, max-image-preview:large, max-video-preview:-1\" \/>\n<link rel=\"canonical\" href=\"https:\/\/www.sprachschule-aktiv.ch\/deutsch-lernen-in-der-schweiz\/in-der-schweiz-als-auslaendischer-student-ein-konto-eroeffnen\/\" \/>\n<meta property=\"og:locale\" content=\"de_DE\" \/>\n<meta property=\"og:type\" content=\"article\" \/>\n<meta property=\"og:title\" content=\"In der Schweiz als ausl\u00e4ndischer Student ein Konto er\u00f6ffnen\" \/>\n<meta property=\"og:description\" content=\"Tipps &amp; Infos rund um das Thema Kontoer\u00f6ffnung in der Schweiz. Vorteile &amp; Nachteile \u00fcber die verschiedenen Bezahlm\u00f6glichkeiten.\" \/>\n<meta property=\"og:url\" content=\"https:\/\/www.sprachschule-aktiv.ch\/deutsch-lernen-in-der-schweiz\/in-der-schweiz-als-auslaendischer-student-ein-konto-eroeffnen\/\" \/>\n<meta property=\"og:site_name\" content=\"Deutsch lernen in der schweiz\" \/>\n<meta property=\"article:modified_time\" content=\"2022-02-18T05:05:32+00:00\" \/>\n<meta property=\"og:image\" content=\"https:\/\/www.sprachschule-aktiv.ch\/deutsch-lernen-in-der-schweiz\/wp-content\/uploads\/2022\/02\/in-der-schweiz-als-auslaendischer-student-ein-konto-eroeffnen-300x282.jpg\" \/>\n<meta name=\"twitter:card\" content=\"summary_large_image\" \/>\n<meta name=\"twitter:label1\" content=\"Gesch\u00e4tzte Lesezeit\" \/>\n\t<meta name=\"twitter:data1\" content=\"2\u00a0Minuten\" \/>\n<script type=\"application\/ld+json\" class=\"yoast-schema-graph\">{\"@context\":\"https:\/\/schema.org\",\"@graph\":[{\"@type\":\"WebPage\",\"@id\":\"https:\/\/www.sprachschule-aktiv.ch\/deutsch-lernen-in-der-schweiz\/in-der-schweiz-als-auslaendischer-student-ein-konto-eroeffnen\/\",\"url\":\"https:\/\/www.sprachschule-aktiv.ch\/deutsch-lernen-in-der-schweiz\/in-der-schweiz-als-auslaendischer-student-ein-konto-eroeffnen\/\",\"name\":\"In der Schweiz als ausl\u00e4ndischer Student ein Konto er\u00f6ffnen\",\"isPartOf\":{\"@id\":\"https:\/\/www.sprachschule-aktiv.ch\/deutsch-lernen-in-der-schweiz\/#website\"},\"primaryImageOfPage\":{\"@id\":\"https:\/\/www.sprachschule-aktiv.ch\/deutsch-lernen-in-der-schweiz\/in-der-schweiz-als-auslaendischer-student-ein-konto-eroeffnen\/#primaryimage\"},\"image\":{\"@id\":\"https:\/\/www.sprachschule-aktiv.ch\/deutsch-lernen-in-der-schweiz\/in-der-schweiz-als-auslaendischer-student-ein-konto-eroeffnen\/#primaryimage\"},\"thumbnailUrl\":\"https:\/\/www.sprachschule-aktiv.ch\/deutsch-lernen-in-der-schweiz\/wp-content\/uploads\/2022\/02\/in-der-schweiz-als-auslaendischer-student-ein-konto-eroeffnen-300x282.jpg\",\"datePublished\":\"2022-02-18T05:04:57+00:00\",\"dateModified\":\"2022-02-18T05:05:32+00:00\",\"description\":\"Tipps & Infos rund um das Thema Kontoer\u00f6ffnung in der Schweiz. Vorteile & Nachteile \u00fcber die verschiedenen Bezahlm\u00f6glichkeiten.\",\"breadcrumb\":{\"@id\":\"https:\/\/www.sprachschule-aktiv.ch\/deutsch-lernen-in-der-schweiz\/in-der-schweiz-als-auslaendischer-student-ein-konto-eroeffnen\/#breadcrumb\"},\"inLanguage\":\"de\",\"potentialAction\":[{\"@type\":\"ReadAction\",\"target\":[\"https:\/\/www.sprachschule-aktiv.ch\/deutsch-lernen-in-der-schweiz\/in-der-schweiz-als-auslaendischer-student-ein-konto-eroeffnen\/\"]}]},{\"@type\":\"ImageObject\",\"inLanguage\":\"de\",\"@id\":\"https:\/\/www.sprachschule-aktiv.ch\/deutsch-lernen-in-der-schweiz\/in-der-schweiz-als-auslaendischer-student-ein-konto-eroeffnen\/#primaryimage\",\"url\":\"https:\/\/www.sprachschule-aktiv.ch\/deutsch-lernen-in-der-schweiz\/wp-content\/uploads\/2022\/02\/in-der-schweiz-als-auslaendischer-student-ein-konto-eroeffnen.jpg\",\"contentUrl\":\"https:\/\/www.sprachschule-aktiv.ch\/deutsch-lernen-in-der-schweiz\/wp-content\/uploads\/2022\/02\/in-der-schweiz-als-auslaendischer-student-ein-konto-eroeffnen.jpg\",\"width\":770,\"height\":723,\"caption\":\"In der Schweiz als ausl\u00e4ndischer Student ein Konto er\u00f6ffnen\"},{\"@type\":\"BreadcrumbList\",\"@id\":\"https:\/\/www.sprachschule-aktiv.ch\/deutsch-lernen-in-der-schweiz\/in-der-schweiz-als-auslaendischer-student-ein-konto-eroeffnen\/#breadcrumb\",\"itemListElement\":[{\"@type\":\"ListItem\",\"position\":1,\"name\":\"Startseite\",\"item\":\"https:\/\/www.sprachschule-aktiv.ch\/deutsch-lernen-in-der-schweiz\/\"},{\"@type\":\"ListItem\",\"position\":2,\"name\":\"In der Schweiz als ausl\u00e4ndischer Student ein Konto er\u00f6ffnen\"}]},{\"@type\":\"WebSite\",\"@id\":\"https:\/\/www.sprachschule-aktiv.ch\/deutsch-lernen-in-der-schweiz\/#website\",\"url\":\"https:\/\/www.sprachschule-aktiv.ch\/deutsch-lernen-in-der-schweiz\/\",\"name\":\"Deutsch lernen in der schweiz\",\"description\":\"\",\"potentialAction\":[{\"@type\":\"SearchAction\",\"target\":{\"@type\":\"EntryPoint\",\"urlTemplate\":\"https:\/\/www.sprachschule-aktiv.ch\/deutsch-lernen-in-der-schweiz\/?s={search_term_string}\"},\"query-input\":{\"@type\":\"PropertyValueSpecification\",\"valueRequired\":true,\"valueName\":\"search_term_string\"}}],\"inLanguage\":\"de\"}]}<\/script>\n<!-- \/ Yoast SEO plugin. -->","yoast_head_json":{"title":"In der Schweiz als ausl\u00e4ndischer Student ein Konto er\u00f6ffnen","description":"Tipps & Infos rund um das Thema Kontoer\u00f6ffnung in der Schweiz. Vorteile & Nachteile \u00fcber die verschiedenen Bezahlm\u00f6glichkeiten.","robots":{"index":"index","follow":"follow","max-snippet":"max-snippet:-1","max-image-preview":"max-image-preview:large","max-video-preview":"max-video-preview:-1"},"canonical":"https:\/\/www.sprachschule-aktiv.ch\/deutsch-lernen-in-der-schweiz\/in-der-schweiz-als-auslaendischer-student-ein-konto-eroeffnen\/","og_locale":"de_DE","og_type":"article","og_title":"In der Schweiz als ausl\u00e4ndischer Student ein Konto er\u00f6ffnen","og_description":"Tipps & Infos rund um das Thema Kontoer\u00f6ffnung in der Schweiz. Vorteile & Nachteile \u00fcber die verschiedenen Bezahlm\u00f6glichkeiten.","og_url":"https:\/\/www.sprachschule-aktiv.ch\/deutsch-lernen-in-der-schweiz\/in-der-schweiz-als-auslaendischer-student-ein-konto-eroeffnen\/","og_site_name":"Deutsch lernen in der schweiz","article_modified_time":"2022-02-18T05:05:32+00:00","og_image":[{"url":"https:\/\/www.sprachschule-aktiv.ch\/deutsch-lernen-in-der-schweiz\/wp-content\/uploads\/2022\/02\/in-der-schweiz-als-auslaendischer-student-ein-konto-eroeffnen-300x282.jpg","type":"","width":"","height":""}],"twitter_card":"summary_large_image","twitter_misc":{"Gesch\u00e4tzte Lesezeit":"2\u00a0Minuten"},"schema":{"@context":"https:\/\/schema.org","@graph":[{"@type":"WebPage","@id":"https:\/\/www.sprachschule-aktiv.ch\/deutsch-lernen-in-der-schweiz\/in-der-schweiz-als-auslaendischer-student-ein-konto-eroeffnen\/","url":"https:\/\/www.sprachschule-aktiv.ch\/deutsch-lernen-in-der-schweiz\/in-der-schweiz-als-auslaendischer-student-ein-konto-eroeffnen\/","name":"In der Schweiz als ausl\u00e4ndischer Student ein Konto er\u00f6ffnen","isPartOf":{"@id":"https:\/\/www.sprachschule-aktiv.ch\/deutsch-lernen-in-der-schweiz\/#website"},"primaryImageOfPage":{"@id":"https:\/\/www.sprachschule-aktiv.ch\/deutsch-lernen-in-der-schweiz\/in-der-schweiz-als-auslaendischer-student-ein-konto-eroeffnen\/#primaryimage"},"image":{"@id":"https:\/\/www.sprachschule-aktiv.ch\/deutsch-lernen-in-der-schweiz\/in-der-schweiz-als-auslaendischer-student-ein-konto-eroeffnen\/#primaryimage"},"thumbnailUrl":"https:\/\/www.sprachschule-aktiv.ch\/deutsch-lernen-in-der-schweiz\/wp-content\/uploads\/2022\/02\/in-der-schweiz-als-auslaendischer-student-ein-konto-eroeffnen-300x282.jpg","datePublished":"2022-02-18T05:04:57+00:00","dateModified":"2022-02-18T05:05:32+00:00","description":"Tipps & Infos rund um das Thema Kontoer\u00f6ffnung in der Schweiz. Vorteile & Nachteile \u00fcber die verschiedenen Bezahlm\u00f6glichkeiten.","breadcrumb":{"@id":"https:\/\/www.sprachschule-aktiv.ch\/deutsch-lernen-in-der-schweiz\/in-der-schweiz-als-auslaendischer-student-ein-konto-eroeffnen\/#breadcrumb"},"inLanguage":"de","potentialAction":[{"@type":"ReadAction","target":["https:\/\/www.sprachschule-aktiv.ch\/deutsch-lernen-in-der-schweiz\/in-der-schweiz-als-auslaendischer-student-ein-konto-eroeffnen\/"]}]},{"@type":"ImageObject","inLanguage":"de","@id":"https:\/\/www.sprachschule-aktiv.ch\/deutsch-lernen-in-der-schweiz\/in-der-schweiz-als-auslaendischer-student-ein-konto-eroeffnen\/#primaryimage","url":"https:\/\/www.sprachschule-aktiv.ch\/deutsch-lernen-in-der-schweiz\/wp-content\/uploads\/2022\/02\/in-der-schweiz-als-auslaendischer-student-ein-konto-eroeffnen.jpg","contentUrl":"https:\/\/www.sprachschule-aktiv.ch\/deutsch-lernen-in-der-schweiz\/wp-content\/uploads\/2022\/02\/in-der-schweiz-als-auslaendischer-student-ein-konto-eroeffnen.jpg","width":770,"height":723,"caption":"In der Schweiz als ausl\u00e4ndischer Student ein Konto er\u00f6ffnen"},{"@type":"BreadcrumbList","@id":"https:\/\/www.sprachschule-aktiv.ch\/deutsch-lernen-in-der-schweiz\/in-der-schweiz-als-auslaendischer-student-ein-konto-eroeffnen\/#breadcrumb","itemListElement":[{"@type":"ListItem","position":1,"name":"Startseite","item":"https:\/\/www.sprachschule-aktiv.ch\/deutsch-lernen-in-der-schweiz\/"},{"@type":"ListItem","position":2,"name":"In der Schweiz als ausl\u00e4ndischer Student ein Konto er\u00f6ffnen"}]},{"@type":"WebSite","@id":"https:\/\/www.sprachschule-aktiv.ch\/deutsch-lernen-in-der-schweiz\/#website","url":"https:\/\/www.sprachschule-aktiv.ch\/deutsch-lernen-in-der-schweiz\/","name":"Deutsch lernen in der schweiz","description":"","potentialAction":[{"@type":"SearchAction","target":{"@type":"EntryPoint","urlTemplate":"https:\/\/www.sprachschule-aktiv.ch\/deutsch-lernen-in-der-schweiz\/?s={search_term_string}"},"query-input":{"@type":"PropertyValueSpecification","valueRequired":true,"valueName":"search_term_string"}}],"inLanguage":"de"}]}},"_links":{"self":[{"href":"https:\/\/www.sprachschule-aktiv.ch\/deutsch-lernen-in-der-schweiz\/wp-json\/wp\/v2\/pages\/186","targetHints":{"allow":["GET"]}}],"collection":[{"href":"https:\/\/www.sprachschule-aktiv.ch\/deutsch-lernen-in-der-schweiz\/wp-json\/wp\/v2\/pages"}],"about":[{"href":"https:\/\/www.sprachschule-aktiv.ch\/deutsch-lernen-in-der-schweiz\/wp-json\/wp\/v2\/types\/page"}],"author":[{"embeddable":true,"href":"https:\/\/www.sprachschule-aktiv.ch\/deutsch-lernen-in-der-schweiz\/wp-json\/wp\/v2\/users\/2"}],"replies":[{"embeddable":true,"href":"https:\/\/www.sprachschule-aktiv.ch\/deutsch-lernen-in-der-schweiz\/wp-json\/wp\/v2\/comments?post=186"}],"version-history":[{"count":2,"href":"https:\/\/www.sprachschule-aktiv.ch\/deutsch-lernen-in-der-schweiz\/wp-json\/wp\/v2\/pages\/186\/revisions"}],"predecessor-version":[{"id":189,"href":"https:\/\/www.sprachschule-aktiv.ch\/deutsch-lernen-in-der-schweiz\/wp-json\/wp\/v2\/pages\/186\/revisions\/189"}],"wp:attachment":[{"href":"https:\/\/www.sprachschule-aktiv.ch\/deutsch-lernen-in-der-schweiz\/wp-json\/wp\/v2\/media?parent=186"}],"curies":[{"name":"wp","href":"https:\/\/api.w.org\/{rel}","templated":true}]}}