{"id":177,"date":"2022-02-18T05:56:40","date_gmt":"2022-02-18T04:56:40","guid":{"rendered":"https:\/\/www.sprachschule-aktiv.ch\/deutsch-lernen-in-der-schweiz\/?page_id=177"},"modified":"2022-11-02T05:30:34","modified_gmt":"2022-11-02T04:30:34","slug":"arbeiten-in-der-schweiz-neben-studium-und-deutschkurs","status":"publish","type":"page","link":"https:\/\/www.sprachschule-aktiv.ch\/deutsch-lernen-in-der-schweiz\/arbeiten-in-der-schweiz-neben-studium-und-deutschkurs\/","title":{"rendered":"Arbeiten in der Schweiz neben Studium und Deutschkurs"},"content":{"rendered":"<p>Wer in der Schweiz studiert oder l\u00e4ngerfristig dort lebt, um Deutsch zu lernen, muss bereits bei der Einreise nachweisen, dass er sich selbst w\u00e4hrend seines Aufenthalts finanzieren kann. Doch dar\u00fcber hinaus m\u00f6chte man ja auch mal ausgehen, einen netten Ausflug machen oder sich einmal etwas Sch\u00f6nes leisten k\u00f6nnen.<\/p>\n<p>Viele Studenten, einheimische und internationale, gehen aus diesem Grund einer Nebent\u00e4tigkeit nach. Solange sichergestellt ist, dass das Studium die Hauptbesch\u00e4ftigung ist, k\u00f6nnen Studierende jobben, um ihr Budget aufzustocken.<\/p>\n<figure id=\"attachment_183\" class=\"wp-caption alignnone\" ><img loading=\"lazy\" decoding=\"async\" class=\"wp-image-183 size-full\" src=\"https:\/\/www.sprachschule-aktiv.ch\/deutsch-lernen-in-der-schweiz\/wp-content\/uploads\/2022\/02\/arbeiten-in-der-schweiz-neben-studium-und-deutschkurs.jpg\" alt=\"Arbeiten in der Schweiz neben Studium und Deutschkurs\" width=\"770\" height=\"723\" srcset=\"https:\/\/www.sprachschule-aktiv.ch\/deutsch-lernen-in-der-schweiz\/wp-content\/uploads\/2022\/02\/arbeiten-in-der-schweiz-neben-studium-und-deutschkurs.jpg 770w, https:\/\/www.sprachschule-aktiv.ch\/deutsch-lernen-in-der-schweiz\/wp-content\/uploads\/2022\/02\/arbeiten-in-der-schweiz-neben-studium-und-deutschkurs-300x282.jpg 300w, https:\/\/www.sprachschule-aktiv.ch\/deutsch-lernen-in-der-schweiz\/wp-content\/uploads\/2022\/02\/arbeiten-in-der-schweiz-neben-studium-und-deutschkurs-768x721.jpg 768w\" sizes=\"auto, (max-width: 770px) 100vw, 770px\" \/><figcaption class=\"wp-caption-text\">Arbeiten in der Schweiz neben Studium<\/figcaption><\/figure>\n<h2>Tipps rund um das Thema Arbeiten in der Schweiz f\u00fcr internationale Studenten<\/h2>\n<p><strong>Je nachdem aus welchem Land Sie kommen, gelten unterschiedliche Regelungen, wenn Sie einen Nebenjob beginnen m\u00f6chten.<\/strong><\/p>\n<p>Als Student aus einem EU\/EFTA-Staat k\u00f6nnen Sie mit einer Aufenthaltsbewilligung L EU\/EFTA oder B EU\/EFTA ohne Einschr\u00e4nkung einer Nebenerwerbst\u00e4tigkeit nachgehen. Ihr Arbeitgeber muss dies allerdings dem zust\u00e4ndigen Migrations- oder Arbeitsamt melden.<\/p>\n<p><strong>Kommen Sie aus Bulgarien oder Rum\u00e4nien, ben\u00f6tigen Sie eine <\/strong>Bewilligung, um eine Nebenerwerbst\u00e4tigkeit aufzunehmen. Diese Bewilligung erhalten Sie dadurch, dass Ihre Universit\u00e4t oder Fachhochschule best\u00e4tigt, dass Ihr Studium durch diesen Nebenjob nicht beeintr\u00e4chtigt wird. Die w\u00f6chentliche H\u00f6chstarbeitszeit liegt bei 15 Stunden. W\u00e4hrend der Semesterferien d\u00fcrfen Sie mit einer schriftlichen Einverst\u00e4ndniserkl\u00e4rung der Universit\u00e4t Vollzeit arbeiten.<\/p>\n<p><strong>Reisen Sie aus einem anderen Land als den oben genannten in die Schweiz ein, brauchen Sie eine Arbeitsbewilligung, um eine Nebenerwerbst\u00e4tigkeit von maximal 15 Stunden pro Woche auszu\u00fcben. Diese Arbeitsbewilligung k\u00f6nnen Sie dann beantragen, wenn Sie bereits seit 6 Monaten eine Aufenthaltsbewilligung haben. <\/strong>Ihr Arbeitgeber ist daf\u00fcr verantwortlich, die Arbeitsbewilligung beim kantonalen Migrations- oder Arbeitsamt zu beantragen.<\/p>\n<a href=\"https:\/\/www.sprachschule-aktiv.ch\/deutsch-lernen-in-der-schweiz\/kontakt\/\"><img loading=\"lazy\" decoding=\"async\" class=\"alignnone wp-image-972 size-full\" title=\"Schnelle Anfrage - Deutschkurs Z\u00fcrich\" src=\"https:\/\/www.sprachschule-aktiv.ch\/wp-content\/uploads\/2017\/03\/boton-schnelle-anfrage.png\" alt=\"Schnelle Anfrage - Deutschkurs Z\u00fcrich\" width=\"220\" height=\"65\" \/><\/a>\n<h2>Wie viele Stunden d\u00fcrfen Studenten neben dem Studium arbeiten?<\/h2>\n<p>Die w\u00f6chentliche H\u00f6chstarbeitszeit f\u00fcr einen Nebenjob liegt zwischen 15 und 20 Stunden. Dies ist davon abh\u00e4ngig, aus welchem Land Sie kommen. Wichtig ist jedoch, dass diese Nebent\u00e4tigkeit Ihr Studium nicht beeintr\u00e4chtigt und es dadurch zu Verz\u00f6gerungen in Ihrem Studienablauf kommt.<\/p>\n<p>Entscheiden Sie sich daf\u00fcr, in den Semesterferien zu arbeiten oder ein Praktikum zu machen, k\u00f6nnen Sie die volle Arbeitszeit, also 100%, aussch\u00f6pfen.<\/p>\n<a href=\"https:\/\/www.sprachschule-aktiv.ch\/deutsch-lernen-in-der-schweiz\/deutschkurse\/\"><img loading=\"lazy\" decoding=\"async\" class=\"alignnone wp-image-90 size-medium\" src=\"https:\/\/www.sprachschule-aktiv.ch\/deutsch-lernen-in-der-schweiz\/wp-content\/uploads\/2022\/01\/deutschkurse-in-der-schweiz-251x300.jpg\" alt=\"Unsere Deutschkurse in der Schweiz\" width=\"251\" height=\"300\" srcset=\"https:\/\/www.sprachschule-aktiv.ch\/deutsch-lernen-in-der-schweiz\/wp-content\/uploads\/2022\/01\/deutschkurse-in-der-schweiz-251x300.jpg 251w, https:\/\/www.sprachschule-aktiv.ch\/deutsch-lernen-in-der-schweiz\/wp-content\/uploads\/2022\/01\/deutschkurse-in-der-schweiz.jpg 300w\" sizes=\"auto, (max-width: 251px) 100vw, 251px\" \/><\/a>\n<h2>Muss das Geld aus einem Nebenjob oder einem Praktikum versteuert werden?<\/h2>\n<p>Alle Eink\u00fcnfte aus unselbst\u00e4ndiger oder selbst\u00e4ndiger Erwerbst\u00e4tigkeit m\u00fcssen versteuert werden. Dazu z\u00e4hlt auch der Lohn aus Praktika, Ferienjobs und Nebenjobs. In vielen Kantonen bezahlt man aber erst ab einem Mindesteinkommen Steuern. Man muss das Einkommen aber auf alle F\u00e4lle angeben, auch wenn man das steuerfreie Minimum nicht erreicht. Dieser Steuerfreibetrag variiert zudem, abh\u00e4ngig davon in welchem Kanton und in welcher Stadt man wohnt.<\/p>\n<h2>Wo k\u00f6nnen internationale Studenten in der Schweiz einen Nebenjob finden?<\/h2>\n<p>Es ist nicht so einfach, einen gut bezahlten Nebenjob zu finden. Studierende in den deutschsprachigen Kantonen tun sich damit jedoch leichter als ihre Kollegen in den anderen Kantonen.<\/p>\n<p>Folgende Websites k\u00f6nnen bei der Suche nach einer Nebenerwerbst\u00e4tigkeit helfen:<\/p>\n<ul>\n<li><a href=\"http:\/\/www.lehrer-aktiv.ch\" target=\"_blank\" rel=\"noopener\">www.lehrer-aktiv.ch<\/a><\/li>\n<li><a href=\"https:\/\/www.students.ch\/\" target=\"_blank\" rel=\"noopener\">www.students.ch<\/a>,<\/li>\n<li><a href=\"http:\/\/www.studentenjobs.ch\" target=\"_blank\" rel=\"noopener\">www.studentenjobs.ch<\/a><\/li>\n<\/ul>\n<p>Studenten haben aber auch die M\u00f6glichkeit auf den Suchplattformen Ihrer Universit\u00e4t f\u00fcndig zu werden, da beispielsweise die <a href=\"http:\/\/www.unisg.ch\/de\/hsgservices\/career+services+center\" target=\"_blank\" rel=\"noopener\">Universit\u00e4t St. Gallen<\/a> oder die <a href=\"http:\/\/www.careerservices.uzh.ch\/index.html\" target=\"_blank\" rel=\"noopener\">Universit\u00e4t Z\u00fcrich<\/a> Stellenangebote f\u00fcr Studenten ausweist.<br \/>\n<iframe loading=\"lazy\" title=\"YouTube video player\" src=\"https:\/\/www.youtube.com\/embed\/JOvJI8b4z_E\" width=\"560\" height=\"315\" frameborder=\"0\" allowfullscreen=\"allowfullscreen\"><\/iframe><\/p>\n","protected":false},"excerpt":{"rendered":"<p>Wer in der Schweiz studiert oder l\u00e4ngerfristig dort lebt, um Deutsch zu lernen, muss bereits bei der Einreise nachweisen, dass er sich selbst w\u00e4hrend seines Aufenthalts finanzieren kann. Doch dar\u00fcber hinaus m\u00f6chte man ja auch mal ausgehen, einen netten Ausflug machen oder sich einmal etwas Sch\u00f6nes leisten k\u00f6nnen. Viele Studenten, einheimische und internationale, gehen aus&hellip; <a class=\"read-more\" href=\"https:\/\/www.sprachschule-aktiv.ch\/deutsch-lernen-in-der-schweiz\/arbeiten-in-der-schweiz-neben-studium-und-deutschkurs\/\" title=\"Read Arbeiten in der Schweiz neben Studium und Deutschkurs\">Read more &raquo;<\/a><\/p>\n","protected":false},"author":2,"featured_media":0,"parent":0,"menu_order":0,"comment_status":"closed","ping_status":"closed","template":"","meta":{"footnotes":""},"class_list":["post-177","page","type-page","status-publish","hentry"],"yoast_head":"<!-- This site is optimized with the Yoast SEO plugin v27.1.1 - https:\/\/yoast.com\/product\/yoast-seo-wordpress\/ -->\n<title>Arbeiten in der Schweiz neben Studium &amp; Deutschkurs<\/title>\n<meta name=\"description\" content=\"Sein Budget neben dem Studium mit einem Job aufbessern. Was man beachten muss. Tipps und Infos zum Thema Nebenjob, Praktikum &amp; Ferienjob\" \/>\n<meta name=\"robots\" content=\"index, follow, max-snippet:-1, max-image-preview:large, max-video-preview:-1\" \/>\n<link rel=\"canonical\" href=\"https:\/\/www.sprachschule-aktiv.ch\/deutsch-lernen-in-der-schweiz\/arbeiten-in-der-schweiz-neben-studium-und-deutschkurs\/\" \/>\n<meta property=\"og:locale\" content=\"de_DE\" \/>\n<meta property=\"og:type\" content=\"article\" \/>\n<meta property=\"og:title\" content=\"Arbeiten in der Schweiz neben Studium &amp; Deutschkurs\" \/>\n<meta property=\"og:description\" content=\"Sein Budget neben dem Studium mit einem Job aufbessern. Was man beachten muss. Tipps und Infos zum Thema Nebenjob, Praktikum &amp; Ferienjob\" \/>\n<meta property=\"og:url\" content=\"https:\/\/www.sprachschule-aktiv.ch\/deutsch-lernen-in-der-schweiz\/arbeiten-in-der-schweiz-neben-studium-und-deutschkurs\/\" \/>\n<meta property=\"og:site_name\" content=\"Deutsch lernen in der schweiz\" \/>\n<meta property=\"article:modified_time\" content=\"2022-11-02T04:30:34+00:00\" \/>\n<meta property=\"og:image\" content=\"https:\/\/www.sprachschule-aktiv.ch\/deutsch-lernen-in-der-schweiz\/wp-content\/uploads\/2022\/02\/arbeiten-in-der-schweiz-neben-studium-und-deutschkurs.jpg\" \/>\n<meta name=\"twitter:card\" content=\"summary_large_image\" \/>\n<meta name=\"twitter:label1\" content=\"Gesch\u00e4tzte Lesezeit\" \/>\n\t<meta name=\"twitter:data1\" content=\"3\u00a0Minuten\" \/>\n<script type=\"application\/ld+json\" class=\"yoast-schema-graph\">{\"@context\":\"https:\/\/schema.org\",\"@graph\":[{\"@type\":\"WebPage\",\"@id\":\"https:\/\/www.sprachschule-aktiv.ch\/deutsch-lernen-in-der-schweiz\/arbeiten-in-der-schweiz-neben-studium-und-deutschkurs\/\",\"url\":\"https:\/\/www.sprachschule-aktiv.ch\/deutsch-lernen-in-der-schweiz\/arbeiten-in-der-schweiz-neben-studium-und-deutschkurs\/\",\"name\":\"Arbeiten in der Schweiz neben Studium & Deutschkurs\",\"isPartOf\":{\"@id\":\"https:\/\/www.sprachschule-aktiv.ch\/deutsch-lernen-in-der-schweiz\/#website\"},\"primaryImageOfPage\":{\"@id\":\"https:\/\/www.sprachschule-aktiv.ch\/deutsch-lernen-in-der-schweiz\/arbeiten-in-der-schweiz-neben-studium-und-deutschkurs\/#primaryimage\"},\"image\":{\"@id\":\"https:\/\/www.sprachschule-aktiv.ch\/deutsch-lernen-in-der-schweiz\/arbeiten-in-der-schweiz-neben-studium-und-deutschkurs\/#primaryimage\"},\"thumbnailUrl\":\"https:\/\/www.sprachschule-aktiv.ch\/deutsch-lernen-in-der-schweiz\/wp-content\/uploads\/2022\/02\/arbeiten-in-der-schweiz-neben-studium-und-deutschkurs.jpg\",\"datePublished\":\"2022-02-18T04:56:40+00:00\",\"dateModified\":\"2022-11-02T04:30:34+00:00\",\"description\":\"Sein Budget neben dem Studium mit einem Job aufbessern. Was man beachten muss. Tipps und Infos zum Thema Nebenjob, Praktikum & Ferienjob\",\"breadcrumb\":{\"@id\":\"https:\/\/www.sprachschule-aktiv.ch\/deutsch-lernen-in-der-schweiz\/arbeiten-in-der-schweiz-neben-studium-und-deutschkurs\/#breadcrumb\"},\"inLanguage\":\"de\",\"potentialAction\":[{\"@type\":\"ReadAction\",\"target\":[\"https:\/\/www.sprachschule-aktiv.ch\/deutsch-lernen-in-der-schweiz\/arbeiten-in-der-schweiz-neben-studium-und-deutschkurs\/\"]}]},{\"@type\":\"ImageObject\",\"inLanguage\":\"de\",\"@id\":\"https:\/\/www.sprachschule-aktiv.ch\/deutsch-lernen-in-der-schweiz\/arbeiten-in-der-schweiz-neben-studium-und-deutschkurs\/#primaryimage\",\"url\":\"https:\/\/www.sprachschule-aktiv.ch\/deutsch-lernen-in-der-schweiz\/wp-content\/uploads\/2022\/02\/arbeiten-in-der-schweiz-neben-studium-und-deutschkurs.jpg\",\"contentUrl\":\"https:\/\/www.sprachschule-aktiv.ch\/deutsch-lernen-in-der-schweiz\/wp-content\/uploads\/2022\/02\/arbeiten-in-der-schweiz-neben-studium-und-deutschkurs.jpg\",\"width\":770,\"height\":723,\"caption\":\"Arbeiten in der Schweiz neben Studium und Deutschkurs\"},{\"@type\":\"BreadcrumbList\",\"@id\":\"https:\/\/www.sprachschule-aktiv.ch\/deutsch-lernen-in-der-schweiz\/arbeiten-in-der-schweiz-neben-studium-und-deutschkurs\/#breadcrumb\",\"itemListElement\":[{\"@type\":\"ListItem\",\"position\":1,\"name\":\"Startseite\",\"item\":\"https:\/\/www.sprachschule-aktiv.ch\/deutsch-lernen-in-der-schweiz\/\"},{\"@type\":\"ListItem\",\"position\":2,\"name\":\"Arbeiten in der Schweiz neben Studium und Deutschkurs\"}]},{\"@type\":\"WebSite\",\"@id\":\"https:\/\/www.sprachschule-aktiv.ch\/deutsch-lernen-in-der-schweiz\/#website\",\"url\":\"https:\/\/www.sprachschule-aktiv.ch\/deutsch-lernen-in-der-schweiz\/\",\"name\":\"Deutsch lernen in der schweiz\",\"description\":\"\",\"potentialAction\":[{\"@type\":\"SearchAction\",\"target\":{\"@type\":\"EntryPoint\",\"urlTemplate\":\"https:\/\/www.sprachschule-aktiv.ch\/deutsch-lernen-in-der-schweiz\/?s={search_term_string}\"},\"query-input\":{\"@type\":\"PropertyValueSpecification\",\"valueRequired\":true,\"valueName\":\"search_term_string\"}}],\"inLanguage\":\"de\"}]}<\/script>\n<!-- \/ Yoast SEO plugin. -->","yoast_head_json":{"title":"Arbeiten in der Schweiz neben Studium & Deutschkurs","description":"Sein Budget neben dem Studium mit einem Job aufbessern. Was man beachten muss. Tipps und Infos zum Thema Nebenjob, Praktikum & Ferienjob","robots":{"index":"index","follow":"follow","max-snippet":"max-snippet:-1","max-image-preview":"max-image-preview:large","max-video-preview":"max-video-preview:-1"},"canonical":"https:\/\/www.sprachschule-aktiv.ch\/deutsch-lernen-in-der-schweiz\/arbeiten-in-der-schweiz-neben-studium-und-deutschkurs\/","og_locale":"de_DE","og_type":"article","og_title":"Arbeiten in der Schweiz neben Studium & Deutschkurs","og_description":"Sein Budget neben dem Studium mit einem Job aufbessern. Was man beachten muss. Tipps und Infos zum Thema Nebenjob, Praktikum & Ferienjob","og_url":"https:\/\/www.sprachschule-aktiv.ch\/deutsch-lernen-in-der-schweiz\/arbeiten-in-der-schweiz-neben-studium-und-deutschkurs\/","og_site_name":"Deutsch lernen in der schweiz","article_modified_time":"2022-11-02T04:30:34+00:00","og_image":[{"url":"https:\/\/www.sprachschule-aktiv.ch\/deutsch-lernen-in-der-schweiz\/wp-content\/uploads\/2022\/02\/arbeiten-in-der-schweiz-neben-studium-und-deutschkurs.jpg","type":"","width":"","height":""}],"twitter_card":"summary_large_image","twitter_misc":{"Gesch\u00e4tzte Lesezeit":"3\u00a0Minuten"},"schema":{"@context":"https:\/\/schema.org","@graph":[{"@type":"WebPage","@id":"https:\/\/www.sprachschule-aktiv.ch\/deutsch-lernen-in-der-schweiz\/arbeiten-in-der-schweiz-neben-studium-und-deutschkurs\/","url":"https:\/\/www.sprachschule-aktiv.ch\/deutsch-lernen-in-der-schweiz\/arbeiten-in-der-schweiz-neben-studium-und-deutschkurs\/","name":"Arbeiten in der Schweiz neben Studium & Deutschkurs","isPartOf":{"@id":"https:\/\/www.sprachschule-aktiv.ch\/deutsch-lernen-in-der-schweiz\/#website"},"primaryImageOfPage":{"@id":"https:\/\/www.sprachschule-aktiv.ch\/deutsch-lernen-in-der-schweiz\/arbeiten-in-der-schweiz-neben-studium-und-deutschkurs\/#primaryimage"},"image":{"@id":"https:\/\/www.sprachschule-aktiv.ch\/deutsch-lernen-in-der-schweiz\/arbeiten-in-der-schweiz-neben-studium-und-deutschkurs\/#primaryimage"},"thumbnailUrl":"https:\/\/www.sprachschule-aktiv.ch\/deutsch-lernen-in-der-schweiz\/wp-content\/uploads\/2022\/02\/arbeiten-in-der-schweiz-neben-studium-und-deutschkurs.jpg","datePublished":"2022-02-18T04:56:40+00:00","dateModified":"2022-11-02T04:30:34+00:00","description":"Sein Budget neben dem Studium mit einem Job aufbessern. Was man beachten muss. Tipps und Infos zum Thema Nebenjob, Praktikum & Ferienjob","breadcrumb":{"@id":"https:\/\/www.sprachschule-aktiv.ch\/deutsch-lernen-in-der-schweiz\/arbeiten-in-der-schweiz-neben-studium-und-deutschkurs\/#breadcrumb"},"inLanguage":"de","potentialAction":[{"@type":"ReadAction","target":["https:\/\/www.sprachschule-aktiv.ch\/deutsch-lernen-in-der-schweiz\/arbeiten-in-der-schweiz-neben-studium-und-deutschkurs\/"]}]},{"@type":"ImageObject","inLanguage":"de","@id":"https:\/\/www.sprachschule-aktiv.ch\/deutsch-lernen-in-der-schweiz\/arbeiten-in-der-schweiz-neben-studium-und-deutschkurs\/#primaryimage","url":"https:\/\/www.sprachschule-aktiv.ch\/deutsch-lernen-in-der-schweiz\/wp-content\/uploads\/2022\/02\/arbeiten-in-der-schweiz-neben-studium-und-deutschkurs.jpg","contentUrl":"https:\/\/www.sprachschule-aktiv.ch\/deutsch-lernen-in-der-schweiz\/wp-content\/uploads\/2022\/02\/arbeiten-in-der-schweiz-neben-studium-und-deutschkurs.jpg","width":770,"height":723,"caption":"Arbeiten in der Schweiz neben Studium und Deutschkurs"},{"@type":"BreadcrumbList","@id":"https:\/\/www.sprachschule-aktiv.ch\/deutsch-lernen-in-der-schweiz\/arbeiten-in-der-schweiz-neben-studium-und-deutschkurs\/#breadcrumb","itemListElement":[{"@type":"ListItem","position":1,"name":"Startseite","item":"https:\/\/www.sprachschule-aktiv.ch\/deutsch-lernen-in-der-schweiz\/"},{"@type":"ListItem","position":2,"name":"Arbeiten in der Schweiz neben Studium und Deutschkurs"}]},{"@type":"WebSite","@id":"https:\/\/www.sprachschule-aktiv.ch\/deutsch-lernen-in-der-schweiz\/#website","url":"https:\/\/www.sprachschule-aktiv.ch\/deutsch-lernen-in-der-schweiz\/","name":"Deutsch lernen in der schweiz","description":"","potentialAction":[{"@type":"SearchAction","target":{"@type":"EntryPoint","urlTemplate":"https:\/\/www.sprachschule-aktiv.ch\/deutsch-lernen-in-der-schweiz\/?s={search_term_string}"},"query-input":{"@type":"PropertyValueSpecification","valueRequired":true,"valueName":"search_term_string"}}],"inLanguage":"de"}]}},"_links":{"self":[{"href":"https:\/\/www.sprachschule-aktiv.ch\/deutsch-lernen-in-der-schweiz\/wp-json\/wp\/v2\/pages\/177","targetHints":{"allow":["GET"]}}],"collection":[{"href":"https:\/\/www.sprachschule-aktiv.ch\/deutsch-lernen-in-der-schweiz\/wp-json\/wp\/v2\/pages"}],"about":[{"href":"https:\/\/www.sprachschule-aktiv.ch\/deutsch-lernen-in-der-schweiz\/wp-json\/wp\/v2\/types\/page"}],"author":[{"embeddable":true,"href":"https:\/\/www.sprachschule-aktiv.ch\/deutsch-lernen-in-der-schweiz\/wp-json\/wp\/v2\/users\/2"}],"replies":[{"embeddable":true,"href":"https:\/\/www.sprachschule-aktiv.ch\/deutsch-lernen-in-der-schweiz\/wp-json\/wp\/v2\/comments?post=177"}],"version-history":[{"count":3,"href":"https:\/\/www.sprachschule-aktiv.ch\/deutsch-lernen-in-der-schweiz\/wp-json\/wp\/v2\/pages\/177\/revisions"}],"predecessor-version":[{"id":615,"href":"https:\/\/www.sprachschule-aktiv.ch\/deutsch-lernen-in-der-schweiz\/wp-json\/wp\/v2\/pages\/177\/revisions\/615"}],"wp:attachment":[{"href":"https:\/\/www.sprachschule-aktiv.ch\/deutsch-lernen-in-der-schweiz\/wp-json\/wp\/v2\/media?parent=177"}],"curies":[{"name":"wp","href":"https:\/\/api.w.org\/{rel}","templated":true}]}}