{"id":173,"date":"2022-02-12T07:22:17","date_gmt":"2022-02-12T06:22:17","guid":{"rendered":"https:\/\/www.sprachschule-aktiv.ch\/deutsch-lernen-in-der-schweiz\/?page_id=173"},"modified":"2022-02-12T07:22:17","modified_gmt":"2022-02-12T06:22:17","slug":"sich-als-internationaler-student-in-der-schweiz-anmelden","status":"publish","type":"page","link":"https:\/\/www.sprachschule-aktiv.ch\/deutsch-lernen-in-der-schweiz\/sich-als-internationaler-student-in-der-schweiz-anmelden\/","title":{"rendered":"Sich als internationaler Student in der Schweiz anmelden"},"content":{"rendered":"<p>Wer als internationaler Student in der Schweiz ein Studium beginnen oder l\u00e4ngerfristig einen Deutschkurs besuchen m\u00f6chte und daf\u00fcr in das Land umzieht, muss sich bei seinem zust\u00e4ndigen Einwohnerdienst binnen 14 Tagen nach dem Umzug anmelden. Geschieht dies nicht ist mit empfindlichen Strafen zu rechnen.<\/p>\n<img loading=\"lazy\" decoding=\"async\" class=\"alignnone wp-image-174 size-medium\" src=\"https:\/\/www.sprachschule-aktiv.ch\/deutsch-lernen-in-der-schweiz\/wp-content\/uploads\/2022\/02\/sich-als-internationaler-student-in-der-schweiz-anmelden-300x201.jpg\" alt=\"Sich als ausl\u00e4ndischer Student in der Schweiz anmelden\" width=\"300\" height=\"201\" srcset=\"https:\/\/www.sprachschule-aktiv.ch\/deutsch-lernen-in-der-schweiz\/wp-content\/uploads\/2022\/02\/sich-als-internationaler-student-in-der-schweiz-anmelden-300x201.jpg 300w, https:\/\/www.sprachschule-aktiv.ch\/deutsch-lernen-in-der-schweiz\/wp-content\/uploads\/2022\/02\/sich-als-internationaler-student-in-der-schweiz-anmelden.jpg 344w\" sizes=\"auto, (max-width: 300px) 100vw, 300px\" \/>\n<h2>Wie kann man sich anmelden?<\/h2>\n<p>Nach der Ankunft an seinem neuen Wohnort hat man 14 Tage Zeit, sich zun\u00e4chst mithilfe eines Anmeldeformulars und dann pers\u00f6nlich (in gr\u00f6\u00dferen St\u00e4dten) oder gleich pers\u00f6nlich (in kleineren Gemeinden) bei der jeweiligen Meldestelle anzumelden. In beiden F\u00e4llen ist es unbedingt notwendig, dass alle erforderlichen Dokumente vorgelegt werden. Sollte man sich online registrieren k\u00f6nnen, m\u00fcssen die Unterlagen gut lesbar sein und im PDF-Format beigef\u00fcgt werden.<\/p>\n<a href=\"https:\/\/www.sprachschule-aktiv.ch\/deutsch-lernen-in-der-schweiz\/deutschkurse\/\"><img loading=\"lazy\" decoding=\"async\" class=\"alignnone wp-image-90 size-medium\" src=\"https:\/\/www.sprachschule-aktiv.ch\/deutsch-lernen-in-der-schweiz\/wp-content\/uploads\/2022\/01\/deutschkurse-in-der-schweiz-251x300.jpg\" alt=\"Unsere Deutschkurse in der Schweiz\" width=\"251\" height=\"300\" srcset=\"https:\/\/www.sprachschule-aktiv.ch\/deutsch-lernen-in-der-schweiz\/wp-content\/uploads\/2022\/01\/deutschkurse-in-der-schweiz-251x300.jpg 251w, https:\/\/www.sprachschule-aktiv.ch\/deutsch-lernen-in-der-schweiz\/wp-content\/uploads\/2022\/01\/deutschkurse-in-der-schweiz.jpg 300w\" sizes=\"auto, (max-width: 251px) 100vw, 251px\" \/><\/a>\n<h2>Diese Dokumente ben\u00f6tigen Sie zur Anmeldung<\/h2>\n<ul>\n<li>Einen g\u00fcltigen Personalausweis oder Reisepass<\/li>\n<li>Den Krankenversicherungsnachweis<\/li>\n<li>das Anmeldeformular<\/li>\n<li>einen Wohnungsnachweis wie zum Beispiel einen Mietvertrag<\/li>\n<\/ul>\n<h2>Wie viel kostet die Anmeldung?<\/h2>\n<p>Bei der Anmeldung in der Schweiz sind auch Geb\u00fchren zu zahlen. Diese m\u00fcssen je nach Wohnort direkt bei der Registrierung bezahlt oder bereits vorher \u00fcberwiesen werden. Der Einzahlungsbeleg ist dann entweder dem Anmeldeformular beizulegen oder zum pers\u00f6nlichen Vorsprachetermin mitzubringen. Die H\u00f6he der zu bezahlenden Geb\u00fchren variiert je nach Kanton und Wohnort. In der Regel liegen sie aber zwischen 20 und 40 CHF.<\/p>\n<a href=\"https:\/\/www.sprachschule-aktiv.ch\/deutsch-lernen-in-der-schweiz\/kontakt\/\"><img loading=\"lazy\" decoding=\"async\" class=\"alignnone wp-image-972 size-full\" title=\"Schnelle Anfrage - Deutschkurs Z\u00fcrich\" src=\"https:\/\/www.sprachschule-aktiv.ch\/wp-content\/uploads\/2017\/03\/boton-schnelle-anfrage.png\" alt=\"Schnelle Anfrage - Deutschkurs Z\u00fcrich\" width=\"220\" height=\"65\" \/><\/a>\n","protected":false},"excerpt":{"rendered":"<p>Wer als internationaler Student in der Schweiz ein Studium beginnen oder l\u00e4ngerfristig einen Deutschkurs besuchen m\u00f6chte und daf\u00fcr in das Land umzieht, muss sich bei seinem zust\u00e4ndigen Einwohnerdienst binnen 14 Tagen nach dem Umzug anmelden. Geschieht dies nicht ist mit empfindlichen Strafen zu rechnen. Wie kann man sich anmelden? Nach der Ankunft an seinem neuen&hellip; <a class=\"read-more\" href=\"https:\/\/www.sprachschule-aktiv.ch\/deutsch-lernen-in-der-schweiz\/sich-als-internationaler-student-in-der-schweiz-anmelden\/\" title=\"Read Sich als internationaler Student in der Schweiz anmelden\">Read more &raquo;<\/a><\/p>\n","protected":false},"author":2,"featured_media":0,"parent":0,"menu_order":0,"comment_status":"closed","ping_status":"closed","template":"","meta":{"footnotes":""},"class_list":["post-173","page","type-page","status-publish","hentry"],"yoast_head":"<!-- This site is optimized with the Yoast SEO plugin v27.1.1 - https:\/\/yoast.com\/product\/yoast-seo-wordpress\/ -->\n<title>Sich als ausl\u00e4ndischer Student in der Schweiz anmelden<\/title>\n<meta name=\"description\" content=\"Welche Fristen m\u00fcssen beachtet werden, welche Dokumente werden ben\u00f6tigt, wie viel kostet die Registrierung in der Schweiz.\" \/>\n<meta name=\"robots\" content=\"index, follow, max-snippet:-1, max-image-preview:large, max-video-preview:-1\" \/>\n<link rel=\"canonical\" href=\"https:\/\/www.sprachschule-aktiv.ch\/deutsch-lernen-in-der-schweiz\/sich-als-internationaler-student-in-der-schweiz-anmelden\/\" \/>\n<meta property=\"og:locale\" content=\"de_DE\" \/>\n<meta property=\"og:type\" content=\"article\" \/>\n<meta property=\"og:title\" content=\"Sich als ausl\u00e4ndischer Student in der Schweiz anmelden\" \/>\n<meta property=\"og:description\" content=\"Welche Fristen m\u00fcssen beachtet werden, welche Dokumente werden ben\u00f6tigt, wie viel kostet die Registrierung in der Schweiz.\" \/>\n<meta property=\"og:url\" content=\"https:\/\/www.sprachschule-aktiv.ch\/deutsch-lernen-in-der-schweiz\/sich-als-internationaler-student-in-der-schweiz-anmelden\/\" \/>\n<meta property=\"og:site_name\" content=\"Deutsch lernen in der schweiz\" \/>\n<meta property=\"og:image\" content=\"https:\/\/www.sprachschule-aktiv.ch\/deutsch-lernen-in-der-schweiz\/wp-content\/uploads\/2022\/02\/sich-als-internationaler-student-in-der-schweiz-anmelden-300x201.jpg\" \/>\n<meta name=\"twitter:card\" content=\"summary_large_image\" \/>\n<meta name=\"twitter:label1\" content=\"Gesch\u00e4tzte Lesezeit\" \/>\n\t<meta name=\"twitter:data1\" content=\"1\u00a0Minute\" \/>\n<script type=\"application\/ld+json\" class=\"yoast-schema-graph\">{\"@context\":\"https:\/\/schema.org\",\"@graph\":[{\"@type\":\"WebPage\",\"@id\":\"https:\/\/www.sprachschule-aktiv.ch\/deutsch-lernen-in-der-schweiz\/sich-als-internationaler-student-in-der-schweiz-anmelden\/\",\"url\":\"https:\/\/www.sprachschule-aktiv.ch\/deutsch-lernen-in-der-schweiz\/sich-als-internationaler-student-in-der-schweiz-anmelden\/\",\"name\":\"Sich als ausl\u00e4ndischer Student in der Schweiz anmelden\",\"isPartOf\":{\"@id\":\"https:\/\/www.sprachschule-aktiv.ch\/deutsch-lernen-in-der-schweiz\/#website\"},\"primaryImageOfPage\":{\"@id\":\"https:\/\/www.sprachschule-aktiv.ch\/deutsch-lernen-in-der-schweiz\/sich-als-internationaler-student-in-der-schweiz-anmelden\/#primaryimage\"},\"image\":{\"@id\":\"https:\/\/www.sprachschule-aktiv.ch\/deutsch-lernen-in-der-schweiz\/sich-als-internationaler-student-in-der-schweiz-anmelden\/#primaryimage\"},\"thumbnailUrl\":\"https:\/\/www.sprachschule-aktiv.ch\/deutsch-lernen-in-der-schweiz\/wp-content\/uploads\/2022\/02\/sich-als-internationaler-student-in-der-schweiz-anmelden-300x201.jpg\",\"datePublished\":\"2022-02-12T06:22:17+00:00\",\"description\":\"Welche Fristen m\u00fcssen beachtet werden, welche Dokumente werden ben\u00f6tigt, wie viel kostet die Registrierung in der Schweiz.\",\"breadcrumb\":{\"@id\":\"https:\/\/www.sprachschule-aktiv.ch\/deutsch-lernen-in-der-schweiz\/sich-als-internationaler-student-in-der-schweiz-anmelden\/#breadcrumb\"},\"inLanguage\":\"de\",\"potentialAction\":[{\"@type\":\"ReadAction\",\"target\":[\"https:\/\/www.sprachschule-aktiv.ch\/deutsch-lernen-in-der-schweiz\/sich-als-internationaler-student-in-der-schweiz-anmelden\/\"]}]},{\"@type\":\"ImageObject\",\"inLanguage\":\"de\",\"@id\":\"https:\/\/www.sprachschule-aktiv.ch\/deutsch-lernen-in-der-schweiz\/sich-als-internationaler-student-in-der-schweiz-anmelden\/#primaryimage\",\"url\":\"https:\/\/www.sprachschule-aktiv.ch\/deutsch-lernen-in-der-schweiz\/wp-content\/uploads\/2022\/02\/sich-als-internationaler-student-in-der-schweiz-anmelden.jpg\",\"contentUrl\":\"https:\/\/www.sprachschule-aktiv.ch\/deutsch-lernen-in-der-schweiz\/wp-content\/uploads\/2022\/02\/sich-als-internationaler-student-in-der-schweiz-anmelden.jpg\",\"width\":344,\"height\":230,\"caption\":\"Sich als internationaler Student in der Schweiz anmelden\"},{\"@type\":\"BreadcrumbList\",\"@id\":\"https:\/\/www.sprachschule-aktiv.ch\/deutsch-lernen-in-der-schweiz\/sich-als-internationaler-student-in-der-schweiz-anmelden\/#breadcrumb\",\"itemListElement\":[{\"@type\":\"ListItem\",\"position\":1,\"name\":\"Startseite\",\"item\":\"https:\/\/www.sprachschule-aktiv.ch\/deutsch-lernen-in-der-schweiz\/\"},{\"@type\":\"ListItem\",\"position\":2,\"name\":\"Sich als internationaler Student in der Schweiz anmelden\"}]},{\"@type\":\"WebSite\",\"@id\":\"https:\/\/www.sprachschule-aktiv.ch\/deutsch-lernen-in-der-schweiz\/#website\",\"url\":\"https:\/\/www.sprachschule-aktiv.ch\/deutsch-lernen-in-der-schweiz\/\",\"name\":\"Deutsch lernen in der schweiz\",\"description\":\"\",\"potentialAction\":[{\"@type\":\"SearchAction\",\"target\":{\"@type\":\"EntryPoint\",\"urlTemplate\":\"https:\/\/www.sprachschule-aktiv.ch\/deutsch-lernen-in-der-schweiz\/?s={search_term_string}\"},\"query-input\":{\"@type\":\"PropertyValueSpecification\",\"valueRequired\":true,\"valueName\":\"search_term_string\"}}],\"inLanguage\":\"de\"}]}<\/script>\n<!-- \/ Yoast SEO plugin. -->","yoast_head_json":{"title":"Sich als ausl\u00e4ndischer Student in der Schweiz anmelden","description":"Welche Fristen m\u00fcssen beachtet werden, welche Dokumente werden ben\u00f6tigt, wie viel kostet die Registrierung in der Schweiz.","robots":{"index":"index","follow":"follow","max-snippet":"max-snippet:-1","max-image-preview":"max-image-preview:large","max-video-preview":"max-video-preview:-1"},"canonical":"https:\/\/www.sprachschule-aktiv.ch\/deutsch-lernen-in-der-schweiz\/sich-als-internationaler-student-in-der-schweiz-anmelden\/","og_locale":"de_DE","og_type":"article","og_title":"Sich als ausl\u00e4ndischer Student in der Schweiz anmelden","og_description":"Welche Fristen m\u00fcssen beachtet werden, welche Dokumente werden ben\u00f6tigt, wie viel kostet die Registrierung in der Schweiz.","og_url":"https:\/\/www.sprachschule-aktiv.ch\/deutsch-lernen-in-der-schweiz\/sich-als-internationaler-student-in-der-schweiz-anmelden\/","og_site_name":"Deutsch lernen in der schweiz","og_image":[{"url":"https:\/\/www.sprachschule-aktiv.ch\/deutsch-lernen-in-der-schweiz\/wp-content\/uploads\/2022\/02\/sich-als-internationaler-student-in-der-schweiz-anmelden-300x201.jpg","type":"","width":"","height":""}],"twitter_card":"summary_large_image","twitter_misc":{"Gesch\u00e4tzte Lesezeit":"1\u00a0Minute"},"schema":{"@context":"https:\/\/schema.org","@graph":[{"@type":"WebPage","@id":"https:\/\/www.sprachschule-aktiv.ch\/deutsch-lernen-in-der-schweiz\/sich-als-internationaler-student-in-der-schweiz-anmelden\/","url":"https:\/\/www.sprachschule-aktiv.ch\/deutsch-lernen-in-der-schweiz\/sich-als-internationaler-student-in-der-schweiz-anmelden\/","name":"Sich als ausl\u00e4ndischer Student in der Schweiz anmelden","isPartOf":{"@id":"https:\/\/www.sprachschule-aktiv.ch\/deutsch-lernen-in-der-schweiz\/#website"},"primaryImageOfPage":{"@id":"https:\/\/www.sprachschule-aktiv.ch\/deutsch-lernen-in-der-schweiz\/sich-als-internationaler-student-in-der-schweiz-anmelden\/#primaryimage"},"image":{"@id":"https:\/\/www.sprachschule-aktiv.ch\/deutsch-lernen-in-der-schweiz\/sich-als-internationaler-student-in-der-schweiz-anmelden\/#primaryimage"},"thumbnailUrl":"https:\/\/www.sprachschule-aktiv.ch\/deutsch-lernen-in-der-schweiz\/wp-content\/uploads\/2022\/02\/sich-als-internationaler-student-in-der-schweiz-anmelden-300x201.jpg","datePublished":"2022-02-12T06:22:17+00:00","description":"Welche Fristen m\u00fcssen beachtet werden, welche Dokumente werden ben\u00f6tigt, wie viel kostet die Registrierung in der Schweiz.","breadcrumb":{"@id":"https:\/\/www.sprachschule-aktiv.ch\/deutsch-lernen-in-der-schweiz\/sich-als-internationaler-student-in-der-schweiz-anmelden\/#breadcrumb"},"inLanguage":"de","potentialAction":[{"@type":"ReadAction","target":["https:\/\/www.sprachschule-aktiv.ch\/deutsch-lernen-in-der-schweiz\/sich-als-internationaler-student-in-der-schweiz-anmelden\/"]}]},{"@type":"ImageObject","inLanguage":"de","@id":"https:\/\/www.sprachschule-aktiv.ch\/deutsch-lernen-in-der-schweiz\/sich-als-internationaler-student-in-der-schweiz-anmelden\/#primaryimage","url":"https:\/\/www.sprachschule-aktiv.ch\/deutsch-lernen-in-der-schweiz\/wp-content\/uploads\/2022\/02\/sich-als-internationaler-student-in-der-schweiz-anmelden.jpg","contentUrl":"https:\/\/www.sprachschule-aktiv.ch\/deutsch-lernen-in-der-schweiz\/wp-content\/uploads\/2022\/02\/sich-als-internationaler-student-in-der-schweiz-anmelden.jpg","width":344,"height":230,"caption":"Sich als internationaler Student in der Schweiz anmelden"},{"@type":"BreadcrumbList","@id":"https:\/\/www.sprachschule-aktiv.ch\/deutsch-lernen-in-der-schweiz\/sich-als-internationaler-student-in-der-schweiz-anmelden\/#breadcrumb","itemListElement":[{"@type":"ListItem","position":1,"name":"Startseite","item":"https:\/\/www.sprachschule-aktiv.ch\/deutsch-lernen-in-der-schweiz\/"},{"@type":"ListItem","position":2,"name":"Sich als internationaler Student in der Schweiz anmelden"}]},{"@type":"WebSite","@id":"https:\/\/www.sprachschule-aktiv.ch\/deutsch-lernen-in-der-schweiz\/#website","url":"https:\/\/www.sprachschule-aktiv.ch\/deutsch-lernen-in-der-schweiz\/","name":"Deutsch lernen in der schweiz","description":"","potentialAction":[{"@type":"SearchAction","target":{"@type":"EntryPoint","urlTemplate":"https:\/\/www.sprachschule-aktiv.ch\/deutsch-lernen-in-der-schweiz\/?s={search_term_string}"},"query-input":{"@type":"PropertyValueSpecification","valueRequired":true,"valueName":"search_term_string"}}],"inLanguage":"de"}]}},"_links":{"self":[{"href":"https:\/\/www.sprachschule-aktiv.ch\/deutsch-lernen-in-der-schweiz\/wp-json\/wp\/v2\/pages\/173","targetHints":{"allow":["GET"]}}],"collection":[{"href":"https:\/\/www.sprachschule-aktiv.ch\/deutsch-lernen-in-der-schweiz\/wp-json\/wp\/v2\/pages"}],"about":[{"href":"https:\/\/www.sprachschule-aktiv.ch\/deutsch-lernen-in-der-schweiz\/wp-json\/wp\/v2\/types\/page"}],"author":[{"embeddable":true,"href":"https:\/\/www.sprachschule-aktiv.ch\/deutsch-lernen-in-der-schweiz\/wp-json\/wp\/v2\/users\/2"}],"replies":[{"embeddable":true,"href":"https:\/\/www.sprachschule-aktiv.ch\/deutsch-lernen-in-der-schweiz\/wp-json\/wp\/v2\/comments?post=173"}],"version-history":[{"count":1,"href":"https:\/\/www.sprachschule-aktiv.ch\/deutsch-lernen-in-der-schweiz\/wp-json\/wp\/v2\/pages\/173\/revisions"}],"predecessor-version":[{"id":175,"href":"https:\/\/www.sprachschule-aktiv.ch\/deutsch-lernen-in-der-schweiz\/wp-json\/wp\/v2\/pages\/173\/revisions\/175"}],"wp:attachment":[{"href":"https:\/\/www.sprachschule-aktiv.ch\/deutsch-lernen-in-der-schweiz\/wp-json\/wp\/v2\/media?parent=173"}],"curies":[{"name":"wp","href":"https:\/\/api.w.org\/{rel}","templated":true}]}}