{"id":167,"date":"2022-02-12T07:11:20","date_gmt":"2022-02-12T06:11:20","guid":{"rendered":"https:\/\/www.sprachschule-aktiv.ch\/deutsch-lernen-in-der-schweiz\/?page_id=167"},"modified":"2022-02-12T07:17:02","modified_gmt":"2022-02-12T06:17:02","slug":"deutschpruefungen-in-der-schweiz-von-a1-bis-c2","status":"publish","type":"page","link":"https:\/\/www.sprachschule-aktiv.ch\/deutsch-lernen-in-der-schweiz\/deutschpruefungen-in-der-schweiz-von-a1-bis-c2\/","title":{"rendered":"Deutschpr\u00fcfungen in der Schweiz &#8211; von A1 bis C2"},"content":{"rendered":"<p>Um als Nicht-Deutsch-Muttersprachler in einem deutschsprachigen Kanton arbeiten oder studieren zu k\u00f6nnen, muss oft ein Nachweis \u00fcber das Niveau der Deutschkenntnisse erbracht werden. Damit Sie diese nachweisen k\u00f6nnen, stehen Ihnen eine Vielzahl von Tests zur Verf\u00fcgung, die von diversen Anbietern durchgef\u00fchrt werden. Nachfolgend finden Sie einen kurzen \u00dcberblick \u00fcber die verschiedenen Deutschpr\u00fcfungen in der Schweiz.<\/p>\n<h2>telc \u2013 Pr\u00fcfungen Deutsch f\u00fcr alle Niveaustufen<\/h2>\n<p>telc Pr\u00fcfungen f\u00fcr A1, A2, B1, B2, C1, C2<\/p>\n<h2>Sprachpr\u00fcfungen f\u00fcr die Niveaustufe A:<\/h2>\n<p>Die Niveaustufe A wird in die Niveaus A1 und A2 unterteilt. F\u00fcr jedes dieser Sprachniveaus gibt es bei telc eine separate Pr\u00fcfung, die zus\u00e4tzlich noch einmal in einen Test f\u00fcr Erwachsene und einen f\u00fcr Kinder aufgeteilt ist.<\/p>\n<p>Auf dem Sprachniveau A1 k\u00f6nnen Erwachsene die Pr\u00fcfung <a href=\"https:\/\/www.telc.net\/pruefungsteilnehmende\/sprachpruefungen\/pruefungen\/detail\/telc-deutsch-a1.html\" target=\"_blank\" rel=\"noopener\">Start Deutsch 1*\/ telc Deutsch A1<\/a> ablegen. Um diesen Test gut zu meistern, sollten Sie bereits zwischen 100 und 150 Unterrichtsstunden Deutsch gelernt haben. Kinder im Alter von etwa 12 Jahren haben die M\u00f6glichkeit beim <a href=\"https:\/\/www.telc.net\/pruefungsteilnehmende\/sprachpruefungen\/pruefungen\/detail\/telc-deutsch-a1-junior.html\" target=\"_blank\" rel=\"noopener\">telc Deutsch A1 Junior<\/a>-Test ihre Deutschkenntnisse unter Beweis zu stellen. Sie sollten daf\u00fcr circa 2 Jahre lang Unterricht mit jeweils 2 Wochenstunden erhalten haben.<\/p>\n<p>Der Test <a href=\"https:\/\/www.telc.net\/pruefungsteilnehmende\/sprachpruefungen\/pruefungen\/detail\/telc-deutsch-a2.html\" target=\"_blank\" rel=\"noopener\">Start Deutsch 2* \/ telc Deutsch A2<\/a> eignet sich f\u00fcr erwachsene Lerner, die Deutschunterricht im Umfang von 250 bis 300 Unterrichtsstunden erhalten haben. Sch\u00fcler zwischen 12 und 16 Jahren k\u00f6nnen an der Pr\u00fcfung <a href=\"https:\/\/www.telc.net\/pruefungsteilnehmende\/sprachpruefungen\/pruefungen\/detail\/telc-deutsch-a2-schule.html\" target=\"_blank\" rel=\"noopener\">telc Deutsch A2 Schule<\/a> teilnehmen, wenn sie in etwa 300 bis 400 Deutschstunden absolviert haben. F\u00fcr Berufst\u00e4tige gibt es auch die Option, die Pr\u00fcfung <a href=\"https:\/\/www.telc.net\/pruefungsteilnehmende\/sprachpruefungen\/pruefungen\/detail\/telc-deutsch-a2-beruf.html\" target=\"_blank\" rel=\"noopener\">telc Deutsch A2+ Beruf<\/a> abzulegen.<\/p>\n<img loading=\"lazy\" decoding=\"async\" class=\"alignnone size-medium wp-image-170\" src=\"https:\/\/www.sprachschule-aktiv.ch\/deutsch-lernen-in-der-schweiz\/wp-content\/uploads\/2022\/02\/deutschpruefungen-in-der-schweiz-von-a1-bis-c2-300x201.jpg\" alt=\"Deutschpr\u00fcfungen in der Schweiz - von A1 bis C2\" width=\"300\" height=\"201\" srcset=\"https:\/\/www.sprachschule-aktiv.ch\/deutsch-lernen-in-der-schweiz\/wp-content\/uploads\/2022\/02\/deutschpruefungen-in-der-schweiz-von-a1-bis-c2-300x201.jpg 300w, https:\/\/www.sprachschule-aktiv.ch\/deutsch-lernen-in-der-schweiz\/wp-content\/uploads\/2022\/02\/deutschpruefungen-in-der-schweiz-von-a1-bis-c2.jpg 344w\" sizes=\"auto, (max-width: 300px) 100vw, 300px\" \/>\n<h2>Tests auf der Niveaustufe B:<\/h2>\n<p>Das Sprachniveau B bietet eine Vielzahl an Pr\u00fcfungen. Die Aufteilung der Sprachpr\u00fcfung in einen Test f\u00fcr Kinder und einen f\u00fcr Erwachsene findet nur noch auf der Niveaustufe B1 statt. Das Level B2 hingegen ist in einzelne Pr\u00fcfungen f\u00fcr verschiedene Berufe aufgeteilt.<\/p>\n<p>\u00c4hnlich wie auf dem Niveau A2 erfolgt auch auf B1 die Aufteilung des telc-Tests in eine Pr\u00fcfung f\u00fcr Sch\u00fcler und eine f\u00fcr Erwachsene. Jugendliche k\u00f6nnen Ihre Sprachkenntnisse mit dem <a href=\"https:\/\/www.telc.net\/pruefungsteilnehmende\/sprachpruefungen\/pruefungen\/detail\/telc-deutsch-b1-schule.html\">Zertifikat Deutsch f\u00fcr Jugendliche* \/ telc Deutsch B1 Schule<\/a> nachweisen. F\u00fcr Erwachsene steht das <a href=\"https:\/\/www.telc.net\/pruefungsteilnehmende\/sprachpruefungen\/pruefungen\/detail\/zertifikat-deutsch-telc-deutsch-b1.html\">Zertifikat Deutsch \/ telc Deutsch B1<\/a> zur Verf\u00fcgung. Selbstverst\u00e4ndlich finden Berufst\u00e4tige auch auf dieser Niveaustufe eine passende Pr\u00fcfung: n\u00e4mlich den Test <a href=\"https:\/\/www.telc.net\/pruefungsteilnehmende\/sprachpruefungen\/pruefungen\/detail\/telc-deutsch-b1-beruf.html\">telc Deutsch B1+ Beruf<\/a>.<\/p>\n<p>Interessieren Sie sich f\u00fcr eine M\u00f6glichkeit, Ihre Sprachkenntnisse auf dem Niveau B2 nachzuweisen, bieten sich Ihnen folgende Optionen.<\/p>\n<p>Zum einen gibt es den Test <a href=\"https:\/\/www.telc.net\/pruefungsteilnehmende\/sprachpruefungen\/pruefungen\/detail\/telc-deutsch-b2.html\">telc Deutsch B2<\/a><em>.<\/em> Speziell an Berufst\u00e4tige richtet sich die Pr\u00fcfung <a href=\"https:\/\/www.telc.net\/pruefungsteilnehmende\/sprachpruefungen\/pruefungen\/detail\/telc-deutsch-b2-beruf.html\">telc Deutsch B2+ Beruf<\/a>. M\u00f6chten Sie in der Kranken- oder Altenpflege arbeiten, bietet sich der Test <a href=\"https:\/\/www.telc.net\/pruefungsteilnehmende\/sprachpruefungen\/pruefungen\/detail\/telc-deutsch-b1b2-pflege.html\">telc Deutsch B1-B2 Pflege<\/a> an ebenso wie f\u00fcr \u00c4rzte die <a href=\"https:\/\/www.telc.net\/pruefungsteilnehmende\/sprachpruefungen\/pruefungen\/detail\/telc-deutsch-b2-medizin-zugangspruefung.html\">telc Deutsch B2 Medizin Zugangspr\u00fcfung<\/a>.<\/p>\n<a href=\"https:\/\/www.sprachschule-aktiv.ch\/deutsch-lernen-in-der-schweiz\/deutschkurse\/\"><img loading=\"lazy\" decoding=\"async\" class=\"alignnone wp-image-90 size-medium\" src=\"https:\/\/www.sprachschule-aktiv.ch\/deutsch-lernen-in-der-schweiz\/wp-content\/uploads\/2022\/01\/deutschkurse-in-der-schweiz-251x300.jpg\" alt=\"Unsere Deutschkurse in der Schweiz\" width=\"251\" height=\"300\" srcset=\"https:\/\/www.sprachschule-aktiv.ch\/deutsch-lernen-in-der-schweiz\/wp-content\/uploads\/2022\/01\/deutschkurse-in-der-schweiz-251x300.jpg 251w, https:\/\/www.sprachschule-aktiv.ch\/deutsch-lernen-in-der-schweiz\/wp-content\/uploads\/2022\/01\/deutschkurse-in-der-schweiz.jpg 300w\" sizes=\"auto, (max-width: 251px) 100vw, 251px\" \/><\/a>\n<h2>Sprachnachweise f\u00fcr die Niveaustufe C<\/h2>\n<p>Die Niveaustufe C bedeutet, dass Sie bereits muttersprachliche Deutschkenntnisse besitzen. M\u00f6chten Sie diese nachweisen, bieten sich folgende Tests an.<\/p>\n<p>Planen Sie eher Ihre allgemeinen sprachlichen Fertigkeiten unter Beweis zu stellen, eignet sich f\u00fcr Sie die Pr\u00fcfung <a href=\"https:\/\/www.telc.net\/pruefungsteilnehmende\/sprachpruefungen\/pruefungen\/detail\/telc-deutsch-c1.html\">telc Deutsch C1<\/a>. Ben\u00f6tigen Sie den Nachweis beruflich, sollten Sie den Test <a href=\"https:\/\/www.telc.net\/pruefungsteilnehmende\/sprachpruefungen\/pruefungen\/detail\/telc-deutsch-c1-beruf.html\">telc Deutsch C1 Beruf<\/a> ablegen. Wollen Sie als Arzt in der Schweiz arbeiten, haben Sie die M\u00f6glichkeit, an den Pr\u00fcfungen <a href=\"https:\/\/www.telc.net\/pruefungsteilnehmende\/sprachpruefungen\/pruefungen\/detail\/telc-deutsch-b2c1-medizin.html\">telc Deutsch B2-C1 Medizin<\/a> und <a href=\"https:\/\/www.telc.net\/pruefungsteilnehmende\/sprachpruefungen\/pruefungen\/detail\/telc-deutsch-b2c1-medizin-fachsprachpruefung.html\">telc Deutsch B2\u00b7C1 Medizin Fachsprachpr\u00fcfung<\/a> teilzunehmen.<\/p>\n<h2>Pr\u00fcfungen am Goethe-Institut f\u00fcr alle Sprachniveaus<\/h2>\n<p>Nicht nur bei der telc GmbH, sondern auch am Goethe-Institut k\u00f6nnen Sie die erforderlichen Sprachnachweise erwerben. Auch hier sind die Pr\u00fcfungen in die einzelnen Niveaustufen unterteilt.<\/p>\n<h2>Pr\u00fcfungen auf dem Sprachniveau A:<\/h2>\n<p>Auch am Goethe-Institut werden die Pr\u00fcfungen der Niveaustufe A in einen Test f\u00fcr Erwachsene und einen f\u00fcr Kinder aufgeteilt. Der Test kann direkt im Anschluss an einen A1 oder A2 Deutschkurs abgelegt werden.<\/p>\n<p>Erwachsene haben die M\u00f6glichkeit mit dem <a href=\"https:\/\/www.goethe.de\/de\/spr\/kup\/prf\/prf\/gzsd1.html\">Goethe-Zertifikat A1: Start Deutsch 1<\/a> ihre Sprachkenntnisse nachzuweisen. Kindern und Jugendlichen im Alter von 10 bis 16 Jahren steht das <a href=\"https:\/\/www.goethe.de\/de\/spr\/kup\/prf\/prf\/gzfit1.html\">Goethe-Zertifikat A1: Fit in Deutsch 1<\/a> zur Verf\u00fcgung.<\/p>\n<p>Ebenso sieht es auf dem Sprachniveau A2 aus. Hier erwartet Erwachsene die Pr\u00fcfung f\u00fcr das <a href=\"https:\/\/www.goethe.de\/de\/spr\/kup\/prf\/prf\/gzsd2.html\">Goethe-Zertifikat A2<\/a>. Das <a href=\"https:\/\/www.goethe.de\/de\/spr\/kup\/prf\/prf\/gzfit2.html\">Goethe-Zertifikat A2: Fit in Deutsch<\/a> richtet sich an Kinder und Jugendliche im Alter zwischen 12 und 16 Jahren.<\/p>\n<h2>Nachweise f\u00fcr das Sprachniveau B:<\/h2>\n<p>Ab der Niveaustufe B gibt es keine Trennung der Pr\u00fcfungen zwischen Kindern und Erwachsenen mehr. Beide Gruppen k\u00f6nnen auf dem Sprachniveau B1 den Test zum <a href=\"https:\/\/www.goethe.de\/de\/spr\/kup\/prf\/prf\/gzb1.html\">Goethe-Zertifikat B1<\/a> ablegen. M\u00f6chten Sie Ihre Sprachkenntnisse auf dem Niveau B2 nachweisen, k\u00f6nnen Sie dies beim <a href=\"https:\/\/www.goethe.de\/de\/spr\/kup\/prf\/prf\/gzb2.html\">Goethe-Zertifikat B2<\/a> tun.<\/p>\n<h2>Tests auf dem Sprachniveau C:<\/h2>\n<p>Die beiden Tests auf dem Sprachniveau C sind vor allem f\u00fcr Erwachsene geeignet. Ben\u00f6tigen Sie einen Nachweis Ihrer Deutschkenntnisse auf dem Niveau C1, eignet sich daf\u00fcr das <a href=\"https:\/\/www.goethe.de\/de\/spr\/kup\/prf\/prf\/gzc1.html\">Goethe-Zertifikat C1<\/a>. Den kr\u00f6nenden Abschluss bildet das <a href=\"https:\/\/www.goethe.de\/de\/spr\/kup\/prf\/prf\/gzc2.html\">Goethe-Zertifikat C2: Gro\u00dfes Deutsches Sprachdiplom (GDS)<\/a>, mit dem Sie Ihre muttersprachlichen Deutschkenntnisse unter Beweis stellen k\u00f6nnen.<\/p>\n<h2>Nachweise der Deutschkenntnisse f\u00fcr Universit\u00e4ten<\/h2>\n<p>Falls Sie an einer Hochschule oder Universit\u00e4t in der Schweiz studieren m\u00f6chten, empfiehlt es sich, vorher auf der Homepage des jeweiligen Instituts nachzusehen, welche Deutschkenntnisse erwartet werden. Denn je nach Kanton herrschen unterschiedliche Vorgaben, bei einigen Hochschulen gen\u00fcgt das Sprachniveau B2, andere erwarten Sprachfertigkeiten auf dem Niveau C1.<\/p>\n<a href=\"https:\/\/www.sprachschule-aktiv.ch\/deutsch-lernen-in-der-schweiz\/kontakt\/\"><img loading=\"lazy\" decoding=\"async\" class=\"alignnone wp-image-972 size-full\" title=\"Schnelle Anfrage - Deutschkurs Z\u00fcrich\" src=\"https:\/\/www.sprachschule-aktiv.ch\/wp-content\/uploads\/2017\/03\/boton-schnelle-anfrage.png\" alt=\"Schnelle Anfrage - Deutschkurs Z\u00fcrich\" width=\"220\" height=\"65\" \/><\/a>\n","protected":false},"excerpt":{"rendered":"<p>Um als Nicht-Deutsch-Muttersprachler in einem deutschsprachigen Kanton arbeiten oder studieren zu k\u00f6nnen, muss oft ein Nachweis \u00fcber das Niveau der Deutschkenntnisse erbracht werden. Damit Sie diese nachweisen k\u00f6nnen, stehen Ihnen eine Vielzahl von Tests zur Verf\u00fcgung, die von diversen Anbietern durchgef\u00fchrt werden. Nachfolgend finden Sie einen kurzen \u00dcberblick \u00fcber die verschiedenen Deutschpr\u00fcfungen in der Schweiz.&hellip; <a class=\"read-more\" href=\"https:\/\/www.sprachschule-aktiv.ch\/deutsch-lernen-in-der-schweiz\/deutschpruefungen-in-der-schweiz-von-a1-bis-c2\/\" title=\"Read Deutschpr\u00fcfungen in der Schweiz &#8211; von A1 bis C2\">Read more &raquo;<\/a><\/p>\n","protected":false},"author":2,"featured_media":0,"parent":0,"menu_order":0,"comment_status":"closed","ping_status":"closed","template":"","meta":{"footnotes":""},"class_list":["post-167","page","type-page","status-publish","hentry"],"yoast_head":"<!-- This site is optimized with the Yoast SEO plugin v27.1.1 - https:\/\/yoast.com\/product\/yoast-seo-wordpress\/ -->\n<title>Deutschpr\u00fcfungen in der Schweiz \u2013 Nachweis der Sprachkenntnisse<\/title>\n<meta name=\"description\" content=\"Welche Deutschpr\u00fcfungen gibt es in der Schweiz? Kurzer \u00dcberblick \u00fcber das Pr\u00fcfungsangebot wie telc von A1 bis C2...\" \/>\n<meta name=\"robots\" content=\"index, follow, max-snippet:-1, max-image-preview:large, max-video-preview:-1\" \/>\n<link rel=\"canonical\" href=\"https:\/\/www.sprachschule-aktiv.ch\/deutsch-lernen-in-der-schweiz\/deutschpruefungen-in-der-schweiz-von-a1-bis-c2\/\" \/>\n<meta property=\"og:locale\" content=\"de_DE\" \/>\n<meta property=\"og:type\" content=\"article\" \/>\n<meta property=\"og:title\" content=\"Deutschpr\u00fcfungen in der Schweiz \u2013 Nachweis der Sprachkenntnisse\" \/>\n<meta property=\"og:description\" content=\"Welche Deutschpr\u00fcfungen gibt es in der Schweiz? Kurzer \u00dcberblick \u00fcber das Pr\u00fcfungsangebot wie telc von A1 bis C2...\" \/>\n<meta property=\"og:url\" content=\"https:\/\/www.sprachschule-aktiv.ch\/deutsch-lernen-in-der-schweiz\/deutschpruefungen-in-der-schweiz-von-a1-bis-c2\/\" \/>\n<meta property=\"og:site_name\" content=\"Deutsch lernen in der schweiz\" \/>\n<meta property=\"article:modified_time\" content=\"2022-02-12T06:17:02+00:00\" \/>\n<meta property=\"og:image\" content=\"https:\/\/www.sprachschule-aktiv.ch\/deutsch-lernen-in-der-schweiz\/wp-content\/uploads\/2022\/02\/deutschpruefungen-in-der-schweiz-von-a1-bis-c2-300x201.jpg\" \/>\n<meta name=\"twitter:card\" content=\"summary_large_image\" \/>\n<meta name=\"twitter:label1\" content=\"Gesch\u00e4tzte Lesezeit\" \/>\n\t<meta name=\"twitter:data1\" content=\"4\u00a0Minuten\" \/>\n<script type=\"application\/ld+json\" class=\"yoast-schema-graph\">{\"@context\":\"https:\/\/schema.org\",\"@graph\":[{\"@type\":\"WebPage\",\"@id\":\"https:\/\/www.sprachschule-aktiv.ch\/deutsch-lernen-in-der-schweiz\/deutschpruefungen-in-der-schweiz-von-a1-bis-c2\/\",\"url\":\"https:\/\/www.sprachschule-aktiv.ch\/deutsch-lernen-in-der-schweiz\/deutschpruefungen-in-der-schweiz-von-a1-bis-c2\/\",\"name\":\"Deutschpr\u00fcfungen in der Schweiz \u2013 Nachweis der Sprachkenntnisse\",\"isPartOf\":{\"@id\":\"https:\/\/www.sprachschule-aktiv.ch\/deutsch-lernen-in-der-schweiz\/#website\"},\"primaryImageOfPage\":{\"@id\":\"https:\/\/www.sprachschule-aktiv.ch\/deutsch-lernen-in-der-schweiz\/deutschpruefungen-in-der-schweiz-von-a1-bis-c2\/#primaryimage\"},\"image\":{\"@id\":\"https:\/\/www.sprachschule-aktiv.ch\/deutsch-lernen-in-der-schweiz\/deutschpruefungen-in-der-schweiz-von-a1-bis-c2\/#primaryimage\"},\"thumbnailUrl\":\"https:\/\/www.sprachschule-aktiv.ch\/deutsch-lernen-in-der-schweiz\/wp-content\/uploads\/2022\/02\/deutschpruefungen-in-der-schweiz-von-a1-bis-c2-300x201.jpg\",\"datePublished\":\"2022-02-12T06:11:20+00:00\",\"dateModified\":\"2022-02-12T06:17:02+00:00\",\"description\":\"Welche Deutschpr\u00fcfungen gibt es in der Schweiz? Kurzer \u00dcberblick \u00fcber das Pr\u00fcfungsangebot wie telc von A1 bis C2...\",\"breadcrumb\":{\"@id\":\"https:\/\/www.sprachschule-aktiv.ch\/deutsch-lernen-in-der-schweiz\/deutschpruefungen-in-der-schweiz-von-a1-bis-c2\/#breadcrumb\"},\"inLanguage\":\"de\",\"potentialAction\":[{\"@type\":\"ReadAction\",\"target\":[\"https:\/\/www.sprachschule-aktiv.ch\/deutsch-lernen-in-der-schweiz\/deutschpruefungen-in-der-schweiz-von-a1-bis-c2\/\"]}]},{\"@type\":\"ImageObject\",\"inLanguage\":\"de\",\"@id\":\"https:\/\/www.sprachschule-aktiv.ch\/deutsch-lernen-in-der-schweiz\/deutschpruefungen-in-der-schweiz-von-a1-bis-c2\/#primaryimage\",\"url\":\"https:\/\/www.sprachschule-aktiv.ch\/deutsch-lernen-in-der-schweiz\/wp-content\/uploads\/2022\/02\/deutschpruefungen-in-der-schweiz-von-a1-bis-c2.jpg\",\"contentUrl\":\"https:\/\/www.sprachschule-aktiv.ch\/deutsch-lernen-in-der-schweiz\/wp-content\/uploads\/2022\/02\/deutschpruefungen-in-der-schweiz-von-a1-bis-c2.jpg\",\"width\":344,\"height\":230,\"caption\":\"Deutschpr\u00fcfungen in der Schweiz - von A1 bis C2\"},{\"@type\":\"BreadcrumbList\",\"@id\":\"https:\/\/www.sprachschule-aktiv.ch\/deutsch-lernen-in-der-schweiz\/deutschpruefungen-in-der-schweiz-von-a1-bis-c2\/#breadcrumb\",\"itemListElement\":[{\"@type\":\"ListItem\",\"position\":1,\"name\":\"Startseite\",\"item\":\"https:\/\/www.sprachschule-aktiv.ch\/deutsch-lernen-in-der-schweiz\/\"},{\"@type\":\"ListItem\",\"position\":2,\"name\":\"Deutschpr\u00fcfungen in der Schweiz &#8211; von A1 bis C2\"}]},{\"@type\":\"WebSite\",\"@id\":\"https:\/\/www.sprachschule-aktiv.ch\/deutsch-lernen-in-der-schweiz\/#website\",\"url\":\"https:\/\/www.sprachschule-aktiv.ch\/deutsch-lernen-in-der-schweiz\/\",\"name\":\"Deutsch lernen in der schweiz\",\"description\":\"\",\"potentialAction\":[{\"@type\":\"SearchAction\",\"target\":{\"@type\":\"EntryPoint\",\"urlTemplate\":\"https:\/\/www.sprachschule-aktiv.ch\/deutsch-lernen-in-der-schweiz\/?s={search_term_string}\"},\"query-input\":{\"@type\":\"PropertyValueSpecification\",\"valueRequired\":true,\"valueName\":\"search_term_string\"}}],\"inLanguage\":\"de\"}]}<\/script>\n<!-- \/ Yoast SEO plugin. -->","yoast_head_json":{"title":"Deutschpr\u00fcfungen in der Schweiz \u2013 Nachweis der Sprachkenntnisse","description":"Welche Deutschpr\u00fcfungen gibt es in der Schweiz? Kurzer \u00dcberblick \u00fcber das Pr\u00fcfungsangebot wie telc von A1 bis C2...","robots":{"index":"index","follow":"follow","max-snippet":"max-snippet:-1","max-image-preview":"max-image-preview:large","max-video-preview":"max-video-preview:-1"},"canonical":"https:\/\/www.sprachschule-aktiv.ch\/deutsch-lernen-in-der-schweiz\/deutschpruefungen-in-der-schweiz-von-a1-bis-c2\/","og_locale":"de_DE","og_type":"article","og_title":"Deutschpr\u00fcfungen in der Schweiz \u2013 Nachweis der Sprachkenntnisse","og_description":"Welche Deutschpr\u00fcfungen gibt es in der Schweiz? Kurzer \u00dcberblick \u00fcber das Pr\u00fcfungsangebot wie telc von A1 bis C2...","og_url":"https:\/\/www.sprachschule-aktiv.ch\/deutsch-lernen-in-der-schweiz\/deutschpruefungen-in-der-schweiz-von-a1-bis-c2\/","og_site_name":"Deutsch lernen in der schweiz","article_modified_time":"2022-02-12T06:17:02+00:00","og_image":[{"url":"https:\/\/www.sprachschule-aktiv.ch\/deutsch-lernen-in-der-schweiz\/wp-content\/uploads\/2022\/02\/deutschpruefungen-in-der-schweiz-von-a1-bis-c2-300x201.jpg","type":"","width":"","height":""}],"twitter_card":"summary_large_image","twitter_misc":{"Gesch\u00e4tzte Lesezeit":"4\u00a0Minuten"},"schema":{"@context":"https:\/\/schema.org","@graph":[{"@type":"WebPage","@id":"https:\/\/www.sprachschule-aktiv.ch\/deutsch-lernen-in-der-schweiz\/deutschpruefungen-in-der-schweiz-von-a1-bis-c2\/","url":"https:\/\/www.sprachschule-aktiv.ch\/deutsch-lernen-in-der-schweiz\/deutschpruefungen-in-der-schweiz-von-a1-bis-c2\/","name":"Deutschpr\u00fcfungen in der Schweiz \u2013 Nachweis der Sprachkenntnisse","isPartOf":{"@id":"https:\/\/www.sprachschule-aktiv.ch\/deutsch-lernen-in-der-schweiz\/#website"},"primaryImageOfPage":{"@id":"https:\/\/www.sprachschule-aktiv.ch\/deutsch-lernen-in-der-schweiz\/deutschpruefungen-in-der-schweiz-von-a1-bis-c2\/#primaryimage"},"image":{"@id":"https:\/\/www.sprachschule-aktiv.ch\/deutsch-lernen-in-der-schweiz\/deutschpruefungen-in-der-schweiz-von-a1-bis-c2\/#primaryimage"},"thumbnailUrl":"https:\/\/www.sprachschule-aktiv.ch\/deutsch-lernen-in-der-schweiz\/wp-content\/uploads\/2022\/02\/deutschpruefungen-in-der-schweiz-von-a1-bis-c2-300x201.jpg","datePublished":"2022-02-12T06:11:20+00:00","dateModified":"2022-02-12T06:17:02+00:00","description":"Welche Deutschpr\u00fcfungen gibt es in der Schweiz? Kurzer \u00dcberblick \u00fcber das Pr\u00fcfungsangebot wie telc von A1 bis C2...","breadcrumb":{"@id":"https:\/\/www.sprachschule-aktiv.ch\/deutsch-lernen-in-der-schweiz\/deutschpruefungen-in-der-schweiz-von-a1-bis-c2\/#breadcrumb"},"inLanguage":"de","potentialAction":[{"@type":"ReadAction","target":["https:\/\/www.sprachschule-aktiv.ch\/deutsch-lernen-in-der-schweiz\/deutschpruefungen-in-der-schweiz-von-a1-bis-c2\/"]}]},{"@type":"ImageObject","inLanguage":"de","@id":"https:\/\/www.sprachschule-aktiv.ch\/deutsch-lernen-in-der-schweiz\/deutschpruefungen-in-der-schweiz-von-a1-bis-c2\/#primaryimage","url":"https:\/\/www.sprachschule-aktiv.ch\/deutsch-lernen-in-der-schweiz\/wp-content\/uploads\/2022\/02\/deutschpruefungen-in-der-schweiz-von-a1-bis-c2.jpg","contentUrl":"https:\/\/www.sprachschule-aktiv.ch\/deutsch-lernen-in-der-schweiz\/wp-content\/uploads\/2022\/02\/deutschpruefungen-in-der-schweiz-von-a1-bis-c2.jpg","width":344,"height":230,"caption":"Deutschpr\u00fcfungen in der Schweiz - von A1 bis C2"},{"@type":"BreadcrumbList","@id":"https:\/\/www.sprachschule-aktiv.ch\/deutsch-lernen-in-der-schweiz\/deutschpruefungen-in-der-schweiz-von-a1-bis-c2\/#breadcrumb","itemListElement":[{"@type":"ListItem","position":1,"name":"Startseite","item":"https:\/\/www.sprachschule-aktiv.ch\/deutsch-lernen-in-der-schweiz\/"},{"@type":"ListItem","position":2,"name":"Deutschpr\u00fcfungen in der Schweiz &#8211; von A1 bis C2"}]},{"@type":"WebSite","@id":"https:\/\/www.sprachschule-aktiv.ch\/deutsch-lernen-in-der-schweiz\/#website","url":"https:\/\/www.sprachschule-aktiv.ch\/deutsch-lernen-in-der-schweiz\/","name":"Deutsch lernen in der schweiz","description":"","potentialAction":[{"@type":"SearchAction","target":{"@type":"EntryPoint","urlTemplate":"https:\/\/www.sprachschule-aktiv.ch\/deutsch-lernen-in-der-schweiz\/?s={search_term_string}"},"query-input":{"@type":"PropertyValueSpecification","valueRequired":true,"valueName":"search_term_string"}}],"inLanguage":"de"}]}},"_links":{"self":[{"href":"https:\/\/www.sprachschule-aktiv.ch\/deutsch-lernen-in-der-schweiz\/wp-json\/wp\/v2\/pages\/167","targetHints":{"allow":["GET"]}}],"collection":[{"href":"https:\/\/www.sprachschule-aktiv.ch\/deutsch-lernen-in-der-schweiz\/wp-json\/wp\/v2\/pages"}],"about":[{"href":"https:\/\/www.sprachschule-aktiv.ch\/deutsch-lernen-in-der-schweiz\/wp-json\/wp\/v2\/types\/page"}],"author":[{"embeddable":true,"href":"https:\/\/www.sprachschule-aktiv.ch\/deutsch-lernen-in-der-schweiz\/wp-json\/wp\/v2\/users\/2"}],"replies":[{"embeddable":true,"href":"https:\/\/www.sprachschule-aktiv.ch\/deutsch-lernen-in-der-schweiz\/wp-json\/wp\/v2\/comments?post=167"}],"version-history":[{"count":3,"href":"https:\/\/www.sprachschule-aktiv.ch\/deutsch-lernen-in-der-schweiz\/wp-json\/wp\/v2\/pages\/167\/revisions"}],"predecessor-version":[{"id":171,"href":"https:\/\/www.sprachschule-aktiv.ch\/deutsch-lernen-in-der-schweiz\/wp-json\/wp\/v2\/pages\/167\/revisions\/171"}],"wp:attachment":[{"href":"https:\/\/www.sprachschule-aktiv.ch\/deutsch-lernen-in-der-schweiz\/wp-json\/wp\/v2\/media?parent=167"}],"curies":[{"name":"wp","href":"https:\/\/api.w.org\/{rel}","templated":true}]}}