{"id":163,"date":"2022-02-12T06:26:54","date_gmt":"2022-02-12T05:26:54","guid":{"rendered":"https:\/\/www.sprachschule-aktiv.ch\/deutsch-lernen-in-der-schweiz\/?page_id=163"},"modified":"2022-02-12T06:26:54","modified_gmt":"2022-02-12T05:26:54","slug":"als-auslaendischer-student-eine-wohnung-in-der-schweiz-suchen","status":"publish","type":"page","link":"https:\/\/www.sprachschule-aktiv.ch\/deutsch-lernen-in-der-schweiz\/als-auslaendischer-student-eine-wohnung-in-der-schweiz-suchen\/","title":{"rendered":"Als ausl\u00e4ndischer Student eine Wohnung in der Schweiz suchen"},"content":{"rendered":"<p>Wie in allen gr\u00f6\u00dferen St\u00e4dten ist es auch in der Schweiz nicht einfach in einem Ballungsgebiet eine Wohnung zu finden, deren Miete erschwinglich ist.<\/p>\n<p>Auf diversen Internetportalen k\u00f6nnen Sie sich einen guten \u00dcberblick \u00fcber die angebotenen Wohnungen verschaffen. Auch auf den universit\u00e4tseigenen Foren zu schauen oder im Bekanntenkreis nachzufragen, f\u00fchrt oft zum Erfolg, wenn Sie eine Wohnung suchen. Zudem kann eine Suchanzeige auf den verschiedenen sozialen Medien hilfreich sein.<\/p>\n<img loading=\"lazy\" decoding=\"async\" class=\"alignnone wp-image-164 size-medium\" src=\"https:\/\/www.sprachschule-aktiv.ch\/deutsch-lernen-in-der-schweiz\/wp-content\/uploads\/2022\/02\/als-auslaendischer-student-eine-wohnung-in-der-schweiz-suchen-300x199.jpg\" alt=\"Als ausl\u00e4ndischer Student eine Wohnung in der Schweiz suchen\" width=\"300\" height=\"199\" srcset=\"https:\/\/www.sprachschule-aktiv.ch\/deutsch-lernen-in-der-schweiz\/wp-content\/uploads\/2022\/02\/als-auslaendischer-student-eine-wohnung-in-der-schweiz-suchen-300x199.jpg 300w, https:\/\/www.sprachschule-aktiv.ch\/deutsch-lernen-in-der-schweiz\/wp-content\/uploads\/2022\/02\/als-auslaendischer-student-eine-wohnung-in-der-schweiz-suchen.jpg 723w\" sizes=\"auto, (max-width: 300px) 100vw, 300px\" \/>\n<h2>Was bedeutet Kalt- oder Warmmiete?<\/h2>\n<p>Wenn Sie eine Wohnung in der Schweiz suchen, m\u00fcssen Sie beim Mietpreis genau lesen, was im Angebot steht. Es wird n\u00e4mlich zwischen Kalt- und Warmmiete unterschieden. So kann sich ein vermeintlich g\u00fcnstiger Preis schnell als zu teuer erweisen, wenn nur der Mietbetrag ohne Nebenkosten angegeben wurde. Und ein h\u00f6herer Preis stellt sich als doch g\u00fcnstiger heraus, weil in ihm bereits die Nebenkosten enthalten sind. Doch was sind eigentlich Nebenkosten? Diese setzten sich aus all den Abgaben zusammen, die zus\u00e4tzlich zum reinen Wohnraum dazu bezahlt werden m\u00fcssen. <strong>Nebenkosten sind zum Beispiel:<\/strong><\/p>\n<ul>\n<li>Heizungs- und Warmwasserkosten<\/li>\n<li>Kosten f\u00fcr den Kaltwasserbezug<\/li>\n<li>Kosten f\u00fcr den Allgemeinstrom<\/li>\n<li>Abwassergeb\u00fchren<\/li>\n<li>Abfallbeseitigungsgeb\u00fchren<\/li>\n<li>Hauswartungskosten<\/li>\n<li>Kosten f\u00fcr die Gartenpflege<\/li>\n<li>Kabel-TV-Geb\u00fchren<\/li>\n<\/ul>\n<a href=\"https:\/\/www.sprachschule-aktiv.ch\/deutsch-lernen-in-der-schweiz\/deutschkurse\/\"><img loading=\"lazy\" decoding=\"async\" class=\"alignnone wp-image-90 size-medium\" src=\"https:\/\/www.sprachschule-aktiv.ch\/deutsch-lernen-in-der-schweiz\/wp-content\/uploads\/2022\/01\/deutschkurse-in-der-schweiz-251x300.jpg\" alt=\"Unsere Deutschkurse in der Schweiz\" width=\"251\" height=\"300\" srcset=\"https:\/\/www.sprachschule-aktiv.ch\/deutsch-lernen-in-der-schweiz\/wp-content\/uploads\/2022\/01\/deutschkurse-in-der-schweiz-251x300.jpg 251w, https:\/\/www.sprachschule-aktiv.ch\/deutsch-lernen-in-der-schweiz\/wp-content\/uploads\/2022\/01\/deutschkurse-in-der-schweiz.jpg 300w\" sizes=\"auto, (max-width: 251px) 100vw, 251px\" \/><\/a>\n<h2>Worauf sollten Sie beim Mietvertrag in der Schweiz achten?<\/h2>\n<p>Lesen Sie sich den Mietvertrag genau durch, bevor Sie ihn unterschreiben. In ihm sind wichtige Details wie die Vertragsdauer, die K\u00fcndigungsfrist und auch der eventuelle Gebrauch von Nebenr\u00e4umen wie Keller oder Garagen aufgelistet. Im Vertrag steht auch, ob Sie Pflichten innerhalb der Hausgemeinschaft haben. Ebenso sind darin alle M\u00f6bel aufgef\u00fchrt, die sich zu Ihrer Nutzung in der Wohnung befinden.<\/p>\n<p>Bei der Wohnungs\u00fcbernahme sollten Sie sich die R\u00e4ume gut ansehen und eventuelle M\u00e4ngel in einem sogenannten \u00dcbernahmeprotokoll festhalten. So k\u00f6nnen bereits bei der \u00dcbernahme vorhandene Sch\u00e4den wie Risse in der Wand oder ein schadhaftes Parkett Ihnen sp\u00e4ter nicht angelastet werden. Das bedeutet, dass Sie nach dem Auszug nicht f\u00fcr deren Reparatur bezahlen m\u00fcssen.<\/p>\n<p><strong>Sollten Sie die Wohnung k\u00fcndigen wollen, m\u00fcssen Sie dies schriftlich tun und die K\u00fcndigungsfrist beachten.<\/strong><\/p>\n<h2>Noch ein Extra, das Sie beachten sollten<\/h2>\n<p>Neben der Kaltmiete und den oben erw\u00e4hnten Nebenkosten gibt es ein weiteres Extra, auf das Sie achten sollten. In der Schweiz sind f\u00fcr jeden Haushalt automatisch Rundfunkgeb\u00fchren f\u00e4llig und zwar unabh\u00e4ngig davon, ob Sie einen Fernseher oder ein Radio besitzen. Die H\u00f6he dieser Geb\u00fchr betr\u00e4gt 335 CHF pro Jahr. Man hat allerdings die M\u00f6glichkeit, sich f\u00fcr 5 Jahre davon befreien zu lassen.<\/p>\n<a href=\"https:\/\/www.sprachschule-aktiv.ch\/deutsch-lernen-in-der-schweiz\/kontakt\/\"><img loading=\"lazy\" decoding=\"async\" class=\"alignnone wp-image-972 size-full\" title=\"Schnelle Anfrage - Deutschkurs Z\u00fcrich\" src=\"https:\/\/www.sprachschule-aktiv.ch\/wp-content\/uploads\/2017\/03\/boton-schnelle-anfrage.png\" alt=\"Schnelle Anfrage - Deutschkurs Z\u00fcrich\" width=\"220\" height=\"65\" \/><\/a>\n","protected":false},"excerpt":{"rendered":"<p>Wie in allen gr\u00f6\u00dferen St\u00e4dten ist es auch in der Schweiz nicht einfach in einem Ballungsgebiet eine Wohnung zu finden, deren Miete erschwinglich ist. Auf diversen Internetportalen k\u00f6nnen Sie sich einen guten \u00dcberblick \u00fcber die angebotenen Wohnungen verschaffen. Auch auf den universit\u00e4tseigenen Foren zu schauen oder im Bekanntenkreis nachzufragen, f\u00fchrt oft zum Erfolg, wenn Sie&hellip; <a class=\"read-more\" href=\"https:\/\/www.sprachschule-aktiv.ch\/deutsch-lernen-in-der-schweiz\/als-auslaendischer-student-eine-wohnung-in-der-schweiz-suchen\/\" title=\"Read Als ausl\u00e4ndischer Student eine Wohnung in der Schweiz suchen\">Read more &raquo;<\/a><\/p>\n","protected":false},"author":2,"featured_media":0,"parent":0,"menu_order":0,"comment_status":"closed","ping_status":"closed","template":"","meta":{"footnotes":""},"class_list":["post-163","page","type-page","status-publish","hentry"],"yoast_head":"<!-- This site is optimized with the Yoast SEO plugin v27.1.1 - https:\/\/yoast.com\/product\/yoast-seo-wordpress\/ -->\n<title>Als ausl\u00e4ndischer Student eine Wohnung in der Schweiz suchen<\/title>\n<meta name=\"description\" content=\"Tipps und Informationen zum Thema Wohnungssuche in der Schweiz. Worauf ausl\u00e4ndische Studenten achten sollten.\" \/>\n<meta name=\"robots\" content=\"index, follow, max-snippet:-1, max-image-preview:large, max-video-preview:-1\" \/>\n<link rel=\"canonical\" href=\"https:\/\/www.sprachschule-aktiv.ch\/deutsch-lernen-in-der-schweiz\/als-auslaendischer-student-eine-wohnung-in-der-schweiz-suchen\/\" \/>\n<meta property=\"og:locale\" content=\"de_DE\" \/>\n<meta property=\"og:type\" content=\"article\" \/>\n<meta property=\"og:title\" content=\"Als ausl\u00e4ndischer Student eine Wohnung in der Schweiz suchen\" \/>\n<meta property=\"og:description\" content=\"Tipps und Informationen zum Thema Wohnungssuche in der Schweiz. Worauf ausl\u00e4ndische Studenten achten sollten.\" \/>\n<meta property=\"og:url\" content=\"https:\/\/www.sprachschule-aktiv.ch\/deutsch-lernen-in-der-schweiz\/als-auslaendischer-student-eine-wohnung-in-der-schweiz-suchen\/\" \/>\n<meta property=\"og:site_name\" content=\"Deutsch lernen in der schweiz\" \/>\n<meta property=\"og:image\" content=\"https:\/\/www.sprachschule-aktiv.ch\/deutsch-lernen-in-der-schweiz\/wp-content\/uploads\/2022\/02\/als-auslaendischer-student-eine-wohnung-in-der-schweiz-suchen-300x199.jpg\" \/>\n<meta name=\"twitter:card\" content=\"summary_large_image\" \/>\n<meta name=\"twitter:label1\" content=\"Gesch\u00e4tzte Lesezeit\" \/>\n\t<meta name=\"twitter:data1\" content=\"2\u00a0Minuten\" \/>\n<script type=\"application\/ld+json\" class=\"yoast-schema-graph\">{\"@context\":\"https:\/\/schema.org\",\"@graph\":[{\"@type\":\"WebPage\",\"@id\":\"https:\/\/www.sprachschule-aktiv.ch\/deutsch-lernen-in-der-schweiz\/als-auslaendischer-student-eine-wohnung-in-der-schweiz-suchen\/\",\"url\":\"https:\/\/www.sprachschule-aktiv.ch\/deutsch-lernen-in-der-schweiz\/als-auslaendischer-student-eine-wohnung-in-der-schweiz-suchen\/\",\"name\":\"Als ausl\u00e4ndischer Student eine Wohnung in der Schweiz suchen\",\"isPartOf\":{\"@id\":\"https:\/\/www.sprachschule-aktiv.ch\/deutsch-lernen-in-der-schweiz\/#website\"},\"primaryImageOfPage\":{\"@id\":\"https:\/\/www.sprachschule-aktiv.ch\/deutsch-lernen-in-der-schweiz\/als-auslaendischer-student-eine-wohnung-in-der-schweiz-suchen\/#primaryimage\"},\"image\":{\"@id\":\"https:\/\/www.sprachschule-aktiv.ch\/deutsch-lernen-in-der-schweiz\/als-auslaendischer-student-eine-wohnung-in-der-schweiz-suchen\/#primaryimage\"},\"thumbnailUrl\":\"https:\/\/www.sprachschule-aktiv.ch\/deutsch-lernen-in-der-schweiz\/wp-content\/uploads\/2022\/02\/als-auslaendischer-student-eine-wohnung-in-der-schweiz-suchen-300x199.jpg\",\"datePublished\":\"2022-02-12T05:26:54+00:00\",\"description\":\"Tipps und Informationen zum Thema Wohnungssuche in der Schweiz. Worauf ausl\u00e4ndische Studenten achten sollten.\",\"breadcrumb\":{\"@id\":\"https:\/\/www.sprachschule-aktiv.ch\/deutsch-lernen-in-der-schweiz\/als-auslaendischer-student-eine-wohnung-in-der-schweiz-suchen\/#breadcrumb\"},\"inLanguage\":\"de\",\"potentialAction\":[{\"@type\":\"ReadAction\",\"target\":[\"https:\/\/www.sprachschule-aktiv.ch\/deutsch-lernen-in-der-schweiz\/als-auslaendischer-student-eine-wohnung-in-der-schweiz-suchen\/\"]}]},{\"@type\":\"ImageObject\",\"inLanguage\":\"de\",\"@id\":\"https:\/\/www.sprachschule-aktiv.ch\/deutsch-lernen-in-der-schweiz\/als-auslaendischer-student-eine-wohnung-in-der-schweiz-suchen\/#primaryimage\",\"url\":\"https:\/\/www.sprachschule-aktiv.ch\/deutsch-lernen-in-der-schweiz\/wp-content\/uploads\/2022\/02\/als-auslaendischer-student-eine-wohnung-in-der-schweiz-suchen.jpg\",\"contentUrl\":\"https:\/\/www.sprachschule-aktiv.ch\/deutsch-lernen-in-der-schweiz\/wp-content\/uploads\/2022\/02\/als-auslaendischer-student-eine-wohnung-in-der-schweiz-suchen.jpg\",\"width\":723,\"height\":479,\"caption\":\"Als ausl\u00e4ndischer Student eine Wohnung in der Schweiz suchen\"},{\"@type\":\"BreadcrumbList\",\"@id\":\"https:\/\/www.sprachschule-aktiv.ch\/deutsch-lernen-in-der-schweiz\/als-auslaendischer-student-eine-wohnung-in-der-schweiz-suchen\/#breadcrumb\",\"itemListElement\":[{\"@type\":\"ListItem\",\"position\":1,\"name\":\"Startseite\",\"item\":\"https:\/\/www.sprachschule-aktiv.ch\/deutsch-lernen-in-der-schweiz\/\"},{\"@type\":\"ListItem\",\"position\":2,\"name\":\"Als ausl\u00e4ndischer Student eine Wohnung in der Schweiz suchen\"}]},{\"@type\":\"WebSite\",\"@id\":\"https:\/\/www.sprachschule-aktiv.ch\/deutsch-lernen-in-der-schweiz\/#website\",\"url\":\"https:\/\/www.sprachschule-aktiv.ch\/deutsch-lernen-in-der-schweiz\/\",\"name\":\"Deutsch lernen in der schweiz\",\"description\":\"\",\"potentialAction\":[{\"@type\":\"SearchAction\",\"target\":{\"@type\":\"EntryPoint\",\"urlTemplate\":\"https:\/\/www.sprachschule-aktiv.ch\/deutsch-lernen-in-der-schweiz\/?s={search_term_string}\"},\"query-input\":{\"@type\":\"PropertyValueSpecification\",\"valueRequired\":true,\"valueName\":\"search_term_string\"}}],\"inLanguage\":\"de\"}]}<\/script>\n<!-- \/ Yoast SEO plugin. -->","yoast_head_json":{"title":"Als ausl\u00e4ndischer Student eine Wohnung in der Schweiz suchen","description":"Tipps und Informationen zum Thema Wohnungssuche in der Schweiz. Worauf ausl\u00e4ndische Studenten achten sollten.","robots":{"index":"index","follow":"follow","max-snippet":"max-snippet:-1","max-image-preview":"max-image-preview:large","max-video-preview":"max-video-preview:-1"},"canonical":"https:\/\/www.sprachschule-aktiv.ch\/deutsch-lernen-in-der-schweiz\/als-auslaendischer-student-eine-wohnung-in-der-schweiz-suchen\/","og_locale":"de_DE","og_type":"article","og_title":"Als ausl\u00e4ndischer Student eine Wohnung in der Schweiz suchen","og_description":"Tipps und Informationen zum Thema Wohnungssuche in der Schweiz. Worauf ausl\u00e4ndische Studenten achten sollten.","og_url":"https:\/\/www.sprachschule-aktiv.ch\/deutsch-lernen-in-der-schweiz\/als-auslaendischer-student-eine-wohnung-in-der-schweiz-suchen\/","og_site_name":"Deutsch lernen in der schweiz","og_image":[{"url":"https:\/\/www.sprachschule-aktiv.ch\/deutsch-lernen-in-der-schweiz\/wp-content\/uploads\/2022\/02\/als-auslaendischer-student-eine-wohnung-in-der-schweiz-suchen-300x199.jpg","type":"","width":"","height":""}],"twitter_card":"summary_large_image","twitter_misc":{"Gesch\u00e4tzte Lesezeit":"2\u00a0Minuten"},"schema":{"@context":"https:\/\/schema.org","@graph":[{"@type":"WebPage","@id":"https:\/\/www.sprachschule-aktiv.ch\/deutsch-lernen-in-der-schweiz\/als-auslaendischer-student-eine-wohnung-in-der-schweiz-suchen\/","url":"https:\/\/www.sprachschule-aktiv.ch\/deutsch-lernen-in-der-schweiz\/als-auslaendischer-student-eine-wohnung-in-der-schweiz-suchen\/","name":"Als ausl\u00e4ndischer Student eine Wohnung in der Schweiz suchen","isPartOf":{"@id":"https:\/\/www.sprachschule-aktiv.ch\/deutsch-lernen-in-der-schweiz\/#website"},"primaryImageOfPage":{"@id":"https:\/\/www.sprachschule-aktiv.ch\/deutsch-lernen-in-der-schweiz\/als-auslaendischer-student-eine-wohnung-in-der-schweiz-suchen\/#primaryimage"},"image":{"@id":"https:\/\/www.sprachschule-aktiv.ch\/deutsch-lernen-in-der-schweiz\/als-auslaendischer-student-eine-wohnung-in-der-schweiz-suchen\/#primaryimage"},"thumbnailUrl":"https:\/\/www.sprachschule-aktiv.ch\/deutsch-lernen-in-der-schweiz\/wp-content\/uploads\/2022\/02\/als-auslaendischer-student-eine-wohnung-in-der-schweiz-suchen-300x199.jpg","datePublished":"2022-02-12T05:26:54+00:00","description":"Tipps und Informationen zum Thema Wohnungssuche in der Schweiz. Worauf ausl\u00e4ndische Studenten achten sollten.","breadcrumb":{"@id":"https:\/\/www.sprachschule-aktiv.ch\/deutsch-lernen-in-der-schweiz\/als-auslaendischer-student-eine-wohnung-in-der-schweiz-suchen\/#breadcrumb"},"inLanguage":"de","potentialAction":[{"@type":"ReadAction","target":["https:\/\/www.sprachschule-aktiv.ch\/deutsch-lernen-in-der-schweiz\/als-auslaendischer-student-eine-wohnung-in-der-schweiz-suchen\/"]}]},{"@type":"ImageObject","inLanguage":"de","@id":"https:\/\/www.sprachschule-aktiv.ch\/deutsch-lernen-in-der-schweiz\/als-auslaendischer-student-eine-wohnung-in-der-schweiz-suchen\/#primaryimage","url":"https:\/\/www.sprachschule-aktiv.ch\/deutsch-lernen-in-der-schweiz\/wp-content\/uploads\/2022\/02\/als-auslaendischer-student-eine-wohnung-in-der-schweiz-suchen.jpg","contentUrl":"https:\/\/www.sprachschule-aktiv.ch\/deutsch-lernen-in-der-schweiz\/wp-content\/uploads\/2022\/02\/als-auslaendischer-student-eine-wohnung-in-der-schweiz-suchen.jpg","width":723,"height":479,"caption":"Als ausl\u00e4ndischer Student eine Wohnung in der Schweiz suchen"},{"@type":"BreadcrumbList","@id":"https:\/\/www.sprachschule-aktiv.ch\/deutsch-lernen-in-der-schweiz\/als-auslaendischer-student-eine-wohnung-in-der-schweiz-suchen\/#breadcrumb","itemListElement":[{"@type":"ListItem","position":1,"name":"Startseite","item":"https:\/\/www.sprachschule-aktiv.ch\/deutsch-lernen-in-der-schweiz\/"},{"@type":"ListItem","position":2,"name":"Als ausl\u00e4ndischer Student eine Wohnung in der Schweiz suchen"}]},{"@type":"WebSite","@id":"https:\/\/www.sprachschule-aktiv.ch\/deutsch-lernen-in-der-schweiz\/#website","url":"https:\/\/www.sprachschule-aktiv.ch\/deutsch-lernen-in-der-schweiz\/","name":"Deutsch lernen in der schweiz","description":"","potentialAction":[{"@type":"SearchAction","target":{"@type":"EntryPoint","urlTemplate":"https:\/\/www.sprachschule-aktiv.ch\/deutsch-lernen-in-der-schweiz\/?s={search_term_string}"},"query-input":{"@type":"PropertyValueSpecification","valueRequired":true,"valueName":"search_term_string"}}],"inLanguage":"de"}]}},"_links":{"self":[{"href":"https:\/\/www.sprachschule-aktiv.ch\/deutsch-lernen-in-der-schweiz\/wp-json\/wp\/v2\/pages\/163","targetHints":{"allow":["GET"]}}],"collection":[{"href":"https:\/\/www.sprachschule-aktiv.ch\/deutsch-lernen-in-der-schweiz\/wp-json\/wp\/v2\/pages"}],"about":[{"href":"https:\/\/www.sprachschule-aktiv.ch\/deutsch-lernen-in-der-schweiz\/wp-json\/wp\/v2\/types\/page"}],"author":[{"embeddable":true,"href":"https:\/\/www.sprachschule-aktiv.ch\/deutsch-lernen-in-der-schweiz\/wp-json\/wp\/v2\/users\/2"}],"replies":[{"embeddable":true,"href":"https:\/\/www.sprachschule-aktiv.ch\/deutsch-lernen-in-der-schweiz\/wp-json\/wp\/v2\/comments?post=163"}],"version-history":[{"count":1,"href":"https:\/\/www.sprachschule-aktiv.ch\/deutsch-lernen-in-der-schweiz\/wp-json\/wp\/v2\/pages\/163\/revisions"}],"predecessor-version":[{"id":165,"href":"https:\/\/www.sprachschule-aktiv.ch\/deutsch-lernen-in-der-schweiz\/wp-json\/wp\/v2\/pages\/163\/revisions\/165"}],"wp:attachment":[{"href":"https:\/\/www.sprachschule-aktiv.ch\/deutsch-lernen-in-der-schweiz\/wp-json\/wp\/v2\/media?parent=163"}],"curies":[{"name":"wp","href":"https:\/\/api.w.org\/{rel}","templated":true}]}}