{"id":158,"date":"2022-02-06T07:36:16","date_gmt":"2022-02-06T06:36:16","guid":{"rendered":"https:\/\/www.sprachschule-aktiv.ch\/deutsch-lernen-in-der-schweiz\/?page_id=158"},"modified":"2022-02-06T07:36:16","modified_gmt":"2022-02-06T06:36:16","slug":"studieren-an-einer-hochschule-in-der-schweiz","status":"publish","type":"page","link":"https:\/\/www.sprachschule-aktiv.ch\/deutsch-lernen-in-der-schweiz\/studieren-an-einer-hochschule-in-der-schweiz\/","title":{"rendered":"Studieren an einer Hochschule in der Schweiz \u2013 was Sie wissen sollten"},"content":{"rendered":"<p><strong>Sie m\u00f6chten an einer der Hochschulen in der Schweiz studieren?<\/strong> Da gibt es einiges, was Sie beachten sollten: das beginnt bereits bei der Anmeldung und endet mit der Immatrikulation. Hier erfahren Sie Wissenswertes \u00fcber Zugangsvoraussetzungen, ben\u00f6tigte Deutschkenntnisse oder auch \u00fcber die Kosten eines Studiums.<\/p>\n<a href=\"https:\/\/www.sprachschule-aktiv.ch\/deutsch-lernen-in-der-schweiz\/kontakt\/\"><img loading=\"lazy\" decoding=\"async\" class=\"alignnone wp-image-972 size-full\" title=\"Schnelle Anfrage - Deutschkurs Z\u00fcrich\" src=\"https:\/\/www.sprachschule-aktiv.ch\/wp-content\/uploads\/2017\/03\/boton-schnelle-anfrage.png\" alt=\"Schnelle Anfrage - Deutschkurs Z\u00fcrich\" width=\"220\" height=\"65\" \/><\/a>\n<h2>Ein Studium in der Schweiz<\/h2>\n<p>Gerade wenn man nicht aus einem EU- oder EFTA-Land stammt und dennoch in der Schweiz studieren m\u00f6chte, sollte man sich im Voraus dar\u00fcber informieren, welche Anforderungen an die k\u00fcnftigen Studenten gestellt werden und welche Nachweise erbracht werden m\u00fcssen. Da dies sich von Kanton zu Kanton und von Hochschule zu Hochschule unterscheidet, empfiehlt es sich, immer auf der Homepage der gew\u00fcnschten Universit\u00e4t oder Hochschule zu schauen, was genau verlangt wird.<\/p>\n<h2>Die Bewerbung an einer Hochschule<\/h2>\n<p>In der Regel l\u00e4uft die Bewerbung an einer schweizerischen Hochschule digital ab. So k\u00f6nnen Sie diese Phase bequem von zu Hause aus erledigen. Beachten Sie, dass die Bewerbungsfrist f\u00fcr den Studienbeginn im Herbst normalerweise am 30. April endet. S\u00e4mtliche erforderliche Unterlagen sollten in digitaler Form vorliegen, damit Sie sie einfach nur hochladen m\u00fcssen.<\/p>\n<a href=\"https:\/\/www.sprachschule-aktiv.ch\/deutsch-lernen-in-der-schweiz\/deutschkurse\/\"><img loading=\"lazy\" decoding=\"async\" class=\"alignnone wp-image-90 size-medium\" src=\"https:\/\/www.sprachschule-aktiv.ch\/deutsch-lernen-in-der-schweiz\/wp-content\/uploads\/2022\/01\/deutschkurse-in-der-schweiz-251x300.jpg\" alt=\"Unsere Deutschkurse in der Schweiz\" width=\"251\" height=\"300\" srcset=\"https:\/\/www.sprachschule-aktiv.ch\/deutsch-lernen-in-der-schweiz\/wp-content\/uploads\/2022\/01\/deutschkurse-in-der-schweiz-251x300.jpg 251w, https:\/\/www.sprachschule-aktiv.ch\/deutsch-lernen-in-der-schweiz\/wp-content\/uploads\/2022\/01\/deutschkurse-in-der-schweiz.jpg 300w\" sizes=\"auto, (max-width: 251px) 100vw, 251px\" \/><\/a>\n<h2>Nachweis einer Hochschulreife f\u00fcr den Bachelor<\/h2>\n<p>Um in der Schweiz an einer Universit\u00e4t studieren zu k\u00f6nnen, ben\u00f6tigen Sie ein Zeugnis der Hochschulreife (Matura). Sollten Sie dieses in einem anderen Land erworben haben, m\u00fcssen Sie pr\u00fcfen, ob Ihr Zeugnis in der Schweiz anerkannt wird. Ebenso verh\u00e4lt es sich mit der Fachhochschule. Hier ben\u00f6tigen Sie eine Matura, eine Berufsmatura oder ein ad\u00e4quates Zeugnis. Bei einigen Studieng\u00e4ngen und Hochschulen gibt es auch die M\u00f6glichkeit einer Aufnahmepr\u00fcfung, falls das Zeugnis nicht den Vorgaben entspricht. M\u00f6chten Sie Ihr Studium auf Deutsch absolvieren, m\u00fcssen Sie zus\u00e4tzlich Ihre Deutschkenntnisse durch ein anerkanntes Pr\u00fcfungszeugnis oder w\u00e4hrend der Aufnahmepr\u00fcfung nachweisen.<\/p>\n<h2>Zulassungsvoraussetzungen zu einem Masterstudiengang<\/h2>\n<p>Damit ein Master-Studium aufgenommen werden kann, ist ein Bachelor-Abschluss zwingend notwendig. Schweizerische Hochschulen sind jedoch v\u00f6llig frei in der Entscheidung, welche Abschl\u00fcsse sie als ausreichend ansehen. Dar\u00fcber hinaus entscheiden sie auch eigenst\u00e4ndig, welche weiteren Qualifikationen vorausgesetzt werden oder auch, ob sie eine Aufnahmepr\u00fcfung als Zulassungsvoraussetzung verlangen. Zudem wird sehr h\u00e4ufig bei der Master-Bewerbung ein Lebenslauf und ein Motivationsschreiben verlangt.<\/p>\n<h2>Nachweis ausreichender Deutschkenntnisse<\/h2>\n<p>Wenn Sie sich f\u00fcr ein deutschsprachiges Studium in der Schweiz entscheiden und nicht Muttersprachler sind, m\u00fcssen Sie einen Nachweis Ihrer Deutschkenntnisse erbringen. In der Regel ist das Sprachniveau, das Sie mindestens beherrschen m\u00fcssen, B2 gem\u00e4\u00df des Gemeinsamen Europ\u00e4ischen Referenzrahmens f\u00fcr Sprachen. Aber auch hier kann es je nach Hochschule Unterschiede geben. Informieren Sie sich am besten direkt auf der Homepage des jeweiligen Instituts dar\u00fcber, welche Sprachpr\u00fcfungen anerkannt werden und auf welcher Niveaustufe sich Ihre Deutschkenntnisse befinden m\u00fcssen.<\/p>\n<img loading=\"lazy\" decoding=\"async\" class=\"alignnone size-medium wp-image-159\" src=\"https:\/\/www.sprachschule-aktiv.ch\/deutsch-lernen-in-der-schweiz\/wp-content\/uploads\/2022\/02\/studieren-an-einer-hochschule-in-der-schweiz-was-sie-wissen-sollten-300x282.jpg\" alt=\"Studieren an einer Hochschule in der Schweiz \u2013 was Sie wissen sollten\" width=\"300\" height=\"282\" srcset=\"https:\/\/www.sprachschule-aktiv.ch\/deutsch-lernen-in-der-schweiz\/wp-content\/uploads\/2022\/02\/studieren-an-einer-hochschule-in-der-schweiz-was-sie-wissen-sollten-300x282.jpg 300w, https:\/\/www.sprachschule-aktiv.ch\/deutsch-lernen-in-der-schweiz\/wp-content\/uploads\/2022\/02\/studieren-an-einer-hochschule-in-der-schweiz-was-sie-wissen-sollten-768x721.jpg 768w, https:\/\/www.sprachschule-aktiv.ch\/deutsch-lernen-in-der-schweiz\/wp-content\/uploads\/2022\/02\/studieren-an-einer-hochschule-in-der-schweiz-was-sie-wissen-sollten.jpg 770w\" sizes=\"auto, (max-width: 300px) 100vw, 300px\" \/>\n<h2>Immatrikulation an einer schweizerischen Hochschule<\/h2>\n<p>Haben Sie einen Zulassungsbrief f\u00fcr eine Hochschule erhalten, finden Sie in diesem auch noch einmal alle Dokumente, die Sie f\u00fcr die Immatrikulation vorlegen m\u00fcssen. In\u00a0 dem Schreiben wir Ihnen auch der Termin genannt, zu dem Sie sich immatrikulieren m\u00fcssen. Verpassen Sie diese Frist, haben Sie die Zulassung verloren und m\u00fcssen sich f\u00fcr das n\u00e4chste Jahr erneut bewerben.<\/p>\n<p>Mit der Immatrikulation erhalten Sie auch die Rechnung \u00fcber die ersten Semestergeb\u00fchren. Erst wenn Sie diese bezahlt haben, erhalten Sie Ihre Studienbescheinigungen sowie die Zugangsdaten zu den Onlinediensten der Hochschule.<\/p>\n<h2>Studieren in der Schweiz \u2013 Lebenshaltungskosten und Studiengeb\u00fchren<\/h2>\n<p>In der Schweiz zu leben und zu studieren, ist im Vergleich mit anderen europ\u00e4ischen L\u00e4ndern etwas teurer. Daf\u00fcr ist die Qualit\u00e4t des Studiums sehr gut, das die Hochschulen in der Regel kleiner und der einzelne Student dadurch besser betreut ist.<\/p>\n<h2>Lebenshaltungskosten<\/h2>\n<p>Um in der Schweiz gut \u00fcber die Runden zu kommen, sollten Sie pro Jahr mit ca. 20.000 bis 30.000 Euro Lebenshaltungskosten rechnen. Nat\u00fcrlich ist die genaue Summe von Ihrem Studienort und Ihren Anspr\u00fcchen abh\u00e4ngig. Bern, Genf und Z\u00fcrich z\u00e4hlen zu den teuersten St\u00e4dten in der Schweiz und in Europa. Doch sollten Sie bedenken, dass zu diesen Kosten auch noch die Studiengeb\u00fchren dazu kommen.<\/p>\n<h2>Studiengeb\u00fchren<\/h2>\n<p>Wie bei den Zugangsvoraussetzungen Ihrer Studenten entscheiden auch bei den Studiengeb\u00fchren die einzelnen Kantone \u00fcber die H\u00f6he des zu bezahlenden Betrags. Die Unterschiede sind betr\u00e4chtlich: sie reichen von ca. 900 bis ca. 7.000 Euro. Dazu kommt noch, dass einige Hochschulen extra Zuschl\u00e4ge f\u00fcr ausl\u00e4ndische Studenten verlangen und andere wiederum nicht. Auf den Webseiten der jeweiligen Hochschulen finden Sie auch die genauen Kosten.<\/p>\n<h2>Mit einem Stipendium studieren<\/h2>\n<p>In der Schweiz werden kaum Stipendien angeboten. Studierende, die auf die Unterst\u00fctzung durch ein Stipendium angewiesen sind, sollten einmal einen Blick auf\u00a0 die <a href=\"https:\/\/www.daad.de\/ausland\/studieren\/stipendium\/de\/70-stipendiendatenbank\/\" target=\"_blank\" rel=\"noopener\">Stipendiendatenbank des Deutschen Akademischen Austauschdienstes<\/a> werfen.<br \/>\n<iframe loading=\"lazy\" title=\"YouTube video player\" src=\"https:\/\/www.youtube.com\/embed\/JOvJI8b4z_E\" width=\"560\" height=\"315\" frameborder=\"0\" allowfullscreen=\"allowfullscreen\"><\/iframe><\/p>\n","protected":false},"excerpt":{"rendered":"<p>Sie m\u00f6chten an einer der Hochschulen in der Schweiz studieren? Da gibt es einiges, was Sie beachten sollten: das beginnt bereits bei der Anmeldung und endet mit der Immatrikulation. Hier erfahren Sie Wissenswertes \u00fcber Zugangsvoraussetzungen, ben\u00f6tigte Deutschkenntnisse oder auch \u00fcber die Kosten eines Studiums. Ein Studium in der Schweiz Gerade wenn man nicht aus einem&hellip; <a class=\"read-more\" href=\"https:\/\/www.sprachschule-aktiv.ch\/deutsch-lernen-in-der-schweiz\/studieren-an-einer-hochschule-in-der-schweiz\/\" title=\"Read Studieren an einer Hochschule in der Schweiz \u2013 was Sie wissen sollten\">Read more &raquo;<\/a><\/p>\n","protected":false},"author":2,"featured_media":0,"parent":0,"menu_order":0,"comment_status":"closed","ping_status":"closed","template":"","meta":{"footnotes":""},"class_list":["post-158","page","type-page","status-publish","hentry"],"yoast_head":"<!-- This site is optimized with the Yoast SEO plugin v27.1.1 - https:\/\/yoast.com\/product\/yoast-seo-wordpress\/ -->\n<title>Studieren in der Schweiz \u2013 was Sie wissen sollten<\/title>\n<meta name=\"description\" content=\"Wissenswertes rund um das Thema Hochschule &amp; Studium in der Schweiz. Infos zu Zulassungsvoraussetzungen und Studiengeb\u00fchren.\" \/>\n<meta name=\"robots\" content=\"index, follow, max-snippet:-1, max-image-preview:large, max-video-preview:-1\" \/>\n<link rel=\"canonical\" href=\"https:\/\/www.sprachschule-aktiv.ch\/deutsch-lernen-in-der-schweiz\/studieren-an-einer-hochschule-in-der-schweiz\/\" \/>\n<meta property=\"og:locale\" content=\"de_DE\" \/>\n<meta property=\"og:type\" content=\"article\" \/>\n<meta property=\"og:title\" content=\"Studieren in der Schweiz \u2013 was Sie wissen sollten\" \/>\n<meta property=\"og:description\" content=\"Wissenswertes rund um das Thema Hochschule &amp; Studium in der Schweiz. Infos zu Zulassungsvoraussetzungen und Studiengeb\u00fchren.\" \/>\n<meta property=\"og:url\" content=\"https:\/\/www.sprachschule-aktiv.ch\/deutsch-lernen-in-der-schweiz\/studieren-an-einer-hochschule-in-der-schweiz\/\" \/>\n<meta property=\"og:site_name\" content=\"Deutsch lernen in der schweiz\" \/>\n<meta property=\"og:image\" content=\"https:\/\/www.sprachschule-aktiv.ch\/wp-content\/uploads\/2017\/03\/boton-schnelle-anfrage.png\" \/>\n<meta name=\"twitter:card\" content=\"summary_large_image\" \/>\n<meta name=\"twitter:label1\" content=\"Gesch\u00e4tzte Lesezeit\" \/>\n\t<meta name=\"twitter:data1\" content=\"4\u00a0Minuten\" \/>\n<script type=\"application\/ld+json\" class=\"yoast-schema-graph\">{\"@context\":\"https:\/\/schema.org\",\"@graph\":[{\"@type\":\"WebPage\",\"@id\":\"https:\/\/www.sprachschule-aktiv.ch\/deutsch-lernen-in-der-schweiz\/studieren-an-einer-hochschule-in-der-schweiz\/\",\"url\":\"https:\/\/www.sprachschule-aktiv.ch\/deutsch-lernen-in-der-schweiz\/studieren-an-einer-hochschule-in-der-schweiz\/\",\"name\":\"Studieren in der Schweiz \u2013 was Sie wissen sollten\",\"isPartOf\":{\"@id\":\"https:\/\/www.sprachschule-aktiv.ch\/deutsch-lernen-in-der-schweiz\/#website\"},\"primaryImageOfPage\":{\"@id\":\"https:\/\/www.sprachschule-aktiv.ch\/deutsch-lernen-in-der-schweiz\/studieren-an-einer-hochschule-in-der-schweiz\/#primaryimage\"},\"image\":{\"@id\":\"https:\/\/www.sprachschule-aktiv.ch\/deutsch-lernen-in-der-schweiz\/studieren-an-einer-hochschule-in-der-schweiz\/#primaryimage\"},\"thumbnailUrl\":\"https:\/\/www.sprachschule-aktiv.ch\/wp-content\/uploads\/2017\/03\/boton-schnelle-anfrage.png\",\"datePublished\":\"2022-02-06T06:36:16+00:00\",\"description\":\"Wissenswertes rund um das Thema Hochschule & Studium in der Schweiz. Infos zu Zulassungsvoraussetzungen und Studiengeb\u00fchren.\",\"breadcrumb\":{\"@id\":\"https:\/\/www.sprachschule-aktiv.ch\/deutsch-lernen-in-der-schweiz\/studieren-an-einer-hochschule-in-der-schweiz\/#breadcrumb\"},\"inLanguage\":\"de\",\"potentialAction\":[{\"@type\":\"ReadAction\",\"target\":[\"https:\/\/www.sprachschule-aktiv.ch\/deutsch-lernen-in-der-schweiz\/studieren-an-einer-hochschule-in-der-schweiz\/\"]}]},{\"@type\":\"ImageObject\",\"inLanguage\":\"de\",\"@id\":\"https:\/\/www.sprachschule-aktiv.ch\/deutsch-lernen-in-der-schweiz\/studieren-an-einer-hochschule-in-der-schweiz\/#primaryimage\",\"url\":\"https:\/\/www.sprachschule-aktiv.ch\/wp-content\/uploads\/2017\/03\/boton-schnelle-anfrage.png\",\"contentUrl\":\"https:\/\/www.sprachschule-aktiv.ch\/wp-content\/uploads\/2017\/03\/boton-schnelle-anfrage.png\"},{\"@type\":\"BreadcrumbList\",\"@id\":\"https:\/\/www.sprachschule-aktiv.ch\/deutsch-lernen-in-der-schweiz\/studieren-an-einer-hochschule-in-der-schweiz\/#breadcrumb\",\"itemListElement\":[{\"@type\":\"ListItem\",\"position\":1,\"name\":\"Startseite\",\"item\":\"https:\/\/www.sprachschule-aktiv.ch\/deutsch-lernen-in-der-schweiz\/\"},{\"@type\":\"ListItem\",\"position\":2,\"name\":\"Studieren an einer Hochschule in der Schweiz \u2013 was Sie wissen sollten\"}]},{\"@type\":\"WebSite\",\"@id\":\"https:\/\/www.sprachschule-aktiv.ch\/deutsch-lernen-in-der-schweiz\/#website\",\"url\":\"https:\/\/www.sprachschule-aktiv.ch\/deutsch-lernen-in-der-schweiz\/\",\"name\":\"Deutsch lernen in der schweiz\",\"description\":\"\",\"potentialAction\":[{\"@type\":\"SearchAction\",\"target\":{\"@type\":\"EntryPoint\",\"urlTemplate\":\"https:\/\/www.sprachschule-aktiv.ch\/deutsch-lernen-in-der-schweiz\/?s={search_term_string}\"},\"query-input\":{\"@type\":\"PropertyValueSpecification\",\"valueRequired\":true,\"valueName\":\"search_term_string\"}}],\"inLanguage\":\"de\"}]}<\/script>\n<!-- \/ Yoast SEO plugin. -->","yoast_head_json":{"title":"Studieren in der Schweiz \u2013 was Sie wissen sollten","description":"Wissenswertes rund um das Thema Hochschule & Studium in der Schweiz. Infos zu Zulassungsvoraussetzungen und Studiengeb\u00fchren.","robots":{"index":"index","follow":"follow","max-snippet":"max-snippet:-1","max-image-preview":"max-image-preview:large","max-video-preview":"max-video-preview:-1"},"canonical":"https:\/\/www.sprachschule-aktiv.ch\/deutsch-lernen-in-der-schweiz\/studieren-an-einer-hochschule-in-der-schweiz\/","og_locale":"de_DE","og_type":"article","og_title":"Studieren in der Schweiz \u2013 was Sie wissen sollten","og_description":"Wissenswertes rund um das Thema Hochschule & Studium in der Schweiz. Infos zu Zulassungsvoraussetzungen und Studiengeb\u00fchren.","og_url":"https:\/\/www.sprachschule-aktiv.ch\/deutsch-lernen-in-der-schweiz\/studieren-an-einer-hochschule-in-der-schweiz\/","og_site_name":"Deutsch lernen in der schweiz","og_image":[{"url":"https:\/\/www.sprachschule-aktiv.ch\/wp-content\/uploads\/2017\/03\/boton-schnelle-anfrage.png","type":"","width":"","height":""}],"twitter_card":"summary_large_image","twitter_misc":{"Gesch\u00e4tzte Lesezeit":"4\u00a0Minuten"},"schema":{"@context":"https:\/\/schema.org","@graph":[{"@type":"WebPage","@id":"https:\/\/www.sprachschule-aktiv.ch\/deutsch-lernen-in-der-schweiz\/studieren-an-einer-hochschule-in-der-schweiz\/","url":"https:\/\/www.sprachschule-aktiv.ch\/deutsch-lernen-in-der-schweiz\/studieren-an-einer-hochschule-in-der-schweiz\/","name":"Studieren in der Schweiz \u2013 was Sie wissen sollten","isPartOf":{"@id":"https:\/\/www.sprachschule-aktiv.ch\/deutsch-lernen-in-der-schweiz\/#website"},"primaryImageOfPage":{"@id":"https:\/\/www.sprachschule-aktiv.ch\/deutsch-lernen-in-der-schweiz\/studieren-an-einer-hochschule-in-der-schweiz\/#primaryimage"},"image":{"@id":"https:\/\/www.sprachschule-aktiv.ch\/deutsch-lernen-in-der-schweiz\/studieren-an-einer-hochschule-in-der-schweiz\/#primaryimage"},"thumbnailUrl":"https:\/\/www.sprachschule-aktiv.ch\/wp-content\/uploads\/2017\/03\/boton-schnelle-anfrage.png","datePublished":"2022-02-06T06:36:16+00:00","description":"Wissenswertes rund um das Thema Hochschule & Studium in der Schweiz. Infos zu Zulassungsvoraussetzungen und Studiengeb\u00fchren.","breadcrumb":{"@id":"https:\/\/www.sprachschule-aktiv.ch\/deutsch-lernen-in-der-schweiz\/studieren-an-einer-hochschule-in-der-schweiz\/#breadcrumb"},"inLanguage":"de","potentialAction":[{"@type":"ReadAction","target":["https:\/\/www.sprachschule-aktiv.ch\/deutsch-lernen-in-der-schweiz\/studieren-an-einer-hochschule-in-der-schweiz\/"]}]},{"@type":"ImageObject","inLanguage":"de","@id":"https:\/\/www.sprachschule-aktiv.ch\/deutsch-lernen-in-der-schweiz\/studieren-an-einer-hochschule-in-der-schweiz\/#primaryimage","url":"https:\/\/www.sprachschule-aktiv.ch\/wp-content\/uploads\/2017\/03\/boton-schnelle-anfrage.png","contentUrl":"https:\/\/www.sprachschule-aktiv.ch\/wp-content\/uploads\/2017\/03\/boton-schnelle-anfrage.png"},{"@type":"BreadcrumbList","@id":"https:\/\/www.sprachschule-aktiv.ch\/deutsch-lernen-in-der-schweiz\/studieren-an-einer-hochschule-in-der-schweiz\/#breadcrumb","itemListElement":[{"@type":"ListItem","position":1,"name":"Startseite","item":"https:\/\/www.sprachschule-aktiv.ch\/deutsch-lernen-in-der-schweiz\/"},{"@type":"ListItem","position":2,"name":"Studieren an einer Hochschule in der Schweiz \u2013 was Sie wissen sollten"}]},{"@type":"WebSite","@id":"https:\/\/www.sprachschule-aktiv.ch\/deutsch-lernen-in-der-schweiz\/#website","url":"https:\/\/www.sprachschule-aktiv.ch\/deutsch-lernen-in-der-schweiz\/","name":"Deutsch lernen in der schweiz","description":"","potentialAction":[{"@type":"SearchAction","target":{"@type":"EntryPoint","urlTemplate":"https:\/\/www.sprachschule-aktiv.ch\/deutsch-lernen-in-der-schweiz\/?s={search_term_string}"},"query-input":{"@type":"PropertyValueSpecification","valueRequired":true,"valueName":"search_term_string"}}],"inLanguage":"de"}]}},"_links":{"self":[{"href":"https:\/\/www.sprachschule-aktiv.ch\/deutsch-lernen-in-der-schweiz\/wp-json\/wp\/v2\/pages\/158","targetHints":{"allow":["GET"]}}],"collection":[{"href":"https:\/\/www.sprachschule-aktiv.ch\/deutsch-lernen-in-der-schweiz\/wp-json\/wp\/v2\/pages"}],"about":[{"href":"https:\/\/www.sprachschule-aktiv.ch\/deutsch-lernen-in-der-schweiz\/wp-json\/wp\/v2\/types\/page"}],"author":[{"embeddable":true,"href":"https:\/\/www.sprachschule-aktiv.ch\/deutsch-lernen-in-der-schweiz\/wp-json\/wp\/v2\/users\/2"}],"replies":[{"embeddable":true,"href":"https:\/\/www.sprachschule-aktiv.ch\/deutsch-lernen-in-der-schweiz\/wp-json\/wp\/v2\/comments?post=158"}],"version-history":[{"count":1,"href":"https:\/\/www.sprachschule-aktiv.ch\/deutsch-lernen-in-der-schweiz\/wp-json\/wp\/v2\/pages\/158\/revisions"}],"predecessor-version":[{"id":160,"href":"https:\/\/www.sprachschule-aktiv.ch\/deutsch-lernen-in-der-schweiz\/wp-json\/wp\/v2\/pages\/158\/revisions\/160"}],"wp:attachment":[{"href":"https:\/\/www.sprachschule-aktiv.ch\/deutsch-lernen-in-der-schweiz\/wp-json\/wp\/v2\/media?parent=158"}],"curies":[{"name":"wp","href":"https:\/\/api.w.org\/{rel}","templated":true}]}}