{"id":147,"date":"2022-02-06T07:11:06","date_gmt":"2022-02-06T06:11:06","guid":{"rendered":"https:\/\/www.sprachschule-aktiv.ch\/deutsch-lernen-in-der-schweiz\/?page_id=147"},"modified":"2022-02-18T05:48:43","modified_gmt":"2022-02-18T04:48:43","slug":"deutschkurs-mit-visum-in-der-schweiz","status":"publish","type":"page","link":"https:\/\/www.sprachschule-aktiv.ch\/deutsch-lernen-in-der-schweiz\/deutschkurs-mit-visum-in-der-schweiz\/","title":{"rendered":"Deutschkurs mit Visum in der Schweiz \u2013 Studentenvisum beantragen"},"content":{"rendered":"<p>M\u00f6chten Sie in der Schweiz einen Deutschkurs besuchen und stammen nicht aus einem EU- oder EFTA-Land, ben\u00f6tigen Sie f\u00fcr die Einreise und den Aufenthalt ein Visum. Abh\u00e4ngig von der Aufenthaltsdauer und dem Grund der Einreise k\u00f6nnen Sie zwischen mehreren Visa-Typen w\u00e4hlen: so gibt es zum Beispiel ein Visum f\u00fcr einen touristischen Aufenthalt, ein Studentenvisum oder ein Arbeitsvisum. Das Schweizer Staatssekretariat f\u00fcr Migration hat eine\u00a0<a href=\"https:\/\/www.sem.admin.ch\/sem\/de\/home\/publiservice\/weisungen-kreisschreiben\/visa\/liste1_staatsangehoerigkeit.html\" target=\"_blank\" rel=\"noopener\">Liste aller L\u00e4nder<\/a> und ihrer Visumpflichten zusammengestellt.<\/p>\n<a href=\"https:\/\/www.sprachschule-aktiv.ch\/deutsch-lernen-in-der-schweiz\/kontakt\/\"><img loading=\"lazy\" decoding=\"async\" class=\"alignnone wp-image-972 size-full\" title=\"Schnelle Anfrage - Deutschkurs Z\u00fcrich\" src=\"https:\/\/www.sprachschule-aktiv.ch\/wp-content\/uploads\/2017\/03\/boton-schnelle-anfrage.png\" alt=\"Schnelle Anfrage - Deutschkurs Z\u00fcrich\" width=\"220\" height=\"65\" \/><\/a>\n<p>Haben Sie sich f\u00fcr einen Deutschkurs an einer der Sprachschulen Aktiv in der Schweiz entschieden, helfen Ihnen unsere Mitarbeiter selbstverst\u00e4ndlich gern bei der Erledigung der Formalit\u00e4ten f\u00fcr ein Visum.<\/p>\n<h2>Welche Dokumente ben\u00f6tigen Sie, um ein Visum beantragen zu k\u00f6nnen?<\/h2>\n<ul>\n<li>Einen g\u00fcltigen Reisepass, der nicht \u00e4lter als zehn Jahre ist und noch drei Monate nach der Ausreise aus der Schweiz g\u00fcltig ist. Zus\u00e4tzlich muss er noch \u00fcber zwei leere Seiten f\u00fcr das Visum verf\u00fcgen.<\/li>\n<li>Zwei aktuelle biometrische Passfotos vor hellem Hintergrund<\/li>\n<li>Einen Nachweis \u00fcber Ihre Zahlungsf\u00e4higkeit: Sie m\u00fcssen pro Aufenthaltstag pro Person \u00fcber mindestens 100 Schweizer Franken (beziehungsweise \u00fcber deren \u00a0Gegenwert in einer anderen W\u00e4hrung) verf\u00fcgen.<\/li>\n<li>Den Nachweis einer Unterkunft<\/li>\n<li>Eine Krankenversicherung f\u00fcr den Schengen-Raum, die Ihnen w\u00e4hrend Ihres gesamten Aufenthaltes Versicherungsschutz bietet.<\/li>\n<\/ul>\n<p>Bitte beachten Sie, dass dies nur die grundlegenden Nachweise sind, die f\u00fcr alle Visa-Arten ben\u00f6tigt werden. Es kann sein, dass Sie je nach Zweck Ihrer Reise weitere Unterlagen vorlegen m\u00fcssen.<\/p>\n<img loading=\"lazy\" decoding=\"async\" class=\"alignnone wp-image-149 size-full\" src=\"https:\/\/www.sprachschule-aktiv.ch\/deutsch-lernen-in-der-schweiz\/wp-content\/uploads\/2022\/02\/deutschkurs-mit-visum-in-der-schweiz.jpg\" alt=\"Deutschkurs mit Visum in der Schweiz \u2013 Studentenvisum beantragen\" width=\"770\" height=\"723\" srcset=\"https:\/\/www.sprachschule-aktiv.ch\/deutsch-lernen-in-der-schweiz\/wp-content\/uploads\/2022\/02\/deutschkurs-mit-visum-in-der-schweiz.jpg 770w, https:\/\/www.sprachschule-aktiv.ch\/deutsch-lernen-in-der-schweiz\/wp-content\/uploads\/2022\/02\/deutschkurs-mit-visum-in-der-schweiz-300x282.jpg 300w, https:\/\/www.sprachschule-aktiv.ch\/deutsch-lernen-in-der-schweiz\/wp-content\/uploads\/2022\/02\/deutschkurs-mit-visum-in-der-schweiz-768x721.jpg 768w\" sizes=\"auto, (max-width: 770px) 100vw, 770px\" \/>\n<h2>Ein Visum, um in der Schweiz Deutsch zu lernen<\/h2>\n<p>Zus\u00e4tzlich zu den oben erw\u00e4hnten Dokumenten, ben\u00f6tigen Sie auch eine offizielle Einladung in die Schweiz. Sie erhalten eine solche, wenn Sie zum Beispiel an der Sprachschule Aktiv einen Intensivkurs Deutsch mit einer Unterrichtsdauer von 20 Stunden pro Woche buchen. Sobald Sie die H\u00e4lfte der Kursgeb\u00fchren bezahlt haben, wird Ihnen die Best\u00e4tigung zugesendet.<\/p>\n<p>Eine Garantie, dass Ihr Visum genehmigt wird, stellt dies allerdings nicht dar. Sollte die Einreisebeh\u00f6rde das Visum nicht erteilen, erhalten Sie selbstverst\u00e4ndlich die bereits bezahlten Kursgeb\u00fchren zur\u00fcck.<\/p>\n<a href=\"https:\/\/www.sprachschule-aktiv.ch\/deutsch-lernen-in-der-schweiz\/deutschkurse\/\"><img loading=\"lazy\" decoding=\"async\" class=\"alignnone size-medium wp-image-90\" src=\"https:\/\/www.sprachschule-aktiv.ch\/deutsch-lernen-in-der-schweiz\/wp-content\/uploads\/2022\/01\/deutschkurse-in-der-schweiz-251x300.jpg\" alt=\"Unsere Deutschkurse in der Schweiz\" width=\"251\" height=\"300\" srcset=\"https:\/\/www.sprachschule-aktiv.ch\/deutsch-lernen-in-der-schweiz\/wp-content\/uploads\/2022\/01\/deutschkurse-in-der-schweiz-251x300.jpg 251w, https:\/\/www.sprachschule-aktiv.ch\/deutsch-lernen-in-der-schweiz\/wp-content\/uploads\/2022\/01\/deutschkurse-in-der-schweiz.jpg 300w\" sizes=\"auto, (max-width: 251px) 100vw, 251px\" \/><\/a>\n<h2>G\u00fcltigkeit Ihres Visums in der Schweiz<\/h2>\n<p>Wenn Sie f\u00fcr einen Deutschkurs in die Schweiz einreisen m\u00f6chten und ein Visum ben\u00f6tigen, m\u00fcssen Sie sich bereits im Voraus entscheiden, wie lange Ihr Aufenthalt dauern soll. Es gibt zwei Arten von Visa: das f\u00fcr einen kurzfristigen Aufenthalt (weniger als 90 Tage) und das f\u00fcr einen l\u00e4ngerfristigen Aufenthalt (mehr als 90 Tage). Die Umwandlung eines kurzfristigen Visums in ein l\u00e4ngerfristiges Visum ist nur in Ausnahmef\u00e4llen m\u00f6glich.<\/p>\n<h2>Unsere Deutschkurse mit Visum in der Schweiz<\/h2>\n<p>An der Sprachschule Aktiv in der Schweiz beginnen die Intensivkurse f\u00fcr Deutsch immer am ersten Montag im Monat. In folgenden St\u00e4dten finden Sie uns:<\/p>\n<ul>\n<li><a href=\"https:\/\/www.sprachschule-aktiv.ch\/\" target=\"_blank\" rel=\"noopener\">Z\u00fcrich<\/a><\/li>\n<li><a href=\"https:\/\/www.sprachschule-aktiv-basel.ch\/\" target=\"_blank\" rel=\"noopener\">Basel\u00a0\u00a0\u00a0<\/a><\/li>\n<li><a href=\"https:\/\/sprachschule-aktiv-winterthur.ch\/\">Winterthur<\/a><\/li>\n<\/ul>\n<p>Informieren Sie sich noch heute \u00fcber einen Sprachkurs \u00fcber unsere Sprachschule. Unsere Mitarbeiter beraten Sie gern.<br \/>\n<iframe loading=\"lazy\" title=\"YouTube video player\" src=\"https:\/\/www.youtube.com\/embed\/JOvJI8b4z_E\" width=\"560\" height=\"315\" frameborder=\"0\" allowfullscreen=\"allowfullscreen\"><\/iframe><\/p>\n","protected":false},"excerpt":{"rendered":"<p>M\u00f6chten Sie in der Schweiz einen Deutschkurs besuchen und stammen nicht aus einem EU- oder EFTA-Land, ben\u00f6tigen Sie f\u00fcr die Einreise und den Aufenthalt ein Visum. Abh\u00e4ngig von der Aufenthaltsdauer und dem Grund der Einreise k\u00f6nnen Sie zwischen mehreren Visa-Typen w\u00e4hlen: so gibt es zum Beispiel ein Visum f\u00fcr einen touristischen Aufenthalt, ein Studentenvisum oder&hellip; <a class=\"read-more\" href=\"https:\/\/www.sprachschule-aktiv.ch\/deutsch-lernen-in-der-schweiz\/deutschkurs-mit-visum-in-der-schweiz\/\" title=\"Read Deutschkurs mit Visum in der Schweiz \u2013 Studentenvisum beantragen\">Read more &raquo;<\/a><\/p>\n","protected":false},"author":2,"featured_media":0,"parent":0,"menu_order":0,"comment_status":"closed","ping_status":"closed","template":"","meta":{"footnotes":""},"class_list":["post-147","page","type-page","status-publish","hentry"],"yoast_head":"<!-- This site is optimized with the Yoast SEO plugin v27.1.1 - https:\/\/yoast.com\/product\/yoast-seo-wordpress\/ -->\n<title>Deutschkurse mit Visum in der Schweiz \u2013 Studentenvisum<\/title>\n<meta name=\"description\" content=\"Alle wichtigen Infos zum Thema Studentenvisum in der Schweiz. Welche Visa gibt es, welche Dokumente werden ben\u00f6tigt, etc.\" \/>\n<meta name=\"robots\" content=\"index, follow, max-snippet:-1, max-image-preview:large, max-video-preview:-1\" \/>\n<link rel=\"canonical\" href=\"https:\/\/www.sprachschule-aktiv.ch\/deutsch-lernen-in-der-schweiz\/deutschkurs-mit-visum-in-der-schweiz\/\" \/>\n<meta property=\"og:locale\" content=\"de_DE\" \/>\n<meta property=\"og:type\" content=\"article\" \/>\n<meta property=\"og:title\" content=\"Deutschkurse mit Visum in der Schweiz \u2013 Studentenvisum\" \/>\n<meta property=\"og:description\" content=\"Alle wichtigen Infos zum Thema Studentenvisum in der Schweiz. Welche Visa gibt es, welche Dokumente werden ben\u00f6tigt, etc.\" \/>\n<meta property=\"og:url\" content=\"https:\/\/www.sprachschule-aktiv.ch\/deutsch-lernen-in-der-schweiz\/deutschkurs-mit-visum-in-der-schweiz\/\" \/>\n<meta property=\"og:site_name\" content=\"Deutsch lernen in der schweiz\" \/>\n<meta property=\"article:modified_time\" content=\"2022-02-18T04:48:43+00:00\" \/>\n<meta property=\"og:image\" content=\"https:\/\/www.sprachschule-aktiv.ch\/wp-content\/uploads\/2017\/03\/boton-schnelle-anfrage.png\" \/>\n<meta name=\"twitter:card\" content=\"summary_large_image\" \/>\n<meta name=\"twitter:label1\" content=\"Gesch\u00e4tzte Lesezeit\" \/>\n\t<meta name=\"twitter:data1\" content=\"2\u00a0Minuten\" \/>\n<script type=\"application\/ld+json\" class=\"yoast-schema-graph\">{\"@context\":\"https:\/\/schema.org\",\"@graph\":[{\"@type\":\"WebPage\",\"@id\":\"https:\/\/www.sprachschule-aktiv.ch\/deutsch-lernen-in-der-schweiz\/deutschkurs-mit-visum-in-der-schweiz\/\",\"url\":\"https:\/\/www.sprachschule-aktiv.ch\/deutsch-lernen-in-der-schweiz\/deutschkurs-mit-visum-in-der-schweiz\/\",\"name\":\"Deutschkurse mit Visum in der Schweiz \u2013 Studentenvisum\",\"isPartOf\":{\"@id\":\"https:\/\/www.sprachschule-aktiv.ch\/deutsch-lernen-in-der-schweiz\/#website\"},\"primaryImageOfPage\":{\"@id\":\"https:\/\/www.sprachschule-aktiv.ch\/deutsch-lernen-in-der-schweiz\/deutschkurs-mit-visum-in-der-schweiz\/#primaryimage\"},\"image\":{\"@id\":\"https:\/\/www.sprachschule-aktiv.ch\/deutsch-lernen-in-der-schweiz\/deutschkurs-mit-visum-in-der-schweiz\/#primaryimage\"},\"thumbnailUrl\":\"https:\/\/www.sprachschule-aktiv.ch\/wp-content\/uploads\/2017\/03\/boton-schnelle-anfrage.png\",\"datePublished\":\"2022-02-06T06:11:06+00:00\",\"dateModified\":\"2022-02-18T04:48:43+00:00\",\"description\":\"Alle wichtigen Infos zum Thema Studentenvisum in der Schweiz. Welche Visa gibt es, welche Dokumente werden ben\u00f6tigt, etc.\",\"breadcrumb\":{\"@id\":\"https:\/\/www.sprachschule-aktiv.ch\/deutsch-lernen-in-der-schweiz\/deutschkurs-mit-visum-in-der-schweiz\/#breadcrumb\"},\"inLanguage\":\"de\",\"potentialAction\":[{\"@type\":\"ReadAction\",\"target\":[\"https:\/\/www.sprachschule-aktiv.ch\/deutsch-lernen-in-der-schweiz\/deutschkurs-mit-visum-in-der-schweiz\/\"]}]},{\"@type\":\"ImageObject\",\"inLanguage\":\"de\",\"@id\":\"https:\/\/www.sprachschule-aktiv.ch\/deutsch-lernen-in-der-schweiz\/deutschkurs-mit-visum-in-der-schweiz\/#primaryimage\",\"url\":\"https:\/\/www.sprachschule-aktiv.ch\/wp-content\/uploads\/2017\/03\/boton-schnelle-anfrage.png\",\"contentUrl\":\"https:\/\/www.sprachschule-aktiv.ch\/wp-content\/uploads\/2017\/03\/boton-schnelle-anfrage.png\"},{\"@type\":\"BreadcrumbList\",\"@id\":\"https:\/\/www.sprachschule-aktiv.ch\/deutsch-lernen-in-der-schweiz\/deutschkurs-mit-visum-in-der-schweiz\/#breadcrumb\",\"itemListElement\":[{\"@type\":\"ListItem\",\"position\":1,\"name\":\"Startseite\",\"item\":\"https:\/\/www.sprachschule-aktiv.ch\/deutsch-lernen-in-der-schweiz\/\"},{\"@type\":\"ListItem\",\"position\":2,\"name\":\"Deutschkurs mit Visum in der Schweiz \u2013 Studentenvisum beantragen\"}]},{\"@type\":\"WebSite\",\"@id\":\"https:\/\/www.sprachschule-aktiv.ch\/deutsch-lernen-in-der-schweiz\/#website\",\"url\":\"https:\/\/www.sprachschule-aktiv.ch\/deutsch-lernen-in-der-schweiz\/\",\"name\":\"Deutsch lernen in der schweiz\",\"description\":\"\",\"potentialAction\":[{\"@type\":\"SearchAction\",\"target\":{\"@type\":\"EntryPoint\",\"urlTemplate\":\"https:\/\/www.sprachschule-aktiv.ch\/deutsch-lernen-in-der-schweiz\/?s={search_term_string}\"},\"query-input\":{\"@type\":\"PropertyValueSpecification\",\"valueRequired\":true,\"valueName\":\"search_term_string\"}}],\"inLanguage\":\"de\"}]}<\/script>\n<!-- \/ Yoast SEO plugin. -->","yoast_head_json":{"title":"Deutschkurse mit Visum in der Schweiz \u2013 Studentenvisum","description":"Alle wichtigen Infos zum Thema Studentenvisum in der Schweiz. Welche Visa gibt es, welche Dokumente werden ben\u00f6tigt, etc.","robots":{"index":"index","follow":"follow","max-snippet":"max-snippet:-1","max-image-preview":"max-image-preview:large","max-video-preview":"max-video-preview:-1"},"canonical":"https:\/\/www.sprachschule-aktiv.ch\/deutsch-lernen-in-der-schweiz\/deutschkurs-mit-visum-in-der-schweiz\/","og_locale":"de_DE","og_type":"article","og_title":"Deutschkurse mit Visum in der Schweiz \u2013 Studentenvisum","og_description":"Alle wichtigen Infos zum Thema Studentenvisum in der Schweiz. Welche Visa gibt es, welche Dokumente werden ben\u00f6tigt, etc.","og_url":"https:\/\/www.sprachschule-aktiv.ch\/deutsch-lernen-in-der-schweiz\/deutschkurs-mit-visum-in-der-schweiz\/","og_site_name":"Deutsch lernen in der schweiz","article_modified_time":"2022-02-18T04:48:43+00:00","og_image":[{"url":"https:\/\/www.sprachschule-aktiv.ch\/wp-content\/uploads\/2017\/03\/boton-schnelle-anfrage.png","type":"","width":"","height":""}],"twitter_card":"summary_large_image","twitter_misc":{"Gesch\u00e4tzte Lesezeit":"2\u00a0Minuten"},"schema":{"@context":"https:\/\/schema.org","@graph":[{"@type":"WebPage","@id":"https:\/\/www.sprachschule-aktiv.ch\/deutsch-lernen-in-der-schweiz\/deutschkurs-mit-visum-in-der-schweiz\/","url":"https:\/\/www.sprachschule-aktiv.ch\/deutsch-lernen-in-der-schweiz\/deutschkurs-mit-visum-in-der-schweiz\/","name":"Deutschkurse mit Visum in der Schweiz \u2013 Studentenvisum","isPartOf":{"@id":"https:\/\/www.sprachschule-aktiv.ch\/deutsch-lernen-in-der-schweiz\/#website"},"primaryImageOfPage":{"@id":"https:\/\/www.sprachschule-aktiv.ch\/deutsch-lernen-in-der-schweiz\/deutschkurs-mit-visum-in-der-schweiz\/#primaryimage"},"image":{"@id":"https:\/\/www.sprachschule-aktiv.ch\/deutsch-lernen-in-der-schweiz\/deutschkurs-mit-visum-in-der-schweiz\/#primaryimage"},"thumbnailUrl":"https:\/\/www.sprachschule-aktiv.ch\/wp-content\/uploads\/2017\/03\/boton-schnelle-anfrage.png","datePublished":"2022-02-06T06:11:06+00:00","dateModified":"2022-02-18T04:48:43+00:00","description":"Alle wichtigen Infos zum Thema Studentenvisum in der Schweiz. Welche Visa gibt es, welche Dokumente werden ben\u00f6tigt, etc.","breadcrumb":{"@id":"https:\/\/www.sprachschule-aktiv.ch\/deutsch-lernen-in-der-schweiz\/deutschkurs-mit-visum-in-der-schweiz\/#breadcrumb"},"inLanguage":"de","potentialAction":[{"@type":"ReadAction","target":["https:\/\/www.sprachschule-aktiv.ch\/deutsch-lernen-in-der-schweiz\/deutschkurs-mit-visum-in-der-schweiz\/"]}]},{"@type":"ImageObject","inLanguage":"de","@id":"https:\/\/www.sprachschule-aktiv.ch\/deutsch-lernen-in-der-schweiz\/deutschkurs-mit-visum-in-der-schweiz\/#primaryimage","url":"https:\/\/www.sprachschule-aktiv.ch\/wp-content\/uploads\/2017\/03\/boton-schnelle-anfrage.png","contentUrl":"https:\/\/www.sprachschule-aktiv.ch\/wp-content\/uploads\/2017\/03\/boton-schnelle-anfrage.png"},{"@type":"BreadcrumbList","@id":"https:\/\/www.sprachschule-aktiv.ch\/deutsch-lernen-in-der-schweiz\/deutschkurs-mit-visum-in-der-schweiz\/#breadcrumb","itemListElement":[{"@type":"ListItem","position":1,"name":"Startseite","item":"https:\/\/www.sprachschule-aktiv.ch\/deutsch-lernen-in-der-schweiz\/"},{"@type":"ListItem","position":2,"name":"Deutschkurs mit Visum in der Schweiz \u2013 Studentenvisum beantragen"}]},{"@type":"WebSite","@id":"https:\/\/www.sprachschule-aktiv.ch\/deutsch-lernen-in-der-schweiz\/#website","url":"https:\/\/www.sprachschule-aktiv.ch\/deutsch-lernen-in-der-schweiz\/","name":"Deutsch lernen in der schweiz","description":"","potentialAction":[{"@type":"SearchAction","target":{"@type":"EntryPoint","urlTemplate":"https:\/\/www.sprachschule-aktiv.ch\/deutsch-lernen-in-der-schweiz\/?s={search_term_string}"},"query-input":{"@type":"PropertyValueSpecification","valueRequired":true,"valueName":"search_term_string"}}],"inLanguage":"de"}]}},"_links":{"self":[{"href":"https:\/\/www.sprachschule-aktiv.ch\/deutsch-lernen-in-der-schweiz\/wp-json\/wp\/v2\/pages\/147","targetHints":{"allow":["GET"]}}],"collection":[{"href":"https:\/\/www.sprachschule-aktiv.ch\/deutsch-lernen-in-der-schweiz\/wp-json\/wp\/v2\/pages"}],"about":[{"href":"https:\/\/www.sprachschule-aktiv.ch\/deutsch-lernen-in-der-schweiz\/wp-json\/wp\/v2\/types\/page"}],"author":[{"embeddable":true,"href":"https:\/\/www.sprachschule-aktiv.ch\/deutsch-lernen-in-der-schweiz\/wp-json\/wp\/v2\/users\/2"}],"replies":[{"embeddable":true,"href":"https:\/\/www.sprachschule-aktiv.ch\/deutsch-lernen-in-der-schweiz\/wp-json\/wp\/v2\/comments?post=147"}],"version-history":[{"count":3,"href":"https:\/\/www.sprachschule-aktiv.ch\/deutsch-lernen-in-der-schweiz\/wp-json\/wp\/v2\/pages\/147\/revisions"}],"predecessor-version":[{"id":182,"href":"https:\/\/www.sprachschule-aktiv.ch\/deutsch-lernen-in-der-schweiz\/wp-json\/wp\/v2\/pages\/147\/revisions\/182"}],"wp:attachment":[{"href":"https:\/\/www.sprachschule-aktiv.ch\/deutsch-lernen-in-der-schweiz\/wp-json\/wp\/v2\/media?parent=147"}],"curies":[{"name":"wp","href":"https:\/\/api.w.org\/{rel}","templated":true}]}}