{"id":142,"date":"2022-02-01T06:28:18","date_gmt":"2022-02-01T05:28:18","guid":{"rendered":"https:\/\/www.sprachschule-aktiv.ch\/deutsch-lernen-in-der-schweiz\/?page_id=142"},"modified":"2022-02-18T05:48:12","modified_gmt":"2022-02-18T04:48:12","slug":"ihr-deutschkurs-in-der-schweiz-starttipps-im-ueberblick","status":"publish","type":"page","link":"https:\/\/www.sprachschule-aktiv.ch\/deutsch-lernen-in-der-schweiz\/ihr-deutschkurs-in-der-schweiz-starttipps-im-ueberblick\/","title":{"rendered":"Ihr Deutschkurs in der Schweiz \u2013 Starttipps im \u00dcberblick"},"content":{"rendered":"<h2>Freuen Sie sich auf Ihren Deutschkurs in der Schweiz \u2013 was Sie wissen sollten<\/h2>\n<p><strong>Ein Abenteuer beginnt! Freuen Sie sich schon auf Ihren Deutschkurs in der Schweiz oder ist Ihnen eher mulmig zumute? Damit die Vorfreude \u00fcberwiegt, finden Sie hier ein paar Tipps im \u00dcberblick, mit denen der Start in der Schweiz garantiert gelingt.<\/strong><\/p>\n<img loading=\"lazy\" decoding=\"async\" class=\"alignnone wp-image-143 size-full\" src=\"https:\/\/www.sprachschule-aktiv.ch\/deutsch-lernen-in-der-schweiz\/wp-content\/uploads\/2022\/02\/ihr-deutschkurs-in-der-schweiz-starttipps-im-ueberblick.jpg\" alt=\"Deutschkurs in der Schweiz \u2013 Starttipps im \u00dcberblick\" width=\"344\" height=\"230\" srcset=\"https:\/\/www.sprachschule-aktiv.ch\/deutsch-lernen-in-der-schweiz\/wp-content\/uploads\/2022\/02\/ihr-deutschkurs-in-der-schweiz-starttipps-im-ueberblick.jpg 344w, https:\/\/www.sprachschule-aktiv.ch\/deutsch-lernen-in-der-schweiz\/wp-content\/uploads\/2022\/02\/ihr-deutschkurs-in-der-schweiz-starttipps-im-ueberblick-300x201.jpg 300w\" sizes=\"auto, (max-width: 344px) 100vw, 344px\" \/>\n<h2>Die Schweiz \u2013 einige Zahlen und Fakten<\/h2>\n<p>Die Schweiz oder auch die Schweizerische Eidgenossenschaft ist ein f\u00f6deralistischer, demokratischer Bundesstaat mit 26 Kantonen.<\/p>\n<p>Sitz der Regierung und des Parlaments ist die Stadt Bern.<\/p>\n<p>In der Schweiz leben 8,6 Millionen Menschen.<\/p>\n<p>Es gibt vier offizielle Amtssprachen: Deutsch, Italienisch, Franz\u00f6sisch und R\u00e4toromanisch.<\/p>\n<p>Die W\u00e4hrung ist der Schweizer Franken.<\/p>\n<a href=\"https:\/\/www.sprachschule-aktiv.ch\/deutsch-lernen-in-der-schweiz\/deutschkurse\/\"><img loading=\"lazy\" decoding=\"async\" class=\"alignnone size-medium wp-image-90\" src=\"https:\/\/www.sprachschule-aktiv.ch\/deutsch-lernen-in-der-schweiz\/wp-content\/uploads\/2022\/01\/deutschkurse-in-der-schweiz-251x300.jpg\" alt=\"Unsere Deutschkurse in der Schweiz\" width=\"251\" height=\"300\" srcset=\"https:\/\/www.sprachschule-aktiv.ch\/deutsch-lernen-in-der-schweiz\/wp-content\/uploads\/2022\/01\/deutschkurse-in-der-schweiz-251x300.jpg 251w, https:\/\/www.sprachschule-aktiv.ch\/deutsch-lernen-in-der-schweiz\/wp-content\/uploads\/2022\/01\/deutschkurse-in-der-schweiz.jpg 300w\" sizes=\"auto, (max-width: 251px) 100vw, 251px\" \/><\/a>\n<h2>Wichtige Telefonnummern f\u00fcr Notf\u00e4lle<\/h2>\n<p>Sollten Sie in eine Situation geraten, in der Sie schnell Hilfe ben\u00f6tigen, k\u00f6nnen Sie diese unter 117 bei der Schweizer Polizei finden. Unter der europ\u00e4ischen Notrufnummer 112 werden Sie automatisch mit der Einsatzzentrale der zust\u00e4ndigen Kantonspolizei verbunden. Die Feuerwehr erreichen Sie unter der 118.<\/p>\n<a href=\"https:\/\/www.sprachschule-aktiv.ch\/deutsch-lernen-in-der-schweiz\/kontakt\/\"><img loading=\"lazy\" decoding=\"async\" class=\"alignnone wp-image-972 size-full\" title=\"Schnelle Anfrage - Deutschkurs Z\u00fcrich\" src=\"https:\/\/www.sprachschule-aktiv.ch\/wp-content\/uploads\/2017\/03\/boton-schnelle-anfrage.png\" alt=\"Schnelle Anfrage - Deutschkurs Z\u00fcrich\" width=\"220\" height=\"65\" \/><\/a>\n<h2>Notdienst von \u00c4rzten und Apotheken<\/h2>\n<p>Ein wichtiges Medikament ist Ihnen ausgerechnet am Wochenende ausgegangen oder Sie ben\u00f6tigen \u00e4rztliche Hilfe? In der Schweiz steht Ihnen ein gutes Netz an Apotheken und \u00c4rzten, die Notdienst haben, zur Verf\u00fcgung. Eine Apotheke in Ihrer N\u00e4he finden Sie unter <a href=\"http:\/\/www.apo24.ch\/de\/misc\/resources\/apotheken-notdienst.html\" target=\"_blank\" rel=\"noopener\">www.apo24.ch\/de\/misc\/resources\/apotheken-notdienst.html<\/a>.<\/p>\n<h2>Wie sp\u00e4t ist es in der Schweiz?<\/h2>\n<p>In der Schweiz gilt UTC + 1 MEZ. Zwischen M\u00e4rz und Oktober betr\u00e4gt der Zeitunterschied 2 Stunden, also UTC + 2 MESZ, denn w\u00e4hrend dieser Monate herrscht in der Schweiz die Sommerzeit.<\/p>\n<p><iframe loading=\"lazy\" title=\"YouTube video player\" src=\"https:\/\/www.youtube.com\/embed\/JOvJI8b4z_E\" width=\"560\" height=\"315\" frameborder=\"0\" allowfullscreen=\"allowfullscreen\"><\/iframe><\/p>\n<h2>Fr\u00fchling, Sommer, Herbst und Winter \u2013 vier Jahreszeiten<\/h2>\n<p>Die Schweiz ist in der gem\u00e4ssigten Klimazone beheimatet, aus diesem Grund gibt es vier ausgepr\u00e4gte Jahreszeiten. Fr\u00fchling, Sommer, Herbst und Winter weisen also deutliche Unterschiede in Bezug auf die Temperatur und die Niederschlagsmenge auf. Aber auch innerhalb der Schweiz unterscheidet sich das Klima deutlich voneinander, je nachdem in welcher Region des Landes man sich befindet. Wenn Sie Ihren Koffer packen, sollten Sie sich auf mehrere Eventualit\u00e4ten vorbereiten. Dies bedeutet f\u00fcr den Winter einen dicken Pullover, eine warme Jacke und Schuhe. Im Sommer k\u00f6nnen Sie neben k\u00fchler Kleidung auch eine Regenjacke und feste Schuhe ben\u00f6tigen.<\/p>\n<h2>In der Schweiz bezahlen<\/h2>\n<p>Die W\u00e4hrung in der Schweiz ist der Schweizer Franken, kurz SF oder CHF. Neben dem Bargeld werden auch Kredit- oder Debitkarten akzeptiert. Kleinere Betr\u00e4ge werden oft noch bar bezahlt.<\/p>\n<p>Bei Kartenzahlung werden in der Regel VisaCard, American Express und MasterCard ohne Probleme angenommen. Sie k\u00f6nnen damit auch an einem ATM Geld abheben, allerdings fallen dann Geb\u00fchren f\u00fcr die Abhebung an.<\/p>\n<p>Ihre eigene W\u00e4hrung k\u00f6nnen Sie bei Banken oder sogenannten \u201eWechselstuben\u201c in Schweizer Franken umtauschen. Sie sollten hierbei jeweils auf den aktuellen Wechselkurs achten. Auch hierbei werden in der Regel Geb\u00fchren erhoben.<\/p>\n<h2>Telefonieren und Surfen in der Schweiz<\/h2>\n<p>Wer innerhalb der Schweiz mit seinem eigenen Mobiltelefon telefonieren oder im Internet surfen m\u00f6chte, muss mit hohen Kosten rechnen, denn die Schweiz ist von den meisten Anbietern in eine h\u00f6here Kategorie eingestuft. Eine g\u00fcnstige Alternative bietet sich mit einer Prepaidkarte, die Sie direkt in der Schweiz f\u00fcr das Schweizer Netz erwerben k\u00f6nnen. Mit 5G ist das Netz in der Schweiz auch sehr gut ausgebaut.<\/p>\n<p>In Hotels, Bahnh\u00f6fen oder am Flughafen finden Sie auch kostenlosen WLAN. Ebenso in einigen Fast-Food-Ketten.<\/p>\n<h2>Wann haben die Gesch\u00e4fte ge\u00f6ffnet?<\/h2>\n<p>Die \u00d6ffnungszeiten in der Schweiz unterliegen kantonalen Regelungen und variieren deutlich voneinander. Allen gemeinsam ist, dass Gesch\u00e4fte in der Regel von Montag bis Samstag ge\u00f6ffnet haben und an den meisten Sonn- und Feiertagen im Jahr geschlossen sind.<\/p>\n<h2>Einkaufen in Superm\u00e4rkten<\/h2>\n<p>In den Superm\u00e4rkten erhalten Sie alles, was Sie zum Leben brauchen. Daneben finden Sie auch kleine Lebensmittelgesch\u00e4fte, Obst- und Gem\u00fcsel\u00e4den, B\u00e4ckereien, Metzgereien oder Feinkostgesch\u00e4fte. An vielen Standorten finden auch regelm\u00e4\u00dfig Wochenm\u00e4rkte statt.<\/p>\n<h2>Der M\u00fcll wird getrennt<\/h2>\n<p>Um aktiv zum Umweltschutz beizutragen, wird in der Schweiz der M\u00fcll getrennt. Neben Papier, Aluminium, Glas, Biom\u00fcll und Restm\u00fcll gibt es auch spezielle Beh\u00e4lter in denen PET-Flaschen entsorgt werden k\u00f6nnen.<\/p>\n<h2>Strom in der Schweiz<\/h2>\n<p>Die Ger\u00e4te in der Schweiz arbeiten normalerweise mit 230 Volt. Ausnahmen sind zum Beispiel Herde, die mit 400 Volt arbeiten.<\/p>\n<h2>Sich in der Schweiz fortbewegen<\/h2>\n<p>Die Schweiz verf\u00fcgt \u00fcber ein extrem gut ausgebautes Schiebennetz. F\u00fcr den Nahverkehr bieten Sie Busse, Strassenbahnen und Stadtbahnen an. Auch das Strassennetz ist gut erschlossen. F\u00fcr eine Fahrt auf die Berge stehen zahlreiche Bergbahnen zur Verf\u00fcgung. Aber auch f\u00fcr den Langsamverkehr ist bestens gesorgt \u2013 das Fahrradwegenetz wird best\u00e4ndig erweitert.<\/p>\n<h2>Studieren und Arbeiten<\/h2>\n<p>M\u00f6chten Sie in der Schweiz neben dem Deutschkurs arbeiten oder danach ein Studium aufnehmen, ben\u00f6tigen Sie ein spezielles Visum sowie eine Aufenthaltsgenehmigung. Erkundigen Sie sich noch vor Ihrer Abreise in einer nahegelegenen schweizerischen Auslandvertretung.<\/p>\n<h2>Rauchen und Alkohol in der Schweiz<\/h2>\n<p>Die Abgabe von Alkohol an Unter-16j\u00e4hrige ist verboten. Bier und Wein d\u00fcrfen an 16j\u00e4hrige ausgeschenkt werden. St\u00e4rkere Spirituosen sind erst ab 18 Jahren erlaubt.<\/p>\n<p>Rauchen ist in der Schweiz erst ab dem 18. Lebensjahr erlaubt. Dar\u00fcber hinaus darf in geschlossenen R\u00e4umen nicht geraucht werden. Darunter fallen auch \u00f6ffentliche Geb\u00e4ude wie Hotels, Theater, Universit\u00e4ten, \u00c4mter und \u00e4hnliches. An Bahnh\u00f6fen oder Flugh\u00e4fen gibt es meist ausgewiesene Raucherzonen. Auch in Restaurants, Bars oder Caf\u00e9s ist das Rauchen verboten.<\/p>\n","protected":false},"excerpt":{"rendered":"<p>Freuen Sie sich auf Ihren Deutschkurs in der Schweiz \u2013 was Sie wissen sollten Ein Abenteuer beginnt! Freuen Sie sich schon auf Ihren Deutschkurs in der Schweiz oder ist Ihnen eher mulmig zumute? Damit die Vorfreude \u00fcberwiegt, finden Sie hier ein paar Tipps im \u00dcberblick, mit denen der Start in der Schweiz garantiert gelingt. Die&hellip; <a class=\"read-more\" href=\"https:\/\/www.sprachschule-aktiv.ch\/deutsch-lernen-in-der-schweiz\/ihr-deutschkurs-in-der-schweiz-starttipps-im-ueberblick\/\" title=\"Read Ihr Deutschkurs in der Schweiz \u2013 Starttipps im \u00dcberblick\">Read more &raquo;<\/a><\/p>\n","protected":false},"author":2,"featured_media":0,"parent":0,"menu_order":0,"comment_status":"closed","ping_status":"closed","template":"","meta":{"footnotes":""},"class_list":["post-142","page","type-page","status-publish","hentry"],"yoast_head":"<!-- This site is optimized with the Yoast SEO plugin v27.1.1 - https:\/\/yoast.com\/product\/yoast-seo-wordpress\/ -->\n<title>Ihr Deutschkurs in der Schweiz \u2013 Starttipps im \u00dcberblick<\/title>\n<meta name=\"description\" content=\"Starttipps f\u00fcr einen gelungenen Kursstart in der Schweiz. N\u00fctzliche Informationen zu vielen Gebieten des t\u00e4glichen Lebens.\" \/>\n<meta name=\"robots\" content=\"index, follow, max-snippet:-1, max-image-preview:large, max-video-preview:-1\" \/>\n<link rel=\"canonical\" href=\"https:\/\/www.sprachschule-aktiv.ch\/deutsch-lernen-in-der-schweiz\/ihr-deutschkurs-in-der-schweiz-starttipps-im-ueberblick\/\" \/>\n<meta property=\"og:locale\" content=\"de_DE\" \/>\n<meta property=\"og:type\" content=\"article\" \/>\n<meta property=\"og:title\" content=\"Ihr Deutschkurs in der Schweiz \u2013 Starttipps im \u00dcberblick\" \/>\n<meta property=\"og:description\" content=\"Starttipps f\u00fcr einen gelungenen Kursstart in der Schweiz. N\u00fctzliche Informationen zu vielen Gebieten des t\u00e4glichen Lebens.\" \/>\n<meta property=\"og:url\" content=\"https:\/\/www.sprachschule-aktiv.ch\/deutsch-lernen-in-der-schweiz\/ihr-deutschkurs-in-der-schweiz-starttipps-im-ueberblick\/\" \/>\n<meta property=\"og:site_name\" content=\"Deutsch lernen in der schweiz\" \/>\n<meta property=\"article:modified_time\" content=\"2022-02-18T04:48:12+00:00\" \/>\n<meta property=\"og:image\" content=\"https:\/\/www.sprachschule-aktiv.ch\/deutsch-lernen-in-der-schweiz\/wp-content\/uploads\/2022\/02\/ihr-deutschkurs-in-der-schweiz-starttipps-im-ueberblick.jpg\" \/>\n<meta name=\"twitter:card\" content=\"summary_large_image\" \/>\n<meta name=\"twitter:label1\" content=\"Gesch\u00e4tzte Lesezeit\" \/>\n\t<meta name=\"twitter:data1\" content=\"5\u00a0Minuten\" \/>\n<script type=\"application\/ld+json\" class=\"yoast-schema-graph\">{\"@context\":\"https:\/\/schema.org\",\"@graph\":[{\"@type\":\"WebPage\",\"@id\":\"https:\/\/www.sprachschule-aktiv.ch\/deutsch-lernen-in-der-schweiz\/ihr-deutschkurs-in-der-schweiz-starttipps-im-ueberblick\/\",\"url\":\"https:\/\/www.sprachschule-aktiv.ch\/deutsch-lernen-in-der-schweiz\/ihr-deutschkurs-in-der-schweiz-starttipps-im-ueberblick\/\",\"name\":\"Ihr Deutschkurs in der Schweiz \u2013 Starttipps im \u00dcberblick\",\"isPartOf\":{\"@id\":\"https:\/\/www.sprachschule-aktiv.ch\/deutsch-lernen-in-der-schweiz\/#website\"},\"primaryImageOfPage\":{\"@id\":\"https:\/\/www.sprachschule-aktiv.ch\/deutsch-lernen-in-der-schweiz\/ihr-deutschkurs-in-der-schweiz-starttipps-im-ueberblick\/#primaryimage\"},\"image\":{\"@id\":\"https:\/\/www.sprachschule-aktiv.ch\/deutsch-lernen-in-der-schweiz\/ihr-deutschkurs-in-der-schweiz-starttipps-im-ueberblick\/#primaryimage\"},\"thumbnailUrl\":\"https:\/\/www.sprachschule-aktiv.ch\/deutsch-lernen-in-der-schweiz\/wp-content\/uploads\/2022\/02\/ihr-deutschkurs-in-der-schweiz-starttipps-im-ueberblick.jpg\",\"datePublished\":\"2022-02-01T05:28:18+00:00\",\"dateModified\":\"2022-02-18T04:48:12+00:00\",\"description\":\"Starttipps f\u00fcr einen gelungenen Kursstart in der Schweiz. N\u00fctzliche Informationen zu vielen Gebieten des t\u00e4glichen Lebens.\",\"breadcrumb\":{\"@id\":\"https:\/\/www.sprachschule-aktiv.ch\/deutsch-lernen-in-der-schweiz\/ihr-deutschkurs-in-der-schweiz-starttipps-im-ueberblick\/#breadcrumb\"},\"inLanguage\":\"de\",\"potentialAction\":[{\"@type\":\"ReadAction\",\"target\":[\"https:\/\/www.sprachschule-aktiv.ch\/deutsch-lernen-in-der-schweiz\/ihr-deutschkurs-in-der-schweiz-starttipps-im-ueberblick\/\"]}]},{\"@type\":\"ImageObject\",\"inLanguage\":\"de\",\"@id\":\"https:\/\/www.sprachschule-aktiv.ch\/deutsch-lernen-in-der-schweiz\/ihr-deutschkurs-in-der-schweiz-starttipps-im-ueberblick\/#primaryimage\",\"url\":\"https:\/\/www.sprachschule-aktiv.ch\/deutsch-lernen-in-der-schweiz\/wp-content\/uploads\/2022\/02\/ihr-deutschkurs-in-der-schweiz-starttipps-im-ueberblick.jpg\",\"contentUrl\":\"https:\/\/www.sprachschule-aktiv.ch\/deutsch-lernen-in-der-schweiz\/wp-content\/uploads\/2022\/02\/ihr-deutschkurs-in-der-schweiz-starttipps-im-ueberblick.jpg\",\"width\":344,\"height\":230,\"caption\":\"Deutschkurs in der Schweiz \u2013 Starttipps im \u00dcberblick\"},{\"@type\":\"BreadcrumbList\",\"@id\":\"https:\/\/www.sprachschule-aktiv.ch\/deutsch-lernen-in-der-schweiz\/ihr-deutschkurs-in-der-schweiz-starttipps-im-ueberblick\/#breadcrumb\",\"itemListElement\":[{\"@type\":\"ListItem\",\"position\":1,\"name\":\"Startseite\",\"item\":\"https:\/\/www.sprachschule-aktiv.ch\/deutsch-lernen-in-der-schweiz\/\"},{\"@type\":\"ListItem\",\"position\":2,\"name\":\"Ihr Deutschkurs in der Schweiz \u2013 Starttipps im \u00dcberblick\"}]},{\"@type\":\"WebSite\",\"@id\":\"https:\/\/www.sprachschule-aktiv.ch\/deutsch-lernen-in-der-schweiz\/#website\",\"url\":\"https:\/\/www.sprachschule-aktiv.ch\/deutsch-lernen-in-der-schweiz\/\",\"name\":\"Deutsch lernen in der schweiz\",\"description\":\"\",\"potentialAction\":[{\"@type\":\"SearchAction\",\"target\":{\"@type\":\"EntryPoint\",\"urlTemplate\":\"https:\/\/www.sprachschule-aktiv.ch\/deutsch-lernen-in-der-schweiz\/?s={search_term_string}\"},\"query-input\":{\"@type\":\"PropertyValueSpecification\",\"valueRequired\":true,\"valueName\":\"search_term_string\"}}],\"inLanguage\":\"de\"}]}<\/script>\n<!-- \/ Yoast SEO plugin. -->","yoast_head_json":{"title":"Ihr Deutschkurs in der Schweiz \u2013 Starttipps im \u00dcberblick","description":"Starttipps f\u00fcr einen gelungenen Kursstart in der Schweiz. N\u00fctzliche Informationen zu vielen Gebieten des t\u00e4glichen Lebens.","robots":{"index":"index","follow":"follow","max-snippet":"max-snippet:-1","max-image-preview":"max-image-preview:large","max-video-preview":"max-video-preview:-1"},"canonical":"https:\/\/www.sprachschule-aktiv.ch\/deutsch-lernen-in-der-schweiz\/ihr-deutschkurs-in-der-schweiz-starttipps-im-ueberblick\/","og_locale":"de_DE","og_type":"article","og_title":"Ihr Deutschkurs in der Schweiz \u2013 Starttipps im \u00dcberblick","og_description":"Starttipps f\u00fcr einen gelungenen Kursstart in der Schweiz. N\u00fctzliche Informationen zu vielen Gebieten des t\u00e4glichen Lebens.","og_url":"https:\/\/www.sprachschule-aktiv.ch\/deutsch-lernen-in-der-schweiz\/ihr-deutschkurs-in-der-schweiz-starttipps-im-ueberblick\/","og_site_name":"Deutsch lernen in der schweiz","article_modified_time":"2022-02-18T04:48:12+00:00","og_image":[{"url":"https:\/\/www.sprachschule-aktiv.ch\/deutsch-lernen-in-der-schweiz\/wp-content\/uploads\/2022\/02\/ihr-deutschkurs-in-der-schweiz-starttipps-im-ueberblick.jpg","type":"","width":"","height":""}],"twitter_card":"summary_large_image","twitter_misc":{"Gesch\u00e4tzte Lesezeit":"5\u00a0Minuten"},"schema":{"@context":"https:\/\/schema.org","@graph":[{"@type":"WebPage","@id":"https:\/\/www.sprachschule-aktiv.ch\/deutsch-lernen-in-der-schweiz\/ihr-deutschkurs-in-der-schweiz-starttipps-im-ueberblick\/","url":"https:\/\/www.sprachschule-aktiv.ch\/deutsch-lernen-in-der-schweiz\/ihr-deutschkurs-in-der-schweiz-starttipps-im-ueberblick\/","name":"Ihr Deutschkurs in der Schweiz \u2013 Starttipps im \u00dcberblick","isPartOf":{"@id":"https:\/\/www.sprachschule-aktiv.ch\/deutsch-lernen-in-der-schweiz\/#website"},"primaryImageOfPage":{"@id":"https:\/\/www.sprachschule-aktiv.ch\/deutsch-lernen-in-der-schweiz\/ihr-deutschkurs-in-der-schweiz-starttipps-im-ueberblick\/#primaryimage"},"image":{"@id":"https:\/\/www.sprachschule-aktiv.ch\/deutsch-lernen-in-der-schweiz\/ihr-deutschkurs-in-der-schweiz-starttipps-im-ueberblick\/#primaryimage"},"thumbnailUrl":"https:\/\/www.sprachschule-aktiv.ch\/deutsch-lernen-in-der-schweiz\/wp-content\/uploads\/2022\/02\/ihr-deutschkurs-in-der-schweiz-starttipps-im-ueberblick.jpg","datePublished":"2022-02-01T05:28:18+00:00","dateModified":"2022-02-18T04:48:12+00:00","description":"Starttipps f\u00fcr einen gelungenen Kursstart in der Schweiz. N\u00fctzliche Informationen zu vielen Gebieten des t\u00e4glichen Lebens.","breadcrumb":{"@id":"https:\/\/www.sprachschule-aktiv.ch\/deutsch-lernen-in-der-schweiz\/ihr-deutschkurs-in-der-schweiz-starttipps-im-ueberblick\/#breadcrumb"},"inLanguage":"de","potentialAction":[{"@type":"ReadAction","target":["https:\/\/www.sprachschule-aktiv.ch\/deutsch-lernen-in-der-schweiz\/ihr-deutschkurs-in-der-schweiz-starttipps-im-ueberblick\/"]}]},{"@type":"ImageObject","inLanguage":"de","@id":"https:\/\/www.sprachschule-aktiv.ch\/deutsch-lernen-in-der-schweiz\/ihr-deutschkurs-in-der-schweiz-starttipps-im-ueberblick\/#primaryimage","url":"https:\/\/www.sprachschule-aktiv.ch\/deutsch-lernen-in-der-schweiz\/wp-content\/uploads\/2022\/02\/ihr-deutschkurs-in-der-schweiz-starttipps-im-ueberblick.jpg","contentUrl":"https:\/\/www.sprachschule-aktiv.ch\/deutsch-lernen-in-der-schweiz\/wp-content\/uploads\/2022\/02\/ihr-deutschkurs-in-der-schweiz-starttipps-im-ueberblick.jpg","width":344,"height":230,"caption":"Deutschkurs in der Schweiz \u2013 Starttipps im \u00dcberblick"},{"@type":"BreadcrumbList","@id":"https:\/\/www.sprachschule-aktiv.ch\/deutsch-lernen-in-der-schweiz\/ihr-deutschkurs-in-der-schweiz-starttipps-im-ueberblick\/#breadcrumb","itemListElement":[{"@type":"ListItem","position":1,"name":"Startseite","item":"https:\/\/www.sprachschule-aktiv.ch\/deutsch-lernen-in-der-schweiz\/"},{"@type":"ListItem","position":2,"name":"Ihr Deutschkurs in der Schweiz \u2013 Starttipps im \u00dcberblick"}]},{"@type":"WebSite","@id":"https:\/\/www.sprachschule-aktiv.ch\/deutsch-lernen-in-der-schweiz\/#website","url":"https:\/\/www.sprachschule-aktiv.ch\/deutsch-lernen-in-der-schweiz\/","name":"Deutsch lernen in der schweiz","description":"","potentialAction":[{"@type":"SearchAction","target":{"@type":"EntryPoint","urlTemplate":"https:\/\/www.sprachschule-aktiv.ch\/deutsch-lernen-in-der-schweiz\/?s={search_term_string}"},"query-input":{"@type":"PropertyValueSpecification","valueRequired":true,"valueName":"search_term_string"}}],"inLanguage":"de"}]}},"_links":{"self":[{"href":"https:\/\/www.sprachschule-aktiv.ch\/deutsch-lernen-in-der-schweiz\/wp-json\/wp\/v2\/pages\/142","targetHints":{"allow":["GET"]}}],"collection":[{"href":"https:\/\/www.sprachschule-aktiv.ch\/deutsch-lernen-in-der-schweiz\/wp-json\/wp\/v2\/pages"}],"about":[{"href":"https:\/\/www.sprachschule-aktiv.ch\/deutsch-lernen-in-der-schweiz\/wp-json\/wp\/v2\/types\/page"}],"author":[{"embeddable":true,"href":"https:\/\/www.sprachschule-aktiv.ch\/deutsch-lernen-in-der-schweiz\/wp-json\/wp\/v2\/users\/2"}],"replies":[{"embeddable":true,"href":"https:\/\/www.sprachschule-aktiv.ch\/deutsch-lernen-in-der-schweiz\/wp-json\/wp\/v2\/comments?post=142"}],"version-history":[{"count":3,"href":"https:\/\/www.sprachschule-aktiv.ch\/deutsch-lernen-in-der-schweiz\/wp-json\/wp\/v2\/pages\/142\/revisions"}],"predecessor-version":[{"id":181,"href":"https:\/\/www.sprachschule-aktiv.ch\/deutsch-lernen-in-der-schweiz\/wp-json\/wp\/v2\/pages\/142\/revisions\/181"}],"wp:attachment":[{"href":"https:\/\/www.sprachschule-aktiv.ch\/deutsch-lernen-in-der-schweiz\/wp-json\/wp\/v2\/media?parent=142"}],"curies":[{"name":"wp","href":"https:\/\/api.w.org\/{rel}","templated":true}]}}