{"id":137,"date":"2022-02-01T06:20:01","date_gmt":"2022-02-01T05:20:01","guid":{"rendered":"https:\/\/www.sprachschule-aktiv.ch\/deutsch-lernen-in-der-schweiz\/?page_id=137"},"modified":"2022-02-18T05:46:04","modified_gmt":"2022-02-18T04:46:04","slug":"erste-wichtige-schritte-nach-der-ankunft-in-der-schweiz","status":"publish","type":"page","link":"https:\/\/www.sprachschule-aktiv.ch\/deutsch-lernen-in-der-schweiz\/erste-wichtige-schritte-nach-der-ankunft-in-der-schweiz\/","title":{"rendered":"7 wichtige Schritte nach der Ankunft in der Schweiz"},"content":{"rendered":"<h2>Checkliste f\u00fcr Studierende und Deutschlerner<\/h2>\n<p>Wer ein Studium in der Schweiz aufnehmen m\u00f6chte und daf\u00fcr extra aus dem Ausland anreist, muss direkt nach der Einreise ein paar wichtige b\u00fcrokratische Formalit\u00e4ten erledigen. So sollte man an die Anmeldung denken, an die Er\u00f6ffnung eines Bankkontos und an den Abschluss einer Krankenversicherung, um nur einige Dinge zu nennen.<\/p>\n<p><strong>Nachfolgend finden Sie weitere wichtige Schritte, die Sie nach der Ankunft in der Schweiz unternehmen m\u00fcssen, um erfolgreich mit dem Studium beginnen zu k\u00f6nnen.<\/strong><\/p>\n<h2>Die Aufenthaltsbewilligung in der Schweiz<\/h2>\n<p>Jeder\u00a0 Studierende, der sich l\u00e4nger als 3 Monate in der Schweiz aufhalten m\u00f6chte, ben\u00f6tigt eine <a href=\"https:\/\/www.sem.admin.ch\/sem\/de\/home\/themen\/aufenthalt.html\" target=\"_blank\" rel=\"noopener\">Aufenthaltsbewilligung <\/a>. Die muss bereits in der ersten Woche des Aufenthaltes beantragt werden und ist dann f\u00fcr ein Jahr g\u00fcltig. Diese Bewilligung wird von dem jeweiligen kantonalen Migrationsamt erteilt.<\/p>\n<h2>Die Er\u00f6ffnung eines Bankkontos in der Schweiz<\/h2>\n<p>Um die Miete oder die Studiengeb\u00fchren zu bezahlen, ist es praktischer \u00fcber ein schweizerisches Bankkonto zu verf\u00fcgen. Auch die Krankenkassenbeitr\u00e4ge werden dar\u00fcber beglichen. Und falls Sie neben dem Studium arbeiten sollten, kann Ihr Lohn darauf \u00fcberwiesen werden. Damit Sie ein Bankkonto er\u00f6ffnen k\u00f6nnen, ben\u00f6tigen Sie die oben erw\u00e4hnte Aufenthaltsbewilligung.<\/p>\n<a href=\"https:\/\/www.sprachschule-aktiv.ch\/deutsch-lernen-in-der-schweiz\/deutschkurse\/\"><img loading=\"lazy\" decoding=\"async\" class=\"alignnone size-medium wp-image-90\" src=\"https:\/\/www.sprachschule-aktiv.ch\/deutsch-lernen-in-der-schweiz\/wp-content\/uploads\/2022\/01\/deutschkurse-in-der-schweiz-251x300.jpg\" alt=\"Unsere Deutschkurse in der Schweiz\" width=\"251\" height=\"300\" srcset=\"https:\/\/www.sprachschule-aktiv.ch\/deutsch-lernen-in-der-schweiz\/wp-content\/uploads\/2022\/01\/deutschkurse-in-der-schweiz-251x300.jpg 251w, https:\/\/www.sprachschule-aktiv.ch\/deutsch-lernen-in-der-schweiz\/wp-content\/uploads\/2022\/01\/deutschkurse-in-der-schweiz.jpg 300w\" sizes=\"auto, (max-width: 251px) 100vw, 251px\" \/><\/a>\n<h2>Den Mietvertrag unterschreiben<\/h2>\n<p>Egal ob Sie eine eigene Wohnung, ein Zimmer in einer Wohngemeinschaft oder im Studentenwohnheim gemietet haben, vergessen Sie nicht Ihren Mietvertrag schnellstm\u00f6glich zu unterschreiben. Denn diesen ben\u00f6tigen Sie wiederum, um andere b\u00fcrokratische Formalit\u00e4ten zu erledigen.<\/p>\n<h2>Die Immatrikulation an Ihrer Hochschule<\/h2>\n<p>Wenn Sie sich an Ihrer Universit\u00e4t immatrikulieren m\u00f6chten, k\u00f6nnen Sie dies im Studentensekretariat tun. Neben Ihrem Personalausweis bzw. Reisepass ben\u00f6tigen Sie den Zulassungsbescheid der Hochschule sowie das Maturazeugnis im Original. Daneben sind weitere Unterlagen erforderlich, die Sie jeweils Ihrer Einladung zu Immatrikulation entnehmen k\u00f6nnen.<\/p>\n<h2>Bei der Einwohnerbeh\u00f6rde anmelden<\/h2>\n<p>Neben der Aufenthaltsbewilligung ist auch die Anmeldung bei der lokalen Einwohnerbeh\u00f6rde notwendig. Diese muss innerhalb der ersten 14 Tage erfolgen. Um sich anzumelden ben\u00f6tigen Sie den Mietvertrag, die Immatrikulationsbescheinigung, ein Passbild und einen Banknachweis. Mit diesem m\u00fcssen Sie belegen, dass Sie \u00fcber gen\u00fcgend finanzielle Mittel verf\u00fcgen, um das Studium in der Schweiz zu finanzieren.<\/p>\n<img loading=\"lazy\" decoding=\"async\" class=\"alignnone wp-image-138 size-medium\" src=\"https:\/\/www.sprachschule-aktiv.ch\/deutsch-lernen-in-der-schweiz\/wp-content\/uploads\/2022\/02\/sieben-wichtige-schritte-nach-der-ankunft-in-der-schweiz-300x246.gif\" alt=\"7 wichtige Schritte nach der Ankunft in der Schweiz\" width=\"300\" height=\"246\" \/>\n<h2>Eine Krankenversicherung abschliessen<\/h2>\n<p>Wenn Sie l\u00e4nger in der Schweiz studieren, ist es gesetzlich vorgeschrieben, eine Krankenversicherung abzuschliessen. Vergessen Sie dies, werden Sie vom Amt versichert, was aber erheblich teurer sein kann, als die Krankenversicherung, die Sie abgeschlossen h\u00e4tten. Besitzen Sie eine Europ\u00e4ische Versicherungskarte, m\u00fcssen Sie sich nicht extra krankenversichern, denn diese Versicherungskarte ist auch in der Schweiz g\u00fcltig.<\/p>\n<h2>Die Einf\u00fchrungsveranstaltungen besuchen<\/h2>\n<p>Bevor das eigentliche Semester beginnt, bieten viele Universit\u00e4ten diverse Einf\u00fchrungsveranstaltungen an. Diese k\u00f6nnen sich bereits konkret auf das jeweilige Studium beziehen oder auch ganz allgemein gehalten sein. Die Teilnahme an diesen Veranstaltungen ist sehr zu empfehlen, da sie einen guten \u00dcberblick \u00fcber das Angebot der Hochschule und \u00fcber die Anforderungen des Studiums geben. Ausserdem bietet sich dadurch bereits die erste Gelegenheit, neue Freunde zu finden.<\/p>\n<p><iframe loading=\"lazy\" title=\"YouTube video player\" src=\"https:\/\/www.youtube.com\/embed\/JOvJI8b4z_E\" width=\"560\" height=\"315\" frameborder=\"0\" allowfullscreen=\"allowfullscreen\"><\/iframe><\/p>\n","protected":false},"excerpt":{"rendered":"<p>Checkliste f\u00fcr Studierende und Deutschlerner Wer ein Studium in der Schweiz aufnehmen m\u00f6chte und daf\u00fcr extra aus dem Ausland anreist, muss direkt nach der Einreise ein paar wichtige b\u00fcrokratische Formalit\u00e4ten erledigen. So sollte man an die Anmeldung denken, an die Er\u00f6ffnung eines Bankkontos und an den Abschluss einer Krankenversicherung, um nur einige Dinge zu nennen.&hellip; <a class=\"read-more\" href=\"https:\/\/www.sprachschule-aktiv.ch\/deutsch-lernen-in-der-schweiz\/erste-wichtige-schritte-nach-der-ankunft-in-der-schweiz\/\" title=\"Read 7 wichtige Schritte nach der Ankunft in der Schweiz\">Read more &raquo;<\/a><\/p>\n","protected":false},"author":2,"featured_media":0,"parent":0,"menu_order":0,"comment_status":"closed","ping_status":"closed","template":"","meta":{"footnotes":""},"class_list":["post-137","page","type-page","status-publish","hentry"],"yoast_head":"<!-- This site is optimized with the Yoast SEO plugin v27.1.1 - https:\/\/yoast.com\/product\/yoast-seo-wordpress\/ -->\n<title>7 wichtige Schritte nach der Ankunft in der Schweiz<\/title>\n<meta name=\"description\" content=\"7 Dinge, an die man nach der Ankunft in der Schweiz denken sollte. B\u00fcrokratische Formalit\u00e4ten, Checkliste f\u00fcr Studierende &amp; Deutschlerner.\" \/>\n<meta name=\"robots\" content=\"index, follow, max-snippet:-1, max-image-preview:large, max-video-preview:-1\" \/>\n<link rel=\"canonical\" href=\"https:\/\/www.sprachschule-aktiv.ch\/deutsch-lernen-in-der-schweiz\/erste-wichtige-schritte-nach-der-ankunft-in-der-schweiz\/\" \/>\n<meta property=\"og:locale\" content=\"de_DE\" \/>\n<meta property=\"og:type\" content=\"article\" \/>\n<meta property=\"og:title\" content=\"7 wichtige Schritte nach der Ankunft in der Schweiz\" \/>\n<meta property=\"og:description\" content=\"7 Dinge, an die man nach der Ankunft in der Schweiz denken sollte. B\u00fcrokratische Formalit\u00e4ten, Checkliste f\u00fcr Studierende &amp; Deutschlerner.\" \/>\n<meta property=\"og:url\" content=\"https:\/\/www.sprachschule-aktiv.ch\/deutsch-lernen-in-der-schweiz\/erste-wichtige-schritte-nach-der-ankunft-in-der-schweiz\/\" \/>\n<meta property=\"og:site_name\" content=\"Deutsch lernen in der schweiz\" \/>\n<meta property=\"article:modified_time\" content=\"2022-02-18T04:46:04+00:00\" \/>\n<meta property=\"og:image\" content=\"https:\/\/www.sprachschule-aktiv.ch\/deutsch-lernen-in-der-schweiz\/wp-content\/uploads\/2022\/01\/deutschkurse-in-der-schweiz-251x300.jpg\" \/>\n<meta name=\"twitter:card\" content=\"summary_large_image\" \/>\n<meta name=\"twitter:label1\" content=\"Gesch\u00e4tzte Lesezeit\" \/>\n\t<meta name=\"twitter:data1\" content=\"2\u00a0Minuten\" \/>\n<script type=\"application\/ld+json\" class=\"yoast-schema-graph\">{\"@context\":\"https:\/\/schema.org\",\"@graph\":[{\"@type\":\"WebPage\",\"@id\":\"https:\/\/www.sprachschule-aktiv.ch\/deutsch-lernen-in-der-schweiz\/erste-wichtige-schritte-nach-der-ankunft-in-der-schweiz\/\",\"url\":\"https:\/\/www.sprachschule-aktiv.ch\/deutsch-lernen-in-der-schweiz\/erste-wichtige-schritte-nach-der-ankunft-in-der-schweiz\/\",\"name\":\"7 wichtige Schritte nach der Ankunft in der Schweiz\",\"isPartOf\":{\"@id\":\"https:\/\/www.sprachschule-aktiv.ch\/deutsch-lernen-in-der-schweiz\/#website\"},\"primaryImageOfPage\":{\"@id\":\"https:\/\/www.sprachschule-aktiv.ch\/deutsch-lernen-in-der-schweiz\/erste-wichtige-schritte-nach-der-ankunft-in-der-schweiz\/#primaryimage\"},\"image\":{\"@id\":\"https:\/\/www.sprachschule-aktiv.ch\/deutsch-lernen-in-der-schweiz\/erste-wichtige-schritte-nach-der-ankunft-in-der-schweiz\/#primaryimage\"},\"thumbnailUrl\":\"https:\/\/www.sprachschule-aktiv.ch\/deutsch-lernen-in-der-schweiz\/wp-content\/uploads\/2022\/01\/deutschkurse-in-der-schweiz-251x300.jpg\",\"datePublished\":\"2022-02-01T05:20:01+00:00\",\"dateModified\":\"2022-02-18T04:46:04+00:00\",\"description\":\"7 Dinge, an die man nach der Ankunft in der Schweiz denken sollte. B\u00fcrokratische Formalit\u00e4ten, Checkliste f\u00fcr Studierende & Deutschlerner.\",\"breadcrumb\":{\"@id\":\"https:\/\/www.sprachschule-aktiv.ch\/deutsch-lernen-in-der-schweiz\/erste-wichtige-schritte-nach-der-ankunft-in-der-schweiz\/#breadcrumb\"},\"inLanguage\":\"de\",\"potentialAction\":[{\"@type\":\"ReadAction\",\"target\":[\"https:\/\/www.sprachschule-aktiv.ch\/deutsch-lernen-in-der-schweiz\/erste-wichtige-schritte-nach-der-ankunft-in-der-schweiz\/\"]}]},{\"@type\":\"ImageObject\",\"inLanguage\":\"de\",\"@id\":\"https:\/\/www.sprachschule-aktiv.ch\/deutsch-lernen-in-der-schweiz\/erste-wichtige-schritte-nach-der-ankunft-in-der-schweiz\/#primaryimage\",\"url\":\"https:\/\/www.sprachschule-aktiv.ch\/deutsch-lernen-in-der-schweiz\/wp-content\/uploads\/2022\/01\/deutschkurse-in-der-schweiz.jpg\",\"contentUrl\":\"https:\/\/www.sprachschule-aktiv.ch\/deutsch-lernen-in-der-schweiz\/wp-content\/uploads\/2022\/01\/deutschkurse-in-der-schweiz.jpg\",\"width\":300,\"height\":358,\"caption\":\"Unsere Deutschkurse in der Schweiz\"},{\"@type\":\"BreadcrumbList\",\"@id\":\"https:\/\/www.sprachschule-aktiv.ch\/deutsch-lernen-in-der-schweiz\/erste-wichtige-schritte-nach-der-ankunft-in-der-schweiz\/#breadcrumb\",\"itemListElement\":[{\"@type\":\"ListItem\",\"position\":1,\"name\":\"Startseite\",\"item\":\"https:\/\/www.sprachschule-aktiv.ch\/deutsch-lernen-in-der-schweiz\/\"},{\"@type\":\"ListItem\",\"position\":2,\"name\":\"7 wichtige Schritte nach der Ankunft in der Schweiz\"}]},{\"@type\":\"WebSite\",\"@id\":\"https:\/\/www.sprachschule-aktiv.ch\/deutsch-lernen-in-der-schweiz\/#website\",\"url\":\"https:\/\/www.sprachschule-aktiv.ch\/deutsch-lernen-in-der-schweiz\/\",\"name\":\"Deutsch lernen in der schweiz\",\"description\":\"\",\"potentialAction\":[{\"@type\":\"SearchAction\",\"target\":{\"@type\":\"EntryPoint\",\"urlTemplate\":\"https:\/\/www.sprachschule-aktiv.ch\/deutsch-lernen-in-der-schweiz\/?s={search_term_string}\"},\"query-input\":{\"@type\":\"PropertyValueSpecification\",\"valueRequired\":true,\"valueName\":\"search_term_string\"}}],\"inLanguage\":\"de\"}]}<\/script>\n<!-- \/ Yoast SEO plugin. -->","yoast_head_json":{"title":"7 wichtige Schritte nach der Ankunft in der Schweiz","description":"7 Dinge, an die man nach der Ankunft in der Schweiz denken sollte. B\u00fcrokratische Formalit\u00e4ten, Checkliste f\u00fcr Studierende & Deutschlerner.","robots":{"index":"index","follow":"follow","max-snippet":"max-snippet:-1","max-image-preview":"max-image-preview:large","max-video-preview":"max-video-preview:-1"},"canonical":"https:\/\/www.sprachschule-aktiv.ch\/deutsch-lernen-in-der-schweiz\/erste-wichtige-schritte-nach-der-ankunft-in-der-schweiz\/","og_locale":"de_DE","og_type":"article","og_title":"7 wichtige Schritte nach der Ankunft in der Schweiz","og_description":"7 Dinge, an die man nach der Ankunft in der Schweiz denken sollte. B\u00fcrokratische Formalit\u00e4ten, Checkliste f\u00fcr Studierende & Deutschlerner.","og_url":"https:\/\/www.sprachschule-aktiv.ch\/deutsch-lernen-in-der-schweiz\/erste-wichtige-schritte-nach-der-ankunft-in-der-schweiz\/","og_site_name":"Deutsch lernen in der schweiz","article_modified_time":"2022-02-18T04:46:04+00:00","og_image":[{"url":"https:\/\/www.sprachschule-aktiv.ch\/deutsch-lernen-in-der-schweiz\/wp-content\/uploads\/2022\/01\/deutschkurse-in-der-schweiz-251x300.jpg","type":"","width":"","height":""}],"twitter_card":"summary_large_image","twitter_misc":{"Gesch\u00e4tzte Lesezeit":"2\u00a0Minuten"},"schema":{"@context":"https:\/\/schema.org","@graph":[{"@type":"WebPage","@id":"https:\/\/www.sprachschule-aktiv.ch\/deutsch-lernen-in-der-schweiz\/erste-wichtige-schritte-nach-der-ankunft-in-der-schweiz\/","url":"https:\/\/www.sprachschule-aktiv.ch\/deutsch-lernen-in-der-schweiz\/erste-wichtige-schritte-nach-der-ankunft-in-der-schweiz\/","name":"7 wichtige Schritte nach der Ankunft in der Schweiz","isPartOf":{"@id":"https:\/\/www.sprachschule-aktiv.ch\/deutsch-lernen-in-der-schweiz\/#website"},"primaryImageOfPage":{"@id":"https:\/\/www.sprachschule-aktiv.ch\/deutsch-lernen-in-der-schweiz\/erste-wichtige-schritte-nach-der-ankunft-in-der-schweiz\/#primaryimage"},"image":{"@id":"https:\/\/www.sprachschule-aktiv.ch\/deutsch-lernen-in-der-schweiz\/erste-wichtige-schritte-nach-der-ankunft-in-der-schweiz\/#primaryimage"},"thumbnailUrl":"https:\/\/www.sprachschule-aktiv.ch\/deutsch-lernen-in-der-schweiz\/wp-content\/uploads\/2022\/01\/deutschkurse-in-der-schweiz-251x300.jpg","datePublished":"2022-02-01T05:20:01+00:00","dateModified":"2022-02-18T04:46:04+00:00","description":"7 Dinge, an die man nach der Ankunft in der Schweiz denken sollte. B\u00fcrokratische Formalit\u00e4ten, Checkliste f\u00fcr Studierende & Deutschlerner.","breadcrumb":{"@id":"https:\/\/www.sprachschule-aktiv.ch\/deutsch-lernen-in-der-schweiz\/erste-wichtige-schritte-nach-der-ankunft-in-der-schweiz\/#breadcrumb"},"inLanguage":"de","potentialAction":[{"@type":"ReadAction","target":["https:\/\/www.sprachschule-aktiv.ch\/deutsch-lernen-in-der-schweiz\/erste-wichtige-schritte-nach-der-ankunft-in-der-schweiz\/"]}]},{"@type":"ImageObject","inLanguage":"de","@id":"https:\/\/www.sprachschule-aktiv.ch\/deutsch-lernen-in-der-schweiz\/erste-wichtige-schritte-nach-der-ankunft-in-der-schweiz\/#primaryimage","url":"https:\/\/www.sprachschule-aktiv.ch\/deutsch-lernen-in-der-schweiz\/wp-content\/uploads\/2022\/01\/deutschkurse-in-der-schweiz.jpg","contentUrl":"https:\/\/www.sprachschule-aktiv.ch\/deutsch-lernen-in-der-schweiz\/wp-content\/uploads\/2022\/01\/deutschkurse-in-der-schweiz.jpg","width":300,"height":358,"caption":"Unsere Deutschkurse in der Schweiz"},{"@type":"BreadcrumbList","@id":"https:\/\/www.sprachschule-aktiv.ch\/deutsch-lernen-in-der-schweiz\/erste-wichtige-schritte-nach-der-ankunft-in-der-schweiz\/#breadcrumb","itemListElement":[{"@type":"ListItem","position":1,"name":"Startseite","item":"https:\/\/www.sprachschule-aktiv.ch\/deutsch-lernen-in-der-schweiz\/"},{"@type":"ListItem","position":2,"name":"7 wichtige Schritte nach der Ankunft in der Schweiz"}]},{"@type":"WebSite","@id":"https:\/\/www.sprachschule-aktiv.ch\/deutsch-lernen-in-der-schweiz\/#website","url":"https:\/\/www.sprachschule-aktiv.ch\/deutsch-lernen-in-der-schweiz\/","name":"Deutsch lernen in der schweiz","description":"","potentialAction":[{"@type":"SearchAction","target":{"@type":"EntryPoint","urlTemplate":"https:\/\/www.sprachschule-aktiv.ch\/deutsch-lernen-in-der-schweiz\/?s={search_term_string}"},"query-input":{"@type":"PropertyValueSpecification","valueRequired":true,"valueName":"search_term_string"}}],"inLanguage":"de"}]}},"_links":{"self":[{"href":"https:\/\/www.sprachschule-aktiv.ch\/deutsch-lernen-in-der-schweiz\/wp-json\/wp\/v2\/pages\/137","targetHints":{"allow":["GET"]}}],"collection":[{"href":"https:\/\/www.sprachschule-aktiv.ch\/deutsch-lernen-in-der-schweiz\/wp-json\/wp\/v2\/pages"}],"about":[{"href":"https:\/\/www.sprachschule-aktiv.ch\/deutsch-lernen-in-der-schweiz\/wp-json\/wp\/v2\/types\/page"}],"author":[{"embeddable":true,"href":"https:\/\/www.sprachschule-aktiv.ch\/deutsch-lernen-in-der-schweiz\/wp-json\/wp\/v2\/users\/2"}],"replies":[{"embeddable":true,"href":"https:\/\/www.sprachschule-aktiv.ch\/deutsch-lernen-in-der-schweiz\/wp-json\/wp\/v2\/comments?post=137"}],"version-history":[{"count":2,"href":"https:\/\/www.sprachschule-aktiv.ch\/deutsch-lernen-in-der-schweiz\/wp-json\/wp\/v2\/pages\/137\/revisions"}],"predecessor-version":[{"id":179,"href":"https:\/\/www.sprachschule-aktiv.ch\/deutsch-lernen-in-der-schweiz\/wp-json\/wp\/v2\/pages\/137\/revisions\/179"}],"wp:attachment":[{"href":"https:\/\/www.sprachschule-aktiv.ch\/deutsch-lernen-in-der-schweiz\/wp-json\/wp\/v2\/media?parent=137"}],"curies":[{"name":"wp","href":"https:\/\/api.w.org\/{rel}","templated":true}]}}