{"id":126,"date":"2022-01-20T06:10:20","date_gmt":"2022-01-20T05:10:20","guid":{"rendered":"https:\/\/www.sprachschule-aktiv.ch\/deutsch-lernen-in-der-schweiz\/?page_id=126"},"modified":"2023-02-03T09:08:48","modified_gmt":"2023-02-03T08:08:48","slug":"deutschkurse","status":"publish","type":"page","link":"https:\/\/www.sprachschule-aktiv.ch\/deutsch-lernen-in-der-schweiz\/deutschkurse\/","title":{"rendered":"Deutschkurse in der Schweiz \u2013 A1, A2, B1, B2, C1, C2"},"content":{"rendered":"<p>[vc_row css=&#8221;.vc_custom_1675410924333{margin-top: 25px !important;}&#8221;][vc_column][vc_column_text]Sie m\u00f6chten in der Schweiz Deutsch lernen und wissen aber nicht, f\u00fcr welchen Sprachkurs Sie sich entscheiden sollen? Wir informieren Sie schweizweit \u00fcber die angebotenen Deutschkurse und helfen Ihnen, schnell den richtigen Sprachkurs f\u00fcr Sie zu finden. <strong>Lernen Sie Deutsch Intensivkurse, Einzelunterricht, Abendkurse, telc Vorbereitungskurse, Onlineunterricht und andere Arten von Deutschkursen kennen<\/strong> und w\u00e4hlen Sie aus dem Angebot dasjenige Kursmodell aus, welches am besten Ihnen und Ihren Anforderungen entspricht. Alle Kurstypen werden von qualifizierten Muttersprachlern unterrichtet und beinhalten einen kostenlosen Einstufungstest sowie eine gratis Probestunde.[\/vc_column_text]\t<div class=\"vc_btn3-container vc_btn3-inline\">\n\t\t<a href=\"https:\/\/www.sprachschule-aktiv.ch\/deutsch-lernen-in-der-schweiz\/kontakt\/\" class=\"pgs_btn pgs_btn_style_1 pgs_btn_xl\">\n\t\t\t<span>\n\t\t\t\tSchnelle Anfrage\t\t\t<\/span>\n\t\t\t\t\t\t<i class=\"fas fa-angle-double-right\"><\/i>\n\t\t\t\t\t<\/a>\n\t<\/div>\n\t[\/vc_column][\/vc_row][vc_row full_width=&#8221;stretch_row&#8221; css=&#8221;.vc_custom_1675410972833{padding-top: 35px !important;padding-bottom: 25px !important;background-color: #f8f8f8 !important;}&#8221;][vc_column][vc_column_text]<\/p>\n<h2>Deutsch lernen in der Schweiz &#8211; Intensiv-, Privat-, Online- und Abendkurse<\/h2>\n<p>[\/vc_column_text][vc_row_inner][vc_column_inner width=&#8221;1\/3&#8243;][vc_single_image image=&#8221;550&#8243; img_size=&#8221;full&#8221; onclick=&#8221;custom_link&#8221; link=&#8221;https:\/\/www.sprachschule-aktiv.ch\/deutsch-lernen-in-der-schweiz\/deutsch-intensivkurse\/&#8221;][vc_column_text css=&#8221;.vc_custom_1675411154503{margin-top: 15px !important;}&#8221;]<\/p>\n<h2>Deutsch Intensivkurs<\/h2>\n<p>Deutsch Intensivkurs in der Schweiz.[\/vc_column_text]\t<div class=\"vc_btn3-container vc_btn3-inline\">\n\t\t<a href=\"https:\/\/www.sprachschule-aktiv.ch\/deutsch-lernen-in-der-schweiz\/deutsch-intensivkurse\/\" class=\"pgs_btn pgs_btn_style_1 pgs_btn_lg\">\n\t\t\t<span>\n\t\t\t\tMehr \u00fcber Deutsch Intensivkurse\t\t\t<\/span>\n\t\t\t\t\t\t<i class=\"fas fa-angle-double-right\"><\/i>\n\t\t\t\t\t<\/a>\n\t<\/div>\n\t[\/vc_column_inner][vc_column_inner width=&#8221;1\/3&#8243;][vc_single_image image=&#8221;729&#8243; img_size=&#8221;full&#8221; onclick=&#8221;custom_link&#8221; link=&#8221;https:\/\/www.sprachschule-aktiv.ch\/deutsch-lernen-in-der-schweiz\/deutschkurse-online-a1-a2-b1-b2-c1-c2\/&#8221;][vc_column_text css=&#8221;.vc_custom_1675411121238{margin-top: 15px !important;}&#8221;]<\/p>\n<h2>Deutschkurse Online<\/h2>\n<p>Deutschkurse Online \u2013 A1, A2, B1, B2, C1, C2.[\/vc_column_text]\t<div class=\"vc_btn3-container vc_btn3-inline\">\n\t\t<a href=\"https:\/\/www.sprachschule-aktiv.ch\/deutsch-lernen-in-der-schweiz\/deutschkurse-online-a1-a2-b1-b2-c1-c2\/\" class=\"pgs_btn pgs_btn_style_1 pgs_btn_lg\">\n\t\t\t<span>\n\t\t\t\tMehr \u00fcber Deutschkurse Online\t\t\t<\/span>\n\t\t\t\t\t\t<i class=\"fas fa-angle-double-right\"><\/i>\n\t\t\t\t\t<\/a>\n\t<\/div>\n\t[\/vc_column_inner][vc_column_inner width=&#8221;1\/3&#8243;][vc_single_image image=&#8221;730&#8243; img_size=&#8221;full&#8221; onclick=&#8221;custom_link&#8221; link=&#8221;https:\/\/www.sprachschule-aktiv.ch\/deutsch-lernen-in-der-schweiz\/deutsch-privatunterricht\/&#8221;][vc_column_text css=&#8221;.vc_custom_1675411532850{margin-top: 15px !important;}&#8221;]<\/p>\n<h2>Deutsch Privatunterricht<\/h2>\n<p>Deutsch Privatunterricht in der Schweiz.[\/vc_column_text]\t<div class=\"vc_btn3-container vc_btn3-inline\">\n\t\t<a href=\"https:\/\/www.sprachschule-aktiv.ch\/deutsch-lernen-in-der-schweiz\/deutsch-privatunterricht\/\" class=\"pgs_btn pgs_btn_style_1 pgs_btn_lg\">\n\t\t\t<span>\n\t\t\t\tMehr \u00fcber Privatunterricht\t\t\t<\/span>\n\t\t\t\t\t\t<i class=\"fas fa-angle-double-right\"><\/i>\n\t\t\t\t\t<\/a>\n\t<\/div>\n\t[\/vc_column_inner][\/vc_row_inner][vc_row_inner][vc_column_inner width=&#8221;1\/3&#8243;][vc_single_image image=&#8221;421&#8243; img_size=&#8221;full&#8221; onclick=&#8221;custom_link&#8221; link=&#8221;https:\/\/www.sprachschule-aktiv.ch\/deutsch-lernen-in-der-schweiz\/deutsch-abendkurse\/&#8221;][vc_column_text css=&#8221;.vc_custom_1675411625892{margin-top: 15px !important;}&#8221;]<\/p>\n<h2>Deutsch Abendkurse<\/h2>\n<p>Deutsch Abendkurse in der Schweiz.[\/vc_column_text]\t<div class=\"vc_btn3-container vc_btn3-inline\">\n\t\t<a href=\"https:\/\/www.sprachschule-aktiv.ch\/deutsch-lernen-in-der-schweiz\/deutsch-abendkurse\/\" class=\"pgs_btn pgs_btn_style_1 pgs_btn_lg\">\n\t\t\t<span>\n\t\t\t\tMehr \u00fcber Deutsch Abendkurse\t\t\t<\/span>\n\t\t\t\t\t\t<i class=\"fas fa-angle-double-right\"><\/i>\n\t\t\t\t\t<\/a>\n\t<\/div>\n\t[\/vc_column_inner][vc_column_inner width=&#8221;1\/3&#8243;][\/vc_column_inner][vc_column_inner width=&#8221;1\/3&#8243;][\/vc_column_inner][\/vc_row_inner][\/vc_column][\/vc_row][vc_row css=&#8221;.vc_custom_1675411674625{padding-top: 35px !important;}&#8221;][vc_column][vc_column_text]<\/p>\n<h2>Deutsch lernen, ohne vorher lange zu suchen<\/h2>\n<p><strong>Sie wollen Deutsch lernen, m\u00f6chten aber vorher nicht tagelang nach dem passenden Kurs suchen m\u00fcssen?<\/strong> Wir unterst\u00fctzen Sie dabei, die Angebote miteinander zu vergleichen und den richtigen Deutschkurs zu finden. So gelingt m\u00fchelos der Schritt vom Plan zur Umsetzung und Sie k\u00f6nnen motiviert mit dem Lernen starten. \u00dcbrigens, alle Sprachkurse, die wir Ihnen anbieten, verf\u00fcgen \u00fcber ein gutes Preis-Leistungs-Verh\u00e4ltnis.<\/p>\n<img loading=\"lazy\" decoding=\"async\" class=\"alignnone wp-image-128 size-large\" src=\"https:\/\/www.sprachschule-aktiv.ch\/deutsch-lernen-in-der-schweiz\/wp-content\/uploads\/2022\/01\/deutschkurse-in-der-schweiz-1024x512.png\" alt=\"Deutschkurse in der Schweiz \u2013 schnell den richtigen Deutschkurs finden\" width=\"1024\" height=\"512\" srcset=\"https:\/\/www.sprachschule-aktiv.ch\/deutsch-lernen-in-der-schweiz\/wp-content\/uploads\/2022\/01\/deutschkurse-in-der-schweiz-1024x512.png 1024w, https:\/\/www.sprachschule-aktiv.ch\/deutsch-lernen-in-der-schweiz\/wp-content\/uploads\/2022\/01\/deutschkurse-in-der-schweiz-300x150.png 300w, https:\/\/www.sprachschule-aktiv.ch\/deutsch-lernen-in-der-schweiz\/wp-content\/uploads\/2022\/01\/deutschkurse-in-der-schweiz-768x384.png 768w, https:\/\/www.sprachschule-aktiv.ch\/deutsch-lernen-in-der-schweiz\/wp-content\/uploads\/2022\/01\/deutschkurse-in-der-schweiz.png 1160w\" sizes=\"auto, (max-width: 1024px) 100vw, 1024px\" \/>\n<h2>Wir informieren Sie auch \u00fcber Preise und Bewertungen<\/h2>\n<p>Sie finden hier bei uns nicht nur eine \u00dcbersicht \u00fcber die angebotenen Deutschkurse und eine Beschreibung der verschiedenen Niveaustufen, wir informieren Sie dar\u00fcber hinaus auch \u00fcber die Preise der jeweiligen Kurse sowie \u00fcber bereits bestehende Bewertungen. Dadurch k\u00f6nnen Sie sich rasch einen \u00dcberblick \u00fcber das Angebot auf diesem Gebiet verschaffen und gewinnen einen ersten Eindruck von den einzelnen Kursmodellen.<\/p>\n<h2>Einfach und schnell zum richtigen Deutschkurs<\/h2>\n<p>Lernen \u2013 ja bitte, Stress \u2013 nein danke! Nach diesem Motto bieten wir Ihnen die M\u00f6glichkeit, sich entspannt \u00fcber das gesamte Angebot an Deutschkursen zu informieren und die Preise miteinander zu vergleichen, Damit Sie einfach und schnell zu dem f\u00fcr Sie passenden Kurs gelangen und mit dem Lernen beginnen, k\u00f6nnen Sie direkt von unserer Webseite aus Ihren Wunschkurs buchen.<\/p>\n<h2>Was bedeuten die Niveaustufen A1, A2, B1, B2, C1 und C2?<\/h2>\n<p>Wenn Sie in die Programme der verschiedenen Sprachschulen schauen, stossen Sie immer auf die K\u00fcrzel A1, A2, B1, B2, C1 und C2. Doch was bedeutet das?<\/p>\n<p>Die einzelnen Buchstaben weisen auf die Sprachniveaustufe hin. Der Gemeinsame Europ\u00e4ische Referenzrahmen f\u00fcr Sprachen hat alle Sprachen jeweils in die Sprachniveaus A, B und C unterteilt und festgelegt, was auf den einzelnen Niveaus unterrichtet wird. Dadurch wird die Qualit\u00e4t des Sprachunterrichts gew\u00e4hrleistet und zus\u00e4tzlich f\u00fcr eine Kontinuit\u00e4t im Lernprozess gesorgt.<\/p>\n<p>Beginnen Sie mit einer Sprache neu, sollten Sie sich f\u00fcr einen Kurs auf der Niveaustufe A entscheiden, denn diese richtet sich an Anf\u00e4nger ohne und mit geringen Vorkenntnissen. Fortgeschrittene Lerner w\u00e4hlen einen Kurs auf dem Level B, um ihre Kenntnisse zu verbessern. Wer bereits muttersprachliche Fertigkeiten erhalten will, trifft mit einem Kurs auf dem Niveau C eine gute Wahl.<\/p>\n<p>Sind Sie sich nicht sicher, auf welchem Sprachniveau sich Ihre Deutschkenntnisse aktuell befinden, machen Sie doch einfach unseren <a href=\"https:\/\/www.sprachschule-aktiv.ch\/deutsch-lernen-in-der-schweiz\/deutsch-einstufungstest\/\">kostenlosen Deutsch Online-Einstufungstest.<br \/>\n<iframe loading=\"lazy\" title=\"YouTube video player\" src=\"https:\/\/www.youtube.com\/embed\/JOvJI8b4z_E\" width=\"560\" height=\"315\" frameborder=\"0\" allowfullscreen=\"allowfullscreen\"><\/iframe><\/a><\/p>\n<h2>Sprachkurse Deutsch mit muttersprachlichen Kursleitern<\/h2>\n<p><strong>Alle Deutschkurse, die wir Ihnen anbieten, werden von muttersprachlichen Lehrkr\u00e4ften geleitet,<\/strong> um Ihnen dadurch von Beginn an ein sprachliches Vorbild zur Orientierung zu bieten. Zus\u00e4tzlich zu ihrer fachlichen Ausbildung verf\u00fcgen die Kursleiter \u00fcber eine p\u00e4dagogische Qualifikation. So erfolgt der Unterricht mit modernen didaktischen Methoden, die Ihnen dabei helfen, motiviert und mit Spa\u00df zu lernen.<\/p>\n<h2>Lernen Sie Ihren Deutschkurs bei einer Probestunde kennen<\/h2>\n<p>Durch eine Probestunde bietet sich Ihnen die M\u00f6glichkeit, Ihren gew\u00e4hlten Kurs kennenzulernen. Sie treffen Ihren Kursleiter und k\u00f6nnen noch einmal \u00fcberpr\u00fcfen, ob Sie sich f\u00fcr das richtige Sprachniveau entschieden haben. M\u00f6chten Sie nach dieser Stunde den Kurs wechseln, stellt die \u00fcberhaupt kein Problem dar. Wollen Sie Ihren Deutschkurs nicht fortsetzen, erhalten Sie Ihre bereits bezahlten Kursgeb\u00fchren umgehend zur\u00fcck.<\/p>\n<h2>Ein \u00dcberblick \u00fcber die angebotenen Kursmodelle<\/h2>\n<p>Bei der Wahl Ihres Deutschkurses sollten Sie sich von Ihrer Zielsetzung und der Zeit, die Sie f\u00fcr den Kurs aufbringen m\u00f6chten, leiten lassen.<\/p>\n<h2>Intensivkurse f\u00fcr einen schnellen Lernfortschritt<\/h2>\n<p>Intensivkurse finden an 5 Tagen pro Woche statt und dauern 4 Wochen. In dieser Zeit erzielen Sie rasch Fortschritte, von denen Sie auch l\u00e4ngerfristig profitieren. Neben dem Training der Vokabeln und der Grammatik haben die Lehrkr\u00e4fte auch immer Zeit und Spass daran, Ihnen etwas \u00fcber den Alltag und die Kultur des Landes zu erz\u00e4hlen.<\/p>\n<h2>Fundierte Kenntnisse in Gruppenkursen<\/h2>\n<p>An einem Gruppenkurs nehmen Sie ein bis zwei Mal pro Woche f\u00fcr jeweils 90 Minuten teil. Der Unterricht findet abends statt, sodass sich dieser Kurstyp auch f\u00fcr Berufst\u00e4tige oder Studenten gut eignet. In kleinen Gruppen wird mit modernen Methoden unterrichtet, aus diesem Grund hat jeder Teilnehmer die M\u00f6glichkeit, solide Kenntnisse zu erlangen.<\/p>\n<h2>Individuelle Betreuung in einem Privatkurs<\/h2>\n<p>In einem Privatkurs haben Sie die Gelegenheit, ganz gezielt Themen zu wiederholen oder zu vertiefen. Denn neben der Kursdauer und den Unterrichtsterminen legen Sie auch gemeinsam mit Ihrem Lehrer die Inhalte fest, die unterrichtet werden sollen. So lernen Sie konkret, was Sie ben\u00f6tigen und nutzen effektiv die Kurszeit.<\/p>\n<h2>Besser qualifizierte Mitarbeiter dank eines Firmenkurses<\/h2>\n<p>Bei einem Firmenkurs wird der Unterricht speziell auf die Bed\u00fcrfnisse des jeweiligen Unternehmens zugeschnitten. Die Mitarbeiter werden gezielt anhand von Situationen geschult, die ihnen im Arbeitsalltag st\u00e4ndig begegnen. Vor allem der Praxisbezug steht hier im Vordergrund. Um den Firmenkurs reibungslos in den Tagesablauf des Unternehmens zu integrieren, kommen die Lehrkr\u00e4fte f\u00fcr den Unterricht in die Firma.[\/vc_column_text][\/vc_column][\/vc_row]<\/p>\n","protected":false},"excerpt":{"rendered":"<p>[vc_row css=&#8221;.vc_custom_1675410924333{margin-top: 25px !important;}&#8221;][vc_column][vc_column_text]Sie m\u00f6chten in der Schweiz Deutsch lernen und wissen aber nicht, f\u00fcr welchen Sprachkurs Sie sich entscheiden sollen? Wir informieren Sie schweizweit \u00fcber die angebotenen Deutschkurse und helfen Ihnen, schnell den richtigen Sprachkurs f\u00fcr Sie zu finden. Lernen Sie Deutsch Intensivkurse, Einzelunterricht, Abendkurse, telc Vorbereitungskurse, Onlineunterricht und andere Arten von Deutschkursen kennen&hellip; <a class=\"read-more\" href=\"https:\/\/www.sprachschule-aktiv.ch\/deutsch-lernen-in-der-schweiz\/deutschkurse\/\" title=\"Read Deutschkurse in der Schweiz \u2013 A1, A2, B1, B2, C1, C2\">Read more &raquo;<\/a><\/p>\n","protected":false},"author":2,"featured_media":0,"parent":0,"menu_order":0,"comment_status":"closed","ping_status":"closed","template":"","meta":{"footnotes":""},"class_list":["post-126","page","type-page","status-publish","hentry"],"yoast_head":"<!-- This site is optimized with the Yoast SEO plugin v27.1.1 - https:\/\/yoast.com\/product\/yoast-seo-wordpress\/ -->\n<title>Deutschkurse in der Schweiz - A1 A2 B1 B2 C1 C2<\/title>\n<meta name=\"description\" content=\"Deutschkurse in der Schweiz f\u00fcr Anf\u00e4nger &amp; Fortgeschrittene. G\u00fcnstig Deutsch lernen mit gratis Probestunde. Privat-, Intensiv-, Abendkurse.\" \/>\n<meta name=\"robots\" content=\"index, follow, max-snippet:-1, max-image-preview:large, max-video-preview:-1\" \/>\n<link rel=\"canonical\" href=\"https:\/\/www.sprachschule-aktiv.ch\/deutsch-lernen-in-der-schweiz\/deutschkurse\/\" \/>\n<meta property=\"og:locale\" content=\"de_DE\" \/>\n<meta property=\"og:type\" content=\"article\" \/>\n<meta property=\"og:title\" content=\"Deutschkurse in der Schweiz - A1 A2 B1 B2 C1 C2\" \/>\n<meta property=\"og:description\" content=\"Deutschkurse in der Schweiz f\u00fcr Anf\u00e4nger &amp; Fortgeschrittene. G\u00fcnstig Deutsch lernen mit gratis Probestunde. Privat-, Intensiv-, Abendkurse.\" \/>\n<meta property=\"og:url\" content=\"https:\/\/www.sprachschule-aktiv.ch\/deutsch-lernen-in-der-schweiz\/deutschkurse\/\" \/>\n<meta property=\"og:site_name\" content=\"Deutsch lernen in der schweiz\" \/>\n<meta property=\"article:modified_time\" content=\"2023-02-03T08:08:48+00:00\" \/>\n<meta property=\"og:image\" content=\"https:\/\/www.sprachschule-aktiv.ch\/deutsch-lernen-in-der-schweiz\/wp-content\/uploads\/2022\/01\/deutschkurse-in-der-schweiz-1024x512.png\" \/>\n<meta name=\"twitter:card\" content=\"summary_large_image\" \/>\n<meta name=\"twitter:label1\" content=\"Gesch\u00e4tzte Lesezeit\" \/>\n\t<meta name=\"twitter:data1\" content=\"6\u00a0Minuten\" \/>\n<script type=\"application\/ld+json\" class=\"yoast-schema-graph\">{\"@context\":\"https:\/\/schema.org\",\"@graph\":[{\"@type\":\"WebPage\",\"@id\":\"https:\/\/www.sprachschule-aktiv.ch\/deutsch-lernen-in-der-schweiz\/deutschkurse\/\",\"url\":\"https:\/\/www.sprachschule-aktiv.ch\/deutsch-lernen-in-der-schweiz\/deutschkurse\/\",\"name\":\"Deutschkurse in der Schweiz - A1 A2 B1 B2 C1 C2\",\"isPartOf\":{\"@id\":\"https:\/\/www.sprachschule-aktiv.ch\/deutsch-lernen-in-der-schweiz\/#website\"},\"primaryImageOfPage\":{\"@id\":\"https:\/\/www.sprachschule-aktiv.ch\/deutsch-lernen-in-der-schweiz\/deutschkurse\/#primaryimage\"},\"image\":{\"@id\":\"https:\/\/www.sprachschule-aktiv.ch\/deutsch-lernen-in-der-schweiz\/deutschkurse\/#primaryimage\"},\"thumbnailUrl\":\"https:\/\/www.sprachschule-aktiv.ch\/deutsch-lernen-in-der-schweiz\/wp-content\/uploads\/2022\/01\/deutschkurse-in-der-schweiz-1024x512.png\",\"datePublished\":\"2022-01-20T05:10:20+00:00\",\"dateModified\":\"2023-02-03T08:08:48+00:00\",\"description\":\"Deutschkurse in der Schweiz f\u00fcr Anf\u00e4nger & Fortgeschrittene. G\u00fcnstig Deutsch lernen mit gratis Probestunde. Privat-, Intensiv-, Abendkurse.\",\"breadcrumb\":{\"@id\":\"https:\/\/www.sprachschule-aktiv.ch\/deutsch-lernen-in-der-schweiz\/deutschkurse\/#breadcrumb\"},\"inLanguage\":\"de\",\"potentialAction\":[{\"@type\":\"ReadAction\",\"target\":[\"https:\/\/www.sprachschule-aktiv.ch\/deutsch-lernen-in-der-schweiz\/deutschkurse\/\"]}]},{\"@type\":\"ImageObject\",\"inLanguage\":\"de\",\"@id\":\"https:\/\/www.sprachschule-aktiv.ch\/deutsch-lernen-in-der-schweiz\/deutschkurse\/#primaryimage\",\"url\":\"https:\/\/www.sprachschule-aktiv.ch\/deutsch-lernen-in-der-schweiz\/wp-content\/uploads\/2022\/01\/deutschkurse-in-der-schweiz.png\",\"contentUrl\":\"https:\/\/www.sprachschule-aktiv.ch\/deutsch-lernen-in-der-schweiz\/wp-content\/uploads\/2022\/01\/deutschkurse-in-der-schweiz.png\",\"width\":1160,\"height\":580,\"caption\":\"Deutschkurse in der Schweiz \u2013 schnell den richtigen Deutschkurs finden\"},{\"@type\":\"BreadcrumbList\",\"@id\":\"https:\/\/www.sprachschule-aktiv.ch\/deutsch-lernen-in-der-schweiz\/deutschkurse\/#breadcrumb\",\"itemListElement\":[{\"@type\":\"ListItem\",\"position\":1,\"name\":\"Startseite\",\"item\":\"https:\/\/www.sprachschule-aktiv.ch\/deutsch-lernen-in-der-schweiz\/\"},{\"@type\":\"ListItem\",\"position\":2,\"name\":\"Deutschkurse in der Schweiz \u2013 A1, A2, B1, B2, C1, C2\"}]},{\"@type\":\"WebSite\",\"@id\":\"https:\/\/www.sprachschule-aktiv.ch\/deutsch-lernen-in-der-schweiz\/#website\",\"url\":\"https:\/\/www.sprachschule-aktiv.ch\/deutsch-lernen-in-der-schweiz\/\",\"name\":\"Deutsch lernen in der schweiz\",\"description\":\"\",\"potentialAction\":[{\"@type\":\"SearchAction\",\"target\":{\"@type\":\"EntryPoint\",\"urlTemplate\":\"https:\/\/www.sprachschule-aktiv.ch\/deutsch-lernen-in-der-schweiz\/?s={search_term_string}\"},\"query-input\":{\"@type\":\"PropertyValueSpecification\",\"valueRequired\":true,\"valueName\":\"search_term_string\"}}],\"inLanguage\":\"de\"}]}<\/script>\n<!-- \/ Yoast SEO plugin. -->","yoast_head_json":{"title":"Deutschkurse in der Schweiz - A1 A2 B1 B2 C1 C2","description":"Deutschkurse in der Schweiz f\u00fcr Anf\u00e4nger & Fortgeschrittene. G\u00fcnstig Deutsch lernen mit gratis Probestunde. Privat-, Intensiv-, Abendkurse.","robots":{"index":"index","follow":"follow","max-snippet":"max-snippet:-1","max-image-preview":"max-image-preview:large","max-video-preview":"max-video-preview:-1"},"canonical":"https:\/\/www.sprachschule-aktiv.ch\/deutsch-lernen-in-der-schweiz\/deutschkurse\/","og_locale":"de_DE","og_type":"article","og_title":"Deutschkurse in der Schweiz - A1 A2 B1 B2 C1 C2","og_description":"Deutschkurse in der Schweiz f\u00fcr Anf\u00e4nger & Fortgeschrittene. G\u00fcnstig Deutsch lernen mit gratis Probestunde. Privat-, Intensiv-, Abendkurse.","og_url":"https:\/\/www.sprachschule-aktiv.ch\/deutsch-lernen-in-der-schweiz\/deutschkurse\/","og_site_name":"Deutsch lernen in der schweiz","article_modified_time":"2023-02-03T08:08:48+00:00","og_image":[{"url":"https:\/\/www.sprachschule-aktiv.ch\/deutsch-lernen-in-der-schweiz\/wp-content\/uploads\/2022\/01\/deutschkurse-in-der-schweiz-1024x512.png","type":"","width":"","height":""}],"twitter_card":"summary_large_image","twitter_misc":{"Gesch\u00e4tzte Lesezeit":"6\u00a0Minuten"},"schema":{"@context":"https:\/\/schema.org","@graph":[{"@type":"WebPage","@id":"https:\/\/www.sprachschule-aktiv.ch\/deutsch-lernen-in-der-schweiz\/deutschkurse\/","url":"https:\/\/www.sprachschule-aktiv.ch\/deutsch-lernen-in-der-schweiz\/deutschkurse\/","name":"Deutschkurse in der Schweiz - A1 A2 B1 B2 C1 C2","isPartOf":{"@id":"https:\/\/www.sprachschule-aktiv.ch\/deutsch-lernen-in-der-schweiz\/#website"},"primaryImageOfPage":{"@id":"https:\/\/www.sprachschule-aktiv.ch\/deutsch-lernen-in-der-schweiz\/deutschkurse\/#primaryimage"},"image":{"@id":"https:\/\/www.sprachschule-aktiv.ch\/deutsch-lernen-in-der-schweiz\/deutschkurse\/#primaryimage"},"thumbnailUrl":"https:\/\/www.sprachschule-aktiv.ch\/deutsch-lernen-in-der-schweiz\/wp-content\/uploads\/2022\/01\/deutschkurse-in-der-schweiz-1024x512.png","datePublished":"2022-01-20T05:10:20+00:00","dateModified":"2023-02-03T08:08:48+00:00","description":"Deutschkurse in der Schweiz f\u00fcr Anf\u00e4nger & Fortgeschrittene. G\u00fcnstig Deutsch lernen mit gratis Probestunde. Privat-, Intensiv-, Abendkurse.","breadcrumb":{"@id":"https:\/\/www.sprachschule-aktiv.ch\/deutsch-lernen-in-der-schweiz\/deutschkurse\/#breadcrumb"},"inLanguage":"de","potentialAction":[{"@type":"ReadAction","target":["https:\/\/www.sprachschule-aktiv.ch\/deutsch-lernen-in-der-schweiz\/deutschkurse\/"]}]},{"@type":"ImageObject","inLanguage":"de","@id":"https:\/\/www.sprachschule-aktiv.ch\/deutsch-lernen-in-der-schweiz\/deutschkurse\/#primaryimage","url":"https:\/\/www.sprachschule-aktiv.ch\/deutsch-lernen-in-der-schweiz\/wp-content\/uploads\/2022\/01\/deutschkurse-in-der-schweiz.png","contentUrl":"https:\/\/www.sprachschule-aktiv.ch\/deutsch-lernen-in-der-schweiz\/wp-content\/uploads\/2022\/01\/deutschkurse-in-der-schweiz.png","width":1160,"height":580,"caption":"Deutschkurse in der Schweiz \u2013 schnell den richtigen Deutschkurs finden"},{"@type":"BreadcrumbList","@id":"https:\/\/www.sprachschule-aktiv.ch\/deutsch-lernen-in-der-schweiz\/deutschkurse\/#breadcrumb","itemListElement":[{"@type":"ListItem","position":1,"name":"Startseite","item":"https:\/\/www.sprachschule-aktiv.ch\/deutsch-lernen-in-der-schweiz\/"},{"@type":"ListItem","position":2,"name":"Deutschkurse in der Schweiz \u2013 A1, A2, B1, B2, C1, C2"}]},{"@type":"WebSite","@id":"https:\/\/www.sprachschule-aktiv.ch\/deutsch-lernen-in-der-schweiz\/#website","url":"https:\/\/www.sprachschule-aktiv.ch\/deutsch-lernen-in-der-schweiz\/","name":"Deutsch lernen in der schweiz","description":"","potentialAction":[{"@type":"SearchAction","target":{"@type":"EntryPoint","urlTemplate":"https:\/\/www.sprachschule-aktiv.ch\/deutsch-lernen-in-der-schweiz\/?s={search_term_string}"},"query-input":{"@type":"PropertyValueSpecification","valueRequired":true,"valueName":"search_term_string"}}],"inLanguage":"de"}]}},"_links":{"self":[{"href":"https:\/\/www.sprachschule-aktiv.ch\/deutsch-lernen-in-der-schweiz\/wp-json\/wp\/v2\/pages\/126","targetHints":{"allow":["GET"]}}],"collection":[{"href":"https:\/\/www.sprachschule-aktiv.ch\/deutsch-lernen-in-der-schweiz\/wp-json\/wp\/v2\/pages"}],"about":[{"href":"https:\/\/www.sprachschule-aktiv.ch\/deutsch-lernen-in-der-schweiz\/wp-json\/wp\/v2\/types\/page"}],"author":[{"embeddable":true,"href":"https:\/\/www.sprachschule-aktiv.ch\/deutsch-lernen-in-der-schweiz\/wp-json\/wp\/v2\/users\/2"}],"replies":[{"embeddable":true,"href":"https:\/\/www.sprachschule-aktiv.ch\/deutsch-lernen-in-der-schweiz\/wp-json\/wp\/v2\/comments?post=126"}],"version-history":[{"count":8,"href":"https:\/\/www.sprachschule-aktiv.ch\/deutsch-lernen-in-der-schweiz\/wp-json\/wp\/v2\/pages\/126\/revisions"}],"predecessor-version":[{"id":731,"href":"https:\/\/www.sprachschule-aktiv.ch\/deutsch-lernen-in-der-schweiz\/wp-json\/wp\/v2\/pages\/126\/revisions\/731"}],"wp:attachment":[{"href":"https:\/\/www.sprachschule-aktiv.ch\/deutsch-lernen-in-der-schweiz\/wp-json\/wp\/v2\/media?parent=126"}],"curies":[{"name":"wp","href":"https:\/\/api.w.org\/{rel}","templated":true}]}}