{"id":113,"date":"2022-01-15T07:43:02","date_gmt":"2022-01-15T06:43:02","guid":{"rendered":"https:\/\/www.sprachschule-aktiv.ch\/deutsch-lernen-in-der-schweiz\/?page_id=113"},"modified":"2022-02-18T05:45:36","modified_gmt":"2022-02-18T04:45:36","slug":"gut-deutsch-lernen-wie-geht-das","status":"publish","type":"page","link":"https:\/\/www.sprachschule-aktiv.ch\/deutsch-lernen-in-der-schweiz\/gut-deutsch-lernen-wie-geht-das\/","title":{"rendered":"Gut Deutsch lernen \u2013 wie geht das?"},"content":{"rendered":"<p><strong>Wer heute gut Deutsch lernen m\u00f6chte, dem stehen viele Wege daf\u00fcr offen<\/strong>. Neben den M\u00f6glichkeiten, eine Fremdsprache in der Schule zu erlernen oder einfach in ein Land zu fahren, in dem die Sprache gesprochen wird, und dann dort aus diese aus Alltagssituationen heraus zu verstehen, kann man auch auf computergest\u00fctzte Angebote und Sprachinstitute zur\u00fcckgreifen. Welche der Optionen die richtige ist, h\u00e4ngt ganz individuell vom Lerner selbst ab. W\u00e4hrend f\u00fcr die einen das Lernen online oder mit einer App eine komfortable L\u00f6sung darstellt, bevorzugen andere den Pr\u00e4senzunterricht mit einem erfahrenen Lehrer als Ansprechpartner sowie das soziale Gef\u00fcge einer Gruppe.<\/p>\n<p>Allen Varianten ist aber gemein, dass der Lerner bereit ist, Zeit f\u00fcr das Lernen einer Sprache aufzuwenden. Aber auch der Einsatz des Gelernten in der Praxis ist wichtig, um die neu erworbenen Kenntnisse zu festigen. Das Meistern von sprachlichen Herausforderungen, wie zum Beispiel Gespr\u00e4chen, gibt nicht nur Selbstvertrauen in die eigenen F\u00e4higkeiten, sondern macht auch Spass.<\/p>\n<img loading=\"lazy\" decoding=\"async\" class=\"alignnone size-medium wp-image-114\" src=\"https:\/\/www.sprachschule-aktiv.ch\/deutsch-lernen-in-der-schweiz\/wp-content\/uploads\/2022\/01\/gut-deutsch-lernen-300x201.jpg\" alt=\"Gut Deutsch lernen \u2013 wie geht das?\" width=\"300\" height=\"201\" srcset=\"https:\/\/www.sprachschule-aktiv.ch\/deutsch-lernen-in-der-schweiz\/wp-content\/uploads\/2022\/01\/gut-deutsch-lernen-300x201.jpg 300w, https:\/\/www.sprachschule-aktiv.ch\/deutsch-lernen-in-der-schweiz\/wp-content\/uploads\/2022\/01\/gut-deutsch-lernen.jpg 344w\" sizes=\"auto, (max-width: 300px) 100vw, 300px\" \/>\n<h2>Deutsch lernen an einer Sprachschule<\/h2>\n<p><strong>Deutsch an einer Sprachschule zu lernen, bietet den gro\u00dfen Vorteil, dass man es mit Spezialisten zu tun hat.<\/strong> Die Lehrer an einem solchen Institut sind geschult, Sprachkenntnisse zu vermitteln und wissen, wie sie den Unterricht ansprechend und effektiv gestalten. Neben p\u00e4dagogischen Fertigkeiten steht ihnen meist auch ein gro\u00dfer Erfahrungsschatz zur Verf\u00fcgung, um die Lerner bestm\u00f6glich beim Spracherwerb zu unterst\u00fctzen. Ausserdem bieten Sprachschulen meist verschiedene Kursmodelle an. <strong>Vom Privatunterricht bis hin zum Intensivkurs ist somit f\u00fcr jeden das Passende dabei.<\/strong><\/p>\n<a href=\"https:\/\/www.sprachschule-aktiv.ch\/deutsch-lernen-in-der-schweiz\/kontakt\/\"><img loading=\"lazy\" decoding=\"async\" class=\"alignnone wp-image-972 size-full\" title=\"Schnelle Anfrage - Deutschkurs Z\u00fcrich\" src=\"https:\/\/www.sprachschule-aktiv.ch\/wp-content\/uploads\/2017\/03\/boton-schnelle-anfrage.png\" alt=\"Schnelle Anfrage - Deutschkurs Z\u00fcrich\" width=\"220\" height=\"65\" \/><\/a>\n<p>Neben dem Besuch einer Sprachschule kann aber jeder Lerner selbst auch im privaten Bereich einiges tun, um seine Deutschkenntnisse zu verbessern. Zun\u00e4chst einmal sollten Sie versuchen, Ihre Gespr\u00e4che haupts\u00e4chlich auf Deutsch zu f\u00fchren und nur selten in Ihre Muttersprache oder eine andere gemeinsame Sprache auszuweichen. Das Umstellen der Sprache Ihres Smartphones oder Ihres Computers auf Deutsch ist eine weitere M\u00f6glichkeit, mehr \u00dcbung zu erhalten. Und warum veranstalten Sie mit Freunden nicht mal einen gem\u00fctlichen Fernsehabend, bei dem alle Lieblingsfilme geschaut werden \u2013 aber auf Deutsch!<\/p>\n<h2>Was beinhalten die Sprachniveaus A1 bis C2?<\/h2>\n<p>Die Sprachniveaus A1, A2, B1, B2, C1 und C2 sind im gemeinsamen europ\u00e4ischen Referenzrahmen definiert. Sie beschreiben, welche Fertigkeiten auf welchem Niveau vermittelt werden und die der Lerner dann haben sollte. Der Vorteil dieses Systems ist, dass Sie als Deutschlerner auch an verschiedenen Sprachschulen Kurse besuchen und dennoch kontinuierlich weiterlernen k\u00f6nnen.<\/p>\n<p>Die Niveaustufe A richtet sich an Anf\u00e4nger ohne und mit Vorkenntnissen und versetzt den Lerner in die Lage, \u00fcber seine Person zu sprechen und Alltagssituationen wie zum Beispiel Eink\u00e4ufe erledigen zu meistern.<\/p>\n<p>Auf dem Niveau B lernen Sie, problemlos \u00fcber Themen wie Arbeit, Schule oder Hobbys zu sprechen. Auch das Verstehen komplexerer Texte oder Gespr\u00e4che \u00fcber Ihr Spezialgebiet stellen kein Problem mehr dar.<\/p>\n<p>Die Stufe C f\u00fchrt den Lerner zu fast muttersprachlichen Kenntnissen hin. L\u00e4ngere und komplexe Texte werden bis ins Detail verstanden. Gespr\u00e4che, auch mit Muttersprachlern, werden fl\u00fcssig gef\u00fchrt, ohne dass nach W\u00f6rtern gesucht werden muss.<\/p>\n<p>Sie k\u00f6nnen nach jeder Niveaustufe eine Pr\u00fcfung ablegen und so Ihren Wissensstand dokumentieren, denn nach einem bestandenen Test erhalten Sie ein Zertifikat, auf dem Ihr erreichtes Sprachniveau vermerkt ist. Dieses Zertifikat k\u00f6nnen Sie dann unter anderem Ihren Bewerbungsunterlagen beif\u00fcgen.<br \/>\n<iframe loading=\"lazy\" title=\"YouTube video player\" src=\"https:\/\/www.youtube.com\/embed\/JOvJI8b4z_E\" width=\"560\" height=\"315\" frameborder=\"0\" allowfullscreen=\"allowfullscreen\"><\/iframe><\/p>\n<h2>Der schnellste Weg, Deutsch zu lernen<\/h2>\n<p>Sie m\u00f6chten Deutsch schnell und dennoch effektiv lernen? Auch auf diese Anforderung sind Sprachschulen in der Regel gut vorbereitet und haben Privatunterrichte, Online- oder Intensivkurse mit mehreren Stunden Unterricht pro Tag im Angebot.<\/p>\n<p><strong>Bei einem Privatkurs<\/strong> legen Sie Ort, Zeit und Dauer des Unterrichts selbst fest. Ausserdem entscheiden Sie welche Inhalte vermittelt werden sollen. Ein Privatunterricht ist ideal, wenn Sie einzelne Themen und Schwerpunkte wiederholen oder vertiefen m\u00f6chten oder wenn Sie sich zwischen zwei Sprachniveaustufen befinden.<\/p>\n<p><strong>Ein Intensivkurs<\/strong> hilft Ihnen in k\u00fcrzester Zeit von einer Niveaustufe auf die n\u00e4chste zu gelangen. Der Unterricht in Kleingruppen schafft eine angenehme Lernatmosph\u00e4re, was der raschen Wissensaufnahme hilft. Denn wer sich wohl f\u00fchlt, lernt gut.<\/p>\n<p>Allen Kursmodellen ist gemeinsam, dass qualifizierte Lehrkr\u00e4fte den Unterricht ansprechend und auf die Bed\u00fcrfnisse der Lerner abgestimmt gestalten.<\/p>\n<a href=\"https:\/\/www.sprachschule-aktiv.ch\/deutsch-lernen-in-der-schweiz\/deutschkurse\/\"><img loading=\"lazy\" decoding=\"async\" class=\"alignnone size-medium wp-image-90\" src=\"https:\/\/www.sprachschule-aktiv.ch\/deutsch-lernen-in-der-schweiz\/wp-content\/uploads\/2022\/01\/deutschkurse-in-der-schweiz-251x300.jpg\" alt=\"Unsere Deutschkurse in der Schweiz\" width=\"251\" height=\"300\" srcset=\"https:\/\/www.sprachschule-aktiv.ch\/deutsch-lernen-in-der-schweiz\/wp-content\/uploads\/2022\/01\/deutschkurse-in-der-schweiz-251x300.jpg 251w, https:\/\/www.sprachschule-aktiv.ch\/deutsch-lernen-in-der-schweiz\/wp-content\/uploads\/2022\/01\/deutschkurse-in-der-schweiz.jpg 300w\" sizes=\"auto, (max-width: 251px) 100vw, 251px\" \/><\/a>\n<h2>Kennen Sie schon die Sprachschule Aktiv?<\/h2>\n<p>Neben einigen anderen Sprachschulen z\u00e4hlt die Sprachschule Aktiv zu den besten ihrer Art in der Schweiz.<strong> Diese finden Sie an ausgew\u00e4hlten Standorten wie <a href=\"https:\/\/www.sprachschule-aktiv.ch\/\" target=\"_blank\" rel=\"noopener\">Z\u00fcrich<\/a>, <a href=\"https:\/\/www.sprachschule-aktiv-basel.ch\/\" target=\"_blank\" rel=\"noopener\">Basel<\/a> und <a href=\"https:\/\/sprachschule-aktiv-winterthur.ch\/\" target=\"_blank\" rel=\"noopener\">Winterthur<\/a>.<\/strong><\/p>\n<p>An der Sprachschule Aktiv finden Sie Kurse f\u00fcr Deutsch und zahlreiche weitere Sprachen. Um diese zu erlernen, k\u00f6nnen Sie zwischen verschiedenen Kursmodellen wie Abend-, Intensiv- oder Privatkursen w\u00e4hlen. Ihre Wahl sollten Sie davon abh\u00e4ngig machen, wieviel Zeit Sie in das Erlernen der Sprache investieren m\u00f6chten.<\/p>\n<p>Neben einem breiten Kursangebot legt die Sprachschule Aktiv auch besonderen Wert auf qualifizierte Lehrkr\u00e4fte. In der Regel verf\u00fcgen diese nicht nur \u00fcber fachliche Kenntnisse, sondern auch \u00fcber p\u00e4dagogische Fertigkeiten. So wird sichergestellt, dass der Unterricht mit modernsten didaktischen Methoden erfolgt.<\/p>\n<p>Weitere Pluspunkte sind der <a href=\"https:\/\/www.sprachschule-aktiv.ch\/deutsch-lernen-in-der-schweiz\/deutsch-einstufungstest\/\">kostenlose Einstufungstest<\/a> und eine Probestunde. Unser Test hilft Ihnen dabei, die f\u00fcr Sie passende Niveaustufe herauszufinden. Wenn Sie sich f\u00fcr einen Kurs entschieden haben, ist die erste Unterrichtsstunde eine Probestunde. Bei dieser haben Sie die M\u00f6glichkeit, Ihren Lehrer und das Konzept kennenzulernen. Zus\u00e4tzlich k\u00f6nnen Sie \u00fcberpr\u00fcfen, ob die Niveaustufe passt und ob das Kursmodell Ihren Vorstellungen entspricht.<\/p>\n<p>Zahlreiche Mitarbeiter stehen Ihnen bei Fragen und Problemen jederzeit gerne zur Verf\u00fcgung.<\/p>\n<a href=\"https:\/\/www.sprachschule-aktiv.ch\/deutsch-lernen-in-der-schweiz\/kontakt\/\"><img loading=\"lazy\" decoding=\"async\" class=\"alignnone wp-image-972 size-full\" title=\"Schnelle Anfrage - Deutschkurs Z\u00fcrich\" src=\"https:\/\/www.sprachschule-aktiv.ch\/wp-content\/uploads\/2017\/03\/boton-schnelle-anfrage.png\" alt=\"Schnelle Anfrage - Deutschkurs Z\u00fcrich\" width=\"220\" height=\"65\" \/><\/a>\n","protected":false},"excerpt":{"rendered":"<p>Wer heute gut Deutsch lernen m\u00f6chte, dem stehen viele Wege daf\u00fcr offen. Neben den M\u00f6glichkeiten, eine Fremdsprache in der Schule zu erlernen oder einfach in ein Land zu fahren, in dem die Sprache gesprochen wird, und dann dort aus diese aus Alltagssituationen heraus zu verstehen, kann man auch auf computergest\u00fctzte Angebote und Sprachinstitute zur\u00fcckgreifen. Welche&hellip; <a class=\"read-more\" href=\"https:\/\/www.sprachschule-aktiv.ch\/deutsch-lernen-in-der-schweiz\/gut-deutsch-lernen-wie-geht-das\/\" title=\"Read Gut Deutsch lernen \u2013 wie geht das?\">Read more &raquo;<\/a><\/p>\n","protected":false},"author":2,"featured_media":0,"parent":0,"menu_order":0,"comment_status":"closed","ping_status":"closed","template":"","meta":{"footnotes":""},"class_list":["post-113","page","type-page","status-publish","hentry"],"yoast_head":"<!-- This site is optimized with the Yoast SEO plugin v27.1.1 - https:\/\/yoast.com\/product\/yoast-seo-wordpress\/ -->\n<title>Gut Deutsch lernen \u2013 wie geht das?<\/title>\n<meta name=\"description\" content=\"Hilfreiche Tipps &amp; Informationen zum Thema \u201eDeutsch lernen\u201c. Welche Angebote gibt es &amp; worauf sollte man achten? Kurze \u00dcbersicht!\" \/>\n<meta name=\"robots\" content=\"index, follow, max-snippet:-1, max-image-preview:large, max-video-preview:-1\" \/>\n<link rel=\"canonical\" href=\"https:\/\/www.sprachschule-aktiv.ch\/deutsch-lernen-in-der-schweiz\/gut-deutsch-lernen-wie-geht-das\/\" \/>\n<meta property=\"og:locale\" content=\"de_DE\" \/>\n<meta property=\"og:type\" content=\"article\" \/>\n<meta property=\"og:title\" content=\"Gut Deutsch lernen \u2013 wie geht das?\" \/>\n<meta property=\"og:description\" content=\"Hilfreiche Tipps &amp; Informationen zum Thema \u201eDeutsch lernen\u201c. Welche Angebote gibt es &amp; worauf sollte man achten? Kurze \u00dcbersicht!\" \/>\n<meta property=\"og:url\" content=\"https:\/\/www.sprachschule-aktiv.ch\/deutsch-lernen-in-der-schweiz\/gut-deutsch-lernen-wie-geht-das\/\" \/>\n<meta property=\"og:site_name\" content=\"Deutsch lernen in der schweiz\" \/>\n<meta property=\"article:modified_time\" content=\"2022-02-18T04:45:36+00:00\" \/>\n<meta property=\"og:image\" content=\"https:\/\/www.sprachschule-aktiv.ch\/deutsch-lernen-in-der-schweiz\/wp-content\/uploads\/2022\/01\/gut-deutsch-lernen-300x201.jpg\" \/>\n<meta name=\"twitter:card\" content=\"summary_large_image\" \/>\n<meta name=\"twitter:label1\" content=\"Gesch\u00e4tzte Lesezeit\" \/>\n\t<meta name=\"twitter:data1\" content=\"5\u00a0Minuten\" \/>\n<script type=\"application\/ld+json\" class=\"yoast-schema-graph\">{\"@context\":\"https:\/\/schema.org\",\"@graph\":[{\"@type\":\"WebPage\",\"@id\":\"https:\/\/www.sprachschule-aktiv.ch\/deutsch-lernen-in-der-schweiz\/gut-deutsch-lernen-wie-geht-das\/\",\"url\":\"https:\/\/www.sprachschule-aktiv.ch\/deutsch-lernen-in-der-schweiz\/gut-deutsch-lernen-wie-geht-das\/\",\"name\":\"Gut Deutsch lernen \u2013 wie geht das?\",\"isPartOf\":{\"@id\":\"https:\/\/www.sprachschule-aktiv.ch\/deutsch-lernen-in-der-schweiz\/#website\"},\"primaryImageOfPage\":{\"@id\":\"https:\/\/www.sprachschule-aktiv.ch\/deutsch-lernen-in-der-schweiz\/gut-deutsch-lernen-wie-geht-das\/#primaryimage\"},\"image\":{\"@id\":\"https:\/\/www.sprachschule-aktiv.ch\/deutsch-lernen-in-der-schweiz\/gut-deutsch-lernen-wie-geht-das\/#primaryimage\"},\"thumbnailUrl\":\"https:\/\/www.sprachschule-aktiv.ch\/deutsch-lernen-in-der-schweiz\/wp-content\/uploads\/2022\/01\/gut-deutsch-lernen-300x201.jpg\",\"datePublished\":\"2022-01-15T06:43:02+00:00\",\"dateModified\":\"2022-02-18T04:45:36+00:00\",\"description\":\"Hilfreiche Tipps & Informationen zum Thema \u201eDeutsch lernen\u201c. Welche Angebote gibt es & worauf sollte man achten? Kurze \u00dcbersicht!\",\"breadcrumb\":{\"@id\":\"https:\/\/www.sprachschule-aktiv.ch\/deutsch-lernen-in-der-schweiz\/gut-deutsch-lernen-wie-geht-das\/#breadcrumb\"},\"inLanguage\":\"de\",\"potentialAction\":[{\"@type\":\"ReadAction\",\"target\":[\"https:\/\/www.sprachschule-aktiv.ch\/deutsch-lernen-in-der-schweiz\/gut-deutsch-lernen-wie-geht-das\/\"]}]},{\"@type\":\"ImageObject\",\"inLanguage\":\"de\",\"@id\":\"https:\/\/www.sprachschule-aktiv.ch\/deutsch-lernen-in-der-schweiz\/gut-deutsch-lernen-wie-geht-das\/#primaryimage\",\"url\":\"https:\/\/www.sprachschule-aktiv.ch\/deutsch-lernen-in-der-schweiz\/wp-content\/uploads\/2022\/01\/gut-deutsch-lernen.jpg\",\"contentUrl\":\"https:\/\/www.sprachschule-aktiv.ch\/deutsch-lernen-in-der-schweiz\/wp-content\/uploads\/2022\/01\/gut-deutsch-lernen.jpg\",\"width\":344,\"height\":230,\"caption\":\"Gut Deutsch lernen \u2013 wie geht das?\"},{\"@type\":\"BreadcrumbList\",\"@id\":\"https:\/\/www.sprachschule-aktiv.ch\/deutsch-lernen-in-der-schweiz\/gut-deutsch-lernen-wie-geht-das\/#breadcrumb\",\"itemListElement\":[{\"@type\":\"ListItem\",\"position\":1,\"name\":\"Startseite\",\"item\":\"https:\/\/www.sprachschule-aktiv.ch\/deutsch-lernen-in-der-schweiz\/\"},{\"@type\":\"ListItem\",\"position\":2,\"name\":\"Gut Deutsch lernen \u2013 wie geht das?\"}]},{\"@type\":\"WebSite\",\"@id\":\"https:\/\/www.sprachschule-aktiv.ch\/deutsch-lernen-in-der-schweiz\/#website\",\"url\":\"https:\/\/www.sprachschule-aktiv.ch\/deutsch-lernen-in-der-schweiz\/\",\"name\":\"Deutsch lernen in der schweiz\",\"description\":\"\",\"potentialAction\":[{\"@type\":\"SearchAction\",\"target\":{\"@type\":\"EntryPoint\",\"urlTemplate\":\"https:\/\/www.sprachschule-aktiv.ch\/deutsch-lernen-in-der-schweiz\/?s={search_term_string}\"},\"query-input\":{\"@type\":\"PropertyValueSpecification\",\"valueRequired\":true,\"valueName\":\"search_term_string\"}}],\"inLanguage\":\"de\"}]}<\/script>\n<!-- \/ Yoast SEO plugin. -->","yoast_head_json":{"title":"Gut Deutsch lernen \u2013 wie geht das?","description":"Hilfreiche Tipps & Informationen zum Thema \u201eDeutsch lernen\u201c. Welche Angebote gibt es & worauf sollte man achten? Kurze \u00dcbersicht!","robots":{"index":"index","follow":"follow","max-snippet":"max-snippet:-1","max-image-preview":"max-image-preview:large","max-video-preview":"max-video-preview:-1"},"canonical":"https:\/\/www.sprachschule-aktiv.ch\/deutsch-lernen-in-der-schweiz\/gut-deutsch-lernen-wie-geht-das\/","og_locale":"de_DE","og_type":"article","og_title":"Gut Deutsch lernen \u2013 wie geht das?","og_description":"Hilfreiche Tipps & Informationen zum Thema \u201eDeutsch lernen\u201c. Welche Angebote gibt es & worauf sollte man achten? Kurze \u00dcbersicht!","og_url":"https:\/\/www.sprachschule-aktiv.ch\/deutsch-lernen-in-der-schweiz\/gut-deutsch-lernen-wie-geht-das\/","og_site_name":"Deutsch lernen in der schweiz","article_modified_time":"2022-02-18T04:45:36+00:00","og_image":[{"url":"https:\/\/www.sprachschule-aktiv.ch\/deutsch-lernen-in-der-schweiz\/wp-content\/uploads\/2022\/01\/gut-deutsch-lernen-300x201.jpg","type":"","width":"","height":""}],"twitter_card":"summary_large_image","twitter_misc":{"Gesch\u00e4tzte Lesezeit":"5\u00a0Minuten"},"schema":{"@context":"https:\/\/schema.org","@graph":[{"@type":"WebPage","@id":"https:\/\/www.sprachschule-aktiv.ch\/deutsch-lernen-in-der-schweiz\/gut-deutsch-lernen-wie-geht-das\/","url":"https:\/\/www.sprachschule-aktiv.ch\/deutsch-lernen-in-der-schweiz\/gut-deutsch-lernen-wie-geht-das\/","name":"Gut Deutsch lernen \u2013 wie geht das?","isPartOf":{"@id":"https:\/\/www.sprachschule-aktiv.ch\/deutsch-lernen-in-der-schweiz\/#website"},"primaryImageOfPage":{"@id":"https:\/\/www.sprachschule-aktiv.ch\/deutsch-lernen-in-der-schweiz\/gut-deutsch-lernen-wie-geht-das\/#primaryimage"},"image":{"@id":"https:\/\/www.sprachschule-aktiv.ch\/deutsch-lernen-in-der-schweiz\/gut-deutsch-lernen-wie-geht-das\/#primaryimage"},"thumbnailUrl":"https:\/\/www.sprachschule-aktiv.ch\/deutsch-lernen-in-der-schweiz\/wp-content\/uploads\/2022\/01\/gut-deutsch-lernen-300x201.jpg","datePublished":"2022-01-15T06:43:02+00:00","dateModified":"2022-02-18T04:45:36+00:00","description":"Hilfreiche Tipps & Informationen zum Thema \u201eDeutsch lernen\u201c. Welche Angebote gibt es & worauf sollte man achten? Kurze \u00dcbersicht!","breadcrumb":{"@id":"https:\/\/www.sprachschule-aktiv.ch\/deutsch-lernen-in-der-schweiz\/gut-deutsch-lernen-wie-geht-das\/#breadcrumb"},"inLanguage":"de","potentialAction":[{"@type":"ReadAction","target":["https:\/\/www.sprachschule-aktiv.ch\/deutsch-lernen-in-der-schweiz\/gut-deutsch-lernen-wie-geht-das\/"]}]},{"@type":"ImageObject","inLanguage":"de","@id":"https:\/\/www.sprachschule-aktiv.ch\/deutsch-lernen-in-der-schweiz\/gut-deutsch-lernen-wie-geht-das\/#primaryimage","url":"https:\/\/www.sprachschule-aktiv.ch\/deutsch-lernen-in-der-schweiz\/wp-content\/uploads\/2022\/01\/gut-deutsch-lernen.jpg","contentUrl":"https:\/\/www.sprachschule-aktiv.ch\/deutsch-lernen-in-der-schweiz\/wp-content\/uploads\/2022\/01\/gut-deutsch-lernen.jpg","width":344,"height":230,"caption":"Gut Deutsch lernen \u2013 wie geht das?"},{"@type":"BreadcrumbList","@id":"https:\/\/www.sprachschule-aktiv.ch\/deutsch-lernen-in-der-schweiz\/gut-deutsch-lernen-wie-geht-das\/#breadcrumb","itemListElement":[{"@type":"ListItem","position":1,"name":"Startseite","item":"https:\/\/www.sprachschule-aktiv.ch\/deutsch-lernen-in-der-schweiz\/"},{"@type":"ListItem","position":2,"name":"Gut Deutsch lernen \u2013 wie geht das?"}]},{"@type":"WebSite","@id":"https:\/\/www.sprachschule-aktiv.ch\/deutsch-lernen-in-der-schweiz\/#website","url":"https:\/\/www.sprachschule-aktiv.ch\/deutsch-lernen-in-der-schweiz\/","name":"Deutsch lernen in der schweiz","description":"","potentialAction":[{"@type":"SearchAction","target":{"@type":"EntryPoint","urlTemplate":"https:\/\/www.sprachschule-aktiv.ch\/deutsch-lernen-in-der-schweiz\/?s={search_term_string}"},"query-input":{"@type":"PropertyValueSpecification","valueRequired":true,"valueName":"search_term_string"}}],"inLanguage":"de"}]}},"_links":{"self":[{"href":"https:\/\/www.sprachschule-aktiv.ch\/deutsch-lernen-in-der-schweiz\/wp-json\/wp\/v2\/pages\/113","targetHints":{"allow":["GET"]}}],"collection":[{"href":"https:\/\/www.sprachschule-aktiv.ch\/deutsch-lernen-in-der-schweiz\/wp-json\/wp\/v2\/pages"}],"about":[{"href":"https:\/\/www.sprachschule-aktiv.ch\/deutsch-lernen-in-der-schweiz\/wp-json\/wp\/v2\/types\/page"}],"author":[{"embeddable":true,"href":"https:\/\/www.sprachschule-aktiv.ch\/deutsch-lernen-in-der-schweiz\/wp-json\/wp\/v2\/users\/2"}],"replies":[{"embeddable":true,"href":"https:\/\/www.sprachschule-aktiv.ch\/deutsch-lernen-in-der-schweiz\/wp-json\/wp\/v2\/comments?post=113"}],"version-history":[{"count":2,"href":"https:\/\/www.sprachschule-aktiv.ch\/deutsch-lernen-in-der-schweiz\/wp-json\/wp\/v2\/pages\/113\/revisions"}],"predecessor-version":[{"id":178,"href":"https:\/\/www.sprachschule-aktiv.ch\/deutsch-lernen-in-der-schweiz\/wp-json\/wp\/v2\/pages\/113\/revisions\/178"}],"wp:attachment":[{"href":"https:\/\/www.sprachschule-aktiv.ch\/deutsch-lernen-in-der-schweiz\/wp-json\/wp\/v2\/media?parent=113"}],"curies":[{"name":"wp","href":"https:\/\/api.w.org\/{rel}","templated":true}]}}